{"id":1020,"date":"2026-01-20T10:41:09","date_gmt":"2026-01-20T10:41:09","guid":{"rendered":"https:\/\/latpartika.lv\/?page_id=1020"},"modified":"2026-01-20T11:02:21","modified_gmt":"2026-01-20T11:02:21","slug":"privacy-policy","status":"publish","type":"page","link":"https:\/\/latpartika.lv\/en\/privatuma-politika","title":{"rendered":"Privacy Policy"},"content":{"rendered":"<div data-elementor-type=\"wp-page\" data-elementor-id=\"1020\" class=\"elementor elementor-1020\" data-elementor-post-type=\"page\">\n\t\t\t\t<div class=\"elementor-element elementor-element-675c89f e-flex e-con-boxed e-con e-parent\" data-id=\"675c89f\" data-element_type=\"container\">\n\t\t\t\t\t<div class=\"e-con-inner\">\n\t\t\t\t<div class=\"elementor-element elementor-element-595614d elementor-widget elementor-widget-text-editor\" data-id=\"595614d\" data-element_type=\"widget\" data-widget_type=\"text-editor.default\">\n\t\t\t\t<div class=\"elementor-widget-container\">\n\t\t\t\t\t\t\t\t\t<h4>1. Introduction<\/h4><p>SIA \u201cLatvijas P\u0101rtikas ra\u017eot\u0101js\u201d, reg.No 40103325950, address: 6 St\u016brai\u0146u Street, Rumbula, Stopi\u0146u Coun., LV-2119 (hereinafter - the Controller), on the website www.latpartika.lv (hereinafter - the Site), processes personal data obtained from the data subject - the Site user (hereinafter - the User).The Controller takes care of the User's privacy and personal data protection, respects the User's right to lawful personal data processing in accordance with the applicable legislation: regulation No.2016 of the European Parliament and of the Council of 27 April 2016.\/In view of the above, the Manager has developed this Privacy Policy with the aim of providing the User with the information required by the Regulation.<\/p><p>The Privacy Policy applies to data processing regardless of the form and\/or medium in which the User provides personal data (Website, paper or telephone).<\/p><h4>2. Identity and contact details of the controller<\/h4><p>The manager is SIA \u201cLatvijas P\u0101rtikas ra\u017eot\u0101js\u201d, reg.nr.40103325950, address: 6 St\u016brai\u0146u Street, Rumbula, Stopi\u0146u nov., LV-2119. Website: www.latpartika.lv, e-mail: info@latpartika.lv, phone: +371 67221155.<\/p><h4>3. Purposes of processing, legal basis for processing<\/h4><p>If the User provides the Controller with personal data such as name, surname, personal identification number, e-mail or postal address, telephone number, personal messages, etc, The processing of such data by the Controller is necessary for the identification of the customer, the preparation, conclusion and proof of the conclusion of the contract, the operation\/maintenance of the services, customer service, the handling and processing of complaints and objections, the administration of billing and other purposes directly related to the conclusion or performance of contracts.The legal basis for processing is Article 6(1)(b) of the Regulation, which provides that processing is lawful if the processing is necessary for the performance of a contract or for taking measures at the request of the data subject prior to entering into a contract.<\/p><h4>4. Categories of personal data<\/h4><p>Categories of personal data - name, surname, personal identification number, email address, postal address, IP address, telephone number, content of the message or letter, billing information, etc.<\/p><h4>5. Categories of recipients of personal data<\/h4><p>The data shall be disclosed to those employees of the Controller who need them to perform their direct duties in order to execute or conclude the relevant service contract.When obtaining and using personal data, the Controller partly uses the services of external service providers who, in accordance with the contract, strictly follow the Controller's instructions and who are under the Controller's constant control before using the service and in the future.<\/p><h4>6. Categories of data subjects<\/h4><p>Categories of data subjects - current, former and potential customers of the Manager.<\/p><h4>7. Transfer of data outside Latvia<\/h4><p>The data received is not and will not be transferred outside Latvia, the European Union or the European Economic Area, nor will it be transferred to any international organisation.<\/p><h4>8. Duration of data retention<\/h4><p>Unless otherwise stated in the data protection instructions, the Controller shall delete the personal data at the latest three months after the original reason for retaining the data no longer applies, unless there is a legal obligation to continue to retain the data (for example, but not limited to, for accounting or litigation purposes).<\/p><h4>9. Data subject access to personal data<\/h4><p>The data subject shall have the right to obtain access to the data subject's personal data within one month from the date of submission of the relevant request.The User may submit a request to exercise his\/her rights in writing in person, at the legal address of the Controller (upon presentation of an identity document) or by e-mail, signed with a secure electronic signature.Upon receipt of the User's request to exercise his\/her rights, the Controller shall verify the identity of the User, evaluate the request and execute it in accordance with the regulatory enactments.<\/p><p>The User has the right to receive the information required by the regulatory enactments in relation to the processing of his\/her data, the right to request access to his\/her personal data, as well as to request the Controller to supplement, correct or delete them, to restrict processing or to object to processing, insofar as these rights do not conflict with the purpose of data processing (conclusion or performance of contracts).<\/p><p>The data subject shall not be entitled to receive information if the disclosure of such information is prohibited by law in the field of national security, national defence, public security, criminal law, as well as for the purpose of safeguarding the financial interests of the State in tax matters or for the purpose of monitoring and macro-economic analysis of financial market participants.<\/p><h4>10. Right to lodge a complaint with the supervisory authority<\/h4><p>The data subject has the right to lodge a complaint with the supervisory authority (Data State Inspectorate) at 11\/13 Blauma\u0146a Street, Riga, the Data State Inspectorate also accepts electronic mail received at the electronic mail address: <strong>info@dvi.gov.lv.<\/strong><\/p>\t\t\t\t\t\t\t\t<\/div>\n\t\t\t\t<\/div>\n\t\t\t\t\t<\/div>\n\t\t\t\t<\/div>\n\t\t\t\t<\/div>","protected":false},"excerpt":{"rendered":"<p>1. Ievads SIA \u201cLatvijas P\u0101rtikas ra\u017eot\u0101js\u201d, re\u0123.nr. 40103325950, adrese: St\u016brai\u0146u iela 6, Rumbula, Stopi\u0146u nov., LV-2119 (turpm\u0101k \u2013 P\u0101rzinis), interneta vietn\u0113 www.latpartika.lv (turpm\u0101k \u2013 Vietne) veic t\u0101du personas datu apstr\u0101di, kas ir ieg\u016bti no datu subjekta \u2013 Vietnes lietot\u0101ja (turpm\u0101k \u2013 Lietot\u0101js).P\u0101rzinis r\u016bp\u0113jas par Lietot\u0101ja priv\u0101tumu un personas datu aizsardz\u012bbu, iev\u0113ro Lietot\u0101ja ties\u012bbas uz personas [&hellip;]<\/p>\n","protected":false},"author":1,"featured_media":0,"parent":0,"menu_order":7,"comment_status":"closed","ping_status":"closed","template":"elementor_header_footer","meta":{"footnotes":""},"class_list":["post-1020","page","type-page","status-publish","hentry"],"yoast_head":"<!-- This site is optimized with the Yoast SEO plugin v27.3 - https:\/\/yoast.com\/product\/yoast-seo-wordpress\/ -->\n<title>Priv\u0101tuma politika - Latvijas p\u0101rtikas ra\u017eot\u0101js<\/title>\n<meta name=\"robots\" content=\"index, follow, max-snippet:-1, max-image-preview:large, max-video-preview:-1\" \/>\n<link rel=\"canonical\" href=\"https:\/\/latpartika.lv\/en\/privacy-policy\/\" \/>\n<meta property=\"og:locale\" content=\"en_GB\" \/>\n<meta property=\"og:type\" content=\"article\" \/>\n<meta property=\"og:title\" content=\"Priv\u0101tuma politika - Latvijas p\u0101rtikas ra\u017eot\u0101js\" \/>\n<meta property=\"og:description\" content=\"1. Ievads SIA \u201cLatvijas P\u0101rtikas ra\u017eot\u0101js\u201d, re\u0123.nr. 40103325950, adrese: St\u016brai\u0146u iela 6, Rumbula, Stopi\u0146u nov., LV-2119 (turpm\u0101k \u2013 P\u0101rzinis), interneta vietn\u0113 www.latpartika.lv (turpm\u0101k \u2013 Vietne) veic t\u0101du personas datu apstr\u0101di, kas ir ieg\u016bti no datu subjekta \u2013 Vietnes lietot\u0101ja (turpm\u0101k \u2013 Lietot\u0101js).P\u0101rzinis r\u016bp\u0113jas par Lietot\u0101ja priv\u0101tumu un personas datu aizsardz\u012bbu, iev\u0113ro Lietot\u0101ja ties\u012bbas uz personas [&hellip;]\" \/>\n<meta property=\"og:url\" content=\"https:\/\/latpartika.lv\/en\/privacy-policy\/\" \/>\n<meta property=\"og:site_name\" content=\"Latvijas p\u0101rtikas ra\u017eot\u0101js\" \/>\n<meta property=\"article:modified_time\" content=\"2026-01-20T11:02:21+00:00\" \/>\n<meta name=\"twitter:card\" content=\"summary_large_image\" \/>\n<meta name=\"twitter:label1\" content=\"Estimated reading time\" \/>\n\t<meta name=\"twitter:data1\" content=\"5 minutes\" \/>\n<script type=\"application\/ld+json\" class=\"yoast-schema-graph\">{\"@context\":\"https:\\\/\\\/schema.org\",\"@graph\":[{\"@type\":\"WebPage\",\"@id\":\"https:\\\/\\\/latpartika.lv\\\/privatuma-politika\",\"url\":\"https:\\\/\\\/latpartika.lv\\\/privatuma-politika\",\"name\":\"Priv\u0101tuma politika - Latvijas p\u0101rtikas ra\u017eot\u0101js\",\"isPartOf\":{\"@id\":\"https:\\\/\\\/latpartika.lv\\\/#website\"},\"datePublished\":\"2026-01-20T10:41:09+00:00\",\"dateModified\":\"2026-01-20T11:02:21+00:00\",\"breadcrumb\":{\"@id\":\"https:\\\/\\\/latpartika.lv\\\/privatuma-politika#breadcrumb\"},\"inLanguage\":\"en-GB\",\"potentialAction\":[{\"@type\":\"ReadAction\",\"target\":[\"https:\\\/\\\/latpartika.lv\\\/privatuma-politika\"]}]},{\"@type\":\"BreadcrumbList\",\"@id\":\"https:\\\/\\\/latpartika.lv\\\/privatuma-politika#breadcrumb\",\"itemListElement\":[{\"@type\":\"ListItem\",\"position\":1,\"name\":\"Home\",\"item\":\"https:\\\/\\\/latpartika.lv\\\/en\\\/\"},{\"@type\":\"ListItem\",\"position\":2,\"name\":\"Priv\u0101tuma politika\"}]},{\"@type\":\"WebSite\",\"@id\":\"https:\\\/\\\/latpartika.lv\\\/#website\",\"url\":\"https:\\\/\\\/latpartika.lv\\\/\",\"name\":\"Latvijas p\u0101rtikas ra\u017eot\u0101js\",\"description\":\"Svaigi produkti no kvalitat\u012bv\u0101m izejviel\u0101m!\",\"publisher\":{\"@id\":\"https:\\\/\\\/latpartika.lv\\\/#organization\"},\"potentialAction\":[{\"@type\":\"SearchAction\",\"target\":{\"@type\":\"EntryPoint\",\"urlTemplate\":\"https:\\\/\\\/latpartika.lv\\\/?s={search_term_string}\"},\"query-input\":{\"@type\":\"PropertyValueSpecification\",\"valueRequired\":true,\"valueName\":\"search_term_string\"}}],\"inLanguage\":\"en-GB\"},{\"@type\":\"Organization\",\"@id\":\"https:\\\/\\\/latpartika.lv\\\/#organization\",\"name\":\"Latvijas p\u0101rtikas ra\u017eot\u0101js\",\"url\":\"https:\\\/\\\/latpartika.lv\\\/\",\"logo\":{\"@type\":\"ImageObject\",\"inLanguage\":\"en-GB\",\"@id\":\"https:\\\/\\\/latpartika.lv\\\/#\\\/schema\\\/logo\\\/image\\\/\",\"url\":\"https:\\\/\\\/latpartika.lv\\\/wp-content\\\/uploads\\\/2024\\\/11\\\/LPR_logo_balts.svg\",\"contentUrl\":\"https:\\\/\\\/latpartika.lv\\\/wp-content\\\/uploads\\\/2024\\\/11\\\/LPR_logo_balts.svg\",\"width\":425,\"height\":589,\"caption\":\"Latvijas p\u0101rtikas ra\u017eot\u0101js\"},\"image\":{\"@id\":\"https:\\\/\\\/latpartika.lv\\\/#\\\/schema\\\/logo\\\/image\\\/\"}}]}<\/script>\n<!-- \/ Yoast SEO plugin. -->","yoast_head_json":{"title":"Privacy policy - Latvian food producer","robots":{"index":"index","follow":"follow","max-snippet":"max-snippet:-1","max-image-preview":"max-image-preview:large","max-video-preview":"max-video-preview:-1"},"canonical":"https:\/\/latpartika.lv\/en\/privacy-policy\/","og_locale":"en_GB","og_type":"article","og_title":"Priv\u0101tuma politika - Latvijas p\u0101rtikas ra\u017eot\u0101js","og_description":"1. Ievads SIA \u201cLatvijas P\u0101rtikas ra\u017eot\u0101js\u201d, re\u0123.nr. 40103325950, adrese: St\u016brai\u0146u iela 6, Rumbula, Stopi\u0146u nov., LV-2119 (turpm\u0101k \u2013 P\u0101rzinis), interneta vietn\u0113 www.latpartika.lv (turpm\u0101k \u2013 Vietne) veic t\u0101du personas datu apstr\u0101di, kas ir ieg\u016bti no datu subjekta \u2013 Vietnes lietot\u0101ja (turpm\u0101k \u2013 Lietot\u0101js).P\u0101rzinis r\u016bp\u0113jas par Lietot\u0101ja priv\u0101tumu un personas datu aizsardz\u012bbu, iev\u0113ro Lietot\u0101ja ties\u012bbas uz personas [&hellip;]","og_url":"https:\/\/latpartika.lv\/en\/privacy-policy\/","og_site_name":"Latvijas p\u0101rtikas ra\u017eot\u0101js","article_modified_time":"2026-01-20T11:02:21+00:00","twitter_card":"summary_large_image","twitter_misc":{"Estimated reading time":"5 minutes"},"schema":{"@context":"https:\/\/schema.org","@graph":[{"@type":"WebPage","@id":"https:\/\/latpartika.lv\/privatuma-politika","url":"https:\/\/latpartika.lv\/privatuma-politika","name":"Privacy policy - Latvian food producer","isPartOf":{"@id":"https:\/\/latpartika.lv\/#website"},"datePublished":"2026-01-20T10:41:09+00:00","dateModified":"2026-01-20T11:02:21+00:00","breadcrumb":{"@id":"https:\/\/latpartika.lv\/privatuma-politika#breadcrumb"},"inLanguage":"en-GB","potentialAction":[{"@type":"ReadAction","target":["https:\/\/latpartika.lv\/privatuma-politika"]}]},{"@type":"BreadcrumbList","@id":"https:\/\/latpartika.lv\/privatuma-politika#breadcrumb","itemListElement":[{"@type":"ListItem","position":1,"name":"Home","item":"https:\/\/latpartika.lv\/en\/"},{"@type":"ListItem","position":2,"name":"Priv\u0101tuma politika"}]},{"@type":"WebSite","@id":"https:\/\/latpartika.lv\/#website","url":"https:\/\/latpartika.lv\/","name":"Latvian food producer","description":"Fresh produce from quality ingredients!","publisher":{"@id":"https:\/\/latpartika.lv\/#organization"},"potentialAction":[{"@type":"SearchAction","target":{"@type":"EntryPoint","urlTemplate":"https:\/\/latpartika.lv\/?s={search_term_string}"},"query-input":{"@type":"PropertyValueSpecification","valueRequired":true,"valueName":"search_term_string"}}],"inLanguage":"en-GB"},{"@type":"Organization","@id":"https:\/\/latpartika.lv\/#organization","name":"Latvian food producer","url":"https:\/\/latpartika.lv\/","logo":{"@type":"ImageObject","inLanguage":"en-GB","@id":"https:\/\/latpartika.lv\/#\/schema\/logo\/image\/","url":"https:\/\/latpartika.lv\/wp-content\/uploads\/2024\/11\/LPR_logo_balts.svg","contentUrl":"https:\/\/latpartika.lv\/wp-content\/uploads\/2024\/11\/LPR_logo_balts.svg","width":425,"height":589,"caption":"Latvijas p\u0101rtikas ra\u017eot\u0101js"},"image":{"@id":"https:\/\/latpartika.lv\/#\/schema\/logo\/image\/"}}]}},"_links":{"self":[{"href":"https:\/\/latpartika.lv\/en\/wp-json\/wp\/v2\/pages\/1020","targetHints":{"allow":["GET"]}}],"collection":[{"href":"https:\/\/latpartika.lv\/en\/wp-json\/wp\/v2\/pages"}],"about":[{"href":"https:\/\/latpartika.lv\/en\/wp-json\/wp\/v2\/types\/page"}],"author":[{"embeddable":true,"href":"https:\/\/latpartika.lv\/en\/wp-json\/wp\/v2\/users\/1"}],"replies":[{"embeddable":true,"href":"https:\/\/latpartika.lv\/en\/wp-json\/wp\/v2\/comments?post=1020"}],"version-history":[{"count":0,"href":"https:\/\/latpartika.lv\/en\/wp-json\/wp\/v2\/pages\/1020\/revisions"}],"wp:attachment":[{"href":"https:\/\/latpartika.lv\/en\/wp-json\/wp\/v2\/media?parent=1020"}],"curies":[{"name":"wp","href":"https:\/\/api.w.org\/{rel}","templated":true}]}}