{"id":1027,"date":"2026-01-20T10:44:34","date_gmt":"2026-01-20T10:44:34","guid":{"rendered":"https:\/\/latpartika.lv\/?page_id=1027"},"modified":"2026-01-20T10:51:07","modified_gmt":"2026-01-20T10:51:07","slug":"privacy-policy-2","status":"publish","type":"page","link":"https:\/\/latpartika.lv\/en\/sikdatnu-politika","title":{"rendered":"Cookie Policy"},"content":{"rendered":"<div data-elementor-type=\"wp-page\" data-elementor-id=\"1027\" class=\"elementor elementor-1027\" data-elementor-post-type=\"page\">\n\t\t\t\t<div class=\"elementor-element elementor-element-675c89f e-flex e-con-boxed e-con e-parent\" data-id=\"675c89f\" data-element_type=\"container\">\n\t\t\t\t\t<div class=\"e-con-inner\">\n\t\t\t\t<div class=\"elementor-element elementor-element-595614d elementor-widget elementor-widget-text-editor\" data-id=\"595614d\" data-element_type=\"widget\" data-widget_type=\"text-editor.default\">\n\t\t\t\t<div class=\"elementor-widget-container\">\n\t\t\t\t\t\t\t\t\t<ol><li>On the website <strong>www.latpartika.lv<\/strong> (\"Site\") collects data about visitors to the Site, enabling the Site operator to assess how useful the Site is and how it could be improved.<\/li><li>The Controller that collects data about visitors to the Site is SIA \u201cLatvijas P\u0101rtikas ra\u017eot\u0101js\u201d, reg.No 40103325950 (hereinafter - the Controller).<\/li><li>Manager's address: <strong>St\u016brai\u0146u iela 6, Rumbula, Stopi\u0146u nov., LV-2119, e-mail: info@latpartika.lv, phone: +371 67221155.<\/strong><\/li><li>The Manager is constantly improving the Site with the aim of improving its use, so the Manager needs to know what information is important to visitors to the Site, how often they visit the Site, what devices and browsers they use, what region visitors come from, and what content they prefer to read.<\/li><li>The Manager uses Google Analytics, which enables the Manager to analyse how visitors use the Site. You can find out more about how Google Analytics works on Google's website <strong>https:\/\/support.google.com\/analytics\/answer\/1012034?hl=lten&amp;ref_topic=6157800<\/strong>. The Manager uses the data collected for its legitimate interests, to improve the understanding of the needs of visitors to the Site and to improve the accessibility of the information published by the Manager.<\/li><li>The server hosting the Website may record the requests sent by the visitor (device used, browser, IP address, date and time of access). The data referred to in this paragraph are used for technical purposes: to ensure the proper functioning and security of the Site and to investigate possible security incidents. The collection of the data referred to in this paragraph is based on the legal interest of the Controller in ensuring the technical availability and integrity of the Site.<\/li><li>Cookies are small files that are stored by the browser on the visitor's computer each time the visitor visits the Site, to the extent specified in the browser settings of the visitor's computer. Certain cookies are used to select and tailor the information and advertisements offered to the visitor based on the content that the visitor has viewed in the past, and thus make the visitor's use of the Site simple, convenient and individually tailored. Further information on cookies and how to delete and manage them can be found at <strong>www.aboutcookies.org.<\/strong><\/li><li>The Site uses cookies to collect user IP addresses and browsing information and to allow the Site to remember visitor choices. Cookies allow the Manager to track Site traffic and user interactions with the Site - the Manager uses this data to analyse visitor behaviour and improve the Site. The legal basis for the use of cookies is the legitimate interest of the Manager in ensuring the functionality, availability and integrity of the Site.<\/li><li>The visitor can control and\/or delete cookies at his\/her own discretion. More information on this process is available here <strong>www.aboutcookies.org<\/strong>. Visitors can delete all cookies on their computer and most browsers can be set to block cookies from being placed on your computer. A visitor can opt out of cookies in the browser menu or <strong>https:\/\/tools.google.com\/dlpage\/gaoptout<\/strong>. To make the necessary settings, visitors should consult the terms of their browser. If cookies are blocked, the visitor will have to manually adjust the settings each time the Site is visited and it is possible that some services and features may not work.<\/li><li>Only those employees of the Controller who are responsible for the analysis of such data may have access to statistical data about visitors to the Site.<\/li><li>Unless otherwise stated, cookies are stored until the action for which they were collected is performed and then deleted.<\/li><li>If the Manager's Site includes a forum or comment option, the IP address will be stored on the Site, as well as the data provided by the visitor. Cookies containing this data may be saved for one year for your convenience, so that you do not have to retype them each time.<\/li><li>The Controller confirms that cookies and statistical information will be collected, processed and stored in accordance with the requirements of the laws and regulations of the European Union, including Regulation No 2016\/679 of the European Parliament and of the Council of 27 April 2016 on the protection of personal data.<\/li><li>The Manager reserves the right to change these terms at any time. It is the responsibility of the visitor to the Site to independently check the content of the Site for changes to the Terms.<\/li><\/ol>\t\t\t\t\t\t\t\t<\/div>\n\t\t\t\t<\/div>\n\t\t\t\t\t<\/div>\n\t\t\t\t<\/div>\n\t\t\t\t<\/div>","protected":false},"excerpt":{"rendered":"<p>Interneta vietn\u0113 www.latpartika.lv (turpm\u0101k \u2013 Vietne) tiek v\u0101kti dati par Vietnes apmekl\u0113t\u0101jiem, t\u0101d\u0113j\u0101di g\u016bstot iesp\u0113ju Vietnes uztur\u0113t\u0101jam izv\u0113rt\u0113t, cik noder\u012bga ir Vietne, un k\u0101 to var\u0113tu uzlabot. P\u0101rzinis, kas Vietn\u0113 v\u0101c datus par Vietnes apmekl\u0113t\u0101jiem, ir SIA \u201cLatvijas P\u0101rtikas ra\u017eot\u0101js\u201d, re\u0123.Nr. 40103325950 (turpm\u0101k \u2013 P\u0101rzinis). P\u0101rzi\u0146a adrese: St\u016brai\u0146u iela 6, Rumbula, Stopi\u0146u nov., LV-2119, e-pasts: [&hellip;]<\/p>\n","protected":false},"author":1,"featured_media":0,"parent":0,"menu_order":8,"comment_status":"closed","ping_status":"closed","template":"elementor_header_footer","meta":{"footnotes":""},"class_list":["post-1027","page","type-page","status-publish","hentry"],"yoast_head":"<!-- This site is optimized with the Yoast SEO plugin v27.3 - https:\/\/yoast.com\/product\/yoast-seo-wordpress\/ -->\n<title>S\u012bkdat\u0146u politika - Latvijas p\u0101rtikas ra\u017eot\u0101js<\/title>\n<meta name=\"robots\" content=\"index, follow, max-snippet:-1, max-image-preview:large, max-video-preview:-1\" \/>\n<link rel=\"canonical\" href=\"https:\/\/latpartika.lv\/en\/privacy-policy-2\/\" \/>\n<meta property=\"og:locale\" content=\"en_GB\" \/>\n<meta property=\"og:type\" content=\"article\" \/>\n<meta property=\"og:title\" content=\"S\u012bkdat\u0146u politika - Latvijas p\u0101rtikas ra\u017eot\u0101js\" \/>\n<meta property=\"og:description\" content=\"Interneta vietn\u0113 www.latpartika.lv (turpm\u0101k \u2013 Vietne) tiek v\u0101kti dati par Vietnes apmekl\u0113t\u0101jiem, t\u0101d\u0113j\u0101di g\u016bstot iesp\u0113ju Vietnes uztur\u0113t\u0101jam izv\u0113rt\u0113t, cik noder\u012bga ir Vietne, un k\u0101 to var\u0113tu uzlabot. P\u0101rzinis, kas Vietn\u0113 v\u0101c datus par Vietnes apmekl\u0113t\u0101jiem, ir SIA \u201cLatvijas P\u0101rtikas ra\u017eot\u0101js\u201d, re\u0123.Nr. 40103325950 (turpm\u0101k \u2013 P\u0101rzinis). P\u0101rzi\u0146a adrese: St\u016brai\u0146u iela 6, Rumbula, Stopi\u0146u nov., LV-2119, e-pasts: [&hellip;]\" \/>\n<meta property=\"og:url\" content=\"https:\/\/latpartika.lv\/en\/privacy-policy-2\/\" \/>\n<meta property=\"og:site_name\" content=\"Latvijas p\u0101rtikas ra\u017eot\u0101js\" \/>\n<meta property=\"article:modified_time\" content=\"2026-01-20T10:51:07+00:00\" \/>\n<meta name=\"twitter:card\" content=\"summary_large_image\" \/>\n<meta name=\"twitter:label1\" content=\"Estimated reading time\" \/>\n\t<meta name=\"twitter:data1\" content=\"4 minutes\" \/>\n<script type=\"application\/ld+json\" class=\"yoast-schema-graph\">{\"@context\":\"https:\\\/\\\/schema.org\",\"@graph\":[{\"@type\":\"WebPage\",\"@id\":\"https:\\\/\\\/latpartika.lv\\\/sikdatnu-politika\",\"url\":\"https:\\\/\\\/latpartika.lv\\\/sikdatnu-politika\",\"name\":\"S\u012bkdat\u0146u politika - Latvijas p\u0101rtikas ra\u017eot\u0101js\",\"isPartOf\":{\"@id\":\"https:\\\/\\\/latpartika.lv\\\/#website\"},\"datePublished\":\"2026-01-20T10:44:34+00:00\",\"dateModified\":\"2026-01-20T10:51:07+00:00\",\"breadcrumb\":{\"@id\":\"https:\\\/\\\/latpartika.lv\\\/sikdatnu-politika#breadcrumb\"},\"inLanguage\":\"en-GB\",\"potentialAction\":[{\"@type\":\"ReadAction\",\"target\":[\"https:\\\/\\\/latpartika.lv\\\/sikdatnu-politika\"]}]},{\"@type\":\"BreadcrumbList\",\"@id\":\"https:\\\/\\\/latpartika.lv\\\/sikdatnu-politika#breadcrumb\",\"itemListElement\":[{\"@type\":\"ListItem\",\"position\":1,\"name\":\"Home\",\"item\":\"https:\\\/\\\/latpartika.lv\\\/en\\\/\"},{\"@type\":\"ListItem\",\"position\":2,\"name\":\"S\u012bkdat\u0146u politika\"}]},{\"@type\":\"WebSite\",\"@id\":\"https:\\\/\\\/latpartika.lv\\\/#website\",\"url\":\"https:\\\/\\\/latpartika.lv\\\/\",\"name\":\"Latvijas p\u0101rtikas ra\u017eot\u0101js\",\"description\":\"Svaigi produkti no kvalitat\u012bv\u0101m izejviel\u0101m!\",\"publisher\":{\"@id\":\"https:\\\/\\\/latpartika.lv\\\/#organization\"},\"potentialAction\":[{\"@type\":\"SearchAction\",\"target\":{\"@type\":\"EntryPoint\",\"urlTemplate\":\"https:\\\/\\\/latpartika.lv\\\/?s={search_term_string}\"},\"query-input\":{\"@type\":\"PropertyValueSpecification\",\"valueRequired\":true,\"valueName\":\"search_term_string\"}}],\"inLanguage\":\"en-GB\"},{\"@type\":\"Organization\",\"@id\":\"https:\\\/\\\/latpartika.lv\\\/#organization\",\"name\":\"Latvijas p\u0101rtikas ra\u017eot\u0101js\",\"url\":\"https:\\\/\\\/latpartika.lv\\\/\",\"logo\":{\"@type\":\"ImageObject\",\"inLanguage\":\"en-GB\",\"@id\":\"https:\\\/\\\/latpartika.lv\\\/#\\\/schema\\\/logo\\\/image\\\/\",\"url\":\"https:\\\/\\\/latpartika.lv\\\/wp-content\\\/uploads\\\/2024\\\/11\\\/LPR_logo_balts.svg\",\"contentUrl\":\"https:\\\/\\\/latpartika.lv\\\/wp-content\\\/uploads\\\/2024\\\/11\\\/LPR_logo_balts.svg\",\"width\":425,\"height\":589,\"caption\":\"Latvijas p\u0101rtikas ra\u017eot\u0101js\"},\"image\":{\"@id\":\"https:\\\/\\\/latpartika.lv\\\/#\\\/schema\\\/logo\\\/image\\\/\"}}]}<\/script>\n<!-- \/ Yoast SEO plugin. -->","yoast_head_json":{"title":"Cookie Policy - Latvian Food Manufacturer","robots":{"index":"index","follow":"follow","max-snippet":"max-snippet:-1","max-image-preview":"max-image-preview:large","max-video-preview":"max-video-preview:-1"},"canonical":"https:\/\/latpartika.lv\/en\/privacy-policy-2\/","og_locale":"en_GB","og_type":"article","og_title":"S\u012bkdat\u0146u politika - Latvijas p\u0101rtikas ra\u017eot\u0101js","og_description":"Interneta vietn\u0113 www.latpartika.lv (turpm\u0101k \u2013 Vietne) tiek v\u0101kti dati par Vietnes apmekl\u0113t\u0101jiem, t\u0101d\u0113j\u0101di g\u016bstot iesp\u0113ju Vietnes uztur\u0113t\u0101jam izv\u0113rt\u0113t, cik noder\u012bga ir Vietne, un k\u0101 to var\u0113tu uzlabot. P\u0101rzinis, kas Vietn\u0113 v\u0101c datus par Vietnes apmekl\u0113t\u0101jiem, ir SIA \u201cLatvijas P\u0101rtikas ra\u017eot\u0101js\u201d, re\u0123.Nr. 40103325950 (turpm\u0101k \u2013 P\u0101rzinis). P\u0101rzi\u0146a adrese: St\u016brai\u0146u iela 6, Rumbula, Stopi\u0146u nov., LV-2119, e-pasts: [&hellip;]","og_url":"https:\/\/latpartika.lv\/en\/privacy-policy-2\/","og_site_name":"Latvijas p\u0101rtikas ra\u017eot\u0101js","article_modified_time":"2026-01-20T10:51:07+00:00","twitter_card":"summary_large_image","twitter_misc":{"Estimated reading time":"4 minutes"},"schema":{"@context":"https:\/\/schema.org","@graph":[{"@type":"WebPage","@id":"https:\/\/latpartika.lv\/sikdatnu-politika","url":"https:\/\/latpartika.lv\/sikdatnu-politika","name":"Cookie Policy - Latvian Food Manufacturer","isPartOf":{"@id":"https:\/\/latpartika.lv\/#website"},"datePublished":"2026-01-20T10:44:34+00:00","dateModified":"2026-01-20T10:51:07+00:00","breadcrumb":{"@id":"https:\/\/latpartika.lv\/sikdatnu-politika#breadcrumb"},"inLanguage":"en-GB","potentialAction":[{"@type":"ReadAction","target":["https:\/\/latpartika.lv\/sikdatnu-politika"]}]},{"@type":"BreadcrumbList","@id":"https:\/\/latpartika.lv\/sikdatnu-politika#breadcrumb","itemListElement":[{"@type":"ListItem","position":1,"name":"Home","item":"https:\/\/latpartika.lv\/en\/"},{"@type":"ListItem","position":2,"name":"S\u012bkdat\u0146u politika"}]},{"@type":"WebSite","@id":"https:\/\/latpartika.lv\/#website","url":"https:\/\/latpartika.lv\/","name":"Latvian food producer","description":"Fresh produce from quality ingredients!","publisher":{"@id":"https:\/\/latpartika.lv\/#organization"},"potentialAction":[{"@type":"SearchAction","target":{"@type":"EntryPoint","urlTemplate":"https:\/\/latpartika.lv\/?s={search_term_string}"},"query-input":{"@type":"PropertyValueSpecification","valueRequired":true,"valueName":"search_term_string"}}],"inLanguage":"en-GB"},{"@type":"Organization","@id":"https:\/\/latpartika.lv\/#organization","name":"Latvian food producer","url":"https:\/\/latpartika.lv\/","logo":{"@type":"ImageObject","inLanguage":"en-GB","@id":"https:\/\/latpartika.lv\/#\/schema\/logo\/image\/","url":"https:\/\/latpartika.lv\/wp-content\/uploads\/2024\/11\/LPR_logo_balts.svg","contentUrl":"https:\/\/latpartika.lv\/wp-content\/uploads\/2024\/11\/LPR_logo_balts.svg","width":425,"height":589,"caption":"Latvijas p\u0101rtikas ra\u017eot\u0101js"},"image":{"@id":"https:\/\/latpartika.lv\/#\/schema\/logo\/image\/"}}]}},"_links":{"self":[{"href":"https:\/\/latpartika.lv\/en\/wp-json\/wp\/v2\/pages\/1027","targetHints":{"allow":["GET"]}}],"collection":[{"href":"https:\/\/latpartika.lv\/en\/wp-json\/wp\/v2\/pages"}],"about":[{"href":"https:\/\/latpartika.lv\/en\/wp-json\/wp\/v2\/types\/page"}],"author":[{"embeddable":true,"href":"https:\/\/latpartika.lv\/en\/wp-json\/wp\/v2\/users\/1"}],"replies":[{"embeddable":true,"href":"https:\/\/latpartika.lv\/en\/wp-json\/wp\/v2\/comments?post=1027"}],"version-history":[{"count":0,"href":"https:\/\/latpartika.lv\/en\/wp-json\/wp\/v2\/pages\/1027\/revisions"}],"wp:attachment":[{"href":"https:\/\/latpartika.lv\/en\/wp-json\/wp\/v2\/media?parent=1027"}],"curies":[{"name":"wp","href":"https:\/\/api.w.org\/{rel}","templated":true}]}}