{"id":1038,"date":"2026-01-20T10:50:49","date_gmt":"2026-01-20T10:50:49","guid":{"rendered":"https:\/\/latpartika.lv\/?page_id=1038"},"modified":"2026-01-20T10:59:25","modified_gmt":"2026-01-20T10:59:25","slug":"store-terms-of-use","status":"publish","type":"page","link":"https:\/\/latpartika.lv\/en\/veikala-lietosanas-noteikumi","title":{"rendered":"Terms of Use"},"content":{"rendered":"<div data-elementor-type=\"wp-page\" data-elementor-id=\"1038\" class=\"elementor elementor-1038\" data-elementor-post-type=\"page\">\n\t\t\t\t<div class=\"elementor-element elementor-element-675c89f e-flex e-con-boxed e-con e-parent\" data-id=\"675c89f\" data-element_type=\"container\">\n\t\t\t\t\t<div class=\"e-con-inner\">\n\t\t\t\t<div class=\"elementor-element elementor-element-e8773bc elementor-widget elementor-widget-heading\" data-id=\"e8773bc\" data-element_type=\"widget\" data-widget_type=\"heading.default\">\n\t\t\t\t<div class=\"elementor-widget-container\">\n\t\t\t\t\t<h2 class=\"elementor-heading-title elementor-size-default\">Terms and conditions of the contract for the sale of goods (distance contract) in the online shop of SIA \u201cLatvijas P\u0101rtikas ra\u017eot\u0101js\u201d<\/h2>\t\t\t\t<\/div>\n\t\t\t\t<\/div>\n\t\t\t\t<div class=\"elementor-element elementor-element-595614d elementor-widget elementor-widget-text-editor\" data-id=\"595614d\" data-element_type=\"widget\" data-widget_type=\"text-editor.default\">\n\t\t\t\t<div class=\"elementor-widget-container\">\n\t\t\t\t\t\t\t\t\t<h5><span style=\"color: #333333;\">1.General conditions<\/span><\/h5><ul><li>These Terms and Conditions of Sale and Purchase of Goods (hereinafter - the \u201eTerms and Conditions\u201d) set out the general terms and conditions of the online store of SIA \u201cLatvijas P\u0101rtikas ra\u017eot\u0101js\u201d www.latpartika.lv (hereinafter - the \u201eOnline Store\u201d) that apply to Customers who order goods from the Online Store.<\/li><li>The goods are sold in the online shop, the sale of goods is organised, executed and related services are provided to the Buyer by SIA \u201eLatvijas P\u0101rtikas ra\u017eot\u0101js\u201d, registration no. 40103325950, legal address: 6 St\u016brai\u0146u Street, Rumbula, Stopi\u0146u District, LV-2119, Latvia (hereinafter - the \u201eSeller\u201d).<\/li><li>For the purposes of these Terms and Conditions, Customers are persons who are natural or legal persons with legal capacity and who shop in the Online Shop.<\/li><li>By making a purchase in the Online Shop, the Customer confirms that he\/she agrees to these Terms. Together with the order placed by the Buyer, these Terms and Conditions become a contract between the Buyer and the Seller and constitute a legally binding document for both parties. The Contract shall be deemed to be concluded if the Buyer prepares and submits an order for goods to the Online Shop, makes payment in accordance with the procedure and within the terms set out in the Terms and Conditions and the Seller sends confirmation that the Buyer's order has been accepted to the e-mail address provided by the Buyer. The Contract shall remain in force until the obligations of the parties under this Contract have been fulfilled.<\/li><li>The Seller reserves the right to unilaterally amend, correct or supplement the Terms. The current version of the Terms and Conditions is available on the Online Shop's website. The Buyer shall have the opportunity to read the Terms and Conditions before each purchase.<\/li><li>The Seller shall not accept any risk or liability if the Buyer has not read the Conditions in part or in full, even if given the opportunity to do so.<\/li><li>The Seller shall have the right to unilaterally restrict the use of the Buyer's Online Shop services without notice if the Buyer uses the Online Shop in violation of these Terms or attempts to harm the operation and\/or security of the Online Shop in any way.<\/li><\/ul><h5><span style=\"color: #333333;\">2.Processing of personal data<\/span><\/h5><ul><li>A customer who wishes to use the Online Shop and purchase the goods offered therein must provide certain personal data before making a purchase: name, surname, telephone number, e-mail address and delivery address.<\/li><li>The Buyer is responsible for ensuring that the data provided is accurate, correct and complete. In no event shall the Seller be liable for any damages suffered by the Buyer and\/or third parties as a result of the Buyer providing incorrect and\/or incomplete personal data.<\/li><li>The Buyer's personal data is processed in accordance with the Privacy Policy. If the Customer uses the services of the Online Shop, the Customer shall be deemed to have consented to the processing of personal data and shall confirm that all the information and personal data provided is correct and true and shall consent to the sending of notifications regarding the purchase, payment and delivery of goods to the e-mail address provided.<\/li><li>The Company guarantees that the Customer's data will only be used for the purchase of goods and for direct marketing purposes (if the Customer has consented to receive commercial communications by e-mail).<\/li><li>The Company undertakes to ensure the confidentiality of personal data provided by the Customer and not to disclose the Customer's personal data to third parties, except for the Company's partners who provide delivery of goods to the Customer or provide other services related to the execution of the order, as well as to state institutions in the cases provided by the regulatory enactments.<\/li><li>The Buyer may be asked to produce proof of identity at the time of delivery to ascertain the identity of the person.<\/li><\/ul><h5><span style=\"color: #333333;\">3.Prices, payment terms and terms of payment<\/span><\/h5><ul><li>The prices of the goods in the online shop and in the order are indicated in Euro with the VAT rate in force in the Republic of Latvia. The Goods shall be sold to the Customer at the prices prevailing in the Online Shop at the time of placing the order.<\/li><li>You can pay for goods using online banking or payment cards.<\/li><li>If the Buyer chooses to pay for the Goods at the time of ordering in accordance with Clause 3.2 of the Conditions, the Buyer undertakes to pay for the Goods ordered immediately. Only when the Seller receives the Buyer's corresponding payment for the Goods from the payment system operator of its choice shall the Seller commence the execution of the order and the delivery period shall be calculated from that moment.<\/li><li>By placing an order, the Buyer confirms his\/her consent to receive the invoice electronically.<\/li><li>The Seller shall issue and send to the Buyer a bill of lading-invoice to the Buyer's e-mail address specified at the time of purchase no later than within 3 (three) working days after delivery of the Goods.<\/li><li>The invoice is electronic and valid without signature.<\/li><\/ul><h5><span style=\"color: #333333;\">4.Warranty<\/span><\/h5><ul><li>To avoid any misunderstandings, please check upon receipt that the goods delivered are as ordered.<\/li><li>The main characteristics of the goods, as well as the expiry date and the manufacturer, are indicated on the packaging.<\/li><li>Warranty means a promise by the manufacturer or seller, free of charge, to refund to the Buyer the amount paid for the goods or thing, to exchange the goods or thing for a conforming one, to remedy the non-conformity of the goods or thing free of charge or to take any other action if the goods or thing do not conform to the characteristics set out in the warranty.<\/li><li>The warranty right shall be exercised in compliance with the laws and regulations in force in the Republic of Latvia, as well as with the type of goods sold, specific characteristics and storage conditions (temperature and other restrictions);<\/li><li>The exercise of the warranty right is possible if the Buyer has retained the proof of purchase, which must be submitted to the Seller together with the purchased goods.<\/li><li>The Buyer is entitled to make a claim throughout the warranty period under the conditions stated in the warranty document (the product packaging). The Buyer's claim shall be dealt with in accordance with the conditions set out in the warranty document.<\/li><\/ul><h5><span style=\"color: #333333;\">5.Right of withdrawal<\/span><\/h5><ul><li>The Seller's goods have a limited shelf life (maximum 5 days), therefore, in accordance with Clause 22.4 of the Cabinet of Ministers Regulation No.255 of 20 May 2014 \u201cRegulations on Distance Contract\u201d, the Buyer cannot exercise the right of withdrawal when purchasing any of the Seller's goods.<\/li><\/ul>\t\t\t\t\t\t\t\t<\/div>\n\t\t\t\t<\/div>\n\t\t\t\t\t<\/div>\n\t\t\t\t<\/div>\n\t\t\t\t<\/div>","protected":false},"excerpt":{"rendered":"<p>Pre\u010du pirk\u0161anas-p\u0101rdo\u0161anas (distances l\u012bguma) noteikumi SIA \u201cLatvijas P\u0101rtikas ra\u017eot\u0101js\u201d interneta veikal\u0101 1.Visp\u0101r\u0113jie nosac\u012bjumi \u0160ie pre\u010du pirk\u0161anas-p\u0101rdo\u0161anas noteikumi (turpm\u0101k \u2013 \u201eNoteikumi\u201d) paredz visp\u0101r\u0113jos SIA \u201cLatvijas P\u0101rtikas ra\u017eot\u0101js\u201d interneta veikala www.latpartika.lv (turpm\u0101k \u2013 \u201eInterneta veikals\u201d) nosac\u012bjumus, kas attiecas uz Pirc\u0113jiem, kas veic pre\u010du pas\u016bt\u012b\u0161anu Interneta veikal\u0101. Interneta veikal\u0101 preces p\u0101rdod, pre\u010du tirdzniec\u012bbu organiz\u0113, pilda un ar to [&hellip;]<\/p>\n","protected":false},"author":1,"featured_media":0,"parent":0,"menu_order":9,"comment_status":"closed","ping_status":"closed","template":"elementor_header_footer","meta":{"footnotes":""},"class_list":["post-1038","page","type-page","status-publish","hentry"],"yoast_head":"<!-- This site is optimized with the Yoast SEO plugin v27.3 - https:\/\/yoast.com\/product\/yoast-seo-wordpress\/ -->\n<title>Veikala lieto\u0161anas noteikumi - Latvijas p\u0101rtikas ra\u017eot\u0101js<\/title>\n<meta name=\"robots\" content=\"index, follow, max-snippet:-1, max-image-preview:large, max-video-preview:-1\" \/>\n<link rel=\"canonical\" href=\"https:\/\/latpartika.lv\/en\/store-terms-of-use\/\" \/>\n<meta property=\"og:locale\" content=\"en_GB\" \/>\n<meta property=\"og:type\" content=\"article\" \/>\n<meta property=\"og:title\" content=\"Veikala lieto\u0161anas noteikumi - Latvijas p\u0101rtikas ra\u017eot\u0101js\" \/>\n<meta property=\"og:description\" content=\"Pre\u010du pirk\u0161anas-p\u0101rdo\u0161anas (distances l\u012bguma) noteikumi SIA \u201cLatvijas P\u0101rtikas ra\u017eot\u0101js\u201d interneta veikal\u0101 1.Visp\u0101r\u0113jie nosac\u012bjumi \u0160ie pre\u010du pirk\u0161anas-p\u0101rdo\u0161anas noteikumi (turpm\u0101k \u2013 \u201eNoteikumi\u201d) paredz visp\u0101r\u0113jos SIA \u201cLatvijas P\u0101rtikas ra\u017eot\u0101js\u201d interneta veikala www.latpartika.lv (turpm\u0101k \u2013 \u201eInterneta veikals\u201d) nosac\u012bjumus, kas attiecas uz Pirc\u0113jiem, kas veic pre\u010du pas\u016bt\u012b\u0161anu Interneta veikal\u0101. Interneta veikal\u0101 preces p\u0101rdod, pre\u010du tirdzniec\u012bbu organiz\u0113, pilda un ar to [&hellip;]\" \/>\n<meta property=\"og:url\" content=\"https:\/\/latpartika.lv\/en\/store-terms-of-use\/\" \/>\n<meta property=\"og:site_name\" content=\"Latvijas p\u0101rtikas ra\u017eot\u0101js\" \/>\n<meta property=\"article:modified_time\" content=\"2026-01-20T10:59:25+00:00\" \/>\n<meta name=\"twitter:card\" content=\"summary_large_image\" \/>\n<meta name=\"twitter:label1\" content=\"Estimated reading time\" \/>\n\t<meta name=\"twitter:data1\" content=\"6 minutes\" \/>\n<script type=\"application\/ld+json\" class=\"yoast-schema-graph\">{\"@context\":\"https:\\\/\\\/schema.org\",\"@graph\":[{\"@type\":\"WebPage\",\"@id\":\"https:\\\/\\\/latpartika.lv\\\/veikala-lietosanas-noteikumi\",\"url\":\"https:\\\/\\\/latpartika.lv\\\/veikala-lietosanas-noteikumi\",\"name\":\"Veikala lieto\u0161anas noteikumi - Latvijas p\u0101rtikas ra\u017eot\u0101js\",\"isPartOf\":{\"@id\":\"https:\\\/\\\/latpartika.lv\\\/#website\"},\"datePublished\":\"2026-01-20T10:50:49+00:00\",\"dateModified\":\"2026-01-20T10:59:25+00:00\",\"breadcrumb\":{\"@id\":\"https:\\\/\\\/latpartika.lv\\\/veikala-lietosanas-noteikumi#breadcrumb\"},\"inLanguage\":\"en-GB\",\"potentialAction\":[{\"@type\":\"ReadAction\",\"target\":[\"https:\\\/\\\/latpartika.lv\\\/veikala-lietosanas-noteikumi\"]}]},{\"@type\":\"BreadcrumbList\",\"@id\":\"https:\\\/\\\/latpartika.lv\\\/veikala-lietosanas-noteikumi#breadcrumb\",\"itemListElement\":[{\"@type\":\"ListItem\",\"position\":1,\"name\":\"Home\",\"item\":\"https:\\\/\\\/latpartika.lv\\\/en\\\/\"},{\"@type\":\"ListItem\",\"position\":2,\"name\":\"Veikala lieto\u0161anas noteikumi\"}]},{\"@type\":\"WebSite\",\"@id\":\"https:\\\/\\\/latpartika.lv\\\/#website\",\"url\":\"https:\\\/\\\/latpartika.lv\\\/\",\"name\":\"Latvijas p\u0101rtikas ra\u017eot\u0101js\",\"description\":\"Svaigi produkti no kvalitat\u012bv\u0101m izejviel\u0101m!\",\"publisher\":{\"@id\":\"https:\\\/\\\/latpartika.lv\\\/#organization\"},\"potentialAction\":[{\"@type\":\"SearchAction\",\"target\":{\"@type\":\"EntryPoint\",\"urlTemplate\":\"https:\\\/\\\/latpartika.lv\\\/?s={search_term_string}\"},\"query-input\":{\"@type\":\"PropertyValueSpecification\",\"valueRequired\":true,\"valueName\":\"search_term_string\"}}],\"inLanguage\":\"en-GB\"},{\"@type\":\"Organization\",\"@id\":\"https:\\\/\\\/latpartika.lv\\\/#organization\",\"name\":\"Latvijas p\u0101rtikas ra\u017eot\u0101js\",\"url\":\"https:\\\/\\\/latpartika.lv\\\/\",\"logo\":{\"@type\":\"ImageObject\",\"inLanguage\":\"en-GB\",\"@id\":\"https:\\\/\\\/latpartika.lv\\\/#\\\/schema\\\/logo\\\/image\\\/\",\"url\":\"https:\\\/\\\/latpartika.lv\\\/wp-content\\\/uploads\\\/2024\\\/11\\\/LPR_logo_balts.svg\",\"contentUrl\":\"https:\\\/\\\/latpartika.lv\\\/wp-content\\\/uploads\\\/2024\\\/11\\\/LPR_logo_balts.svg\",\"width\":425,\"height\":589,\"caption\":\"Latvijas p\u0101rtikas ra\u017eot\u0101js\"},\"image\":{\"@id\":\"https:\\\/\\\/latpartika.lv\\\/#\\\/schema\\\/logo\\\/image\\\/\"}}]}<\/script>\n<!-- \/ Yoast SEO plugin. -->","yoast_head_json":{"title":"Terms of use - Latvian food producer","robots":{"index":"index","follow":"follow","max-snippet":"max-snippet:-1","max-image-preview":"max-image-preview:large","max-video-preview":"max-video-preview:-1"},"canonical":"https:\/\/latpartika.lv\/en\/store-terms-of-use\/","og_locale":"en_GB","og_type":"article","og_title":"Veikala lieto\u0161anas noteikumi - Latvijas p\u0101rtikas ra\u017eot\u0101js","og_description":"Pre\u010du pirk\u0161anas-p\u0101rdo\u0161anas (distances l\u012bguma) noteikumi SIA \u201cLatvijas P\u0101rtikas ra\u017eot\u0101js\u201d interneta veikal\u0101 1.Visp\u0101r\u0113jie nosac\u012bjumi \u0160ie pre\u010du pirk\u0161anas-p\u0101rdo\u0161anas noteikumi (turpm\u0101k \u2013 \u201eNoteikumi\u201d) paredz visp\u0101r\u0113jos SIA \u201cLatvijas P\u0101rtikas ra\u017eot\u0101js\u201d interneta veikala www.latpartika.lv (turpm\u0101k \u2013 \u201eInterneta veikals\u201d) nosac\u012bjumus, kas attiecas uz Pirc\u0113jiem, kas veic pre\u010du pas\u016bt\u012b\u0161anu Interneta veikal\u0101. Interneta veikal\u0101 preces p\u0101rdod, pre\u010du tirdzniec\u012bbu organiz\u0113, pilda un ar to [&hellip;]","og_url":"https:\/\/latpartika.lv\/en\/store-terms-of-use\/","og_site_name":"Latvijas p\u0101rtikas ra\u017eot\u0101js","article_modified_time":"2026-01-20T10:59:25+00:00","twitter_card":"summary_large_image","twitter_misc":{"Estimated reading time":"6 minutes"},"schema":{"@context":"https:\/\/schema.org","@graph":[{"@type":"WebPage","@id":"https:\/\/latpartika.lv\/veikala-lietosanas-noteikumi","url":"https:\/\/latpartika.lv\/veikala-lietosanas-noteikumi","name":"Terms of use - Latvian food producer","isPartOf":{"@id":"https:\/\/latpartika.lv\/#website"},"datePublished":"2026-01-20T10:50:49+00:00","dateModified":"2026-01-20T10:59:25+00:00","breadcrumb":{"@id":"https:\/\/latpartika.lv\/veikala-lietosanas-noteikumi#breadcrumb"},"inLanguage":"en-GB","potentialAction":[{"@type":"ReadAction","target":["https:\/\/latpartika.lv\/veikala-lietosanas-noteikumi"]}]},{"@type":"BreadcrumbList","@id":"https:\/\/latpartika.lv\/veikala-lietosanas-noteikumi#breadcrumb","itemListElement":[{"@type":"ListItem","position":1,"name":"Home","item":"https:\/\/latpartika.lv\/en\/"},{"@type":"ListItem","position":2,"name":"Veikala lieto\u0161anas noteikumi"}]},{"@type":"WebSite","@id":"https:\/\/latpartika.lv\/#website","url":"https:\/\/latpartika.lv\/","name":"Latvian food producer","description":"Fresh produce from quality ingredients!","publisher":{"@id":"https:\/\/latpartika.lv\/#organization"},"potentialAction":[{"@type":"SearchAction","target":{"@type":"EntryPoint","urlTemplate":"https:\/\/latpartika.lv\/?s={search_term_string}"},"query-input":{"@type":"PropertyValueSpecification","valueRequired":true,"valueName":"search_term_string"}}],"inLanguage":"en-GB"},{"@type":"Organization","@id":"https:\/\/latpartika.lv\/#organization","name":"Latvian food producer","url":"https:\/\/latpartika.lv\/","logo":{"@type":"ImageObject","inLanguage":"en-GB","@id":"https:\/\/latpartika.lv\/#\/schema\/logo\/image\/","url":"https:\/\/latpartika.lv\/wp-content\/uploads\/2024\/11\/LPR_logo_balts.svg","contentUrl":"https:\/\/latpartika.lv\/wp-content\/uploads\/2024\/11\/LPR_logo_balts.svg","width":425,"height":589,"caption":"Latvijas p\u0101rtikas ra\u017eot\u0101js"},"image":{"@id":"https:\/\/latpartika.lv\/#\/schema\/logo\/image\/"}}]}},"_links":{"self":[{"href":"https:\/\/latpartika.lv\/en\/wp-json\/wp\/v2\/pages\/1038","targetHints":{"allow":["GET"]}}],"collection":[{"href":"https:\/\/latpartika.lv\/en\/wp-json\/wp\/v2\/pages"}],"about":[{"href":"https:\/\/latpartika.lv\/en\/wp-json\/wp\/v2\/types\/page"}],"author":[{"embeddable":true,"href":"https:\/\/latpartika.lv\/en\/wp-json\/wp\/v2\/users\/1"}],"replies":[{"embeddable":true,"href":"https:\/\/latpartika.lv\/en\/wp-json\/wp\/v2\/comments?post=1038"}],"version-history":[{"count":0,"href":"https:\/\/latpartika.lv\/en\/wp-json\/wp\/v2\/pages\/1038\/revisions"}],"wp:attachment":[{"href":"https:\/\/latpartika.lv\/en\/wp-json\/wp\/v2\/media?parent=1038"}],"curies":[{"name":"wp","href":"https:\/\/api.w.org\/{rel}","templated":true}]}}