{"id":72,"date":"2024-11-08T19:26:00","date_gmt":"2024-11-08T19:26:00","guid":{"rendered":"https:\/\/latpartika.lv\/?page_id=72"},"modified":"2026-01-20T09:31:19","modified_gmt":"2026-01-20T09:31:19","slug":"our-products","status":"publish","type":"page","link":"https:\/\/latpartika.lv\/en\/musu-produkti","title":{"rendered":"Our products"},"content":{"rendered":"<div data-elementor-type=\"wp-page\" data-elementor-id=\"72\" class=\"elementor elementor-72\" data-elementor-post-type=\"page\">\n\t\t\t\t<div class=\"elementor-element elementor-element-df26ef2 e-flex e-con-boxed e-con e-parent\" data-id=\"df26ef2\" data-element_type=\"container\">\n\t\t\t\t\t<div class=\"e-con-inner\">\n\t\t<div class=\"elementor-element elementor-element-f135f48 e-con-full e-flex e-con e-child\" data-id=\"f135f48\" data-element_type=\"container\">\n\t\t\t\t<div class=\"elementor-element elementor-element-dc07282 elementor-position-left elementor-vertical-align-middle elementor-widget elementor-widget-image-box\" data-id=\"dc07282\" data-element_type=\"widget\" data-widget_type=\"image-box.default\">\n\t\t\t\t<div class=\"elementor-widget-container\">\n\t\t\t\t\t<div class=\"elementor-image-box-wrapper\"><figure class=\"elementor-image-box-img\"><img decoding=\"async\" width=\"100\" height=\"100\" src=\"https:\/\/latpartika.lv\/wp-content\/uploads\/2024\/11\/Simbols_Kastes.svg\" class=\"attachment-full size-full wp-image-25\" alt=\"\" \/><\/figure><div class=\"elementor-image-box-content\"><p class=\"elementor-image-box-description\">A wide range of high-quality culinary and confectionery products for Latvian consumers and confectionery for export.<\/p><\/div><\/div>\t\t\t\t<\/div>\n\t\t\t\t<\/div>\n\t\t\t\t<\/div>\n\t\t<div class=\"elementor-element elementor-element-a2d3131 e-con-full e-flex e-con e-child\" data-id=\"a2d3131\" data-element_type=\"container\">\n\t\t\t\t<div class=\"elementor-element elementor-element-e4663e7 elementor-position-left elementor-vertical-align-middle elementor-widget elementor-widget-image-box\" data-id=\"e4663e7\" data-element_type=\"widget\" data-widget_type=\"image-box.default\">\n\t\t\t\t<div class=\"elementor-widget-container\">\n\t\t\t\t\t<div class=\"elementor-image-box-wrapper\"><figure class=\"elementor-image-box-img\"><img decoding=\"async\" width=\"100\" height=\"100\" src=\"https:\/\/latpartika.lv\/wp-content\/uploads\/2024\/11\/Simbols_Kvalitate.svg\" class=\"attachment-full size-full wp-image-27\" alt=\"\" \/><\/figure><div class=\"elementor-image-box-content\"><p class=\"elementor-image-box-description\">Only tested raw materials of the highest quality.<\/p><\/div><\/div>\t\t\t\t<\/div>\n\t\t\t\t<\/div>\n\t\t\t\t<\/div>\n\t\t<div class=\"elementor-element elementor-element-429afc2 e-con-full e-flex e-con e-child\" data-id=\"429afc2\" data-element_type=\"container\">\n\t\t\t\t<div class=\"elementor-element elementor-element-5cb4d84 elementor-position-left elementor-vertical-align-middle elementor-widget elementor-widget-image-box\" data-id=\"5cb4d84\" data-element_type=\"widget\" data-widget_type=\"image-box.default\">\n\t\t\t\t<div class=\"elementor-widget-container\">\n\t\t\t\t\t<div class=\"elementor-image-box-wrapper\"><figure class=\"elementor-image-box-img\"><img decoding=\"async\" width=\"100\" height=\"100\" src=\"https:\/\/latpartika.lv\/wp-content\/uploads\/2024\/11\/Simbols_Bez_konservantiem.svg\" class=\"attachment-full size-full wp-image-24\" alt=\"\" \/><\/figure><div class=\"elementor-image-box-content\"><p class=\"elementor-image-box-description\">Without added preservatives and food additives.<\/p><\/div><\/div>\t\t\t\t<\/div>\n\t\t\t\t<\/div>\n\t\t\t\t<\/div>\n\t\t<div class=\"elementor-element elementor-element-b12aeea e-con-full e-flex e-con e-child\" data-id=\"b12aeea\" data-element_type=\"container\">\n\t\t\t\t<div class=\"elementor-element elementor-element-83a0426 elementor-position-left elementor-vertical-align-middle elementor-widget elementor-widget-image-box\" data-id=\"83a0426\" data-element_type=\"widget\" data-widget_type=\"image-box.default\">\n\t\t\t\t<div class=\"elementor-widget-container\">\n\t\t\t\t\t<div class=\"elementor-image-box-wrapper\"><figure class=\"elementor-image-box-img\"><img loading=\"lazy\" decoding=\"async\" width=\"100\" height=\"100\" src=\"https:\/\/latpartika.lv\/wp-content\/uploads\/2024\/11\/Simbols_Klasts.svg\" class=\"attachment-full size-full wp-image-26\" alt=\"\" \/><\/figure><div class=\"elementor-image-box-content\"><p class=\"elementor-image-box-description\">Products are packaged in containers that ensure convenient transportation and use of the products.<\/p><\/div><\/div>\t\t\t\t<\/div>\n\t\t\t\t<\/div>\n\t\t\t\t<\/div>\n\t\t<div class=\"elementor-element elementor-element-ca68a87 e-con-full e-flex e-con e-child\" data-id=\"ca68a87\" data-element_type=\"container\">\n\t\t\t\t<div class=\"elementor-element elementor-element-a3c6bdb elementor-position-left elementor-vertical-align-middle elementor-widget elementor-widget-image-box\" data-id=\"a3c6bdb\" data-element_type=\"widget\" data-widget_type=\"image-box.default\">\n\t\t\t\t<div class=\"elementor-widget-container\">\n\t\t\t\t\t<div class=\"elementor-image-box-wrapper\"><figure class=\"elementor-image-box-img\"><img loading=\"lazy\" decoding=\"async\" width=\"100\" height=\"100\" src=\"https:\/\/latpartika.lv\/wp-content\/uploads\/2024\/11\/Simbols_Aizsargatmosfera.svg\" class=\"attachment-full size-full wp-image-23\" alt=\"\" \/><\/figure><div class=\"elementor-image-box-content\"><p class=\"elementor-image-box-description\">For freshness \u2013 a protective atmosphere that ensures long shelf lives without additional preservatives.<\/p><\/div><\/div>\t\t\t\t<\/div>\n\t\t\t\t<\/div>\n\t\t\t\t<\/div>\n\t\t<div class=\"elementor-element elementor-element-521f0c5 e-con-full e-flex e-con e-child\" data-id=\"521f0c5\" data-element_type=\"container\">\n\t\t\t\t<div class=\"elementor-element elementor-element-8767ff4 elementor-position-left elementor-vertical-align-middle elementor-widget elementor-widget-image-box\" data-id=\"8767ff4\" data-element_type=\"widget\" data-widget_type=\"image-box.default\">\n\t\t\t\t<div class=\"elementor-widget-container\">\n\t\t\t\t\t<div class=\"elementor-image-box-wrapper\"><figure class=\"elementor-image-box-img\"><img loading=\"lazy\" decoding=\"async\" width=\"100\" height=\"100\" src=\"https:\/\/latpartika.lv\/wp-content\/uploads\/2024\/11\/Simbols_Roku_Darbs.svg\" class=\"attachment-full size-full wp-image-28\" alt=\"\" \/><\/figure><div class=\"elementor-image-box-content\"><p class=\"elementor-image-box-description\">Handmade combined with modern manufacturing and packaging technologies.<\/p><\/div><\/div>\t\t\t\t<\/div>\n\t\t\t\t<\/div>\n\t\t\t\t<\/div>\n\t\t\t\t\t<\/div>\n\t\t\t\t<\/div>\n\t\t<div class=\"elementor-element elementor-element-45f8bec e-flex e-con-boxed e-con e-parent\" data-id=\"45f8bec\" data-element_type=\"container\">\n\t\t\t\t\t<div class=\"e-con-inner\">\n\t\t<div class=\"elementor-element elementor-element-fad1ff7 e-con-full e-flex e-con e-child\" data-id=\"fad1ff7\" data-element_type=\"container\" data-settings=\"{&quot;background_background&quot;:&quot;classic&quot;}\">\n\t\t\t\t<div class=\"elementor-element elementor-element-2774e51 elementor-widget elementor-widget-heading\" data-id=\"2774e51\" data-element_type=\"widget\" data-widget_type=\"heading.default\">\n\t\t\t\t<div class=\"elementor-widget-container\">\n\t\t\t\t\t<h3 class=\"elementor-heading-title elementor-size-default\"><a href=\"\/en\/our-products\/confectionery\/\">Bakery<\/a><\/h3>\t\t\t\t<\/div>\n\t\t\t\t<\/div>\n\t\t\t\t<\/div>\n\t\t<div class=\"elementor-element elementor-element-b53e2b9 e-con-full e-flex e-con e-child\" data-id=\"b53e2b9\" data-element_type=\"container\" data-settings=\"{&quot;background_background&quot;:&quot;classic&quot;}\">\n\t\t\t\t<div class=\"elementor-element elementor-element-1fcf592 elementor-widget elementor-widget-heading\" data-id=\"1fcf592\" data-element_type=\"widget\" data-widget_type=\"heading.default\">\n\t\t\t\t<div class=\"elementor-widget-container\">\n\t\t\t\t\t<h3 class=\"elementor-heading-title elementor-size-default\"><a href=\"\/en\/our-products\/main-courses\/\">Prepared Meals<\/a><\/h3>\t\t\t\t<\/div>\n\t\t\t\t<\/div>\n\t\t\t\t<\/div>\n\t\t<div class=\"elementor-element elementor-element-52ef4e9 e-con-full e-flex e-con e-child\" data-id=\"52ef4e9\" data-element_type=\"container\" data-settings=\"{&quot;background_background&quot;:&quot;classic&quot;}\">\n\t\t\t\t<div class=\"elementor-element elementor-element-a857ba9 elementor-widget elementor-widget-heading\" data-id=\"a857ba9\" data-element_type=\"widget\" data-widget_type=\"heading.default\">\n\t\t\t\t<div class=\"elementor-widget-container\">\n\t\t\t\t\t<h3 class=\"elementor-heading-title elementor-size-default\"><a href=\"\/en\/our-products\/salad\/\">Salad<\/a><\/h3>\t\t\t\t<\/div>\n\t\t\t\t<\/div>\n\t\t\t\t<\/div>\n\t\t<div class=\"elementor-element elementor-element-c043b7d e-con-full e-flex e-con e-child\" data-id=\"c043b7d\" data-element_type=\"container\" data-settings=\"{&quot;background_background&quot;:&quot;classic&quot;}\">\n\t\t\t\t<div class=\"elementor-element elementor-element-aeb1ab6 elementor-widget elementor-widget-heading\" data-id=\"aeb1ab6\" data-element_type=\"widget\" data-widget_type=\"heading.default\">\n\t\t\t\t<div class=\"elementor-widget-container\">\n\t\t\t\t\t<h3 class=\"elementor-heading-title elementor-size-default\"><a href=\"\/en\/our-products\/sandwiches\/\">Sandwiches<\/a><\/h3>\t\t\t\t<\/div>\n\t\t\t\t<\/div>\n\t\t\t\t<\/div>\n\t\t\t\t\t<\/div>\n\t\t\t\t<\/div>\n\t\t<div class=\"elementor-element elementor-element-f482df4 e-flex e-con-boxed e-con e-parent\" data-id=\"f482df4\" data-element_type=\"container\">\n\t\t\t\t\t<div class=\"e-con-inner\">\n\t\t<div class=\"elementor-element elementor-element-de48b7d e-con-full e-flex e-con e-child\" data-id=\"de48b7d\" data-element_type=\"container\" data-settings=\"{&quot;background_background&quot;:&quot;classic&quot;}\">\n\t\t\t\t<div class=\"elementor-element elementor-element-0d9e08e elementor-widget elementor-widget-heading\" data-id=\"0d9e08e\" data-element_type=\"widget\" data-widget_type=\"heading.default\">\n\t\t\t\t<div class=\"elementor-widget-container\">\n\t\t\t\t\t<h3 class=\"elementor-heading-title elementor-size-default\"><a href=\"\/en\/our-products\/soups\/\">Soups<\/a><\/h3>\t\t\t\t<\/div>\n\t\t\t\t<\/div>\n\t\t\t\t<\/div>\n\t\t<div class=\"elementor-element elementor-element-e73ca4c e-con-full e-flex e-con e-child\" data-id=\"e73ca4c\" data-element_type=\"container\" data-settings=\"{&quot;background_background&quot;:&quot;classic&quot;}\">\n\t\t\t\t<div class=\"elementor-element elementor-element-3b68d35 elementor-widget elementor-widget-heading\" data-id=\"3b68d35\" data-element_type=\"widget\" data-widget_type=\"heading.default\">\n\t\t\t\t<div class=\"elementor-widget-container\">\n\t\t\t\t\t<h3 class=\"elementor-heading-title elementor-size-default\"><a href=\"\/en\/our-products\/pancakes\/\">Pancakes<\/a><\/h3>\t\t\t\t<\/div>\n\t\t\t\t<\/div>\n\t\t\t\t<\/div>\n\t\t<div class=\"elementor-element elementor-element-17e1ac0 e-con-full e-flex e-con e-child\" data-id=\"17e1ac0\" data-element_type=\"container\" data-settings=\"{&quot;background_background&quot;:&quot;classic&quot;}\">\n\t\t\t\t<div class=\"elementor-element elementor-element-2892f55 elementor-widget elementor-widget-heading\" data-id=\"2892f55\" data-element_type=\"widget\" data-widget_type=\"heading.default\">\n\t\t\t\t<div class=\"elementor-widget-container\">\n\t\t\t\t\t<h3 class=\"elementor-heading-title elementor-size-default\"><a href=\"\/en\/our-products\/culinary\/\">Ready Meals<\/a><\/h3>\t\t\t\t<\/div>\n\t\t\t\t<\/div>\n\t\t\t\t<\/div>\n\t\t<div class=\"elementor-element elementor-element-bcae129 e-con-full e-flex e-con e-child\" data-id=\"bcae129\" data-element_type=\"container\" data-settings=\"{&quot;background_background&quot;:&quot;classic&quot;}\">\n\t\t\t\t<div class=\"elementor-element elementor-element-d3f14ec elementor-widget elementor-widget-heading\" data-id=\"d3f14ec\" data-element_type=\"widget\" data-widget_type=\"heading.default\">\n\t\t\t\t<div class=\"elementor-widget-container\">\n\t\t\t\t\t<h3 class=\"elementor-heading-title elementor-size-default\"><a href=\"\/en\/our-products\/deserts\/\">Desserts<\/a><\/h3>\t\t\t\t<\/div>\n\t\t\t\t<\/div>\n\t\t\t\t<\/div>\n\t\t\t\t\t<\/div>\n\t\t\t\t<\/div>\n\t\t\t\t<\/div>","protected":false},"excerpt":{"rendered":"<p>Pla\u0161s augstv\u0113rt\u012bgu kulin\u0101rijas un konditorejas produktu kl\u0101sts Latvijas pat\u0113r\u0113t\u0101jiem un konditorejas izstr\u0101d\u0101jumi eksportam. Tikai p\u0101rbaud\u012btas augst\u0101k\u0101s kvalit\u0101tes izejvielas. Bez pievienotiem konservantiem un p\u0101rtikas piedev\u0101m. Produkti fas\u0113ti iepakojumos, kas nodro\u0161ina \u0113rtu transport\u0113\u0161anu un produktu lieto\u0161anu. Svaiguma saglab\u0101\u0161anai \u2013 aizsargatmosf\u0113ra, kas nodro\u0161ina pietiekami ilgus der\u012bguma termi\u0146us bez papildu konservantiem. Roku darbs apvienots ar m\u016bsdien\u012bg\u0101m ra\u017eo\u0161anas un iepako\u0161anas [&hellip;]<\/p>\n","protected":false},"author":1,"featured_media":0,"parent":0,"menu_order":2,"comment_status":"closed","ping_status":"closed","template":"elementor_header_footer","meta":{"footnotes":""},"class_list":["post-72","page","type-page","status-publish","hentry"],"yoast_head":"<!-- This site is optimized with the Yoast SEO plugin v27.3 - https:\/\/yoast.com\/product\/yoast-seo-wordpress\/ -->\n<title>M\u016bsu produkti - Latvijas p\u0101rtikas ra\u017eot\u0101js<\/title>\n<meta name=\"robots\" content=\"index, follow, max-snippet:-1, max-image-preview:large, max-video-preview:-1\" \/>\n<link rel=\"canonical\" href=\"https:\/\/latpartika.lv\/en\/our-products\" \/>\n<meta property=\"og:locale\" content=\"en_GB\" \/>\n<meta property=\"og:type\" content=\"article\" \/>\n<meta property=\"og:title\" content=\"M\u016bsu produkti - Latvijas p\u0101rtikas ra\u017eot\u0101js\" \/>\n<meta property=\"og:description\" content=\"Pla\u0161s augstv\u0113rt\u012bgu kulin\u0101rijas un konditorejas produktu kl\u0101sts Latvijas pat\u0113r\u0113t\u0101jiem un konditorejas izstr\u0101d\u0101jumi eksportam. Tikai p\u0101rbaud\u012btas augst\u0101k\u0101s kvalit\u0101tes izejvielas. Bez pievienotiem konservantiem un p\u0101rtikas piedev\u0101m. Produkti fas\u0113ti iepakojumos, kas nodro\u0161ina \u0113rtu transport\u0113\u0161anu un produktu lieto\u0161anu. Svaiguma saglab\u0101\u0161anai \u2013 aizsargatmosf\u0113ra, kas nodro\u0161ina pietiekami ilgus der\u012bguma termi\u0146us bez papildu konservantiem. Roku darbs apvienots ar m\u016bsdien\u012bg\u0101m ra\u017eo\u0161anas un iepako\u0161anas [&hellip;]\" \/>\n<meta property=\"og:url\" content=\"https:\/\/latpartika.lv\/en\/our-products\" \/>\n<meta property=\"og:site_name\" content=\"Latvijas p\u0101rtikas ra\u017eot\u0101js\" \/>\n<meta property=\"article:modified_time\" content=\"2026-01-20T09:31:19+00:00\" \/>\n<meta property=\"og:image\" content=\"https:\/\/latpartika.lv\/wp-content\/uploads\/2024\/11\/Simbols_Kastes.svg\" \/>\n<meta name=\"twitter:card\" content=\"summary_large_image\" \/>\n<meta name=\"twitter:label1\" content=\"Estimated reading time\" \/>\n\t<meta name=\"twitter:data1\" content=\"2 minutes\" \/>\n<script type=\"application\/ld+json\" class=\"yoast-schema-graph\">{\"@context\":\"https:\\\/\\\/schema.org\",\"@graph\":[{\"@type\":\"WebPage\",\"@id\":\"https:\\\/\\\/latpartika.lv\\\/en\\\/our-products\",\"url\":\"https:\\\/\\\/latpartika.lv\\\/en\\\/our-products\",\"name\":\"M\u016bsu produkti - Latvijas p\u0101rtikas ra\u017eot\u0101js\",\"isPartOf\":{\"@id\":\"https:\\\/\\\/latpartika.lv\\\/#website\"},\"primaryImageOfPage\":{\"@id\":\"https:\\\/\\\/latpartika.lv\\\/en\\\/our-products#primaryimage\"},\"image\":{\"@id\":\"https:\\\/\\\/latpartika.lv\\\/en\\\/our-products#primaryimage\"},\"thumbnailUrl\":\"https:\\\/\\\/latpartika.lv\\\/wp-content\\\/uploads\\\/2024\\\/11\\\/Simbols_Kastes.svg\",\"datePublished\":\"2024-11-08T19:26:00+00:00\",\"dateModified\":\"2026-01-20T09:31:19+00:00\",\"breadcrumb\":{\"@id\":\"https:\\\/\\\/latpartika.lv\\\/en\\\/our-products#breadcrumb\"},\"inLanguage\":\"en-GB\",\"potentialAction\":[{\"@type\":\"ReadAction\",\"target\":[\"https:\\\/\\\/latpartika.lv\\\/en\\\/our-products\"]}]},{\"@type\":\"ImageObject\",\"inLanguage\":\"en-GB\",\"@id\":\"https:\\\/\\\/latpartika.lv\\\/en\\\/our-products#primaryimage\",\"url\":\"https:\\\/\\\/latpartika.lv\\\/wp-content\\\/uploads\\\/2024\\\/11\\\/Simbols_Kastes.svg\",\"contentUrl\":\"https:\\\/\\\/latpartika.lv\\\/wp-content\\\/uploads\\\/2024\\\/11\\\/Simbols_Kastes.svg\"},{\"@type\":\"BreadcrumbList\",\"@id\":\"https:\\\/\\\/latpartika.lv\\\/en\\\/our-products#breadcrumb\",\"itemListElement\":[{\"@type\":\"ListItem\",\"position\":1,\"name\":\"Home\",\"item\":\"https:\\\/\\\/latpartika.lv\\\/en\\\/\"},{\"@type\":\"ListItem\",\"position\":2,\"name\":\"M\u016bsu produkti\"}]},{\"@type\":\"WebSite\",\"@id\":\"https:\\\/\\\/latpartika.lv\\\/#website\",\"url\":\"https:\\\/\\\/latpartika.lv\\\/\",\"name\":\"Latvijas p\u0101rtikas ra\u017eot\u0101js\",\"description\":\"Svaigi produkti no kvalitat\u012bv\u0101m izejviel\u0101m!\",\"publisher\":{\"@id\":\"https:\\\/\\\/latpartika.lv\\\/#organization\"},\"potentialAction\":[{\"@type\":\"SearchAction\",\"target\":{\"@type\":\"EntryPoint\",\"urlTemplate\":\"https:\\\/\\\/latpartika.lv\\\/?s={search_term_string}\"},\"query-input\":{\"@type\":\"PropertyValueSpecification\",\"valueRequired\":true,\"valueName\":\"search_term_string\"}}],\"inLanguage\":\"en-GB\"},{\"@type\":\"Organization\",\"@id\":\"https:\\\/\\\/latpartika.lv\\\/#organization\",\"name\":\"Latvijas p\u0101rtikas ra\u017eot\u0101js\",\"url\":\"https:\\\/\\\/latpartika.lv\\\/\",\"logo\":{\"@type\":\"ImageObject\",\"inLanguage\":\"en-GB\",\"@id\":\"https:\\\/\\\/latpartika.lv\\\/#\\\/schema\\\/logo\\\/image\\\/\",\"url\":\"https:\\\/\\\/latpartika.lv\\\/wp-content\\\/uploads\\\/2024\\\/11\\\/LPR_logo_balts.svg\",\"contentUrl\":\"https:\\\/\\\/latpartika.lv\\\/wp-content\\\/uploads\\\/2024\\\/11\\\/LPR_logo_balts.svg\",\"width\":425,\"height\":589,\"caption\":\"Latvijas p\u0101rtikas ra\u017eot\u0101js\"},\"image\":{\"@id\":\"https:\\\/\\\/latpartika.lv\\\/#\\\/schema\\\/logo\\\/image\\\/\"}}]}<\/script>\n<!-- \/ Yoast SEO plugin. -->","yoast_head_json":{"title":"Our products - a Latvian food producer","robots":{"index":"index","follow":"follow","max-snippet":"max-snippet:-1","max-image-preview":"max-image-preview:large","max-video-preview":"max-video-preview:-1"},"canonical":"https:\/\/latpartika.lv\/en\/our-products","og_locale":"en_GB","og_type":"article","og_title":"M\u016bsu produkti - Latvijas p\u0101rtikas ra\u017eot\u0101js","og_description":"Pla\u0161s augstv\u0113rt\u012bgu kulin\u0101rijas un konditorejas produktu kl\u0101sts Latvijas pat\u0113r\u0113t\u0101jiem un konditorejas izstr\u0101d\u0101jumi eksportam. Tikai p\u0101rbaud\u012btas augst\u0101k\u0101s kvalit\u0101tes izejvielas. Bez pievienotiem konservantiem un p\u0101rtikas piedev\u0101m. Produkti fas\u0113ti iepakojumos, kas nodro\u0161ina \u0113rtu transport\u0113\u0161anu un produktu lieto\u0161anu. Svaiguma saglab\u0101\u0161anai \u2013 aizsargatmosf\u0113ra, kas nodro\u0161ina pietiekami ilgus der\u012bguma termi\u0146us bez papildu konservantiem. Roku darbs apvienots ar m\u016bsdien\u012bg\u0101m ra\u017eo\u0161anas un iepako\u0161anas [&hellip;]","og_url":"https:\/\/latpartika.lv\/en\/our-products","og_site_name":"Latvijas p\u0101rtikas ra\u017eot\u0101js","article_modified_time":"2026-01-20T09:31:19+00:00","og_image":[{"url":"https:\/\/latpartika.lv\/wp-content\/uploads\/2024\/11\/Simbols_Kastes.svg","type":"","width":"","height":""}],"twitter_card":"summary_large_image","twitter_misc":{"Estimated reading time":"2 minutes"},"schema":{"@context":"https:\/\/schema.org","@graph":[{"@type":"WebPage","@id":"https:\/\/latpartika.lv\/en\/our-products","url":"https:\/\/latpartika.lv\/en\/our-products","name":"Our products - a Latvian food producer","isPartOf":{"@id":"https:\/\/latpartika.lv\/#website"},"primaryImageOfPage":{"@id":"https:\/\/latpartika.lv\/en\/our-products#primaryimage"},"image":{"@id":"https:\/\/latpartika.lv\/en\/our-products#primaryimage"},"thumbnailUrl":"https:\/\/latpartika.lv\/wp-content\/uploads\/2024\/11\/Simbols_Kastes.svg","datePublished":"2024-11-08T19:26:00+00:00","dateModified":"2026-01-20T09:31:19+00:00","breadcrumb":{"@id":"https:\/\/latpartika.lv\/en\/our-products#breadcrumb"},"inLanguage":"en-GB","potentialAction":[{"@type":"ReadAction","target":["https:\/\/latpartika.lv\/en\/our-products"]}]},{"@type":"ImageObject","inLanguage":"en-GB","@id":"https:\/\/latpartika.lv\/en\/our-products#primaryimage","url":"https:\/\/latpartika.lv\/wp-content\/uploads\/2024\/11\/Simbols_Kastes.svg","contentUrl":"https:\/\/latpartika.lv\/wp-content\/uploads\/2024\/11\/Simbols_Kastes.svg"},{"@type":"BreadcrumbList","@id":"https:\/\/latpartika.lv\/en\/our-products#breadcrumb","itemListElement":[{"@type":"ListItem","position":1,"name":"Home","item":"https:\/\/latpartika.lv\/en\/"},{"@type":"ListItem","position":2,"name":"M\u016bsu produkti"}]},{"@type":"WebSite","@id":"https:\/\/latpartika.lv\/#website","url":"https:\/\/latpartika.lv\/","name":"Latvian food producer","description":"Fresh produce from quality ingredients!","publisher":{"@id":"https:\/\/latpartika.lv\/#organization"},"potentialAction":[{"@type":"SearchAction","target":{"@type":"EntryPoint","urlTemplate":"https:\/\/latpartika.lv\/?s={search_term_string}"},"query-input":{"@type":"PropertyValueSpecification","valueRequired":true,"valueName":"search_term_string"}}],"inLanguage":"en-GB"},{"@type":"Organization","@id":"https:\/\/latpartika.lv\/#organization","name":"Latvian food producer","url":"https:\/\/latpartika.lv\/","logo":{"@type":"ImageObject","inLanguage":"en-GB","@id":"https:\/\/latpartika.lv\/#\/schema\/logo\/image\/","url":"https:\/\/latpartika.lv\/wp-content\/uploads\/2024\/11\/LPR_logo_balts.svg","contentUrl":"https:\/\/latpartika.lv\/wp-content\/uploads\/2024\/11\/LPR_logo_balts.svg","width":425,"height":589,"caption":"Latvijas p\u0101rtikas ra\u017eot\u0101js"},"image":{"@id":"https:\/\/latpartika.lv\/#\/schema\/logo\/image\/"}}]}},"_links":{"self":[{"href":"https:\/\/latpartika.lv\/en\/wp-json\/wp\/v2\/pages\/72","targetHints":{"allow":["GET"]}}],"collection":[{"href":"https:\/\/latpartika.lv\/en\/wp-json\/wp\/v2\/pages"}],"about":[{"href":"https:\/\/latpartika.lv\/en\/wp-json\/wp\/v2\/types\/page"}],"author":[{"embeddable":true,"href":"https:\/\/latpartika.lv\/en\/wp-json\/wp\/v2\/users\/1"}],"replies":[{"embeddable":true,"href":"https:\/\/latpartika.lv\/en\/wp-json\/wp\/v2\/comments?post=72"}],"version-history":[{"count":0,"href":"https:\/\/latpartika.lv\/en\/wp-json\/wp\/v2\/pages\/72\/revisions"}],"wp:attachment":[{"href":"https:\/\/latpartika.lv\/en\/wp-json\/wp\/v2\/media?parent=72"}],"curies":[{"name":"wp","href":"https:\/\/api.w.org\/{rel}","templated":true}]}}