{"id":80,"date":"2024-11-08T19:41:52","date_gmt":"2024-11-08T19:41:52","guid":{"rendered":"https:\/\/latpartika.lv\/?page_id=80"},"modified":"2026-01-22T09:41:16","modified_gmt":"2026-01-22T09:41:16","slug":"about-us","status":"publish","type":"page","link":"https:\/\/latpartika.lv\/en\/par-mums","title":{"rendered":"About Us"},"content":{"rendered":"<div data-elementor-type=\"wp-page\" data-elementor-id=\"80\" class=\"elementor elementor-80\" data-elementor-post-type=\"page\">\n\t\t\t\t<div class=\"elementor-element elementor-element-675c89f e-flex e-con-boxed e-con e-parent\" data-id=\"675c89f\" data-element_type=\"container\">\n\t\t\t\t\t<div class=\"e-con-inner\">\n\t\t<div class=\"elementor-element elementor-element-22462c9 e-con-full e-flex e-con e-child\" data-id=\"22462c9\" data-element_type=\"container\">\n\t\t\t\t<div class=\"elementor-element elementor-element-91aa4fd elementor-widget elementor-widget-heading\" data-id=\"91aa4fd\" data-element_type=\"widget\" data-widget_type=\"heading.default\">\n\t\t\t\t<div class=\"elementor-widget-container\">\n\t\t\t\t\t<h2 class=\"elementor-heading-title elementor-size-default\">We offer:<\/h2>\t\t\t\t<\/div>\n\t\t\t\t<\/div>\n\t\t\t\t<div class=\"elementor-element elementor-element-912c6e4 elementor-widget elementor-widget-text-editor\" data-id=\"912c6e4\" data-element_type=\"widget\" data-widget_type=\"text-editor.default\">\n\t\t\t\t<div class=\"elementor-widget-container\">\n\t\t\t\t\t\t\t\t\tTo become the most recognised producer of quality fresh culinary products and frozen pastries in Latvia\t\t\t\t\t\t\t\t<\/div>\n\t\t\t\t<\/div>\n\t\t\t\t<\/div>\n\t\t<div class=\"elementor-element elementor-element-74a2512 e-con-full e-flex e-con e-child\" data-id=\"74a2512\" data-element_type=\"container\">\n\t\t\t\t<div class=\"elementor-element elementor-element-d6b5aee elementor-widget elementor-widget-heading\" data-id=\"d6b5aee\" data-element_type=\"widget\" data-widget_type=\"heading.default\">\n\t\t\t\t<div class=\"elementor-widget-container\">\n\t\t\t\t\t<h2 class=\"elementor-heading-title elementor-size-default\">Our mission<\/h2>\t\t\t\t<\/div>\n\t\t\t\t<\/div>\n\t\t\t\t<div class=\"elementor-element elementor-element-cace735 elementor-widget elementor-widget-text-editor\" data-id=\"cace735\" data-element_type=\"widget\" data-widget_type=\"text-editor.default\">\n\t\t\t\t<div class=\"elementor-widget-container\">\n\t\t\t\t\t\t\t\t\tAn easier and tastier everyday\t\t\t\t\t\t\t\t<\/div>\n\t\t\t\t<\/div>\n\t\t\t\t<\/div>\n\t\t<div class=\"elementor-element elementor-element-d816b36 e-con-full e-flex e-con e-child\" data-id=\"d816b36\" data-element_type=\"container\">\n\t\t\t\t<div class=\"elementor-element elementor-element-32d2a81 elementor-widget elementor-widget-heading\" data-id=\"32d2a81\" data-element_type=\"widget\" data-widget_type=\"heading.default\">\n\t\t\t\t<div class=\"elementor-widget-container\">\n\t\t\t\t\t<h2 class=\"elementor-heading-title elementor-size-default\">Our values<\/h2>\t\t\t\t<\/div>\n\t\t\t\t<\/div>\n\t\t\t\t<div class=\"elementor-element elementor-element-5ab4d7f elementor-widget elementor-widget-text-editor\" data-id=\"5ab4d7f\" data-element_type=\"widget\" data-widget_type=\"text-editor.default\">\n\t\t\t\t<div class=\"elementor-widget-container\">\n\t\t\t\t\t\t\t\t\tCLIENT \/ QUALITY \/ TEAM\t\t\t\t\t\t\t\t<\/div>\n\t\t\t\t<\/div>\n\t\t\t\t<\/div>\n\t\t<div class=\"elementor-element elementor-element-318e9c8 e-con-full e-flex e-con e-child\" data-id=\"318e9c8\" data-element_type=\"container\">\n\t\t\t\t<div class=\"elementor-element elementor-element-36595b5 elementor-widget elementor-widget-heading\" data-id=\"36595b5\" data-element_type=\"widget\" data-widget_type=\"heading.default\">\n\t\t\t\t<div class=\"elementor-widget-container\">\n\t\t\t\t\t<h2 class=\"elementor-heading-title elementor-size-default\">Our motto<\/h2>\t\t\t\t<\/div>\n\t\t\t\t<\/div>\n\t\t\t\t<div class=\"elementor-element elementor-element-5bea858 elementor-widget elementor-widget-text-editor\" data-id=\"5bea858\" data-element_type=\"widget\" data-widget_type=\"text-editor.default\">\n\t\t\t\t<div class=\"elementor-widget-container\">\n\t\t\t\t\t\t\t\t\t<p>\u201cWe help you save your most precious commodity - time.\u201d.<\/p>\t\t\t\t\t\t\t\t<\/div>\n\t\t\t\t<\/div>\n\t\t\t\t<\/div>\n\t\t<div class=\"elementor-element elementor-element-426276a e-con-full e-flex e-con e-child\" data-id=\"426276a\" data-element_type=\"container\">\n\t\t\t\t<div class=\"elementor-element elementor-element-3e6e0e3 elementor-widget elementor-widget-heading\" data-id=\"3e6e0e3\" data-element_type=\"widget\" data-widget_type=\"heading.default\">\n\t\t\t\t<div class=\"elementor-widget-container\">\n\t\t\t\t\t<h2 class=\"elementor-heading-title elementor-size-default\">About the company<\/h2>\t\t\t\t<\/div>\n\t\t\t\t<\/div>\n\t\t\t\t<div class=\"elementor-element elementor-element-74c2d73 elementor-widget elementor-widget-text-editor\" data-id=\"74c2d73\" data-element_type=\"widget\" data-widget_type=\"text-editor.default\">\n\t\t\t\t<div class=\"elementor-widget-container\">\n\t\t\t\t\t\t\t\t\t<p>SIA <strong>\u201cLatvian Food Producer\u201d<\/strong> is one of the leading fresh culinary production companies in Latvia, offering customers a diverse range of products from high-quality ingredients, without added preservatives or food additives.<\/p><p>The company's product range includes over 100 types of culinary products \u2013 main courses, salads, sandwiches, soups, pancakes, desserts, and other items that customers know under the \u201cLatvijas Labumi\u201d brand. We also provide private label product manufacturing for several well-known companies across Latvia. <strong>(ELVI, Narvesen, Wolt, Bolt Food etc.)<\/strong>, producing 850 tonnes of product per year.<\/p><p><strong>Latvian Food Manufacturer<\/strong> Act sustainably. The production process uses renewable energy sources, modern technologies, and raw materials of proven origin. The company is also gradually phasing out the use of cage eggs in its products. SIA Latvijas P\u0101rtikas Ra\u017eot\u0101js commits to ceasing the use of cage eggs by 2025.<\/p><p>The company's production process is certified with the international food safety management system certificate ISO 22000:2018, which confirms that we adhere to internationally recognised food safety standards in our production process and guarantee a high quality for our products.<\/p><p>SIA <strong>\u201cLatvian Food Producer\u201d<\/strong> The professional team comprises over 70 employees with many years of experience in the industry.<\/p><p>Choose a brand <strong>\u201cLatvian Goodies\u201d<\/strong>!<\/p>\t\t\t\t\t\t\t\t<\/div>\n\t\t\t\t<\/div>\n\t\t\t\t<\/div>\n\t\t\t\t<div class=\"elementor-element elementor-element-db128d4 elementor-widget elementor-widget-image\" data-id=\"db128d4\" data-element_type=\"widget\" data-widget_type=\"image.default\">\n\t\t\t\t<div class=\"elementor-widget-container\">\n\t\t\t\t\t\t\t\t\t\t\t\t\t\t\t<img fetchpriority=\"high\" decoding=\"async\" width=\"800\" height=\"554\" src=\"https:\/\/latpartika.lv\/wp-content\/uploads\/2026\/01\/elfla.jpg\" class=\"attachment-large size-large wp-image-1117\" alt=\"\" srcset=\"https:\/\/latpartika.lv\/wp-content\/uploads\/2026\/01\/elfla.jpg 1000w, https:\/\/latpartika.lv\/wp-content\/uploads\/2026\/01\/elfla-300x208.jpg 300w, https:\/\/latpartika.lv\/wp-content\/uploads\/2026\/01\/elfla-768x531.jpg 768w, https:\/\/latpartika.lv\/wp-content\/uploads\/2026\/01\/elfla-600x415.jpg 600w\" sizes=\"(max-width: 800px) 100vw, 800px\" \/>\t\t\t\t\t\t\t\t\t\t\t\t\t\t\t<\/div>\n\t\t\t\t<\/div>\n\t\t<div class=\"elementor-element elementor-element-bb52a99 e-con-full e-flex e-con e-child\" data-id=\"bb52a99\" data-element_type=\"container\">\n\t\t<div class=\"elementor-element elementor-element-655f9ee e-con-full e-flex e-con e-child\" data-id=\"655f9ee\" data-element_type=\"container\">\n\t\t\t\t<div class=\"elementor-element elementor-element-ffcb32a elementor-widget elementor-widget-spacer\" data-id=\"ffcb32a\" data-element_type=\"widget\" data-widget_type=\"spacer.default\">\n\t\t\t\t<div class=\"elementor-widget-container\">\n\t\t\t\t\t\t\t<div class=\"elementor-spacer\">\n\t\t\t<div class=\"elementor-spacer-inner\"><\/div>\n\t\t<\/div>\n\t\t\t\t\t\t<\/div>\n\t\t\t\t<\/div>\n\t\t\t\t<div class=\"elementor-element elementor-element-076c9f2 elementor-widget elementor-widget-heading\" data-id=\"076c9f2\" data-element_type=\"widget\" data-widget_type=\"heading.default\">\n\t\t\t\t<div class=\"elementor-widget-container\">\n\t\t\t\t\t<h2 class=\"elementor-heading-title elementor-size-default\">Where to buy our products:<\/h2>\t\t\t\t<\/div>\n\t\t\t\t<\/div>\n\t\t\t\t<div class=\"elementor-element elementor-element-70efa10 elementor-widget elementor-widget-spacer\" data-id=\"70efa10\" data-element_type=\"widget\" data-widget_type=\"spacer.default\">\n\t\t\t\t<div class=\"elementor-widget-container\">\n\t\t\t\t\t\t\t<div class=\"elementor-spacer\">\n\t\t\t<div class=\"elementor-spacer-inner\"><\/div>\n\t\t<\/div>\n\t\t\t\t\t\t<\/div>\n\t\t\t\t<\/div>\n\t\t\t\t<div class=\"elementor-element elementor-element-6c3bbbf elementor-skin-carousel elementor-arrows-yes elementor-widget elementor-widget-media-carousel\" data-id=\"6c3bbbf\" data-element_type=\"widget\" data-settings=\"{&quot;slides_per_view&quot;:&quot;7&quot;,&quot;skin&quot;:&quot;carousel&quot;,&quot;effect&quot;:&quot;slide&quot;,&quot;show_arrows&quot;:&quot;yes&quot;,&quot;speed&quot;:500,&quot;autoplay&quot;:&quot;yes&quot;,&quot;autoplay_speed&quot;:5000,&quot;loop&quot;:&quot;yes&quot;,&quot;pause_on_hover&quot;:&quot;yes&quot;,&quot;pause_on_interaction&quot;:&quot;yes&quot;,&quot;space_between&quot;:{&quot;unit&quot;:&quot;px&quot;,&quot;size&quot;:10,&quot;sizes&quot;:[]},&quot;space_between_tablet&quot;:{&quot;unit&quot;:&quot;px&quot;,&quot;size&quot;:10,&quot;sizes&quot;:[]},&quot;space_between_mobile&quot;:{&quot;unit&quot;:&quot;px&quot;,&quot;size&quot;:10,&quot;sizes&quot;:[]}}\" data-widget_type=\"media-carousel.default\">\n\t\t\t\t<div class=\"elementor-widget-container\">\n\t\t\t\t\t\t\t\t\t<div class=\"elementor-swiper\">\n\t\t\t\t\t<div class=\"elementor-main-swiper swiper\" role=\"region\" aria-roledescription=\"carousel\" aria-label=\"Slides\">\n\t\t\t\t<div class=\"swiper-wrapper\">\n\t\t\t\t\t\t\t\t\t\t\t<div class=\"swiper-slide\" role=\"group\" aria-roledescription=\"slide\">\n\t\t\t\t\t\t\t<a href=\"https:\/\/elvi.lv\/\" target=\"_blank\">\t\t<div class=\"elementor-carousel-image\" role=\"img\" aria-label=\"Elvi logo\" style=\"background-image: url(&#039;https:\/\/latpartika.lv\/wp-content\/uploads\/2024\/11\/1_Elvi_logo.jpg&#039;)\">\n\n\t\t\t\n\t\t\t\t\t<\/div>\n\t\t<\/a>\t\t\t\t\t\t<\/div>\n\t\t\t\t\t\t\t\t\t\t\t<div class=\"swiper-slide\" role=\"group\" aria-roledescription=\"slide\">\n\t\t\t\t\t\t\t<a href=\"https:\/\/aibe.lv\/\" target=\"_blank\">\t\t<div class=\"elementor-carousel-image\" role=\"img\" aria-label=\"2_Aibe-logo\" style=\"background-image: url(&#039;https:\/\/latpartika.lv\/wp-content\/uploads\/2024\/11\/2_Aibe-logo.jpg&#039;)\">\n\n\t\t\t\n\t\t\t\t\t<\/div>\n\t\t<\/a>\t\t\t\t\t\t<\/div>\n\t\t\t\t\t\t\t\t\t\t\t<div class=\"swiper-slide\" role=\"group\" aria-roledescription=\"slide\">\n\t\t\t\t\t\t\t<a href=\"https:\/\/www.stockmann.lv\/\" target=\"_blank\">\t\t<div class=\"elementor-carousel-image\" role=\"img\" aria-label=\"3_Stockmann_logo\" style=\"background-image: url(&#039;https:\/\/latpartika.lv\/wp-content\/uploads\/2024\/11\/3_Stockmann_logo.jpg&#039;)\">\n\n\t\t\t\n\t\t\t\t\t<\/div>\n\t\t<\/a>\t\t\t\t\t\t<\/div>\n\t\t\t\t\t\t\t\t\t\t\t<div class=\"swiper-slide\" role=\"group\" aria-roledescription=\"slide\">\n\t\t\t\t\t\t\t<a href=\"https:\/\/narvesen.lv\" target=\"_blank\">\t\t<div class=\"elementor-carousel-image\" role=\"img\" aria-label=\"4_narvesen\" style=\"background-image: url(&#039;https:\/\/latpartika.lv\/wp-content\/uploads\/2024\/11\/4_narvesen.jpg&#039;)\">\n\n\t\t\t\n\t\t\t\t\t<\/div>\n\t\t<\/a>\t\t\t\t\t\t<\/div>\n\t\t\t\t\t\t\t\t\t\t\t<div class=\"swiper-slide\" role=\"group\" aria-roledescription=\"slide\">\n\t\t\t\t\t\t\t<a href=\"https:\/\/www.ikea.lv\" target=\"_blank\">\t\t<div class=\"elementor-carousel-image\" role=\"img\" aria-label=\"5_IKEA-logo\" style=\"background-image: url(&#039;https:\/\/latpartika.lv\/wp-content\/uploads\/2024\/11\/5_IKEA-logo.jpg&#039;)\">\n\n\t\t\t\n\t\t\t\t\t<\/div>\n\t\t<\/a>\t\t\t\t\t\t<\/div>\n\t\t\t\t\t\t\t\t\t\t\t<div class=\"swiper-slide\" role=\"group\" aria-roledescription=\"slide\">\n\t\t\t\t\t\t\t<a href=\"https:\/\/etop.lv\" target=\"_blank\">\t\t<div class=\"elementor-carousel-image\" role=\"img\" aria-label=\"6_TOP-logo\" style=\"background-image: url(&#039;https:\/\/latpartika.lv\/wp-content\/uploads\/2024\/11\/6_TOP-logo.jpg&#039;)\">\n\n\t\t\t\n\t\t\t\t\t<\/div>\n\t\t<\/a>\t\t\t\t\t\t<\/div>\n\t\t\t\t\t\t\t\t\t\t\t<div class=\"swiper-slide\" role=\"group\" aria-roledescription=\"slide\">\n\t\t\t\t\t\t\t<a href=\"https:\/\/www.latts.lv\/\" target=\"_blank\">\t\t<div class=\"elementor-carousel-image\" role=\"img\" aria-label=\"7_LATS-logo\" style=\"background-image: url(&#039;https:\/\/latpartika.lv\/wp-content\/uploads\/2024\/11\/7_LATS-logo.jpg&#039;)\">\n\n\t\t\t\n\t\t\t\t\t<\/div>\n\t\t<\/a>\t\t\t\t\t\t<\/div>\n\t\t\t\t\t\t\t\t\t\t\t<div class=\"swiper-slide\" role=\"group\" aria-roledescription=\"slide\">\n\t\t\t\t\t\t\t<a href=\"https:\/\/wolt.com\/lv\" target=\"_blank\">\t\t<div class=\"elementor-carousel-image\" role=\"img\" aria-label=\"8_wolt_logo\" style=\"background-image: url(&#039;https:\/\/latpartika.lv\/wp-content\/uploads\/2024\/11\/8_wolt_logo.png&#039;)\">\n\n\t\t\t\n\t\t\t\t\t<\/div>\n\t\t<\/a>\t\t\t\t\t\t<\/div>\n\t\t\t\t\t\t\t\t\t\t\t<div class=\"swiper-slide\" role=\"group\" aria-roledescription=\"slide\">\n\t\t\t\t\t\t\t<a href=\"https:\/\/bolt.eu\/en-lv\/food\" target=\"_blank\">\t\t<div class=\"elementor-carousel-image\" role=\"img\" aria-label=\"9_bolt-food\" style=\"background-image: url(&#039;https:\/\/latpartika.lv\/wp-content\/uploads\/2024\/11\/9_bolt-food.png&#039;)\">\n\n\t\t\t\n\t\t\t\t\t<\/div>\n\t\t<\/a>\t\t\t\t\t\t<\/div>\n\t\t\t\t\t\t\t\t\t<\/div>\n\t\t\t\t\t\t\t\t\t\t\t\t\t\t\t<div class=\"elementor-swiper-button elementor-swiper-button-prev\" role=\"button\" tabindex=\"0\" aria-label=\"Previous\">\n\t\t\t\t\t\t\t<svg aria-hidden=\"true\" class=\"e-font-icon-svg e-eicon-chevron-left\" viewbox=\"0 0 1000 1000\" xmlns=\"http:\/\/www.w3.org\/2000\/svg\"><path d=\"M646 125C629 125 613 133 604 142L308 442C296 454 292 471 292 487 292 504 296 521 308 533L604 854C617 867 629 875 646 875 663 875 679 871 692 858 704 846 713 829 713 812 713 796 708 779 692 767L438 487 692 225C700 217 708 204 708 187 708 171 704 154 692 142 675 129 663 125 646 125Z\"><\/path><\/svg>\t\t\t\t\t\t<\/div>\n\t\t\t\t\t\t<div class=\"elementor-swiper-button elementor-swiper-button-next\" role=\"button\" tabindex=\"0\" aria-label=\"Next\">\n\t\t\t\t\t\t\t<svg aria-hidden=\"true\" class=\"e-font-icon-svg e-eicon-chevron-right\" viewbox=\"0 0 1000 1000\" xmlns=\"http:\/\/www.w3.org\/2000\/svg\"><path d=\"M696 533C708 521 713 504 713 487 713 471 708 454 696 446L400 146C388 133 375 125 354 125 338 125 325 129 313 142 300 154 292 171 292 187 292 204 296 221 308 233L563 492 304 771C292 783 288 800 288 817 288 833 296 850 308 863 321 871 338 875 354 875 371 875 388 867 400 854L696 533Z\"><\/path><\/svg>\t\t\t\t\t\t<\/div>\n\t\t\t\t\t\t\t\t\t\t\t\t\t\t\t\t\t<\/div>\n\t\t\t\t<\/div>\n\t\t\t\t\t\t\t\t<\/div>\n\t\t\t\t<\/div>\n\t\t\t\t<\/div>\n\t\t\t\t<\/div>\n\t\t\t\t<div class=\"elementor-element elementor-element-102d6b9 elementor-widget elementor-widget-image\" data-id=\"102d6b9\" data-element_type=\"widget\" data-widget_type=\"image.default\">\n\t\t\t\t<div class=\"elementor-widget-container\">\n\t\t\t\t\t\t\t\t\t\t\t\t\t\t\t<img decoding=\"async\" width=\"125\" height=\"126\" src=\"https:\/\/latpartika.lv\/wp-content\/uploads\/2024\/11\/iso.jpg\" class=\"attachment-large size-large wp-image-156\" alt=\"\" srcset=\"https:\/\/latpartika.lv\/wp-content\/uploads\/2024\/11\/iso.jpg 125w, https:\/\/latpartika.lv\/wp-content\/uploads\/2024\/11\/iso-100x100.jpg 100w\" sizes=\"(max-width: 125px) 100vw, 125px\" \/>\t\t\t\t\t\t\t\t\t\t\t\t\t\t\t<\/div>\n\t\t\t\t<\/div>\n\t\t\t\t\t<\/div>\n\t\t\t\t<\/div>\n\t\t\t\t<\/div>","protected":false},"excerpt":{"rendered":"<p>M\u0113s pied\u0101v\u0101jam: K\u013c\u016bt par atpaz\u012bstam\u0101ko kvalitat\u012bvas svaig\u0101s kulin\u0101rijas un sald\u0113t\u0101s konditorejas ra\u017eot\u0101ju Latvij\u0101 M\u016bsu misija Viegl\u0101ka un gar\u0161\u012bg\u0101ka ikdiena M\u016bsu v\u0113rt\u012bbas KLIENTS \/ KVALIT\u0100TE \/ KOMANDA M\u016bsu moto \u201cM\u0113s pal\u012bdzam Jums ietaup\u012bt pa\u0161u d\u0101rg\u0101ko \u2013 laiku\u201d. Par uz\u0146\u0113mumu SIA \u201cLatvijas P\u0101rtikas ra\u017eot\u0101js\u201d ir viens no vado\u0161ajiem svaig\u0101s kulin\u0101rijas ra\u017eo\u0161anas uz\u0146\u0113mumiem Latvij\u0101, kas pied\u0101v\u0101 klientiem daudzveid\u012bgu [&hellip;]<\/p>\n","protected":false},"author":1,"featured_media":0,"parent":0,"menu_order":3,"comment_status":"closed","ping_status":"closed","template":"elementor_header_footer","meta":{"footnotes":""},"class_list":["post-80","page","type-page","status-publish","hentry"],"yoast_head":"<!-- This site is optimized with the Yoast SEO plugin v27.3 - https:\/\/yoast.com\/product\/yoast-seo-wordpress\/ -->\n<title>Par mums - Latvijas p\u0101rtikas ra\u017eot\u0101js<\/title>\n<meta name=\"robots\" content=\"index, follow, max-snippet:-1, max-image-preview:large, max-video-preview:-1\" \/>\n<link rel=\"canonical\" href=\"https:\/\/latpartika.lv\/en\/about-us\/\" \/>\n<meta property=\"og:locale\" content=\"en_GB\" \/>\n<meta property=\"og:type\" content=\"article\" \/>\n<meta property=\"og:title\" content=\"Par mums - Latvijas p\u0101rtikas ra\u017eot\u0101js\" \/>\n<meta property=\"og:description\" content=\"M\u0113s pied\u0101v\u0101jam: K\u013c\u016bt par atpaz\u012bstam\u0101ko kvalitat\u012bvas svaig\u0101s kulin\u0101rijas un sald\u0113t\u0101s konditorejas ra\u017eot\u0101ju Latvij\u0101 M\u016bsu misija Viegl\u0101ka un gar\u0161\u012bg\u0101ka ikdiena M\u016bsu v\u0113rt\u012bbas KLIENTS \/ KVALIT\u0100TE \/ KOMANDA M\u016bsu moto \u201cM\u0113s pal\u012bdzam Jums ietaup\u012bt pa\u0161u d\u0101rg\u0101ko \u2013 laiku\u201d. Par uz\u0146\u0113mumu SIA \u201cLatvijas P\u0101rtikas ra\u017eot\u0101js\u201d ir viens no vado\u0161ajiem svaig\u0101s kulin\u0101rijas ra\u017eo\u0161anas uz\u0146\u0113mumiem Latvij\u0101, kas pied\u0101v\u0101 klientiem daudzveid\u012bgu [&hellip;]\" \/>\n<meta property=\"og:url\" content=\"https:\/\/latpartika.lv\/en\/about-us\/\" \/>\n<meta property=\"og:site_name\" content=\"Latvijas p\u0101rtikas ra\u017eot\u0101js\" \/>\n<meta property=\"article:modified_time\" content=\"2026-01-22T09:41:16+00:00\" \/>\n<meta property=\"og:image\" content=\"https:\/\/latpartika.lv\/wp-content\/uploads\/2026\/01\/elfla.jpg\" \/>\n<meta name=\"twitter:card\" content=\"summary_large_image\" \/>\n<meta name=\"twitter:label1\" content=\"Estimated reading time\" \/>\n\t<meta name=\"twitter:data1\" content=\"2 minutes\" \/>\n<script type=\"application\/ld+json\" class=\"yoast-schema-graph\">{\"@context\":\"https:\\\/\\\/schema.org\",\"@graph\":[{\"@type\":\"WebPage\",\"@id\":\"https:\\\/\\\/latpartika.lv\\\/par-mums\",\"url\":\"https:\\\/\\\/latpartika.lv\\\/par-mums\",\"name\":\"Par mums - Latvijas p\u0101rtikas ra\u017eot\u0101js\",\"isPartOf\":{\"@id\":\"https:\\\/\\\/latpartika.lv\\\/#website\"},\"primaryImageOfPage\":{\"@id\":\"https:\\\/\\\/latpartika.lv\\\/par-mums#primaryimage\"},\"image\":{\"@id\":\"https:\\\/\\\/latpartika.lv\\\/par-mums#primaryimage\"},\"thumbnailUrl\":\"https:\\\/\\\/latpartika.lv\\\/wp-content\\\/uploads\\\/2026\\\/01\\\/elfla.jpg\",\"datePublished\":\"2024-11-08T19:41:52+00:00\",\"dateModified\":\"2026-01-22T09:41:16+00:00\",\"breadcrumb\":{\"@id\":\"https:\\\/\\\/latpartika.lv\\\/par-mums#breadcrumb\"},\"inLanguage\":\"en-GB\",\"potentialAction\":[{\"@type\":\"ReadAction\",\"target\":[\"https:\\\/\\\/latpartika.lv\\\/par-mums\"]}]},{\"@type\":\"ImageObject\",\"inLanguage\":\"en-GB\",\"@id\":\"https:\\\/\\\/latpartika.lv\\\/par-mums#primaryimage\",\"url\":\"https:\\\/\\\/latpartika.lv\\\/wp-content\\\/uploads\\\/2026\\\/01\\\/elfla.jpg\",\"contentUrl\":\"https:\\\/\\\/latpartika.lv\\\/wp-content\\\/uploads\\\/2026\\\/01\\\/elfla.jpg\"},{\"@type\":\"BreadcrumbList\",\"@id\":\"https:\\\/\\\/latpartika.lv\\\/par-mums#breadcrumb\",\"itemListElement\":[{\"@type\":\"ListItem\",\"position\":1,\"name\":\"Home\",\"item\":\"https:\\\/\\\/latpartika.lv\\\/en\\\/\"},{\"@type\":\"ListItem\",\"position\":2,\"name\":\"Par mums\"}]},{\"@type\":\"WebSite\",\"@id\":\"https:\\\/\\\/latpartika.lv\\\/#website\",\"url\":\"https:\\\/\\\/latpartika.lv\\\/\",\"name\":\"Latvijas p\u0101rtikas ra\u017eot\u0101js\",\"description\":\"Svaigi produkti no kvalitat\u012bv\u0101m izejviel\u0101m!\",\"publisher\":{\"@id\":\"https:\\\/\\\/latpartika.lv\\\/#organization\"},\"potentialAction\":[{\"@type\":\"SearchAction\",\"target\":{\"@type\":\"EntryPoint\",\"urlTemplate\":\"https:\\\/\\\/latpartika.lv\\\/?s={search_term_string}\"},\"query-input\":{\"@type\":\"PropertyValueSpecification\",\"valueRequired\":true,\"valueName\":\"search_term_string\"}}],\"inLanguage\":\"en-GB\"},{\"@type\":\"Organization\",\"@id\":\"https:\\\/\\\/latpartika.lv\\\/#organization\",\"name\":\"Latvijas p\u0101rtikas ra\u017eot\u0101js\",\"url\":\"https:\\\/\\\/latpartika.lv\\\/\",\"logo\":{\"@type\":\"ImageObject\",\"inLanguage\":\"en-GB\",\"@id\":\"https:\\\/\\\/latpartika.lv\\\/#\\\/schema\\\/logo\\\/image\\\/\",\"url\":\"https:\\\/\\\/latpartika.lv\\\/wp-content\\\/uploads\\\/2024\\\/11\\\/LPR_logo_balts.svg\",\"contentUrl\":\"https:\\\/\\\/latpartika.lv\\\/wp-content\\\/uploads\\\/2024\\\/11\\\/LPR_logo_balts.svg\",\"width\":425,\"height\":589,\"caption\":\"Latvijas p\u0101rtikas ra\u017eot\u0101js\"},\"image\":{\"@id\":\"https:\\\/\\\/latpartika.lv\\\/#\\\/schema\\\/logo\\\/image\\\/\"}}]}<\/script>\n<!-- \/ Yoast SEO plugin. -->","yoast_head_json":{"title":"About Us - Latvian Food Manufacturer","robots":{"index":"index","follow":"follow","max-snippet":"max-snippet:-1","max-image-preview":"max-image-preview:large","max-video-preview":"max-video-preview:-1"},"canonical":"https:\/\/latpartika.lv\/en\/about-us\/","og_locale":"en_GB","og_type":"article","og_title":"Par mums - Latvijas p\u0101rtikas ra\u017eot\u0101js","og_description":"M\u0113s pied\u0101v\u0101jam: K\u013c\u016bt par atpaz\u012bstam\u0101ko kvalitat\u012bvas svaig\u0101s kulin\u0101rijas un sald\u0113t\u0101s konditorejas ra\u017eot\u0101ju Latvij\u0101 M\u016bsu misija Viegl\u0101ka un gar\u0161\u012bg\u0101ka ikdiena M\u016bsu v\u0113rt\u012bbas KLIENTS \/ KVALIT\u0100TE \/ KOMANDA M\u016bsu moto \u201cM\u0113s pal\u012bdzam Jums ietaup\u012bt pa\u0161u d\u0101rg\u0101ko \u2013 laiku\u201d. Par uz\u0146\u0113mumu SIA \u201cLatvijas P\u0101rtikas ra\u017eot\u0101js\u201d ir viens no vado\u0161ajiem svaig\u0101s kulin\u0101rijas ra\u017eo\u0161anas uz\u0146\u0113mumiem Latvij\u0101, kas pied\u0101v\u0101 klientiem daudzveid\u012bgu [&hellip;]","og_url":"https:\/\/latpartika.lv\/en\/about-us\/","og_site_name":"Latvijas p\u0101rtikas ra\u017eot\u0101js","article_modified_time":"2026-01-22T09:41:16+00:00","og_image":[{"url":"https:\/\/latpartika.lv\/wp-content\/uploads\/2026\/01\/elfla.jpg","type":"","width":"","height":""}],"twitter_card":"summary_large_image","twitter_misc":{"Estimated reading time":"2 minutes"},"schema":{"@context":"https:\/\/schema.org","@graph":[{"@type":"WebPage","@id":"https:\/\/latpartika.lv\/par-mums","url":"https:\/\/latpartika.lv\/par-mums","name":"About Us - Latvian Food Manufacturer","isPartOf":{"@id":"https:\/\/latpartika.lv\/#website"},"primaryImageOfPage":{"@id":"https:\/\/latpartika.lv\/par-mums#primaryimage"},"image":{"@id":"https:\/\/latpartika.lv\/par-mums#primaryimage"},"thumbnailUrl":"https:\/\/latpartika.lv\/wp-content\/uploads\/2026\/01\/elfla.jpg","datePublished":"2024-11-08T19:41:52+00:00","dateModified":"2026-01-22T09:41:16+00:00","breadcrumb":{"@id":"https:\/\/latpartika.lv\/par-mums#breadcrumb"},"inLanguage":"en-GB","potentialAction":[{"@type":"ReadAction","target":["https:\/\/latpartika.lv\/par-mums"]}]},{"@type":"ImageObject","inLanguage":"en-GB","@id":"https:\/\/latpartika.lv\/par-mums#primaryimage","url":"https:\/\/latpartika.lv\/wp-content\/uploads\/2026\/01\/elfla.jpg","contentUrl":"https:\/\/latpartika.lv\/wp-content\/uploads\/2026\/01\/elfla.jpg"},{"@type":"BreadcrumbList","@id":"https:\/\/latpartika.lv\/par-mums#breadcrumb","itemListElement":[{"@type":"ListItem","position":1,"name":"Home","item":"https:\/\/latpartika.lv\/en\/"},{"@type":"ListItem","position":2,"name":"Par mums"}]},{"@type":"WebSite","@id":"https:\/\/latpartika.lv\/#website","url":"https:\/\/latpartika.lv\/","name":"Latvian food producer","description":"Fresh produce from quality ingredients!","publisher":{"@id":"https:\/\/latpartika.lv\/#organization"},"potentialAction":[{"@type":"SearchAction","target":{"@type":"EntryPoint","urlTemplate":"https:\/\/latpartika.lv\/?s={search_term_string}"},"query-input":{"@type":"PropertyValueSpecification","valueRequired":true,"valueName":"search_term_string"}}],"inLanguage":"en-GB"},{"@type":"Organization","@id":"https:\/\/latpartika.lv\/#organization","name":"Latvian food producer","url":"https:\/\/latpartika.lv\/","logo":{"@type":"ImageObject","inLanguage":"en-GB","@id":"https:\/\/latpartika.lv\/#\/schema\/logo\/image\/","url":"https:\/\/latpartika.lv\/wp-content\/uploads\/2024\/11\/LPR_logo_balts.svg","contentUrl":"https:\/\/latpartika.lv\/wp-content\/uploads\/2024\/11\/LPR_logo_balts.svg","width":425,"height":589,"caption":"Latvijas p\u0101rtikas ra\u017eot\u0101js"},"image":{"@id":"https:\/\/latpartika.lv\/#\/schema\/logo\/image\/"}}]}},"_links":{"self":[{"href":"https:\/\/latpartika.lv\/en\/wp-json\/wp\/v2\/pages\/80","targetHints":{"allow":["GET"]}}],"collection":[{"href":"https:\/\/latpartika.lv\/en\/wp-json\/wp\/v2\/pages"}],"about":[{"href":"https:\/\/latpartika.lv\/en\/wp-json\/wp\/v2\/types\/page"}],"author":[{"embeddable":true,"href":"https:\/\/latpartika.lv\/en\/wp-json\/wp\/v2\/users\/1"}],"replies":[{"embeddable":true,"href":"https:\/\/latpartika.lv\/en\/wp-json\/wp\/v2\/comments?post=80"}],"version-history":[{"count":0,"href":"https:\/\/latpartika.lv\/en\/wp-json\/wp\/v2\/pages\/80\/revisions"}],"wp:attachment":[{"href":"https:\/\/latpartika.lv\/en\/wp-json\/wp\/v2\/media?parent=80"}],"curies":[{"name":"wp","href":"https:\/\/api.w.org\/{rel}","templated":true}]}}