{"id":813,"date":"2025-01-03T10:06:44","date_gmt":"2025-01-03T10:06:44","guid":{"rendered":"https:\/\/latpartika.lv\/?page_id=813"},"modified":"2026-01-20T11:22:39","modified_gmt":"2026-01-20T11:22:39","slug":"sandwiches","status":"publish","type":"page","link":"https:\/\/latpartika.lv\/en\/musu-produkti\/sviestmaizes","title":{"rendered":"Sandwiches"},"content":{"rendered":"<div data-elementor-type=\"wp-page\" data-elementor-id=\"813\" class=\"elementor elementor-813\" data-elementor-post-type=\"page\">\n\t\t\t\t<div class=\"elementor-element elementor-element-df26ef2 e-flex e-con-boxed e-con e-parent\" data-id=\"df26ef2\" data-element_type=\"container\">\n\t\t\t\t\t<div class=\"e-con-inner\">\n\t\t<div class=\"elementor-element elementor-element-3f5af00 e-con-full e-flex e-con e-child\" data-id=\"3f5af00\" data-element_type=\"container\">\n\t\t\t\t<div class=\"elementor-element elementor-element-3ae9ffe elementor-product-loop-item--align-center elementor-grid-4 elementor-grid-tablet-3 elementor-grid-mobile-2 elementor-products-grid elementor-wc-products elementor-widget elementor-widget-woocommerce-products\" data-id=\"3ae9ffe\" data-element_type=\"widget\" data-widget_type=\"woocommerce-products.default\">\n\t\t\t\t<div class=\"elementor-widget-container\">\n\t\t\t\t\t<div class=\"woocommerce columns-4\"><ul class=\"products elementor-grid columns-4\">\n<li class=\"product type-product post-847 status-publish first instock product_cat-produkti product_cat-sviestmaizes has-post-thumbnail shipping-taxable product-type-simple\">\n\t<a href=\"https:\/\/latpartika.lv\/en\/product\/sviestmaize-ar-bekonu\" class=\"woocommerce-LoopProduct-link woocommerce-loop-product__link\"><img fetchpriority=\"high\" decoding=\"async\" width=\"300\" height=\"300\" src=\"https:\/\/latpartika.lv\/wp-content\/uploads\/2025\/01\/Sviestmaize-ar-bekonu-300x300.png\" class=\"attachment-woocommerce_thumbnail size-woocommerce_thumbnail\" alt=\"Sandwich with bacon\" srcset=\"https:\/\/latpartika.lv\/wp-content\/uploads\/2025\/01\/Sviestmaize-ar-bekonu-300x300.png 300w, https:\/\/latpartika.lv\/wp-content\/uploads\/2025\/01\/Sviestmaize-ar-bekonu-150x150.png 150w, https:\/\/latpartika.lv\/wp-content\/uploads\/2025\/01\/Sviestmaize-ar-bekonu-100x100.png 100w, https:\/\/latpartika.lv\/wp-content\/uploads\/2025\/01\/Sviestmaize-ar-bekonu.png 500w\" sizes=\"(max-width: 300px) 100vw, 300px\" \/><h2 class=\"woocommerce-loop-product__title\">Sandwich with bacon<\/h2>\n<\/a><a href=\"https:\/\/latpartika.lv\/en\/product\/sviestmaize-ar-bekonu\" aria-describedby=\"woocommerce_loop_add_to_cart_link_describedby_847\" data-quantity=\"1\" class=\"button product_type_simple\" data-product_id=\"847\" data-product_sku=\"\" aria-label=\"Read more about \u201cSviestmaize ar bekonu\u201d\" rel=\"nofollow\" data-success_message=\"\" data-no-translation=\"\" data-trp-gettext=\"\" data-no-translation-aria-label=\"\">Read more<\/a>\t<span id=\"woocommerce_loop_add_to_cart_link_describedby_847\" class=\"screen-reader-text\">\n\t\t\t<\/span>\n<\/li>\n<li class=\"product type-product post-842 status-publish instock product_cat-produkti product_cat-sviestmaizes has-post-thumbnail shipping-taxable product-type-simple\">\n\t<a href=\"https:\/\/latpartika.lv\/en\/product\/sviestmaize-ar-vistu\" class=\"woocommerce-LoopProduct-link woocommerce-loop-product__link\"><img decoding=\"async\" width=\"300\" height=\"300\" src=\"https:\/\/latpartika.lv\/wp-content\/uploads\/2025\/01\/Sviestmaize-ar-vistu-300x300.png\" class=\"attachment-woocommerce_thumbnail size-woocommerce_thumbnail\" alt=\"Sandwich with chicken\" srcset=\"https:\/\/latpartika.lv\/wp-content\/uploads\/2025\/01\/Sviestmaize-ar-vistu-300x300.png 300w, https:\/\/latpartika.lv\/wp-content\/uploads\/2025\/01\/Sviestmaize-ar-vistu-150x150.png 150w, https:\/\/latpartika.lv\/wp-content\/uploads\/2025\/01\/Sviestmaize-ar-vistu-100x100.png 100w, https:\/\/latpartika.lv\/wp-content\/uploads\/2025\/01\/Sviestmaize-ar-vistu.png 500w\" sizes=\"(max-width: 300px) 100vw, 300px\" \/><h2 class=\"woocommerce-loop-product__title\">Sandwich with chicken<\/h2>\n<\/a><a href=\"https:\/\/latpartika.lv\/en\/product\/sviestmaize-ar-vistu\" aria-describedby=\"woocommerce_loop_add_to_cart_link_describedby_842\" data-quantity=\"1\" class=\"button product_type_simple\" data-product_id=\"842\" data-product_sku=\"\" aria-label=\"Read more about \u201cSviestmaize ar vistu\u201d\" rel=\"nofollow\" data-success_message=\"\" data-no-translation=\"\" data-trp-gettext=\"\" data-no-translation-aria-label=\"\">Read more<\/a>\t<span id=\"woocommerce_loop_add_to_cart_link_describedby_842\" class=\"screen-reader-text\">\n\t\t\t<\/span>\n<\/li>\n<li class=\"product type-product post-830 status-publish instock product_cat-produkti product_cat-sviestmaizes has-post-thumbnail shipping-taxable product-type-simple\">\n\t<a href=\"https:\/\/latpartika.lv\/en\/product\/sviestmaize-ar-lasi\" class=\"woocommerce-LoopProduct-link woocommerce-loop-product__link\"><img decoding=\"async\" width=\"300\" height=\"300\" src=\"https:\/\/latpartika.lv\/wp-content\/uploads\/2025\/01\/Sviestmaize-ar-lasi-300x300.png\" class=\"attachment-woocommerce_thumbnail size-woocommerce_thumbnail\" alt=\"Sandwich with salmon\" srcset=\"https:\/\/latpartika.lv\/wp-content\/uploads\/2025\/01\/Sviestmaize-ar-lasi-300x300.png 300w, https:\/\/latpartika.lv\/wp-content\/uploads\/2025\/01\/Sviestmaize-ar-lasi-150x150.png 150w, https:\/\/latpartika.lv\/wp-content\/uploads\/2025\/01\/Sviestmaize-ar-lasi-100x100.png 100w, https:\/\/latpartika.lv\/wp-content\/uploads\/2025\/01\/Sviestmaize-ar-lasi.png 500w\" sizes=\"(max-width: 300px) 100vw, 300px\" \/><h2 class=\"woocommerce-loop-product__title\">Sandwich with salmon<\/h2>\n<\/a><a href=\"https:\/\/latpartika.lv\/en\/product\/sviestmaize-ar-lasi\" aria-describedby=\"woocommerce_loop_add_to_cart_link_describedby_830\" data-quantity=\"1\" class=\"button product_type_simple\" data-product_id=\"830\" data-product_sku=\"\" aria-label=\"Read more about \u201cSviestmaize ar lasi\u201d\" rel=\"nofollow\" data-success_message=\"\" data-no-translation=\"\" data-trp-gettext=\"\" data-no-translation-aria-label=\"\">Read more<\/a>\t<span id=\"woocommerce_loop_add_to_cart_link_describedby_830\" class=\"screen-reader-text\">\n\t\t\t<\/span>\n<\/li>\n<li class=\"product type-product post-815 status-publish last instock product_cat-produkti product_cat-sviestmaizes has-post-thumbnail shipping-taxable product-type-simple\">\n\t<a href=\"https:\/\/latpartika.lv\/en\/product\/dubulta-karstmaize-ar-kupinatu-skinki\" class=\"woocommerce-LoopProduct-link woocommerce-loop-product__link\"><img loading=\"lazy\" decoding=\"async\" width=\"300\" height=\"300\" src=\"https:\/\/latpartika.lv\/wp-content\/uploads\/2025\/01\/Dubulta-karstmaize-ar-kupinatu-skinki-300x300.png\" class=\"attachment-woocommerce_thumbnail size-woocommerce_thumbnail\" alt=\"Double hot bread with smoked ham\" srcset=\"https:\/\/latpartika.lv\/wp-content\/uploads\/2025\/01\/Dubulta-karstmaize-ar-kupinatu-skinki-300x300.png 300w, https:\/\/latpartika.lv\/wp-content\/uploads\/2025\/01\/Dubulta-karstmaize-ar-kupinatu-skinki-150x150.png 150w, https:\/\/latpartika.lv\/wp-content\/uploads\/2025\/01\/Dubulta-karstmaize-ar-kupinatu-skinki-100x100.png 100w, https:\/\/latpartika.lv\/wp-content\/uploads\/2025\/01\/Dubulta-karstmaize-ar-kupinatu-skinki.png 500w\" sizes=\"(max-width: 300px) 100vw, 300px\" \/><h2 class=\"woocommerce-loop-product__title\">Double hot bread with smoked ham<\/h2>\n<\/a><a href=\"https:\/\/latpartika.lv\/en\/product\/dubulta-karstmaize-ar-kupinatu-skinki\" aria-describedby=\"woocommerce_loop_add_to_cart_link_describedby_815\" data-quantity=\"1\" class=\"button product_type_simple\" data-product_id=\"815\" data-product_sku=\"\" aria-label=\"Read more about \u201cDubult\u0101 karstmaize ar k\u016bpin\u0101tu \u0161\u0137i\u0146\u0137i\u201d\" rel=\"nofollow\" data-success_message=\"\" data-no-translation=\"\" data-trp-gettext=\"\" data-no-translation-aria-label=\"\">Read more<\/a>\t<span id=\"woocommerce_loop_add_to_cart_link_describedby_815\" class=\"screen-reader-text\">\n\t\t\t<\/span>\n<\/li>\n<\/ul>\n<\/div>\t\t\t\t<\/div>\n\t\t\t\t<\/div>\n\t\t\t\t<\/div>\n\t\t\t\t\t<\/div>\n\t\t\t\t<\/div>\n\t\t\t\t<\/div>","protected":false},"excerpt":{"rendered":"","protected":false},"author":1,"featured_media":0,"parent":72,"menu_order":4,"comment_status":"closed","ping_status":"closed","template":"elementor_header_footer","meta":{"footnotes":""},"class_list":["post-813","page","type-page","status-publish","hentry"],"yoast_head":"<!-- This site is optimized with the Yoast SEO plugin v27.3 - https:\/\/yoast.com\/product\/yoast-seo-wordpress\/ -->\n<title>Sviestmaizes - Latvijas p\u0101rtikas ra\u017eot\u0101js<\/title>\n<meta name=\"robots\" content=\"index, follow, max-snippet:-1, max-image-preview:large, max-video-preview:-1\" \/>\n<link rel=\"canonical\" href=\"https:\/\/latpartika.lv\/en\/our-products\/sandwiches\/\" \/>\n<meta property=\"og:locale\" content=\"en_GB\" \/>\n<meta property=\"og:type\" content=\"article\" \/>\n<meta property=\"og:title\" content=\"Sviestmaizes - Latvijas p\u0101rtikas ra\u017eot\u0101js\" \/>\n<meta property=\"og:url\" content=\"https:\/\/latpartika.lv\/en\/our-products\/sandwiches\/\" \/>\n<meta property=\"og:site_name\" content=\"Latvijas p\u0101rtikas ra\u017eot\u0101js\" \/>\n<meta property=\"article:modified_time\" content=\"2026-01-20T11:22:39+00:00\" \/>\n<meta name=\"twitter:card\" content=\"summary_large_image\" \/>\n<meta name=\"twitter:label1\" content=\"Estimated reading time\" \/>\n\t<meta name=\"twitter:data1\" content=\"2 minutes\" \/>\n<script type=\"application\/ld+json\" class=\"yoast-schema-graph\">{\"@context\":\"https:\\\/\\\/schema.org\",\"@graph\":[{\"@type\":\"WebPage\",\"@id\":\"https:\\\/\\\/latpartika.lv\\\/musu-produkti\\\/sviestmaizes\",\"url\":\"https:\\\/\\\/latpartika.lv\\\/musu-produkti\\\/sviestmaizes\",\"name\":\"Sviestmaizes - Latvijas p\u0101rtikas ra\u017eot\u0101js\",\"isPartOf\":{\"@id\":\"https:\\\/\\\/latpartika.lv\\\/#website\"},\"datePublished\":\"2025-01-03T10:06:44+00:00\",\"dateModified\":\"2026-01-20T11:22:39+00:00\",\"breadcrumb\":{\"@id\":\"https:\\\/\\\/latpartika.lv\\\/musu-produkti\\\/sviestmaizes#breadcrumb\"},\"inLanguage\":\"en-GB\",\"potentialAction\":[{\"@type\":\"ReadAction\",\"target\":[\"https:\\\/\\\/latpartika.lv\\\/musu-produkti\\\/sviestmaizes\"]}]},{\"@type\":\"BreadcrumbList\",\"@id\":\"https:\\\/\\\/latpartika.lv\\\/musu-produkti\\\/sviestmaizes#breadcrumb\",\"itemListElement\":[{\"@type\":\"ListItem\",\"position\":1,\"name\":\"Home\",\"item\":\"https:\\\/\\\/latpartika.lv\\\/en\\\/\"},{\"@type\":\"ListItem\",\"position\":2,\"name\":\"M\u016bsu produkti\",\"item\":\"https:\\\/\\\/latpartika.lv\\\/en\\\/our-products\"},{\"@type\":\"ListItem\",\"position\":3,\"name\":\"Sviestmaizes\"}]},{\"@type\":\"WebSite\",\"@id\":\"https:\\\/\\\/latpartika.lv\\\/#website\",\"url\":\"https:\\\/\\\/latpartika.lv\\\/\",\"name\":\"Latvijas p\u0101rtikas ra\u017eot\u0101js\",\"description\":\"Svaigi produkti no kvalitat\u012bv\u0101m izejviel\u0101m!\",\"publisher\":{\"@id\":\"https:\\\/\\\/latpartika.lv\\\/#organization\"},\"potentialAction\":[{\"@type\":\"SearchAction\",\"target\":{\"@type\":\"EntryPoint\",\"urlTemplate\":\"https:\\\/\\\/latpartika.lv\\\/?s={search_term_string}\"},\"query-input\":{\"@type\":\"PropertyValueSpecification\",\"valueRequired\":true,\"valueName\":\"search_term_string\"}}],\"inLanguage\":\"en-GB\"},{\"@type\":\"Organization\",\"@id\":\"https:\\\/\\\/latpartika.lv\\\/#organization\",\"name\":\"Latvijas p\u0101rtikas ra\u017eot\u0101js\",\"url\":\"https:\\\/\\\/latpartika.lv\\\/\",\"logo\":{\"@type\":\"ImageObject\",\"inLanguage\":\"en-GB\",\"@id\":\"https:\\\/\\\/latpartika.lv\\\/#\\\/schema\\\/logo\\\/image\\\/\",\"url\":\"https:\\\/\\\/latpartika.lv\\\/wp-content\\\/uploads\\\/2024\\\/11\\\/LPR_logo_balts.svg\",\"contentUrl\":\"https:\\\/\\\/latpartika.lv\\\/wp-content\\\/uploads\\\/2024\\\/11\\\/LPR_logo_balts.svg\",\"width\":425,\"height\":589,\"caption\":\"Latvijas p\u0101rtikas ra\u017eot\u0101js\"},\"image\":{\"@id\":\"https:\\\/\\\/latpartika.lv\\\/#\\\/schema\\\/logo\\\/image\\\/\"}}]}<\/script>\n<!-- \/ Yoast SEO plugin. -->","yoast_head_json":{"title":"Sandwiches - Latvian food producer","robots":{"index":"index","follow":"follow","max-snippet":"max-snippet:-1","max-image-preview":"max-image-preview:large","max-video-preview":"max-video-preview:-1"},"canonical":"https:\/\/latpartika.lv\/en\/our-products\/sandwiches\/","og_locale":"en_GB","og_type":"article","og_title":"Sviestmaizes - Latvijas p\u0101rtikas ra\u017eot\u0101js","og_url":"https:\/\/latpartika.lv\/en\/our-products\/sandwiches\/","og_site_name":"Latvijas p\u0101rtikas ra\u017eot\u0101js","article_modified_time":"2026-01-20T11:22:39+00:00","twitter_card":"summary_large_image","twitter_misc":{"Estimated reading time":"2 minutes"},"schema":{"@context":"https:\/\/schema.org","@graph":[{"@type":"WebPage","@id":"https:\/\/latpartika.lv\/musu-produkti\/sviestmaizes","url":"https:\/\/latpartika.lv\/musu-produkti\/sviestmaizes","name":"Sandwiches - Latvian food producer","isPartOf":{"@id":"https:\/\/latpartika.lv\/#website"},"datePublished":"2025-01-03T10:06:44+00:00","dateModified":"2026-01-20T11:22:39+00:00","breadcrumb":{"@id":"https:\/\/latpartika.lv\/musu-produkti\/sviestmaizes#breadcrumb"},"inLanguage":"en-GB","potentialAction":[{"@type":"ReadAction","target":["https:\/\/latpartika.lv\/musu-produkti\/sviestmaizes"]}]},{"@type":"BreadcrumbList","@id":"https:\/\/latpartika.lv\/musu-produkti\/sviestmaizes#breadcrumb","itemListElement":[{"@type":"ListItem","position":1,"name":"Home","item":"https:\/\/latpartika.lv\/en\/"},{"@type":"ListItem","position":2,"name":"M\u016bsu produkti","item":"https:\/\/latpartika.lv\/en\/our-products"},{"@type":"ListItem","position":3,"name":"Sviestmaizes"}]},{"@type":"WebSite","@id":"https:\/\/latpartika.lv\/#website","url":"https:\/\/latpartika.lv\/","name":"Latvian food producer","description":"Fresh produce from quality ingredients!","publisher":{"@id":"https:\/\/latpartika.lv\/#organization"},"potentialAction":[{"@type":"SearchAction","target":{"@type":"EntryPoint","urlTemplate":"https:\/\/latpartika.lv\/?s={search_term_string}"},"query-input":{"@type":"PropertyValueSpecification","valueRequired":true,"valueName":"search_term_string"}}],"inLanguage":"en-GB"},{"@type":"Organization","@id":"https:\/\/latpartika.lv\/#organization","name":"Latvian food producer","url":"https:\/\/latpartika.lv\/","logo":{"@type":"ImageObject","inLanguage":"en-GB","@id":"https:\/\/latpartika.lv\/#\/schema\/logo\/image\/","url":"https:\/\/latpartika.lv\/wp-content\/uploads\/2024\/11\/LPR_logo_balts.svg","contentUrl":"https:\/\/latpartika.lv\/wp-content\/uploads\/2024\/11\/LPR_logo_balts.svg","width":425,"height":589,"caption":"Latvijas p\u0101rtikas ra\u017eot\u0101js"},"image":{"@id":"https:\/\/latpartika.lv\/#\/schema\/logo\/image\/"}}]}},"_links":{"self":[{"href":"https:\/\/latpartika.lv\/en\/wp-json\/wp\/v2\/pages\/813","targetHints":{"allow":["GET"]}}],"collection":[{"href":"https:\/\/latpartika.lv\/en\/wp-json\/wp\/v2\/pages"}],"about":[{"href":"https:\/\/latpartika.lv\/en\/wp-json\/wp\/v2\/types\/page"}],"author":[{"embeddable":true,"href":"https:\/\/latpartika.lv\/en\/wp-json\/wp\/v2\/users\/1"}],"replies":[{"embeddable":true,"href":"https:\/\/latpartika.lv\/en\/wp-json\/wp\/v2\/comments?post=813"}],"version-history":[{"count":0,"href":"https:\/\/latpartika.lv\/en\/wp-json\/wp\/v2\/pages\/813\/revisions"}],"up":[{"embeddable":true,"href":"https:\/\/latpartika.lv\/en\/wp-json\/wp\/v2\/pages\/72"}],"wp:attachment":[{"href":"https:\/\/latpartika.lv\/en\/wp-json\/wp\/v2\/media?parent=813"}],"curies":[{"name":"wp","href":"https:\/\/api.w.org\/{rel}","templated":true}]}}