{"id":856,"date":"2025-01-03T12:05:16","date_gmt":"2025-01-03T12:05:16","guid":{"rendered":"https:\/\/latpartika.lv\/?page_id=856"},"modified":"2026-01-20T11:18:45","modified_gmt":"2026-01-20T11:18:45","slug":"soups","status":"publish","type":"page","link":"https:\/\/latpartika.lv\/en\/musu-produkti\/zupas","title":{"rendered":"Soups"},"content":{"rendered":"<div data-elementor-type=\"wp-page\" data-elementor-id=\"856\" class=\"elementor elementor-856\" data-elementor-post-type=\"page\">\n\t\t\t\t<div class=\"elementor-element elementor-element-df26ef2 e-flex e-con-boxed e-con e-parent\" data-id=\"df26ef2\" data-element_type=\"container\">\n\t\t\t\t\t<div class=\"e-con-inner\">\n\t\t<div class=\"elementor-element elementor-element-3f5af00 e-con-full e-flex e-con e-child\" data-id=\"3f5af00\" data-element_type=\"container\">\n\t\t\t\t<div class=\"elementor-element elementor-element-3ae9ffe elementor-product-loop-item--align-center elementor-grid-4 elementor-grid-tablet-3 elementor-grid-mobile-2 elementor-products-grid elementor-wc-products elementor-widget elementor-widget-woocommerce-products\" data-id=\"3ae9ffe\" data-element_type=\"widget\" data-widget_type=\"woocommerce-products.default\">\n\t\t\t\t<div class=\"elementor-widget-container\">\n\t\t\t\t\t<div class=\"woocommerce columns-4\"><ul class=\"products elementor-grid columns-4\">\n<li class=\"product type-product post-878 status-publish first instock product_cat-produkti product_cat-zupas has-post-thumbnail shipping-taxable product-type-simple\">\n\t<a href=\"https:\/\/latpartika.lv\/en\/product\/frikadelu-zupa\" class=\"woocommerce-LoopProduct-link woocommerce-loop-product__link\"><img fetchpriority=\"high\" decoding=\"async\" width=\"300\" height=\"300\" src=\"https:\/\/latpartika.lv\/wp-content\/uploads\/2025\/01\/Frikadelu-zupa-300x300.png\" class=\"attachment-woocommerce_thumbnail size-woocommerce_thumbnail\" alt=\"Frikadelle soup\" srcset=\"https:\/\/latpartika.lv\/wp-content\/uploads\/2025\/01\/Frikadelu-zupa-300x300.png 300w, https:\/\/latpartika.lv\/wp-content\/uploads\/2025\/01\/Frikadelu-zupa-150x150.png 150w, https:\/\/latpartika.lv\/wp-content\/uploads\/2025\/01\/Frikadelu-zupa-100x100.png 100w, https:\/\/latpartika.lv\/wp-content\/uploads\/2025\/01\/Frikadelu-zupa.png 500w\" sizes=\"(max-width: 300px) 100vw, 300px\" \/><h2 class=\"woocommerce-loop-product__title\">Frikadelle soup<\/h2>\n<\/a><a href=\"https:\/\/latpartika.lv\/en\/product\/frikadelu-zupa\" aria-describedby=\"woocommerce_loop_add_to_cart_link_describedby_878\" data-quantity=\"1\" class=\"button product_type_simple\" data-product_id=\"878\" data-product_sku=\"\" aria-label=\"Read more about \u201cFrikade\u013cu zupa\u201d\" rel=\"nofollow\" data-success_message=\"\" data-no-translation=\"\" data-trp-gettext=\"\" data-no-translation-aria-label=\"\">Read more<\/a>\t<span id=\"woocommerce_loop_add_to_cart_link_describedby_878\" class=\"screen-reader-text\">\n\t\t\t<\/span>\n<\/li>\n<li class=\"product type-product post-874 status-publish instock product_cat-produkti product_cat-zupas has-post-thumbnail shipping-taxable product-type-simple\">\n\t<a href=\"https:\/\/latpartika.lv\/en\/product\/biesu-auksta-zupa\" class=\"woocommerce-LoopProduct-link woocommerce-loop-product__link\"><img decoding=\"async\" width=\"300\" height=\"300\" src=\"https:\/\/latpartika.lv\/wp-content\/uploads\/2025\/01\/Biesu-auksta-zupa-300x300.png\" class=\"attachment-woocommerce_thumbnail size-woocommerce_thumbnail\" alt=\"Beetroot cold soup\" srcset=\"https:\/\/latpartika.lv\/wp-content\/uploads\/2025\/01\/Biesu-auksta-zupa-300x300.png 300w, https:\/\/latpartika.lv\/wp-content\/uploads\/2025\/01\/Biesu-auksta-zupa-150x150.png 150w, https:\/\/latpartika.lv\/wp-content\/uploads\/2025\/01\/Biesu-auksta-zupa-100x100.png 100w, https:\/\/latpartika.lv\/wp-content\/uploads\/2025\/01\/Biesu-auksta-zupa.png 500w\" sizes=\"(max-width: 300px) 100vw, 300px\" \/><h2 class=\"woocommerce-loop-product__title\">Beetroot cold soup<\/h2>\n<\/a><a href=\"https:\/\/latpartika.lv\/en\/product\/biesu-auksta-zupa\" aria-describedby=\"woocommerce_loop_add_to_cart_link_describedby_874\" data-quantity=\"1\" class=\"button product_type_simple\" data-product_id=\"874\" data-product_sku=\"\" aria-label=\"Read more about \u201cBie\u0161u aukst\u0101 zupa\u201d\" rel=\"nofollow\" data-success_message=\"\" data-no-translation=\"\" data-trp-gettext=\"\" data-no-translation-aria-label=\"\">Read more<\/a>\t<span id=\"woocommerce_loop_add_to_cart_link_describedby_874\" class=\"screen-reader-text\">\n\t\t\t<\/span>\n<\/li>\n<li class=\"product type-product post-870 status-publish instock product_cat-produkti product_cat-zupas has-post-thumbnail shipping-taxable product-type-simple\">\n\t<a href=\"https:\/\/latpartika.lv\/en\/product\/originala-solanka\" class=\"woocommerce-LoopProduct-link woocommerce-loop-product__link\"><img decoding=\"async\" width=\"300\" height=\"300\" src=\"https:\/\/latpartika.lv\/wp-content\/uploads\/2025\/01\/Originala-solanka-300x300.png\" class=\"attachment-woocommerce_thumbnail size-woocommerce_thumbnail\" alt=\"Original solanka\" srcset=\"https:\/\/latpartika.lv\/wp-content\/uploads\/2025\/01\/Originala-solanka-300x300.png 300w, https:\/\/latpartika.lv\/wp-content\/uploads\/2025\/01\/Originala-solanka-150x150.png 150w, https:\/\/latpartika.lv\/wp-content\/uploads\/2025\/01\/Originala-solanka-100x100.png 100w, https:\/\/latpartika.lv\/wp-content\/uploads\/2025\/01\/Originala-solanka.png 500w\" sizes=\"(max-width: 300px) 100vw, 300px\" \/><h2 class=\"woocommerce-loop-product__title\">Original solanka<\/h2>\n<\/a><a href=\"https:\/\/latpartika.lv\/en\/product\/originala-solanka\" aria-describedby=\"woocommerce_loop_add_to_cart_link_describedby_870\" data-quantity=\"1\" class=\"button product_type_simple\" data-product_id=\"870\" data-product_sku=\"\" aria-label=\"Read more about \u201cOri\u0123in\u0101l\u0101 so\u013canka\u201d\" rel=\"nofollow\" data-success_message=\"\" data-no-translation=\"\" data-trp-gettext=\"\" data-no-translation-aria-label=\"\">Read more<\/a>\t<span id=\"woocommerce_loop_add_to_cart_link_describedby_870\" class=\"screen-reader-text\">\n\t\t\t<\/span>\n<\/li>\n<li class=\"product type-product post-852 status-publish last instock product_cat-produkti product_cat-zupas has-post-thumbnail shipping-taxable product-type-simple\">\n\t<a href=\"https:\/\/latpartika.lv\/en\/product\/borscs\" class=\"woocommerce-LoopProduct-link woocommerce-loop-product__link\"><img loading=\"lazy\" decoding=\"async\" width=\"300\" height=\"300\" src=\"https:\/\/latpartika.lv\/wp-content\/uploads\/2025\/01\/Borscs-300x300.png\" class=\"attachment-woocommerce_thumbnail size-woocommerce_thumbnail\" alt=\"Borscht\" srcset=\"https:\/\/latpartika.lv\/wp-content\/uploads\/2025\/01\/Borscs-300x300.png 300w, https:\/\/latpartika.lv\/wp-content\/uploads\/2025\/01\/Borscs-150x150.png 150w, https:\/\/latpartika.lv\/wp-content\/uploads\/2025\/01\/Borscs-100x100.png 100w, https:\/\/latpartika.lv\/wp-content\/uploads\/2025\/01\/Borscs.png 500w\" sizes=\"(max-width: 300px) 100vw, 300px\" \/><h2 class=\"woocommerce-loop-product__title\">Borscht<\/h2>\n<\/a><a href=\"https:\/\/latpartika.lv\/en\/product\/borscs\" aria-describedby=\"woocommerce_loop_add_to_cart_link_describedby_852\" data-quantity=\"1\" class=\"button product_type_simple\" data-product_id=\"852\" data-product_sku=\"\" aria-label=\"Read more about \u201cBor\u0161\u010ds\u201d\" rel=\"nofollow\" data-success_message=\"\" data-no-translation=\"\" data-trp-gettext=\"\" data-no-translation-aria-label=\"\">Read more<\/a>\t<span id=\"woocommerce_loop_add_to_cart_link_describedby_852\" class=\"screen-reader-text\">\n\t\t\t<\/span>\n<\/li>\n<\/ul>\n<\/div>\t\t\t\t<\/div>\n\t\t\t\t<\/div>\n\t\t\t\t<\/div>\n\t\t\t\t\t<\/div>\n\t\t\t\t<\/div>\n\t\t\t\t<\/div>","protected":false},"excerpt":{"rendered":"","protected":false},"author":1,"featured_media":0,"parent":72,"menu_order":5,"comment_status":"closed","ping_status":"closed","template":"elementor_header_footer","meta":{"footnotes":""},"class_list":["post-856","page","type-page","status-publish","hentry"],"yoast_head":"<!-- This site is optimized with the Yoast SEO plugin v27.3 - https:\/\/yoast.com\/product\/yoast-seo-wordpress\/ -->\n<title>Zupas - Latvijas p\u0101rtikas ra\u017eot\u0101js<\/title>\n<meta name=\"robots\" content=\"index, follow, max-snippet:-1, max-image-preview:large, max-video-preview:-1\" \/>\n<link rel=\"canonical\" href=\"https:\/\/latpartika.lv\/en\/our-products\/soups\/\" \/>\n<meta property=\"og:locale\" content=\"en_GB\" \/>\n<meta property=\"og:type\" content=\"article\" \/>\n<meta property=\"og:title\" content=\"Zupas - Latvijas p\u0101rtikas ra\u017eot\u0101js\" \/>\n<meta property=\"og:url\" content=\"https:\/\/latpartika.lv\/en\/our-products\/soups\/\" \/>\n<meta property=\"og:site_name\" content=\"Latvijas p\u0101rtikas ra\u017eot\u0101js\" \/>\n<meta property=\"article:modified_time\" content=\"2026-01-20T11:18:45+00:00\" \/>\n<meta name=\"twitter:card\" content=\"summary_large_image\" \/>\n<meta name=\"twitter:label1\" content=\"Estimated reading time\" \/>\n\t<meta name=\"twitter:data1\" content=\"2 minutes\" \/>\n<script type=\"application\/ld+json\" class=\"yoast-schema-graph\">{\"@context\":\"https:\\\/\\\/schema.org\",\"@graph\":[{\"@type\":\"WebPage\",\"@id\":\"https:\\\/\\\/latpartika.lv\\\/musu-produkti\\\/zupas\",\"url\":\"https:\\\/\\\/latpartika.lv\\\/musu-produkti\\\/zupas\",\"name\":\"Zupas - Latvijas p\u0101rtikas ra\u017eot\u0101js\",\"isPartOf\":{\"@id\":\"https:\\\/\\\/latpartika.lv\\\/#website\"},\"datePublished\":\"2025-01-03T12:05:16+00:00\",\"dateModified\":\"2026-01-20T11:18:45+00:00\",\"breadcrumb\":{\"@id\":\"https:\\\/\\\/latpartika.lv\\\/musu-produkti\\\/zupas#breadcrumb\"},\"inLanguage\":\"en-GB\",\"potentialAction\":[{\"@type\":\"ReadAction\",\"target\":[\"https:\\\/\\\/latpartika.lv\\\/musu-produkti\\\/zupas\"]}]},{\"@type\":\"BreadcrumbList\",\"@id\":\"https:\\\/\\\/latpartika.lv\\\/musu-produkti\\\/zupas#breadcrumb\",\"itemListElement\":[{\"@type\":\"ListItem\",\"position\":1,\"name\":\"Home\",\"item\":\"https:\\\/\\\/latpartika.lv\\\/en\\\/\"},{\"@type\":\"ListItem\",\"position\":2,\"name\":\"M\u016bsu produkti\",\"item\":\"https:\\\/\\\/latpartika.lv\\\/en\\\/our-products\"},{\"@type\":\"ListItem\",\"position\":3,\"name\":\"Zupas\"}]},{\"@type\":\"WebSite\",\"@id\":\"https:\\\/\\\/latpartika.lv\\\/#website\",\"url\":\"https:\\\/\\\/latpartika.lv\\\/\",\"name\":\"Latvijas p\u0101rtikas ra\u017eot\u0101js\",\"description\":\"Svaigi produkti no kvalitat\u012bv\u0101m izejviel\u0101m!\",\"publisher\":{\"@id\":\"https:\\\/\\\/latpartika.lv\\\/#organization\"},\"potentialAction\":[{\"@type\":\"SearchAction\",\"target\":{\"@type\":\"EntryPoint\",\"urlTemplate\":\"https:\\\/\\\/latpartika.lv\\\/?s={search_term_string}\"},\"query-input\":{\"@type\":\"PropertyValueSpecification\",\"valueRequired\":true,\"valueName\":\"search_term_string\"}}],\"inLanguage\":\"en-GB\"},{\"@type\":\"Organization\",\"@id\":\"https:\\\/\\\/latpartika.lv\\\/#organization\",\"name\":\"Latvijas p\u0101rtikas ra\u017eot\u0101js\",\"url\":\"https:\\\/\\\/latpartika.lv\\\/\",\"logo\":{\"@type\":\"ImageObject\",\"inLanguage\":\"en-GB\",\"@id\":\"https:\\\/\\\/latpartika.lv\\\/#\\\/schema\\\/logo\\\/image\\\/\",\"url\":\"https:\\\/\\\/latpartika.lv\\\/wp-content\\\/uploads\\\/2024\\\/11\\\/LPR_logo_balts.svg\",\"contentUrl\":\"https:\\\/\\\/latpartika.lv\\\/wp-content\\\/uploads\\\/2024\\\/11\\\/LPR_logo_balts.svg\",\"width\":425,\"height\":589,\"caption\":\"Latvijas p\u0101rtikas ra\u017eot\u0101js\"},\"image\":{\"@id\":\"https:\\\/\\\/latpartika.lv\\\/#\\\/schema\\\/logo\\\/image\\\/\"}}]}<\/script>\n<!-- \/ Yoast SEO plugin. -->","yoast_head_json":{"title":"Zupas - Latvian food producer","robots":{"index":"index","follow":"follow","max-snippet":"max-snippet:-1","max-image-preview":"max-image-preview:large","max-video-preview":"max-video-preview:-1"},"canonical":"https:\/\/latpartika.lv\/en\/our-products\/soups\/","og_locale":"en_GB","og_type":"article","og_title":"Zupas - Latvijas p\u0101rtikas ra\u017eot\u0101js","og_url":"https:\/\/latpartika.lv\/en\/our-products\/soups\/","og_site_name":"Latvijas p\u0101rtikas ra\u017eot\u0101js","article_modified_time":"2026-01-20T11:18:45+00:00","twitter_card":"summary_large_image","twitter_misc":{"Estimated reading time":"2 minutes"},"schema":{"@context":"https:\/\/schema.org","@graph":[{"@type":"WebPage","@id":"https:\/\/latpartika.lv\/musu-produkti\/zupas","url":"https:\/\/latpartika.lv\/musu-produkti\/zupas","name":"Zupas - Latvian food producer","isPartOf":{"@id":"https:\/\/latpartika.lv\/#website"},"datePublished":"2025-01-03T12:05:16+00:00","dateModified":"2026-01-20T11:18:45+00:00","breadcrumb":{"@id":"https:\/\/latpartika.lv\/musu-produkti\/zupas#breadcrumb"},"inLanguage":"en-GB","potentialAction":[{"@type":"ReadAction","target":["https:\/\/latpartika.lv\/musu-produkti\/zupas"]}]},{"@type":"BreadcrumbList","@id":"https:\/\/latpartika.lv\/musu-produkti\/zupas#breadcrumb","itemListElement":[{"@type":"ListItem","position":1,"name":"Home","item":"https:\/\/latpartika.lv\/en\/"},{"@type":"ListItem","position":2,"name":"M\u016bsu produkti","item":"https:\/\/latpartika.lv\/en\/our-products"},{"@type":"ListItem","position":3,"name":"Zupas"}]},{"@type":"WebSite","@id":"https:\/\/latpartika.lv\/#website","url":"https:\/\/latpartika.lv\/","name":"Latvian food producer","description":"Fresh produce from quality ingredients!","publisher":{"@id":"https:\/\/latpartika.lv\/#organization"},"potentialAction":[{"@type":"SearchAction","target":{"@type":"EntryPoint","urlTemplate":"https:\/\/latpartika.lv\/?s={search_term_string}"},"query-input":{"@type":"PropertyValueSpecification","valueRequired":true,"valueName":"search_term_string"}}],"inLanguage":"en-GB"},{"@type":"Organization","@id":"https:\/\/latpartika.lv\/#organization","name":"Latvian food producer","url":"https:\/\/latpartika.lv\/","logo":{"@type":"ImageObject","inLanguage":"en-GB","@id":"https:\/\/latpartika.lv\/#\/schema\/logo\/image\/","url":"https:\/\/latpartika.lv\/wp-content\/uploads\/2024\/11\/LPR_logo_balts.svg","contentUrl":"https:\/\/latpartika.lv\/wp-content\/uploads\/2024\/11\/LPR_logo_balts.svg","width":425,"height":589,"caption":"Latvijas p\u0101rtikas ra\u017eot\u0101js"},"image":{"@id":"https:\/\/latpartika.lv\/#\/schema\/logo\/image\/"}}]}},"_links":{"self":[{"href":"https:\/\/latpartika.lv\/en\/wp-json\/wp\/v2\/pages\/856","targetHints":{"allow":["GET"]}}],"collection":[{"href":"https:\/\/latpartika.lv\/en\/wp-json\/wp\/v2\/pages"}],"about":[{"href":"https:\/\/latpartika.lv\/en\/wp-json\/wp\/v2\/types\/page"}],"author":[{"embeddable":true,"href":"https:\/\/latpartika.lv\/en\/wp-json\/wp\/v2\/users\/1"}],"replies":[{"embeddable":true,"href":"https:\/\/latpartika.lv\/en\/wp-json\/wp\/v2\/comments?post=856"}],"version-history":[{"count":0,"href":"https:\/\/latpartika.lv\/en\/wp-json\/wp\/v2\/pages\/856\/revisions"}],"up":[{"embeddable":true,"href":"https:\/\/latpartika.lv\/en\/wp-json\/wp\/v2\/pages\/72"}],"wp:attachment":[{"href":"https:\/\/latpartika.lv\/en\/wp-json\/wp\/v2\/media?parent=856"}],"curies":[{"name":"wp","href":"https:\/\/api.w.org\/{rel}","templated":true}]}}