{"id":368,"date":"2024-12-19T08:21:37","date_gmt":"2024-12-19T08:21:37","guid":{"rendered":"https:\/\/latpartika.lv\/?post_type=product&#038;p=368"},"modified":"2025-01-02T11:57:18","modified_gmt":"2025-01-02T11:57:18","slug":"farmers-bread","status":"publish","type":"product","link":"https:\/\/latpartika.lv\/en\/product\/zemnieku-maizite","title":{"rendered":"Farmer's bread"},"content":{"rendered":"<p>Lorem ipsum dolor sit amet, consectetur adipiscing elit. Phasellus quis tempus lacus. Nam fringilla iaculis turpis a dictum. Nam ex nunc, malesuada vel ornare vitae, lacinia maximus lectus. In vel egestas ligula, at pellentesque quam. Integer sit amet consequat libero. Quisque non bibendum odio.<\/p>","protected":false},"excerpt":{"rendered":"<p>Dough<strong>INVITATION<\/strong> Flour, puff pastry margarine (palm fats, water, rapeseed oil, emulsifiers (E471, E322), salt, acidity regulator (E330), natural flavorings, color (E160a)), water, sugar, margarine (vegetable oils (palm, rapeseed), palm fats, water, emulsifiers (E471, E322), salt, color (E160a)). \\ <strong>LIGHT<\/strong> flavouring), yeast, dough conditioner<strong>INVITATION<\/strong> flour, emulsifier (E472e), thickener (E412), enzymes, antioxidant (E300)), salt), filling (smoked pork (pork, water, salt, preservative (E250), stabilisers (E451, E407, E425, E415), potato starch, vegetable fibre, spices, dextrose, antioxidant (E316), modified corn starch, flavouring), pickled cucumber (cucumber, brandy vinegar, salt, sugar), grated cheese product (water, palm fat, starch, <strong>FULL<\/strong> Bulking agents, salt, emulsifiers (E452, E450), acidity regulators (E330, E331), stabiliser (E407), flavouring (contains <strong>MILK<\/strong>), colour (E160a)), tomato sauce (tomato puree, water, sugar, modified starch, salt, spices (contains garlic, oregano), preservatives (E202, E211), acidity regulator (E260)), onion, mayonnaise (rapeseed oil, water, <strong>PUPPET<\/strong> dust, <strong>OLU<\/strong> yolk powder with maltodextrin, salt, acidity regulators (E330, E260, E500), modified corn starch, preservative (E202), flavouring, colour (E160a)), processing (grated cheese product (water, palm fat, starch, <strong>FULL<\/strong> Bulking agents, salt, emulsifiers (E452, E450), acidity regulators (E330, E331), stabiliser (E407), flavouring (contains <strong>MILK<\/strong>), colour (E160a)), egg replacer (water, sunflower oil, vegetable protein, dextrose, maltodextrin, starch)).<\/p>","protected":false},"featured_media":455,"comment_status":"closed","ping_status":"closed","template":"","meta":[],"product_brand":[],"product_cat":[35,34],"product_tag":[],"class_list":{"0":"post-368","1":"product","2":"type-product","3":"status-publish","4":"has-post-thumbnail","6":"product_cat-konditoreja","7":"product_cat-produkti","9":"first","10":"instock","11":"shipping-taxable","12":"product-type-simple"},"yoast_head":"<!-- This site is optimized with the Yoast SEO plugin v27.3 - https:\/\/yoast.com\/product\/yoast-seo-wordpress\/ -->\n<title>Zemnieku maiz\u012bte - Latvijas p\u0101rtikas ra\u017eot\u0101js<\/title>\n<meta name=\"robots\" content=\"index, follow, max-snippet:-1, max-image-preview:large, max-video-preview:-1\" \/>\n<link rel=\"canonical\" href=\"https:\/\/latpartika.lv\/en\/product\/farmers-bread\/\" \/>\n<meta property=\"og:locale\" content=\"en_GB\" \/>\n<meta property=\"og:type\" content=\"article\" \/>\n<meta property=\"og:title\" content=\"Zemnieku maiz\u012bte - Latvijas p\u0101rtikas ra\u017eot\u0101js\" \/>\n<meta property=\"og:description\" content=\"M\u012bkla (KVIE\u0160U milti, k\u0101rtainais margar\u012bns (palmu tauki, \u016bdens, rap\u0161u e\u013c\u013ca, emulgatori (E471, E322), s\u0101ls, sk\u0101buma regul\u0113t\u0101js (E330), dab\u012bgie gar\u0161as uzlabot\u0101ji, kr\u0101sviela (E160a)), \u016bdens, cukurs, margar\u012bns (augu e\u013c\u013cas (palmu, rap\u0161u), palmu tauki, \u016bdens, emulgatori (E471, E322), s\u0101ls, kr\u0101sviela (E160a), SVIESTA aromatiz\u0113t\u0101js), raugs, m\u012bklas uzlabot\u0101js (KVIE\u0160U milti, emulgators (E472e), biezin\u0101t\u0101js (E412), fermenti, antioksidants (E300)), s\u0101ls), pild\u012bjums (k\u016bpin\u0101ta c\u016bkga\u013ca (c\u016bkga\u013ca, \u016bdens, s\u0101ls, konservants (E250), stabiliz\u0113t\u0101ji (E451, E407, E425, E415), kartupe\u013cu ciete, augu \u0161\u0137iedrvielas, gar\u0161vielas, dekstroze, antioksidants (E316), modific\u0113ta kukur\u016bzas ciete, aromatiz\u0113t\u0101js), marin\u0113ti gur\u0137i (gur\u0137i, brendija eti\u0137is, s\u0101ls, cukurs), r\u012bv\u0113ts siera izstr\u0101d\u0101jums (\u016bdens, palmu tauki, ciete, PIENA olbaltumvielas, s\u0101ls, emulgatori (E452, E450), sk\u0101buma regul\u0113t\u0101ji (E330, E331), biezin\u0101t\u0101js (E407), aromatiz\u0113t\u0101js (satur PIENU), kr\u0101sviela (E160a)), tom\u0101tu m\u0113rce (tom\u0101tu biezenis, \u016bdens, cukurs, modific\u0113ta ciete, s\u0101ls, gar\u0161vielas (satur \u0137iplokus, oregano), konservanti (E202, E211), sk\u0101buma regul\u0113t\u0101js (E260)), s\u012bpoli, majon\u0113ze (rap\u0161u e\u013c\u013ca, \u016bdens, S\u016aKALU pulveris, OLU dzeltenuma pulveris ar maltodekstr\u012bnu, s\u0101ls, sk\u0101buma regul\u0113t\u0101ji (E330, E260, E500), modific\u0113ta kukur\u016bzas ciete, konservants (E202), aromatiz\u0113t\u0101js, kr\u0101sviela (E160a)), produkta apstr\u0101de (r\u012bv\u0113ts siera izstr\u0101d\u0101jums (\u016bdens, palmu tauki, ciete, PIENA olbaltumvielas, s\u0101ls, emulgatori (E452, E450), sk\u0101buma regul\u0113t\u0101ji (E330, E331), biezin\u0101t\u0101js (E407), aromatiz\u0113t\u0101js (satur PIENU), kr\u0101sviela (E160a)), olu aizvietot\u0101js (\u016bdens, saulespu\u0137u e\u013c\u013ca, augu prote\u012bns, dekstroze, maltodekstr\u012bns, ciete)).\" \/>\n<meta property=\"og:url\" content=\"https:\/\/latpartika.lv\/en\/product\/farmers-bread\/\" \/>\n<meta property=\"og:site_name\" content=\"Latvijas p\u0101rtikas ra\u017eot\u0101js\" \/>\n<meta property=\"article:modified_time\" content=\"2025-01-02T11:57:18+00:00\" \/>\n<meta property=\"og:image\" content=\"https:\/\/latpartika.lv\/wp-content\/uploads\/2024\/12\/Zemnieku-maizite.png\" \/>\n\t<meta property=\"og:image:width\" content=\"500\" \/>\n\t<meta property=\"og:image:height\" content=\"500\" \/>\n\t<meta property=\"og:image:type\" content=\"image\/png\" \/>\n<meta name=\"twitter:card\" content=\"summary_large_image\" \/>\n<script type=\"application\/ld+json\" class=\"yoast-schema-graph\">{\"@context\":\"https:\\\/\\\/schema.org\",\"@graph\":[{\"@type\":\"WebPage\",\"@id\":\"https:\\\/\\\/latpartika.lv\\\/product\\\/zemnieku-maizite\\\/\",\"url\":\"https:\\\/\\\/latpartika.lv\\\/product\\\/zemnieku-maizite\\\/\",\"name\":\"Zemnieku maiz\u012bte - Latvijas p\u0101rtikas ra\u017eot\u0101js\",\"isPartOf\":{\"@id\":\"https:\\\/\\\/latpartika.lv\\\/#website\"},\"primaryImageOfPage\":{\"@id\":\"https:\\\/\\\/latpartika.lv\\\/product\\\/zemnieku-maizite\\\/#primaryimage\"},\"image\":{\"@id\":\"https:\\\/\\\/latpartika.lv\\\/product\\\/zemnieku-maizite\\\/#primaryimage\"},\"thumbnailUrl\":\"https:\\\/\\\/latpartika.lv\\\/wp-content\\\/uploads\\\/2024\\\/12\\\/Zemnieku-maizite.png\",\"datePublished\":\"2024-12-19T08:21:37+00:00\",\"dateModified\":\"2025-01-02T11:57:18+00:00\",\"breadcrumb\":{\"@id\":\"https:\\\/\\\/latpartika.lv\\\/product\\\/zemnieku-maizite\\\/#breadcrumb\"},\"inLanguage\":\"en-GB\",\"potentialAction\":[{\"@type\":\"ReadAction\",\"target\":[\"https:\\\/\\\/latpartika.lv\\\/product\\\/zemnieku-maizite\\\/\"]}]},{\"@type\":\"ImageObject\",\"inLanguage\":\"en-GB\",\"@id\":\"https:\\\/\\\/latpartika.lv\\\/product\\\/zemnieku-maizite\\\/#primaryimage\",\"url\":\"https:\\\/\\\/latpartika.lv\\\/wp-content\\\/uploads\\\/2024\\\/12\\\/Zemnieku-maizite.png\",\"contentUrl\":\"https:\\\/\\\/latpartika.lv\\\/wp-content\\\/uploads\\\/2024\\\/12\\\/Zemnieku-maizite.png\",\"width\":500,\"height\":500},{\"@type\":\"BreadcrumbList\",\"@id\":\"https:\\\/\\\/latpartika.lv\\\/product\\\/zemnieku-maizite\\\/#breadcrumb\",\"itemListElement\":[{\"@type\":\"ListItem\",\"position\":1,\"name\":\"Home\",\"item\":\"https:\\\/\\\/latpartika.lv\\\/en\\\/\"},{\"@type\":\"ListItem\",\"position\":2,\"name\":\"Products\",\"item\":\"https:\\\/\\\/latpartika.lv\\\/shop\"},{\"@type\":\"ListItem\",\"position\":3,\"name\":\"Zemnieku maiz\u012bte\"}]},{\"@type\":\"WebSite\",\"@id\":\"https:\\\/\\\/latpartika.lv\\\/#website\",\"url\":\"https:\\\/\\\/latpartika.lv\\\/\",\"name\":\"Latvijas p\u0101rtikas ra\u017eot\u0101js\",\"description\":\"Svaigi produkti no kvalitat\u012bv\u0101m izejviel\u0101m!\",\"publisher\":{\"@id\":\"https:\\\/\\\/latpartika.lv\\\/#organization\"},\"potentialAction\":[{\"@type\":\"SearchAction\",\"target\":{\"@type\":\"EntryPoint\",\"urlTemplate\":\"https:\\\/\\\/latpartika.lv\\\/?s={search_term_string}\"},\"query-input\":{\"@type\":\"PropertyValueSpecification\",\"valueRequired\":true,\"valueName\":\"search_term_string\"}}],\"inLanguage\":\"en-GB\"},{\"@type\":\"Organization\",\"@id\":\"https:\\\/\\\/latpartika.lv\\\/#organization\",\"name\":\"Latvijas p\u0101rtikas ra\u017eot\u0101js\",\"url\":\"https:\\\/\\\/latpartika.lv\\\/\",\"logo\":{\"@type\":\"ImageObject\",\"inLanguage\":\"en-GB\",\"@id\":\"https:\\\/\\\/latpartika.lv\\\/#\\\/schema\\\/logo\\\/image\\\/\",\"url\":\"https:\\\/\\\/latpartika.lv\\\/wp-content\\\/uploads\\\/2024\\\/11\\\/LPR_logo_balts.svg\",\"contentUrl\":\"https:\\\/\\\/latpartika.lv\\\/wp-content\\\/uploads\\\/2024\\\/11\\\/LPR_logo_balts.svg\",\"width\":425,\"height\":589,\"caption\":\"Latvijas p\u0101rtikas ra\u017eot\u0101js\"},\"image\":{\"@id\":\"https:\\\/\\\/latpartika.lv\\\/#\\\/schema\\\/logo\\\/image\\\/\"}}]}<\/script>\n<!-- \/ Yoast SEO plugin. -->","yoast_head_json":{"title":"Zemnieku maiz\u012bte - Latvian food producer","robots":{"index":"index","follow":"follow","max-snippet":"max-snippet:-1","max-image-preview":"max-image-preview:large","max-video-preview":"max-video-preview:-1"},"canonical":"https:\/\/latpartika.lv\/en\/product\/farmers-bread\/","og_locale":"en_GB","og_type":"article","og_title":"Zemnieku maiz\u012bte - Latvijas p\u0101rtikas ra\u017eot\u0101js","og_description":"M\u012bkla (KVIE\u0160U milti, k\u0101rtainais margar\u012bns (palmu tauki, \u016bdens, rap\u0161u e\u013c\u013ca, emulgatori (E471, E322), s\u0101ls, sk\u0101buma regul\u0113t\u0101js (E330), dab\u012bgie gar\u0161as uzlabot\u0101ji, kr\u0101sviela (E160a)), \u016bdens, cukurs, margar\u012bns (augu e\u013c\u013cas (palmu, rap\u0161u), palmu tauki, \u016bdens, emulgatori (E471, E322), s\u0101ls, kr\u0101sviela (E160a), SVIESTA aromatiz\u0113t\u0101js), raugs, m\u012bklas uzlabot\u0101js (KVIE\u0160U milti, emulgators (E472e), biezin\u0101t\u0101js (E412), fermenti, antioksidants (E300)), s\u0101ls), pild\u012bjums (k\u016bpin\u0101ta c\u016bkga\u013ca (c\u016bkga\u013ca, \u016bdens, s\u0101ls, konservants (E250), stabiliz\u0113t\u0101ji (E451, E407, E425, E415), kartupe\u013cu ciete, augu \u0161\u0137iedrvielas, gar\u0161vielas, dekstroze, antioksidants (E316), modific\u0113ta kukur\u016bzas ciete, aromatiz\u0113t\u0101js), marin\u0113ti gur\u0137i (gur\u0137i, brendija eti\u0137is, s\u0101ls, cukurs), r\u012bv\u0113ts siera izstr\u0101d\u0101jums (\u016bdens, palmu tauki, ciete, PIENA olbaltumvielas, s\u0101ls, emulgatori (E452, E450), sk\u0101buma regul\u0113t\u0101ji (E330, E331), biezin\u0101t\u0101js (E407), aromatiz\u0113t\u0101js (satur PIENU), kr\u0101sviela (E160a)), tom\u0101tu m\u0113rce (tom\u0101tu biezenis, \u016bdens, cukurs, modific\u0113ta ciete, s\u0101ls, gar\u0161vielas (satur \u0137iplokus, oregano), konservanti (E202, E211), sk\u0101buma regul\u0113t\u0101js (E260)), s\u012bpoli, majon\u0113ze (rap\u0161u e\u013c\u013ca, \u016bdens, S\u016aKALU pulveris, OLU dzeltenuma pulveris ar maltodekstr\u012bnu, s\u0101ls, sk\u0101buma regul\u0113t\u0101ji (E330, E260, E500), modific\u0113ta kukur\u016bzas ciete, konservants (E202), aromatiz\u0113t\u0101js, kr\u0101sviela (E160a)), produkta apstr\u0101de (r\u012bv\u0113ts siera izstr\u0101d\u0101jums (\u016bdens, palmu tauki, ciete, PIENA olbaltumvielas, s\u0101ls, emulgatori (E452, E450), sk\u0101buma regul\u0113t\u0101ji (E330, E331), biezin\u0101t\u0101js (E407), aromatiz\u0113t\u0101js (satur PIENU), kr\u0101sviela (E160a)), olu aizvietot\u0101js (\u016bdens, saulespu\u0137u e\u013c\u013ca, augu prote\u012bns, dekstroze, maltodekstr\u012bns, ciete)).","og_url":"https:\/\/latpartika.lv\/en\/product\/farmers-bread\/","og_site_name":"Latvijas p\u0101rtikas ra\u017eot\u0101js","article_modified_time":"2025-01-02T11:57:18+00:00","og_image":[{"width":500,"height":500,"url":"https:\/\/latpartika.lv\/wp-content\/uploads\/2024\/12\/Zemnieku-maizite.png","type":"image\/png"}],"twitter_card":"summary_large_image","schema":{"@context":"https:\/\/schema.org","@graph":[{"@type":"WebPage","@id":"https:\/\/latpartika.lv\/product\/zemnieku-maizite\/","url":"https:\/\/latpartika.lv\/product\/zemnieku-maizite\/","name":"Zemnieku maiz\u012bte - Latvian food producer","isPartOf":{"@id":"https:\/\/latpartika.lv\/#website"},"primaryImageOfPage":{"@id":"https:\/\/latpartika.lv\/product\/zemnieku-maizite\/#primaryimage"},"image":{"@id":"https:\/\/latpartika.lv\/product\/zemnieku-maizite\/#primaryimage"},"thumbnailUrl":"https:\/\/latpartika.lv\/wp-content\/uploads\/2024\/12\/Zemnieku-maizite.png","datePublished":"2024-12-19T08:21:37+00:00","dateModified":"2025-01-02T11:57:18+00:00","breadcrumb":{"@id":"https:\/\/latpartika.lv\/product\/zemnieku-maizite\/#breadcrumb"},"inLanguage":"en-GB","potentialAction":[{"@type":"ReadAction","target":["https:\/\/latpartika.lv\/product\/zemnieku-maizite\/"]}]},{"@type":"ImageObject","inLanguage":"en-GB","@id":"https:\/\/latpartika.lv\/product\/zemnieku-maizite\/#primaryimage","url":"https:\/\/latpartika.lv\/wp-content\/uploads\/2024\/12\/Zemnieku-maizite.png","contentUrl":"https:\/\/latpartika.lv\/wp-content\/uploads\/2024\/12\/Zemnieku-maizite.png","width":500,"height":500},{"@type":"BreadcrumbList","@id":"https:\/\/latpartika.lv\/product\/zemnieku-maizite\/#breadcrumb","itemListElement":[{"@type":"ListItem","position":1,"name":"Home","item":"https:\/\/latpartika.lv\/en\/"},{"@type":"ListItem","position":2,"name":"Products","item":"https:\/\/latpartika.lv\/shop"},{"@type":"ListItem","position":3,"name":"Zemnieku maiz\u012bte"}]},{"@type":"WebSite","@id":"https:\/\/latpartika.lv\/#website","url":"https:\/\/latpartika.lv\/","name":"Latvian food producer","description":"Fresh produce from quality ingredients!","publisher":{"@id":"https:\/\/latpartika.lv\/#organization"},"potentialAction":[{"@type":"SearchAction","target":{"@type":"EntryPoint","urlTemplate":"https:\/\/latpartika.lv\/?s={search_term_string}"},"query-input":{"@type":"PropertyValueSpecification","valueRequired":true,"valueName":"search_term_string"}}],"inLanguage":"en-GB"},{"@type":"Organization","@id":"https:\/\/latpartika.lv\/#organization","name":"Latvian food producer","url":"https:\/\/latpartika.lv\/","logo":{"@type":"ImageObject","inLanguage":"en-GB","@id":"https:\/\/latpartika.lv\/#\/schema\/logo\/image\/","url":"https:\/\/latpartika.lv\/wp-content\/uploads\/2024\/11\/LPR_logo_balts.svg","contentUrl":"https:\/\/latpartika.lv\/wp-content\/uploads\/2024\/11\/LPR_logo_balts.svg","width":425,"height":589,"caption":"Latvijas p\u0101rtikas ra\u017eot\u0101js"},"image":{"@id":"https:\/\/latpartika.lv\/#\/schema\/logo\/image\/"}}]}},"_links":{"self":[{"href":"https:\/\/latpartika.lv\/en\/wp-json\/wp\/v2\/product\/368","targetHints":{"allow":["GET"]}}],"collection":[{"href":"https:\/\/latpartika.lv\/en\/wp-json\/wp\/v2\/product"}],"about":[{"href":"https:\/\/latpartika.lv\/en\/wp-json\/wp\/v2\/types\/product"}],"replies":[{"embeddable":true,"href":"https:\/\/latpartika.lv\/en\/wp-json\/wp\/v2\/comments?post=368"}],"version-history":[{"count":0,"href":"https:\/\/latpartika.lv\/en\/wp-json\/wp\/v2\/product\/368\/revisions"}],"wp:featuredmedia":[{"embeddable":true,"href":"https:\/\/latpartika.lv\/en\/wp-json\/wp\/v2\/media\/455"}],"wp:attachment":[{"href":"https:\/\/latpartika.lv\/en\/wp-json\/wp\/v2\/media?parent=368"}],"wp:term":[{"taxonomy":"product_brand","embeddable":true,"href":"https:\/\/latpartika.lv\/en\/wp-json\/wp\/v2\/product_brand?post=368"},{"taxonomy":"product_cat","embeddable":true,"href":"https:\/\/latpartika.lv\/en\/wp-json\/wp\/v2\/product_cat?post=368"},{"taxonomy":"product_tag","embeddable":true,"href":"https:\/\/latpartika.lv\/en\/wp-json\/wp\/v2\/product_tag?post=368"}],"curies":[{"name":"wp","href":"https:\/\/api.w.org\/{rel}","templated":true}]}}