{"id":517,"date":"2024-12-09T18:34:52","date_gmt":"2024-12-09T18:34:52","guid":{"rendered":"https:\/\/latpartika.lv\/?post_type=product&#038;p=517"},"modified":"2025-01-02T18:38:24","modified_gmt":"2025-01-02T18:38:24","slug":"cinnamon-bun","status":"publish","type":"product","link":"https:\/\/latpartika.lv\/en\/product\/smalkmaizite-ar-kaneli","title":{"rendered":"Cinnamon bun"},"content":{"rendered":"<p>Lorem ipsum dolor sit amet, consectetur adipiscing elit. Phasellus quis tempus lacus. Nam fringilla iaculis turpis a dictum. Nam ex nunc, malesuada vel ornare vitae, lacinia maximus lectus. In vel egestas ligula, at pellentesque quam. Integer sit amet consequat libero. Quisque non bibendum odio.<\/p>","protected":false},"excerpt":{"rendered":"<p>Dough<strong>INVITATION<\/strong> flour, layered margarine (palm fat, water, rapeseed oil, emulsifiers (E471, E322), salt, acidity regulator (E330), natural flavour enhancers, food colouring (E160a)), water, sugar, margarine (vegetable oils (palm, rapeseed), palm fat, water, emulsifiers (E471, E322), salt, colouring (E160a), <strong>LIGHT<\/strong> flavouring), yeast, dough conditioner<strong>INVITATION<\/strong> flour, emulsifier (E472e), thickener (E412), enzymes, antioxidant (E300)), salt), filling (cinnamon filling (sugar, water, glucose syrup, rapeseed oil, cinnamon 5%, modified starch, potato granules, <strong>INVITATION<\/strong> flour, citrus fibre, corn flour, emulsifier (E471), salt, preservative (E202), flavouring (vanillin)), water, vanilla cream (icing sugar, modified starch, dry MILK blend (WHEY, vegetable oil, <strong>SOURCE<\/strong> dust, <strong>PANINAS<\/strong>, anti-caking agent (E551)), <strong>PUPPET<\/strong> powder, thickeners (E401, E170), vanilla flavouring, colour (E160a)), product treatment (egg replacer (water, sunflower oil, vegetable protein, dextrose, maltodextrin, starch), sugar, cinnamon)<\/p>","protected":false},"featured_media":518,"comment_status":"closed","ping_status":"closed","template":"","meta":[],"product_brand":[],"product_cat":[35,34],"product_tag":[],"class_list":{"0":"post-517","1":"product","2":"type-product","3":"status-publish","4":"has-post-thumbnail","6":"product_cat-konditoreja","7":"product_cat-produkti","9":"first","10":"instock","11":"shipping-taxable","12":"product-type-simple"},"yoast_head":"<!-- This site is optimized with the Yoast SEO plugin v27.3 - https:\/\/yoast.com\/product\/yoast-seo-wordpress\/ -->\n<title>Smalkmaiz\u012bte ar kan\u0113li - Latvijas p\u0101rtikas ra\u017eot\u0101js<\/title>\n<meta name=\"robots\" content=\"index, follow, max-snippet:-1, max-image-preview:large, max-video-preview:-1\" \/>\n<link rel=\"canonical\" href=\"https:\/\/latpartika.lv\/en\/product\/cinnamon-bun\/\" \/>\n<meta property=\"og:locale\" content=\"en_GB\" \/>\n<meta property=\"og:type\" content=\"article\" \/>\n<meta property=\"og:title\" content=\"Smalkmaiz\u012bte ar kan\u0113li - Latvijas p\u0101rtikas ra\u017eot\u0101js\" \/>\n<meta property=\"og:description\" content=\"M\u012bkla (KVIE\u0160U milti, k\u0101rtainais margar\u012bns (palmu tauki, \u016bdens, rap\u0161u e\u013c\u013ca, emulgatori (E471, E322), s\u0101ls, sk\u0101buma regul\u0113t\u0101js (E330), dab\u012bgie gar\u0161as uzlabot\u0101ji, p\u0101rtikas kr\u0101sviela (E160a)), \u016bdens, cukurs, margar\u012bns (augu e\u013c\u013cas (palmu, rap\u0161u), palmu tauki, \u016bdens, emulgatori (E471, E322), s\u0101ls, kr\u0101sviela (E160a), SVIESTA aromatiz\u0113t\u0101js), raugs, m\u012bklas uzlabot\u0101js (KVIE\u0160U milti, emulgators (E472e), biezin\u0101t\u0101js (E412), fermenti, antioksidants (E300)), s\u0101ls), pild\u012bjums ( kan\u0113\u013ca pild\u012bjums (cukurs, \u016bdens, glikozes s\u012brups, rap\u0161u e\u013c\u013ca, kan\u0113lis 5%, modific\u0113ta ciete, kartupe\u013cu granulas, KVIE\u0160U milti, citrusu \u0161\u0137iedras, kukur\u016bzas milti, emulgators (E471), s\u0101ls, konservants (E202), aromatiz\u0113t\u0101js ( vanil\u012bns )), \u016bdens, vani\u013cas kr\u0113ms (p\u016bdercukurs, modific\u0113ta ciete, sausais PIENA mais\u012bjums (S\u016aKALAS, augu e\u013c\u013ca, V\u0100JPIENA pulveris, PANI\u0145AS, pretsalipes viela (E551)), S\u016aKALU pulveris, biezin\u0101t\u0101ji (E401, E170), vani\u013cas aromatiz\u0113t\u0101js, kr\u0101sviela (E160a)), produkta apstr\u0101de (olu aizvietot\u0101js (\u016bdens, saulespu\u0137u e\u013c\u013ca, augu prote\u012bns, dekstroze, maltodekstr\u012bns, ciete), cukurs, kan\u0113lis)\" \/>\n<meta property=\"og:url\" content=\"https:\/\/latpartika.lv\/en\/product\/cinnamon-bun\/\" \/>\n<meta property=\"og:site_name\" content=\"Latvijas p\u0101rtikas ra\u017eot\u0101js\" \/>\n<meta property=\"article:modified_time\" content=\"2025-01-02T18:38:24+00:00\" \/>\n<meta property=\"og:image\" content=\"https:\/\/latpartika.lv\/wp-content\/uploads\/2025\/01\/Smalkmaizite-ar-kaneli.png\" \/>\n\t<meta property=\"og:image:width\" content=\"500\" \/>\n\t<meta property=\"og:image:height\" content=\"500\" \/>\n\t<meta property=\"og:image:type\" content=\"image\/png\" \/>\n<meta name=\"twitter:card\" content=\"summary_large_image\" \/>\n<script type=\"application\/ld+json\" class=\"yoast-schema-graph\">{\"@context\":\"https:\\\/\\\/schema.org\",\"@graph\":[{\"@type\":\"WebPage\",\"@id\":\"https:\\\/\\\/latpartika.lv\\\/product\\\/smalkmaizite-ar-kaneli\",\"url\":\"https:\\\/\\\/latpartika.lv\\\/product\\\/smalkmaizite-ar-kaneli\",\"name\":\"Smalkmaiz\u012bte ar kan\u0113li - Latvijas p\u0101rtikas ra\u017eot\u0101js\",\"isPartOf\":{\"@id\":\"https:\\\/\\\/latpartika.lv\\\/#website\"},\"primaryImageOfPage\":{\"@id\":\"https:\\\/\\\/latpartika.lv\\\/product\\\/smalkmaizite-ar-kaneli#primaryimage\"},\"image\":{\"@id\":\"https:\\\/\\\/latpartika.lv\\\/product\\\/smalkmaizite-ar-kaneli#primaryimage\"},\"thumbnailUrl\":\"https:\\\/\\\/latpartika.lv\\\/wp-content\\\/uploads\\\/2025\\\/01\\\/Smalkmaizite-ar-kaneli.png\",\"datePublished\":\"2024-12-09T18:34:52+00:00\",\"dateModified\":\"2025-01-02T18:38:24+00:00\",\"breadcrumb\":{\"@id\":\"https:\\\/\\\/latpartika.lv\\\/product\\\/smalkmaizite-ar-kaneli#breadcrumb\"},\"inLanguage\":\"en-GB\",\"potentialAction\":[{\"@type\":\"ReadAction\",\"target\":[\"https:\\\/\\\/latpartika.lv\\\/product\\\/smalkmaizite-ar-kaneli\"]}]},{\"@type\":\"ImageObject\",\"inLanguage\":\"en-GB\",\"@id\":\"https:\\\/\\\/latpartika.lv\\\/product\\\/smalkmaizite-ar-kaneli#primaryimage\",\"url\":\"https:\\\/\\\/latpartika.lv\\\/wp-content\\\/uploads\\\/2025\\\/01\\\/Smalkmaizite-ar-kaneli.png\",\"contentUrl\":\"https:\\\/\\\/latpartika.lv\\\/wp-content\\\/uploads\\\/2025\\\/01\\\/Smalkmaizite-ar-kaneli.png\",\"width\":500,\"height\":500},{\"@type\":\"BreadcrumbList\",\"@id\":\"https:\\\/\\\/latpartika.lv\\\/product\\\/smalkmaizite-ar-kaneli#breadcrumb\",\"itemListElement\":[{\"@type\":\"ListItem\",\"position\":1,\"name\":\"Home\",\"item\":\"https:\\\/\\\/latpartika.lv\\\/en\\\/\"},{\"@type\":\"ListItem\",\"position\":2,\"name\":\"Products\",\"item\":\"https:\\\/\\\/latpartika.lv\\\/shop\"},{\"@type\":\"ListItem\",\"position\":3,\"name\":\"Smalkmaiz\u012bte ar kan\u0113li\"}]},{\"@type\":\"WebSite\",\"@id\":\"https:\\\/\\\/latpartika.lv\\\/#website\",\"url\":\"https:\\\/\\\/latpartika.lv\\\/\",\"name\":\"Latvijas p\u0101rtikas ra\u017eot\u0101js\",\"description\":\"Svaigi produkti no kvalitat\u012bv\u0101m izejviel\u0101m!\",\"publisher\":{\"@id\":\"https:\\\/\\\/latpartika.lv\\\/#organization\"},\"potentialAction\":[{\"@type\":\"SearchAction\",\"target\":{\"@type\":\"EntryPoint\",\"urlTemplate\":\"https:\\\/\\\/latpartika.lv\\\/?s={search_term_string}\"},\"query-input\":{\"@type\":\"PropertyValueSpecification\",\"valueRequired\":true,\"valueName\":\"search_term_string\"}}],\"inLanguage\":\"en-GB\"},{\"@type\":\"Organization\",\"@id\":\"https:\\\/\\\/latpartika.lv\\\/#organization\",\"name\":\"Latvijas p\u0101rtikas ra\u017eot\u0101js\",\"url\":\"https:\\\/\\\/latpartika.lv\\\/\",\"logo\":{\"@type\":\"ImageObject\",\"inLanguage\":\"en-GB\",\"@id\":\"https:\\\/\\\/latpartika.lv\\\/#\\\/schema\\\/logo\\\/image\\\/\",\"url\":\"https:\\\/\\\/latpartika.lv\\\/wp-content\\\/uploads\\\/2024\\\/11\\\/LPR_logo_balts.svg\",\"contentUrl\":\"https:\\\/\\\/latpartika.lv\\\/wp-content\\\/uploads\\\/2024\\\/11\\\/LPR_logo_balts.svg\",\"width\":425,\"height\":589,\"caption\":\"Latvijas p\u0101rtikas ra\u017eot\u0101js\"},\"image\":{\"@id\":\"https:\\\/\\\/latpartika.lv\\\/#\\\/schema\\\/logo\\\/image\\\/\"}}]}<\/script>\n<!-- \/ Yoast SEO plugin. -->","yoast_head_json":{"title":"Cinnamon Muffin - Latvian food producer","robots":{"index":"index","follow":"follow","max-snippet":"max-snippet:-1","max-image-preview":"max-image-preview:large","max-video-preview":"max-video-preview:-1"},"canonical":"https:\/\/latpartika.lv\/en\/product\/cinnamon-bun\/","og_locale":"en_GB","og_type":"article","og_title":"Smalkmaiz\u012bte ar kan\u0113li - Latvijas p\u0101rtikas ra\u017eot\u0101js","og_description":"M\u012bkla (KVIE\u0160U milti, k\u0101rtainais margar\u012bns (palmu tauki, \u016bdens, rap\u0161u e\u013c\u013ca, emulgatori (E471, E322), s\u0101ls, sk\u0101buma regul\u0113t\u0101js (E330), dab\u012bgie gar\u0161as uzlabot\u0101ji, p\u0101rtikas kr\u0101sviela (E160a)), \u016bdens, cukurs, margar\u012bns (augu e\u013c\u013cas (palmu, rap\u0161u), palmu tauki, \u016bdens, emulgatori (E471, E322), s\u0101ls, kr\u0101sviela (E160a), SVIESTA aromatiz\u0113t\u0101js), raugs, m\u012bklas uzlabot\u0101js (KVIE\u0160U milti, emulgators (E472e), biezin\u0101t\u0101js (E412), fermenti, antioksidants (E300)), s\u0101ls), pild\u012bjums ( kan\u0113\u013ca pild\u012bjums (cukurs, \u016bdens, glikozes s\u012brups, rap\u0161u e\u013c\u013ca, kan\u0113lis 5%, modific\u0113ta ciete, kartupe\u013cu granulas, KVIE\u0160U milti, citrusu \u0161\u0137iedras, kukur\u016bzas milti, emulgators (E471), s\u0101ls, konservants (E202), aromatiz\u0113t\u0101js ( vanil\u012bns )), \u016bdens, vani\u013cas kr\u0113ms (p\u016bdercukurs, modific\u0113ta ciete, sausais PIENA mais\u012bjums (S\u016aKALAS, augu e\u013c\u013ca, V\u0100JPIENA pulveris, PANI\u0145AS, pretsalipes viela (E551)), S\u016aKALU pulveris, biezin\u0101t\u0101ji (E401, E170), vani\u013cas aromatiz\u0113t\u0101js, kr\u0101sviela (E160a)), produkta apstr\u0101de (olu aizvietot\u0101js (\u016bdens, saulespu\u0137u e\u013c\u013ca, augu prote\u012bns, dekstroze, maltodekstr\u012bns, ciete), cukurs, kan\u0113lis)","og_url":"https:\/\/latpartika.lv\/en\/product\/cinnamon-bun\/","og_site_name":"Latvijas p\u0101rtikas ra\u017eot\u0101js","article_modified_time":"2025-01-02T18:38:24+00:00","og_image":[{"width":500,"height":500,"url":"https:\/\/latpartika.lv\/wp-content\/uploads\/2025\/01\/Smalkmaizite-ar-kaneli.png","type":"image\/png"}],"twitter_card":"summary_large_image","schema":{"@context":"https:\/\/schema.org","@graph":[{"@type":"WebPage","@id":"https:\/\/latpartika.lv\/product\/smalkmaizite-ar-kaneli","url":"https:\/\/latpartika.lv\/product\/smalkmaizite-ar-kaneli","name":"Cinnamon Muffin - Latvian food producer","isPartOf":{"@id":"https:\/\/latpartika.lv\/#website"},"primaryImageOfPage":{"@id":"https:\/\/latpartika.lv\/product\/smalkmaizite-ar-kaneli#primaryimage"},"image":{"@id":"https:\/\/latpartika.lv\/product\/smalkmaizite-ar-kaneli#primaryimage"},"thumbnailUrl":"https:\/\/latpartika.lv\/wp-content\/uploads\/2025\/01\/Smalkmaizite-ar-kaneli.png","datePublished":"2024-12-09T18:34:52+00:00","dateModified":"2025-01-02T18:38:24+00:00","breadcrumb":{"@id":"https:\/\/latpartika.lv\/product\/smalkmaizite-ar-kaneli#breadcrumb"},"inLanguage":"en-GB","potentialAction":[{"@type":"ReadAction","target":["https:\/\/latpartika.lv\/product\/smalkmaizite-ar-kaneli"]}]},{"@type":"ImageObject","inLanguage":"en-GB","@id":"https:\/\/latpartika.lv\/product\/smalkmaizite-ar-kaneli#primaryimage","url":"https:\/\/latpartika.lv\/wp-content\/uploads\/2025\/01\/Smalkmaizite-ar-kaneli.png","contentUrl":"https:\/\/latpartika.lv\/wp-content\/uploads\/2025\/01\/Smalkmaizite-ar-kaneli.png","width":500,"height":500},{"@type":"BreadcrumbList","@id":"https:\/\/latpartika.lv\/product\/smalkmaizite-ar-kaneli#breadcrumb","itemListElement":[{"@type":"ListItem","position":1,"name":"Home","item":"https:\/\/latpartika.lv\/en\/"},{"@type":"ListItem","position":2,"name":"Products","item":"https:\/\/latpartika.lv\/shop"},{"@type":"ListItem","position":3,"name":"Smalkmaiz\u012bte ar kan\u0113li"}]},{"@type":"WebSite","@id":"https:\/\/latpartika.lv\/#website","url":"https:\/\/latpartika.lv\/","name":"Latvian food producer","description":"Fresh produce from quality ingredients!","publisher":{"@id":"https:\/\/latpartika.lv\/#organization"},"potentialAction":[{"@type":"SearchAction","target":{"@type":"EntryPoint","urlTemplate":"https:\/\/latpartika.lv\/?s={search_term_string}"},"query-input":{"@type":"PropertyValueSpecification","valueRequired":true,"valueName":"search_term_string"}}],"inLanguage":"en-GB"},{"@type":"Organization","@id":"https:\/\/latpartika.lv\/#organization","name":"Latvian food producer","url":"https:\/\/latpartika.lv\/","logo":{"@type":"ImageObject","inLanguage":"en-GB","@id":"https:\/\/latpartika.lv\/#\/schema\/logo\/image\/","url":"https:\/\/latpartika.lv\/wp-content\/uploads\/2024\/11\/LPR_logo_balts.svg","contentUrl":"https:\/\/latpartika.lv\/wp-content\/uploads\/2024\/11\/LPR_logo_balts.svg","width":425,"height":589,"caption":"Latvijas p\u0101rtikas ra\u017eot\u0101js"},"image":{"@id":"https:\/\/latpartika.lv\/#\/schema\/logo\/image\/"}}]}},"_links":{"self":[{"href":"https:\/\/latpartika.lv\/en\/wp-json\/wp\/v2\/product\/517","targetHints":{"allow":["GET"]}}],"collection":[{"href":"https:\/\/latpartika.lv\/en\/wp-json\/wp\/v2\/product"}],"about":[{"href":"https:\/\/latpartika.lv\/en\/wp-json\/wp\/v2\/types\/product"}],"replies":[{"embeddable":true,"href":"https:\/\/latpartika.lv\/en\/wp-json\/wp\/v2\/comments?post=517"}],"version-history":[{"count":0,"href":"https:\/\/latpartika.lv\/en\/wp-json\/wp\/v2\/product\/517\/revisions"}],"wp:featuredmedia":[{"embeddable":true,"href":"https:\/\/latpartika.lv\/en\/wp-json\/wp\/v2\/media\/518"}],"wp:attachment":[{"href":"https:\/\/latpartika.lv\/en\/wp-json\/wp\/v2\/media?parent=517"}],"wp:term":[{"taxonomy":"product_brand","embeddable":true,"href":"https:\/\/latpartika.lv\/en\/wp-json\/wp\/v2\/product_brand?post=517"},{"taxonomy":"product_cat","embeddable":true,"href":"https:\/\/latpartika.lv\/en\/wp-json\/wp\/v2\/product_cat?post=517"},{"taxonomy":"product_tag","embeddable":true,"href":"https:\/\/latpartika.lv\/en\/wp-json\/wp\/v2\/product_tag?post=517"}],"curies":[{"name":"wp","href":"https:\/\/api.w.org\/{rel}","templated":true}]}}