{"id":534,"date":"2024-12-05T18:47:03","date_gmt":"2024-12-05T18:47:03","guid":{"rendered":"https:\/\/latpartika.lv\/?post_type=product&#038;p=534"},"modified":"2025-01-02T18:48:40","modified_gmt":"2025-01-02T18:48:40","slug":"pastries-with-ham","status":"publish","type":"product","link":"https:\/\/latpartika.lv\/en\/product\/rausi-ar-skinki","title":{"rendered":"Pastries with ham"},"content":{"rendered":"<p>Lorem ipsum dolor sit amet, consectetur adipiscing elit. Phasellus quis tempus lacus. Nam fringilla iaculis turpis a dictum. Nam ex nunc, malesuada vel ornare vitae, lacinia maximus lectus. In vel egestas ligula, at pellentesque quam. Integer sit amet consequat libero. Quisque non bibendum odio.<\/p>","protected":false},"excerpt":{"rendered":"<p>Dough<strong>INVITATION <\/strong>\u00a0flour, layered margarine (palm fat, water, rapeseed oil, emulsifiers (E471, E322), salt, acidity regulator (E330), natural flavour enhancers, colour (E160a)), water, sugar, margarine (vegetable oils (palm, rapeseed), palm fat, water, emulsifiers (E471, E322), salt, colour (E160a), <strong>LIGHT <\/strong>flavouring), yeast, dough conditioner<strong>INVITATION <\/strong>flour, emulsifier (E472e), thickener (E412), enzymes, antioxidant (E300)), salt), filling (smoked pork (pork 80%, water, salt, preservative (E250), stabilisers (E451, E407, E425, E415), potato starch, vegetable fibre, spices, dextrose, antioxidant (E316), modified corn starch, flavouring), cumin, ground black pepper), product treatment (egg replacer (water, sunflower oil, vegetable protein, dextrose, maltodextrin, starch), <strong>SEZAMA<\/strong> seeds).<\/p>","protected":false},"featured_media":535,"comment_status":"closed","ping_status":"closed","template":"","meta":[],"product_brand":[],"product_cat":[35,34],"product_tag":[],"class_list":{"0":"post-534","1":"product","2":"type-product","3":"status-publish","4":"has-post-thumbnail","6":"product_cat-konditoreja","7":"product_cat-produkti","9":"first","10":"instock","11":"shipping-taxable","12":"product-type-simple"},"yoast_head":"<!-- This site is optimized with the Yoast SEO plugin v27.3 - https:\/\/yoast.com\/product\/yoast-seo-wordpress\/ -->\n<title>Rau\u0161i ar \u0161\u0137i\u0146\u0137i - Latvijas p\u0101rtikas ra\u017eot\u0101js<\/title>\n<meta name=\"robots\" content=\"index, follow, max-snippet:-1, max-image-preview:large, max-video-preview:-1\" \/>\n<link rel=\"canonical\" href=\"https:\/\/latpartika.lv\/en\/product\/rausi-with-skinki\/\" \/>\n<meta property=\"og:locale\" content=\"en_GB\" \/>\n<meta property=\"og:type\" content=\"article\" \/>\n<meta property=\"og:title\" content=\"Rau\u0161i ar \u0161\u0137i\u0146\u0137i - Latvijas p\u0101rtikas ra\u017eot\u0101js\" \/>\n<meta property=\"og:description\" content=\"M\u012bkla (KVIE\u0160U \u00a0milti, k\u0101rtainais margar\u012bns (palmu tauki, \u016bdens, rap\u0161u e\u013c\u013ca, emulgatori (E471,E322), s\u0101ls, sk\u0101buma regul\u0113t\u0101js (E330), dab\u012bgie gar\u0161as uzlabot\u0101ji, kr\u0101sviela (E160a)), \u016bdens, cukurs, margar\u012bns (augu e\u013c\u013cas (palmu, rap\u0161u), palmu tauki, \u016bdens, emulgatori (E471, E322), s\u0101ls, kr\u0101sviela (E160a), SVIESTA aromatiz\u0113t\u0101js), raugs, m\u012bklas uzlabot\u0101js (KVIE\u0160U milti, emulgators (E472e), biezin\u0101t\u0101js (E412), fermenti, antioksidants (E300)), s\u0101ls),\u00a0 pild\u012bjums (k\u016bpin\u0101ta c\u016bkga\u013ca (c\u016bkga\u013ca 80%, \u016bdens, s\u0101ls, konservants (E250), stabiliz\u0113t\u0101ji (E451, E407, E425, E415),\u00a0\u00a0 kartupe\u013cu ciete, augu \u0161\u0137iedrvielas, gar\u0161vielas, dekstroze, antioksidants (E316), modific\u0113ta kukur\u016bzas ciete, aromatiz\u0113t\u0101js), \u0137imenes, malti melnie pipari), produkta apstr\u0101de (olu aizvietot\u0101js (\u016bdens, saulespu\u0137u e\u013c\u013ca, augu prote\u012bns, dekstroze, maltodekstr\u012bns, ciete), SEZAMA s\u0113klas).\" \/>\n<meta property=\"og:url\" content=\"https:\/\/latpartika.lv\/en\/product\/rausi-with-skinki\/\" \/>\n<meta property=\"og:site_name\" content=\"Latvijas p\u0101rtikas ra\u017eot\u0101js\" \/>\n<meta property=\"article:modified_time\" content=\"2025-01-02T18:48:40+00:00\" \/>\n<meta property=\"og:image\" content=\"https:\/\/latpartika.lv\/wp-content\/uploads\/2025\/01\/Rausi-ar-skinki.png\" \/>\n\t<meta property=\"og:image:width\" content=\"500\" \/>\n\t<meta property=\"og:image:height\" content=\"500\" \/>\n\t<meta property=\"og:image:type\" content=\"image\/png\" \/>\n<meta name=\"twitter:card\" content=\"summary_large_image\" \/>\n<script type=\"application\/ld+json\" class=\"yoast-schema-graph\">{\"@context\":\"https:\\\/\\\/schema.org\",\"@graph\":[{\"@type\":\"WebPage\",\"@id\":\"https:\\\/\\\/latpartika.lv\\\/en\\\/product\\\/rausi-with-skinki\\\/\",\"url\":\"https:\\\/\\\/latpartika.lv\\\/en\\\/product\\\/rausi-with-skinki\\\/\",\"name\":\"Rau\u0161i ar \u0161\u0137i\u0146\u0137i - Latvijas p\u0101rtikas ra\u017eot\u0101js\",\"isPartOf\":{\"@id\":\"https:\\\/\\\/latpartika.lv\\\/#website\"},\"primaryImageOfPage\":{\"@id\":\"https:\\\/\\\/latpartika.lv\\\/en\\\/product\\\/rausi-with-skinki\\\/#primaryimage\"},\"image\":{\"@id\":\"https:\\\/\\\/latpartika.lv\\\/en\\\/product\\\/rausi-with-skinki\\\/#primaryimage\"},\"thumbnailUrl\":\"https:\\\/\\\/latpartika.lv\\\/wp-content\\\/uploads\\\/2025\\\/01\\\/Rausi-ar-skinki.png\",\"datePublished\":\"2024-12-05T18:47:03+00:00\",\"dateModified\":\"2025-01-02T18:48:40+00:00\",\"breadcrumb\":{\"@id\":\"https:\\\/\\\/latpartika.lv\\\/en\\\/product\\\/rausi-with-skinki\\\/#breadcrumb\"},\"inLanguage\":\"en-GB\",\"potentialAction\":[{\"@type\":\"ReadAction\",\"target\":[\"https:\\\/\\\/latpartika.lv\\\/en\\\/product\\\/rausi-with-skinki\\\/\"]}]},{\"@type\":\"ImageObject\",\"inLanguage\":\"en-GB\",\"@id\":\"https:\\\/\\\/latpartika.lv\\\/en\\\/product\\\/rausi-with-skinki\\\/#primaryimage\",\"url\":\"https:\\\/\\\/latpartika.lv\\\/wp-content\\\/uploads\\\/2025\\\/01\\\/Rausi-ar-skinki.png\",\"contentUrl\":\"https:\\\/\\\/latpartika.lv\\\/wp-content\\\/uploads\\\/2025\\\/01\\\/Rausi-ar-skinki.png\",\"width\":500,\"height\":500},{\"@type\":\"BreadcrumbList\",\"@id\":\"https:\\\/\\\/latpartika.lv\\\/en\\\/product\\\/rausi-with-skinki\\\/#breadcrumb\",\"itemListElement\":[{\"@type\":\"ListItem\",\"position\":1,\"name\":\"Home\",\"item\":\"https:\\\/\\\/latpartika.lv\\\/en\\\/\"},{\"@type\":\"ListItem\",\"position\":2,\"name\":\"Products\",\"item\":\"https:\\\/\\\/latpartika.lv\\\/shop\"},{\"@type\":\"ListItem\",\"position\":3,\"name\":\"Rau\u0161i ar \u0161\u0137i\u0146\u0137i\"}]},{\"@type\":\"WebSite\",\"@id\":\"https:\\\/\\\/latpartika.lv\\\/#website\",\"url\":\"https:\\\/\\\/latpartika.lv\\\/\",\"name\":\"Latvijas p\u0101rtikas ra\u017eot\u0101js\",\"description\":\"Svaigi produkti no kvalitat\u012bv\u0101m izejviel\u0101m!\",\"publisher\":{\"@id\":\"https:\\\/\\\/latpartika.lv\\\/#organization\"},\"potentialAction\":[{\"@type\":\"SearchAction\",\"target\":{\"@type\":\"EntryPoint\",\"urlTemplate\":\"https:\\\/\\\/latpartika.lv\\\/?s={search_term_string}\"},\"query-input\":{\"@type\":\"PropertyValueSpecification\",\"valueRequired\":true,\"valueName\":\"search_term_string\"}}],\"inLanguage\":\"en-GB\"},{\"@type\":\"Organization\",\"@id\":\"https:\\\/\\\/latpartika.lv\\\/#organization\",\"name\":\"Latvijas p\u0101rtikas ra\u017eot\u0101js\",\"url\":\"https:\\\/\\\/latpartika.lv\\\/\",\"logo\":{\"@type\":\"ImageObject\",\"inLanguage\":\"en-GB\",\"@id\":\"https:\\\/\\\/latpartika.lv\\\/#\\\/schema\\\/logo\\\/image\\\/\",\"url\":\"https:\\\/\\\/latpartika.lv\\\/wp-content\\\/uploads\\\/2024\\\/11\\\/LPR_logo_balts.svg\",\"contentUrl\":\"https:\\\/\\\/latpartika.lv\\\/wp-content\\\/uploads\\\/2024\\\/11\\\/LPR_logo_balts.svg\",\"width\":425,\"height\":589,\"caption\":\"Latvijas p\u0101rtikas ra\u017eot\u0101js\"},\"image\":{\"@id\":\"https:\\\/\\\/latpartika.lv\\\/#\\\/schema\\\/logo\\\/image\\\/\"}}]}<\/script>\n<!-- \/ Yoast SEO plugin. -->","yoast_head_json":{"title":"Rau\u0161i with ham - Latvian food producer","robots":{"index":"index","follow":"follow","max-snippet":"max-snippet:-1","max-image-preview":"max-image-preview:large","max-video-preview":"max-video-preview:-1"},"canonical":"https:\/\/latpartika.lv\/en\/product\/rausi-with-skinki\/","og_locale":"en_GB","og_type":"article","og_title":"Rau\u0161i ar \u0161\u0137i\u0146\u0137i - Latvijas p\u0101rtikas ra\u017eot\u0101js","og_description":"M\u012bkla (KVIE\u0160U \u00a0milti, k\u0101rtainais margar\u012bns (palmu tauki, \u016bdens, rap\u0161u e\u013c\u013ca, emulgatori (E471,E322), s\u0101ls, sk\u0101buma regul\u0113t\u0101js (E330), dab\u012bgie gar\u0161as uzlabot\u0101ji, kr\u0101sviela (E160a)), \u016bdens, cukurs, margar\u012bns (augu e\u013c\u013cas (palmu, rap\u0161u), palmu tauki, \u016bdens, emulgatori (E471, E322), s\u0101ls, kr\u0101sviela (E160a), SVIESTA aromatiz\u0113t\u0101js), raugs, m\u012bklas uzlabot\u0101js (KVIE\u0160U milti, emulgators (E472e), biezin\u0101t\u0101js (E412), fermenti, antioksidants (E300)), s\u0101ls),\u00a0 pild\u012bjums (k\u016bpin\u0101ta c\u016bkga\u013ca (c\u016bkga\u013ca 80%, \u016bdens, s\u0101ls, konservants (E250), stabiliz\u0113t\u0101ji (E451, E407, E425, E415),\u00a0\u00a0 kartupe\u013cu ciete, augu \u0161\u0137iedrvielas, gar\u0161vielas, dekstroze, antioksidants (E316), modific\u0113ta kukur\u016bzas ciete, aromatiz\u0113t\u0101js), \u0137imenes, malti melnie pipari), produkta apstr\u0101de (olu aizvietot\u0101js (\u016bdens, saulespu\u0137u e\u013c\u013ca, augu prote\u012bns, dekstroze, maltodekstr\u012bns, ciete), SEZAMA s\u0113klas).","og_url":"https:\/\/latpartika.lv\/en\/product\/rausi-with-skinki\/","og_site_name":"Latvijas p\u0101rtikas ra\u017eot\u0101js","article_modified_time":"2025-01-02T18:48:40+00:00","og_image":[{"width":500,"height":500,"url":"https:\/\/latpartika.lv\/wp-content\/uploads\/2025\/01\/Rausi-ar-skinki.png","type":"image\/png"}],"twitter_card":"summary_large_image","schema":{"@context":"https:\/\/schema.org","@graph":[{"@type":"WebPage","@id":"https:\/\/latpartika.lv\/en\/product\/rausi-with-skinki\/","url":"https:\/\/latpartika.lv\/en\/product\/rausi-with-skinki\/","name":"Rau\u0161i with ham - Latvian food producer","isPartOf":{"@id":"https:\/\/latpartika.lv\/#website"},"primaryImageOfPage":{"@id":"https:\/\/latpartika.lv\/en\/product\/rausi-with-skinki\/#primaryimage"},"image":{"@id":"https:\/\/latpartika.lv\/en\/product\/rausi-with-skinki\/#primaryimage"},"thumbnailUrl":"https:\/\/latpartika.lv\/wp-content\/uploads\/2025\/01\/Rausi-ar-skinki.png","datePublished":"2024-12-05T18:47:03+00:00","dateModified":"2025-01-02T18:48:40+00:00","breadcrumb":{"@id":"https:\/\/latpartika.lv\/en\/product\/rausi-with-skinki\/#breadcrumb"},"inLanguage":"en-GB","potentialAction":[{"@type":"ReadAction","target":["https:\/\/latpartika.lv\/en\/product\/rausi-with-skinki\/"]}]},{"@type":"ImageObject","inLanguage":"en-GB","@id":"https:\/\/latpartika.lv\/en\/product\/rausi-with-skinki\/#primaryimage","url":"https:\/\/latpartika.lv\/wp-content\/uploads\/2025\/01\/Rausi-ar-skinki.png","contentUrl":"https:\/\/latpartika.lv\/wp-content\/uploads\/2025\/01\/Rausi-ar-skinki.png","width":500,"height":500},{"@type":"BreadcrumbList","@id":"https:\/\/latpartika.lv\/en\/product\/rausi-with-skinki\/#breadcrumb","itemListElement":[{"@type":"ListItem","position":1,"name":"Home","item":"https:\/\/latpartika.lv\/en\/"},{"@type":"ListItem","position":2,"name":"Products","item":"https:\/\/latpartika.lv\/shop"},{"@type":"ListItem","position":3,"name":"Rau\u0161i ar \u0161\u0137i\u0146\u0137i"}]},{"@type":"WebSite","@id":"https:\/\/latpartika.lv\/#website","url":"https:\/\/latpartika.lv\/","name":"Latvian food producer","description":"Fresh produce from quality ingredients!","publisher":{"@id":"https:\/\/latpartika.lv\/#organization"},"potentialAction":[{"@type":"SearchAction","target":{"@type":"EntryPoint","urlTemplate":"https:\/\/latpartika.lv\/?s={search_term_string}"},"query-input":{"@type":"PropertyValueSpecification","valueRequired":true,"valueName":"search_term_string"}}],"inLanguage":"en-GB"},{"@type":"Organization","@id":"https:\/\/latpartika.lv\/#organization","name":"Latvian food producer","url":"https:\/\/latpartika.lv\/","logo":{"@type":"ImageObject","inLanguage":"en-GB","@id":"https:\/\/latpartika.lv\/#\/schema\/logo\/image\/","url":"https:\/\/latpartika.lv\/wp-content\/uploads\/2024\/11\/LPR_logo_balts.svg","contentUrl":"https:\/\/latpartika.lv\/wp-content\/uploads\/2024\/11\/LPR_logo_balts.svg","width":425,"height":589,"caption":"Latvijas p\u0101rtikas ra\u017eot\u0101js"},"image":{"@id":"https:\/\/latpartika.lv\/#\/schema\/logo\/image\/"}}]}},"_links":{"self":[{"href":"https:\/\/latpartika.lv\/en\/wp-json\/wp\/v2\/product\/534","targetHints":{"allow":["GET"]}}],"collection":[{"href":"https:\/\/latpartika.lv\/en\/wp-json\/wp\/v2\/product"}],"about":[{"href":"https:\/\/latpartika.lv\/en\/wp-json\/wp\/v2\/types\/product"}],"replies":[{"embeddable":true,"href":"https:\/\/latpartika.lv\/en\/wp-json\/wp\/v2\/comments?post=534"}],"version-history":[{"count":0,"href":"https:\/\/latpartika.lv\/en\/wp-json\/wp\/v2\/product\/534\/revisions"}],"wp:featuredmedia":[{"embeddable":true,"href":"https:\/\/latpartika.lv\/en\/wp-json\/wp\/v2\/media\/535"}],"wp:attachment":[{"href":"https:\/\/latpartika.lv\/en\/wp-json\/wp\/v2\/media?parent=534"}],"wp:term":[{"taxonomy":"product_brand","embeddable":true,"href":"https:\/\/latpartika.lv\/en\/wp-json\/wp\/v2\/product_brand?post=534"},{"taxonomy":"product_cat","embeddable":true,"href":"https:\/\/latpartika.lv\/en\/wp-json\/wp\/v2\/product_cat?post=534"},{"taxonomy":"product_tag","embeddable":true,"href":"https:\/\/latpartika.lv\/en\/wp-json\/wp\/v2\/product_tag?post=534"}],"curies":[{"name":"wp","href":"https:\/\/api.w.org\/{rel}","templated":true}]}}