{"id":555,"date":"2024-11-30T18:58:09","date_gmt":"2024-11-30T18:58:09","guid":{"rendered":"https:\/\/latpartika.lv\/?post_type=product&#038;p=555"},"modified":"2025-01-02T18:59:32","modified_gmt":"2025-01-02T18:59:32","slug":"tasty-pie-smekis","status":"publish","type":"product","link":"https:\/\/latpartika.lv\/en\/product\/pirags-smekis","title":{"rendered":"Tasty Pie \u2018Sme\u0137is\u2019"},"content":{"rendered":"<p>Lorem ipsum dolor sit amet, consectetur adipiscing elit. Phasellus quis tempus lacus. Nam fringilla iaculis turpis a dictum. Nam ex nunc, malesuada vel ornare vitae, lacinia maximus lectus. In vel egestas ligula, at pellentesque quam. Integer sit amet consequat libero. Quisque non bibendum odio.<\/p>","protected":false},"excerpt":{"rendered":"<p>Dough<strong>INVITATION<\/strong> Flour, puff pastry margarine (palm fats, water, rapeseed oil, emulsifiers (E471, E322), salt, acidity regulator (E330), natural flavorings, color (E160a)), water, sugar, margarine (vegetable oils (palm, rapeseed), palm fats, water, emulsifiers (E471, E322), salt, color (E160a)). \\ <strong>LIGHT<\/strong> flavouring), yeast, dough conditioner<strong>INVITATION <\/strong>flour, emulsifier (E472e), thickener (E412), enzymes, antioxidant (E300)), salt), filling (chicken (mechanically separated chicken, water, lard, chicken skins, pork, modified potato starch, salt, preservative (E250), <strong>FULL<\/strong> Whey, <strong>SOY<\/strong> protein, stabilisers (E451, E412), dextrose, flavour enhancer (E621), spice extract, antioxidant (E316)), vegetable sauce (tomato paste, water, sugar, vinegar, modified starch, dried onion, rapeseed oil, iodised salt, dried garlic, dried tomatoes, dried red pepper flakes, spice mix, ground chilli, ground black pepper, preservative (E202)), product treatment (egg substitute (water, sunflower oil, vegetable protein, dextrose, maltodextrin, starch), <strong>SEZAMA<\/strong> seeds)<\/p>","protected":false},"featured_media":556,"comment_status":"closed","ping_status":"closed","template":"","meta":[],"product_brand":[],"product_cat":[35,34],"product_tag":[],"class_list":{"0":"post-555","1":"product","2":"type-product","3":"status-publish","4":"has-post-thumbnail","6":"product_cat-konditoreja","7":"product_cat-produkti","9":"first","10":"instock","11":"shipping-taxable","12":"product-type-simple"},"yoast_head":"<!-- This site is optimized with the Yoast SEO plugin v27.3 - https:\/\/yoast.com\/product\/yoast-seo-wordpress\/ -->\n<title>P\u012br\u0101gs Sme\u0137is - Latvijas p\u0101rtikas ra\u017eot\u0101js<\/title>\n<meta name=\"robots\" content=\"index, follow, max-snippet:-1, max-image-preview:large, max-video-preview:-1\" \/>\n<link rel=\"canonical\" href=\"https:\/\/latpartika.lv\/en\/product\/tasty-pie-smekis\/\" \/>\n<meta property=\"og:locale\" content=\"en_GB\" \/>\n<meta property=\"og:type\" content=\"article\" \/>\n<meta property=\"og:title\" content=\"P\u012br\u0101gs Sme\u0137is - Latvijas p\u0101rtikas ra\u017eot\u0101js\" \/>\n<meta property=\"og:description\" content=\"M\u012bkla (KVIE\u0160U milti, k\u0101rtainais margar\u012bns (palmu tauki, \u016bdens, rap\u0161u e\u013c\u013ca, emulgatori (E471, E322), s\u0101ls, sk\u0101buma regul\u0113t\u0101js (E330), dab\u012bgie gar\u0161as uzlabot\u0101ji, kr\u0101sviela (E160a)), \u016bdens, cukurs, margar\u012bns (augu e\u013c\u013cas (palmu, rap\u0161u), palmu tauki, \u016bdens, emulgatori (E471, E322), s\u0101ls, kr\u0101sviela (E160a), SVIESTA aromatiz\u0113t\u0101js), raugs, m\u012bklas uzlabot\u0101js (KVIE\u0160U milti, emulgators (E472e), biezin\u0101t\u0101js (E412), fermenti, antioksidants (E300)), s\u0101ls), pild\u012bjums ( c\u012bsi\u0146\u0161 (meh\u0101niski atdal\u012bta vistas ga\u013ca, \u016bdens, c\u016bku spe\u0137is, c\u0101\u013cu \u0101das, c\u016bkga\u013ca, modific\u0113ta kartupe\u013cu ciete, s\u0101ls, konservants (E250), PIENA s\u016bkalas, SOJAS olbaltumvielas, stabiliz\u0113t\u0101ji (E451, E412), dekstroze, gar\u0161as pastiprin\u0101t\u0101js (E621), gar\u0161vielu ekstrakts, antioksidants (E316)), d\u0101rze\u0146u m\u0113rce (tom\u0101tu pasta, \u016bdens, cukurs, eti\u0137is, modific\u0113ta ciete, kalt\u0113ti s\u012bpoli, rap\u0161u e\u013c\u013ca, jod\u0113t\u0101 s\u0101ls, kalt\u0113ti \u0137iploki, kalt\u0113ti tom\u0101ti, kalt\u0113tas sarkan\u0101s paprikas pl\u0101ksnes, gar\u0161vielu mais\u012bjums, malts \u010dili, malti melnie pipari, konservants (E202)), produkta apstr\u0101de (olu aizvietot\u0101js (\u016bdens, saulespu\u0137u e\u013c\u013ca, augu prote\u012bns, dekstroze, maltodekstr\u012bns, ciete), SEZAMA s\u0113klas)\" \/>\n<meta property=\"og:url\" content=\"https:\/\/latpartika.lv\/en\/product\/tasty-pie-smekis\/\" \/>\n<meta property=\"og:site_name\" content=\"Latvijas p\u0101rtikas ra\u017eot\u0101js\" \/>\n<meta property=\"article:modified_time\" content=\"2025-01-02T18:59:32+00:00\" \/>\n<meta property=\"og:image\" content=\"https:\/\/latpartika.lv\/wp-content\/uploads\/2025\/01\/Pirags-smekis.png\" \/>\n\t<meta property=\"og:image:width\" content=\"500\" \/>\n\t<meta property=\"og:image:height\" content=\"500\" \/>\n\t<meta property=\"og:image:type\" content=\"image\/png\" \/>\n<meta name=\"twitter:card\" content=\"summary_large_image\" \/>\n<script type=\"application\/ld+json\" class=\"yoast-schema-graph\">{\"@context\":\"https:\\\/\\\/schema.org\",\"@graph\":[{\"@type\":\"WebPage\",\"@id\":\"https:\\\/\\\/latpartika.lv\\\/product\\\/pirags-smekis\",\"url\":\"https:\\\/\\\/latpartika.lv\\\/product\\\/pirags-smekis\",\"name\":\"P\u012br\u0101gs Sme\u0137is - Latvijas p\u0101rtikas ra\u017eot\u0101js\",\"isPartOf\":{\"@id\":\"https:\\\/\\\/latpartika.lv\\\/#website\"},\"primaryImageOfPage\":{\"@id\":\"https:\\\/\\\/latpartika.lv\\\/product\\\/pirags-smekis#primaryimage\"},\"image\":{\"@id\":\"https:\\\/\\\/latpartika.lv\\\/product\\\/pirags-smekis#primaryimage\"},\"thumbnailUrl\":\"https:\\\/\\\/latpartika.lv\\\/wp-content\\\/uploads\\\/2025\\\/01\\\/Pirags-smekis.png\",\"datePublished\":\"2024-11-30T18:58:09+00:00\",\"dateModified\":\"2025-01-02T18:59:32+00:00\",\"breadcrumb\":{\"@id\":\"https:\\\/\\\/latpartika.lv\\\/product\\\/pirags-smekis#breadcrumb\"},\"inLanguage\":\"en-GB\",\"potentialAction\":[{\"@type\":\"ReadAction\",\"target\":[\"https:\\\/\\\/latpartika.lv\\\/product\\\/pirags-smekis\"]}]},{\"@type\":\"ImageObject\",\"inLanguage\":\"en-GB\",\"@id\":\"https:\\\/\\\/latpartika.lv\\\/product\\\/pirags-smekis#primaryimage\",\"url\":\"https:\\\/\\\/latpartika.lv\\\/wp-content\\\/uploads\\\/2025\\\/01\\\/Pirags-smekis.png\",\"contentUrl\":\"https:\\\/\\\/latpartika.lv\\\/wp-content\\\/uploads\\\/2025\\\/01\\\/Pirags-smekis.png\",\"width\":500,\"height\":500},{\"@type\":\"BreadcrumbList\",\"@id\":\"https:\\\/\\\/latpartika.lv\\\/product\\\/pirags-smekis#breadcrumb\",\"itemListElement\":[{\"@type\":\"ListItem\",\"position\":1,\"name\":\"Home\",\"item\":\"https:\\\/\\\/latpartika.lv\\\/en\\\/\"},{\"@type\":\"ListItem\",\"position\":2,\"name\":\"Products\",\"item\":\"https:\\\/\\\/latpartika.lv\\\/shop\"},{\"@type\":\"ListItem\",\"position\":3,\"name\":\"P\u012br\u0101gs Sme\u0137is\"}]},{\"@type\":\"WebSite\",\"@id\":\"https:\\\/\\\/latpartika.lv\\\/#website\",\"url\":\"https:\\\/\\\/latpartika.lv\\\/\",\"name\":\"Latvijas p\u0101rtikas ra\u017eot\u0101js\",\"description\":\"Svaigi produkti no kvalitat\u012bv\u0101m izejviel\u0101m!\",\"publisher\":{\"@id\":\"https:\\\/\\\/latpartika.lv\\\/#organization\"},\"potentialAction\":[{\"@type\":\"SearchAction\",\"target\":{\"@type\":\"EntryPoint\",\"urlTemplate\":\"https:\\\/\\\/latpartika.lv\\\/?s={search_term_string}\"},\"query-input\":{\"@type\":\"PropertyValueSpecification\",\"valueRequired\":true,\"valueName\":\"search_term_string\"}}],\"inLanguage\":\"en-GB\"},{\"@type\":\"Organization\",\"@id\":\"https:\\\/\\\/latpartika.lv\\\/#organization\",\"name\":\"Latvijas p\u0101rtikas ra\u017eot\u0101js\",\"url\":\"https:\\\/\\\/latpartika.lv\\\/\",\"logo\":{\"@type\":\"ImageObject\",\"inLanguage\":\"en-GB\",\"@id\":\"https:\\\/\\\/latpartika.lv\\\/#\\\/schema\\\/logo\\\/image\\\/\",\"url\":\"https:\\\/\\\/latpartika.lv\\\/wp-content\\\/uploads\\\/2024\\\/11\\\/LPR_logo_balts.svg\",\"contentUrl\":\"https:\\\/\\\/latpartika.lv\\\/wp-content\\\/uploads\\\/2024\\\/11\\\/LPR_logo_balts.svg\",\"width\":425,\"height\":589,\"caption\":\"Latvijas p\u0101rtikas ra\u017eot\u0101js\"},\"image\":{\"@id\":\"https:\\\/\\\/latpartika.lv\\\/#\\\/schema\\\/logo\\\/image\\\/\"}}]}<\/script>\n<!-- \/ Yoast SEO plugin. -->","yoast_head_json":{"title":"P\u012br\u0101gs Sme\u0137is - Latvian food producer","robots":{"index":"index","follow":"follow","max-snippet":"max-snippet:-1","max-image-preview":"max-image-preview:large","max-video-preview":"max-video-preview:-1"},"canonical":"https:\/\/latpartika.lv\/en\/product\/tasty-pie-smekis\/","og_locale":"en_GB","og_type":"article","og_title":"P\u012br\u0101gs Sme\u0137is - Latvijas p\u0101rtikas ra\u017eot\u0101js","og_description":"M\u012bkla (KVIE\u0160U milti, k\u0101rtainais margar\u012bns (palmu tauki, \u016bdens, rap\u0161u e\u013c\u013ca, emulgatori (E471, E322), s\u0101ls, sk\u0101buma regul\u0113t\u0101js (E330), dab\u012bgie gar\u0161as uzlabot\u0101ji, kr\u0101sviela (E160a)), \u016bdens, cukurs, margar\u012bns (augu e\u013c\u013cas (palmu, rap\u0161u), palmu tauki, \u016bdens, emulgatori (E471, E322), s\u0101ls, kr\u0101sviela (E160a), SVIESTA aromatiz\u0113t\u0101js), raugs, m\u012bklas uzlabot\u0101js (KVIE\u0160U milti, emulgators (E472e), biezin\u0101t\u0101js (E412), fermenti, antioksidants (E300)), s\u0101ls), pild\u012bjums ( c\u012bsi\u0146\u0161 (meh\u0101niski atdal\u012bta vistas ga\u013ca, \u016bdens, c\u016bku spe\u0137is, c\u0101\u013cu \u0101das, c\u016bkga\u013ca, modific\u0113ta kartupe\u013cu ciete, s\u0101ls, konservants (E250), PIENA s\u016bkalas, SOJAS olbaltumvielas, stabiliz\u0113t\u0101ji (E451, E412), dekstroze, gar\u0161as pastiprin\u0101t\u0101js (E621), gar\u0161vielu ekstrakts, antioksidants (E316)), d\u0101rze\u0146u m\u0113rce (tom\u0101tu pasta, \u016bdens, cukurs, eti\u0137is, modific\u0113ta ciete, kalt\u0113ti s\u012bpoli, rap\u0161u e\u013c\u013ca, jod\u0113t\u0101 s\u0101ls, kalt\u0113ti \u0137iploki, kalt\u0113ti tom\u0101ti, kalt\u0113tas sarkan\u0101s paprikas pl\u0101ksnes, gar\u0161vielu mais\u012bjums, malts \u010dili, malti melnie pipari, konservants (E202)), produkta apstr\u0101de (olu aizvietot\u0101js (\u016bdens, saulespu\u0137u e\u013c\u013ca, augu prote\u012bns, dekstroze, maltodekstr\u012bns, ciete), SEZAMA s\u0113klas)","og_url":"https:\/\/latpartika.lv\/en\/product\/tasty-pie-smekis\/","og_site_name":"Latvijas p\u0101rtikas ra\u017eot\u0101js","article_modified_time":"2025-01-02T18:59:32+00:00","og_image":[{"width":500,"height":500,"url":"https:\/\/latpartika.lv\/wp-content\/uploads\/2025\/01\/Pirags-smekis.png","type":"image\/png"}],"twitter_card":"summary_large_image","schema":{"@context":"https:\/\/schema.org","@graph":[{"@type":"WebPage","@id":"https:\/\/latpartika.lv\/product\/pirags-smekis","url":"https:\/\/latpartika.lv\/product\/pirags-smekis","name":"P\u012br\u0101gs Sme\u0137is - Latvian food producer","isPartOf":{"@id":"https:\/\/latpartika.lv\/#website"},"primaryImageOfPage":{"@id":"https:\/\/latpartika.lv\/product\/pirags-smekis#primaryimage"},"image":{"@id":"https:\/\/latpartika.lv\/product\/pirags-smekis#primaryimage"},"thumbnailUrl":"https:\/\/latpartika.lv\/wp-content\/uploads\/2025\/01\/Pirags-smekis.png","datePublished":"2024-11-30T18:58:09+00:00","dateModified":"2025-01-02T18:59:32+00:00","breadcrumb":{"@id":"https:\/\/latpartika.lv\/product\/pirags-smekis#breadcrumb"},"inLanguage":"en-GB","potentialAction":[{"@type":"ReadAction","target":["https:\/\/latpartika.lv\/product\/pirags-smekis"]}]},{"@type":"ImageObject","inLanguage":"en-GB","@id":"https:\/\/latpartika.lv\/product\/pirags-smekis#primaryimage","url":"https:\/\/latpartika.lv\/wp-content\/uploads\/2025\/01\/Pirags-smekis.png","contentUrl":"https:\/\/latpartika.lv\/wp-content\/uploads\/2025\/01\/Pirags-smekis.png","width":500,"height":500},{"@type":"BreadcrumbList","@id":"https:\/\/latpartika.lv\/product\/pirags-smekis#breadcrumb","itemListElement":[{"@type":"ListItem","position":1,"name":"Home","item":"https:\/\/latpartika.lv\/en\/"},{"@type":"ListItem","position":2,"name":"Products","item":"https:\/\/latpartika.lv\/shop"},{"@type":"ListItem","position":3,"name":"P\u012br\u0101gs Sme\u0137is"}]},{"@type":"WebSite","@id":"https:\/\/latpartika.lv\/#website","url":"https:\/\/latpartika.lv\/","name":"Latvian food producer","description":"Fresh produce from quality ingredients!","publisher":{"@id":"https:\/\/latpartika.lv\/#organization"},"potentialAction":[{"@type":"SearchAction","target":{"@type":"EntryPoint","urlTemplate":"https:\/\/latpartika.lv\/?s={search_term_string}"},"query-input":{"@type":"PropertyValueSpecification","valueRequired":true,"valueName":"search_term_string"}}],"inLanguage":"en-GB"},{"@type":"Organization","@id":"https:\/\/latpartika.lv\/#organization","name":"Latvian food producer","url":"https:\/\/latpartika.lv\/","logo":{"@type":"ImageObject","inLanguage":"en-GB","@id":"https:\/\/latpartika.lv\/#\/schema\/logo\/image\/","url":"https:\/\/latpartika.lv\/wp-content\/uploads\/2024\/11\/LPR_logo_balts.svg","contentUrl":"https:\/\/latpartika.lv\/wp-content\/uploads\/2024\/11\/LPR_logo_balts.svg","width":425,"height":589,"caption":"Latvijas p\u0101rtikas ra\u017eot\u0101js"},"image":{"@id":"https:\/\/latpartika.lv\/#\/schema\/logo\/image\/"}}]}},"_links":{"self":[{"href":"https:\/\/latpartika.lv\/en\/wp-json\/wp\/v2\/product\/555","targetHints":{"allow":["GET"]}}],"collection":[{"href":"https:\/\/latpartika.lv\/en\/wp-json\/wp\/v2\/product"}],"about":[{"href":"https:\/\/latpartika.lv\/en\/wp-json\/wp\/v2\/types\/product"}],"replies":[{"embeddable":true,"href":"https:\/\/latpartika.lv\/en\/wp-json\/wp\/v2\/comments?post=555"}],"version-history":[{"count":0,"href":"https:\/\/latpartika.lv\/en\/wp-json\/wp\/v2\/product\/555\/revisions"}],"wp:featuredmedia":[{"embeddable":true,"href":"https:\/\/latpartika.lv\/en\/wp-json\/wp\/v2\/media\/556"}],"wp:attachment":[{"href":"https:\/\/latpartika.lv\/en\/wp-json\/wp\/v2\/media?parent=555"}],"wp:term":[{"taxonomy":"product_brand","embeddable":true,"href":"https:\/\/latpartika.lv\/en\/wp-json\/wp\/v2\/product_brand?post=555"},{"taxonomy":"product_cat","embeddable":true,"href":"https:\/\/latpartika.lv\/en\/wp-json\/wp\/v2\/product_cat?post=555"},{"taxonomy":"product_tag","embeddable":true,"href":"https:\/\/latpartika.lv\/en\/wp-json\/wp\/v2\/product_tag?post=555"}],"curies":[{"name":"wp","href":"https:\/\/api.w.org\/{rel}","templated":true}]}}