{"id":590,"date":"2025-01-02T19:21:29","date_gmt":"2025-01-02T19:21:29","guid":{"rendered":"https:\/\/latpartika.lv\/?post_type=product&#038;p=590"},"modified":"2025-01-02T19:23:07","modified_gmt":"2025-01-02T19:23:07","slug":"teriyaki-vistas-wok-ar-nudelem","status":"publish","type":"product","link":"https:\/\/latpartika.lv\/en\/product\/teriyaki-vistas-wok-ar-olu-nudelem","title":{"rendered":"Teriyaki vistas WOK ar n\u016bdel\u0113m"},"content":{"rendered":"<p>Lorem ipsum dolor sit amet, consectetur adipiscing elit. Phasellus quis tempus lacus. Nam fringilla iaculis turpis a dictum. Nam ex nunc, malesuada vel ornare vitae, lacinia maximus lectus. In vel egestas ligula, at pellentesque quam. Integer sit amet consequat libero. Quisque non bibendum odio.<\/p>","protected":false},"excerpt":{"rendered":"<p><strong>Ingredients:<em> ooh<\/em><\/strong> noodles 34.6% (<strong><em>wheat <\/em><\/strong>flour, water, salt, <strong><em>ooh<\/em><\/strong> yolk powder), chicken meat 21%, zucchini,<strong><em> soya<\/em><\/strong> sauce (sugar, <strong><em>soya<\/em><\/strong> sauce (water, <strong><em>soya<\/em><\/strong>, salt, <strong><em>wheat <\/em><\/strong>flour), water, molasses, salt, caramel, preservative: E202, flavourings), peppers, onions, pad thai sauce (water, sugar, red wine vinegar, tomato paste, chili pepper, salt, tamarind concentrate, lime juice, modified starch, canola oil, garlic, fish sauce (water, <strong><em>Anchors<\/em><\/strong><em>)<\/em>, onion, acidity regulator:E260, rapeseed oil, garlic)<\/p>","protected":false},"featured_media":591,"comment_status":"closed","ping_status":"closed","template":"","meta":[],"product_brand":[],"product_cat":[36,34],"product_tag":[],"class_list":{"0":"post-590","1":"product","2":"type-product","3":"status-publish","4":"has-post-thumbnail","6":"product_cat-pamatedieni","7":"product_cat-produkti","9":"first","10":"instock","11":"shipping-taxable","12":"product-type-simple"},"yoast_head":"<!-- This site is optimized with the Yoast SEO plugin v27.3 - https:\/\/yoast.com\/product\/yoast-seo-wordpress\/ -->\n<title>Teriyaki vistas WOK ar olu n\u016bdel\u0113m - Latvijas p\u0101rtikas ra\u017eot\u0101js<\/title>\n<meta name=\"robots\" content=\"index, follow, max-snippet:-1, max-image-preview:large, max-video-preview:-1\" \/>\n<link rel=\"canonical\" href=\"https:\/\/latpartika.lv\/en\/product\/teriyaki-chicken-wok-with-egg-nudelem\" \/>\n<meta property=\"og:locale\" content=\"en_GB\" \/>\n<meta property=\"og:type\" content=\"article\" \/>\n<meta property=\"og:title\" content=\"Teriyaki vistas WOK ar olu n\u016bdel\u0113m - Latvijas p\u0101rtikas ra\u017eot\u0101js\" \/>\n<meta property=\"og:description\" content=\"Sast\u0101vda\u013cas: olu n\u016bdeles 34.6% (kvie\u0161u milti, \u016bdens, s\u0101ls, olu dzeltenuma pulveris), vistas ga\u013ca 21%, cuk\u012bni, sojas m\u0113rce (cukurs, sojas m\u0113rce (\u016bdens, soja, s\u0101ls, kvie\u0161u milti), \u016bdens, melase, s\u0101ls, karamele, konservants: E202, aromatiz\u0113t\u0101ji), paprika, s\u012bpoli, pad thai m\u0113rce (\u016bdens, cukurs, sarkanv\u012bna eti\u0137is, tom\u0101tu pasta, \u010dili pipari, s\u0101ls, tamarinda koncentr\u0101ts, laima sula, modific\u0113ta ciete, rap\u0161u e\u013c\u013ca, \u0137iploki, zivju m\u0113rce (\u016bdens, an\u0161ovi), s\u012bpoli, sk\u0101buma regul\u0113t\u0101js:E260, rap\u0161u e\u013c\u013ca, \u0137iploki)\" \/>\n<meta property=\"og:url\" content=\"https:\/\/latpartika.lv\/en\/product\/teriyaki-chicken-wok-with-egg-nudelem\" \/>\n<meta property=\"og:site_name\" content=\"Latvijas p\u0101rtikas ra\u017eot\u0101js\" \/>\n<meta property=\"article:modified_time\" content=\"2025-01-02T19:23:07+00:00\" \/>\n<meta property=\"og:image\" content=\"https:\/\/latpartika.lv\/wp-content\/uploads\/2025\/01\/Teriyaki-vistas-wok-ar-olu-nudelem.png\" \/>\n\t<meta property=\"og:image:width\" content=\"500\" \/>\n\t<meta property=\"og:image:height\" content=\"500\" \/>\n\t<meta property=\"og:image:type\" content=\"image\/png\" \/>\n<meta name=\"twitter:card\" content=\"summary_large_image\" \/>\n<script type=\"application\/ld+json\" class=\"yoast-schema-graph\">{\"@context\":\"https:\\\/\\\/schema.org\",\"@graph\":[{\"@type\":\"WebPage\",\"@id\":\"https:\\\/\\\/latpartika.lv\\\/en\\\/product\\\/teriyaki-chicken-wok-with-egg-nudelem\",\"url\":\"https:\\\/\\\/latpartika.lv\\\/en\\\/product\\\/teriyaki-chicken-wok-with-egg-nudelem\",\"name\":\"Teriyaki vistas WOK ar olu n\u016bdel\u0113m - Latvijas p\u0101rtikas ra\u017eot\u0101js\",\"isPartOf\":{\"@id\":\"https:\\\/\\\/latpartika.lv\\\/#website\"},\"primaryImageOfPage\":{\"@id\":\"https:\\\/\\\/latpartika.lv\\\/en\\\/product\\\/teriyaki-chicken-wok-with-egg-nudelem#primaryimage\"},\"image\":{\"@id\":\"https:\\\/\\\/latpartika.lv\\\/en\\\/product\\\/teriyaki-chicken-wok-with-egg-nudelem#primaryimage\"},\"thumbnailUrl\":\"https:\\\/\\\/latpartika.lv\\\/wp-content\\\/uploads\\\/2025\\\/01\\\/Teriyaki-vistas-wok-ar-olu-nudelem.png\",\"datePublished\":\"2025-01-02T19:21:29+00:00\",\"dateModified\":\"2025-01-02T19:23:07+00:00\",\"breadcrumb\":{\"@id\":\"https:\\\/\\\/latpartika.lv\\\/en\\\/product\\\/teriyaki-chicken-wok-with-egg-nudelem#breadcrumb\"},\"inLanguage\":\"en-GB\",\"potentialAction\":[{\"@type\":\"ReadAction\",\"target\":[\"https:\\\/\\\/latpartika.lv\\\/en\\\/product\\\/teriyaki-chicken-wok-with-egg-nudelem\"]}]},{\"@type\":\"ImageObject\",\"inLanguage\":\"en-GB\",\"@id\":\"https:\\\/\\\/latpartika.lv\\\/en\\\/product\\\/teriyaki-chicken-wok-with-egg-nudelem#primaryimage\",\"url\":\"https:\\\/\\\/latpartika.lv\\\/wp-content\\\/uploads\\\/2025\\\/01\\\/Teriyaki-vistas-wok-ar-olu-nudelem.png\",\"contentUrl\":\"https:\\\/\\\/latpartika.lv\\\/wp-content\\\/uploads\\\/2025\\\/01\\\/Teriyaki-vistas-wok-ar-olu-nudelem.png\",\"width\":500,\"height\":500},{\"@type\":\"BreadcrumbList\",\"@id\":\"https:\\\/\\\/latpartika.lv\\\/en\\\/product\\\/teriyaki-chicken-wok-with-egg-nudelem#breadcrumb\",\"itemListElement\":[{\"@type\":\"ListItem\",\"position\":1,\"name\":\"Home\",\"item\":\"https:\\\/\\\/latpartika.lv\\\/en\\\/\"},{\"@type\":\"ListItem\",\"position\":2,\"name\":\"Products\",\"item\":\"https:\\\/\\\/latpartika.lv\\\/shop\"},{\"@type\":\"ListItem\",\"position\":3,\"name\":\"Teriyaki vistas WOK ar olu n\u016bdel\u0113m\"}]},{\"@type\":\"WebSite\",\"@id\":\"https:\\\/\\\/latpartika.lv\\\/#website\",\"url\":\"https:\\\/\\\/latpartika.lv\\\/\",\"name\":\"Latvijas p\u0101rtikas ra\u017eot\u0101js\",\"description\":\"Svaigi produkti no kvalitat\u012bv\u0101m izejviel\u0101m!\",\"publisher\":{\"@id\":\"https:\\\/\\\/latpartika.lv\\\/#organization\"},\"potentialAction\":[{\"@type\":\"SearchAction\",\"target\":{\"@type\":\"EntryPoint\",\"urlTemplate\":\"https:\\\/\\\/latpartika.lv\\\/?s={search_term_string}\"},\"query-input\":{\"@type\":\"PropertyValueSpecification\",\"valueRequired\":true,\"valueName\":\"search_term_string\"}}],\"inLanguage\":\"en-GB\"},{\"@type\":\"Organization\",\"@id\":\"https:\\\/\\\/latpartika.lv\\\/#organization\",\"name\":\"Latvijas p\u0101rtikas ra\u017eot\u0101js\",\"url\":\"https:\\\/\\\/latpartika.lv\\\/\",\"logo\":{\"@type\":\"ImageObject\",\"inLanguage\":\"en-GB\",\"@id\":\"https:\\\/\\\/latpartika.lv\\\/#\\\/schema\\\/logo\\\/image\\\/\",\"url\":\"https:\\\/\\\/latpartika.lv\\\/wp-content\\\/uploads\\\/2024\\\/11\\\/LPR_logo_balts.svg\",\"contentUrl\":\"https:\\\/\\\/latpartika.lv\\\/wp-content\\\/uploads\\\/2024\\\/11\\\/LPR_logo_balts.svg\",\"width\":425,\"height\":589,\"caption\":\"Latvijas p\u0101rtikas ra\u017eot\u0101js\"},\"image\":{\"@id\":\"https:\\\/\\\/latpartika.lv\\\/#\\\/schema\\\/logo\\\/image\\\/\"}}]}<\/script>\n<!-- \/ Yoast SEO plugin. -->","yoast_head_json":{"title":"Teriyaki Chicken WOK with Egg Noodles - Latvian Food Manufacturer","robots":{"index":"index","follow":"follow","max-snippet":"max-snippet:-1","max-image-preview":"max-image-preview:large","max-video-preview":"max-video-preview:-1"},"canonical":"https:\/\/latpartika.lv\/en\/product\/teriyaki-chicken-wok-with-egg-nudelem","og_locale":"en_GB","og_type":"article","og_title":"Teriyaki vistas WOK ar olu n\u016bdel\u0113m - Latvijas p\u0101rtikas ra\u017eot\u0101js","og_description":"Sast\u0101vda\u013cas: olu n\u016bdeles 34.6% (kvie\u0161u milti, \u016bdens, s\u0101ls, olu dzeltenuma pulveris), vistas ga\u013ca 21%, cuk\u012bni, sojas m\u0113rce (cukurs, sojas m\u0113rce (\u016bdens, soja, s\u0101ls, kvie\u0161u milti), \u016bdens, melase, s\u0101ls, karamele, konservants: E202, aromatiz\u0113t\u0101ji), paprika, s\u012bpoli, pad thai m\u0113rce (\u016bdens, cukurs, sarkanv\u012bna eti\u0137is, tom\u0101tu pasta, \u010dili pipari, s\u0101ls, tamarinda koncentr\u0101ts, laima sula, modific\u0113ta ciete, rap\u0161u e\u013c\u013ca, \u0137iploki, zivju m\u0113rce (\u016bdens, an\u0161ovi), s\u012bpoli, sk\u0101buma regul\u0113t\u0101js:E260, rap\u0161u e\u013c\u013ca, \u0137iploki)","og_url":"https:\/\/latpartika.lv\/en\/product\/teriyaki-chicken-wok-with-egg-nudelem","og_site_name":"Latvijas p\u0101rtikas ra\u017eot\u0101js","article_modified_time":"2025-01-02T19:23:07+00:00","og_image":[{"width":500,"height":500,"url":"https:\/\/latpartika.lv\/wp-content\/uploads\/2025\/01\/Teriyaki-vistas-wok-ar-olu-nudelem.png","type":"image\/png"}],"twitter_card":"summary_large_image","schema":{"@context":"https:\/\/schema.org","@graph":[{"@type":"WebPage","@id":"https:\/\/latpartika.lv\/en\/product\/teriyaki-chicken-wok-with-egg-nudelem","url":"https:\/\/latpartika.lv\/en\/product\/teriyaki-chicken-wok-with-egg-nudelem","name":"Teriyaki Chicken WOK with Egg Noodles - Latvian Food Manufacturer","isPartOf":{"@id":"https:\/\/latpartika.lv\/#website"},"primaryImageOfPage":{"@id":"https:\/\/latpartika.lv\/en\/product\/teriyaki-chicken-wok-with-egg-nudelem#primaryimage"},"image":{"@id":"https:\/\/latpartika.lv\/en\/product\/teriyaki-chicken-wok-with-egg-nudelem#primaryimage"},"thumbnailUrl":"https:\/\/latpartika.lv\/wp-content\/uploads\/2025\/01\/Teriyaki-vistas-wok-ar-olu-nudelem.png","datePublished":"2025-01-02T19:21:29+00:00","dateModified":"2025-01-02T19:23:07+00:00","breadcrumb":{"@id":"https:\/\/latpartika.lv\/en\/product\/teriyaki-chicken-wok-with-egg-nudelem#breadcrumb"},"inLanguage":"en-GB","potentialAction":[{"@type":"ReadAction","target":["https:\/\/latpartika.lv\/en\/product\/teriyaki-chicken-wok-with-egg-nudelem"]}]},{"@type":"ImageObject","inLanguage":"en-GB","@id":"https:\/\/latpartika.lv\/en\/product\/teriyaki-chicken-wok-with-egg-nudelem#primaryimage","url":"https:\/\/latpartika.lv\/wp-content\/uploads\/2025\/01\/Teriyaki-vistas-wok-ar-olu-nudelem.png","contentUrl":"https:\/\/latpartika.lv\/wp-content\/uploads\/2025\/01\/Teriyaki-vistas-wok-ar-olu-nudelem.png","width":500,"height":500},{"@type":"BreadcrumbList","@id":"https:\/\/latpartika.lv\/en\/product\/teriyaki-chicken-wok-with-egg-nudelem#breadcrumb","itemListElement":[{"@type":"ListItem","position":1,"name":"Home","item":"https:\/\/latpartika.lv\/en\/"},{"@type":"ListItem","position":2,"name":"Products","item":"https:\/\/latpartika.lv\/shop"},{"@type":"ListItem","position":3,"name":"Teriyaki vistas WOK ar olu n\u016bdel\u0113m"}]},{"@type":"WebSite","@id":"https:\/\/latpartika.lv\/#website","url":"https:\/\/latpartika.lv\/","name":"Latvian food producer","description":"Fresh produce from quality ingredients!","publisher":{"@id":"https:\/\/latpartika.lv\/#organization"},"potentialAction":[{"@type":"SearchAction","target":{"@type":"EntryPoint","urlTemplate":"https:\/\/latpartika.lv\/?s={search_term_string}"},"query-input":{"@type":"PropertyValueSpecification","valueRequired":true,"valueName":"search_term_string"}}],"inLanguage":"en-GB"},{"@type":"Organization","@id":"https:\/\/latpartika.lv\/#organization","name":"Latvian food producer","url":"https:\/\/latpartika.lv\/","logo":{"@type":"ImageObject","inLanguage":"en-GB","@id":"https:\/\/latpartika.lv\/#\/schema\/logo\/image\/","url":"https:\/\/latpartika.lv\/wp-content\/uploads\/2024\/11\/LPR_logo_balts.svg","contentUrl":"https:\/\/latpartika.lv\/wp-content\/uploads\/2024\/11\/LPR_logo_balts.svg","width":425,"height":589,"caption":"Latvijas p\u0101rtikas ra\u017eot\u0101js"},"image":{"@id":"https:\/\/latpartika.lv\/#\/schema\/logo\/image\/"}}]}},"_links":{"self":[{"href":"https:\/\/latpartika.lv\/en\/wp-json\/wp\/v2\/product\/590","targetHints":{"allow":["GET"]}}],"collection":[{"href":"https:\/\/latpartika.lv\/en\/wp-json\/wp\/v2\/product"}],"about":[{"href":"https:\/\/latpartika.lv\/en\/wp-json\/wp\/v2\/types\/product"}],"replies":[{"embeddable":true,"href":"https:\/\/latpartika.lv\/en\/wp-json\/wp\/v2\/comments?post=590"}],"version-history":[{"count":0,"href":"https:\/\/latpartika.lv\/en\/wp-json\/wp\/v2\/product\/590\/revisions"}],"wp:featuredmedia":[{"embeddable":true,"href":"https:\/\/latpartika.lv\/en\/wp-json\/wp\/v2\/media\/591"}],"wp:attachment":[{"href":"https:\/\/latpartika.lv\/en\/wp-json\/wp\/v2\/media?parent=590"}],"wp:term":[{"taxonomy":"product_brand","embeddable":true,"href":"https:\/\/latpartika.lv\/en\/wp-json\/wp\/v2\/product_brand?post=590"},{"taxonomy":"product_cat","embeddable":true,"href":"https:\/\/latpartika.lv\/en\/wp-json\/wp\/v2\/product_cat?post=590"},{"taxonomy":"product_tag","embeddable":true,"href":"https:\/\/latpartika.lv\/en\/wp-json\/wp\/v2\/product_tag?post=590"}],"curies":[{"name":"wp","href":"https:\/\/api.w.org\/{rel}","templated":true}]}}