{"id":598,"date":"2025-01-02T19:24:54","date_gmt":"2025-01-02T19:24:54","guid":{"rendered":"https:\/\/latpartika.lv\/?post_type=product&#038;p=598"},"modified":"2025-01-02T19:28:18","modified_gmt":"2025-01-02T19:28:18","slug":"thai-style-pork-with-basmati-rice-ingredients","status":"publish","type":"product","link":"https:\/\/latpartika.lv\/en\/product\/cukgala-taizemes-gaume-ar-basmati-risiem-sastavdalas","title":{"rendered":"Thai-style pork with Basmati rice Ingredients"},"content":{"rendered":"<p>Lorem ipsum dolor sit amet, consectetur adipiscing elit. Phasellus quis tempus lacus. Nam fringilla iaculis turpis a dictum. Nam ex nunc, malesuada vel ornare vitae, lacinia maximus lectus. In vel egestas ligula, at pellentesque quam. Integer sit amet consequat libero. Quisque non bibendum odio.<\/p>","protected":false},"excerpt":{"rendered":"<p><strong>Ingredients: <\/strong>Pork <em>Thailand<\/em> 55% (<em>Thailand<\/em> Sauce 69% (frozen cauliflower, tomato sauce (tomato puree, water, sugar, salt, modified potato starch, acidity regulator (E260), preservatives (E211,E202), spices (contains garlic, chilli pepper)), water, fresh onion, <strong><em>soya<\/em><\/strong> sauce (water, <strong><em>soya<\/em><\/strong> beans, <strong><em>Wheat<\/em><\/strong>, salt, alcohol), fresh leek, rapeseed oil, fresh ginger, <strong><em>Sesame<\/em><\/strong> oil, fresh garlic, sugar, chilli flakes, salt), Asian roast pork 31% (pork chop, <strong><em>ooh <\/em><\/strong>mass<strong><em>ooh<\/em><\/strong> white, <strong><em>ooh<\/em><\/strong> yolk, water, acidity regulator (E270), salt, emulsifier (E475)), cornstarch, rapeseed oil, fresh garlic, salt)), cooked <em>Basmat<\/em>i rice 45% (water, rice, salt).<\/p>","protected":false},"featured_media":599,"comment_status":"closed","ping_status":"closed","template":"","meta":[],"product_brand":[],"product_cat":[36,34],"product_tag":[],"class_list":{"0":"post-598","1":"product","2":"type-product","3":"status-publish","4":"has-post-thumbnail","6":"product_cat-pamatedieni","7":"product_cat-produkti","9":"first","10":"instock","11":"shipping-taxable","12":"product-type-simple"},"yoast_head":"<!-- This site is optimized with the Yoast SEO plugin v27.3 - https:\/\/yoast.com\/product\/yoast-seo-wordpress\/ -->\n<title>C\u016bkga\u013ca Taizemes gaum\u0113 ar Basmati r\u012bsiem Sast\u0101vda\u013cas - Latvijas p\u0101rtikas ra\u017eot\u0101js<\/title>\n<meta name=\"robots\" content=\"index, follow, max-snippet:-1, max-image-preview:large, max-video-preview:-1\" \/>\n<link rel=\"canonical\" href=\"https:\/\/latpartika.lv\/en\/product\/thai-style-pork-with-basmati-rice-ingredients\/\" \/>\n<meta property=\"og:locale\" content=\"en_GB\" \/>\n<meta property=\"og:type\" content=\"article\" \/>\n<meta property=\"og:title\" content=\"C\u016bkga\u013ca Taizemes gaum\u0113 ar Basmati r\u012bsiem Sast\u0101vda\u013cas - Latvijas p\u0101rtikas ra\u017eot\u0101js\" \/>\n<meta property=\"og:description\" content=\"Sast\u0101vda\u013cas: C\u016bkga\u013ca Taizemes gaum\u0113 55% (Taizemes m\u0113rce 69% (sald\u0113ti ziedk\u0101posti, tom\u0101tu m\u0113rce (tom\u0101tu biezenis, \u016bdens, cukurs, s\u0101ls, modific\u0113ta kartupe\u013cu ciete, sk\u0101buma regul\u0113t\u0101js (E260), konservanti (E211,E202), gar\u0161vielas (satur \u0137iplokus, \u010dili piparus)), \u016bdens, svaigi s\u012bpoli, sojas m\u0113rce (\u016bdens, sojas pupi\u0146as, kvie\u0161i, s\u0101ls, alkohols), svaigi puravi, rap\u0161u e\u013c\u013ca, svaigs ingvers, sezama e\u013c\u013ca, svaigi \u0137iploki, cukurs,, \u010dili p\u0101rslas, s\u0101ls), cepta c\u016bkga\u013ca \u0100zijas gaum\u0113 31% (c\u016bkga\u013cas karbon\u0101de, olu masa (olu baltums, olu dzeltenums, \u016bdens, sk\u0101buma regul\u0113t\u0101js (E270), s\u0101ls, emulgators (E475)), kukur\u016bzas ciete, rap\u0161u e\u013c\u013ca, svaigi \u0137iploki, s\u0101ls)), v\u0101r\u012bti Basmati r\u012bsi 45% (\u016bdens, r\u012bsi, s\u0101ls).\" \/>\n<meta property=\"og:url\" content=\"https:\/\/latpartika.lv\/en\/product\/thai-style-pork-with-basmati-rice-ingredients\/\" \/>\n<meta property=\"og:site_name\" content=\"Latvijas p\u0101rtikas ra\u017eot\u0101js\" \/>\n<meta property=\"article:modified_time\" content=\"2025-01-02T19:28:18+00:00\" \/>\n<meta property=\"og:image\" content=\"https:\/\/latpartika.lv\/wp-content\/uploads\/2025\/01\/Cukgala-taizemes-gaume-ar-basmati-risiem-sastavdalas.png\" \/>\n\t<meta property=\"og:image:width\" content=\"500\" \/>\n\t<meta property=\"og:image:height\" content=\"500\" \/>\n\t<meta property=\"og:image:type\" content=\"image\/png\" \/>\n<meta name=\"twitter:card\" content=\"summary_large_image\" \/>\n<script type=\"application\/ld+json\" class=\"yoast-schema-graph\">{\"@context\":\"https:\\\/\\\/schema.org\",\"@graph\":[{\"@type\":\"WebPage\",\"@id\":\"https:\\\/\\\/latpartika.lv\\\/product\\\/cukgala-taizemes-gaume-ar-basmati-risiem-sastavdalas\",\"url\":\"https:\\\/\\\/latpartika.lv\\\/product\\\/cukgala-taizemes-gaume-ar-basmati-risiem-sastavdalas\",\"name\":\"C\u016bkga\u013ca Taizemes gaum\u0113 ar Basmati r\u012bsiem Sast\u0101vda\u013cas - Latvijas p\u0101rtikas ra\u017eot\u0101js\",\"isPartOf\":{\"@id\":\"https:\\\/\\\/latpartika.lv\\\/#website\"},\"primaryImageOfPage\":{\"@id\":\"https:\\\/\\\/latpartika.lv\\\/product\\\/cukgala-taizemes-gaume-ar-basmati-risiem-sastavdalas#primaryimage\"},\"image\":{\"@id\":\"https:\\\/\\\/latpartika.lv\\\/product\\\/cukgala-taizemes-gaume-ar-basmati-risiem-sastavdalas#primaryimage\"},\"thumbnailUrl\":\"https:\\\/\\\/latpartika.lv\\\/wp-content\\\/uploads\\\/2025\\\/01\\\/Cukgala-taizemes-gaume-ar-basmati-risiem-sastavdalas.png\",\"datePublished\":\"2025-01-02T19:24:54+00:00\",\"dateModified\":\"2025-01-02T19:28:18+00:00\",\"breadcrumb\":{\"@id\":\"https:\\\/\\\/latpartika.lv\\\/product\\\/cukgala-taizemes-gaume-ar-basmati-risiem-sastavdalas#breadcrumb\"},\"inLanguage\":\"en-GB\",\"potentialAction\":[{\"@type\":\"ReadAction\",\"target\":[\"https:\\\/\\\/latpartika.lv\\\/product\\\/cukgala-taizemes-gaume-ar-basmati-risiem-sastavdalas\"]}]},{\"@type\":\"ImageObject\",\"inLanguage\":\"en-GB\",\"@id\":\"https:\\\/\\\/latpartika.lv\\\/product\\\/cukgala-taizemes-gaume-ar-basmati-risiem-sastavdalas#primaryimage\",\"url\":\"https:\\\/\\\/latpartika.lv\\\/wp-content\\\/uploads\\\/2025\\\/01\\\/Cukgala-taizemes-gaume-ar-basmati-risiem-sastavdalas.png\",\"contentUrl\":\"https:\\\/\\\/latpartika.lv\\\/wp-content\\\/uploads\\\/2025\\\/01\\\/Cukgala-taizemes-gaume-ar-basmati-risiem-sastavdalas.png\",\"width\":500,\"height\":500},{\"@type\":\"BreadcrumbList\",\"@id\":\"https:\\\/\\\/latpartika.lv\\\/product\\\/cukgala-taizemes-gaume-ar-basmati-risiem-sastavdalas#breadcrumb\",\"itemListElement\":[{\"@type\":\"ListItem\",\"position\":1,\"name\":\"Home\",\"item\":\"https:\\\/\\\/latpartika.lv\\\/en\\\/\"},{\"@type\":\"ListItem\",\"position\":2,\"name\":\"Products\",\"item\":\"https:\\\/\\\/latpartika.lv\\\/shop\"},{\"@type\":\"ListItem\",\"position\":3,\"name\":\"C\u016bkga\u013ca Taizemes gaum\u0113 ar Basmati r\u012bsiem Sast\u0101vda\u013cas\"}]},{\"@type\":\"WebSite\",\"@id\":\"https:\\\/\\\/latpartika.lv\\\/#website\",\"url\":\"https:\\\/\\\/latpartika.lv\\\/\",\"name\":\"Latvijas p\u0101rtikas ra\u017eot\u0101js\",\"description\":\"Svaigi produkti no kvalitat\u012bv\u0101m izejviel\u0101m!\",\"publisher\":{\"@id\":\"https:\\\/\\\/latpartika.lv\\\/#organization\"},\"potentialAction\":[{\"@type\":\"SearchAction\",\"target\":{\"@type\":\"EntryPoint\",\"urlTemplate\":\"https:\\\/\\\/latpartika.lv\\\/?s={search_term_string}\"},\"query-input\":{\"@type\":\"PropertyValueSpecification\",\"valueRequired\":true,\"valueName\":\"search_term_string\"}}],\"inLanguage\":\"en-GB\"},{\"@type\":\"Organization\",\"@id\":\"https:\\\/\\\/latpartika.lv\\\/#organization\",\"name\":\"Latvijas p\u0101rtikas ra\u017eot\u0101js\",\"url\":\"https:\\\/\\\/latpartika.lv\\\/\",\"logo\":{\"@type\":\"ImageObject\",\"inLanguage\":\"en-GB\",\"@id\":\"https:\\\/\\\/latpartika.lv\\\/#\\\/schema\\\/logo\\\/image\\\/\",\"url\":\"https:\\\/\\\/latpartika.lv\\\/wp-content\\\/uploads\\\/2024\\\/11\\\/LPR_logo_balts.svg\",\"contentUrl\":\"https:\\\/\\\/latpartika.lv\\\/wp-content\\\/uploads\\\/2024\\\/11\\\/LPR_logo_balts.svg\",\"width\":425,\"height\":589,\"caption\":\"Latvijas p\u0101rtikas ra\u017eot\u0101js\"},\"image\":{\"@id\":\"https:\\\/\\\/latpartika.lv\\\/#\\\/schema\\\/logo\\\/image\\\/\"}}]}<\/script>\n<!-- \/ Yoast SEO plugin. -->","yoast_head_json":{"title":"Thai style pork with basmati rice Ingredients - Latvian food producer","robots":{"index":"index","follow":"follow","max-snippet":"max-snippet:-1","max-image-preview":"max-image-preview:large","max-video-preview":"max-video-preview:-1"},"canonical":"https:\/\/latpartika.lv\/en\/product\/thai-style-pork-with-basmati-rice-ingredients\/","og_locale":"en_GB","og_type":"article","og_title":"C\u016bkga\u013ca Taizemes gaum\u0113 ar Basmati r\u012bsiem Sast\u0101vda\u013cas - Latvijas p\u0101rtikas ra\u017eot\u0101js","og_description":"Sast\u0101vda\u013cas: C\u016bkga\u013ca Taizemes gaum\u0113 55% (Taizemes m\u0113rce 69% (sald\u0113ti ziedk\u0101posti, tom\u0101tu m\u0113rce (tom\u0101tu biezenis, \u016bdens, cukurs, s\u0101ls, modific\u0113ta kartupe\u013cu ciete, sk\u0101buma regul\u0113t\u0101js (E260), konservanti (E211,E202), gar\u0161vielas (satur \u0137iplokus, \u010dili piparus)), \u016bdens, svaigi s\u012bpoli, sojas m\u0113rce (\u016bdens, sojas pupi\u0146as, kvie\u0161i, s\u0101ls, alkohols), svaigi puravi, rap\u0161u e\u013c\u013ca, svaigs ingvers, sezama e\u013c\u013ca, svaigi \u0137iploki, cukurs,, \u010dili p\u0101rslas, s\u0101ls), cepta c\u016bkga\u013ca \u0100zijas gaum\u0113 31% (c\u016bkga\u013cas karbon\u0101de, olu masa (olu baltums, olu dzeltenums, \u016bdens, sk\u0101buma regul\u0113t\u0101js (E270), s\u0101ls, emulgators (E475)), kukur\u016bzas ciete, rap\u0161u e\u013c\u013ca, svaigi \u0137iploki, s\u0101ls)), v\u0101r\u012bti Basmati r\u012bsi 45% (\u016bdens, r\u012bsi, s\u0101ls).","og_url":"https:\/\/latpartika.lv\/en\/product\/thai-style-pork-with-basmati-rice-ingredients\/","og_site_name":"Latvijas p\u0101rtikas ra\u017eot\u0101js","article_modified_time":"2025-01-02T19:28:18+00:00","og_image":[{"width":500,"height":500,"url":"https:\/\/latpartika.lv\/wp-content\/uploads\/2025\/01\/Cukgala-taizemes-gaume-ar-basmati-risiem-sastavdalas.png","type":"image\/png"}],"twitter_card":"summary_large_image","schema":{"@context":"https:\/\/schema.org","@graph":[{"@type":"WebPage","@id":"https:\/\/latpartika.lv\/product\/cukgala-taizemes-gaume-ar-basmati-risiem-sastavdalas","url":"https:\/\/latpartika.lv\/product\/cukgala-taizemes-gaume-ar-basmati-risiem-sastavdalas","name":"Thai style pork with basmati rice Ingredients - Latvian food producer","isPartOf":{"@id":"https:\/\/latpartika.lv\/#website"},"primaryImageOfPage":{"@id":"https:\/\/latpartika.lv\/product\/cukgala-taizemes-gaume-ar-basmati-risiem-sastavdalas#primaryimage"},"image":{"@id":"https:\/\/latpartika.lv\/product\/cukgala-taizemes-gaume-ar-basmati-risiem-sastavdalas#primaryimage"},"thumbnailUrl":"https:\/\/latpartika.lv\/wp-content\/uploads\/2025\/01\/Cukgala-taizemes-gaume-ar-basmati-risiem-sastavdalas.png","datePublished":"2025-01-02T19:24:54+00:00","dateModified":"2025-01-02T19:28:18+00:00","breadcrumb":{"@id":"https:\/\/latpartika.lv\/product\/cukgala-taizemes-gaume-ar-basmati-risiem-sastavdalas#breadcrumb"},"inLanguage":"en-GB","potentialAction":[{"@type":"ReadAction","target":["https:\/\/latpartika.lv\/product\/cukgala-taizemes-gaume-ar-basmati-risiem-sastavdalas"]}]},{"@type":"ImageObject","inLanguage":"en-GB","@id":"https:\/\/latpartika.lv\/product\/cukgala-taizemes-gaume-ar-basmati-risiem-sastavdalas#primaryimage","url":"https:\/\/latpartika.lv\/wp-content\/uploads\/2025\/01\/Cukgala-taizemes-gaume-ar-basmati-risiem-sastavdalas.png","contentUrl":"https:\/\/latpartika.lv\/wp-content\/uploads\/2025\/01\/Cukgala-taizemes-gaume-ar-basmati-risiem-sastavdalas.png","width":500,"height":500},{"@type":"BreadcrumbList","@id":"https:\/\/latpartika.lv\/product\/cukgala-taizemes-gaume-ar-basmati-risiem-sastavdalas#breadcrumb","itemListElement":[{"@type":"ListItem","position":1,"name":"Home","item":"https:\/\/latpartika.lv\/en\/"},{"@type":"ListItem","position":2,"name":"Products","item":"https:\/\/latpartika.lv\/shop"},{"@type":"ListItem","position":3,"name":"C\u016bkga\u013ca Taizemes gaum\u0113 ar Basmati r\u012bsiem Sast\u0101vda\u013cas"}]},{"@type":"WebSite","@id":"https:\/\/latpartika.lv\/#website","url":"https:\/\/latpartika.lv\/","name":"Latvian food producer","description":"Fresh produce from quality ingredients!","publisher":{"@id":"https:\/\/latpartika.lv\/#organization"},"potentialAction":[{"@type":"SearchAction","target":{"@type":"EntryPoint","urlTemplate":"https:\/\/latpartika.lv\/?s={search_term_string}"},"query-input":{"@type":"PropertyValueSpecification","valueRequired":true,"valueName":"search_term_string"}}],"inLanguage":"en-GB"},{"@type":"Organization","@id":"https:\/\/latpartika.lv\/#organization","name":"Latvian food producer","url":"https:\/\/latpartika.lv\/","logo":{"@type":"ImageObject","inLanguage":"en-GB","@id":"https:\/\/latpartika.lv\/#\/schema\/logo\/image\/","url":"https:\/\/latpartika.lv\/wp-content\/uploads\/2024\/11\/LPR_logo_balts.svg","contentUrl":"https:\/\/latpartika.lv\/wp-content\/uploads\/2024\/11\/LPR_logo_balts.svg","width":425,"height":589,"caption":"Latvijas p\u0101rtikas ra\u017eot\u0101js"},"image":{"@id":"https:\/\/latpartika.lv\/#\/schema\/logo\/image\/"}}]}},"_links":{"self":[{"href":"https:\/\/latpartika.lv\/en\/wp-json\/wp\/v2\/product\/598","targetHints":{"allow":["GET"]}}],"collection":[{"href":"https:\/\/latpartika.lv\/en\/wp-json\/wp\/v2\/product"}],"about":[{"href":"https:\/\/latpartika.lv\/en\/wp-json\/wp\/v2\/types\/product"}],"replies":[{"embeddable":true,"href":"https:\/\/latpartika.lv\/en\/wp-json\/wp\/v2\/comments?post=598"}],"version-history":[{"count":0,"href":"https:\/\/latpartika.lv\/en\/wp-json\/wp\/v2\/product\/598\/revisions"}],"wp:featuredmedia":[{"embeddable":true,"href":"https:\/\/latpartika.lv\/en\/wp-json\/wp\/v2\/media\/599"}],"wp:attachment":[{"href":"https:\/\/latpartika.lv\/en\/wp-json\/wp\/v2\/media?parent=598"}],"wp:term":[{"taxonomy":"product_brand","embeddable":true,"href":"https:\/\/latpartika.lv\/en\/wp-json\/wp\/v2\/product_brand?post=598"},{"taxonomy":"product_cat","embeddable":true,"href":"https:\/\/latpartika.lv\/en\/wp-json\/wp\/v2\/product_cat?post=598"},{"taxonomy":"product_tag","embeddable":true,"href":"https:\/\/latpartika.lv\/en\/wp-json\/wp\/v2\/product_tag?post=598"}],"curies":[{"name":"wp","href":"https:\/\/api.w.org\/{rel}","templated":true}]}}