{"id":602,"date":"2025-01-02T19:26:25","date_gmt":"2025-01-02T19:26:25","guid":{"rendered":"https:\/\/latpartika.lv\/?post_type=product&#038;p=602"},"modified":"2025-01-02T19:27:49","modified_gmt":"2025-01-02T19:27:49","slug":"meat-and-bean-stew-with-pasta","status":"publish","type":"product","link":"https:\/\/latpartika.lv\/en\/product\/galas-pupinu-sautejums-ar-makaroniem","title":{"rendered":"Meat and bean stew with pasta"},"content":{"rendered":"<p>Lorem ipsum dolor sit amet, consectetur adipiscing elit. Phasellus quis tempus lacus. Nam fringilla iaculis turpis a dictum. Nam ex nunc, malesuada vel ornare vitae, lacinia maximus lectus. In vel egestas ligula, at pellentesque quam. Integer sit amet consequat libero. Quisque non bibendum odio.<\/p>","protected":false},"excerpt":{"rendered":"<p><strong>Ingredients: <\/strong>cooked <em>Penne pasta<\/em> 50% (water, pasta (solid <strong><em>wheat<\/em><\/strong> manna), rapeseed oil, salt), meat - bean stew 50% (tomato sauce (tomato paste, water, sugar, salt, acidity regulators (E260,E330), preservatives (E211,E202), spices), water, minced pork 16%, canned red and white beans 14% (beans, water, salt), tomatoes in own juice (tomatoes, tomato juice, acidity regulator (E330)), fresh carrots, fresh paprika, canned corn (corn, water, salt), fresh onions, Mexican blend (tomato puree, onion, red pepper, starch, palm fat, iodised salt, sugar, corn, garlic, cumin, coriander, lemon juice powder, yeast extract, nutmeg, white pepper, thyme, cayenne pepper, oregano, flavourings, parsley root), Sweet chilli sauce (water, sugar, ground chilli pepper, salt, ground paprika, modified starch, garlic granules, apple vinegar, acidity regulator (E330), thickener (E412,E415), preservative (E202)), rapeseed oil, sugar, fresh garlic, salt.<\/p>","protected":false},"featured_media":603,"comment_status":"closed","ping_status":"closed","template":"","meta":[],"product_brand":[],"product_cat":[36,34],"product_tag":[],"class_list":{"0":"post-602","1":"product","2":"type-product","3":"status-publish","4":"has-post-thumbnail","6":"product_cat-pamatedieni","7":"product_cat-produkti","9":"first","10":"instock","11":"shipping-taxable","12":"product-type-simple"},"yoast_head":"<!-- This site is optimized with the Yoast SEO plugin v27.3 - https:\/\/yoast.com\/product\/yoast-seo-wordpress\/ -->\n<title>Ga\u013cas \u2013 pupi\u0146u saut\u0113jums ar makaroniem - Latvijas p\u0101rtikas ra\u017eot\u0101js<\/title>\n<meta name=\"robots\" content=\"index, follow, max-snippet:-1, max-image-preview:large, max-video-preview:-1\" \/>\n<link rel=\"canonical\" href=\"https:\/\/latpartika.lv\/en\/product\/meat-and-bean-stew-with-pasta\/\" \/>\n<meta property=\"og:locale\" content=\"en_GB\" \/>\n<meta property=\"og:type\" content=\"article\" \/>\n<meta property=\"og:title\" content=\"Ga\u013cas \u2013 pupi\u0146u saut\u0113jums ar makaroniem - Latvijas p\u0101rtikas ra\u017eot\u0101js\" \/>\n<meta property=\"og:description\" content=\"Sast\u0101vda\u013cas: v\u0101r\u012bta Pasta Penne 50% (\u016bdens, makaroni (cieto kvie\u0161u manna), rap\u0161u e\u013c\u013ca, s\u0101ls), ga\u013cas \u2013 pupi\u0146u saut\u0113jums 50% (tom\u0101tu m\u0113rce (tom\u0101tu pasta, \u016bdens, cukurs, s\u0101ls, sk\u0101buma regul\u0113t\u0101ji (E260,E330), konservanti (E211,E202), gar\u0161vielas), \u016bdens, malta c\u016bkga\u013ca 16%, konserv\u0113tas sarkan\u0101s un balt\u0101s pupi\u0146as 14% (pupi\u0146as, \u016bdens, s\u0101ls), tom\u0101ti sav\u0101 sul\u0101 (tom\u0101ti, tom\u0101tu sula, sk\u0101buma regul\u0113t\u0101js (E330)), svaigi burk\u0101ni, svaiga paprika, konserv\u0113ta kukur\u016bza (kukur\u016bza, \u016bdens, s\u0101ls), svaigi s\u012bpoli, mais\u012bjums meksik\u0101\u0146u \u0113dieniem (tom\u0101tu biezenis, s\u012bpoli, paprika sarkanie pipari, ciete, palmu tauki, jod\u0113tais s\u0101ls, cukurs, kukur\u016bza, \u0137iploki, \u0137imenes, koriandrs, citronu sulas pulveris, rauga ekstrakts, muskatrieksts, baltie pipari, timi\u0101ns, kaj\u0113nas pipari, raudene, aromatiz\u0113t\u0101ji, p\u0113ters\u012b\u013cu saknes), sald\u0101 \u010dili m\u0113rce (\u016bdens, cukurs, malti \u010dili pipari, s\u0101ls, malta paprika, modific\u0113ta ciete, \u0137iploku granulas, \u0101bolu eti\u0137is, sk\u0101buma regul\u0113t\u0101js (E330), biezin\u0101t\u0101ji (E412,E415), konservants (E202)), rap\u0161u e\u013c\u013ca, cukurs, svaigi \u0137iploki, s\u0101ls.\" \/>\n<meta property=\"og:url\" content=\"https:\/\/latpartika.lv\/en\/product\/meat-and-bean-stew-with-pasta\/\" \/>\n<meta property=\"og:site_name\" content=\"Latvijas p\u0101rtikas ra\u017eot\u0101js\" \/>\n<meta property=\"article:modified_time\" content=\"2025-01-02T19:27:49+00:00\" \/>\n<meta property=\"og:image\" content=\"https:\/\/latpartika.lv\/wp-content\/uploads\/2025\/01\/Galas-pupinu-sautejums-ar-makaroniem.png\" \/>\n\t<meta property=\"og:image:width\" content=\"500\" \/>\n\t<meta property=\"og:image:height\" content=\"500\" \/>\n\t<meta property=\"og:image:type\" content=\"image\/png\" \/>\n<meta name=\"twitter:card\" content=\"summary_large_image\" \/>\n<script type=\"application\/ld+json\" class=\"yoast-schema-graph\">{\"@context\":\"https:\\\/\\\/schema.org\",\"@graph\":[{\"@type\":\"WebPage\",\"@id\":\"https:\\\/\\\/latpartika.lv\\\/product\\\/galas-pupinu-sautejums-ar-makaroniem\",\"url\":\"https:\\\/\\\/latpartika.lv\\\/product\\\/galas-pupinu-sautejums-ar-makaroniem\",\"name\":\"Ga\u013cas \u2013 pupi\u0146u saut\u0113jums ar makaroniem - Latvijas p\u0101rtikas ra\u017eot\u0101js\",\"isPartOf\":{\"@id\":\"https:\\\/\\\/latpartika.lv\\\/#website\"},\"primaryImageOfPage\":{\"@id\":\"https:\\\/\\\/latpartika.lv\\\/product\\\/galas-pupinu-sautejums-ar-makaroniem#primaryimage\"},\"image\":{\"@id\":\"https:\\\/\\\/latpartika.lv\\\/product\\\/galas-pupinu-sautejums-ar-makaroniem#primaryimage\"},\"thumbnailUrl\":\"https:\\\/\\\/latpartika.lv\\\/wp-content\\\/uploads\\\/2025\\\/01\\\/Galas-pupinu-sautejums-ar-makaroniem.png\",\"datePublished\":\"2025-01-02T19:26:25+00:00\",\"dateModified\":\"2025-01-02T19:27:49+00:00\",\"breadcrumb\":{\"@id\":\"https:\\\/\\\/latpartika.lv\\\/product\\\/galas-pupinu-sautejums-ar-makaroniem#breadcrumb\"},\"inLanguage\":\"en-GB\",\"potentialAction\":[{\"@type\":\"ReadAction\",\"target\":[\"https:\\\/\\\/latpartika.lv\\\/product\\\/galas-pupinu-sautejums-ar-makaroniem\"]}]},{\"@type\":\"ImageObject\",\"inLanguage\":\"en-GB\",\"@id\":\"https:\\\/\\\/latpartika.lv\\\/product\\\/galas-pupinu-sautejums-ar-makaroniem#primaryimage\",\"url\":\"https:\\\/\\\/latpartika.lv\\\/wp-content\\\/uploads\\\/2025\\\/01\\\/Galas-pupinu-sautejums-ar-makaroniem.png\",\"contentUrl\":\"https:\\\/\\\/latpartika.lv\\\/wp-content\\\/uploads\\\/2025\\\/01\\\/Galas-pupinu-sautejums-ar-makaroniem.png\",\"width\":500,\"height\":500},{\"@type\":\"BreadcrumbList\",\"@id\":\"https:\\\/\\\/latpartika.lv\\\/product\\\/galas-pupinu-sautejums-ar-makaroniem#breadcrumb\",\"itemListElement\":[{\"@type\":\"ListItem\",\"position\":1,\"name\":\"Home\",\"item\":\"https:\\\/\\\/latpartika.lv\\\/en\\\/\"},{\"@type\":\"ListItem\",\"position\":2,\"name\":\"Products\",\"item\":\"https:\\\/\\\/latpartika.lv\\\/shop\"},{\"@type\":\"ListItem\",\"position\":3,\"name\":\"Ga\u013cas \u2013 pupi\u0146u saut\u0113jums ar makaroniem\"}]},{\"@type\":\"WebSite\",\"@id\":\"https:\\\/\\\/latpartika.lv\\\/#website\",\"url\":\"https:\\\/\\\/latpartika.lv\\\/\",\"name\":\"Latvijas p\u0101rtikas ra\u017eot\u0101js\",\"description\":\"Svaigi produkti no kvalitat\u012bv\u0101m izejviel\u0101m!\",\"publisher\":{\"@id\":\"https:\\\/\\\/latpartika.lv\\\/#organization\"},\"potentialAction\":[{\"@type\":\"SearchAction\",\"target\":{\"@type\":\"EntryPoint\",\"urlTemplate\":\"https:\\\/\\\/latpartika.lv\\\/?s={search_term_string}\"},\"query-input\":{\"@type\":\"PropertyValueSpecification\",\"valueRequired\":true,\"valueName\":\"search_term_string\"}}],\"inLanguage\":\"en-GB\"},{\"@type\":\"Organization\",\"@id\":\"https:\\\/\\\/latpartika.lv\\\/#organization\",\"name\":\"Latvijas p\u0101rtikas ra\u017eot\u0101js\",\"url\":\"https:\\\/\\\/latpartika.lv\\\/\",\"logo\":{\"@type\":\"ImageObject\",\"inLanguage\":\"en-GB\",\"@id\":\"https:\\\/\\\/latpartika.lv\\\/#\\\/schema\\\/logo\\\/image\\\/\",\"url\":\"https:\\\/\\\/latpartika.lv\\\/wp-content\\\/uploads\\\/2024\\\/11\\\/LPR_logo_balts.svg\",\"contentUrl\":\"https:\\\/\\\/latpartika.lv\\\/wp-content\\\/uploads\\\/2024\\\/11\\\/LPR_logo_balts.svg\",\"width\":425,\"height\":589,\"caption\":\"Latvijas p\u0101rtikas ra\u017eot\u0101js\"},\"image\":{\"@id\":\"https:\\\/\\\/latpartika.lv\\\/#\\\/schema\\\/logo\\\/image\\\/\"}}]}<\/script>\n<!-- \/ Yoast SEO plugin. -->","yoast_head_json":{"title":"Meat - bean stew with pasta - Latvian food producer","robots":{"index":"index","follow":"follow","max-snippet":"max-snippet:-1","max-image-preview":"max-image-preview:large","max-video-preview":"max-video-preview:-1"},"canonical":"https:\/\/latpartika.lv\/en\/product\/meat-and-bean-stew-with-pasta\/","og_locale":"en_GB","og_type":"article","og_title":"Ga\u013cas \u2013 pupi\u0146u saut\u0113jums ar makaroniem - Latvijas p\u0101rtikas ra\u017eot\u0101js","og_description":"Sast\u0101vda\u013cas: v\u0101r\u012bta Pasta Penne 50% (\u016bdens, makaroni (cieto kvie\u0161u manna), rap\u0161u e\u013c\u013ca, s\u0101ls), ga\u013cas \u2013 pupi\u0146u saut\u0113jums 50% (tom\u0101tu m\u0113rce (tom\u0101tu pasta, \u016bdens, cukurs, s\u0101ls, sk\u0101buma regul\u0113t\u0101ji (E260,E330), konservanti (E211,E202), gar\u0161vielas), \u016bdens, malta c\u016bkga\u013ca 16%, konserv\u0113tas sarkan\u0101s un balt\u0101s pupi\u0146as 14% (pupi\u0146as, \u016bdens, s\u0101ls), tom\u0101ti sav\u0101 sul\u0101 (tom\u0101ti, tom\u0101tu sula, sk\u0101buma regul\u0113t\u0101js (E330)), svaigi burk\u0101ni, svaiga paprika, konserv\u0113ta kukur\u016bza (kukur\u016bza, \u016bdens, s\u0101ls), svaigi s\u012bpoli, mais\u012bjums meksik\u0101\u0146u \u0113dieniem (tom\u0101tu biezenis, s\u012bpoli, paprika sarkanie pipari, ciete, palmu tauki, jod\u0113tais s\u0101ls, cukurs, kukur\u016bza, \u0137iploki, \u0137imenes, koriandrs, citronu sulas pulveris, rauga ekstrakts, muskatrieksts, baltie pipari, timi\u0101ns, kaj\u0113nas pipari, raudene, aromatiz\u0113t\u0101ji, p\u0113ters\u012b\u013cu saknes), sald\u0101 \u010dili m\u0113rce (\u016bdens, cukurs, malti \u010dili pipari, s\u0101ls, malta paprika, modific\u0113ta ciete, \u0137iploku granulas, \u0101bolu eti\u0137is, sk\u0101buma regul\u0113t\u0101js (E330), biezin\u0101t\u0101ji (E412,E415), konservants (E202)), rap\u0161u e\u013c\u013ca, cukurs, svaigi \u0137iploki, s\u0101ls.","og_url":"https:\/\/latpartika.lv\/en\/product\/meat-and-bean-stew-with-pasta\/","og_site_name":"Latvijas p\u0101rtikas ra\u017eot\u0101js","article_modified_time":"2025-01-02T19:27:49+00:00","og_image":[{"width":500,"height":500,"url":"https:\/\/latpartika.lv\/wp-content\/uploads\/2025\/01\/Galas-pupinu-sautejums-ar-makaroniem.png","type":"image\/png"}],"twitter_card":"summary_large_image","schema":{"@context":"https:\/\/schema.org","@graph":[{"@type":"WebPage","@id":"https:\/\/latpartika.lv\/product\/galas-pupinu-sautejums-ar-makaroniem","url":"https:\/\/latpartika.lv\/product\/galas-pupinu-sautejums-ar-makaroniem","name":"Meat - bean stew with pasta - Latvian food producer","isPartOf":{"@id":"https:\/\/latpartika.lv\/#website"},"primaryImageOfPage":{"@id":"https:\/\/latpartika.lv\/product\/galas-pupinu-sautejums-ar-makaroniem#primaryimage"},"image":{"@id":"https:\/\/latpartika.lv\/product\/galas-pupinu-sautejums-ar-makaroniem#primaryimage"},"thumbnailUrl":"https:\/\/latpartika.lv\/wp-content\/uploads\/2025\/01\/Galas-pupinu-sautejums-ar-makaroniem.png","datePublished":"2025-01-02T19:26:25+00:00","dateModified":"2025-01-02T19:27:49+00:00","breadcrumb":{"@id":"https:\/\/latpartika.lv\/product\/galas-pupinu-sautejums-ar-makaroniem#breadcrumb"},"inLanguage":"en-GB","potentialAction":[{"@type":"ReadAction","target":["https:\/\/latpartika.lv\/product\/galas-pupinu-sautejums-ar-makaroniem"]}]},{"@type":"ImageObject","inLanguage":"en-GB","@id":"https:\/\/latpartika.lv\/product\/galas-pupinu-sautejums-ar-makaroniem#primaryimage","url":"https:\/\/latpartika.lv\/wp-content\/uploads\/2025\/01\/Galas-pupinu-sautejums-ar-makaroniem.png","contentUrl":"https:\/\/latpartika.lv\/wp-content\/uploads\/2025\/01\/Galas-pupinu-sautejums-ar-makaroniem.png","width":500,"height":500},{"@type":"BreadcrumbList","@id":"https:\/\/latpartika.lv\/product\/galas-pupinu-sautejums-ar-makaroniem#breadcrumb","itemListElement":[{"@type":"ListItem","position":1,"name":"Home","item":"https:\/\/latpartika.lv\/en\/"},{"@type":"ListItem","position":2,"name":"Products","item":"https:\/\/latpartika.lv\/shop"},{"@type":"ListItem","position":3,"name":"Ga\u013cas \u2013 pupi\u0146u saut\u0113jums ar makaroniem"}]},{"@type":"WebSite","@id":"https:\/\/latpartika.lv\/#website","url":"https:\/\/latpartika.lv\/","name":"Latvian food producer","description":"Fresh produce from quality ingredients!","publisher":{"@id":"https:\/\/latpartika.lv\/#organization"},"potentialAction":[{"@type":"SearchAction","target":{"@type":"EntryPoint","urlTemplate":"https:\/\/latpartika.lv\/?s={search_term_string}"},"query-input":{"@type":"PropertyValueSpecification","valueRequired":true,"valueName":"search_term_string"}}],"inLanguage":"en-GB"},{"@type":"Organization","@id":"https:\/\/latpartika.lv\/#organization","name":"Latvian food producer","url":"https:\/\/latpartika.lv\/","logo":{"@type":"ImageObject","inLanguage":"en-GB","@id":"https:\/\/latpartika.lv\/#\/schema\/logo\/image\/","url":"https:\/\/latpartika.lv\/wp-content\/uploads\/2024\/11\/LPR_logo_balts.svg","contentUrl":"https:\/\/latpartika.lv\/wp-content\/uploads\/2024\/11\/LPR_logo_balts.svg","width":425,"height":589,"caption":"Latvijas p\u0101rtikas ra\u017eot\u0101js"},"image":{"@id":"https:\/\/latpartika.lv\/#\/schema\/logo\/image\/"}}]}},"_links":{"self":[{"href":"https:\/\/latpartika.lv\/en\/wp-json\/wp\/v2\/product\/602","targetHints":{"allow":["GET"]}}],"collection":[{"href":"https:\/\/latpartika.lv\/en\/wp-json\/wp\/v2\/product"}],"about":[{"href":"https:\/\/latpartika.lv\/en\/wp-json\/wp\/v2\/types\/product"}],"replies":[{"embeddable":true,"href":"https:\/\/latpartika.lv\/en\/wp-json\/wp\/v2\/comments?post=602"}],"version-history":[{"count":0,"href":"https:\/\/latpartika.lv\/en\/wp-json\/wp\/v2\/product\/602\/revisions"}],"wp:featuredmedia":[{"embeddable":true,"href":"https:\/\/latpartika.lv\/en\/wp-json\/wp\/v2\/media\/603"}],"wp:attachment":[{"href":"https:\/\/latpartika.lv\/en\/wp-json\/wp\/v2\/media?parent=602"}],"wp:term":[{"taxonomy":"product_brand","embeddable":true,"href":"https:\/\/latpartika.lv\/en\/wp-json\/wp\/v2\/product_brand?post=602"},{"taxonomy":"product_cat","embeddable":true,"href":"https:\/\/latpartika.lv\/en\/wp-json\/wp\/v2\/product_cat?post=602"},{"taxonomy":"product_tag","embeddable":true,"href":"https:\/\/latpartika.lv\/en\/wp-json\/wp\/v2\/product_tag?post=602"}],"curies":[{"name":"wp","href":"https:\/\/api.w.org\/{rel}","templated":true}]}}