{"id":606,"date":"2025-01-02T19:29:14","date_gmt":"2025-01-02T19:29:14","guid":{"rendered":"https:\/\/latpartika.lv\/?post_type=product&#038;p=606"},"modified":"2025-01-02T19:30:51","modified_gmt":"2025-01-02T19:30:51","slug":"meatballs-in-sauce-with-mashed-potatoes","status":"publish","type":"product","link":"https:\/\/latpartika.lv\/en\/product\/galas-bumbinas-merce-ar-kartupelu-biezeni","title":{"rendered":"Meatballs in sauce with mashed potatoes"},"content":{"rendered":"<p>Lorem ipsum dolor sit amet, consectetur adipiscing elit. Phasellus quis tempus lacus. Nam fringilla iaculis turpis a dictum. Nam ex nunc, malesuada vel ornare vitae, lacinia maximus lectus. In vel egestas ligula, at pellentesque quam. Integer sit amet consequat libero. Quisque non bibendum odio.<\/p>","protected":false},"excerpt":{"rendered":"<p><strong>Ingredients: <\/strong>Mashed potatoes 47% (boiled potatoes, <strong><em>milk<\/em><\/strong>, <strong><em>sweet cream<\/em><\/strong> butter (pasteurised <strong><em>cream<\/em><\/strong>), salt), meat balls 29% (pork, beef, water, rusks (<strong><em>wheat<\/em><\/strong>), onions, <strong><em>soya<\/em><\/strong> proteins, <strong><em>whey<\/em><\/strong> powder (containing <strong><em>milk<\/em><\/strong>), salt, flavouring, sugar, spices, yeast extract), brown sauce 24% (water, <strong><em>bread roll<\/em><\/strong> un augu tauku mais\u012bjums<strong><em>Pastries<\/em><\/strong>, water, sunflower oil, <strong><em>cream<\/em><\/strong>, modified starch, emulsifier (E481), stabiliser (E412), acidity regulators (E331, E339b), colour (E160a)), dry meat sauce (<strong><em>wheat<\/em><\/strong> flour, modified starch, palm fat, salt, sugar, flavourings, yeast extract, onion powder, colour (E150c), smoked bacon, tomato puree powder, starch, carrot juice concentrate, garlic, paprika, black pepper, marjoram, cumin, antioxidant (extracts from rosemary)), onion, rapeseed oil, corn starch, sugar, <strong><em>soya<\/em><\/strong> sauce (water, <strong><em>soya <\/em><\/strong>beans, <strong><em>Wheat<\/em><\/strong>, salt, alcohol), garlic, salt, ground black pepper, bay leaves, thickener (E415))<\/p>","protected":false},"featured_media":607,"comment_status":"closed","ping_status":"closed","template":"","meta":[],"product_brand":[],"product_cat":[36,34],"product_tag":[],"class_list":{"0":"post-606","1":"product","2":"type-product","3":"status-publish","4":"has-post-thumbnail","6":"product_cat-pamatedieni","7":"product_cat-produkti","9":"first","10":"instock","11":"shipping-taxable","12":"product-type-simple"},"yoast_head":"<!-- This site is optimized with the Yoast SEO plugin v27.3 - https:\/\/yoast.com\/product\/yoast-seo-wordpress\/ -->\n<title>Ga\u013cas bumbi\u0146as m\u0113rc\u0113 ar kartupe\u013cu biezeni - Latvijas p\u0101rtikas ra\u017eot\u0101js<\/title>\n<meta name=\"robots\" content=\"index, follow, max-snippet:-1, max-image-preview:large, max-video-preview:-1\" \/>\n<link rel=\"canonical\" href=\"https:\/\/latpartika.lv\/en\/product\/meatballs-in-sauce-with-mashed-potatoes\/\" \/>\n<meta property=\"og:locale\" content=\"en_GB\" \/>\n<meta property=\"og:type\" content=\"article\" \/>\n<meta property=\"og:title\" content=\"Ga\u013cas bumbi\u0146as m\u0113rc\u0113 ar kartupe\u013cu biezeni - Latvijas p\u0101rtikas ra\u017eot\u0101js\" \/>\n<meta property=\"og:description\" content=\"Sast\u0101vda\u013cas: Kartupe\u013cu biezenis 47% (v\u0101r\u012bti kartupe\u013ci, piens, saldkr\u0113juma sviests (pasteriz\u0113ts kr\u0113jums), s\u0101ls), ga\u013cas bumbi\u0146as 29% (c\u016bkga\u013ca, liellopu ga\u013ca, \u016bdens, sausi\u0146i (kvie\u0161u), s\u012bpoli, sojas prote\u012bni, s\u016bkalu pulveris (satur pienu), s\u0101ls, aromatiz\u0113t\u0101ji, cukurs, gar\u0161vielas, rauga ekstrakts), br\u016bn\u0101 m\u0113rce 24% (\u016bdens, pani\u0146u un augu tauku mais\u012bjums (pani\u0146as, \u016bdens, saulespu\u0137u e\u013c\u013ca, kr\u0113jums, modific\u0113ta ciete, emulgators (E481), stabiliz\u0113t\u0101js (E412), sk\u0101buma regul\u0113t\u0101ji (E331, E339b), kr\u0101sviela (E160a)), saus\u0101 ga\u013cas m\u0113rce (kvie\u0161u milti, modific\u0113ta ciete, palmu tauki, s\u0101ls, cukurs, aromatiz\u0113t\u0101ji, rauga ekstrakts, s\u012bpolu pulveris, kr\u0101sviela (E150c), k\u016bpin\u0101ts spe\u0137is, tom\u0101tu bieze\u0146a pulveris, ciete, burk\u0101nu sulas koncentr\u0101ts, \u0137iploki, paprika, melnie pipari, major\u0101ns, \u0137imenes, antioksidants (ekstrakti no rozmar\u012bna)), s\u012bpoli, rap\u0161u e\u013c\u013ca, kukur\u016bzas ciete, cukurs, sojas m\u0113rce (\u016bdens, sojas pupi\u0146as, kvie\u0161i, s\u0101ls, alkohols), \u0137iploki, s\u0101ls, malti melnie pipari, lauru lapas, biezin\u0101t\u0101js (E415))\" \/>\n<meta property=\"og:url\" content=\"https:\/\/latpartika.lv\/en\/product\/meatballs-in-sauce-with-mashed-potatoes\/\" \/>\n<meta property=\"og:site_name\" content=\"Latvijas p\u0101rtikas ra\u017eot\u0101js\" \/>\n<meta property=\"article:modified_time\" content=\"2025-01-02T19:30:51+00:00\" \/>\n<meta property=\"og:image\" content=\"https:\/\/latpartika.lv\/wp-content\/uploads\/2025\/01\/Galas-bumbinas-merce-ar-kartupelu-biezeni.png\" \/>\n\t<meta property=\"og:image:width\" content=\"500\" \/>\n\t<meta property=\"og:image:height\" content=\"500\" \/>\n\t<meta property=\"og:image:type\" content=\"image\/png\" \/>\n<meta name=\"twitter:card\" content=\"summary_large_image\" \/>\n<script type=\"application\/ld+json\" class=\"yoast-schema-graph\">{\"@context\":\"https:\\\/\\\/schema.org\",\"@graph\":[{\"@type\":\"WebPage\",\"@id\":\"https:\\\/\\\/latpartika.lv\\\/product\\\/galas-bumbinas-merce-ar-kartupelu-biezeni\",\"url\":\"https:\\\/\\\/latpartika.lv\\\/product\\\/galas-bumbinas-merce-ar-kartupelu-biezeni\",\"name\":\"Ga\u013cas bumbi\u0146as m\u0113rc\u0113 ar kartupe\u013cu biezeni - Latvijas p\u0101rtikas ra\u017eot\u0101js\",\"isPartOf\":{\"@id\":\"https:\\\/\\\/latpartika.lv\\\/#website\"},\"primaryImageOfPage\":{\"@id\":\"https:\\\/\\\/latpartika.lv\\\/product\\\/galas-bumbinas-merce-ar-kartupelu-biezeni#primaryimage\"},\"image\":{\"@id\":\"https:\\\/\\\/latpartika.lv\\\/product\\\/galas-bumbinas-merce-ar-kartupelu-biezeni#primaryimage\"},\"thumbnailUrl\":\"https:\\\/\\\/latpartika.lv\\\/wp-content\\\/uploads\\\/2025\\\/01\\\/Galas-bumbinas-merce-ar-kartupelu-biezeni.png\",\"datePublished\":\"2025-01-02T19:29:14+00:00\",\"dateModified\":\"2025-01-02T19:30:51+00:00\",\"breadcrumb\":{\"@id\":\"https:\\\/\\\/latpartika.lv\\\/product\\\/galas-bumbinas-merce-ar-kartupelu-biezeni#breadcrumb\"},\"inLanguage\":\"en-GB\",\"potentialAction\":[{\"@type\":\"ReadAction\",\"target\":[\"https:\\\/\\\/latpartika.lv\\\/product\\\/galas-bumbinas-merce-ar-kartupelu-biezeni\"]}]},{\"@type\":\"ImageObject\",\"inLanguage\":\"en-GB\",\"@id\":\"https:\\\/\\\/latpartika.lv\\\/product\\\/galas-bumbinas-merce-ar-kartupelu-biezeni#primaryimage\",\"url\":\"https:\\\/\\\/latpartika.lv\\\/wp-content\\\/uploads\\\/2025\\\/01\\\/Galas-bumbinas-merce-ar-kartupelu-biezeni.png\",\"contentUrl\":\"https:\\\/\\\/latpartika.lv\\\/wp-content\\\/uploads\\\/2025\\\/01\\\/Galas-bumbinas-merce-ar-kartupelu-biezeni.png\",\"width\":500,\"height\":500},{\"@type\":\"BreadcrumbList\",\"@id\":\"https:\\\/\\\/latpartika.lv\\\/product\\\/galas-bumbinas-merce-ar-kartupelu-biezeni#breadcrumb\",\"itemListElement\":[{\"@type\":\"ListItem\",\"position\":1,\"name\":\"Home\",\"item\":\"https:\\\/\\\/latpartika.lv\\\/en\\\/\"},{\"@type\":\"ListItem\",\"position\":2,\"name\":\"Products\",\"item\":\"https:\\\/\\\/latpartika.lv\\\/shop\"},{\"@type\":\"ListItem\",\"position\":3,\"name\":\"Ga\u013cas bumbi\u0146as m\u0113rc\u0113 ar kartupe\u013cu biezeni\"}]},{\"@type\":\"WebSite\",\"@id\":\"https:\\\/\\\/latpartika.lv\\\/#website\",\"url\":\"https:\\\/\\\/latpartika.lv\\\/\",\"name\":\"Latvijas p\u0101rtikas ra\u017eot\u0101js\",\"description\":\"Svaigi produkti no kvalitat\u012bv\u0101m izejviel\u0101m!\",\"publisher\":{\"@id\":\"https:\\\/\\\/latpartika.lv\\\/#organization\"},\"potentialAction\":[{\"@type\":\"SearchAction\",\"target\":{\"@type\":\"EntryPoint\",\"urlTemplate\":\"https:\\\/\\\/latpartika.lv\\\/?s={search_term_string}\"},\"query-input\":{\"@type\":\"PropertyValueSpecification\",\"valueRequired\":true,\"valueName\":\"search_term_string\"}}],\"inLanguage\":\"en-GB\"},{\"@type\":\"Organization\",\"@id\":\"https:\\\/\\\/latpartika.lv\\\/#organization\",\"name\":\"Latvijas p\u0101rtikas ra\u017eot\u0101js\",\"url\":\"https:\\\/\\\/latpartika.lv\\\/\",\"logo\":{\"@type\":\"ImageObject\",\"inLanguage\":\"en-GB\",\"@id\":\"https:\\\/\\\/latpartika.lv\\\/#\\\/schema\\\/logo\\\/image\\\/\",\"url\":\"https:\\\/\\\/latpartika.lv\\\/wp-content\\\/uploads\\\/2024\\\/11\\\/LPR_logo_balts.svg\",\"contentUrl\":\"https:\\\/\\\/latpartika.lv\\\/wp-content\\\/uploads\\\/2024\\\/11\\\/LPR_logo_balts.svg\",\"width\":425,\"height\":589,\"caption\":\"Latvijas p\u0101rtikas ra\u017eot\u0101js\"},\"image\":{\"@id\":\"https:\\\/\\\/latpartika.lv\\\/#\\\/schema\\\/logo\\\/image\\\/\"}}]}<\/script>\n<!-- \/ Yoast SEO plugin. -->","yoast_head_json":{"title":"Meatballs in sauce with mashed potatoes - Latvian food producer","robots":{"index":"index","follow":"follow","max-snippet":"max-snippet:-1","max-image-preview":"max-image-preview:large","max-video-preview":"max-video-preview:-1"},"canonical":"https:\/\/latpartika.lv\/en\/product\/meatballs-in-sauce-with-mashed-potatoes\/","og_locale":"en_GB","og_type":"article","og_title":"Ga\u013cas bumbi\u0146as m\u0113rc\u0113 ar kartupe\u013cu biezeni - Latvijas p\u0101rtikas ra\u017eot\u0101js","og_description":"Sast\u0101vda\u013cas: Kartupe\u013cu biezenis 47% (v\u0101r\u012bti kartupe\u013ci, piens, saldkr\u0113juma sviests (pasteriz\u0113ts kr\u0113jums), s\u0101ls), ga\u013cas bumbi\u0146as 29% (c\u016bkga\u013ca, liellopu ga\u013ca, \u016bdens, sausi\u0146i (kvie\u0161u), s\u012bpoli, sojas prote\u012bni, s\u016bkalu pulveris (satur pienu), s\u0101ls, aromatiz\u0113t\u0101ji, cukurs, gar\u0161vielas, rauga ekstrakts), br\u016bn\u0101 m\u0113rce 24% (\u016bdens, pani\u0146u un augu tauku mais\u012bjums (pani\u0146as, \u016bdens, saulespu\u0137u e\u013c\u013ca, kr\u0113jums, modific\u0113ta ciete, emulgators (E481), stabiliz\u0113t\u0101js (E412), sk\u0101buma regul\u0113t\u0101ji (E331, E339b), kr\u0101sviela (E160a)), saus\u0101 ga\u013cas m\u0113rce (kvie\u0161u milti, modific\u0113ta ciete, palmu tauki, s\u0101ls, cukurs, aromatiz\u0113t\u0101ji, rauga ekstrakts, s\u012bpolu pulveris, kr\u0101sviela (E150c), k\u016bpin\u0101ts spe\u0137is, tom\u0101tu bieze\u0146a pulveris, ciete, burk\u0101nu sulas koncentr\u0101ts, \u0137iploki, paprika, melnie pipari, major\u0101ns, \u0137imenes, antioksidants (ekstrakti no rozmar\u012bna)), s\u012bpoli, rap\u0161u e\u013c\u013ca, kukur\u016bzas ciete, cukurs, sojas m\u0113rce (\u016bdens, sojas pupi\u0146as, kvie\u0161i, s\u0101ls, alkohols), \u0137iploki, s\u0101ls, malti melnie pipari, lauru lapas, biezin\u0101t\u0101js (E415))","og_url":"https:\/\/latpartika.lv\/en\/product\/meatballs-in-sauce-with-mashed-potatoes\/","og_site_name":"Latvijas p\u0101rtikas ra\u017eot\u0101js","article_modified_time":"2025-01-02T19:30:51+00:00","og_image":[{"width":500,"height":500,"url":"https:\/\/latpartika.lv\/wp-content\/uploads\/2025\/01\/Galas-bumbinas-merce-ar-kartupelu-biezeni.png","type":"image\/png"}],"twitter_card":"summary_large_image","schema":{"@context":"https:\/\/schema.org","@graph":[{"@type":"WebPage","@id":"https:\/\/latpartika.lv\/product\/galas-bumbinas-merce-ar-kartupelu-biezeni","url":"https:\/\/latpartika.lv\/product\/galas-bumbinas-merce-ar-kartupelu-biezeni","name":"Meatballs in sauce with mashed potatoes - Latvian food producer","isPartOf":{"@id":"https:\/\/latpartika.lv\/#website"},"primaryImageOfPage":{"@id":"https:\/\/latpartika.lv\/product\/galas-bumbinas-merce-ar-kartupelu-biezeni#primaryimage"},"image":{"@id":"https:\/\/latpartika.lv\/product\/galas-bumbinas-merce-ar-kartupelu-biezeni#primaryimage"},"thumbnailUrl":"https:\/\/latpartika.lv\/wp-content\/uploads\/2025\/01\/Galas-bumbinas-merce-ar-kartupelu-biezeni.png","datePublished":"2025-01-02T19:29:14+00:00","dateModified":"2025-01-02T19:30:51+00:00","breadcrumb":{"@id":"https:\/\/latpartika.lv\/product\/galas-bumbinas-merce-ar-kartupelu-biezeni#breadcrumb"},"inLanguage":"en-GB","potentialAction":[{"@type":"ReadAction","target":["https:\/\/latpartika.lv\/product\/galas-bumbinas-merce-ar-kartupelu-biezeni"]}]},{"@type":"ImageObject","inLanguage":"en-GB","@id":"https:\/\/latpartika.lv\/product\/galas-bumbinas-merce-ar-kartupelu-biezeni#primaryimage","url":"https:\/\/latpartika.lv\/wp-content\/uploads\/2025\/01\/Galas-bumbinas-merce-ar-kartupelu-biezeni.png","contentUrl":"https:\/\/latpartika.lv\/wp-content\/uploads\/2025\/01\/Galas-bumbinas-merce-ar-kartupelu-biezeni.png","width":500,"height":500},{"@type":"BreadcrumbList","@id":"https:\/\/latpartika.lv\/product\/galas-bumbinas-merce-ar-kartupelu-biezeni#breadcrumb","itemListElement":[{"@type":"ListItem","position":1,"name":"Home","item":"https:\/\/latpartika.lv\/en\/"},{"@type":"ListItem","position":2,"name":"Products","item":"https:\/\/latpartika.lv\/shop"},{"@type":"ListItem","position":3,"name":"Ga\u013cas bumbi\u0146as m\u0113rc\u0113 ar kartupe\u013cu biezeni"}]},{"@type":"WebSite","@id":"https:\/\/latpartika.lv\/#website","url":"https:\/\/latpartika.lv\/","name":"Latvian food producer","description":"Fresh produce from quality ingredients!","publisher":{"@id":"https:\/\/latpartika.lv\/#organization"},"potentialAction":[{"@type":"SearchAction","target":{"@type":"EntryPoint","urlTemplate":"https:\/\/latpartika.lv\/?s={search_term_string}"},"query-input":{"@type":"PropertyValueSpecification","valueRequired":true,"valueName":"search_term_string"}}],"inLanguage":"en-GB"},{"@type":"Organization","@id":"https:\/\/latpartika.lv\/#organization","name":"Latvian food producer","url":"https:\/\/latpartika.lv\/","logo":{"@type":"ImageObject","inLanguage":"en-GB","@id":"https:\/\/latpartika.lv\/#\/schema\/logo\/image\/","url":"https:\/\/latpartika.lv\/wp-content\/uploads\/2024\/11\/LPR_logo_balts.svg","contentUrl":"https:\/\/latpartika.lv\/wp-content\/uploads\/2024\/11\/LPR_logo_balts.svg","width":425,"height":589,"caption":"Latvijas p\u0101rtikas ra\u017eot\u0101js"},"image":{"@id":"https:\/\/latpartika.lv\/#\/schema\/logo\/image\/"}}]}},"_links":{"self":[{"href":"https:\/\/latpartika.lv\/en\/wp-json\/wp\/v2\/product\/606","targetHints":{"allow":["GET"]}}],"collection":[{"href":"https:\/\/latpartika.lv\/en\/wp-json\/wp\/v2\/product"}],"about":[{"href":"https:\/\/latpartika.lv\/en\/wp-json\/wp\/v2\/types\/product"}],"replies":[{"embeddable":true,"href":"https:\/\/latpartika.lv\/en\/wp-json\/wp\/v2\/comments?post=606"}],"version-history":[{"count":0,"href":"https:\/\/latpartika.lv\/en\/wp-json\/wp\/v2\/product\/606\/revisions"}],"wp:featuredmedia":[{"embeddable":true,"href":"https:\/\/latpartika.lv\/en\/wp-json\/wp\/v2\/media\/607"}],"wp:attachment":[{"href":"https:\/\/latpartika.lv\/en\/wp-json\/wp\/v2\/media?parent=606"}],"wp:term":[{"taxonomy":"product_brand","embeddable":true,"href":"https:\/\/latpartika.lv\/en\/wp-json\/wp\/v2\/product_brand?post=606"},{"taxonomy":"product_cat","embeddable":true,"href":"https:\/\/latpartika.lv\/en\/wp-json\/wp\/v2\/product_cat?post=606"},{"taxonomy":"product_tag","embeddable":true,"href":"https:\/\/latpartika.lv\/en\/wp-json\/wp\/v2\/product_tag?post=606"}],"curies":[{"name":"wp","href":"https:\/\/api.w.org\/{rel}","templated":true}]}}