{"id":610,"date":"2025-01-02T19:31:09","date_gmt":"2025-01-02T19:31:09","guid":{"rendered":"https:\/\/latpartika.lv\/?post_type=product&#038;p=610"},"modified":"2025-01-02T19:32:48","modified_gmt":"2025-01-02T19:32:48","slug":"curried-rice-with-vegetables-and-chicken-pieces","status":"publish","type":"product","link":"https:\/\/latpartika.lv\/en\/product\/karija-risi-ar-darzeniem-un-vistas-galas-gabaliniem","title":{"rendered":"Curried rice with vegetables and chicken pieces"},"content":{"rendered":"<p>Lorem ipsum dolor sit amet, consectetur adipiscing elit. Phasellus quis tempus lacus. Nam fringilla iaculis turpis a dictum. Nam ex nunc, malesuada vel ornare vitae, lacinia maximus lectus. In vel egestas ligula, at pellentesque quam. Integer sit amet consequat libero. Quisque non bibendum odio.<\/p>","protected":false},"excerpt":{"rendered":"<p><strong>Ingredients: <\/strong>cooked rice 39% (rice, water, salt), marinated chicken ham 23% (fresh chicken ham, sweet chilli sauce (water, sugar, ground chilli pepper, ground sweet pepper, salt, modified starch, granulated garlic, apple vinegar, acidity regulator (E330), thickeners (E415, E412), preservative (E202)), rapeseed oil, lemon juice, garlic, sugar, salt, dry chicken broth (salt, flavour enhancers (E621, E631, E627), starch, maltodextrin, chicken fat, flavourings (contains <strong><em>eggs<\/em><\/strong>), dried chicken, turmeric, antioxidant (extracts of rosemary), ground black pepper), fresh paprika 10%, fresh carrots 9%, frozen green peas 3%, frozen green beans 3%, rapeseed oil, dry chicken broth (salt, flavour enhancers (E621, E631, E627), starch, maltodextrin, chicken fat, flavourings (contains <strong><em>eggs<\/em><\/strong>), dried chicken, turmeric, antioxidant (extracts from rosemary), fresh garlic, spice mix (turmeric, salt, ground coriander, sweet paprika powder, ground ginger, garlic powder, ground cumin, ground chilli, ground black pepper, rosemary), salt, sugar, ground black pepper.<\/p>","protected":false},"featured_media":611,"comment_status":"closed","ping_status":"closed","template":"","meta":[],"product_brand":[],"product_cat":[36,34],"product_tag":[],"class_list":{"0":"post-610","1":"product","2":"type-product","3":"status-publish","4":"has-post-thumbnail","6":"product_cat-pamatedieni","7":"product_cat-produkti","9":"first","10":"instock","11":"shipping-taxable","12":"product-type-simple"},"yoast_head":"<!-- This site is optimized with the Yoast SEO plugin v27.3 - https:\/\/yoast.com\/product\/yoast-seo-wordpress\/ -->\n<title>Karija r\u012bsi ar d\u0101rze\u0146iem un vistas ga\u013cas gabali\u0146iem - Latvijas p\u0101rtikas ra\u017eot\u0101js<\/title>\n<meta name=\"robots\" content=\"index, follow, max-snippet:-1, max-image-preview:large, max-video-preview:-1\" \/>\n<link rel=\"canonical\" href=\"https:\/\/latpartika.lv\/en\/product\/curried-rice-with-vegetables-and-chicken-pieces\/\" \/>\n<meta property=\"og:locale\" content=\"en_GB\" \/>\n<meta property=\"og:type\" content=\"article\" \/>\n<meta property=\"og:title\" content=\"Karija r\u012bsi ar d\u0101rze\u0146iem un vistas ga\u013cas gabali\u0146iem - Latvijas p\u0101rtikas ra\u017eot\u0101js\" \/>\n<meta property=\"og:description\" content=\"Sast\u0101vda\u013cas: v\u0101r\u012bti r\u012bsi 39% (r\u012bsi, \u016bdens, s\u0101ls), marin\u0113ti vistu \u0161\u0137i\u0146\u0137a gabali\u0146i 23% ( svaigi vistu \u0161\u0137i\u0146\u0137i, sald\u0101 \u010dili m\u0113rce (\u016bdens, cukurs, malti \u010dili pipari, malti saldie pipari, s\u0101ls, modific\u0113ta ciete, granul\u0113ts \u0137iploks, \u0101bolu eti\u0137is, sk\u0101buma regul\u0113t\u0101js (E330), biezin\u0101t\u0101ji (E415, E412), konservants (E202)), rap\u0161u e\u013c\u013ca, citronu sula, \u0137iploki, cukurs, s\u0101ls, sausais vistas buljons (s\u0101ls, gar\u0161as pastiprin\u0101t\u0101ji (E621, E631, E627), ciete, maltodekstr\u012bns, vistu tauki, aromatiz\u0113t\u0101ji (satur olas), kalt\u0113ta vistas ga\u013ca, kurkuma, antioksidants (ekstrakti no rozmar\u012bna)), malti melnie pipari), svaiga paprika 10%, svaigi burk\u0101ni 9%, sald\u0113ti za\u013cie zirn\u012b\u0161i 3%, sald\u0113tas za\u013c\u0101s pupi\u0146as 3%, rap\u0161u e\u013c\u013ca, sausais vistas buljons (s\u0101ls, gar\u0161as pastiprin\u0101t\u0101ji (E621, E631, E627), ciete, maltodekstr\u012bns, vistu tauki, aromatiz\u0113t\u0101ji (satur olas), kalt\u0113ta vistas ga\u013ca, kurkuma, antioksidants (ekstrakti no rozmar\u012bna)), svaigi \u0137iploki, gar\u0161vielu mais\u012bjums (kurkuma, s\u0101ls, malts koriandrs, sald\u0101s paprikas pulveris, malts ingvers, \u0137iploku pulveris, maltas \u0137imenes, malts \u010dili, malti melnie pipari, rozmar\u012bns), s\u0101ls, cukurs, malti melnie pipari.\" \/>\n<meta property=\"og:url\" content=\"https:\/\/latpartika.lv\/en\/product\/curried-rice-with-vegetables-and-chicken-pieces\/\" \/>\n<meta property=\"og:site_name\" content=\"Latvijas p\u0101rtikas ra\u017eot\u0101js\" \/>\n<meta property=\"article:modified_time\" content=\"2025-01-02T19:32:48+00:00\" \/>\n<meta property=\"og:image\" content=\"https:\/\/latpartika.lv\/wp-content\/uploads\/2025\/01\/Karija-risi-ar-darzeniem-un-vistas-galas-gabaliniem.png\" \/>\n\t<meta property=\"og:image:width\" content=\"500\" \/>\n\t<meta property=\"og:image:height\" content=\"500\" \/>\n\t<meta property=\"og:image:type\" content=\"image\/png\" \/>\n<meta name=\"twitter:card\" content=\"summary_large_image\" \/>\n<script type=\"application\/ld+json\" class=\"yoast-schema-graph\">{\"@context\":\"https:\\\/\\\/schema.org\",\"@graph\":[{\"@type\":\"WebPage\",\"@id\":\"https:\\\/\\\/latpartika.lv\\\/product\\\/karija-risi-ar-darzeniem-un-vistas-galas-gabaliniem\",\"url\":\"https:\\\/\\\/latpartika.lv\\\/product\\\/karija-risi-ar-darzeniem-un-vistas-galas-gabaliniem\",\"name\":\"Karija r\u012bsi ar d\u0101rze\u0146iem un vistas ga\u013cas gabali\u0146iem - Latvijas p\u0101rtikas ra\u017eot\u0101js\",\"isPartOf\":{\"@id\":\"https:\\\/\\\/latpartika.lv\\\/#website\"},\"primaryImageOfPage\":{\"@id\":\"https:\\\/\\\/latpartika.lv\\\/product\\\/karija-risi-ar-darzeniem-un-vistas-galas-gabaliniem#primaryimage\"},\"image\":{\"@id\":\"https:\\\/\\\/latpartika.lv\\\/product\\\/karija-risi-ar-darzeniem-un-vistas-galas-gabaliniem#primaryimage\"},\"thumbnailUrl\":\"https:\\\/\\\/latpartika.lv\\\/wp-content\\\/uploads\\\/2025\\\/01\\\/Karija-risi-ar-darzeniem-un-vistas-galas-gabaliniem.png\",\"datePublished\":\"2025-01-02T19:31:09+00:00\",\"dateModified\":\"2025-01-02T19:32:48+00:00\",\"breadcrumb\":{\"@id\":\"https:\\\/\\\/latpartika.lv\\\/product\\\/karija-risi-ar-darzeniem-un-vistas-galas-gabaliniem#breadcrumb\"},\"inLanguage\":\"en-GB\",\"potentialAction\":[{\"@type\":\"ReadAction\",\"target\":[\"https:\\\/\\\/latpartika.lv\\\/product\\\/karija-risi-ar-darzeniem-un-vistas-galas-gabaliniem\"]}]},{\"@type\":\"ImageObject\",\"inLanguage\":\"en-GB\",\"@id\":\"https:\\\/\\\/latpartika.lv\\\/product\\\/karija-risi-ar-darzeniem-un-vistas-galas-gabaliniem#primaryimage\",\"url\":\"https:\\\/\\\/latpartika.lv\\\/wp-content\\\/uploads\\\/2025\\\/01\\\/Karija-risi-ar-darzeniem-un-vistas-galas-gabaliniem.png\",\"contentUrl\":\"https:\\\/\\\/latpartika.lv\\\/wp-content\\\/uploads\\\/2025\\\/01\\\/Karija-risi-ar-darzeniem-un-vistas-galas-gabaliniem.png\",\"width\":500,\"height\":500},{\"@type\":\"BreadcrumbList\",\"@id\":\"https:\\\/\\\/latpartika.lv\\\/product\\\/karija-risi-ar-darzeniem-un-vistas-galas-gabaliniem#breadcrumb\",\"itemListElement\":[{\"@type\":\"ListItem\",\"position\":1,\"name\":\"Home\",\"item\":\"https:\\\/\\\/latpartika.lv\\\/en\\\/\"},{\"@type\":\"ListItem\",\"position\":2,\"name\":\"Products\",\"item\":\"https:\\\/\\\/latpartika.lv\\\/shop\"},{\"@type\":\"ListItem\",\"position\":3,\"name\":\"Karija r\u012bsi ar d\u0101rze\u0146iem un vistas ga\u013cas gabali\u0146iem\"}]},{\"@type\":\"WebSite\",\"@id\":\"https:\\\/\\\/latpartika.lv\\\/#website\",\"url\":\"https:\\\/\\\/latpartika.lv\\\/\",\"name\":\"Latvijas p\u0101rtikas ra\u017eot\u0101js\",\"description\":\"Svaigi produkti no kvalitat\u012bv\u0101m izejviel\u0101m!\",\"publisher\":{\"@id\":\"https:\\\/\\\/latpartika.lv\\\/#organization\"},\"potentialAction\":[{\"@type\":\"SearchAction\",\"target\":{\"@type\":\"EntryPoint\",\"urlTemplate\":\"https:\\\/\\\/latpartika.lv\\\/?s={search_term_string}\"},\"query-input\":{\"@type\":\"PropertyValueSpecification\",\"valueRequired\":true,\"valueName\":\"search_term_string\"}}],\"inLanguage\":\"en-GB\"},{\"@type\":\"Organization\",\"@id\":\"https:\\\/\\\/latpartika.lv\\\/#organization\",\"name\":\"Latvijas p\u0101rtikas ra\u017eot\u0101js\",\"url\":\"https:\\\/\\\/latpartika.lv\\\/\",\"logo\":{\"@type\":\"ImageObject\",\"inLanguage\":\"en-GB\",\"@id\":\"https:\\\/\\\/latpartika.lv\\\/#\\\/schema\\\/logo\\\/image\\\/\",\"url\":\"https:\\\/\\\/latpartika.lv\\\/wp-content\\\/uploads\\\/2024\\\/11\\\/LPR_logo_balts.svg\",\"contentUrl\":\"https:\\\/\\\/latpartika.lv\\\/wp-content\\\/uploads\\\/2024\\\/11\\\/LPR_logo_balts.svg\",\"width\":425,\"height\":589,\"caption\":\"Latvijas p\u0101rtikas ra\u017eot\u0101js\"},\"image\":{\"@id\":\"https:\\\/\\\/latpartika.lv\\\/#\\\/schema\\\/logo\\\/image\\\/\"}}]}<\/script>\n<!-- \/ Yoast SEO plugin. -->","yoast_head_json":{"title":"Curry Rice with Vegetables and Chicken Pieces - Latvian Food Manufacturer","robots":{"index":"index","follow":"follow","max-snippet":"max-snippet:-1","max-image-preview":"max-image-preview:large","max-video-preview":"max-video-preview:-1"},"canonical":"https:\/\/latpartika.lv\/en\/product\/curried-rice-with-vegetables-and-chicken-pieces\/","og_locale":"en_GB","og_type":"article","og_title":"Karija r\u012bsi ar d\u0101rze\u0146iem un vistas ga\u013cas gabali\u0146iem - Latvijas p\u0101rtikas ra\u017eot\u0101js","og_description":"Sast\u0101vda\u013cas: v\u0101r\u012bti r\u012bsi 39% (r\u012bsi, \u016bdens, s\u0101ls), marin\u0113ti vistu \u0161\u0137i\u0146\u0137a gabali\u0146i 23% ( svaigi vistu \u0161\u0137i\u0146\u0137i, sald\u0101 \u010dili m\u0113rce (\u016bdens, cukurs, malti \u010dili pipari, malti saldie pipari, s\u0101ls, modific\u0113ta ciete, granul\u0113ts \u0137iploks, \u0101bolu eti\u0137is, sk\u0101buma regul\u0113t\u0101js (E330), biezin\u0101t\u0101ji (E415, E412), konservants (E202)), rap\u0161u e\u013c\u013ca, citronu sula, \u0137iploki, cukurs, s\u0101ls, sausais vistas buljons (s\u0101ls, gar\u0161as pastiprin\u0101t\u0101ji (E621, E631, E627), ciete, maltodekstr\u012bns, vistu tauki, aromatiz\u0113t\u0101ji (satur olas), kalt\u0113ta vistas ga\u013ca, kurkuma, antioksidants (ekstrakti no rozmar\u012bna)), malti melnie pipari), svaiga paprika 10%, svaigi burk\u0101ni 9%, sald\u0113ti za\u013cie zirn\u012b\u0161i 3%, sald\u0113tas za\u013c\u0101s pupi\u0146as 3%, rap\u0161u e\u013c\u013ca, sausais vistas buljons (s\u0101ls, gar\u0161as pastiprin\u0101t\u0101ji (E621, E631, E627), ciete, maltodekstr\u012bns, vistu tauki, aromatiz\u0113t\u0101ji (satur olas), kalt\u0113ta vistas ga\u013ca, kurkuma, antioksidants (ekstrakti no rozmar\u012bna)), svaigi \u0137iploki, gar\u0161vielu mais\u012bjums (kurkuma, s\u0101ls, malts koriandrs, sald\u0101s paprikas pulveris, malts ingvers, \u0137iploku pulveris, maltas \u0137imenes, malts \u010dili, malti melnie pipari, rozmar\u012bns), s\u0101ls, cukurs, malti melnie pipari.","og_url":"https:\/\/latpartika.lv\/en\/product\/curried-rice-with-vegetables-and-chicken-pieces\/","og_site_name":"Latvijas p\u0101rtikas ra\u017eot\u0101js","article_modified_time":"2025-01-02T19:32:48+00:00","og_image":[{"width":500,"height":500,"url":"https:\/\/latpartika.lv\/wp-content\/uploads\/2025\/01\/Karija-risi-ar-darzeniem-un-vistas-galas-gabaliniem.png","type":"image\/png"}],"twitter_card":"summary_large_image","schema":{"@context":"https:\/\/schema.org","@graph":[{"@type":"WebPage","@id":"https:\/\/latpartika.lv\/product\/karija-risi-ar-darzeniem-un-vistas-galas-gabaliniem","url":"https:\/\/latpartika.lv\/product\/karija-risi-ar-darzeniem-un-vistas-galas-gabaliniem","name":"Curry Rice with Vegetables and Chicken Pieces - Latvian Food Manufacturer","isPartOf":{"@id":"https:\/\/latpartika.lv\/#website"},"primaryImageOfPage":{"@id":"https:\/\/latpartika.lv\/product\/karija-risi-ar-darzeniem-un-vistas-galas-gabaliniem#primaryimage"},"image":{"@id":"https:\/\/latpartika.lv\/product\/karija-risi-ar-darzeniem-un-vistas-galas-gabaliniem#primaryimage"},"thumbnailUrl":"https:\/\/latpartika.lv\/wp-content\/uploads\/2025\/01\/Karija-risi-ar-darzeniem-un-vistas-galas-gabaliniem.png","datePublished":"2025-01-02T19:31:09+00:00","dateModified":"2025-01-02T19:32:48+00:00","breadcrumb":{"@id":"https:\/\/latpartika.lv\/product\/karija-risi-ar-darzeniem-un-vistas-galas-gabaliniem#breadcrumb"},"inLanguage":"en-GB","potentialAction":[{"@type":"ReadAction","target":["https:\/\/latpartika.lv\/product\/karija-risi-ar-darzeniem-un-vistas-galas-gabaliniem"]}]},{"@type":"ImageObject","inLanguage":"en-GB","@id":"https:\/\/latpartika.lv\/product\/karija-risi-ar-darzeniem-un-vistas-galas-gabaliniem#primaryimage","url":"https:\/\/latpartika.lv\/wp-content\/uploads\/2025\/01\/Karija-risi-ar-darzeniem-un-vistas-galas-gabaliniem.png","contentUrl":"https:\/\/latpartika.lv\/wp-content\/uploads\/2025\/01\/Karija-risi-ar-darzeniem-un-vistas-galas-gabaliniem.png","width":500,"height":500},{"@type":"BreadcrumbList","@id":"https:\/\/latpartika.lv\/product\/karija-risi-ar-darzeniem-un-vistas-galas-gabaliniem#breadcrumb","itemListElement":[{"@type":"ListItem","position":1,"name":"Home","item":"https:\/\/latpartika.lv\/en\/"},{"@type":"ListItem","position":2,"name":"Products","item":"https:\/\/latpartika.lv\/shop"},{"@type":"ListItem","position":3,"name":"Karija r\u012bsi ar d\u0101rze\u0146iem un vistas ga\u013cas gabali\u0146iem"}]},{"@type":"WebSite","@id":"https:\/\/latpartika.lv\/#website","url":"https:\/\/latpartika.lv\/","name":"Latvian food producer","description":"Fresh produce from quality ingredients!","publisher":{"@id":"https:\/\/latpartika.lv\/#organization"},"potentialAction":[{"@type":"SearchAction","target":{"@type":"EntryPoint","urlTemplate":"https:\/\/latpartika.lv\/?s={search_term_string}"},"query-input":{"@type":"PropertyValueSpecification","valueRequired":true,"valueName":"search_term_string"}}],"inLanguage":"en-GB"},{"@type":"Organization","@id":"https:\/\/latpartika.lv\/#organization","name":"Latvian food producer","url":"https:\/\/latpartika.lv\/","logo":{"@type":"ImageObject","inLanguage":"en-GB","@id":"https:\/\/latpartika.lv\/#\/schema\/logo\/image\/","url":"https:\/\/latpartika.lv\/wp-content\/uploads\/2024\/11\/LPR_logo_balts.svg","contentUrl":"https:\/\/latpartika.lv\/wp-content\/uploads\/2024\/11\/LPR_logo_balts.svg","width":425,"height":589,"caption":"Latvijas p\u0101rtikas ra\u017eot\u0101js"},"image":{"@id":"https:\/\/latpartika.lv\/#\/schema\/logo\/image\/"}}]}},"_links":{"self":[{"href":"https:\/\/latpartika.lv\/en\/wp-json\/wp\/v2\/product\/610","targetHints":{"allow":["GET"]}}],"collection":[{"href":"https:\/\/latpartika.lv\/en\/wp-json\/wp\/v2\/product"}],"about":[{"href":"https:\/\/latpartika.lv\/en\/wp-json\/wp\/v2\/types\/product"}],"replies":[{"embeddable":true,"href":"https:\/\/latpartika.lv\/en\/wp-json\/wp\/v2\/comments?post=610"}],"version-history":[{"count":0,"href":"https:\/\/latpartika.lv\/en\/wp-json\/wp\/v2\/product\/610\/revisions"}],"wp:featuredmedia":[{"embeddable":true,"href":"https:\/\/latpartika.lv\/en\/wp-json\/wp\/v2\/media\/611"}],"wp:attachment":[{"href":"https:\/\/latpartika.lv\/en\/wp-json\/wp\/v2\/media?parent=610"}],"wp:term":[{"taxonomy":"product_brand","embeddable":true,"href":"https:\/\/latpartika.lv\/en\/wp-json\/wp\/v2\/product_brand?post=610"},{"taxonomy":"product_cat","embeddable":true,"href":"https:\/\/latpartika.lv\/en\/wp-json\/wp\/v2\/product_cat?post=610"},{"taxonomy":"product_tag","embeddable":true,"href":"https:\/\/latpartika.lv\/en\/wp-json\/wp\/v2\/product_tag?post=610"}],"curies":[{"name":"wp","href":"https:\/\/api.w.org\/{rel}","templated":true}]}}