{"id":614,"date":"2025-01-02T19:33:12","date_gmt":"2025-01-02T19:33:12","guid":{"rendered":"https:\/\/latpartika.lv\/?post_type=product&#038;p=614"},"modified":"2025-01-02T19:34:31","modified_gmt":"2025-01-02T19:34:31","slug":"mashed-potatoes-with-a-pork-chop-and-mushroom-sauce","status":"publish","type":"product","link":"https:\/\/latpartika.lv\/en\/product\/kartupelu-biezenis-ar-cukgalas-kotleti-un-senu-merci","title":{"rendered":"Mashed potatoes with a pork chop and mushroom sauce"},"content":{"rendered":"<p>Lorem ipsum dolor sit amet, consectetur adipiscing elit. Phasellus quis tempus lacus. Nam fringilla iaculis turpis a dictum. Nam ex nunc, malesuada vel ornare vitae, lacinia maximus lectus. In vel egestas ligula, at pellentesque quam. Integer sit amet consequat libero. Quisque non bibendum odio.<\/p>","protected":false},"excerpt":{"rendered":"<p><strong>Ingredients: <\/strong>Mashed potatoes 57% (boiled potatoes, <strong><em>milk<\/em><\/strong>, <strong><em>sweet cream<\/em><\/strong> butter (pasteurised <strong><em>cream<\/em><\/strong>), salt), pork cutlet 23% (pork 71%, white bread (<strong><em>wheat<\/em><\/strong> flour, water, rapeseed oil, sugar, yeast, salt, bread improvers (rye flour, flour treatment (E300), wheat flour, inactivated yeast), water, fried onions (fresh onions, rapeseed oil, salt), rapeseed oil, <strong><em>ooh<\/em><\/strong> mass<strong><em>ooh<\/em><\/strong> white, <strong><em>ooh <\/em><\/strong>yolk, water, acidity regulator (E270), salt, emulsifier (E475)), salt, ground black pepper, cumin, baking soda), mushroom sauce 20% (water, <strong><em>bread roll<\/em><\/strong> un augu tauku mais\u012bjums<strong><em>Pastries<\/em><\/strong>, palm oil, water, modified starch, emulsifier (E435), thickeners (E461, E415), acidity regulator (E331)), fresh mushrooms 23%, fresh onions, corn starch, rapeseed oil, mushroom stock (salt, flavour enhancers (E621, E631, E627), <strong><em>Lactose<\/em><\/strong>, palm oil, yeast extract, maltodextrin, corn starch, mushroom juice concentrate, dried porcini mushrooms, fructose, <strong><em>soya<\/em><\/strong> sauce (contains <strong><em>Soju<\/em><\/strong>, <strong><em>wheat<\/em><\/strong>), flavourings, colour (E150c), acidity regulator (E330)), salt, black pepper, bicarbonate of soda, oregano)<\/p>","protected":false},"featured_media":615,"comment_status":"closed","ping_status":"closed","template":"","meta":[],"product_brand":[],"product_cat":[36,34],"product_tag":[],"class_list":{"0":"post-614","1":"product","2":"type-product","3":"status-publish","4":"has-post-thumbnail","6":"product_cat-pamatedieni","7":"product_cat-produkti","9":"first","10":"instock","11":"shipping-taxable","12":"product-type-simple"},"yoast_head":"<!-- This site is optimized with the Yoast SEO plugin v27.3 - https:\/\/yoast.com\/product\/yoast-seo-wordpress\/ -->\n<title>Kartupe\u013cu biezenis ar c\u016bkga\u013cas kotleti un s\u0113\u0146u m\u0113rci - Latvijas p\u0101rtikas ra\u017eot\u0101js<\/title>\n<meta name=\"robots\" content=\"index, follow, max-snippet:-1, max-image-preview:large, max-video-preview:-1\" \/>\n<link rel=\"canonical\" href=\"https:\/\/latpartika.lv\/en\/product\/mashed-potatoes-with-a-pork-chop-and-mushroom-sauce\/\" \/>\n<meta property=\"og:locale\" content=\"en_GB\" \/>\n<meta property=\"og:type\" content=\"article\" \/>\n<meta property=\"og:title\" content=\"Kartupe\u013cu biezenis ar c\u016bkga\u013cas kotleti un s\u0113\u0146u m\u0113rci - Latvijas p\u0101rtikas ra\u017eot\u0101js\" \/>\n<meta property=\"og:description\" content=\"Sast\u0101vda\u013cas: kartupe\u013cu biezenis 57% (v\u0101r\u012bti kartupe\u013ci, piens, saldkr\u0113juma sviests (pasteriz\u0113ts kr\u0113jums), s\u0101ls), c\u016bkga\u013cas kotlete 23% (c\u016bkga\u013ca 71%, baltmaize (kvie\u0161u milti,\u016bdens, rap\u0161u e\u013c\u013ca, cukurs, raugs, s\u0101ls, maizes strukt\u016bras uzlabot\u0101js (rudzu milti, miltu apstr\u0101des l\u012bdzeklis (E300), kvie\u0161u milti, inaktiv\u0113ts raugs)), \u016bdens, cepti s\u012bpoli (svaigi s\u012bpoli, rap\u0161u e\u013c\u013ca, s\u0101ls), rap\u0161u e\u013c\u013ca, olu masa (olu baltums, olu dzeltenums, \u016bdens, sk\u0101buma regul\u0113t\u0101js (E270), s\u0101ls, emulgators (E475)), s\u0101ls, malti melnie pipari, \u0137imenes, dzeram\u0101 soda), s\u0113\u0146u m\u0113rce 20% (\u016bdens, pani\u0146u un augu tauku mais\u012bjums (pani\u0146as, palmu e\u013c\u013ca, \u016bdens, modific\u0113ta ciete, emulgators (E435), biezin\u0101t\u0101ji (E461, E415), sk\u0101buma regul\u0113t\u0101js (E331)), svaigi \u0161ampinjoni 23%, svaigi s\u012bpoli, kukur\u016bzas ciete, rap\u0161u e\u013c\u013ca, s\u0113\u0146u buljons (s\u0101ls, gar\u0161as pastiprin\u0101t\u0101ji (E621, E631, E627), laktoze, palmu tauki, rauga ekstakts, maltodekstr\u012bns, kukur\u016bzas ciete, \u0161ampinjonu sulas koncentr\u0101ts, \u017eav\u0113tas baravikas, fruktoze, sojas m\u0113rce (satur soju, kvie\u0161us), aromatiz\u0113t\u0101ji, kr\u0101sviela (E150c), sk\u0101buma regul\u0113t\u0101js (E330)), s\u0101ls, malti melnie pipari, dzeram\u0101 soda, oregano)\" \/>\n<meta property=\"og:url\" content=\"https:\/\/latpartika.lv\/en\/product\/mashed-potatoes-with-a-pork-chop-and-mushroom-sauce\/\" \/>\n<meta property=\"og:site_name\" content=\"Latvijas p\u0101rtikas ra\u017eot\u0101js\" \/>\n<meta property=\"article:modified_time\" content=\"2025-01-02T19:34:31+00:00\" \/>\n<meta property=\"og:image\" content=\"https:\/\/latpartika.lv\/wp-content\/uploads\/2025\/01\/Kartupelu-biezenis-ar-cukgalas-kotleti-un-senu-merci.png\" \/>\n\t<meta property=\"og:image:width\" content=\"500\" \/>\n\t<meta property=\"og:image:height\" content=\"500\" \/>\n\t<meta property=\"og:image:type\" content=\"image\/png\" \/>\n<meta name=\"twitter:card\" content=\"summary_large_image\" \/>\n<script type=\"application\/ld+json\" class=\"yoast-schema-graph\">{\"@context\":\"https:\\\/\\\/schema.org\",\"@graph\":[{\"@type\":\"WebPage\",\"@id\":\"https:\\\/\\\/latpartika.lv\\\/product\\\/kartupelu-biezenis-ar-cukgalas-kotleti-un-senu-merci\",\"url\":\"https:\\\/\\\/latpartika.lv\\\/product\\\/kartupelu-biezenis-ar-cukgalas-kotleti-un-senu-merci\",\"name\":\"Kartupe\u013cu biezenis ar c\u016bkga\u013cas kotleti un s\u0113\u0146u m\u0113rci - Latvijas p\u0101rtikas ra\u017eot\u0101js\",\"isPartOf\":{\"@id\":\"https:\\\/\\\/latpartika.lv\\\/#website\"},\"primaryImageOfPage\":{\"@id\":\"https:\\\/\\\/latpartika.lv\\\/product\\\/kartupelu-biezenis-ar-cukgalas-kotleti-un-senu-merci#primaryimage\"},\"image\":{\"@id\":\"https:\\\/\\\/latpartika.lv\\\/product\\\/kartupelu-biezenis-ar-cukgalas-kotleti-un-senu-merci#primaryimage\"},\"thumbnailUrl\":\"https:\\\/\\\/latpartika.lv\\\/wp-content\\\/uploads\\\/2025\\\/01\\\/Kartupelu-biezenis-ar-cukgalas-kotleti-un-senu-merci.png\",\"datePublished\":\"2025-01-02T19:33:12+00:00\",\"dateModified\":\"2025-01-02T19:34:31+00:00\",\"breadcrumb\":{\"@id\":\"https:\\\/\\\/latpartika.lv\\\/product\\\/kartupelu-biezenis-ar-cukgalas-kotleti-un-senu-merci#breadcrumb\"},\"inLanguage\":\"en-GB\",\"potentialAction\":[{\"@type\":\"ReadAction\",\"target\":[\"https:\\\/\\\/latpartika.lv\\\/product\\\/kartupelu-biezenis-ar-cukgalas-kotleti-un-senu-merci\"]}]},{\"@type\":\"ImageObject\",\"inLanguage\":\"en-GB\",\"@id\":\"https:\\\/\\\/latpartika.lv\\\/product\\\/kartupelu-biezenis-ar-cukgalas-kotleti-un-senu-merci#primaryimage\",\"url\":\"https:\\\/\\\/latpartika.lv\\\/wp-content\\\/uploads\\\/2025\\\/01\\\/Kartupelu-biezenis-ar-cukgalas-kotleti-un-senu-merci.png\",\"contentUrl\":\"https:\\\/\\\/latpartika.lv\\\/wp-content\\\/uploads\\\/2025\\\/01\\\/Kartupelu-biezenis-ar-cukgalas-kotleti-un-senu-merci.png\",\"width\":500,\"height\":500},{\"@type\":\"BreadcrumbList\",\"@id\":\"https:\\\/\\\/latpartika.lv\\\/product\\\/kartupelu-biezenis-ar-cukgalas-kotleti-un-senu-merci#breadcrumb\",\"itemListElement\":[{\"@type\":\"ListItem\",\"position\":1,\"name\":\"Home\",\"item\":\"https:\\\/\\\/latpartika.lv\\\/en\\\/\"},{\"@type\":\"ListItem\",\"position\":2,\"name\":\"Products\",\"item\":\"https:\\\/\\\/latpartika.lv\\\/shop\"},{\"@type\":\"ListItem\",\"position\":3,\"name\":\"Kartupe\u013cu biezenis ar c\u016bkga\u013cas kotleti un s\u0113\u0146u m\u0113rci\"}]},{\"@type\":\"WebSite\",\"@id\":\"https:\\\/\\\/latpartika.lv\\\/#website\",\"url\":\"https:\\\/\\\/latpartika.lv\\\/\",\"name\":\"Latvijas p\u0101rtikas ra\u017eot\u0101js\",\"description\":\"Svaigi produkti no kvalitat\u012bv\u0101m izejviel\u0101m!\",\"publisher\":{\"@id\":\"https:\\\/\\\/latpartika.lv\\\/#organization\"},\"potentialAction\":[{\"@type\":\"SearchAction\",\"target\":{\"@type\":\"EntryPoint\",\"urlTemplate\":\"https:\\\/\\\/latpartika.lv\\\/?s={search_term_string}\"},\"query-input\":{\"@type\":\"PropertyValueSpecification\",\"valueRequired\":true,\"valueName\":\"search_term_string\"}}],\"inLanguage\":\"en-GB\"},{\"@type\":\"Organization\",\"@id\":\"https:\\\/\\\/latpartika.lv\\\/#organization\",\"name\":\"Latvijas p\u0101rtikas ra\u017eot\u0101js\",\"url\":\"https:\\\/\\\/latpartika.lv\\\/\",\"logo\":{\"@type\":\"ImageObject\",\"inLanguage\":\"en-GB\",\"@id\":\"https:\\\/\\\/latpartika.lv\\\/#\\\/schema\\\/logo\\\/image\\\/\",\"url\":\"https:\\\/\\\/latpartika.lv\\\/wp-content\\\/uploads\\\/2024\\\/11\\\/LPR_logo_balts.svg\",\"contentUrl\":\"https:\\\/\\\/latpartika.lv\\\/wp-content\\\/uploads\\\/2024\\\/11\\\/LPR_logo_balts.svg\",\"width\":425,\"height\":589,\"caption\":\"Latvijas p\u0101rtikas ra\u017eot\u0101js\"},\"image\":{\"@id\":\"https:\\\/\\\/latpartika.lv\\\/#\\\/schema\\\/logo\\\/image\\\/\"}}]}<\/script>\n<!-- \/ Yoast SEO plugin. -->","yoast_head_json":{"title":"Mashed potatoes with pork cutlet and mushroom sauce - Latvian food producer","robots":{"index":"index","follow":"follow","max-snippet":"max-snippet:-1","max-image-preview":"max-image-preview:large","max-video-preview":"max-video-preview:-1"},"canonical":"https:\/\/latpartika.lv\/en\/product\/mashed-potatoes-with-a-pork-chop-and-mushroom-sauce\/","og_locale":"en_GB","og_type":"article","og_title":"Kartupe\u013cu biezenis ar c\u016bkga\u013cas kotleti un s\u0113\u0146u m\u0113rci - Latvijas p\u0101rtikas ra\u017eot\u0101js","og_description":"Sast\u0101vda\u013cas: kartupe\u013cu biezenis 57% (v\u0101r\u012bti kartupe\u013ci, piens, saldkr\u0113juma sviests (pasteriz\u0113ts kr\u0113jums), s\u0101ls), c\u016bkga\u013cas kotlete 23% (c\u016bkga\u013ca 71%, baltmaize (kvie\u0161u milti,\u016bdens, rap\u0161u e\u013c\u013ca, cukurs, raugs, s\u0101ls, maizes strukt\u016bras uzlabot\u0101js (rudzu milti, miltu apstr\u0101des l\u012bdzeklis (E300), kvie\u0161u milti, inaktiv\u0113ts raugs)), \u016bdens, cepti s\u012bpoli (svaigi s\u012bpoli, rap\u0161u e\u013c\u013ca, s\u0101ls), rap\u0161u e\u013c\u013ca, olu masa (olu baltums, olu dzeltenums, \u016bdens, sk\u0101buma regul\u0113t\u0101js (E270), s\u0101ls, emulgators (E475)), s\u0101ls, malti melnie pipari, \u0137imenes, dzeram\u0101 soda), s\u0113\u0146u m\u0113rce 20% (\u016bdens, pani\u0146u un augu tauku mais\u012bjums (pani\u0146as, palmu e\u013c\u013ca, \u016bdens, modific\u0113ta ciete, emulgators (E435), biezin\u0101t\u0101ji (E461, E415), sk\u0101buma regul\u0113t\u0101js (E331)), svaigi \u0161ampinjoni 23%, svaigi s\u012bpoli, kukur\u016bzas ciete, rap\u0161u e\u013c\u013ca, s\u0113\u0146u buljons (s\u0101ls, gar\u0161as pastiprin\u0101t\u0101ji (E621, E631, E627), laktoze, palmu tauki, rauga ekstakts, maltodekstr\u012bns, kukur\u016bzas ciete, \u0161ampinjonu sulas koncentr\u0101ts, \u017eav\u0113tas baravikas, fruktoze, sojas m\u0113rce (satur soju, kvie\u0161us), aromatiz\u0113t\u0101ji, kr\u0101sviela (E150c), sk\u0101buma regul\u0113t\u0101js (E330)), s\u0101ls, malti melnie pipari, dzeram\u0101 soda, oregano)","og_url":"https:\/\/latpartika.lv\/en\/product\/mashed-potatoes-with-a-pork-chop-and-mushroom-sauce\/","og_site_name":"Latvijas p\u0101rtikas ra\u017eot\u0101js","article_modified_time":"2025-01-02T19:34:31+00:00","og_image":[{"width":500,"height":500,"url":"https:\/\/latpartika.lv\/wp-content\/uploads\/2025\/01\/Kartupelu-biezenis-ar-cukgalas-kotleti-un-senu-merci.png","type":"image\/png"}],"twitter_card":"summary_large_image","schema":{"@context":"https:\/\/schema.org","@graph":[{"@type":"WebPage","@id":"https:\/\/latpartika.lv\/product\/kartupelu-biezenis-ar-cukgalas-kotleti-un-senu-merci","url":"https:\/\/latpartika.lv\/product\/kartupelu-biezenis-ar-cukgalas-kotleti-un-senu-merci","name":"Mashed potatoes with pork cutlet and mushroom sauce - Latvian food producer","isPartOf":{"@id":"https:\/\/latpartika.lv\/#website"},"primaryImageOfPage":{"@id":"https:\/\/latpartika.lv\/product\/kartupelu-biezenis-ar-cukgalas-kotleti-un-senu-merci#primaryimage"},"image":{"@id":"https:\/\/latpartika.lv\/product\/kartupelu-biezenis-ar-cukgalas-kotleti-un-senu-merci#primaryimage"},"thumbnailUrl":"https:\/\/latpartika.lv\/wp-content\/uploads\/2025\/01\/Kartupelu-biezenis-ar-cukgalas-kotleti-un-senu-merci.png","datePublished":"2025-01-02T19:33:12+00:00","dateModified":"2025-01-02T19:34:31+00:00","breadcrumb":{"@id":"https:\/\/latpartika.lv\/product\/kartupelu-biezenis-ar-cukgalas-kotleti-un-senu-merci#breadcrumb"},"inLanguage":"en-GB","potentialAction":[{"@type":"ReadAction","target":["https:\/\/latpartika.lv\/product\/kartupelu-biezenis-ar-cukgalas-kotleti-un-senu-merci"]}]},{"@type":"ImageObject","inLanguage":"en-GB","@id":"https:\/\/latpartika.lv\/product\/kartupelu-biezenis-ar-cukgalas-kotleti-un-senu-merci#primaryimage","url":"https:\/\/latpartika.lv\/wp-content\/uploads\/2025\/01\/Kartupelu-biezenis-ar-cukgalas-kotleti-un-senu-merci.png","contentUrl":"https:\/\/latpartika.lv\/wp-content\/uploads\/2025\/01\/Kartupelu-biezenis-ar-cukgalas-kotleti-un-senu-merci.png","width":500,"height":500},{"@type":"BreadcrumbList","@id":"https:\/\/latpartika.lv\/product\/kartupelu-biezenis-ar-cukgalas-kotleti-un-senu-merci#breadcrumb","itemListElement":[{"@type":"ListItem","position":1,"name":"Home","item":"https:\/\/latpartika.lv\/en\/"},{"@type":"ListItem","position":2,"name":"Products","item":"https:\/\/latpartika.lv\/shop"},{"@type":"ListItem","position":3,"name":"Kartupe\u013cu biezenis ar c\u016bkga\u013cas kotleti un s\u0113\u0146u m\u0113rci"}]},{"@type":"WebSite","@id":"https:\/\/latpartika.lv\/#website","url":"https:\/\/latpartika.lv\/","name":"Latvian food producer","description":"Fresh produce from quality ingredients!","publisher":{"@id":"https:\/\/latpartika.lv\/#organization"},"potentialAction":[{"@type":"SearchAction","target":{"@type":"EntryPoint","urlTemplate":"https:\/\/latpartika.lv\/?s={search_term_string}"},"query-input":{"@type":"PropertyValueSpecification","valueRequired":true,"valueName":"search_term_string"}}],"inLanguage":"en-GB"},{"@type":"Organization","@id":"https:\/\/latpartika.lv\/#organization","name":"Latvian food producer","url":"https:\/\/latpartika.lv\/","logo":{"@type":"ImageObject","inLanguage":"en-GB","@id":"https:\/\/latpartika.lv\/#\/schema\/logo\/image\/","url":"https:\/\/latpartika.lv\/wp-content\/uploads\/2024\/11\/LPR_logo_balts.svg","contentUrl":"https:\/\/latpartika.lv\/wp-content\/uploads\/2024\/11\/LPR_logo_balts.svg","width":425,"height":589,"caption":"Latvijas p\u0101rtikas ra\u017eot\u0101js"},"image":{"@id":"https:\/\/latpartika.lv\/#\/schema\/logo\/image\/"}}]}},"_links":{"self":[{"href":"https:\/\/latpartika.lv\/en\/wp-json\/wp\/v2\/product\/614","targetHints":{"allow":["GET"]}}],"collection":[{"href":"https:\/\/latpartika.lv\/en\/wp-json\/wp\/v2\/product"}],"about":[{"href":"https:\/\/latpartika.lv\/en\/wp-json\/wp\/v2\/types\/product"}],"replies":[{"embeddable":true,"href":"https:\/\/latpartika.lv\/en\/wp-json\/wp\/v2\/comments?post=614"}],"version-history":[{"count":0,"href":"https:\/\/latpartika.lv\/en\/wp-json\/wp\/v2\/product\/614\/revisions"}],"wp:featuredmedia":[{"embeddable":true,"href":"https:\/\/latpartika.lv\/en\/wp-json\/wp\/v2\/media\/615"}],"wp:attachment":[{"href":"https:\/\/latpartika.lv\/en\/wp-json\/wp\/v2\/media?parent=614"}],"wp:term":[{"taxonomy":"product_brand","embeddable":true,"href":"https:\/\/latpartika.lv\/en\/wp-json\/wp\/v2\/product_brand?post=614"},{"taxonomy":"product_cat","embeddable":true,"href":"https:\/\/latpartika.lv\/en\/wp-json\/wp\/v2\/product_cat?post=614"},{"taxonomy":"product_tag","embeddable":true,"href":"https:\/\/latpartika.lv\/en\/wp-json\/wp\/v2\/product_tag?post=614"}],"curies":[{"name":"wp","href":"https:\/\/api.w.org\/{rel}","templated":true}]}}