{"id":618,"date":"2025-01-02T19:34:51","date_gmt":"2025-01-02T19:34:51","guid":{"rendered":"https:\/\/latpartika.lv\/?post_type=product&#038;p=618"},"modified":"2025-01-02T19:36:13","modified_gmt":"2025-01-02T19:36:13","slug":"sweet-and-sour-chicken-wok-with-rice-noodles","status":"publish","type":"product","link":"https:\/\/latpartika.lv\/en\/product\/saldskabais-vistas-wok-ar-risu-nudelem","title":{"rendered":"Sweet and sour chicken WOK with rice noodles"},"content":{"rendered":"<p>Lorem ipsum dolor sit amet, consectetur adipiscing elit. Phasellus quis tempus lacus. Nam fringilla iaculis turpis a dictum. Nam ex nunc, malesuada vel ornare vitae, lacinia maximus lectus. In vel egestas ligula, at pellentesque quam. Integer sit amet consequat libero. Quisque non bibendum odio.<\/p>","protected":false},"excerpt":{"rendered":"<p><strong>Ingredients: <\/strong>cooked rice noodles 35% (water, rice noodles, salt), fresh chicken ham 21%, fresh mushrooms, fresh courgette, frozen green beans, fresh paprika, chilli sauce (water, sugar, red chilli pepper, garlic, salt, thickener (E412), acidity regulator (E260)), <strong><em>soya<\/em><\/strong> sauce (water, <strong><em>soya<\/em><\/strong> beans, <strong><em>Wheat<\/em><\/strong>, salt, alcohol), rapeseed oil, fresh ginger, salt, fresh garlic, sugar, turmeric.<\/p>","protected":false},"featured_media":619,"comment_status":"closed","ping_status":"closed","template":"","meta":[],"product_brand":[],"product_cat":[36,34],"product_tag":[],"class_list":{"0":"post-618","1":"product","2":"type-product","3":"status-publish","4":"has-post-thumbnail","6":"product_cat-pamatedieni","7":"product_cat-produkti","9":"first","10":"instock","11":"shipping-taxable","12":"product-type-simple"},"yoast_head":"<!-- This site is optimized with the Yoast SEO plugin v27.3 - https:\/\/yoast.com\/product\/yoast-seo-wordpress\/ -->\n<title>Saldsk\u0101bais vistas WOK ar r\u012bsu n\u016bdel\u0113m - Latvijas p\u0101rtikas ra\u017eot\u0101js<\/title>\n<meta name=\"robots\" content=\"index, follow, max-snippet:-1, max-image-preview:large, max-video-preview:-1\" \/>\n<link rel=\"canonical\" href=\"https:\/\/latpartika.lv\/en\/product\/sweet-and-sour-chicken-wok-with-rice-noodles\/\" \/>\n<meta property=\"og:locale\" content=\"en_GB\" \/>\n<meta property=\"og:type\" content=\"article\" \/>\n<meta property=\"og:title\" content=\"Saldsk\u0101bais vistas WOK ar r\u012bsu n\u016bdel\u0113m - Latvijas p\u0101rtikas ra\u017eot\u0101js\" \/>\n<meta property=\"og:description\" content=\"Sast\u0101vda\u013cas: v\u0101r\u012btas r\u012bsu n\u016bdeles 35% (\u016bdens, r\u012bsu n\u016bdeles, s\u0101ls), svaigi vistu \u0161\u0137i\u0146\u0137i 21%, svaigi \u0161ampinjoni, svaigs cukini, sald\u0113tas za\u013c\u0101s pupi\u0146as, svaiga paprika, \u010dili m\u0113rce (\u016bdens, cukurs, sarkanie \u010dili pipari, \u0137iploki, s\u0101ls, biezin\u0101t\u0101js (E412), sk\u0101buma regul\u0113t\u0101js (E260)), sojas m\u0113rce (\u016bdens, sojas pupi\u0146as, kvie\u0161i, s\u0101ls, alkohols), rap\u0161u e\u013c\u013ca, svaigs ingvers, s\u0101ls, svaigi \u0137iploki, cukurs, kurkuma.\" \/>\n<meta property=\"og:url\" content=\"https:\/\/latpartika.lv\/en\/product\/sweet-and-sour-chicken-wok-with-rice-noodles\/\" \/>\n<meta property=\"og:site_name\" content=\"Latvijas p\u0101rtikas ra\u017eot\u0101js\" \/>\n<meta property=\"article:modified_time\" content=\"2025-01-02T19:36:13+00:00\" \/>\n<meta property=\"og:image\" content=\"https:\/\/latpartika.lv\/wp-content\/uploads\/2025\/01\/Saldskabais-vistas-wok-ar-risu-nudelem.png\" \/>\n\t<meta property=\"og:image:width\" content=\"500\" \/>\n\t<meta property=\"og:image:height\" content=\"500\" \/>\n\t<meta property=\"og:image:type\" content=\"image\/png\" \/>\n<meta name=\"twitter:card\" content=\"summary_large_image\" \/>\n<script type=\"application\/ld+json\" class=\"yoast-schema-graph\">{\"@context\":\"https:\\\/\\\/schema.org\",\"@graph\":[{\"@type\":\"WebPage\",\"@id\":\"https:\\\/\\\/latpartika.lv\\\/product\\\/saldskabais-vistas-wok-ar-risu-nudelem\",\"url\":\"https:\\\/\\\/latpartika.lv\\\/product\\\/saldskabais-vistas-wok-ar-risu-nudelem\",\"name\":\"Saldsk\u0101bais vistas WOK ar r\u012bsu n\u016bdel\u0113m - Latvijas p\u0101rtikas ra\u017eot\u0101js\",\"isPartOf\":{\"@id\":\"https:\\\/\\\/latpartika.lv\\\/#website\"},\"primaryImageOfPage\":{\"@id\":\"https:\\\/\\\/latpartika.lv\\\/product\\\/saldskabais-vistas-wok-ar-risu-nudelem#primaryimage\"},\"image\":{\"@id\":\"https:\\\/\\\/latpartika.lv\\\/product\\\/saldskabais-vistas-wok-ar-risu-nudelem#primaryimage\"},\"thumbnailUrl\":\"https:\\\/\\\/latpartika.lv\\\/wp-content\\\/uploads\\\/2025\\\/01\\\/Saldskabais-vistas-wok-ar-risu-nudelem.png\",\"datePublished\":\"2025-01-02T19:34:51+00:00\",\"dateModified\":\"2025-01-02T19:36:13+00:00\",\"breadcrumb\":{\"@id\":\"https:\\\/\\\/latpartika.lv\\\/product\\\/saldskabais-vistas-wok-ar-risu-nudelem#breadcrumb\"},\"inLanguage\":\"en-GB\",\"potentialAction\":[{\"@type\":\"ReadAction\",\"target\":[\"https:\\\/\\\/latpartika.lv\\\/product\\\/saldskabais-vistas-wok-ar-risu-nudelem\"]}]},{\"@type\":\"ImageObject\",\"inLanguage\":\"en-GB\",\"@id\":\"https:\\\/\\\/latpartika.lv\\\/product\\\/saldskabais-vistas-wok-ar-risu-nudelem#primaryimage\",\"url\":\"https:\\\/\\\/latpartika.lv\\\/wp-content\\\/uploads\\\/2025\\\/01\\\/Saldskabais-vistas-wok-ar-risu-nudelem.png\",\"contentUrl\":\"https:\\\/\\\/latpartika.lv\\\/wp-content\\\/uploads\\\/2025\\\/01\\\/Saldskabais-vistas-wok-ar-risu-nudelem.png\",\"width\":500,\"height\":500},{\"@type\":\"BreadcrumbList\",\"@id\":\"https:\\\/\\\/latpartika.lv\\\/product\\\/saldskabais-vistas-wok-ar-risu-nudelem#breadcrumb\",\"itemListElement\":[{\"@type\":\"ListItem\",\"position\":1,\"name\":\"Home\",\"item\":\"https:\\\/\\\/latpartika.lv\\\/en\\\/\"},{\"@type\":\"ListItem\",\"position\":2,\"name\":\"Products\",\"item\":\"https:\\\/\\\/latpartika.lv\\\/shop\"},{\"@type\":\"ListItem\",\"position\":3,\"name\":\"Saldsk\u0101bais vistas WOK ar r\u012bsu n\u016bdel\u0113m\"}]},{\"@type\":\"WebSite\",\"@id\":\"https:\\\/\\\/latpartika.lv\\\/#website\",\"url\":\"https:\\\/\\\/latpartika.lv\\\/\",\"name\":\"Latvijas p\u0101rtikas ra\u017eot\u0101js\",\"description\":\"Svaigi produkti no kvalitat\u012bv\u0101m izejviel\u0101m!\",\"publisher\":{\"@id\":\"https:\\\/\\\/latpartika.lv\\\/#organization\"},\"potentialAction\":[{\"@type\":\"SearchAction\",\"target\":{\"@type\":\"EntryPoint\",\"urlTemplate\":\"https:\\\/\\\/latpartika.lv\\\/?s={search_term_string}\"},\"query-input\":{\"@type\":\"PropertyValueSpecification\",\"valueRequired\":true,\"valueName\":\"search_term_string\"}}],\"inLanguage\":\"en-GB\"},{\"@type\":\"Organization\",\"@id\":\"https:\\\/\\\/latpartika.lv\\\/#organization\",\"name\":\"Latvijas p\u0101rtikas ra\u017eot\u0101js\",\"url\":\"https:\\\/\\\/latpartika.lv\\\/\",\"logo\":{\"@type\":\"ImageObject\",\"inLanguage\":\"en-GB\",\"@id\":\"https:\\\/\\\/latpartika.lv\\\/#\\\/schema\\\/logo\\\/image\\\/\",\"url\":\"https:\\\/\\\/latpartika.lv\\\/wp-content\\\/uploads\\\/2024\\\/11\\\/LPR_logo_balts.svg\",\"contentUrl\":\"https:\\\/\\\/latpartika.lv\\\/wp-content\\\/uploads\\\/2024\\\/11\\\/LPR_logo_balts.svg\",\"width\":425,\"height\":589,\"caption\":\"Latvijas p\u0101rtikas ra\u017eot\u0101js\"},\"image\":{\"@id\":\"https:\\\/\\\/latpartika.lv\\\/#\\\/schema\\\/logo\\\/image\\\/\"}}]}<\/script>\n<!-- \/ Yoast SEO plugin. -->","yoast_head_json":{"title":"Sweet and sour chicken WOK with rice noodles - Latvian food producer","robots":{"index":"index","follow":"follow","max-snippet":"max-snippet:-1","max-image-preview":"max-image-preview:large","max-video-preview":"max-video-preview:-1"},"canonical":"https:\/\/latpartika.lv\/en\/product\/sweet-and-sour-chicken-wok-with-rice-noodles\/","og_locale":"en_GB","og_type":"article","og_title":"Saldsk\u0101bais vistas WOK ar r\u012bsu n\u016bdel\u0113m - Latvijas p\u0101rtikas ra\u017eot\u0101js","og_description":"Sast\u0101vda\u013cas: v\u0101r\u012btas r\u012bsu n\u016bdeles 35% (\u016bdens, r\u012bsu n\u016bdeles, s\u0101ls), svaigi vistu \u0161\u0137i\u0146\u0137i 21%, svaigi \u0161ampinjoni, svaigs cukini, sald\u0113tas za\u013c\u0101s pupi\u0146as, svaiga paprika, \u010dili m\u0113rce (\u016bdens, cukurs, sarkanie \u010dili pipari, \u0137iploki, s\u0101ls, biezin\u0101t\u0101js (E412), sk\u0101buma regul\u0113t\u0101js (E260)), sojas m\u0113rce (\u016bdens, sojas pupi\u0146as, kvie\u0161i, s\u0101ls, alkohols), rap\u0161u e\u013c\u013ca, svaigs ingvers, s\u0101ls, svaigi \u0137iploki, cukurs, kurkuma.","og_url":"https:\/\/latpartika.lv\/en\/product\/sweet-and-sour-chicken-wok-with-rice-noodles\/","og_site_name":"Latvijas p\u0101rtikas ra\u017eot\u0101js","article_modified_time":"2025-01-02T19:36:13+00:00","og_image":[{"width":500,"height":500,"url":"https:\/\/latpartika.lv\/wp-content\/uploads\/2025\/01\/Saldskabais-vistas-wok-ar-risu-nudelem.png","type":"image\/png"}],"twitter_card":"summary_large_image","schema":{"@context":"https:\/\/schema.org","@graph":[{"@type":"WebPage","@id":"https:\/\/latpartika.lv\/product\/saldskabais-vistas-wok-ar-risu-nudelem","url":"https:\/\/latpartika.lv\/product\/saldskabais-vistas-wok-ar-risu-nudelem","name":"Sweet and sour chicken WOK with rice noodles - Latvian food producer","isPartOf":{"@id":"https:\/\/latpartika.lv\/#website"},"primaryImageOfPage":{"@id":"https:\/\/latpartika.lv\/product\/saldskabais-vistas-wok-ar-risu-nudelem#primaryimage"},"image":{"@id":"https:\/\/latpartika.lv\/product\/saldskabais-vistas-wok-ar-risu-nudelem#primaryimage"},"thumbnailUrl":"https:\/\/latpartika.lv\/wp-content\/uploads\/2025\/01\/Saldskabais-vistas-wok-ar-risu-nudelem.png","datePublished":"2025-01-02T19:34:51+00:00","dateModified":"2025-01-02T19:36:13+00:00","breadcrumb":{"@id":"https:\/\/latpartika.lv\/product\/saldskabais-vistas-wok-ar-risu-nudelem#breadcrumb"},"inLanguage":"en-GB","potentialAction":[{"@type":"ReadAction","target":["https:\/\/latpartika.lv\/product\/saldskabais-vistas-wok-ar-risu-nudelem"]}]},{"@type":"ImageObject","inLanguage":"en-GB","@id":"https:\/\/latpartika.lv\/product\/saldskabais-vistas-wok-ar-risu-nudelem#primaryimage","url":"https:\/\/latpartika.lv\/wp-content\/uploads\/2025\/01\/Saldskabais-vistas-wok-ar-risu-nudelem.png","contentUrl":"https:\/\/latpartika.lv\/wp-content\/uploads\/2025\/01\/Saldskabais-vistas-wok-ar-risu-nudelem.png","width":500,"height":500},{"@type":"BreadcrumbList","@id":"https:\/\/latpartika.lv\/product\/saldskabais-vistas-wok-ar-risu-nudelem#breadcrumb","itemListElement":[{"@type":"ListItem","position":1,"name":"Home","item":"https:\/\/latpartika.lv\/en\/"},{"@type":"ListItem","position":2,"name":"Products","item":"https:\/\/latpartika.lv\/shop"},{"@type":"ListItem","position":3,"name":"Saldsk\u0101bais vistas WOK ar r\u012bsu n\u016bdel\u0113m"}]},{"@type":"WebSite","@id":"https:\/\/latpartika.lv\/#website","url":"https:\/\/latpartika.lv\/","name":"Latvian food producer","description":"Fresh produce from quality ingredients!","publisher":{"@id":"https:\/\/latpartika.lv\/#organization"},"potentialAction":[{"@type":"SearchAction","target":{"@type":"EntryPoint","urlTemplate":"https:\/\/latpartika.lv\/?s={search_term_string}"},"query-input":{"@type":"PropertyValueSpecification","valueRequired":true,"valueName":"search_term_string"}}],"inLanguage":"en-GB"},{"@type":"Organization","@id":"https:\/\/latpartika.lv\/#organization","name":"Latvian food producer","url":"https:\/\/latpartika.lv\/","logo":{"@type":"ImageObject","inLanguage":"en-GB","@id":"https:\/\/latpartika.lv\/#\/schema\/logo\/image\/","url":"https:\/\/latpartika.lv\/wp-content\/uploads\/2024\/11\/LPR_logo_balts.svg","contentUrl":"https:\/\/latpartika.lv\/wp-content\/uploads\/2024\/11\/LPR_logo_balts.svg","width":425,"height":589,"caption":"Latvijas p\u0101rtikas ra\u017eot\u0101js"},"image":{"@id":"https:\/\/latpartika.lv\/#\/schema\/logo\/image\/"}}]}},"_links":{"self":[{"href":"https:\/\/latpartika.lv\/en\/wp-json\/wp\/v2\/product\/618","targetHints":{"allow":["GET"]}}],"collection":[{"href":"https:\/\/latpartika.lv\/en\/wp-json\/wp\/v2\/product"}],"about":[{"href":"https:\/\/latpartika.lv\/en\/wp-json\/wp\/v2\/types\/product"}],"replies":[{"embeddable":true,"href":"https:\/\/latpartika.lv\/en\/wp-json\/wp\/v2\/comments?post=618"}],"version-history":[{"count":0,"href":"https:\/\/latpartika.lv\/en\/wp-json\/wp\/v2\/product\/618\/revisions"}],"wp:featuredmedia":[{"embeddable":true,"href":"https:\/\/latpartika.lv\/en\/wp-json\/wp\/v2\/media\/619"}],"wp:attachment":[{"href":"https:\/\/latpartika.lv\/en\/wp-json\/wp\/v2\/media?parent=618"}],"wp:term":[{"taxonomy":"product_brand","embeddable":true,"href":"https:\/\/latpartika.lv\/en\/wp-json\/wp\/v2\/product_brand?post=618"},{"taxonomy":"product_cat","embeddable":true,"href":"https:\/\/latpartika.lv\/en\/wp-json\/wp\/v2\/product_cat?post=618"},{"taxonomy":"product_tag","embeddable":true,"href":"https:\/\/latpartika.lv\/en\/wp-json\/wp\/v2\/product_tag?post=618"}],"curies":[{"name":"wp","href":"https:\/\/api.w.org\/{rel}","templated":true}]}}