{"id":622,"date":"2025-01-02T19:36:30","date_gmt":"2025-01-02T19:36:30","guid":{"rendered":"https:\/\/latpartika.lv\/?post_type=product&#038;p=622"},"modified":"2025-01-02T19:37:59","modified_gmt":"2025-01-02T19:37:59","slug":"chicken-cutlets-with-mashed-potatoes-and-tomato-cream-sauce","status":"publish","type":"product","link":"https:\/\/latpartika.lv\/en\/product\/vistas-kotlete-ar-kartupelu-biezeni-un-tomatu-krejuma-merci","title":{"rendered":"Chicken cutlets with mashed potatoes and tomato cream sauce"},"content":{"rendered":"<p>Lorem ipsum dolor sit amet, consectetur adipiscing elit. Phasellus quis tempus lacus. Nam fringilla iaculis turpis a dictum. Nam ex nunc, malesuada vel ornare vitae, lacinia maximus lectus. In vel egestas ligula, at pellentesque quam. Integer sit amet consequat libero. Quisque non bibendum odio.<\/p>","protected":false},"excerpt":{"rendered":"<p><strong>Ingredients: <\/strong>Mashed potatoes 48% (boiled potatoes, <strong><em>milk<\/em><\/strong>, <strong><em>sweet cream<\/em><\/strong> butter (pasteurised <strong><em>cream<\/em><\/strong>), salt), chicken cutlet 27% (chicken cutlet mixture (chicken ham with skin, water, white bread (<strong><em>wheat<\/em><\/strong> flour, water, rapeseed oil, sugar, salt, yeast, raising agent (<strong><em>wheat<\/em><\/strong> leaven (water, <strong><em>wheat<\/em><\/strong> flour, sugar, salt, pur\u00e9e (<strong><em>wheat<\/em><\/strong>)), fried onions (onions, rapeseed oil, salt), salt, baking soda, garlic powder, black pepper), buttermilk (<strong><em>wheat<\/em><\/strong> flour, <strong><em>ooh<\/em><\/strong> mass<strong><em>ooh<\/em><\/strong> white, <strong><em>ooh<\/em><\/strong> yolks, water, acidity regulator (E270), salt, emulsifier (E475)), rapeseed oil), tomato - <strong><em>cream<\/em><\/strong> Sauce 25% (water, rapeseed oil, tomato sauce (water, tomato paste, thickener (modified potato starch), salt, acidity regulators (E330, E260), preservatives (E202, E211), spices (chilli, (E2, E2, E2, E2, E2, E2, E2, E2, E2, E2, E2, E2, E2, E2, E2, E2, E2, E2, E2, E2, E2, E2, E2, E2, E2, E2, E2, E2, E2, E2, E2, E2, E2, E2, E2, E2, E2, E2, E2, E2).<\/p>","protected":false},"featured_media":623,"comment_status":"closed","ping_status":"closed","template":"","meta":[],"product_brand":[],"product_cat":[36,34],"product_tag":[],"class_list":{"0":"post-622","1":"product","2":"type-product","3":"status-publish","4":"has-post-thumbnail","6":"product_cat-pamatedieni","7":"product_cat-produkti","9":"first","10":"instock","11":"shipping-taxable","12":"product-type-simple"},"yoast_head":"<!-- This site is optimized with the Yoast SEO plugin v27.3 - https:\/\/yoast.com\/product\/yoast-seo-wordpress\/ -->\n<title>Vistas kotlete ar kartupe\u013cu biezeni un tom\u0101tu kr\u0113juma m\u0113rci - Latvijas p\u0101rtikas ra\u017eot\u0101js<\/title>\n<meta name=\"robots\" content=\"index, follow, max-snippet:-1, max-image-preview:large, max-video-preview:-1\" \/>\n<link rel=\"canonical\" href=\"https:\/\/latpartika.lv\/en\/product\/chicken-cutlets-with-mashed-potatoes-and-tomato-cream-sauce\/\" \/>\n<meta property=\"og:locale\" content=\"en_GB\" \/>\n<meta property=\"og:type\" content=\"article\" \/>\n<meta property=\"og:title\" content=\"Vistas kotlete ar kartupe\u013cu biezeni un tom\u0101tu kr\u0113juma m\u0113rci - Latvijas p\u0101rtikas ra\u017eot\u0101js\" \/>\n<meta property=\"og:description\" content=\"Sast\u0101vda\u013cas: kartupe\u013cu biezenis 48% (v\u0101r\u012bti kartupe\u013ci, piens, saldkr\u0113juma sviests (pasteriz\u0113ts kr\u0113jums), s\u0101ls), vistas ga\u013cas kotlete 27% (vistas ga\u013cas kotle\u0161u masa (vistas \u0161\u0137i\u0146\u0137i ar \u0101du, \u016bdens, baltmaize (kvie\u0161u milti, \u016bdens, rap\u0161u e\u013c\u013ca, cukurs, s\u0101ls, raugs, uzlabot\u0101js (kvie\u0161u ieraugs (\u016bdens, kvie\u0161u milti, cukurs, s\u0101ls, t\u012brkult\u016bra (kvie\u0161u)), cepti s\u012bpoli (s\u012bpoli, rap\u0161u e\u013c\u013ca, s\u0101ls), s\u0101ls, dzeram\u0101 soda, \u0137iploku pulveris, melnie pipari), pan\u0113jums (kvie\u0161u milti, olu masa (olu baltums, olu dzeltenumus, \u016bdens, sk\u0101buma regul\u0113t\u0101js (E270), s\u0101ls, emulgators (E475)), rap\u0161u e\u013c\u013ca), tom\u0101tu \u2013 kr\u0113juma m\u0113rce 25% (\u016bdens, rap\u0161u e\u013c\u013ca, tom\u0101tu m\u0113rce (\u016bdens, tom\u0101tu pasta, biezin\u0101t\u0101js (modific\u0113ta kartupe\u013cu ciete), s\u0101ls, sk\u0101buma regul\u0113t\u0101ji (E330, E260), konservanti (E202, E211), gar\u0161vielas (\u010dili, melnie pipari, muskatrieksts, smar\u017e\u012bgie pipari, kan\u0113lis, krustnagli\u0146as), tom\u0101tu aromatiz\u0113t\u0101js), kukur\u016bzas ciete, s\u0101ls, \u0137iploki, cukurs, melnie pipari, kalt\u0113ts oregano, kalt\u0113ts baziliks).\" \/>\n<meta property=\"og:url\" content=\"https:\/\/latpartika.lv\/en\/product\/chicken-cutlets-with-mashed-potatoes-and-tomato-cream-sauce\/\" \/>\n<meta property=\"og:site_name\" content=\"Latvijas p\u0101rtikas ra\u017eot\u0101js\" \/>\n<meta property=\"article:modified_time\" content=\"2025-01-02T19:37:59+00:00\" \/>\n<meta property=\"og:image\" content=\"https:\/\/latpartika.lv\/wp-content\/uploads\/2025\/01\/Vistas-kotlete-ar-kartupelu-biezeni-un-tomatu-krejuma-merci.png\" \/>\n\t<meta property=\"og:image:width\" content=\"500\" \/>\n\t<meta property=\"og:image:height\" content=\"500\" \/>\n\t<meta property=\"og:image:type\" content=\"image\/png\" \/>\n<meta name=\"twitter:card\" content=\"summary_large_image\" \/>\n<script type=\"application\/ld+json\" class=\"yoast-schema-graph\">{\"@context\":\"https:\\\/\\\/schema.org\",\"@graph\":[{\"@type\":\"WebPage\",\"@id\":\"https:\\\/\\\/latpartika.lv\\\/product\\\/vistas-kotlete-ar-kartupelu-biezeni-un-tomatu-krejuma-merci\",\"url\":\"https:\\\/\\\/latpartika.lv\\\/product\\\/vistas-kotlete-ar-kartupelu-biezeni-un-tomatu-krejuma-merci\",\"name\":\"Vistas kotlete ar kartupe\u013cu biezeni un tom\u0101tu kr\u0113juma m\u0113rci - Latvijas p\u0101rtikas ra\u017eot\u0101js\",\"isPartOf\":{\"@id\":\"https:\\\/\\\/latpartika.lv\\\/#website\"},\"primaryImageOfPage\":{\"@id\":\"https:\\\/\\\/latpartika.lv\\\/product\\\/vistas-kotlete-ar-kartupelu-biezeni-un-tomatu-krejuma-merci#primaryimage\"},\"image\":{\"@id\":\"https:\\\/\\\/latpartika.lv\\\/product\\\/vistas-kotlete-ar-kartupelu-biezeni-un-tomatu-krejuma-merci#primaryimage\"},\"thumbnailUrl\":\"https:\\\/\\\/latpartika.lv\\\/wp-content\\\/uploads\\\/2025\\\/01\\\/Vistas-kotlete-ar-kartupelu-biezeni-un-tomatu-krejuma-merci.png\",\"datePublished\":\"2025-01-02T19:36:30+00:00\",\"dateModified\":\"2025-01-02T19:37:59+00:00\",\"breadcrumb\":{\"@id\":\"https:\\\/\\\/latpartika.lv\\\/product\\\/vistas-kotlete-ar-kartupelu-biezeni-un-tomatu-krejuma-merci#breadcrumb\"},\"inLanguage\":\"en-GB\",\"potentialAction\":[{\"@type\":\"ReadAction\",\"target\":[\"https:\\\/\\\/latpartika.lv\\\/product\\\/vistas-kotlete-ar-kartupelu-biezeni-un-tomatu-krejuma-merci\"]}]},{\"@type\":\"ImageObject\",\"inLanguage\":\"en-GB\",\"@id\":\"https:\\\/\\\/latpartika.lv\\\/product\\\/vistas-kotlete-ar-kartupelu-biezeni-un-tomatu-krejuma-merci#primaryimage\",\"url\":\"https:\\\/\\\/latpartika.lv\\\/wp-content\\\/uploads\\\/2025\\\/01\\\/Vistas-kotlete-ar-kartupelu-biezeni-un-tomatu-krejuma-merci.png\",\"contentUrl\":\"https:\\\/\\\/latpartika.lv\\\/wp-content\\\/uploads\\\/2025\\\/01\\\/Vistas-kotlete-ar-kartupelu-biezeni-un-tomatu-krejuma-merci.png\",\"width\":500,\"height\":500},{\"@type\":\"BreadcrumbList\",\"@id\":\"https:\\\/\\\/latpartika.lv\\\/product\\\/vistas-kotlete-ar-kartupelu-biezeni-un-tomatu-krejuma-merci#breadcrumb\",\"itemListElement\":[{\"@type\":\"ListItem\",\"position\":1,\"name\":\"Home\",\"item\":\"https:\\\/\\\/latpartika.lv\\\/en\\\/\"},{\"@type\":\"ListItem\",\"position\":2,\"name\":\"Products\",\"item\":\"https:\\\/\\\/latpartika.lv\\\/shop\"},{\"@type\":\"ListItem\",\"position\":3,\"name\":\"Vistas kotlete ar kartupe\u013cu biezeni un tom\u0101tu kr\u0113juma m\u0113rci\"}]},{\"@type\":\"WebSite\",\"@id\":\"https:\\\/\\\/latpartika.lv\\\/#website\",\"url\":\"https:\\\/\\\/latpartika.lv\\\/\",\"name\":\"Latvijas p\u0101rtikas ra\u017eot\u0101js\",\"description\":\"Svaigi produkti no kvalitat\u012bv\u0101m izejviel\u0101m!\",\"publisher\":{\"@id\":\"https:\\\/\\\/latpartika.lv\\\/#organization\"},\"potentialAction\":[{\"@type\":\"SearchAction\",\"target\":{\"@type\":\"EntryPoint\",\"urlTemplate\":\"https:\\\/\\\/latpartika.lv\\\/?s={search_term_string}\"},\"query-input\":{\"@type\":\"PropertyValueSpecification\",\"valueRequired\":true,\"valueName\":\"search_term_string\"}}],\"inLanguage\":\"en-GB\"},{\"@type\":\"Organization\",\"@id\":\"https:\\\/\\\/latpartika.lv\\\/#organization\",\"name\":\"Latvijas p\u0101rtikas ra\u017eot\u0101js\",\"url\":\"https:\\\/\\\/latpartika.lv\\\/\",\"logo\":{\"@type\":\"ImageObject\",\"inLanguage\":\"en-GB\",\"@id\":\"https:\\\/\\\/latpartika.lv\\\/#\\\/schema\\\/logo\\\/image\\\/\",\"url\":\"https:\\\/\\\/latpartika.lv\\\/wp-content\\\/uploads\\\/2024\\\/11\\\/LPR_logo_balts.svg\",\"contentUrl\":\"https:\\\/\\\/latpartika.lv\\\/wp-content\\\/uploads\\\/2024\\\/11\\\/LPR_logo_balts.svg\",\"width\":425,\"height\":589,\"caption\":\"Latvijas p\u0101rtikas ra\u017eot\u0101js\"},\"image\":{\"@id\":\"https:\\\/\\\/latpartika.lv\\\/#\\\/schema\\\/logo\\\/image\\\/\"}}]}<\/script>\n<!-- \/ Yoast SEO plugin. -->","yoast_head_json":{"title":"Chicken cutlet with mashed potatoes and tomato cream sauce - Latvian food producer","robots":{"index":"index","follow":"follow","max-snippet":"max-snippet:-1","max-image-preview":"max-image-preview:large","max-video-preview":"max-video-preview:-1"},"canonical":"https:\/\/latpartika.lv\/en\/product\/chicken-cutlets-with-mashed-potatoes-and-tomato-cream-sauce\/","og_locale":"en_GB","og_type":"article","og_title":"Vistas kotlete ar kartupe\u013cu biezeni un tom\u0101tu kr\u0113juma m\u0113rci - Latvijas p\u0101rtikas ra\u017eot\u0101js","og_description":"Sast\u0101vda\u013cas: kartupe\u013cu biezenis 48% (v\u0101r\u012bti kartupe\u013ci, piens, saldkr\u0113juma sviests (pasteriz\u0113ts kr\u0113jums), s\u0101ls), vistas ga\u013cas kotlete 27% (vistas ga\u013cas kotle\u0161u masa (vistas \u0161\u0137i\u0146\u0137i ar \u0101du, \u016bdens, baltmaize (kvie\u0161u milti, \u016bdens, rap\u0161u e\u013c\u013ca, cukurs, s\u0101ls, raugs, uzlabot\u0101js (kvie\u0161u ieraugs (\u016bdens, kvie\u0161u milti, cukurs, s\u0101ls, t\u012brkult\u016bra (kvie\u0161u)), cepti s\u012bpoli (s\u012bpoli, rap\u0161u e\u013c\u013ca, s\u0101ls), s\u0101ls, dzeram\u0101 soda, \u0137iploku pulveris, melnie pipari), pan\u0113jums (kvie\u0161u milti, olu masa (olu baltums, olu dzeltenumus, \u016bdens, sk\u0101buma regul\u0113t\u0101js (E270), s\u0101ls, emulgators (E475)), rap\u0161u e\u013c\u013ca), tom\u0101tu \u2013 kr\u0113juma m\u0113rce 25% (\u016bdens, rap\u0161u e\u013c\u013ca, tom\u0101tu m\u0113rce (\u016bdens, tom\u0101tu pasta, biezin\u0101t\u0101js (modific\u0113ta kartupe\u013cu ciete), s\u0101ls, sk\u0101buma regul\u0113t\u0101ji (E330, E260), konservanti (E202, E211), gar\u0161vielas (\u010dili, melnie pipari, muskatrieksts, smar\u017e\u012bgie pipari, kan\u0113lis, krustnagli\u0146as), tom\u0101tu aromatiz\u0113t\u0101js), kukur\u016bzas ciete, s\u0101ls, \u0137iploki, cukurs, melnie pipari, kalt\u0113ts oregano, kalt\u0113ts baziliks).","og_url":"https:\/\/latpartika.lv\/en\/product\/chicken-cutlets-with-mashed-potatoes-and-tomato-cream-sauce\/","og_site_name":"Latvijas p\u0101rtikas ra\u017eot\u0101js","article_modified_time":"2025-01-02T19:37:59+00:00","og_image":[{"width":500,"height":500,"url":"https:\/\/latpartika.lv\/wp-content\/uploads\/2025\/01\/Vistas-kotlete-ar-kartupelu-biezeni-un-tomatu-krejuma-merci.png","type":"image\/png"}],"twitter_card":"summary_large_image","schema":{"@context":"https:\/\/schema.org","@graph":[{"@type":"WebPage","@id":"https:\/\/latpartika.lv\/product\/vistas-kotlete-ar-kartupelu-biezeni-un-tomatu-krejuma-merci","url":"https:\/\/latpartika.lv\/product\/vistas-kotlete-ar-kartupelu-biezeni-un-tomatu-krejuma-merci","name":"Chicken cutlet with mashed potatoes and tomato cream sauce - Latvian food producer","isPartOf":{"@id":"https:\/\/latpartika.lv\/#website"},"primaryImageOfPage":{"@id":"https:\/\/latpartika.lv\/product\/vistas-kotlete-ar-kartupelu-biezeni-un-tomatu-krejuma-merci#primaryimage"},"image":{"@id":"https:\/\/latpartika.lv\/product\/vistas-kotlete-ar-kartupelu-biezeni-un-tomatu-krejuma-merci#primaryimage"},"thumbnailUrl":"https:\/\/latpartika.lv\/wp-content\/uploads\/2025\/01\/Vistas-kotlete-ar-kartupelu-biezeni-un-tomatu-krejuma-merci.png","datePublished":"2025-01-02T19:36:30+00:00","dateModified":"2025-01-02T19:37:59+00:00","breadcrumb":{"@id":"https:\/\/latpartika.lv\/product\/vistas-kotlete-ar-kartupelu-biezeni-un-tomatu-krejuma-merci#breadcrumb"},"inLanguage":"en-GB","potentialAction":[{"@type":"ReadAction","target":["https:\/\/latpartika.lv\/product\/vistas-kotlete-ar-kartupelu-biezeni-un-tomatu-krejuma-merci"]}]},{"@type":"ImageObject","inLanguage":"en-GB","@id":"https:\/\/latpartika.lv\/product\/vistas-kotlete-ar-kartupelu-biezeni-un-tomatu-krejuma-merci#primaryimage","url":"https:\/\/latpartika.lv\/wp-content\/uploads\/2025\/01\/Vistas-kotlete-ar-kartupelu-biezeni-un-tomatu-krejuma-merci.png","contentUrl":"https:\/\/latpartika.lv\/wp-content\/uploads\/2025\/01\/Vistas-kotlete-ar-kartupelu-biezeni-un-tomatu-krejuma-merci.png","width":500,"height":500},{"@type":"BreadcrumbList","@id":"https:\/\/latpartika.lv\/product\/vistas-kotlete-ar-kartupelu-biezeni-un-tomatu-krejuma-merci#breadcrumb","itemListElement":[{"@type":"ListItem","position":1,"name":"Home","item":"https:\/\/latpartika.lv\/en\/"},{"@type":"ListItem","position":2,"name":"Products","item":"https:\/\/latpartika.lv\/shop"},{"@type":"ListItem","position":3,"name":"Vistas kotlete ar kartupe\u013cu biezeni un tom\u0101tu kr\u0113juma m\u0113rci"}]},{"@type":"WebSite","@id":"https:\/\/latpartika.lv\/#website","url":"https:\/\/latpartika.lv\/","name":"Latvian food producer","description":"Fresh produce from quality ingredients!","publisher":{"@id":"https:\/\/latpartika.lv\/#organization"},"potentialAction":[{"@type":"SearchAction","target":{"@type":"EntryPoint","urlTemplate":"https:\/\/latpartika.lv\/?s={search_term_string}"},"query-input":{"@type":"PropertyValueSpecification","valueRequired":true,"valueName":"search_term_string"}}],"inLanguage":"en-GB"},{"@type":"Organization","@id":"https:\/\/latpartika.lv\/#organization","name":"Latvian food producer","url":"https:\/\/latpartika.lv\/","logo":{"@type":"ImageObject","inLanguage":"en-GB","@id":"https:\/\/latpartika.lv\/#\/schema\/logo\/image\/","url":"https:\/\/latpartika.lv\/wp-content\/uploads\/2024\/11\/LPR_logo_balts.svg","contentUrl":"https:\/\/latpartika.lv\/wp-content\/uploads\/2024\/11\/LPR_logo_balts.svg","width":425,"height":589,"caption":"Latvijas p\u0101rtikas ra\u017eot\u0101js"},"image":{"@id":"https:\/\/latpartika.lv\/#\/schema\/logo\/image\/"}}]}},"_links":{"self":[{"href":"https:\/\/latpartika.lv\/en\/wp-json\/wp\/v2\/product\/622","targetHints":{"allow":["GET"]}}],"collection":[{"href":"https:\/\/latpartika.lv\/en\/wp-json\/wp\/v2\/product"}],"about":[{"href":"https:\/\/latpartika.lv\/en\/wp-json\/wp\/v2\/types\/product"}],"replies":[{"embeddable":true,"href":"https:\/\/latpartika.lv\/en\/wp-json\/wp\/v2\/comments?post=622"}],"version-history":[{"count":0,"href":"https:\/\/latpartika.lv\/en\/wp-json\/wp\/v2\/product\/622\/revisions"}],"wp:featuredmedia":[{"embeddable":true,"href":"https:\/\/latpartika.lv\/en\/wp-json\/wp\/v2\/media\/623"}],"wp:attachment":[{"href":"https:\/\/latpartika.lv\/en\/wp-json\/wp\/v2\/media?parent=622"}],"wp:term":[{"taxonomy":"product_brand","embeddable":true,"href":"https:\/\/latpartika.lv\/en\/wp-json\/wp\/v2\/product_brand?post=622"},{"taxonomy":"product_cat","embeddable":true,"href":"https:\/\/latpartika.lv\/en\/wp-json\/wp\/v2\/product_cat?post=622"},{"taxonomy":"product_tag","embeddable":true,"href":"https:\/\/latpartika.lv\/en\/wp-json\/wp\/v2\/product_tag?post=622"}],"curies":[{"name":"wp","href":"https:\/\/api.w.org\/{rel}","templated":true}]}}