{"id":626,"date":"2025-01-02T19:38:30","date_gmt":"2025-01-02T19:38:30","guid":{"rendered":"https:\/\/latpartika.lv\/?post_type=product&#038;p=626"},"modified":"2025-01-02T19:40:01","modified_gmt":"2025-01-02T19:40:01","slug":"vista-hoisin-sauce-with-basmati-rice","status":"publish","type":"product","link":"https:\/\/latpartika.lv\/en\/product\/vista-hoisin-merce-ar-basmati-risiem","title":{"rendered":"Vista Hoisin Sauce with Basmati Rice"},"content":{"rendered":"<p>Lorem ipsum dolor sit amet, consectetur adipiscing elit. Phasellus quis tempus lacus. Nam fringilla iaculis turpis a dictum. Nam ex nunc, malesuada vel ornare vitae, lacinia maximus lectus. In vel egestas ligula, at pellentesque quam. Integer sit amet consequat libero. Quisque non bibendum odio.<\/p>","protected":false},"excerpt":{"rendered":"<p><strong>Ingredients: <\/strong>vista<em> Hoisin<\/em> in 55% (<em>Hoisin<\/em> sauce (tomato sauce (tomato puree, water, sugar, salt, modified potato starch, acidity regulator (E260), preservatives (E211, E202), spices (contains garlic, chilli pepper)), fresh carrots, <em>Hoisin<\/em> sauce (sugar, water, fermented <strong><em>soya beans<\/em><\/strong> puree (water, salt, <strong><em>soya<\/em><\/strong> beans,<strong><em> wheat<\/em><\/strong> flour), salt, sweet potato powder, colour (E150A), modified corn starch, dried garlic, <strong><em>Sesame<\/em><\/strong> paste, spices, salted chilli (chilli, salt), acidity regulator (E260)), water, fresh onion, fresh leek, rapeseed oil, sugar, fresh ginger, fresh garlic, chilli flakes, salt), Asian style fried chicken 16% (fresh chicken ham, <strong><em>ooh <\/em><\/strong>mass<strong><em>ooh<\/em><\/strong> white, <strong><em>ooh<\/em><\/strong> yolk, water, acidity regulator (E270), salt, emulsifier (E475)), cornstarch, rapeseed oil, fresh garlic, salt)), cooked <em>Basmati<\/em> Rice 45% (water, rice, rapeseed oil, salt).<\/p>","protected":false},"featured_media":627,"comment_status":"closed","ping_status":"closed","template":"","meta":[],"product_brand":[],"product_cat":[36,34],"product_tag":[],"class_list":{"0":"post-626","1":"product","2":"type-product","3":"status-publish","4":"has-post-thumbnail","6":"product_cat-pamatedieni","7":"product_cat-produkti","9":"first","10":"instock","11":"shipping-taxable","12":"product-type-simple"},"yoast_head":"<!-- This site is optimized with the Yoast SEO plugin v27.3 - https:\/\/yoast.com\/product\/yoast-seo-wordpress\/ -->\n<title>Vista Hoisin m\u0113rc\u0113 ar Basmati r\u012bsiem - Latvijas p\u0101rtikas ra\u017eot\u0101js<\/title>\n<meta name=\"robots\" content=\"index, follow, max-snippet:-1, max-image-preview:large, max-video-preview:-1\" \/>\n<link rel=\"canonical\" href=\"https:\/\/latpartika.lv\/en\/product\/vista-hoisin-sauce-with-basmati-rice\/\" \/>\n<meta property=\"og:locale\" content=\"en_GB\" \/>\n<meta property=\"og:type\" content=\"article\" \/>\n<meta property=\"og:title\" content=\"Vista Hoisin m\u0113rc\u0113 ar Basmati r\u012bsiem - Latvijas p\u0101rtikas ra\u017eot\u0101js\" \/>\n<meta property=\"og:description\" content=\"Sast\u0101vda\u013cas: vista Hoisin m\u0113rc\u0113 55% (Hoisin m\u0113rce (tom\u0101tu m\u0113rce (tom\u0101tu biezenis, \u016bdens, cukurs, s\u0101ls, modific\u0113ta kartupe\u013cu ciete, sk\u0101buma regul\u0113t\u0101js (E260), konservanti (E211, E202), gar\u0161vielas (satur \u0137iplokus, \u010dili piparus)), svaigi burk\u0101ni, Hoisin m\u0113rce (cukurs, \u016bdens, ferment\u0113ts sojas pupi\u0146u biezenis (\u016bdens, s\u0101ls, sojas pupi\u0146as, kvie\u0161u milti), s\u0101ls, saldo kartupe\u013cu pulveris, kr\u0101sviela (E150A), modific\u0113ta kukur\u016bzas ciete, kalt\u0113ts \u0137iploks, sezama pasta, gar\u0161vielas, s\u0101l\u012bti \u010dili (\u010dili, s\u0101ls), sk\u0101buma regul\u0113t\u0101js (E260)), \u016bdens, svaigi s\u012bpoli, svaigi puravi, rap\u0161u e\u013c\u013ca, cukurs, \u00a0svaigs ingvers, svaigi \u0137iploki, \u010dili p\u0101rslas, s\u0101ls), cepta vista \u0100zijas gaum\u0113 16% (svaigi vistu \u0161\u0137i\u0146\u0137i, olu masa (olu baltums, olu dzeltenums, \u016bdens, sk\u0101buma regul\u0113t\u0101js (E270), s\u0101ls, emulgators (E475)), kukur\u016bzas ciete, rap\u0161u e\u013c\u013ca, svaigi \u0137iploki, s\u0101ls)), v\u0101r\u012bti Basmati r\u012bsi 45% (\u016bdens, r\u012bsi, rap\u0161u e\u013c\u013ca, s\u0101ls).\" \/>\n<meta property=\"og:url\" content=\"https:\/\/latpartika.lv\/en\/product\/vista-hoisin-sauce-with-basmati-rice\/\" \/>\n<meta property=\"og:site_name\" content=\"Latvijas p\u0101rtikas ra\u017eot\u0101js\" \/>\n<meta property=\"article:modified_time\" content=\"2025-01-02T19:40:01+00:00\" \/>\n<meta property=\"og:image\" content=\"https:\/\/latpartika.lv\/wp-content\/uploads\/2025\/01\/Vista-hoisin-merce-ar-basmati-risiem.png\" \/>\n\t<meta property=\"og:image:width\" content=\"500\" \/>\n\t<meta property=\"og:image:height\" content=\"500\" \/>\n\t<meta property=\"og:image:type\" content=\"image\/png\" \/>\n<meta name=\"twitter:card\" content=\"summary_large_image\" \/>\n<script type=\"application\/ld+json\" class=\"yoast-schema-graph\">{\"@context\":\"https:\\\/\\\/schema.org\",\"@graph\":[{\"@type\":\"WebPage\",\"@id\":\"https:\\\/\\\/latpartika.lv\\\/product\\\/vista-hoisin-merce-ar-basmati-risiem\",\"url\":\"https:\\\/\\\/latpartika.lv\\\/product\\\/vista-hoisin-merce-ar-basmati-risiem\",\"name\":\"Vista Hoisin m\u0113rc\u0113 ar Basmati r\u012bsiem - Latvijas p\u0101rtikas ra\u017eot\u0101js\",\"isPartOf\":{\"@id\":\"https:\\\/\\\/latpartika.lv\\\/#website\"},\"primaryImageOfPage\":{\"@id\":\"https:\\\/\\\/latpartika.lv\\\/product\\\/vista-hoisin-merce-ar-basmati-risiem#primaryimage\"},\"image\":{\"@id\":\"https:\\\/\\\/latpartika.lv\\\/product\\\/vista-hoisin-merce-ar-basmati-risiem#primaryimage\"},\"thumbnailUrl\":\"https:\\\/\\\/latpartika.lv\\\/wp-content\\\/uploads\\\/2025\\\/01\\\/Vista-hoisin-merce-ar-basmati-risiem.png\",\"datePublished\":\"2025-01-02T19:38:30+00:00\",\"dateModified\":\"2025-01-02T19:40:01+00:00\",\"breadcrumb\":{\"@id\":\"https:\\\/\\\/latpartika.lv\\\/product\\\/vista-hoisin-merce-ar-basmati-risiem#breadcrumb\"},\"inLanguage\":\"en-GB\",\"potentialAction\":[{\"@type\":\"ReadAction\",\"target\":[\"https:\\\/\\\/latpartika.lv\\\/product\\\/vista-hoisin-merce-ar-basmati-risiem\"]}]},{\"@type\":\"ImageObject\",\"inLanguage\":\"en-GB\",\"@id\":\"https:\\\/\\\/latpartika.lv\\\/product\\\/vista-hoisin-merce-ar-basmati-risiem#primaryimage\",\"url\":\"https:\\\/\\\/latpartika.lv\\\/wp-content\\\/uploads\\\/2025\\\/01\\\/Vista-hoisin-merce-ar-basmati-risiem.png\",\"contentUrl\":\"https:\\\/\\\/latpartika.lv\\\/wp-content\\\/uploads\\\/2025\\\/01\\\/Vista-hoisin-merce-ar-basmati-risiem.png\",\"width\":500,\"height\":500},{\"@type\":\"BreadcrumbList\",\"@id\":\"https:\\\/\\\/latpartika.lv\\\/product\\\/vista-hoisin-merce-ar-basmati-risiem#breadcrumb\",\"itemListElement\":[{\"@type\":\"ListItem\",\"position\":1,\"name\":\"Home\",\"item\":\"https:\\\/\\\/latpartika.lv\\\/en\\\/\"},{\"@type\":\"ListItem\",\"position\":2,\"name\":\"Products\",\"item\":\"https:\\\/\\\/latpartika.lv\\\/shop\"},{\"@type\":\"ListItem\",\"position\":3,\"name\":\"Vista Hoisin m\u0113rc\u0113 ar Basmati r\u012bsiem\"}]},{\"@type\":\"WebSite\",\"@id\":\"https:\\\/\\\/latpartika.lv\\\/#website\",\"url\":\"https:\\\/\\\/latpartika.lv\\\/\",\"name\":\"Latvijas p\u0101rtikas ra\u017eot\u0101js\",\"description\":\"Svaigi produkti no kvalitat\u012bv\u0101m izejviel\u0101m!\",\"publisher\":{\"@id\":\"https:\\\/\\\/latpartika.lv\\\/#organization\"},\"potentialAction\":[{\"@type\":\"SearchAction\",\"target\":{\"@type\":\"EntryPoint\",\"urlTemplate\":\"https:\\\/\\\/latpartika.lv\\\/?s={search_term_string}\"},\"query-input\":{\"@type\":\"PropertyValueSpecification\",\"valueRequired\":true,\"valueName\":\"search_term_string\"}}],\"inLanguage\":\"en-GB\"},{\"@type\":\"Organization\",\"@id\":\"https:\\\/\\\/latpartika.lv\\\/#organization\",\"name\":\"Latvijas p\u0101rtikas ra\u017eot\u0101js\",\"url\":\"https:\\\/\\\/latpartika.lv\\\/\",\"logo\":{\"@type\":\"ImageObject\",\"inLanguage\":\"en-GB\",\"@id\":\"https:\\\/\\\/latpartika.lv\\\/#\\\/schema\\\/logo\\\/image\\\/\",\"url\":\"https:\\\/\\\/latpartika.lv\\\/wp-content\\\/uploads\\\/2024\\\/11\\\/LPR_logo_balts.svg\",\"contentUrl\":\"https:\\\/\\\/latpartika.lv\\\/wp-content\\\/uploads\\\/2024\\\/11\\\/LPR_logo_balts.svg\",\"width\":425,\"height\":589,\"caption\":\"Latvijas p\u0101rtikas ra\u017eot\u0101js\"},\"image\":{\"@id\":\"https:\\\/\\\/latpartika.lv\\\/#\\\/schema\\\/logo\\\/image\\\/\"}}]}<\/script>\n<!-- \/ Yoast SEO plugin. -->","yoast_head_json":{"title":"Vista Hoisin Sauce with Basmati Rice - Latvian Food Manufacturer","robots":{"index":"index","follow":"follow","max-snippet":"max-snippet:-1","max-image-preview":"max-image-preview:large","max-video-preview":"max-video-preview:-1"},"canonical":"https:\/\/latpartika.lv\/en\/product\/vista-hoisin-sauce-with-basmati-rice\/","og_locale":"en_GB","og_type":"article","og_title":"Vista Hoisin m\u0113rc\u0113 ar Basmati r\u012bsiem - Latvijas p\u0101rtikas ra\u017eot\u0101js","og_description":"Sast\u0101vda\u013cas: vista Hoisin m\u0113rc\u0113 55% (Hoisin m\u0113rce (tom\u0101tu m\u0113rce (tom\u0101tu biezenis, \u016bdens, cukurs, s\u0101ls, modific\u0113ta kartupe\u013cu ciete, sk\u0101buma regul\u0113t\u0101js (E260), konservanti (E211, E202), gar\u0161vielas (satur \u0137iplokus, \u010dili piparus)), svaigi burk\u0101ni, Hoisin m\u0113rce (cukurs, \u016bdens, ferment\u0113ts sojas pupi\u0146u biezenis (\u016bdens, s\u0101ls, sojas pupi\u0146as, kvie\u0161u milti), s\u0101ls, saldo kartupe\u013cu pulveris, kr\u0101sviela (E150A), modific\u0113ta kukur\u016bzas ciete, kalt\u0113ts \u0137iploks, sezama pasta, gar\u0161vielas, s\u0101l\u012bti \u010dili (\u010dili, s\u0101ls), sk\u0101buma regul\u0113t\u0101js (E260)), \u016bdens, svaigi s\u012bpoli, svaigi puravi, rap\u0161u e\u013c\u013ca, cukurs, \u00a0svaigs ingvers, svaigi \u0137iploki, \u010dili p\u0101rslas, s\u0101ls), cepta vista \u0100zijas gaum\u0113 16% (svaigi vistu \u0161\u0137i\u0146\u0137i, olu masa (olu baltums, olu dzeltenums, \u016bdens, sk\u0101buma regul\u0113t\u0101js (E270), s\u0101ls, emulgators (E475)), kukur\u016bzas ciete, rap\u0161u e\u013c\u013ca, svaigi \u0137iploki, s\u0101ls)), v\u0101r\u012bti Basmati r\u012bsi 45% (\u016bdens, r\u012bsi, rap\u0161u e\u013c\u013ca, s\u0101ls).","og_url":"https:\/\/latpartika.lv\/en\/product\/vista-hoisin-sauce-with-basmati-rice\/","og_site_name":"Latvijas p\u0101rtikas ra\u017eot\u0101js","article_modified_time":"2025-01-02T19:40:01+00:00","og_image":[{"width":500,"height":500,"url":"https:\/\/latpartika.lv\/wp-content\/uploads\/2025\/01\/Vista-hoisin-merce-ar-basmati-risiem.png","type":"image\/png"}],"twitter_card":"summary_large_image","schema":{"@context":"https:\/\/schema.org","@graph":[{"@type":"WebPage","@id":"https:\/\/latpartika.lv\/product\/vista-hoisin-merce-ar-basmati-risiem","url":"https:\/\/latpartika.lv\/product\/vista-hoisin-merce-ar-basmati-risiem","name":"Vista Hoisin Sauce with Basmati Rice - Latvian Food Manufacturer","isPartOf":{"@id":"https:\/\/latpartika.lv\/#website"},"primaryImageOfPage":{"@id":"https:\/\/latpartika.lv\/product\/vista-hoisin-merce-ar-basmati-risiem#primaryimage"},"image":{"@id":"https:\/\/latpartika.lv\/product\/vista-hoisin-merce-ar-basmati-risiem#primaryimage"},"thumbnailUrl":"https:\/\/latpartika.lv\/wp-content\/uploads\/2025\/01\/Vista-hoisin-merce-ar-basmati-risiem.png","datePublished":"2025-01-02T19:38:30+00:00","dateModified":"2025-01-02T19:40:01+00:00","breadcrumb":{"@id":"https:\/\/latpartika.lv\/product\/vista-hoisin-merce-ar-basmati-risiem#breadcrumb"},"inLanguage":"en-GB","potentialAction":[{"@type":"ReadAction","target":["https:\/\/latpartika.lv\/product\/vista-hoisin-merce-ar-basmati-risiem"]}]},{"@type":"ImageObject","inLanguage":"en-GB","@id":"https:\/\/latpartika.lv\/product\/vista-hoisin-merce-ar-basmati-risiem#primaryimage","url":"https:\/\/latpartika.lv\/wp-content\/uploads\/2025\/01\/Vista-hoisin-merce-ar-basmati-risiem.png","contentUrl":"https:\/\/latpartika.lv\/wp-content\/uploads\/2025\/01\/Vista-hoisin-merce-ar-basmati-risiem.png","width":500,"height":500},{"@type":"BreadcrumbList","@id":"https:\/\/latpartika.lv\/product\/vista-hoisin-merce-ar-basmati-risiem#breadcrumb","itemListElement":[{"@type":"ListItem","position":1,"name":"Home","item":"https:\/\/latpartika.lv\/en\/"},{"@type":"ListItem","position":2,"name":"Products","item":"https:\/\/latpartika.lv\/shop"},{"@type":"ListItem","position":3,"name":"Vista Hoisin m\u0113rc\u0113 ar Basmati r\u012bsiem"}]},{"@type":"WebSite","@id":"https:\/\/latpartika.lv\/#website","url":"https:\/\/latpartika.lv\/","name":"Latvian food producer","description":"Fresh produce from quality ingredients!","publisher":{"@id":"https:\/\/latpartika.lv\/#organization"},"potentialAction":[{"@type":"SearchAction","target":{"@type":"EntryPoint","urlTemplate":"https:\/\/latpartika.lv\/?s={search_term_string}"},"query-input":{"@type":"PropertyValueSpecification","valueRequired":true,"valueName":"search_term_string"}}],"inLanguage":"en-GB"},{"@type":"Organization","@id":"https:\/\/latpartika.lv\/#organization","name":"Latvian food producer","url":"https:\/\/latpartika.lv\/","logo":{"@type":"ImageObject","inLanguage":"en-GB","@id":"https:\/\/latpartika.lv\/#\/schema\/logo\/image\/","url":"https:\/\/latpartika.lv\/wp-content\/uploads\/2024\/11\/LPR_logo_balts.svg","contentUrl":"https:\/\/latpartika.lv\/wp-content\/uploads\/2024\/11\/LPR_logo_balts.svg","width":425,"height":589,"caption":"Latvijas p\u0101rtikas ra\u017eot\u0101js"},"image":{"@id":"https:\/\/latpartika.lv\/#\/schema\/logo\/image\/"}}]}},"_links":{"self":[{"href":"https:\/\/latpartika.lv\/en\/wp-json\/wp\/v2\/product\/626","targetHints":{"allow":["GET"]}}],"collection":[{"href":"https:\/\/latpartika.lv\/en\/wp-json\/wp\/v2\/product"}],"about":[{"href":"https:\/\/latpartika.lv\/en\/wp-json\/wp\/v2\/types\/product"}],"replies":[{"embeddable":true,"href":"https:\/\/latpartika.lv\/en\/wp-json\/wp\/v2\/comments?post=626"}],"version-history":[{"count":0,"href":"https:\/\/latpartika.lv\/en\/wp-json\/wp\/v2\/product\/626\/revisions"}],"wp:featuredmedia":[{"embeddable":true,"href":"https:\/\/latpartika.lv\/en\/wp-json\/wp\/v2\/media\/627"}],"wp:attachment":[{"href":"https:\/\/latpartika.lv\/en\/wp-json\/wp\/v2\/media?parent=626"}],"wp:term":[{"taxonomy":"product_brand","embeddable":true,"href":"https:\/\/latpartika.lv\/en\/wp-json\/wp\/v2\/product_brand?post=626"},{"taxonomy":"product_cat","embeddable":true,"href":"https:\/\/latpartika.lv\/en\/wp-json\/wp\/v2\/product_cat?post=626"},{"taxonomy":"product_tag","embeddable":true,"href":"https:\/\/latpartika.lv\/en\/wp-json\/wp\/v2\/product_tag?post=626"}],"curies":[{"name":"wp","href":"https:\/\/api.w.org\/{rel}","templated":true}]}}