{"id":635,"date":"2025-01-02T20:28:13","date_gmt":"2025-01-02T20:28:13","guid":{"rendered":"https:\/\/latpartika.lv\/?post_type=product&#038;p=635"},"modified":"2025-01-02T20:29:44","modified_gmt":"2025-01-02T20:29:44","slug":"seared-beef-pieces-in-a-double-cream-sauce-with-penne-pasta","status":"publish","type":"product","link":"https:\/\/latpartika.lv\/en\/product\/vistas-galas-gabalini-saldkrejuma-merce-ar-pastu-penne","title":{"rendered":"Seared beef pieces in a double cream sauce with Penne pasta"},"content":{"rendered":"<p>Lorem ipsum dolor sit amet, consectetur adipiscing elit. Phasellus quis tempus lacus. Nam fringilla iaculis turpis a dictum. Nam ex nunc, malesuada vel ornare vitae, lacinia maximus lectus. In vel egestas ligula, at pellentesque quam. Integer sit amet consequat libero. Quisque non bibendum odio.<\/p>","protected":false},"excerpt":{"rendered":"<p><strong>Ingredients: <\/strong>chicken pieces <strong><em>sweet cream<\/em><\/strong> in sauce 50% (water, fresh chicken ham, <strong><em>bread roll<\/em><\/strong> un augu tauku mais\u012bjums<strong><em>Pastries<\/em><\/strong>, palm oil, water, modified starch, emulsifier (E435), thickeners (E461, E415), acidity regulator (E331)), frozen green beans, fresh carrots, fresh onions, cornstarch, rapeseed oil, fresh garlic, dry chicken broth (salt, flavour enhancers (E621, E631, E627), starch, maltodextrin, chicken fat, flavouring (contains <strong><em>eggs<\/em><\/strong>), dried chicken, turmeric, antioxidant (extracts of rosemary)), salt, spice mix (turmeric, salt, ground coriander, sweet paprika powder, ground ginger, garlic powder, ground cumin, ground chilli, ground black pepper, rosemary), sugar, ground black pepper), cooked <em>Penne pasta<\/em> 50% (mail (from <strong><em>wheat<\/em><\/strong> flour), water, rapeseed oil, salt)<\/p>","protected":false},"featured_media":636,"comment_status":"closed","ping_status":"closed","template":"","meta":[],"product_brand":[],"product_cat":[36,34],"product_tag":[],"class_list":{"0":"post-635","1":"product","2":"type-product","3":"status-publish","4":"has-post-thumbnail","6":"product_cat-pamatedieni","7":"product_cat-produkti","9":"first","10":"instock","11":"shipping-taxable","12":"product-type-simple"},"yoast_head":"<!-- This site is optimized with the Yoast SEO plugin v27.3 - https:\/\/yoast.com\/product\/yoast-seo-wordpress\/ -->\n<title>Vistas ga\u013cas gabali\u0146i saldkr\u0113juma m\u0113rc\u0113 ar Pastu Penne - Latvijas p\u0101rtikas ra\u017eot\u0101js<\/title>\n<meta name=\"robots\" content=\"index, follow, max-snippet:-1, max-image-preview:large, max-video-preview:-1\" \/>\n<link rel=\"canonical\" href=\"https:\/\/latpartika.lv\/en\/product\/seared-beef-pieces-in-a-double-cream-sauce-with-penne-pasta\/\" \/>\n<meta property=\"og:locale\" content=\"en_GB\" \/>\n<meta property=\"og:type\" content=\"article\" \/>\n<meta property=\"og:title\" content=\"Vistas ga\u013cas gabali\u0146i saldkr\u0113juma m\u0113rc\u0113 ar Pastu Penne - Latvijas p\u0101rtikas ra\u017eot\u0101js\" \/>\n<meta property=\"og:description\" content=\"Sast\u0101vda\u013cas: vistas ga\u013cas gabali\u0146i saldkr\u0113juma m\u0113rc\u0113 50% (\u016bdens, svaigi vistu \u0161\u0137i\u0146\u0137i, pani\u0146u un augu tauku mais\u012bjums (pani\u0146as, palmu e\u013c\u013ca, \u016bdens, modific\u0113ta ciete, emulgators (E435), biezin\u0101t\u0101ji (E461, E415), sk\u0101buma regul\u0113t\u0101js (E331)), sald\u0113tas za\u013c\u0101s pupi\u0146as, svaigi burk\u0101ni, svaigi s\u012bpoli, kukur\u016bzas ciete, rap\u0161u e\u013c\u013ca, svaigi \u0137iploki, \u00a0sausais vistas buljons (s\u0101ls, gar\u0161as pastiprin\u0101t\u0101ji (E621, E631, E627), ciete, maltodekstr\u012bns, vistas tauki, aromatiz\u0113t\u0101ji (satur olas), kalt\u0113ta vistas ga\u013ca, kurkuma, antioksidants (ekstrakti no rozmar\u012bna)), s\u0101ls, gar\u0161vielu mais\u012bjums (kurkuma, s\u0101ls, malts koriandrs, sald\u0101s paprikas pulveris, malts ingvers, \u0137iploku pulveris, maltas \u0137imenes, malts \u010dili, malti melnie pipari, rozmar\u012bns), cukurs, malti melnie pipari), v\u0101r\u012bta Pasta Penne 50% (pasta (no kvie\u0161u miltiem), \u016bdens, rap\u0161u e\u013c\u013ca, s\u0101ls)\" \/>\n<meta property=\"og:url\" content=\"https:\/\/latpartika.lv\/en\/product\/seared-beef-pieces-in-a-double-cream-sauce-with-penne-pasta\/\" \/>\n<meta property=\"og:site_name\" content=\"Latvijas p\u0101rtikas ra\u017eot\u0101js\" \/>\n<meta property=\"article:modified_time\" content=\"2025-01-02T20:29:44+00:00\" \/>\n<meta property=\"og:image\" content=\"https:\/\/latpartika.lv\/wp-content\/uploads\/2025\/01\/Vistas-galas-gabalini-saldkrejuma-merce-ar-pastu-penne.png\" \/>\n\t<meta property=\"og:image:width\" content=\"500\" \/>\n\t<meta property=\"og:image:height\" content=\"500\" \/>\n\t<meta property=\"og:image:type\" content=\"image\/png\" \/>\n<meta name=\"twitter:card\" content=\"summary_large_image\" \/>\n<script type=\"application\/ld+json\" class=\"yoast-schema-graph\">{\"@context\":\"https:\\\/\\\/schema.org\",\"@graph\":[{\"@type\":\"WebPage\",\"@id\":\"https:\\\/\\\/latpartika.lv\\\/product\\\/vistas-galas-gabalini-saldkrejuma-merce-ar-pastu-penne\",\"url\":\"https:\\\/\\\/latpartika.lv\\\/product\\\/vistas-galas-gabalini-saldkrejuma-merce-ar-pastu-penne\",\"name\":\"Vistas ga\u013cas gabali\u0146i saldkr\u0113juma m\u0113rc\u0113 ar Pastu Penne - Latvijas p\u0101rtikas ra\u017eot\u0101js\",\"isPartOf\":{\"@id\":\"https:\\\/\\\/latpartika.lv\\\/#website\"},\"primaryImageOfPage\":{\"@id\":\"https:\\\/\\\/latpartika.lv\\\/product\\\/vistas-galas-gabalini-saldkrejuma-merce-ar-pastu-penne#primaryimage\"},\"image\":{\"@id\":\"https:\\\/\\\/latpartika.lv\\\/product\\\/vistas-galas-gabalini-saldkrejuma-merce-ar-pastu-penne#primaryimage\"},\"thumbnailUrl\":\"https:\\\/\\\/latpartika.lv\\\/wp-content\\\/uploads\\\/2025\\\/01\\\/Vistas-galas-gabalini-saldkrejuma-merce-ar-pastu-penne.png\",\"datePublished\":\"2025-01-02T20:28:13+00:00\",\"dateModified\":\"2025-01-02T20:29:44+00:00\",\"breadcrumb\":{\"@id\":\"https:\\\/\\\/latpartika.lv\\\/product\\\/vistas-galas-gabalini-saldkrejuma-merce-ar-pastu-penne#breadcrumb\"},\"inLanguage\":\"en-GB\",\"potentialAction\":[{\"@type\":\"ReadAction\",\"target\":[\"https:\\\/\\\/latpartika.lv\\\/product\\\/vistas-galas-gabalini-saldkrejuma-merce-ar-pastu-penne\"]}]},{\"@type\":\"ImageObject\",\"inLanguage\":\"en-GB\",\"@id\":\"https:\\\/\\\/latpartika.lv\\\/product\\\/vistas-galas-gabalini-saldkrejuma-merce-ar-pastu-penne#primaryimage\",\"url\":\"https:\\\/\\\/latpartika.lv\\\/wp-content\\\/uploads\\\/2025\\\/01\\\/Vistas-galas-gabalini-saldkrejuma-merce-ar-pastu-penne.png\",\"contentUrl\":\"https:\\\/\\\/latpartika.lv\\\/wp-content\\\/uploads\\\/2025\\\/01\\\/Vistas-galas-gabalini-saldkrejuma-merce-ar-pastu-penne.png\",\"width\":500,\"height\":500},{\"@type\":\"BreadcrumbList\",\"@id\":\"https:\\\/\\\/latpartika.lv\\\/product\\\/vistas-galas-gabalini-saldkrejuma-merce-ar-pastu-penne#breadcrumb\",\"itemListElement\":[{\"@type\":\"ListItem\",\"position\":1,\"name\":\"Home\",\"item\":\"https:\\\/\\\/latpartika.lv\\\/en\\\/\"},{\"@type\":\"ListItem\",\"position\":2,\"name\":\"Products\",\"item\":\"https:\\\/\\\/latpartika.lv\\\/shop\"},{\"@type\":\"ListItem\",\"position\":3,\"name\":\"Vistas ga\u013cas gabali\u0146i saldkr\u0113juma m\u0113rc\u0113 ar Pastu Penne\"}]},{\"@type\":\"WebSite\",\"@id\":\"https:\\\/\\\/latpartika.lv\\\/#website\",\"url\":\"https:\\\/\\\/latpartika.lv\\\/\",\"name\":\"Latvijas p\u0101rtikas ra\u017eot\u0101js\",\"description\":\"Svaigi produkti no kvalitat\u012bv\u0101m izejviel\u0101m!\",\"publisher\":{\"@id\":\"https:\\\/\\\/latpartika.lv\\\/#organization\"},\"potentialAction\":[{\"@type\":\"SearchAction\",\"target\":{\"@type\":\"EntryPoint\",\"urlTemplate\":\"https:\\\/\\\/latpartika.lv\\\/?s={search_term_string}\"},\"query-input\":{\"@type\":\"PropertyValueSpecification\",\"valueRequired\":true,\"valueName\":\"search_term_string\"}}],\"inLanguage\":\"en-GB\"},{\"@type\":\"Organization\",\"@id\":\"https:\\\/\\\/latpartika.lv\\\/#organization\",\"name\":\"Latvijas p\u0101rtikas ra\u017eot\u0101js\",\"url\":\"https:\\\/\\\/latpartika.lv\\\/\",\"logo\":{\"@type\":\"ImageObject\",\"inLanguage\":\"en-GB\",\"@id\":\"https:\\\/\\\/latpartika.lv\\\/#\\\/schema\\\/logo\\\/image\\\/\",\"url\":\"https:\\\/\\\/latpartika.lv\\\/wp-content\\\/uploads\\\/2024\\\/11\\\/LPR_logo_balts.svg\",\"contentUrl\":\"https:\\\/\\\/latpartika.lv\\\/wp-content\\\/uploads\\\/2024\\\/11\\\/LPR_logo_balts.svg\",\"width\":425,\"height\":589,\"caption\":\"Latvijas p\u0101rtikas ra\u017eot\u0101js\"},\"image\":{\"@id\":\"https:\\\/\\\/latpartika.lv\\\/#\\\/schema\\\/logo\\\/image\\\/\"}}]}<\/script>\n<!-- \/ Yoast SEO plugin. -->","yoast_head_json":{"title":"Chicken Pieces in Sweet Cream Sauce with Pasta Penne - Latvian Food Manufacturer","robots":{"index":"index","follow":"follow","max-snippet":"max-snippet:-1","max-image-preview":"max-image-preview:large","max-video-preview":"max-video-preview:-1"},"canonical":"https:\/\/latpartika.lv\/en\/product\/seared-beef-pieces-in-a-double-cream-sauce-with-penne-pasta\/","og_locale":"en_GB","og_type":"article","og_title":"Vistas ga\u013cas gabali\u0146i saldkr\u0113juma m\u0113rc\u0113 ar Pastu Penne - Latvijas p\u0101rtikas ra\u017eot\u0101js","og_description":"Sast\u0101vda\u013cas: vistas ga\u013cas gabali\u0146i saldkr\u0113juma m\u0113rc\u0113 50% (\u016bdens, svaigi vistu \u0161\u0137i\u0146\u0137i, pani\u0146u un augu tauku mais\u012bjums (pani\u0146as, palmu e\u013c\u013ca, \u016bdens, modific\u0113ta ciete, emulgators (E435), biezin\u0101t\u0101ji (E461, E415), sk\u0101buma regul\u0113t\u0101js (E331)), sald\u0113tas za\u013c\u0101s pupi\u0146as, svaigi burk\u0101ni, svaigi s\u012bpoli, kukur\u016bzas ciete, rap\u0161u e\u013c\u013ca, svaigi \u0137iploki, \u00a0sausais vistas buljons (s\u0101ls, gar\u0161as pastiprin\u0101t\u0101ji (E621, E631, E627), ciete, maltodekstr\u012bns, vistas tauki, aromatiz\u0113t\u0101ji (satur olas), kalt\u0113ta vistas ga\u013ca, kurkuma, antioksidants (ekstrakti no rozmar\u012bna)), s\u0101ls, gar\u0161vielu mais\u012bjums (kurkuma, s\u0101ls, malts koriandrs, sald\u0101s paprikas pulveris, malts ingvers, \u0137iploku pulveris, maltas \u0137imenes, malts \u010dili, malti melnie pipari, rozmar\u012bns), cukurs, malti melnie pipari), v\u0101r\u012bta Pasta Penne 50% (pasta (no kvie\u0161u miltiem), \u016bdens, rap\u0161u e\u013c\u013ca, s\u0101ls)","og_url":"https:\/\/latpartika.lv\/en\/product\/seared-beef-pieces-in-a-double-cream-sauce-with-penne-pasta\/","og_site_name":"Latvijas p\u0101rtikas ra\u017eot\u0101js","article_modified_time":"2025-01-02T20:29:44+00:00","og_image":[{"width":500,"height":500,"url":"https:\/\/latpartika.lv\/wp-content\/uploads\/2025\/01\/Vistas-galas-gabalini-saldkrejuma-merce-ar-pastu-penne.png","type":"image\/png"}],"twitter_card":"summary_large_image","schema":{"@context":"https:\/\/schema.org","@graph":[{"@type":"WebPage","@id":"https:\/\/latpartika.lv\/product\/vistas-galas-gabalini-saldkrejuma-merce-ar-pastu-penne","url":"https:\/\/latpartika.lv\/product\/vistas-galas-gabalini-saldkrejuma-merce-ar-pastu-penne","name":"Chicken Pieces in Sweet Cream Sauce with Pasta Penne - Latvian Food Manufacturer","isPartOf":{"@id":"https:\/\/latpartika.lv\/#website"},"primaryImageOfPage":{"@id":"https:\/\/latpartika.lv\/product\/vistas-galas-gabalini-saldkrejuma-merce-ar-pastu-penne#primaryimage"},"image":{"@id":"https:\/\/latpartika.lv\/product\/vistas-galas-gabalini-saldkrejuma-merce-ar-pastu-penne#primaryimage"},"thumbnailUrl":"https:\/\/latpartika.lv\/wp-content\/uploads\/2025\/01\/Vistas-galas-gabalini-saldkrejuma-merce-ar-pastu-penne.png","datePublished":"2025-01-02T20:28:13+00:00","dateModified":"2025-01-02T20:29:44+00:00","breadcrumb":{"@id":"https:\/\/latpartika.lv\/product\/vistas-galas-gabalini-saldkrejuma-merce-ar-pastu-penne#breadcrumb"},"inLanguage":"en-GB","potentialAction":[{"@type":"ReadAction","target":["https:\/\/latpartika.lv\/product\/vistas-galas-gabalini-saldkrejuma-merce-ar-pastu-penne"]}]},{"@type":"ImageObject","inLanguage":"en-GB","@id":"https:\/\/latpartika.lv\/product\/vistas-galas-gabalini-saldkrejuma-merce-ar-pastu-penne#primaryimage","url":"https:\/\/latpartika.lv\/wp-content\/uploads\/2025\/01\/Vistas-galas-gabalini-saldkrejuma-merce-ar-pastu-penne.png","contentUrl":"https:\/\/latpartika.lv\/wp-content\/uploads\/2025\/01\/Vistas-galas-gabalini-saldkrejuma-merce-ar-pastu-penne.png","width":500,"height":500},{"@type":"BreadcrumbList","@id":"https:\/\/latpartika.lv\/product\/vistas-galas-gabalini-saldkrejuma-merce-ar-pastu-penne#breadcrumb","itemListElement":[{"@type":"ListItem","position":1,"name":"Home","item":"https:\/\/latpartika.lv\/en\/"},{"@type":"ListItem","position":2,"name":"Products","item":"https:\/\/latpartika.lv\/shop"},{"@type":"ListItem","position":3,"name":"Vistas ga\u013cas gabali\u0146i saldkr\u0113juma m\u0113rc\u0113 ar Pastu Penne"}]},{"@type":"WebSite","@id":"https:\/\/latpartika.lv\/#website","url":"https:\/\/latpartika.lv\/","name":"Latvian food producer","description":"Fresh produce from quality ingredients!","publisher":{"@id":"https:\/\/latpartika.lv\/#organization"},"potentialAction":[{"@type":"SearchAction","target":{"@type":"EntryPoint","urlTemplate":"https:\/\/latpartika.lv\/?s={search_term_string}"},"query-input":{"@type":"PropertyValueSpecification","valueRequired":true,"valueName":"search_term_string"}}],"inLanguage":"en-GB"},{"@type":"Organization","@id":"https:\/\/latpartika.lv\/#organization","name":"Latvian food producer","url":"https:\/\/latpartika.lv\/","logo":{"@type":"ImageObject","inLanguage":"en-GB","@id":"https:\/\/latpartika.lv\/#\/schema\/logo\/image\/","url":"https:\/\/latpartika.lv\/wp-content\/uploads\/2024\/11\/LPR_logo_balts.svg","contentUrl":"https:\/\/latpartika.lv\/wp-content\/uploads\/2024\/11\/LPR_logo_balts.svg","width":425,"height":589,"caption":"Latvijas p\u0101rtikas ra\u017eot\u0101js"},"image":{"@id":"https:\/\/latpartika.lv\/#\/schema\/logo\/image\/"}}]}},"_links":{"self":[{"href":"https:\/\/latpartika.lv\/en\/wp-json\/wp\/v2\/product\/635","targetHints":{"allow":["GET"]}}],"collection":[{"href":"https:\/\/latpartika.lv\/en\/wp-json\/wp\/v2\/product"}],"about":[{"href":"https:\/\/latpartika.lv\/en\/wp-json\/wp\/v2\/types\/product"}],"replies":[{"embeddable":true,"href":"https:\/\/latpartika.lv\/en\/wp-json\/wp\/v2\/comments?post=635"}],"version-history":[{"count":0,"href":"https:\/\/latpartika.lv\/en\/wp-json\/wp\/v2\/product\/635\/revisions"}],"wp:featuredmedia":[{"embeddable":true,"href":"https:\/\/latpartika.lv\/en\/wp-json\/wp\/v2\/media\/636"}],"wp:attachment":[{"href":"https:\/\/latpartika.lv\/en\/wp-json\/wp\/v2\/media?parent=635"}],"wp:term":[{"taxonomy":"product_brand","embeddable":true,"href":"https:\/\/latpartika.lv\/en\/wp-json\/wp\/v2\/product_brand?post=635"},{"taxonomy":"product_cat","embeddable":true,"href":"https:\/\/latpartika.lv\/en\/wp-json\/wp\/v2\/product_cat?post=635"},{"taxonomy":"product_tag","embeddable":true,"href":"https:\/\/latpartika.lv\/en\/wp-json\/wp\/v2\/product_tag?post=635"}],"curies":[{"name":"wp","href":"https:\/\/api.w.org\/{rel}","templated":true}]}}