{"id":639,"date":"2025-01-02T20:30:22","date_gmt":"2025-01-02T20:30:22","guid":{"rendered":"https:\/\/latpartika.lv\/?post_type=product&#038;p=639"},"modified":"2025-01-02T20:32:00","modified_gmt":"2025-01-02T20:32:00","slug":"pork-stew-with-pearl-barley-and-vegetables","status":"publish","type":"product","link":"https:\/\/latpartika.lv\/en\/product\/vistas-giross-ar-perlu-grubam-un-darzeniem","title":{"rendered":"Pork stew with pearl barley and vegetables"},"content":{"rendered":"<p>Lorem ipsum dolor sit amet, consectetur adipiscing elit. Phasellus quis tempus lacus. Nam fringilla iaculis turpis a dictum. Nam ex nunc, malesuada vel ornare vitae, lacinia maximus lectus. In vel egestas ligula, at pellentesque quam. Integer sit amet consequat libero. Quisque non bibendum odio.<\/p>","protected":false},"excerpt":{"rendered":"<p><strong>Ingredients: <\/strong>boiled pearl barley with vegetables 76% (boiled pearl barley 49% (water, pearl barley (from <strong><em>wheat<\/em><\/strong> grains), salt), fresh carrots 22%, fresh courgettes 9%, fresh leeks 9%, rapeseed oil, sweet chilli sauce (water, sugar, red chilli pepper, garlic, salt, thickener (E412), acidity regulator (E260)), garlic, salt, turmeric, ground black pepper), marinated chicken ham in herbs 24% (chicken ham 90%, rapeseed oil, fresh basil, fresh garlic, salt, sugar).<\/p>","protected":false},"featured_media":640,"comment_status":"closed","ping_status":"closed","template":"","meta":[],"product_brand":[],"product_cat":[36,34],"product_tag":[],"class_list":{"0":"post-639","1":"product","2":"type-product","3":"status-publish","4":"has-post-thumbnail","6":"product_cat-pamatedieni","7":"product_cat-produkti","9":"first","10":"instock","11":"shipping-taxable","12":"product-type-simple"},"yoast_head":"<!-- This site is optimized with the Yoast SEO plugin v27.3 - https:\/\/yoast.com\/product\/yoast-seo-wordpress\/ -->\n<title>Vistas giross ar p\u0113r\u013cu gr\u016bb\u0101m un d\u0101rze\u0146iem - Latvijas p\u0101rtikas ra\u017eot\u0101js<\/title>\n<meta name=\"robots\" content=\"index, follow, max-snippet:-1, max-image-preview:large, max-video-preview:-1\" \/>\n<link rel=\"canonical\" href=\"https:\/\/latpartika.lv\/en\/product\/pork-stew-with-pearl-barley-and-vegetables\/\" \/>\n<meta property=\"og:locale\" content=\"en_GB\" \/>\n<meta property=\"og:type\" content=\"article\" \/>\n<meta property=\"og:title\" content=\"Vistas giross ar p\u0113r\u013cu gr\u016bb\u0101m un d\u0101rze\u0146iem - Latvijas p\u0101rtikas ra\u017eot\u0101js\" \/>\n<meta property=\"og:description\" content=\"Sast\u0101vda\u013cas: v\u0101r\u012btas p\u0113r\u013cu gr\u016bbas ar d\u0101rze\u0146iem 76% (v\u0101r\u012btas p\u0113r\u013cu gr\u016bbas 49% (\u016bdens, p\u0113r\u013cu gr\u016bbas (no kvie\u0161u graudiem), s\u0101ls), svaigi burk\u0101ni 22%, svaigs cuk\u012bni 9%, svaigi puravi 9%, rap\u0161u e\u013c\u013ca, sald\u0101 \u010dili m\u0113rce (\u016bdens, cukurs, sarkanie \u010dili pipari, \u0137iploki, s\u0101ls, biezin\u0101t\u0101js (E412), sk\u0101buma regul\u0113t\u0101js (E260)), \u0137iploki, s\u0101ls, kurkuma, malti melnie pipari), marin\u0113ts vistas \u0161\u0137i\u0146\u0137is za\u013cumos 24% (vistas \u0161\u0137i\u0146\u0137is 90%, rap\u0161u e\u013c\u013ca, svaigs baziliks, svaigi \u0137iploki, s\u0101ls, cukurs).\" \/>\n<meta property=\"og:url\" content=\"https:\/\/latpartika.lv\/en\/product\/pork-stew-with-pearl-barley-and-vegetables\/\" \/>\n<meta property=\"og:site_name\" content=\"Latvijas p\u0101rtikas ra\u017eot\u0101js\" \/>\n<meta property=\"article:modified_time\" content=\"2025-01-02T20:32:00+00:00\" \/>\n<meta property=\"og:image\" content=\"https:\/\/latpartika.lv\/wp-content\/uploads\/2025\/01\/Vistas-giross-ar-perlu-grubam-un-darzeniem.png\" \/>\n\t<meta property=\"og:image:width\" content=\"500\" \/>\n\t<meta property=\"og:image:height\" content=\"500\" \/>\n\t<meta property=\"og:image:type\" content=\"image\/png\" \/>\n<meta name=\"twitter:card\" content=\"summary_large_image\" \/>\n<script type=\"application\/ld+json\" class=\"yoast-schema-graph\">{\"@context\":\"https:\\\/\\\/schema.org\",\"@graph\":[{\"@type\":\"WebPage\",\"@id\":\"https:\\\/\\\/latpartika.lv\\\/product\\\/vistas-giross-ar-perlu-grubam-un-darzeniem\",\"url\":\"https:\\\/\\\/latpartika.lv\\\/product\\\/vistas-giross-ar-perlu-grubam-un-darzeniem\",\"name\":\"Vistas giross ar p\u0113r\u013cu gr\u016bb\u0101m un d\u0101rze\u0146iem - Latvijas p\u0101rtikas ra\u017eot\u0101js\",\"isPartOf\":{\"@id\":\"https:\\\/\\\/latpartika.lv\\\/#website\"},\"primaryImageOfPage\":{\"@id\":\"https:\\\/\\\/latpartika.lv\\\/product\\\/vistas-giross-ar-perlu-grubam-un-darzeniem#primaryimage\"},\"image\":{\"@id\":\"https:\\\/\\\/latpartika.lv\\\/product\\\/vistas-giross-ar-perlu-grubam-un-darzeniem#primaryimage\"},\"thumbnailUrl\":\"https:\\\/\\\/latpartika.lv\\\/wp-content\\\/uploads\\\/2025\\\/01\\\/Vistas-giross-ar-perlu-grubam-un-darzeniem.png\",\"datePublished\":\"2025-01-02T20:30:22+00:00\",\"dateModified\":\"2025-01-02T20:32:00+00:00\",\"breadcrumb\":{\"@id\":\"https:\\\/\\\/latpartika.lv\\\/product\\\/vistas-giross-ar-perlu-grubam-un-darzeniem#breadcrumb\"},\"inLanguage\":\"en-GB\",\"potentialAction\":[{\"@type\":\"ReadAction\",\"target\":[\"https:\\\/\\\/latpartika.lv\\\/product\\\/vistas-giross-ar-perlu-grubam-un-darzeniem\"]}]},{\"@type\":\"ImageObject\",\"inLanguage\":\"en-GB\",\"@id\":\"https:\\\/\\\/latpartika.lv\\\/product\\\/vistas-giross-ar-perlu-grubam-un-darzeniem#primaryimage\",\"url\":\"https:\\\/\\\/latpartika.lv\\\/wp-content\\\/uploads\\\/2025\\\/01\\\/Vistas-giross-ar-perlu-grubam-un-darzeniem.png\",\"contentUrl\":\"https:\\\/\\\/latpartika.lv\\\/wp-content\\\/uploads\\\/2025\\\/01\\\/Vistas-giross-ar-perlu-grubam-un-darzeniem.png\",\"width\":500,\"height\":500},{\"@type\":\"BreadcrumbList\",\"@id\":\"https:\\\/\\\/latpartika.lv\\\/product\\\/vistas-giross-ar-perlu-grubam-un-darzeniem#breadcrumb\",\"itemListElement\":[{\"@type\":\"ListItem\",\"position\":1,\"name\":\"Home\",\"item\":\"https:\\\/\\\/latpartika.lv\\\/en\\\/\"},{\"@type\":\"ListItem\",\"position\":2,\"name\":\"Products\",\"item\":\"https:\\\/\\\/latpartika.lv\\\/shop\"},{\"@type\":\"ListItem\",\"position\":3,\"name\":\"Vistas giross ar p\u0113r\u013cu gr\u016bb\u0101m un d\u0101rze\u0146iem\"}]},{\"@type\":\"WebSite\",\"@id\":\"https:\\\/\\\/latpartika.lv\\\/#website\",\"url\":\"https:\\\/\\\/latpartika.lv\\\/\",\"name\":\"Latvijas p\u0101rtikas ra\u017eot\u0101js\",\"description\":\"Svaigi produkti no kvalitat\u012bv\u0101m izejviel\u0101m!\",\"publisher\":{\"@id\":\"https:\\\/\\\/latpartika.lv\\\/#organization\"},\"potentialAction\":[{\"@type\":\"SearchAction\",\"target\":{\"@type\":\"EntryPoint\",\"urlTemplate\":\"https:\\\/\\\/latpartika.lv\\\/?s={search_term_string}\"},\"query-input\":{\"@type\":\"PropertyValueSpecification\",\"valueRequired\":true,\"valueName\":\"search_term_string\"}}],\"inLanguage\":\"en-GB\"},{\"@type\":\"Organization\",\"@id\":\"https:\\\/\\\/latpartika.lv\\\/#organization\",\"name\":\"Latvijas p\u0101rtikas ra\u017eot\u0101js\",\"url\":\"https:\\\/\\\/latpartika.lv\\\/\",\"logo\":{\"@type\":\"ImageObject\",\"inLanguage\":\"en-GB\",\"@id\":\"https:\\\/\\\/latpartika.lv\\\/#\\\/schema\\\/logo\\\/image\\\/\",\"url\":\"https:\\\/\\\/latpartika.lv\\\/wp-content\\\/uploads\\\/2024\\\/11\\\/LPR_logo_balts.svg\",\"contentUrl\":\"https:\\\/\\\/latpartika.lv\\\/wp-content\\\/uploads\\\/2024\\\/11\\\/LPR_logo_balts.svg\",\"width\":425,\"height\":589,\"caption\":\"Latvijas p\u0101rtikas ra\u017eot\u0101js\"},\"image\":{\"@id\":\"https:\\\/\\\/latpartika.lv\\\/#\\\/schema\\\/logo\\\/image\\\/\"}}]}<\/script>\n<!-- \/ Yoast SEO plugin. -->","yoast_head_json":{"title":"Chicken giross with pearl barley and vegetables - Latvian food producer","robots":{"index":"index","follow":"follow","max-snippet":"max-snippet:-1","max-image-preview":"max-image-preview:large","max-video-preview":"max-video-preview:-1"},"canonical":"https:\/\/latpartika.lv\/en\/product\/pork-stew-with-pearl-barley-and-vegetables\/","og_locale":"en_GB","og_type":"article","og_title":"Vistas giross ar p\u0113r\u013cu gr\u016bb\u0101m un d\u0101rze\u0146iem - Latvijas p\u0101rtikas ra\u017eot\u0101js","og_description":"Sast\u0101vda\u013cas: v\u0101r\u012btas p\u0113r\u013cu gr\u016bbas ar d\u0101rze\u0146iem 76% (v\u0101r\u012btas p\u0113r\u013cu gr\u016bbas 49% (\u016bdens, p\u0113r\u013cu gr\u016bbas (no kvie\u0161u graudiem), s\u0101ls), svaigi burk\u0101ni 22%, svaigs cuk\u012bni 9%, svaigi puravi 9%, rap\u0161u e\u013c\u013ca, sald\u0101 \u010dili m\u0113rce (\u016bdens, cukurs, sarkanie \u010dili pipari, \u0137iploki, s\u0101ls, biezin\u0101t\u0101js (E412), sk\u0101buma regul\u0113t\u0101js (E260)), \u0137iploki, s\u0101ls, kurkuma, malti melnie pipari), marin\u0113ts vistas \u0161\u0137i\u0146\u0137is za\u013cumos 24% (vistas \u0161\u0137i\u0146\u0137is 90%, rap\u0161u e\u013c\u013ca, svaigs baziliks, svaigi \u0137iploki, s\u0101ls, cukurs).","og_url":"https:\/\/latpartika.lv\/en\/product\/pork-stew-with-pearl-barley-and-vegetables\/","og_site_name":"Latvijas p\u0101rtikas ra\u017eot\u0101js","article_modified_time":"2025-01-02T20:32:00+00:00","og_image":[{"width":500,"height":500,"url":"https:\/\/latpartika.lv\/wp-content\/uploads\/2025\/01\/Vistas-giross-ar-perlu-grubam-un-darzeniem.png","type":"image\/png"}],"twitter_card":"summary_large_image","schema":{"@context":"https:\/\/schema.org","@graph":[{"@type":"WebPage","@id":"https:\/\/latpartika.lv\/product\/vistas-giross-ar-perlu-grubam-un-darzeniem","url":"https:\/\/latpartika.lv\/product\/vistas-giross-ar-perlu-grubam-un-darzeniem","name":"Chicken giross with pearl barley and vegetables - Latvian food producer","isPartOf":{"@id":"https:\/\/latpartika.lv\/#website"},"primaryImageOfPage":{"@id":"https:\/\/latpartika.lv\/product\/vistas-giross-ar-perlu-grubam-un-darzeniem#primaryimage"},"image":{"@id":"https:\/\/latpartika.lv\/product\/vistas-giross-ar-perlu-grubam-un-darzeniem#primaryimage"},"thumbnailUrl":"https:\/\/latpartika.lv\/wp-content\/uploads\/2025\/01\/Vistas-giross-ar-perlu-grubam-un-darzeniem.png","datePublished":"2025-01-02T20:30:22+00:00","dateModified":"2025-01-02T20:32:00+00:00","breadcrumb":{"@id":"https:\/\/latpartika.lv\/product\/vistas-giross-ar-perlu-grubam-un-darzeniem#breadcrumb"},"inLanguage":"en-GB","potentialAction":[{"@type":"ReadAction","target":["https:\/\/latpartika.lv\/product\/vistas-giross-ar-perlu-grubam-un-darzeniem"]}]},{"@type":"ImageObject","inLanguage":"en-GB","@id":"https:\/\/latpartika.lv\/product\/vistas-giross-ar-perlu-grubam-un-darzeniem#primaryimage","url":"https:\/\/latpartika.lv\/wp-content\/uploads\/2025\/01\/Vistas-giross-ar-perlu-grubam-un-darzeniem.png","contentUrl":"https:\/\/latpartika.lv\/wp-content\/uploads\/2025\/01\/Vistas-giross-ar-perlu-grubam-un-darzeniem.png","width":500,"height":500},{"@type":"BreadcrumbList","@id":"https:\/\/latpartika.lv\/product\/vistas-giross-ar-perlu-grubam-un-darzeniem#breadcrumb","itemListElement":[{"@type":"ListItem","position":1,"name":"Home","item":"https:\/\/latpartika.lv\/en\/"},{"@type":"ListItem","position":2,"name":"Products","item":"https:\/\/latpartika.lv\/shop"},{"@type":"ListItem","position":3,"name":"Vistas giross ar p\u0113r\u013cu gr\u016bb\u0101m un d\u0101rze\u0146iem"}]},{"@type":"WebSite","@id":"https:\/\/latpartika.lv\/#website","url":"https:\/\/latpartika.lv\/","name":"Latvian food producer","description":"Fresh produce from quality ingredients!","publisher":{"@id":"https:\/\/latpartika.lv\/#organization"},"potentialAction":[{"@type":"SearchAction","target":{"@type":"EntryPoint","urlTemplate":"https:\/\/latpartika.lv\/?s={search_term_string}"},"query-input":{"@type":"PropertyValueSpecification","valueRequired":true,"valueName":"search_term_string"}}],"inLanguage":"en-GB"},{"@type":"Organization","@id":"https:\/\/latpartika.lv\/#organization","name":"Latvian food producer","url":"https:\/\/latpartika.lv\/","logo":{"@type":"ImageObject","inLanguage":"en-GB","@id":"https:\/\/latpartika.lv\/#\/schema\/logo\/image\/","url":"https:\/\/latpartika.lv\/wp-content\/uploads\/2024\/11\/LPR_logo_balts.svg","contentUrl":"https:\/\/latpartika.lv\/wp-content\/uploads\/2024\/11\/LPR_logo_balts.svg","width":425,"height":589,"caption":"Latvijas p\u0101rtikas ra\u017eot\u0101js"},"image":{"@id":"https:\/\/latpartika.lv\/#\/schema\/logo\/image\/"}}]}},"_links":{"self":[{"href":"https:\/\/latpartika.lv\/en\/wp-json\/wp\/v2\/product\/639","targetHints":{"allow":["GET"]}}],"collection":[{"href":"https:\/\/latpartika.lv\/en\/wp-json\/wp\/v2\/product"}],"about":[{"href":"https:\/\/latpartika.lv\/en\/wp-json\/wp\/v2\/types\/product"}],"replies":[{"embeddable":true,"href":"https:\/\/latpartika.lv\/en\/wp-json\/wp\/v2\/comments?post=639"}],"version-history":[{"count":0,"href":"https:\/\/latpartika.lv\/en\/wp-json\/wp\/v2\/product\/639\/revisions"}],"wp:featuredmedia":[{"embeddable":true,"href":"https:\/\/latpartika.lv\/en\/wp-json\/wp\/v2\/media\/640"}],"wp:attachment":[{"href":"https:\/\/latpartika.lv\/en\/wp-json\/wp\/v2\/media?parent=639"}],"wp:term":[{"taxonomy":"product_brand","embeddable":true,"href":"https:\/\/latpartika.lv\/en\/wp-json\/wp\/v2\/product_brand?post=639"},{"taxonomy":"product_cat","embeddable":true,"href":"https:\/\/latpartika.lv\/en\/wp-json\/wp\/v2\/product_cat?post=639"},{"taxonomy":"product_tag","embeddable":true,"href":"https:\/\/latpartika.lv\/en\/wp-json\/wp\/v2\/product_tag?post=639"}],"curies":[{"name":"wp","href":"https:\/\/api.w.org\/{rel}","templated":true}]}}