{"id":643,"date":"2025-01-02T20:32:15","date_gmt":"2025-01-02T20:32:15","guid":{"rendered":"https:\/\/latpartika.lv\/?post_type=product&#038;p=643"},"modified":"2025-01-02T20:33:38","modified_gmt":"2025-01-02T20:33:38","slug":"chicken-pilaf","status":"publish","type":"product","link":"https:\/\/latpartika.lv\/en\/product\/plovs-ar-vistas-galu","title":{"rendered":"Chicken pilaf"},"content":{"rendered":"<p>Lorem ipsum dolor sit amet, consectetur adipiscing elit. Phasellus quis tempus lacus. Nam fringilla iaculis turpis a dictum. Nam ex nunc, malesuada vel ornare vitae, lacinia maximus lectus. In vel egestas ligula, at pellentesque quam. Integer sit amet consequat libero. Quisque non bibendum odio.<\/p>","protected":false},"excerpt":{"rendered":"<p><strong>Ingredients: <\/strong>cooked rice 65% (water, rice, salt), fresh chicken ham 14%, fresh carrots, fresh onions, rapeseed oil, fresh garlic, dry chicken broth (salt, flavour enhancers (E621,E631,E628), starch, maltodextrin, chicken fat, flavouring (contains <strong><em>eggs<\/em><\/strong>), dried chicken meat, turmeric, antioxidant (rosemary extract), salt, fresh chilli pepper, ground black pepper, turmeric, ground cumin.<\/p>\n<p>The product may contain<strong><em> gluten, milk,<\/em> <em>celery, soya, sesame,<\/em> <em>fish, mustard, peanuts, nuts, sulphur dioxide and sulphites, crustaceans<\/em><\/strong> product particles.<\/p>","protected":false},"featured_media":644,"comment_status":"closed","ping_status":"closed","template":"","meta":[],"product_brand":[],"product_cat":[36,34],"product_tag":[],"class_list":{"0":"post-643","1":"product","2":"type-product","3":"status-publish","4":"has-post-thumbnail","6":"product_cat-pamatedieni","7":"product_cat-produkti","9":"first","10":"instock","11":"shipping-taxable","12":"product-type-simple"},"yoast_head":"<!-- This site is optimized with the Yoast SEO plugin v27.3 - https:\/\/yoast.com\/product\/yoast-seo-wordpress\/ -->\n<title>Plovs ar vistas ga\u013cu - Latvijas p\u0101rtikas ra\u017eot\u0101js<\/title>\n<meta name=\"robots\" content=\"index, follow, max-snippet:-1, max-image-preview:large, max-video-preview:-1\" \/>\n<link rel=\"canonical\" href=\"https:\/\/latpartika.lv\/en\/product\/pilaf-with-chicken-end\" \/>\n<meta property=\"og:locale\" content=\"en_GB\" \/>\n<meta property=\"og:type\" content=\"article\" \/>\n<meta property=\"og:title\" content=\"Plovs ar vistas ga\u013cu - Latvijas p\u0101rtikas ra\u017eot\u0101js\" \/>\n<meta property=\"og:description\" content=\"Sast\u0101vda\u013cas: v\u0101r\u012bti r\u012bsi 65% (\u016bdens, r\u012bsi, s\u0101ls), svaigi vistu \u0161\u0137i\u0146\u0137i 14%, svaigi burk\u0101ni, svaigi s\u012bpoli, rap\u0161u e\u013c\u013ca, svaigi \u0137iploki, , sausais vistas buljons (s\u0101ls, gar\u0161as pastiprin\u0101t\u0101ji (E621,E631,E628), ciete, maltodekstr\u012bns, vistas tauki, aromatiz\u0113t\u0101js (satur olas), \u017e\u0101v\u0113ta vistas ga\u013ca, kurkuma, antioksidants (ekstrakts no rozmar\u012bna), s\u0101ls, svaigi \u010dili pipari, malti melnie pipari, kurkuma, malts kum\u012bns.  Produkts var satur\u0113t lipek\u013ca, piena, seleriju, sojas, sezama, zivju, sinepju, zemesriekstu, riekstu, s\u0113ra dioks\u012bda un sulf\u012btu, v\u0113\u017eveid\u012bgo produktu da\u013ci\u0146as.\" \/>\n<meta property=\"og:url\" content=\"https:\/\/latpartika.lv\/en\/product\/pilaf-with-chicken-end\" \/>\n<meta property=\"og:site_name\" content=\"Latvijas p\u0101rtikas ra\u017eot\u0101js\" \/>\n<meta property=\"article:modified_time\" content=\"2025-01-02T20:33:38+00:00\" \/>\n<meta property=\"og:image\" content=\"https:\/\/latpartika.lv\/wp-content\/uploads\/2025\/01\/Plovs-ar-vistas-galu.png\" \/>\n\t<meta property=\"og:image:width\" content=\"500\" \/>\n\t<meta property=\"og:image:height\" content=\"500\" \/>\n\t<meta property=\"og:image:type\" content=\"image\/png\" \/>\n<meta name=\"twitter:card\" content=\"summary_large_image\" \/>\n<script type=\"application\/ld+json\" class=\"yoast-schema-graph\">{\"@context\":\"https:\\\/\\\/schema.org\",\"@graph\":[{\"@type\":\"WebPage\",\"@id\":\"https:\\\/\\\/latpartika.lv\\\/en\\\/product\\\/pilaf-with-chicken-end\",\"url\":\"https:\\\/\\\/latpartika.lv\\\/en\\\/product\\\/pilaf-with-chicken-end\",\"name\":\"Plovs ar vistas ga\u013cu - Latvijas p\u0101rtikas ra\u017eot\u0101js\",\"isPartOf\":{\"@id\":\"https:\\\/\\\/latpartika.lv\\\/#website\"},\"primaryImageOfPage\":{\"@id\":\"https:\\\/\\\/latpartika.lv\\\/en\\\/product\\\/pilaf-with-chicken-end#primaryimage\"},\"image\":{\"@id\":\"https:\\\/\\\/latpartika.lv\\\/en\\\/product\\\/pilaf-with-chicken-end#primaryimage\"},\"thumbnailUrl\":\"https:\\\/\\\/latpartika.lv\\\/wp-content\\\/uploads\\\/2025\\\/01\\\/Plovs-ar-vistas-galu.png\",\"datePublished\":\"2025-01-02T20:32:15+00:00\",\"dateModified\":\"2025-01-02T20:33:38+00:00\",\"breadcrumb\":{\"@id\":\"https:\\\/\\\/latpartika.lv\\\/en\\\/product\\\/pilaf-with-chicken-end#breadcrumb\"},\"inLanguage\":\"en-GB\",\"potentialAction\":[{\"@type\":\"ReadAction\",\"target\":[\"https:\\\/\\\/latpartika.lv\\\/en\\\/product\\\/pilaf-with-chicken-end\"]}]},{\"@type\":\"ImageObject\",\"inLanguage\":\"en-GB\",\"@id\":\"https:\\\/\\\/latpartika.lv\\\/en\\\/product\\\/pilaf-with-chicken-end#primaryimage\",\"url\":\"https:\\\/\\\/latpartika.lv\\\/wp-content\\\/uploads\\\/2025\\\/01\\\/Plovs-ar-vistas-galu.png\",\"contentUrl\":\"https:\\\/\\\/latpartika.lv\\\/wp-content\\\/uploads\\\/2025\\\/01\\\/Plovs-ar-vistas-galu.png\",\"width\":500,\"height\":500},{\"@type\":\"BreadcrumbList\",\"@id\":\"https:\\\/\\\/latpartika.lv\\\/en\\\/product\\\/pilaf-with-chicken-end#breadcrumb\",\"itemListElement\":[{\"@type\":\"ListItem\",\"position\":1,\"name\":\"Home\",\"item\":\"https:\\\/\\\/latpartika.lv\\\/en\\\/\"},{\"@type\":\"ListItem\",\"position\":2,\"name\":\"Products\",\"item\":\"https:\\\/\\\/latpartika.lv\\\/shop\"},{\"@type\":\"ListItem\",\"position\":3,\"name\":\"Plovs ar vistas ga\u013cu\"}]},{\"@type\":\"WebSite\",\"@id\":\"https:\\\/\\\/latpartika.lv\\\/#website\",\"url\":\"https:\\\/\\\/latpartika.lv\\\/\",\"name\":\"Latvijas p\u0101rtikas ra\u017eot\u0101js\",\"description\":\"Svaigi produkti no kvalitat\u012bv\u0101m izejviel\u0101m!\",\"publisher\":{\"@id\":\"https:\\\/\\\/latpartika.lv\\\/#organization\"},\"potentialAction\":[{\"@type\":\"SearchAction\",\"target\":{\"@type\":\"EntryPoint\",\"urlTemplate\":\"https:\\\/\\\/latpartika.lv\\\/?s={search_term_string}\"},\"query-input\":{\"@type\":\"PropertyValueSpecification\",\"valueRequired\":true,\"valueName\":\"search_term_string\"}}],\"inLanguage\":\"en-GB\"},{\"@type\":\"Organization\",\"@id\":\"https:\\\/\\\/latpartika.lv\\\/#organization\",\"name\":\"Latvijas p\u0101rtikas ra\u017eot\u0101js\",\"url\":\"https:\\\/\\\/latpartika.lv\\\/\",\"logo\":{\"@type\":\"ImageObject\",\"inLanguage\":\"en-GB\",\"@id\":\"https:\\\/\\\/latpartika.lv\\\/#\\\/schema\\\/logo\\\/image\\\/\",\"url\":\"https:\\\/\\\/latpartika.lv\\\/wp-content\\\/uploads\\\/2024\\\/11\\\/LPR_logo_balts.svg\",\"contentUrl\":\"https:\\\/\\\/latpartika.lv\\\/wp-content\\\/uploads\\\/2024\\\/11\\\/LPR_logo_balts.svg\",\"width\":425,\"height\":589,\"caption\":\"Latvijas p\u0101rtikas ra\u017eot\u0101js\"},\"image\":{\"@id\":\"https:\\\/\\\/latpartika.lv\\\/#\\\/schema\\\/logo\\\/image\\\/\"}}]}<\/script>\n<!-- \/ Yoast SEO plugin. -->","yoast_head_json":{"title":"Plov with chicken - Latvian food producer","robots":{"index":"index","follow":"follow","max-snippet":"max-snippet:-1","max-image-preview":"max-image-preview:large","max-video-preview":"max-video-preview:-1"},"canonical":"https:\/\/latpartika.lv\/en\/product\/pilaf-with-chicken-end","og_locale":"en_GB","og_type":"article","og_title":"Plovs ar vistas ga\u013cu - Latvijas p\u0101rtikas ra\u017eot\u0101js","og_description":"Sast\u0101vda\u013cas: v\u0101r\u012bti r\u012bsi 65% (\u016bdens, r\u012bsi, s\u0101ls), svaigi vistu \u0161\u0137i\u0146\u0137i 14%, svaigi burk\u0101ni, svaigi s\u012bpoli, rap\u0161u e\u013c\u013ca, svaigi \u0137iploki, , sausais vistas buljons (s\u0101ls, gar\u0161as pastiprin\u0101t\u0101ji (E621,E631,E628), ciete, maltodekstr\u012bns, vistas tauki, aromatiz\u0113t\u0101js (satur olas), \u017e\u0101v\u0113ta vistas ga\u013ca, kurkuma, antioksidants (ekstrakts no rozmar\u012bna), s\u0101ls, svaigi \u010dili pipari, malti melnie pipari, kurkuma, malts kum\u012bns.  Produkts var satur\u0113t lipek\u013ca, piena, seleriju, sojas, sezama, zivju, sinepju, zemesriekstu, riekstu, s\u0113ra dioks\u012bda un sulf\u012btu, v\u0113\u017eveid\u012bgo produktu da\u013ci\u0146as.","og_url":"https:\/\/latpartika.lv\/en\/product\/pilaf-with-chicken-end","og_site_name":"Latvijas p\u0101rtikas ra\u017eot\u0101js","article_modified_time":"2025-01-02T20:33:38+00:00","og_image":[{"width":500,"height":500,"url":"https:\/\/latpartika.lv\/wp-content\/uploads\/2025\/01\/Plovs-ar-vistas-galu.png","type":"image\/png"}],"twitter_card":"summary_large_image","schema":{"@context":"https:\/\/schema.org","@graph":[{"@type":"WebPage","@id":"https:\/\/latpartika.lv\/en\/product\/pilaf-with-chicken-end","url":"https:\/\/latpartika.lv\/en\/product\/pilaf-with-chicken-end","name":"Plov with chicken - Latvian food producer","isPartOf":{"@id":"https:\/\/latpartika.lv\/#website"},"primaryImageOfPage":{"@id":"https:\/\/latpartika.lv\/en\/product\/pilaf-with-chicken-end#primaryimage"},"image":{"@id":"https:\/\/latpartika.lv\/en\/product\/pilaf-with-chicken-end#primaryimage"},"thumbnailUrl":"https:\/\/latpartika.lv\/wp-content\/uploads\/2025\/01\/Plovs-ar-vistas-galu.png","datePublished":"2025-01-02T20:32:15+00:00","dateModified":"2025-01-02T20:33:38+00:00","breadcrumb":{"@id":"https:\/\/latpartika.lv\/en\/product\/pilaf-with-chicken-end#breadcrumb"},"inLanguage":"en-GB","potentialAction":[{"@type":"ReadAction","target":["https:\/\/latpartika.lv\/en\/product\/pilaf-with-chicken-end"]}]},{"@type":"ImageObject","inLanguage":"en-GB","@id":"https:\/\/latpartika.lv\/en\/product\/pilaf-with-chicken-end#primaryimage","url":"https:\/\/latpartika.lv\/wp-content\/uploads\/2025\/01\/Plovs-ar-vistas-galu.png","contentUrl":"https:\/\/latpartika.lv\/wp-content\/uploads\/2025\/01\/Plovs-ar-vistas-galu.png","width":500,"height":500},{"@type":"BreadcrumbList","@id":"https:\/\/latpartika.lv\/en\/product\/pilaf-with-chicken-end#breadcrumb","itemListElement":[{"@type":"ListItem","position":1,"name":"Home","item":"https:\/\/latpartika.lv\/en\/"},{"@type":"ListItem","position":2,"name":"Products","item":"https:\/\/latpartika.lv\/shop"},{"@type":"ListItem","position":3,"name":"Plovs ar vistas ga\u013cu"}]},{"@type":"WebSite","@id":"https:\/\/latpartika.lv\/#website","url":"https:\/\/latpartika.lv\/","name":"Latvian food producer","description":"Fresh produce from quality ingredients!","publisher":{"@id":"https:\/\/latpartika.lv\/#organization"},"potentialAction":[{"@type":"SearchAction","target":{"@type":"EntryPoint","urlTemplate":"https:\/\/latpartika.lv\/?s={search_term_string}"},"query-input":{"@type":"PropertyValueSpecification","valueRequired":true,"valueName":"search_term_string"}}],"inLanguage":"en-GB"},{"@type":"Organization","@id":"https:\/\/latpartika.lv\/#organization","name":"Latvian food producer","url":"https:\/\/latpartika.lv\/","logo":{"@type":"ImageObject","inLanguage":"en-GB","@id":"https:\/\/latpartika.lv\/#\/schema\/logo\/image\/","url":"https:\/\/latpartika.lv\/wp-content\/uploads\/2024\/11\/LPR_logo_balts.svg","contentUrl":"https:\/\/latpartika.lv\/wp-content\/uploads\/2024\/11\/LPR_logo_balts.svg","width":425,"height":589,"caption":"Latvijas p\u0101rtikas ra\u017eot\u0101js"},"image":{"@id":"https:\/\/latpartika.lv\/#\/schema\/logo\/image\/"}}]}},"_links":{"self":[{"href":"https:\/\/latpartika.lv\/en\/wp-json\/wp\/v2\/product\/643","targetHints":{"allow":["GET"]}}],"collection":[{"href":"https:\/\/latpartika.lv\/en\/wp-json\/wp\/v2\/product"}],"about":[{"href":"https:\/\/latpartika.lv\/en\/wp-json\/wp\/v2\/types\/product"}],"replies":[{"embeddable":true,"href":"https:\/\/latpartika.lv\/en\/wp-json\/wp\/v2\/comments?post=643"}],"version-history":[{"count":0,"href":"https:\/\/latpartika.lv\/en\/wp-json\/wp\/v2\/product\/643\/revisions"}],"wp:featuredmedia":[{"embeddable":true,"href":"https:\/\/latpartika.lv\/en\/wp-json\/wp\/v2\/media\/644"}],"wp:attachment":[{"href":"https:\/\/latpartika.lv\/en\/wp-json\/wp\/v2\/media?parent=643"}],"wp:term":[{"taxonomy":"product_brand","embeddable":true,"href":"https:\/\/latpartika.lv\/en\/wp-json\/wp\/v2\/product_brand?post=643"},{"taxonomy":"product_cat","embeddable":true,"href":"https:\/\/latpartika.lv\/en\/wp-json\/wp\/v2\/product_cat?post=643"},{"taxonomy":"product_tag","embeddable":true,"href":"https:\/\/latpartika.lv\/en\/wp-json\/wp\/v2\/product_tag?post=643"}],"curies":[{"name":"wp","href":"https:\/\/api.w.org\/{rel}","templated":true}]}}