{"id":647,"date":"2025-01-02T20:33:50","date_gmt":"2025-01-02T20:33:50","guid":{"rendered":"https:\/\/latpartika.lv\/?post_type=product&#038;p=647"},"modified":"2025-01-02T20:35:12","modified_gmt":"2025-01-02T20:35:12","slug":"potato-pancakes-with-mushroom-sauce","status":"publish","type":"product","link":"https:\/\/latpartika.lv\/en\/product\/kartupelu-pankukas-ar-senu-merci","title":{"rendered":"Potato pancakes with mushroom sauce"},"content":{"rendered":"<p>Lorem ipsum dolor sit amet, consectetur adipiscing elit. Phasellus quis tempus lacus. Nam fringilla iaculis turpis a dictum. Nam ex nunc, malesuada vel ornare vitae, lacinia maximus lectus. In vel egestas ligula, at pellentesque quam. Integer sit amet consequat libero. Quisque non bibendum odio.<\/p>","protected":false},"excerpt":{"rendered":"<p><strong>Ingredients: <\/strong>potato pancakes 73%(potatoes fresh 73% , <strong><em>wheat<\/em><\/strong> mayonnaise, (rapeseed oil, water, <strong><em>ooh<\/em><\/strong> dust, <strong><em>Buttermilk<\/em><\/strong> Powder, sugar, modified starch, salt, acidity regulators (E260, E270), thickeners (E412, E415), preservatives (E202, E211), flavouring, colour (E160a)), rapeseed oil, <strong><em>ooh<\/em><\/strong> mass<strong><em>ooh<\/em><\/strong> white, <strong><em>ooh<\/em><\/strong> ochre, water, acidity regulator (E270), salt, emulsifier (E475)), spice mix (dried carrot granules, dried parsnip, dried onion granules, potato starch, dried garlic granules, dried parsley, ground turmeric, dried dill, dried chives, anti-caking agent (rapeseed oil), ground ginger, ground black pepper, salt), mushroom sauce 27% (water, <strong><em>bread roll<\/em><\/strong> un augu tauku mais\u012bjums<strong><em>Pastries<\/em><\/strong>, palm oil, water, modified starch, emulsifier (E435), thickeners (E461, E415), acidity regulator (E331)), fresh mushrooms 23%, fresh onions, corn starch, rapeseed oil, mushroom stock (salt, flavour enhancers (E621, E631, E627), <strong><em>Lactose<\/em><\/strong>, palm oil, yeast extract, maltodextrin, corn starch, mushroom juice concentrate, dried porcini mushrooms, fructose, <strong><em>soya<\/em><\/strong> sauce (contains <strong><em>Soju<\/em><\/strong>, <strong><em>wheat<\/em><\/strong>), flavourings, colour (E150c), acidity regulator (E330)), salt, black pepper, bicarbonate of soda, oregano)<\/p>","protected":false},"featured_media":648,"comment_status":"closed","ping_status":"closed","template":"","meta":[],"product_brand":[],"product_cat":[36,34],"product_tag":[],"class_list":{"0":"post-647","1":"product","2":"type-product","3":"status-publish","4":"has-post-thumbnail","6":"product_cat-pamatedieni","7":"product_cat-produkti","9":"first","10":"instock","11":"shipping-taxable","12":"product-type-simple"},"yoast_head":"<!-- This site is optimized with the Yoast SEO plugin v27.3 - https:\/\/yoast.com\/product\/yoast-seo-wordpress\/ -->\n<title>Kartupe\u013cu pank\u016bkas ar s\u0113\u0146u m\u0113rci - Latvijas p\u0101rtikas ra\u017eot\u0101js<\/title>\n<meta name=\"robots\" content=\"index, follow, max-snippet:-1, max-image-preview:large, max-video-preview:-1\" \/>\n<link rel=\"canonical\" href=\"https:\/\/latpartika.lv\/en\/product\/potato-pancakes-with-mushroom-sauce\/\" \/>\n<meta property=\"og:locale\" content=\"en_GB\" \/>\n<meta property=\"og:type\" content=\"article\" \/>\n<meta property=\"og:title\" content=\"Kartupe\u013cu pank\u016bkas ar s\u0113\u0146u m\u0113rci - Latvijas p\u0101rtikas ra\u017eot\u0101js\" \/>\n<meta property=\"og:description\" content=\"Sast\u0101vda\u013cas: kartupe\u013cu pank\u016bkas 73% (kartupe\u013ci svaigi 73%, kvie\u0161u milti, majon\u0113ze (rap\u0161u e\u013c\u013ca, \u016bdens, olu pulveris, v\u0101jpiena pulveris, cukurs, modific\u0113ta ciete, s\u0101ls, sk\u0101buma regul\u0113t\u0101ji (E260, E270), biezin\u0101t\u0101ji (E412, E415), konservanti (E202, E211), aromatiz\u0113t\u0101js, kr\u0101sviela (E160a)), rap\u0161u e\u013c\u013ca, olu masa (olu baltums, olu dzeltenums, \u016bdens, sk\u0101buma regul\u0113t\u0101js (E270), s\u0101ls, emulgators (E475)), gar\u0161vielu mais\u012bjums (kalt\u0113tas burk\u0101nu granulas, kalt\u0113ts pastinaks, kalt\u0113tas s\u012bpolu granulas, kartupe\u013cu ciete, kalt\u0113tas \u0137iploku granulas, kalt\u0113ti p\u0113ters\u012b\u013ci, malta kurkuma, kalt\u0113tas dilles, kalt\u0113ti maurloki, pretsalipes viela (rap\u0161u e\u013c\u013ca), ingvera pulveris, malti melnie pipari), s\u0101ls), s\u0113\u0146u m\u0113rce 27% (\u016bdens, pani\u0146u un augu tauku mais\u012bjums (pani\u0146as, palmu e\u013c\u013ca, \u016bdens, modific\u0113ta ciete, emulgators (E435), biezin\u0101t\u0101ji (E461, E415), sk\u0101buma regul\u0113t\u0101js (E331)), svaigi \u0161ampinjoni 23%, svaigi s\u012bpoli, kukur\u016bzas ciete, rap\u0161u e\u013c\u013ca, s\u0113\u0146u buljons (s\u0101ls, gar\u0161as pastiprin\u0101t\u0101ji (E621, E631, E627), laktoze, palmu tauki, rauga ekstakts, maltodekstr\u012bns, kukur\u016bzas ciete, \u0161ampinjonu sulas koncentr\u0101ts, \u017eav\u0113tas baravikas, fruktoze, sojas m\u0113rce (satur soju, kvie\u0161us), aromatiz\u0113t\u0101ji, kr\u0101sviela (E150c), sk\u0101buma regul\u0113t\u0101js (E330)), s\u0101ls, malti melnie pipari, dzeram\u0101 soda, oregano)\" \/>\n<meta property=\"og:url\" content=\"https:\/\/latpartika.lv\/en\/product\/potato-pancakes-with-mushroom-sauce\/\" \/>\n<meta property=\"og:site_name\" content=\"Latvijas p\u0101rtikas ra\u017eot\u0101js\" \/>\n<meta property=\"article:modified_time\" content=\"2025-01-02T20:35:12+00:00\" \/>\n<meta property=\"og:image\" content=\"https:\/\/latpartika.lv\/wp-content\/uploads\/2025\/01\/Kartupelu-pankukas-ar-senu-merci.png\" \/>\n\t<meta property=\"og:image:width\" content=\"500\" \/>\n\t<meta property=\"og:image:height\" content=\"500\" \/>\n\t<meta property=\"og:image:type\" content=\"image\/png\" \/>\n<meta name=\"twitter:card\" content=\"summary_large_image\" \/>\n<script type=\"application\/ld+json\" class=\"yoast-schema-graph\">{\"@context\":\"https:\\\/\\\/schema.org\",\"@graph\":[{\"@type\":\"WebPage\",\"@id\":\"https:\\\/\\\/latpartika.lv\\\/product\\\/kartupelu-pankukas-ar-senu-merci\",\"url\":\"https:\\\/\\\/latpartika.lv\\\/product\\\/kartupelu-pankukas-ar-senu-merci\",\"name\":\"Kartupe\u013cu pank\u016bkas ar s\u0113\u0146u m\u0113rci - Latvijas p\u0101rtikas ra\u017eot\u0101js\",\"isPartOf\":{\"@id\":\"https:\\\/\\\/latpartika.lv\\\/#website\"},\"primaryImageOfPage\":{\"@id\":\"https:\\\/\\\/latpartika.lv\\\/product\\\/kartupelu-pankukas-ar-senu-merci#primaryimage\"},\"image\":{\"@id\":\"https:\\\/\\\/latpartika.lv\\\/product\\\/kartupelu-pankukas-ar-senu-merci#primaryimage\"},\"thumbnailUrl\":\"https:\\\/\\\/latpartika.lv\\\/wp-content\\\/uploads\\\/2025\\\/01\\\/Kartupelu-pankukas-ar-senu-merci.png\",\"datePublished\":\"2025-01-02T20:33:50+00:00\",\"dateModified\":\"2025-01-02T20:35:12+00:00\",\"breadcrumb\":{\"@id\":\"https:\\\/\\\/latpartika.lv\\\/product\\\/kartupelu-pankukas-ar-senu-merci#breadcrumb\"},\"inLanguage\":\"en-GB\",\"potentialAction\":[{\"@type\":\"ReadAction\",\"target\":[\"https:\\\/\\\/latpartika.lv\\\/product\\\/kartupelu-pankukas-ar-senu-merci\"]}]},{\"@type\":\"ImageObject\",\"inLanguage\":\"en-GB\",\"@id\":\"https:\\\/\\\/latpartika.lv\\\/product\\\/kartupelu-pankukas-ar-senu-merci#primaryimage\",\"url\":\"https:\\\/\\\/latpartika.lv\\\/wp-content\\\/uploads\\\/2025\\\/01\\\/Kartupelu-pankukas-ar-senu-merci.png\",\"contentUrl\":\"https:\\\/\\\/latpartika.lv\\\/wp-content\\\/uploads\\\/2025\\\/01\\\/Kartupelu-pankukas-ar-senu-merci.png\",\"width\":500,\"height\":500},{\"@type\":\"BreadcrumbList\",\"@id\":\"https:\\\/\\\/latpartika.lv\\\/product\\\/kartupelu-pankukas-ar-senu-merci#breadcrumb\",\"itemListElement\":[{\"@type\":\"ListItem\",\"position\":1,\"name\":\"Home\",\"item\":\"https:\\\/\\\/latpartika.lv\\\/en\\\/\"},{\"@type\":\"ListItem\",\"position\":2,\"name\":\"Products\",\"item\":\"https:\\\/\\\/latpartika.lv\\\/shop\"},{\"@type\":\"ListItem\",\"position\":3,\"name\":\"Kartupe\u013cu pank\u016bkas ar s\u0113\u0146u m\u0113rci\"}]},{\"@type\":\"WebSite\",\"@id\":\"https:\\\/\\\/latpartika.lv\\\/#website\",\"url\":\"https:\\\/\\\/latpartika.lv\\\/\",\"name\":\"Latvijas p\u0101rtikas ra\u017eot\u0101js\",\"description\":\"Svaigi produkti no kvalitat\u012bv\u0101m izejviel\u0101m!\",\"publisher\":{\"@id\":\"https:\\\/\\\/latpartika.lv\\\/#organization\"},\"potentialAction\":[{\"@type\":\"SearchAction\",\"target\":{\"@type\":\"EntryPoint\",\"urlTemplate\":\"https:\\\/\\\/latpartika.lv\\\/?s={search_term_string}\"},\"query-input\":{\"@type\":\"PropertyValueSpecification\",\"valueRequired\":true,\"valueName\":\"search_term_string\"}}],\"inLanguage\":\"en-GB\"},{\"@type\":\"Organization\",\"@id\":\"https:\\\/\\\/latpartika.lv\\\/#organization\",\"name\":\"Latvijas p\u0101rtikas ra\u017eot\u0101js\",\"url\":\"https:\\\/\\\/latpartika.lv\\\/\",\"logo\":{\"@type\":\"ImageObject\",\"inLanguage\":\"en-GB\",\"@id\":\"https:\\\/\\\/latpartika.lv\\\/#\\\/schema\\\/logo\\\/image\\\/\",\"url\":\"https:\\\/\\\/latpartika.lv\\\/wp-content\\\/uploads\\\/2024\\\/11\\\/LPR_logo_balts.svg\",\"contentUrl\":\"https:\\\/\\\/latpartika.lv\\\/wp-content\\\/uploads\\\/2024\\\/11\\\/LPR_logo_balts.svg\",\"width\":425,\"height\":589,\"caption\":\"Latvijas p\u0101rtikas ra\u017eot\u0101js\"},\"image\":{\"@id\":\"https:\\\/\\\/latpartika.lv\\\/#\\\/schema\\\/logo\\\/image\\\/\"}}]}<\/script>\n<!-- \/ Yoast SEO plugin. -->","yoast_head_json":{"title":"Potato pancakes with mushroom sauce - Latvian food producer","robots":{"index":"index","follow":"follow","max-snippet":"max-snippet:-1","max-image-preview":"max-image-preview:large","max-video-preview":"max-video-preview:-1"},"canonical":"https:\/\/latpartika.lv\/en\/product\/potato-pancakes-with-mushroom-sauce\/","og_locale":"en_GB","og_type":"article","og_title":"Kartupe\u013cu pank\u016bkas ar s\u0113\u0146u m\u0113rci - Latvijas p\u0101rtikas ra\u017eot\u0101js","og_description":"Sast\u0101vda\u013cas: kartupe\u013cu pank\u016bkas 73% (kartupe\u013ci svaigi 73%, kvie\u0161u milti, majon\u0113ze (rap\u0161u e\u013c\u013ca, \u016bdens, olu pulveris, v\u0101jpiena pulveris, cukurs, modific\u0113ta ciete, s\u0101ls, sk\u0101buma regul\u0113t\u0101ji (E260, E270), biezin\u0101t\u0101ji (E412, E415), konservanti (E202, E211), aromatiz\u0113t\u0101js, kr\u0101sviela (E160a)), rap\u0161u e\u013c\u013ca, olu masa (olu baltums, olu dzeltenums, \u016bdens, sk\u0101buma regul\u0113t\u0101js (E270), s\u0101ls, emulgators (E475)), gar\u0161vielu mais\u012bjums (kalt\u0113tas burk\u0101nu granulas, kalt\u0113ts pastinaks, kalt\u0113tas s\u012bpolu granulas, kartupe\u013cu ciete, kalt\u0113tas \u0137iploku granulas, kalt\u0113ti p\u0113ters\u012b\u013ci, malta kurkuma, kalt\u0113tas dilles, kalt\u0113ti maurloki, pretsalipes viela (rap\u0161u e\u013c\u013ca), ingvera pulveris, malti melnie pipari), s\u0101ls), s\u0113\u0146u m\u0113rce 27% (\u016bdens, pani\u0146u un augu tauku mais\u012bjums (pani\u0146as, palmu e\u013c\u013ca, \u016bdens, modific\u0113ta ciete, emulgators (E435), biezin\u0101t\u0101ji (E461, E415), sk\u0101buma regul\u0113t\u0101js (E331)), svaigi \u0161ampinjoni 23%, svaigi s\u012bpoli, kukur\u016bzas ciete, rap\u0161u e\u013c\u013ca, s\u0113\u0146u buljons (s\u0101ls, gar\u0161as pastiprin\u0101t\u0101ji (E621, E631, E627), laktoze, palmu tauki, rauga ekstakts, maltodekstr\u012bns, kukur\u016bzas ciete, \u0161ampinjonu sulas koncentr\u0101ts, \u017eav\u0113tas baravikas, fruktoze, sojas m\u0113rce (satur soju, kvie\u0161us), aromatiz\u0113t\u0101ji, kr\u0101sviela (E150c), sk\u0101buma regul\u0113t\u0101js (E330)), s\u0101ls, malti melnie pipari, dzeram\u0101 soda, oregano)","og_url":"https:\/\/latpartika.lv\/en\/product\/potato-pancakes-with-mushroom-sauce\/","og_site_name":"Latvijas p\u0101rtikas ra\u017eot\u0101js","article_modified_time":"2025-01-02T20:35:12+00:00","og_image":[{"width":500,"height":500,"url":"https:\/\/latpartika.lv\/wp-content\/uploads\/2025\/01\/Kartupelu-pankukas-ar-senu-merci.png","type":"image\/png"}],"twitter_card":"summary_large_image","schema":{"@context":"https:\/\/schema.org","@graph":[{"@type":"WebPage","@id":"https:\/\/latpartika.lv\/product\/kartupelu-pankukas-ar-senu-merci","url":"https:\/\/latpartika.lv\/product\/kartupelu-pankukas-ar-senu-merci","name":"Potato pancakes with mushroom sauce - Latvian food producer","isPartOf":{"@id":"https:\/\/latpartika.lv\/#website"},"primaryImageOfPage":{"@id":"https:\/\/latpartika.lv\/product\/kartupelu-pankukas-ar-senu-merci#primaryimage"},"image":{"@id":"https:\/\/latpartika.lv\/product\/kartupelu-pankukas-ar-senu-merci#primaryimage"},"thumbnailUrl":"https:\/\/latpartika.lv\/wp-content\/uploads\/2025\/01\/Kartupelu-pankukas-ar-senu-merci.png","datePublished":"2025-01-02T20:33:50+00:00","dateModified":"2025-01-02T20:35:12+00:00","breadcrumb":{"@id":"https:\/\/latpartika.lv\/product\/kartupelu-pankukas-ar-senu-merci#breadcrumb"},"inLanguage":"en-GB","potentialAction":[{"@type":"ReadAction","target":["https:\/\/latpartika.lv\/product\/kartupelu-pankukas-ar-senu-merci"]}]},{"@type":"ImageObject","inLanguage":"en-GB","@id":"https:\/\/latpartika.lv\/product\/kartupelu-pankukas-ar-senu-merci#primaryimage","url":"https:\/\/latpartika.lv\/wp-content\/uploads\/2025\/01\/Kartupelu-pankukas-ar-senu-merci.png","contentUrl":"https:\/\/latpartika.lv\/wp-content\/uploads\/2025\/01\/Kartupelu-pankukas-ar-senu-merci.png","width":500,"height":500},{"@type":"BreadcrumbList","@id":"https:\/\/latpartika.lv\/product\/kartupelu-pankukas-ar-senu-merci#breadcrumb","itemListElement":[{"@type":"ListItem","position":1,"name":"Home","item":"https:\/\/latpartika.lv\/en\/"},{"@type":"ListItem","position":2,"name":"Products","item":"https:\/\/latpartika.lv\/shop"},{"@type":"ListItem","position":3,"name":"Kartupe\u013cu pank\u016bkas ar s\u0113\u0146u m\u0113rci"}]},{"@type":"WebSite","@id":"https:\/\/latpartika.lv\/#website","url":"https:\/\/latpartika.lv\/","name":"Latvian food producer","description":"Fresh produce from quality ingredients!","publisher":{"@id":"https:\/\/latpartika.lv\/#organization"},"potentialAction":[{"@type":"SearchAction","target":{"@type":"EntryPoint","urlTemplate":"https:\/\/latpartika.lv\/?s={search_term_string}"},"query-input":{"@type":"PropertyValueSpecification","valueRequired":true,"valueName":"search_term_string"}}],"inLanguage":"en-GB"},{"@type":"Organization","@id":"https:\/\/latpartika.lv\/#organization","name":"Latvian food producer","url":"https:\/\/latpartika.lv\/","logo":{"@type":"ImageObject","inLanguage":"en-GB","@id":"https:\/\/latpartika.lv\/#\/schema\/logo\/image\/","url":"https:\/\/latpartika.lv\/wp-content\/uploads\/2024\/11\/LPR_logo_balts.svg","contentUrl":"https:\/\/latpartika.lv\/wp-content\/uploads\/2024\/11\/LPR_logo_balts.svg","width":425,"height":589,"caption":"Latvijas p\u0101rtikas ra\u017eot\u0101js"},"image":{"@id":"https:\/\/latpartika.lv\/#\/schema\/logo\/image\/"}}]}},"_links":{"self":[{"href":"https:\/\/latpartika.lv\/en\/wp-json\/wp\/v2\/product\/647","targetHints":{"allow":["GET"]}}],"collection":[{"href":"https:\/\/latpartika.lv\/en\/wp-json\/wp\/v2\/product"}],"about":[{"href":"https:\/\/latpartika.lv\/en\/wp-json\/wp\/v2\/types\/product"}],"replies":[{"embeddable":true,"href":"https:\/\/latpartika.lv\/en\/wp-json\/wp\/v2\/comments?post=647"}],"version-history":[{"count":0,"href":"https:\/\/latpartika.lv\/en\/wp-json\/wp\/v2\/product\/647\/revisions"}],"wp:featuredmedia":[{"embeddable":true,"href":"https:\/\/latpartika.lv\/en\/wp-json\/wp\/v2\/media\/648"}],"wp:attachment":[{"href":"https:\/\/latpartika.lv\/en\/wp-json\/wp\/v2\/media?parent=647"}],"wp:term":[{"taxonomy":"product_brand","embeddable":true,"href":"https:\/\/latpartika.lv\/en\/wp-json\/wp\/v2\/product_brand?post=647"},{"taxonomy":"product_cat","embeddable":true,"href":"https:\/\/latpartika.lv\/en\/wp-json\/wp\/v2\/product_cat?post=647"},{"taxonomy":"product_tag","embeddable":true,"href":"https:\/\/latpartika.lv\/en\/wp-json\/wp\/v2\/product_tag?post=647"}],"curies":[{"name":"wp","href":"https:\/\/api.w.org\/{rel}","templated":true}]}}