{"id":651,"date":"2025-01-02T20:35:39","date_gmt":"2025-01-02T20:35:39","guid":{"rendered":"https:\/\/latpartika.lv\/?post_type=product&#038;p=651"},"modified":"2025-01-02T20:45:15","modified_gmt":"2025-01-02T20:45:15","slug":"vegetable-rasol","status":"publish","type":"product","link":"https:\/\/latpartika.lv\/en\/product\/darzenu-rasols","title":{"rendered":"Vegetable rasol"},"content":{"rendered":"<p>Lorem ipsum dolor sit amet, consectetur adipiscing elit. Phasellus quis tempus lacus. Nam fringilla iaculis turpis a dictum. Nam ex nunc, malesuada vel ornare vitae, lacinia maximus lectus. In vel egestas ligula, at pellentesque quam. Integer sit amet consequat libero. Quisque non bibendum odio.<\/p>","protected":false},"excerpt":{"rendered":"<p><strong>Ingredients:<\/strong> vegetables (potatoes, carrots, canned peas (peas, water, salt, sugar), pickled cucumbers (cucumbers, brandy vinegar, salt, sugar), mayonnaise (rapeseed oil, water, sugar,<em><strong> Buttermilk<\/strong><\/em> dust, <em><strong>ooh<\/strong><\/em> powder (contains maltodextrin), <em><strong>ooh<\/strong><\/em> masa, modified starch, salt, acidity regulators: E260, E270, thickeners: E412, E415, preservatives: E202, E211, <em><strong>mustard<\/strong><\/em> seed flavouring, colour: E160a), <em><strong>eggs<\/strong><\/em> (<em><strong>eggs<\/strong><\/em>, water, acidity regulator: E330), horseradish (horseradish root 54%, water, sugar, salt, acidity regulators: E260, E330, rapeseed oil, antioxidants: E300, E223 (<em><strong>Sodium metabisulphite<\/strong><\/em>)), salt, dill<\/p>","protected":false},"featured_media":652,"comment_status":"closed","ping_status":"closed","template":"","meta":[],"product_brand":[],"product_cat":[34,37],"product_tag":[],"class_list":{"0":"post-651","1":"product","2":"type-product","3":"status-publish","4":"has-post-thumbnail","6":"product_cat-produkti","7":"product_cat-salati","9":"first","10":"instock","11":"shipping-taxable","12":"product-type-simple"},"yoast_head":"<!-- This site is optimized with the Yoast SEO plugin v27.3 - https:\/\/yoast.com\/product\/yoast-seo-wordpress\/ -->\n<title>D\u0101rze\u0146u rasols - Latvijas p\u0101rtikas ra\u017eot\u0101js<\/title>\n<meta name=\"robots\" content=\"index, follow, max-snippet:-1, max-image-preview:large, max-video-preview:-1\" \/>\n<link rel=\"canonical\" href=\"https:\/\/latpartika.lv\/en\/product\/vegetable-rasol\/\" \/>\n<meta property=\"og:locale\" content=\"en_GB\" \/>\n<meta property=\"og:type\" content=\"article\" \/>\n<meta property=\"og:title\" content=\"D\u0101rze\u0146u rasols - Latvijas p\u0101rtikas ra\u017eot\u0101js\" \/>\n<meta property=\"og:description\" content=\"Sast\u0101vda\u013cas: d\u0101rze\u0146i (kartupe\u013ci, burk\u0101ni, zirn\u012b\u0161i konserv\u0113ti (zirn\u012b\u0161i, \u016bdens, s\u0101ls, cukurs ), gur\u0137i marin\u0113ti (gur\u0137i, brendija eti\u0137is, s\u0101ls, cukurs), majon\u0113ze (rap\u0161u e\u013c\u013ca, \u016bdens, cukurs, v\u0101jpiena pulveris, olu pulveris (satur maltodekstr\u012bnu), olu masa, p\u0101rveidota ciete, s\u0101ls, sk\u0101buma regul\u0113t\u0101ji: E260, E270, biezin\u0101t\u0101ji: E412, E415, konservanti: E202, E211, sinepju s\u0113klu aromatiz\u0113t\u0101js, kr\u0101sviela: E160a), olas (olas, \u016bdens, sk\u0101buma regul\u0113t\u0101js:E330), m\u0101rrutki (m\u0101rrutku saknes 54%, \u016bdens, cukurs, s\u0101ls, sk\u0101buma regul\u0113t\u0101ji: E260, E330, rap\u0161u e\u013c\u013ca, antioksidanti: E300, E223 (n\u0101trija metabisulf\u012bts)), s\u0101ls, dilles\" \/>\n<meta property=\"og:url\" content=\"https:\/\/latpartika.lv\/en\/product\/vegetable-rasol\/\" \/>\n<meta property=\"og:site_name\" content=\"Latvijas p\u0101rtikas ra\u017eot\u0101js\" \/>\n<meta property=\"article:modified_time\" content=\"2025-01-02T20:45:15+00:00\" \/>\n<meta property=\"og:image\" content=\"https:\/\/latpartika.lv\/wp-content\/uploads\/2025\/01\/Darzenu-rasols.png\" \/>\n\t<meta property=\"og:image:width\" content=\"500\" \/>\n\t<meta property=\"og:image:height\" content=\"500\" \/>\n\t<meta property=\"og:image:type\" content=\"image\/png\" \/>\n<meta name=\"twitter:card\" content=\"summary_large_image\" \/>\n<script type=\"application\/ld+json\" class=\"yoast-schema-graph\">{\"@context\":\"https:\\\/\\\/schema.org\",\"@graph\":[{\"@type\":\"WebPage\",\"@id\":\"https:\\\/\\\/latpartika.lv\\\/product\\\/darzenu-rasols\",\"url\":\"https:\\\/\\\/latpartika.lv\\\/product\\\/darzenu-rasols\",\"name\":\"D\u0101rze\u0146u rasols - Latvijas p\u0101rtikas ra\u017eot\u0101js\",\"isPartOf\":{\"@id\":\"https:\\\/\\\/latpartika.lv\\\/#website\"},\"primaryImageOfPage\":{\"@id\":\"https:\\\/\\\/latpartika.lv\\\/product\\\/darzenu-rasols#primaryimage\"},\"image\":{\"@id\":\"https:\\\/\\\/latpartika.lv\\\/product\\\/darzenu-rasols#primaryimage\"},\"thumbnailUrl\":\"https:\\\/\\\/latpartika.lv\\\/wp-content\\\/uploads\\\/2025\\\/01\\\/Darzenu-rasols.png\",\"datePublished\":\"2025-01-02T20:35:39+00:00\",\"dateModified\":\"2025-01-02T20:45:15+00:00\",\"breadcrumb\":{\"@id\":\"https:\\\/\\\/latpartika.lv\\\/product\\\/darzenu-rasols#breadcrumb\"},\"inLanguage\":\"en-GB\",\"potentialAction\":[{\"@type\":\"ReadAction\",\"target\":[\"https:\\\/\\\/latpartika.lv\\\/product\\\/darzenu-rasols\"]}]},{\"@type\":\"ImageObject\",\"inLanguage\":\"en-GB\",\"@id\":\"https:\\\/\\\/latpartika.lv\\\/product\\\/darzenu-rasols#primaryimage\",\"url\":\"https:\\\/\\\/latpartika.lv\\\/wp-content\\\/uploads\\\/2025\\\/01\\\/Darzenu-rasols.png\",\"contentUrl\":\"https:\\\/\\\/latpartika.lv\\\/wp-content\\\/uploads\\\/2025\\\/01\\\/Darzenu-rasols.png\",\"width\":500,\"height\":500},{\"@type\":\"BreadcrumbList\",\"@id\":\"https:\\\/\\\/latpartika.lv\\\/product\\\/darzenu-rasols#breadcrumb\",\"itemListElement\":[{\"@type\":\"ListItem\",\"position\":1,\"name\":\"Home\",\"item\":\"https:\\\/\\\/latpartika.lv\\\/en\\\/\"},{\"@type\":\"ListItem\",\"position\":2,\"name\":\"Products\",\"item\":\"https:\\\/\\\/latpartika.lv\\\/shop\"},{\"@type\":\"ListItem\",\"position\":3,\"name\":\"D\u0101rze\u0146u rasols\"}]},{\"@type\":\"WebSite\",\"@id\":\"https:\\\/\\\/latpartika.lv\\\/#website\",\"url\":\"https:\\\/\\\/latpartika.lv\\\/\",\"name\":\"Latvijas p\u0101rtikas ra\u017eot\u0101js\",\"description\":\"Svaigi produkti no kvalitat\u012bv\u0101m izejviel\u0101m!\",\"publisher\":{\"@id\":\"https:\\\/\\\/latpartika.lv\\\/#organization\"},\"potentialAction\":[{\"@type\":\"SearchAction\",\"target\":{\"@type\":\"EntryPoint\",\"urlTemplate\":\"https:\\\/\\\/latpartika.lv\\\/?s={search_term_string}\"},\"query-input\":{\"@type\":\"PropertyValueSpecification\",\"valueRequired\":true,\"valueName\":\"search_term_string\"}}],\"inLanguage\":\"en-GB\"},{\"@type\":\"Organization\",\"@id\":\"https:\\\/\\\/latpartika.lv\\\/#organization\",\"name\":\"Latvijas p\u0101rtikas ra\u017eot\u0101js\",\"url\":\"https:\\\/\\\/latpartika.lv\\\/\",\"logo\":{\"@type\":\"ImageObject\",\"inLanguage\":\"en-GB\",\"@id\":\"https:\\\/\\\/latpartika.lv\\\/#\\\/schema\\\/logo\\\/image\\\/\",\"url\":\"https:\\\/\\\/latpartika.lv\\\/wp-content\\\/uploads\\\/2024\\\/11\\\/LPR_logo_balts.svg\",\"contentUrl\":\"https:\\\/\\\/latpartika.lv\\\/wp-content\\\/uploads\\\/2024\\\/11\\\/LPR_logo_balts.svg\",\"width\":425,\"height\":589,\"caption\":\"Latvijas p\u0101rtikas ra\u017eot\u0101js\"},\"image\":{\"@id\":\"https:\\\/\\\/latpartika.lv\\\/#\\\/schema\\\/logo\\\/image\\\/\"}}]}<\/script>\n<!-- \/ Yoast SEO plugin. -->","yoast_head_json":{"title":"Vegetable rasols - Latvian food producer","robots":{"index":"index","follow":"follow","max-snippet":"max-snippet:-1","max-image-preview":"max-image-preview:large","max-video-preview":"max-video-preview:-1"},"canonical":"https:\/\/latpartika.lv\/en\/product\/vegetable-rasol\/","og_locale":"en_GB","og_type":"article","og_title":"D\u0101rze\u0146u rasols - Latvijas p\u0101rtikas ra\u017eot\u0101js","og_description":"Sast\u0101vda\u013cas: d\u0101rze\u0146i (kartupe\u013ci, burk\u0101ni, zirn\u012b\u0161i konserv\u0113ti (zirn\u012b\u0161i, \u016bdens, s\u0101ls, cukurs ), gur\u0137i marin\u0113ti (gur\u0137i, brendija eti\u0137is, s\u0101ls, cukurs), majon\u0113ze (rap\u0161u e\u013c\u013ca, \u016bdens, cukurs, v\u0101jpiena pulveris, olu pulveris (satur maltodekstr\u012bnu), olu masa, p\u0101rveidota ciete, s\u0101ls, sk\u0101buma regul\u0113t\u0101ji: E260, E270, biezin\u0101t\u0101ji: E412, E415, konservanti: E202, E211, sinepju s\u0113klu aromatiz\u0113t\u0101js, kr\u0101sviela: E160a), olas (olas, \u016bdens, sk\u0101buma regul\u0113t\u0101js:E330), m\u0101rrutki (m\u0101rrutku saknes 54%, \u016bdens, cukurs, s\u0101ls, sk\u0101buma regul\u0113t\u0101ji: E260, E330, rap\u0161u e\u013c\u013ca, antioksidanti: E300, E223 (n\u0101trija metabisulf\u012bts)), s\u0101ls, dilles","og_url":"https:\/\/latpartika.lv\/en\/product\/vegetable-rasol\/","og_site_name":"Latvijas p\u0101rtikas ra\u017eot\u0101js","article_modified_time":"2025-01-02T20:45:15+00:00","og_image":[{"width":500,"height":500,"url":"https:\/\/latpartika.lv\/wp-content\/uploads\/2025\/01\/Darzenu-rasols.png","type":"image\/png"}],"twitter_card":"summary_large_image","schema":{"@context":"https:\/\/schema.org","@graph":[{"@type":"WebPage","@id":"https:\/\/latpartika.lv\/product\/darzenu-rasols","url":"https:\/\/latpartika.lv\/product\/darzenu-rasols","name":"Vegetable rasols - Latvian food producer","isPartOf":{"@id":"https:\/\/latpartika.lv\/#website"},"primaryImageOfPage":{"@id":"https:\/\/latpartika.lv\/product\/darzenu-rasols#primaryimage"},"image":{"@id":"https:\/\/latpartika.lv\/product\/darzenu-rasols#primaryimage"},"thumbnailUrl":"https:\/\/latpartika.lv\/wp-content\/uploads\/2025\/01\/Darzenu-rasols.png","datePublished":"2025-01-02T20:35:39+00:00","dateModified":"2025-01-02T20:45:15+00:00","breadcrumb":{"@id":"https:\/\/latpartika.lv\/product\/darzenu-rasols#breadcrumb"},"inLanguage":"en-GB","potentialAction":[{"@type":"ReadAction","target":["https:\/\/latpartika.lv\/product\/darzenu-rasols"]}]},{"@type":"ImageObject","inLanguage":"en-GB","@id":"https:\/\/latpartika.lv\/product\/darzenu-rasols#primaryimage","url":"https:\/\/latpartika.lv\/wp-content\/uploads\/2025\/01\/Darzenu-rasols.png","contentUrl":"https:\/\/latpartika.lv\/wp-content\/uploads\/2025\/01\/Darzenu-rasols.png","width":500,"height":500},{"@type":"BreadcrumbList","@id":"https:\/\/latpartika.lv\/product\/darzenu-rasols#breadcrumb","itemListElement":[{"@type":"ListItem","position":1,"name":"Home","item":"https:\/\/latpartika.lv\/en\/"},{"@type":"ListItem","position":2,"name":"Products","item":"https:\/\/latpartika.lv\/shop"},{"@type":"ListItem","position":3,"name":"D\u0101rze\u0146u rasols"}]},{"@type":"WebSite","@id":"https:\/\/latpartika.lv\/#website","url":"https:\/\/latpartika.lv\/","name":"Latvian food producer","description":"Fresh produce from quality ingredients!","publisher":{"@id":"https:\/\/latpartika.lv\/#organization"},"potentialAction":[{"@type":"SearchAction","target":{"@type":"EntryPoint","urlTemplate":"https:\/\/latpartika.lv\/?s={search_term_string}"},"query-input":{"@type":"PropertyValueSpecification","valueRequired":true,"valueName":"search_term_string"}}],"inLanguage":"en-GB"},{"@type":"Organization","@id":"https:\/\/latpartika.lv\/#organization","name":"Latvian food producer","url":"https:\/\/latpartika.lv\/","logo":{"@type":"ImageObject","inLanguage":"en-GB","@id":"https:\/\/latpartika.lv\/#\/schema\/logo\/image\/","url":"https:\/\/latpartika.lv\/wp-content\/uploads\/2024\/11\/LPR_logo_balts.svg","contentUrl":"https:\/\/latpartika.lv\/wp-content\/uploads\/2024\/11\/LPR_logo_balts.svg","width":425,"height":589,"caption":"Latvijas p\u0101rtikas ra\u017eot\u0101js"},"image":{"@id":"https:\/\/latpartika.lv\/#\/schema\/logo\/image\/"}}]}},"_links":{"self":[{"href":"https:\/\/latpartika.lv\/en\/wp-json\/wp\/v2\/product\/651","targetHints":{"allow":["GET"]}}],"collection":[{"href":"https:\/\/latpartika.lv\/en\/wp-json\/wp\/v2\/product"}],"about":[{"href":"https:\/\/latpartika.lv\/en\/wp-json\/wp\/v2\/types\/product"}],"replies":[{"embeddable":true,"href":"https:\/\/latpartika.lv\/en\/wp-json\/wp\/v2\/comments?post=651"}],"version-history":[{"count":0,"href":"https:\/\/latpartika.lv\/en\/wp-json\/wp\/v2\/product\/651\/revisions"}],"wp:featuredmedia":[{"embeddable":true,"href":"https:\/\/latpartika.lv\/en\/wp-json\/wp\/v2\/media\/652"}],"wp:attachment":[{"href":"https:\/\/latpartika.lv\/en\/wp-json\/wp\/v2\/media?parent=651"}],"wp:term":[{"taxonomy":"product_brand","embeddable":true,"href":"https:\/\/latpartika.lv\/en\/wp-json\/wp\/v2\/product_brand?post=651"},{"taxonomy":"product_cat","embeddable":true,"href":"https:\/\/latpartika.lv\/en\/wp-json\/wp\/v2\/product_cat?post=651"},{"taxonomy":"product_tag","embeddable":true,"href":"https:\/\/latpartika.lv\/en\/wp-json\/wp\/v2\/product_tag?post=651"}],"curies":[{"name":"wp","href":"https:\/\/api.w.org\/{rel}","templated":true}]}}