{"id":684,"date":"2025-01-03T09:01:22","date_gmt":"2025-01-03T09:01:22","guid":{"rendered":"https:\/\/latpartika.lv\/?post_type=product&#038;p=684"},"modified":"2025-01-03T09:03:48","modified_gmt":"2025-01-03T09:03:48","slug":"bavarian-salad-with-smoked-meat","status":"publish","type":"product","link":"https:\/\/latpartika.lv\/en\/product\/bavarijas-salati-ar-kupinatu-galu","title":{"rendered":"Bavarian salad with smoked meat"},"content":{"rendered":"<p>Lorem ipsum dolor sit amet, consectetur adipiscing elit. Phasellus quis tempus lacus. Nam fringilla iaculis turpis a dictum. Nam ex nunc, malesuada vel ornare vitae, lacinia maximus lectus. In vel egestas ligula, at pellentesque quam. Integer sit amet consequat libero. Quisque non bibendum odio.<\/p>","protected":false},"excerpt":{"rendered":"<p><strong>Ingredients: <\/strong>potatoes, mayonnaise (rapeseed oil, water, sugar, <strong><em>Buttermilk<\/em><\/strong> dust, <strong><em>ooh <\/em><\/strong>powder (containing <strong><em>maltodextrin<\/em><\/strong>), modified starch, salt, acidity regulators (E260, E270), thickeners (E412, E415), preservatives (E202, E211), <strong><em>mustard<\/em><\/strong> seed flavouring, colour: E160a), pickled cucumbers (cucumbers, water, wine vinegar, salt, spices (dill, onion, <strong><em>mustard<\/em><\/strong>, pepper),<strong><em>\u00a0eggs<\/em><\/strong> (<strong><em>eggs<\/em><\/strong>, water, salt, acidity regulator: E330), smoked meat 8% (pork, water, salt, preservative: E250, spices, <strong><em>soya <\/em><\/strong>protein, stabilisers (E450, E451), thickeners (E407, E415), antioxidant:E316, flavour enhancer:E621, dextrose), salt, black pepper.<\/p>","protected":false},"featured_media":685,"comment_status":"closed","ping_status":"closed","template":"","meta":[],"product_brand":[],"product_cat":[34,37],"product_tag":[],"class_list":{"0":"post-684","1":"product","2":"type-product","3":"status-publish","4":"has-post-thumbnail","6":"product_cat-produkti","7":"product_cat-salati","9":"first","10":"instock","11":"shipping-taxable","12":"product-type-simple"},"yoast_head":"<!-- This site is optimized with the Yoast SEO plugin v27.3 - https:\/\/yoast.com\/product\/yoast-seo-wordpress\/ -->\n<title>Bav\u0101rijas sal\u0101ti ar k\u016bpin\u0101tu ga\u013cu - Latvijas p\u0101rtikas ra\u017eot\u0101js<\/title>\n<meta name=\"robots\" content=\"index, follow, max-snippet:-1, max-image-preview:large, max-video-preview:-1\" \/>\n<link rel=\"canonical\" href=\"https:\/\/latpartika.lv\/en\/product\/bavarian-salad-with-cucumber-end\" \/>\n<meta property=\"og:locale\" content=\"en_GB\" \/>\n<meta property=\"og:type\" content=\"article\" \/>\n<meta property=\"og:title\" content=\"Bav\u0101rijas sal\u0101ti ar k\u016bpin\u0101tu ga\u013cu - Latvijas p\u0101rtikas ra\u017eot\u0101js\" \/>\n<meta property=\"og:description\" content=\"Sast\u0101vda\u013cas: kartupe\u013ci, majon\u0113ze (rap\u0161u e\u013c\u013ca, \u016bdens, cukurs, v\u0101jpiena pulveris, olu pulveris (satur maltodekstr\u012bnu), p\u0101rveidota ciete, s\u0101ls, sk\u0101buma regul\u0113t\u0101ji (E260, E270), biezin\u0101t\u0101ji (E412, E415), konservanti (E202, E211), sinepju s\u0113klu aromatiz\u0113t\u0101js, kr\u0101sviela:E160a), marin\u0113ti gur\u0137i (gur\u0137i, \u016bdens, v\u012bna eti\u0137is, s\u0101ls, gar\u0161vielas (dilles, s\u012bpoli, sinepes, pipari),\u00a0olas (olas, \u016bdens, s\u0101ls, sk\u0101buma regul\u0113t\u0101js: E330), k\u016bpin\u0101ta ga\u013ca 8% (c\u016bkga\u013ca, \u016bdens, s\u0101ls, konservants: E250, gar\u0161vielas, sojas olbaltumvielas, stabiliz\u0113t\u0101ji (E450, E451), biezin\u0101t\u0101ji (E407, E415), antioksidants:E316, gar\u0161as pastiprin\u0101t\u0101js:E621, dekstroze), s\u0101ls, pipari melnie.\" \/>\n<meta property=\"og:url\" content=\"https:\/\/latpartika.lv\/en\/product\/bavarian-salad-with-cucumber-end\" \/>\n<meta property=\"og:site_name\" content=\"Latvijas p\u0101rtikas ra\u017eot\u0101js\" \/>\n<meta property=\"article:modified_time\" content=\"2025-01-03T09:03:48+00:00\" \/>\n<meta property=\"og:image\" content=\"https:\/\/latpartika.lv\/wp-content\/uploads\/2025\/01\/Bavarijas-salati-ar-kupinatu-galu.png\" \/>\n\t<meta property=\"og:image:width\" content=\"500\" \/>\n\t<meta property=\"og:image:height\" content=\"500\" \/>\n\t<meta property=\"og:image:type\" content=\"image\/png\" \/>\n<meta name=\"twitter:card\" content=\"summary_large_image\" \/>\n<script type=\"application\/ld+json\" class=\"yoast-schema-graph\">{\"@context\":\"https:\\\/\\\/schema.org\",\"@graph\":[{\"@type\":\"WebPage\",\"@id\":\"https:\\\/\\\/latpartika.lv\\\/en\\\/product\\\/bavarian-salad-with-cucumber-end\",\"url\":\"https:\\\/\\\/latpartika.lv\\\/en\\\/product\\\/bavarian-salad-with-cucumber-end\",\"name\":\"Bav\u0101rijas sal\u0101ti ar k\u016bpin\u0101tu ga\u013cu - Latvijas p\u0101rtikas ra\u017eot\u0101js\",\"isPartOf\":{\"@id\":\"https:\\\/\\\/latpartika.lv\\\/#website\"},\"primaryImageOfPage\":{\"@id\":\"https:\\\/\\\/latpartika.lv\\\/en\\\/product\\\/bavarian-salad-with-cucumber-end#primaryimage\"},\"image\":{\"@id\":\"https:\\\/\\\/latpartika.lv\\\/en\\\/product\\\/bavarian-salad-with-cucumber-end#primaryimage\"},\"thumbnailUrl\":\"https:\\\/\\\/latpartika.lv\\\/wp-content\\\/uploads\\\/2025\\\/01\\\/Bavarijas-salati-ar-kupinatu-galu.png\",\"datePublished\":\"2025-01-03T09:01:22+00:00\",\"dateModified\":\"2025-01-03T09:03:48+00:00\",\"breadcrumb\":{\"@id\":\"https:\\\/\\\/latpartika.lv\\\/en\\\/product\\\/bavarian-salad-with-cucumber-end#breadcrumb\"},\"inLanguage\":\"en-GB\",\"potentialAction\":[{\"@type\":\"ReadAction\",\"target\":[\"https:\\\/\\\/latpartika.lv\\\/en\\\/product\\\/bavarian-salad-with-cucumber-end\"]}]},{\"@type\":\"ImageObject\",\"inLanguage\":\"en-GB\",\"@id\":\"https:\\\/\\\/latpartika.lv\\\/en\\\/product\\\/bavarian-salad-with-cucumber-end#primaryimage\",\"url\":\"https:\\\/\\\/latpartika.lv\\\/wp-content\\\/uploads\\\/2025\\\/01\\\/Bavarijas-salati-ar-kupinatu-galu.png\",\"contentUrl\":\"https:\\\/\\\/latpartika.lv\\\/wp-content\\\/uploads\\\/2025\\\/01\\\/Bavarijas-salati-ar-kupinatu-galu.png\",\"width\":500,\"height\":500},{\"@type\":\"BreadcrumbList\",\"@id\":\"https:\\\/\\\/latpartika.lv\\\/en\\\/product\\\/bavarian-salad-with-cucumber-end#breadcrumb\",\"itemListElement\":[{\"@type\":\"ListItem\",\"position\":1,\"name\":\"Home\",\"item\":\"https:\\\/\\\/latpartika.lv\\\/en\\\/\"},{\"@type\":\"ListItem\",\"position\":2,\"name\":\"Products\",\"item\":\"https:\\\/\\\/latpartika.lv\\\/shop\"},{\"@type\":\"ListItem\",\"position\":3,\"name\":\"Bav\u0101rijas sal\u0101ti ar k\u016bpin\u0101tu ga\u013cu\"}]},{\"@type\":\"WebSite\",\"@id\":\"https:\\\/\\\/latpartika.lv\\\/#website\",\"url\":\"https:\\\/\\\/latpartika.lv\\\/\",\"name\":\"Latvijas p\u0101rtikas ra\u017eot\u0101js\",\"description\":\"Svaigi produkti no kvalitat\u012bv\u0101m izejviel\u0101m!\",\"publisher\":{\"@id\":\"https:\\\/\\\/latpartika.lv\\\/#organization\"},\"potentialAction\":[{\"@type\":\"SearchAction\",\"target\":{\"@type\":\"EntryPoint\",\"urlTemplate\":\"https:\\\/\\\/latpartika.lv\\\/?s={search_term_string}\"},\"query-input\":{\"@type\":\"PropertyValueSpecification\",\"valueRequired\":true,\"valueName\":\"search_term_string\"}}],\"inLanguage\":\"en-GB\"},{\"@type\":\"Organization\",\"@id\":\"https:\\\/\\\/latpartika.lv\\\/#organization\",\"name\":\"Latvijas p\u0101rtikas ra\u017eot\u0101js\",\"url\":\"https:\\\/\\\/latpartika.lv\\\/\",\"logo\":{\"@type\":\"ImageObject\",\"inLanguage\":\"en-GB\",\"@id\":\"https:\\\/\\\/latpartika.lv\\\/#\\\/schema\\\/logo\\\/image\\\/\",\"url\":\"https:\\\/\\\/latpartika.lv\\\/wp-content\\\/uploads\\\/2024\\\/11\\\/LPR_logo_balts.svg\",\"contentUrl\":\"https:\\\/\\\/latpartika.lv\\\/wp-content\\\/uploads\\\/2024\\\/11\\\/LPR_logo_balts.svg\",\"width\":425,\"height\":589,\"caption\":\"Latvijas p\u0101rtikas ra\u017eot\u0101js\"},\"image\":{\"@id\":\"https:\\\/\\\/latpartika.lv\\\/#\\\/schema\\\/logo\\\/image\\\/\"}}]}<\/script>\n<!-- \/ Yoast SEO plugin. -->","yoast_head_json":{"title":"Bavarian salad with smoked meat - Latvian food producer","robots":{"index":"index","follow":"follow","max-snippet":"max-snippet:-1","max-image-preview":"max-image-preview:large","max-video-preview":"max-video-preview:-1"},"canonical":"https:\/\/latpartika.lv\/en\/product\/bavarian-salad-with-cucumber-end","og_locale":"en_GB","og_type":"article","og_title":"Bav\u0101rijas sal\u0101ti ar k\u016bpin\u0101tu ga\u013cu - Latvijas p\u0101rtikas ra\u017eot\u0101js","og_description":"Sast\u0101vda\u013cas: kartupe\u013ci, majon\u0113ze (rap\u0161u e\u013c\u013ca, \u016bdens, cukurs, v\u0101jpiena pulveris, olu pulveris (satur maltodekstr\u012bnu), p\u0101rveidota ciete, s\u0101ls, sk\u0101buma regul\u0113t\u0101ji (E260, E270), biezin\u0101t\u0101ji (E412, E415), konservanti (E202, E211), sinepju s\u0113klu aromatiz\u0113t\u0101js, kr\u0101sviela:E160a), marin\u0113ti gur\u0137i (gur\u0137i, \u016bdens, v\u012bna eti\u0137is, s\u0101ls, gar\u0161vielas (dilles, s\u012bpoli, sinepes, pipari),\u00a0olas (olas, \u016bdens, s\u0101ls, sk\u0101buma regul\u0113t\u0101js: E330), k\u016bpin\u0101ta ga\u013ca 8% (c\u016bkga\u013ca, \u016bdens, s\u0101ls, konservants: E250, gar\u0161vielas, sojas olbaltumvielas, stabiliz\u0113t\u0101ji (E450, E451), biezin\u0101t\u0101ji (E407, E415), antioksidants:E316, gar\u0161as pastiprin\u0101t\u0101js:E621, dekstroze), s\u0101ls, pipari melnie.","og_url":"https:\/\/latpartika.lv\/en\/product\/bavarian-salad-with-cucumber-end","og_site_name":"Latvijas p\u0101rtikas ra\u017eot\u0101js","article_modified_time":"2025-01-03T09:03:48+00:00","og_image":[{"width":500,"height":500,"url":"https:\/\/latpartika.lv\/wp-content\/uploads\/2025\/01\/Bavarijas-salati-ar-kupinatu-galu.png","type":"image\/png"}],"twitter_card":"summary_large_image","schema":{"@context":"https:\/\/schema.org","@graph":[{"@type":"WebPage","@id":"https:\/\/latpartika.lv\/en\/product\/bavarian-salad-with-cucumber-end","url":"https:\/\/latpartika.lv\/en\/product\/bavarian-salad-with-cucumber-end","name":"Bavarian salad with smoked meat - Latvian food producer","isPartOf":{"@id":"https:\/\/latpartika.lv\/#website"},"primaryImageOfPage":{"@id":"https:\/\/latpartika.lv\/en\/product\/bavarian-salad-with-cucumber-end#primaryimage"},"image":{"@id":"https:\/\/latpartika.lv\/en\/product\/bavarian-salad-with-cucumber-end#primaryimage"},"thumbnailUrl":"https:\/\/latpartika.lv\/wp-content\/uploads\/2025\/01\/Bavarijas-salati-ar-kupinatu-galu.png","datePublished":"2025-01-03T09:01:22+00:00","dateModified":"2025-01-03T09:03:48+00:00","breadcrumb":{"@id":"https:\/\/latpartika.lv\/en\/product\/bavarian-salad-with-cucumber-end#breadcrumb"},"inLanguage":"en-GB","potentialAction":[{"@type":"ReadAction","target":["https:\/\/latpartika.lv\/en\/product\/bavarian-salad-with-cucumber-end"]}]},{"@type":"ImageObject","inLanguage":"en-GB","@id":"https:\/\/latpartika.lv\/en\/product\/bavarian-salad-with-cucumber-end#primaryimage","url":"https:\/\/latpartika.lv\/wp-content\/uploads\/2025\/01\/Bavarijas-salati-ar-kupinatu-galu.png","contentUrl":"https:\/\/latpartika.lv\/wp-content\/uploads\/2025\/01\/Bavarijas-salati-ar-kupinatu-galu.png","width":500,"height":500},{"@type":"BreadcrumbList","@id":"https:\/\/latpartika.lv\/en\/product\/bavarian-salad-with-cucumber-end#breadcrumb","itemListElement":[{"@type":"ListItem","position":1,"name":"Home","item":"https:\/\/latpartika.lv\/en\/"},{"@type":"ListItem","position":2,"name":"Products","item":"https:\/\/latpartika.lv\/shop"},{"@type":"ListItem","position":3,"name":"Bav\u0101rijas sal\u0101ti ar k\u016bpin\u0101tu ga\u013cu"}]},{"@type":"WebSite","@id":"https:\/\/latpartika.lv\/#website","url":"https:\/\/latpartika.lv\/","name":"Latvian food producer","description":"Fresh produce from quality ingredients!","publisher":{"@id":"https:\/\/latpartika.lv\/#organization"},"potentialAction":[{"@type":"SearchAction","target":{"@type":"EntryPoint","urlTemplate":"https:\/\/latpartika.lv\/?s={search_term_string}"},"query-input":{"@type":"PropertyValueSpecification","valueRequired":true,"valueName":"search_term_string"}}],"inLanguage":"en-GB"},{"@type":"Organization","@id":"https:\/\/latpartika.lv\/#organization","name":"Latvian food producer","url":"https:\/\/latpartika.lv\/","logo":{"@type":"ImageObject","inLanguage":"en-GB","@id":"https:\/\/latpartika.lv\/#\/schema\/logo\/image\/","url":"https:\/\/latpartika.lv\/wp-content\/uploads\/2024\/11\/LPR_logo_balts.svg","contentUrl":"https:\/\/latpartika.lv\/wp-content\/uploads\/2024\/11\/LPR_logo_balts.svg","width":425,"height":589,"caption":"Latvijas p\u0101rtikas ra\u017eot\u0101js"},"image":{"@id":"https:\/\/latpartika.lv\/#\/schema\/logo\/image\/"}}]}},"_links":{"self":[{"href":"https:\/\/latpartika.lv\/en\/wp-json\/wp\/v2\/product\/684","targetHints":{"allow":["GET"]}}],"collection":[{"href":"https:\/\/latpartika.lv\/en\/wp-json\/wp\/v2\/product"}],"about":[{"href":"https:\/\/latpartika.lv\/en\/wp-json\/wp\/v2\/types\/product"}],"replies":[{"embeddable":true,"href":"https:\/\/latpartika.lv\/en\/wp-json\/wp\/v2\/comments?post=684"}],"version-history":[{"count":0,"href":"https:\/\/latpartika.lv\/en\/wp-json\/wp\/v2\/product\/684\/revisions"}],"wp:featuredmedia":[{"embeddable":true,"href":"https:\/\/latpartika.lv\/en\/wp-json\/wp\/v2\/media\/685"}],"wp:attachment":[{"href":"https:\/\/latpartika.lv\/en\/wp-json\/wp\/v2\/media?parent=684"}],"wp:term":[{"taxonomy":"product_brand","embeddable":true,"href":"https:\/\/latpartika.lv\/en\/wp-json\/wp\/v2\/product_brand?post=684"},{"taxonomy":"product_cat","embeddable":true,"href":"https:\/\/latpartika.lv\/en\/wp-json\/wp\/v2\/product_cat?post=684"},{"taxonomy":"product_tag","embeddable":true,"href":"https:\/\/latpartika.lv\/en\/wp-json\/wp\/v2\/product_tag?post=684"}],"curies":[{"name":"wp","href":"https:\/\/api.w.org\/{rel}","templated":true}]}}