{"id":688,"date":"2025-01-03T09:04:05","date_gmt":"2025-01-03T09:04:05","guid":{"rendered":"https:\/\/latpartika.lv\/?post_type=product&#038;p=688"},"modified":"2025-01-03T09:08:27","modified_gmt":"2025-01-03T09:08:27","slug":"mellet-salad","status":"publish","type":"product","link":"https:\/\/latpartika.lv\/en\/product\/melisu-salati","title":{"rendered":"Mellet salad"},"content":{"rendered":"<p>Lorem ipsum dolor sit amet, consectetur adipiscing elit. Phasellus quis tempus lacus. Nam fringilla iaculis turpis a dictum. Nam ex nunc, malesuada vel ornare vitae, lacinia maximus lectus. In vel egestas ligula, at pellentesque quam. Integer sit amet consequat libero. Quisque non bibendum odio.<\/p>","protected":false},"excerpt":{"rendered":"<p><strong>Ingredients<\/strong>: pickled cucumbers (cucumbers, wine vinegar, acidity regulator: E260, salt, garlic, spices (dill, onion, <strong><em>mustard <\/em><\/strong>and peppercorns)), pork tongue 18%, mayonnaise (rapeseed oil, water, sugar, <strong><em>Buttermilk<\/em><\/strong> dust, <strong><em>ooh<\/em><\/strong> powder, modified starch, salt, acidity regulators (E260, E270), thickeners (E412, E415), preservatives (E202, E211), flavour, colour: E160a, green peas (green peas, water, salt, sugar), <strong><em>eggs <\/em><\/strong><em>(<\/em><strong><em>olas, <\/em><\/strong>Salt<em>, <\/em>water, acidity regulator:E330<em>)<\/em>, tomato sauce (tomato puree, water, sugar, salt, modified starch, acidity regulator: E260, preservatives: E202, E211), spices (contains garlic, chilli pepper), salt, black pepper.<\/p>","protected":false},"featured_media":689,"comment_status":"closed","ping_status":"closed","template":"","meta":[],"product_brand":[],"product_cat":[34,37],"product_tag":[],"class_list":{"0":"post-688","1":"product","2":"type-product","3":"status-publish","4":"has-post-thumbnail","6":"product_cat-produkti","7":"product_cat-salati","9":"first","10":"instock","11":"shipping-taxable","12":"product-type-simple"},"yoast_head":"<!-- This site is optimized with the Yoast SEO plugin v27.3 - https:\/\/yoast.com\/product\/yoast-seo-wordpress\/ -->\n<title>M\u0113l\u012b\u0161u sal\u0101ti - Latvijas p\u0101rtikas ra\u017eot\u0101js<\/title>\n<meta name=\"robots\" content=\"index, follow, max-snippet:-1, max-image-preview:large, max-video-preview:-1\" \/>\n<link rel=\"canonical\" href=\"https:\/\/latpartika.lv\/en\/product\/mellet-salad\/\" \/>\n<meta property=\"og:locale\" content=\"en_GB\" \/>\n<meta property=\"og:type\" content=\"article\" \/>\n<meta property=\"og:title\" content=\"M\u0113l\u012b\u0161u sal\u0101ti - Latvijas p\u0101rtikas ra\u017eot\u0101js\" \/>\n<meta property=\"og:description\" content=\"Sast\u0101vda\u013cas: marin\u0113ti gur\u0137i (gur\u0137i, v\u012bna eti\u0137is, sk\u0101buma regul\u0113t\u0101js: E260, s\u0101ls, \u0137iploki, gar\u0161vielas (dilles, s\u012bpoli, sinepju un piparu graudi)), c\u016bkga\u013cas\u00a0 m\u0113le 18%, majon\u0113ze (rap\u0161u e\u013c\u013ca, \u016bdens, cukurs, v\u0101jpiena pulveris, olu pulveris, modific\u0113ta ciete, s\u0101ls,\u00a0 sk\u0101buma regul\u0113t\u0101ji (E260, E270), biezin\u0101t\u0101ji (E412, E415), konservanti (E202, E211), aromatiz\u0113t\u0101js, kr\u0101sviela:E160a, za\u013cie zirn\u012b\u0161i (za\u013cie zirn\u012b\u0161i, \u016bdens, s\u0101ls, cukurs), olas (olas, s\u0101ls, \u016bdens, sk\u0101buma regul\u0113t\u0101js:E330), tom\u0101tu m\u0113rce (tom\u0101tu biezenis , \u016bdens, cukurs, s\u0101ls, p\u0101rveidota ciete , sk\u0101buma regul\u0113t\u0101js: E260, konservanti: E202, E211), gar\u0161vielas (satur \u0137iplokus, \u010dili piparus), s\u0101ls, melnie pipari.\" \/>\n<meta property=\"og:url\" content=\"https:\/\/latpartika.lv\/en\/product\/mellet-salad\/\" \/>\n<meta property=\"og:site_name\" content=\"Latvijas p\u0101rtikas ra\u017eot\u0101js\" \/>\n<meta property=\"article:modified_time\" content=\"2025-01-03T09:08:27+00:00\" \/>\n<meta property=\"og:image\" content=\"https:\/\/latpartika.lv\/wp-content\/uploads\/2025\/01\/Melisu-salati.png\" \/>\n\t<meta property=\"og:image:width\" content=\"500\" \/>\n\t<meta property=\"og:image:height\" content=\"500\" \/>\n\t<meta property=\"og:image:type\" content=\"image\/png\" \/>\n<meta name=\"twitter:card\" content=\"summary_large_image\" \/>\n<script type=\"application\/ld+json\" class=\"yoast-schema-graph\">{\"@context\":\"https:\\\/\\\/schema.org\",\"@graph\":[{\"@type\":\"WebPage\",\"@id\":\"https:\\\/\\\/latpartika.lv\\\/product\\\/melisu-salati\",\"url\":\"https:\\\/\\\/latpartika.lv\\\/product\\\/melisu-salati\",\"name\":\"M\u0113l\u012b\u0161u sal\u0101ti - Latvijas p\u0101rtikas ra\u017eot\u0101js\",\"isPartOf\":{\"@id\":\"https:\\\/\\\/latpartika.lv\\\/#website\"},\"primaryImageOfPage\":{\"@id\":\"https:\\\/\\\/latpartika.lv\\\/product\\\/melisu-salati#primaryimage\"},\"image\":{\"@id\":\"https:\\\/\\\/latpartika.lv\\\/product\\\/melisu-salati#primaryimage\"},\"thumbnailUrl\":\"https:\\\/\\\/latpartika.lv\\\/wp-content\\\/uploads\\\/2025\\\/01\\\/Melisu-salati.png\",\"datePublished\":\"2025-01-03T09:04:05+00:00\",\"dateModified\":\"2025-01-03T09:08:27+00:00\",\"breadcrumb\":{\"@id\":\"https:\\\/\\\/latpartika.lv\\\/product\\\/melisu-salati#breadcrumb\"},\"inLanguage\":\"en-GB\",\"potentialAction\":[{\"@type\":\"ReadAction\",\"target\":[\"https:\\\/\\\/latpartika.lv\\\/product\\\/melisu-salati\"]}]},{\"@type\":\"ImageObject\",\"inLanguage\":\"en-GB\",\"@id\":\"https:\\\/\\\/latpartika.lv\\\/product\\\/melisu-salati#primaryimage\",\"url\":\"https:\\\/\\\/latpartika.lv\\\/wp-content\\\/uploads\\\/2025\\\/01\\\/Melisu-salati.png\",\"contentUrl\":\"https:\\\/\\\/latpartika.lv\\\/wp-content\\\/uploads\\\/2025\\\/01\\\/Melisu-salati.png\",\"width\":500,\"height\":500},{\"@type\":\"BreadcrumbList\",\"@id\":\"https:\\\/\\\/latpartika.lv\\\/product\\\/melisu-salati#breadcrumb\",\"itemListElement\":[{\"@type\":\"ListItem\",\"position\":1,\"name\":\"Home\",\"item\":\"https:\\\/\\\/latpartika.lv\\\/en\\\/\"},{\"@type\":\"ListItem\",\"position\":2,\"name\":\"Products\",\"item\":\"https:\\\/\\\/latpartika.lv\\\/shop\"},{\"@type\":\"ListItem\",\"position\":3,\"name\":\"M\u0113l\u012b\u0161u sal\u0101ti\"}]},{\"@type\":\"WebSite\",\"@id\":\"https:\\\/\\\/latpartika.lv\\\/#website\",\"url\":\"https:\\\/\\\/latpartika.lv\\\/\",\"name\":\"Latvijas p\u0101rtikas ra\u017eot\u0101js\",\"description\":\"Svaigi produkti no kvalitat\u012bv\u0101m izejviel\u0101m!\",\"publisher\":{\"@id\":\"https:\\\/\\\/latpartika.lv\\\/#organization\"},\"potentialAction\":[{\"@type\":\"SearchAction\",\"target\":{\"@type\":\"EntryPoint\",\"urlTemplate\":\"https:\\\/\\\/latpartika.lv\\\/?s={search_term_string}\"},\"query-input\":{\"@type\":\"PropertyValueSpecification\",\"valueRequired\":true,\"valueName\":\"search_term_string\"}}],\"inLanguage\":\"en-GB\"},{\"@type\":\"Organization\",\"@id\":\"https:\\\/\\\/latpartika.lv\\\/#organization\",\"name\":\"Latvijas p\u0101rtikas ra\u017eot\u0101js\",\"url\":\"https:\\\/\\\/latpartika.lv\\\/\",\"logo\":{\"@type\":\"ImageObject\",\"inLanguage\":\"en-GB\",\"@id\":\"https:\\\/\\\/latpartika.lv\\\/#\\\/schema\\\/logo\\\/image\\\/\",\"url\":\"https:\\\/\\\/latpartika.lv\\\/wp-content\\\/uploads\\\/2024\\\/11\\\/LPR_logo_balts.svg\",\"contentUrl\":\"https:\\\/\\\/latpartika.lv\\\/wp-content\\\/uploads\\\/2024\\\/11\\\/LPR_logo_balts.svg\",\"width\":425,\"height\":589,\"caption\":\"Latvijas p\u0101rtikas ra\u017eot\u0101js\"},\"image\":{\"@id\":\"https:\\\/\\\/latpartika.lv\\\/#\\\/schema\\\/logo\\\/image\\\/\"}}]}<\/script>\n<!-- \/ Yoast SEO plugin. -->","yoast_head_json":{"title":"Meat salad - Latvian food producer","robots":{"index":"index","follow":"follow","max-snippet":"max-snippet:-1","max-image-preview":"max-image-preview:large","max-video-preview":"max-video-preview:-1"},"canonical":"https:\/\/latpartika.lv\/en\/product\/mellet-salad\/","og_locale":"en_GB","og_type":"article","og_title":"M\u0113l\u012b\u0161u sal\u0101ti - Latvijas p\u0101rtikas ra\u017eot\u0101js","og_description":"Sast\u0101vda\u013cas: marin\u0113ti gur\u0137i (gur\u0137i, v\u012bna eti\u0137is, sk\u0101buma regul\u0113t\u0101js: E260, s\u0101ls, \u0137iploki, gar\u0161vielas (dilles, s\u012bpoli, sinepju un piparu graudi)), c\u016bkga\u013cas\u00a0 m\u0113le 18%, majon\u0113ze (rap\u0161u e\u013c\u013ca, \u016bdens, cukurs, v\u0101jpiena pulveris, olu pulveris, modific\u0113ta ciete, s\u0101ls,\u00a0 sk\u0101buma regul\u0113t\u0101ji (E260, E270), biezin\u0101t\u0101ji (E412, E415), konservanti (E202, E211), aromatiz\u0113t\u0101js, kr\u0101sviela:E160a, za\u013cie zirn\u012b\u0161i (za\u013cie zirn\u012b\u0161i, \u016bdens, s\u0101ls, cukurs), olas (olas, s\u0101ls, \u016bdens, sk\u0101buma regul\u0113t\u0101js:E330), tom\u0101tu m\u0113rce (tom\u0101tu biezenis , \u016bdens, cukurs, s\u0101ls, p\u0101rveidota ciete , sk\u0101buma regul\u0113t\u0101js: E260, konservanti: E202, E211), gar\u0161vielas (satur \u0137iplokus, \u010dili piparus), s\u0101ls, melnie pipari.","og_url":"https:\/\/latpartika.lv\/en\/product\/mellet-salad\/","og_site_name":"Latvijas p\u0101rtikas ra\u017eot\u0101js","article_modified_time":"2025-01-03T09:08:27+00:00","og_image":[{"width":500,"height":500,"url":"https:\/\/latpartika.lv\/wp-content\/uploads\/2025\/01\/Melisu-salati.png","type":"image\/png"}],"twitter_card":"summary_large_image","schema":{"@context":"https:\/\/schema.org","@graph":[{"@type":"WebPage","@id":"https:\/\/latpartika.lv\/product\/melisu-salati","url":"https:\/\/latpartika.lv\/product\/melisu-salati","name":"Meat salad - Latvian food producer","isPartOf":{"@id":"https:\/\/latpartika.lv\/#website"},"primaryImageOfPage":{"@id":"https:\/\/latpartika.lv\/product\/melisu-salati#primaryimage"},"image":{"@id":"https:\/\/latpartika.lv\/product\/melisu-salati#primaryimage"},"thumbnailUrl":"https:\/\/latpartika.lv\/wp-content\/uploads\/2025\/01\/Melisu-salati.png","datePublished":"2025-01-03T09:04:05+00:00","dateModified":"2025-01-03T09:08:27+00:00","breadcrumb":{"@id":"https:\/\/latpartika.lv\/product\/melisu-salati#breadcrumb"},"inLanguage":"en-GB","potentialAction":[{"@type":"ReadAction","target":["https:\/\/latpartika.lv\/product\/melisu-salati"]}]},{"@type":"ImageObject","inLanguage":"en-GB","@id":"https:\/\/latpartika.lv\/product\/melisu-salati#primaryimage","url":"https:\/\/latpartika.lv\/wp-content\/uploads\/2025\/01\/Melisu-salati.png","contentUrl":"https:\/\/latpartika.lv\/wp-content\/uploads\/2025\/01\/Melisu-salati.png","width":500,"height":500},{"@type":"BreadcrumbList","@id":"https:\/\/latpartika.lv\/product\/melisu-salati#breadcrumb","itemListElement":[{"@type":"ListItem","position":1,"name":"Home","item":"https:\/\/latpartika.lv\/en\/"},{"@type":"ListItem","position":2,"name":"Products","item":"https:\/\/latpartika.lv\/shop"},{"@type":"ListItem","position":3,"name":"M\u0113l\u012b\u0161u sal\u0101ti"}]},{"@type":"WebSite","@id":"https:\/\/latpartika.lv\/#website","url":"https:\/\/latpartika.lv\/","name":"Latvian food producer","description":"Fresh produce from quality ingredients!","publisher":{"@id":"https:\/\/latpartika.lv\/#organization"},"potentialAction":[{"@type":"SearchAction","target":{"@type":"EntryPoint","urlTemplate":"https:\/\/latpartika.lv\/?s={search_term_string}"},"query-input":{"@type":"PropertyValueSpecification","valueRequired":true,"valueName":"search_term_string"}}],"inLanguage":"en-GB"},{"@type":"Organization","@id":"https:\/\/latpartika.lv\/#organization","name":"Latvian food producer","url":"https:\/\/latpartika.lv\/","logo":{"@type":"ImageObject","inLanguage":"en-GB","@id":"https:\/\/latpartika.lv\/#\/schema\/logo\/image\/","url":"https:\/\/latpartika.lv\/wp-content\/uploads\/2024\/11\/LPR_logo_balts.svg","contentUrl":"https:\/\/latpartika.lv\/wp-content\/uploads\/2024\/11\/LPR_logo_balts.svg","width":425,"height":589,"caption":"Latvijas p\u0101rtikas ra\u017eot\u0101js"},"image":{"@id":"https:\/\/latpartika.lv\/#\/schema\/logo\/image\/"}}]}},"_links":{"self":[{"href":"https:\/\/latpartika.lv\/en\/wp-json\/wp\/v2\/product\/688","targetHints":{"allow":["GET"]}}],"collection":[{"href":"https:\/\/latpartika.lv\/en\/wp-json\/wp\/v2\/product"}],"about":[{"href":"https:\/\/latpartika.lv\/en\/wp-json\/wp\/v2\/types\/product"}],"replies":[{"embeddable":true,"href":"https:\/\/latpartika.lv\/en\/wp-json\/wp\/v2\/comments?post=688"}],"version-history":[{"count":0,"href":"https:\/\/latpartika.lv\/en\/wp-json\/wp\/v2\/product\/688\/revisions"}],"wp:featuredmedia":[{"embeddable":true,"href":"https:\/\/latpartika.lv\/en\/wp-json\/wp\/v2\/media\/689"}],"wp:attachment":[{"href":"https:\/\/latpartika.lv\/en\/wp-json\/wp\/v2\/media?parent=688"}],"wp:term":[{"taxonomy":"product_brand","embeddable":true,"href":"https:\/\/latpartika.lv\/en\/wp-json\/wp\/v2\/product_brand?post=688"},{"taxonomy":"product_cat","embeddable":true,"href":"https:\/\/latpartika.lv\/en\/wp-json\/wp\/v2\/product_cat?post=688"},{"taxonomy":"product_tag","embeddable":true,"href":"https:\/\/latpartika.lv\/en\/wp-json\/wp\/v2\/product_tag?post=688"}],"curies":[{"name":"wp","href":"https:\/\/api.w.org\/{rel}","templated":true}]}}