{"id":700,"date":"2025-01-03T09:09:11","date_gmt":"2025-01-03T09:09:11","guid":{"rendered":"https:\/\/latpartika.lv\/?post_type=product&#038;p=700"},"modified":"2025-01-03T09:14:10","modified_gmt":"2025-01-03T09:14:10","slug":"bean-and-skink-salad","status":"publish","type":"product","link":"https:\/\/latpartika.lv\/en\/product\/pupinu-un-skinka-salati","title":{"rendered":"Bean and ham salad"},"content":{"rendered":"<p>Lorem ipsum dolor sit amet, consectetur adipiscing elit. Phasellus quis tempus lacus. Nam fringilla iaculis turpis a dictum. Nam ex nunc, malesuada vel ornare vitae, lacinia maximus lectus. In vel egestas ligula, at pellentesque quam. Integer sit amet consequat libero. Quisque non bibendum odio.<\/p>","protected":false},"excerpt":{"rendered":"<p><strong>Ingredients:<\/strong> 50% beans (beans, water, salt, antioxidant:E300), mayonnaise (rapeseed oil, water, sugar, <strong><em>Buttermilk <\/em><\/strong>dust, <strong><em>\u00a0ooh <\/em><\/strong>powder, modified starch, salt, acidity regulators (E260, E270), thickeners (E412, E415), preservatives (E202, E211), flavouring, colour: E160a), k\/k pork 10% (pork ham, water, salt, dextrose, yeast extract, salt, flavouring, preservative:E250, potato starch, modified starch, stabilisers (E450,E451), thickeners (E407,E412,E415,E410,E417), flavour enhancers (E621,E635), antioxidant:E316, pig protein, black pepper extract), <strong><em>eggs<\/em><\/strong> (<strong><em>eggs<\/em><\/strong>, salt, acidity regulator:E330, water), pickled cucumbers (cucumbers, water, brandy vinegar, salt, preservative:E211, spice extract, sweetener:E954), paprika, leek, dill, <strong><em>mustard <\/em><\/strong>(water, <strong><em>mustard <\/em><\/strong>24% powder, sugar, rapeseed oil, acidity regulator:E260, salt, spices), salt.<\/p>","protected":false},"featured_media":701,"comment_status":"closed","ping_status":"closed","template":"","meta":[],"product_brand":[],"product_cat":[34,37],"product_tag":[],"class_list":{"0":"post-700","1":"product","2":"type-product","3":"status-publish","4":"has-post-thumbnail","6":"product_cat-produkti","7":"product_cat-salati","9":"first","10":"instock","11":"shipping-taxable","12":"product-type-simple"},"yoast_head":"<!-- This site is optimized with the Yoast SEO plugin v27.3 - https:\/\/yoast.com\/product\/yoast-seo-wordpress\/ -->\n<title>Pupi\u0146u un \u0161\u0137i\u0146\u0137a sal\u0101ti - Latvijas p\u0101rtikas ra\u017eot\u0101js<\/title>\n<meta name=\"robots\" content=\"index, follow, max-snippet:-1, max-image-preview:large, max-video-preview:-1\" \/>\n<link rel=\"canonical\" href=\"https:\/\/latpartika.lv\/en\/product\/bean-and-skink-salad\/\" \/>\n<meta property=\"og:locale\" content=\"en_GB\" \/>\n<meta property=\"og:type\" content=\"article\" \/>\n<meta property=\"og:title\" content=\"Pupi\u0146u un \u0161\u0137i\u0146\u0137a sal\u0101ti - Latvijas p\u0101rtikas ra\u017eot\u0101js\" \/>\n<meta property=\"og:description\" content=\"Sast\u0101vda\u013cas: pupi\u0146as 50% (pupi\u0146as, \u016bdens, s\u0101ls, antioksidants:E300), majon\u0113ze (rap\u0161u e\u013c\u013ca, \u016bdens, cukurs, v\u0101jpiena pulveris, \u00a0olu pulveris, modific\u0113ta ciete, s\u0101ls, sk\u0101buma regul\u0113t\u0101ji (E260, E270), biezin\u0101t\u0101ji (E412, E415), konservanti (E202, E211), aromatiz\u0113t\u0101js, kr\u0101sviela:E160a), k\/k c\u016bkga\u013ca 10% (c\u016bkas \u0161\u0137i\u0146\u0137is, \u016bdens, s\u0101ls, dekstroze, rauga ekstrakts, s\u0101ls, aromatiz\u0113t\u0101ji, konservants:E250, kartupe\u013cu ciete, modific\u0113ta ciete, stabiliz\u0113t\u0101ji (E450,E451), biezin\u0101t\u0101ji\u00a0 (E407,E412,E415,E410,E417), gar\u0161as pastiprin\u0101t\u0101ji (E621,E635), antioksidants:E316, c\u016bku olbaltumvielas, melno piparu ekstrakts), olas (olas, s\u0101ls, sk\u0101buma regul\u0113t\u0101js:E330, \u016bdens), marin\u0113ti gur\u0137i (gur\u0137i, \u016bdens, brendija eti\u0137is, s\u0101ls, konservants:E211, gar\u0161vielu ekstrakts, saldin\u0101t\u0101js:E954), paprika, puravi, dilles, sinepes (\u016bdens, sinepju pulveris 24%, cukurs, rap\u0161u e\u013c\u013ca, sk\u0101buma regul\u0113t\u0101js:E260, s\u0101ls, gar\u0161vielas), s\u0101ls.\" \/>\n<meta property=\"og:url\" content=\"https:\/\/latpartika.lv\/en\/product\/bean-and-skink-salad\/\" \/>\n<meta property=\"og:site_name\" content=\"Latvijas p\u0101rtikas ra\u017eot\u0101js\" \/>\n<meta property=\"article:modified_time\" content=\"2025-01-03T09:14:10+00:00\" \/>\n<meta property=\"og:image\" content=\"https:\/\/latpartika.lv\/wp-content\/uploads\/2025\/01\/Pupinu-un-skinka-salati.png\" \/>\n\t<meta property=\"og:image:width\" content=\"500\" \/>\n\t<meta property=\"og:image:height\" content=\"500\" \/>\n\t<meta property=\"og:image:type\" content=\"image\/png\" \/>\n<meta name=\"twitter:card\" content=\"summary_large_image\" \/>\n<script type=\"application\/ld+json\" class=\"yoast-schema-graph\">{\"@context\":\"https:\\\/\\\/schema.org\",\"@graph\":[{\"@type\":\"WebPage\",\"@id\":\"https:\\\/\\\/latpartika.lv\\\/product\\\/pupinu-un-skinka-salati\",\"url\":\"https:\\\/\\\/latpartika.lv\\\/product\\\/pupinu-un-skinka-salati\",\"name\":\"Pupi\u0146u un \u0161\u0137i\u0146\u0137a sal\u0101ti - Latvijas p\u0101rtikas ra\u017eot\u0101js\",\"isPartOf\":{\"@id\":\"https:\\\/\\\/latpartika.lv\\\/#website\"},\"primaryImageOfPage\":{\"@id\":\"https:\\\/\\\/latpartika.lv\\\/product\\\/pupinu-un-skinka-salati#primaryimage\"},\"image\":{\"@id\":\"https:\\\/\\\/latpartika.lv\\\/product\\\/pupinu-un-skinka-salati#primaryimage\"},\"thumbnailUrl\":\"https:\\\/\\\/latpartika.lv\\\/wp-content\\\/uploads\\\/2025\\\/01\\\/Pupinu-un-skinka-salati.png\",\"datePublished\":\"2025-01-03T09:09:11+00:00\",\"dateModified\":\"2025-01-03T09:14:10+00:00\",\"breadcrumb\":{\"@id\":\"https:\\\/\\\/latpartika.lv\\\/product\\\/pupinu-un-skinka-salati#breadcrumb\"},\"inLanguage\":\"en-GB\",\"potentialAction\":[{\"@type\":\"ReadAction\",\"target\":[\"https:\\\/\\\/latpartika.lv\\\/product\\\/pupinu-un-skinka-salati\"]}]},{\"@type\":\"ImageObject\",\"inLanguage\":\"en-GB\",\"@id\":\"https:\\\/\\\/latpartika.lv\\\/product\\\/pupinu-un-skinka-salati#primaryimage\",\"url\":\"https:\\\/\\\/latpartika.lv\\\/wp-content\\\/uploads\\\/2025\\\/01\\\/Pupinu-un-skinka-salati.png\",\"contentUrl\":\"https:\\\/\\\/latpartika.lv\\\/wp-content\\\/uploads\\\/2025\\\/01\\\/Pupinu-un-skinka-salati.png\",\"width\":500,\"height\":500},{\"@type\":\"BreadcrumbList\",\"@id\":\"https:\\\/\\\/latpartika.lv\\\/product\\\/pupinu-un-skinka-salati#breadcrumb\",\"itemListElement\":[{\"@type\":\"ListItem\",\"position\":1,\"name\":\"Home\",\"item\":\"https:\\\/\\\/latpartika.lv\\\/en\\\/\"},{\"@type\":\"ListItem\",\"position\":2,\"name\":\"Products\",\"item\":\"https:\\\/\\\/latpartika.lv\\\/shop\"},{\"@type\":\"ListItem\",\"position\":3,\"name\":\"Pupi\u0146u un \u0161\u0137i\u0146\u0137a sal\u0101ti\"}]},{\"@type\":\"WebSite\",\"@id\":\"https:\\\/\\\/latpartika.lv\\\/#website\",\"url\":\"https:\\\/\\\/latpartika.lv\\\/\",\"name\":\"Latvijas p\u0101rtikas ra\u017eot\u0101js\",\"description\":\"Svaigi produkti no kvalitat\u012bv\u0101m izejviel\u0101m!\",\"publisher\":{\"@id\":\"https:\\\/\\\/latpartika.lv\\\/#organization\"},\"potentialAction\":[{\"@type\":\"SearchAction\",\"target\":{\"@type\":\"EntryPoint\",\"urlTemplate\":\"https:\\\/\\\/latpartika.lv\\\/?s={search_term_string}\"},\"query-input\":{\"@type\":\"PropertyValueSpecification\",\"valueRequired\":true,\"valueName\":\"search_term_string\"}}],\"inLanguage\":\"en-GB\"},{\"@type\":\"Organization\",\"@id\":\"https:\\\/\\\/latpartika.lv\\\/#organization\",\"name\":\"Latvijas p\u0101rtikas ra\u017eot\u0101js\",\"url\":\"https:\\\/\\\/latpartika.lv\\\/\",\"logo\":{\"@type\":\"ImageObject\",\"inLanguage\":\"en-GB\",\"@id\":\"https:\\\/\\\/latpartika.lv\\\/#\\\/schema\\\/logo\\\/image\\\/\",\"url\":\"https:\\\/\\\/latpartika.lv\\\/wp-content\\\/uploads\\\/2024\\\/11\\\/LPR_logo_balts.svg\",\"contentUrl\":\"https:\\\/\\\/latpartika.lv\\\/wp-content\\\/uploads\\\/2024\\\/11\\\/LPR_logo_balts.svg\",\"width\":425,\"height\":589,\"caption\":\"Latvijas p\u0101rtikas ra\u017eot\u0101js\"},\"image\":{\"@id\":\"https:\\\/\\\/latpartika.lv\\\/#\\\/schema\\\/logo\\\/image\\\/\"}}]}<\/script>\n<!-- \/ Yoast SEO plugin. -->","yoast_head_json":{"title":"Bean and ham salad - Latvian food producer","robots":{"index":"index","follow":"follow","max-snippet":"max-snippet:-1","max-image-preview":"max-image-preview:large","max-video-preview":"max-video-preview:-1"},"canonical":"https:\/\/latpartika.lv\/en\/product\/bean-and-skink-salad\/","og_locale":"en_GB","og_type":"article","og_title":"Pupi\u0146u un \u0161\u0137i\u0146\u0137a sal\u0101ti - Latvijas p\u0101rtikas ra\u017eot\u0101js","og_description":"Sast\u0101vda\u013cas: pupi\u0146as 50% (pupi\u0146as, \u016bdens, s\u0101ls, antioksidants:E300), majon\u0113ze (rap\u0161u e\u013c\u013ca, \u016bdens, cukurs, v\u0101jpiena pulveris, \u00a0olu pulveris, modific\u0113ta ciete, s\u0101ls, sk\u0101buma regul\u0113t\u0101ji (E260, E270), biezin\u0101t\u0101ji (E412, E415), konservanti (E202, E211), aromatiz\u0113t\u0101js, kr\u0101sviela:E160a), k\/k c\u016bkga\u013ca 10% (c\u016bkas \u0161\u0137i\u0146\u0137is, \u016bdens, s\u0101ls, dekstroze, rauga ekstrakts, s\u0101ls, aromatiz\u0113t\u0101ji, konservants:E250, kartupe\u013cu ciete, modific\u0113ta ciete, stabiliz\u0113t\u0101ji (E450,E451), biezin\u0101t\u0101ji\u00a0 (E407,E412,E415,E410,E417), gar\u0161as pastiprin\u0101t\u0101ji (E621,E635), antioksidants:E316, c\u016bku olbaltumvielas, melno piparu ekstrakts), olas (olas, s\u0101ls, sk\u0101buma regul\u0113t\u0101js:E330, \u016bdens), marin\u0113ti gur\u0137i (gur\u0137i, \u016bdens, brendija eti\u0137is, s\u0101ls, konservants:E211, gar\u0161vielu ekstrakts, saldin\u0101t\u0101js:E954), paprika, puravi, dilles, sinepes (\u016bdens, sinepju pulveris 24%, cukurs, rap\u0161u e\u013c\u013ca, sk\u0101buma regul\u0113t\u0101js:E260, s\u0101ls, gar\u0161vielas), s\u0101ls.","og_url":"https:\/\/latpartika.lv\/en\/product\/bean-and-skink-salad\/","og_site_name":"Latvijas p\u0101rtikas ra\u017eot\u0101js","article_modified_time":"2025-01-03T09:14:10+00:00","og_image":[{"width":500,"height":500,"url":"https:\/\/latpartika.lv\/wp-content\/uploads\/2025\/01\/Pupinu-un-skinka-salati.png","type":"image\/png"}],"twitter_card":"summary_large_image","schema":{"@context":"https:\/\/schema.org","@graph":[{"@type":"WebPage","@id":"https:\/\/latpartika.lv\/product\/pupinu-un-skinka-salati","url":"https:\/\/latpartika.lv\/product\/pupinu-un-skinka-salati","name":"Bean and ham salad - Latvian food producer","isPartOf":{"@id":"https:\/\/latpartika.lv\/#website"},"primaryImageOfPage":{"@id":"https:\/\/latpartika.lv\/product\/pupinu-un-skinka-salati#primaryimage"},"image":{"@id":"https:\/\/latpartika.lv\/product\/pupinu-un-skinka-salati#primaryimage"},"thumbnailUrl":"https:\/\/latpartika.lv\/wp-content\/uploads\/2025\/01\/Pupinu-un-skinka-salati.png","datePublished":"2025-01-03T09:09:11+00:00","dateModified":"2025-01-03T09:14:10+00:00","breadcrumb":{"@id":"https:\/\/latpartika.lv\/product\/pupinu-un-skinka-salati#breadcrumb"},"inLanguage":"en-GB","potentialAction":[{"@type":"ReadAction","target":["https:\/\/latpartika.lv\/product\/pupinu-un-skinka-salati"]}]},{"@type":"ImageObject","inLanguage":"en-GB","@id":"https:\/\/latpartika.lv\/product\/pupinu-un-skinka-salati#primaryimage","url":"https:\/\/latpartika.lv\/wp-content\/uploads\/2025\/01\/Pupinu-un-skinka-salati.png","contentUrl":"https:\/\/latpartika.lv\/wp-content\/uploads\/2025\/01\/Pupinu-un-skinka-salati.png","width":500,"height":500},{"@type":"BreadcrumbList","@id":"https:\/\/latpartika.lv\/product\/pupinu-un-skinka-salati#breadcrumb","itemListElement":[{"@type":"ListItem","position":1,"name":"Home","item":"https:\/\/latpartika.lv\/en\/"},{"@type":"ListItem","position":2,"name":"Products","item":"https:\/\/latpartika.lv\/shop"},{"@type":"ListItem","position":3,"name":"Pupi\u0146u un \u0161\u0137i\u0146\u0137a sal\u0101ti"}]},{"@type":"WebSite","@id":"https:\/\/latpartika.lv\/#website","url":"https:\/\/latpartika.lv\/","name":"Latvian food producer","description":"Fresh produce from quality ingredients!","publisher":{"@id":"https:\/\/latpartika.lv\/#organization"},"potentialAction":[{"@type":"SearchAction","target":{"@type":"EntryPoint","urlTemplate":"https:\/\/latpartika.lv\/?s={search_term_string}"},"query-input":{"@type":"PropertyValueSpecification","valueRequired":true,"valueName":"search_term_string"}}],"inLanguage":"en-GB"},{"@type":"Organization","@id":"https:\/\/latpartika.lv\/#organization","name":"Latvian food producer","url":"https:\/\/latpartika.lv\/","logo":{"@type":"ImageObject","inLanguage":"en-GB","@id":"https:\/\/latpartika.lv\/#\/schema\/logo\/image\/","url":"https:\/\/latpartika.lv\/wp-content\/uploads\/2024\/11\/LPR_logo_balts.svg","contentUrl":"https:\/\/latpartika.lv\/wp-content\/uploads\/2024\/11\/LPR_logo_balts.svg","width":425,"height":589,"caption":"Latvijas p\u0101rtikas ra\u017eot\u0101js"},"image":{"@id":"https:\/\/latpartika.lv\/#\/schema\/logo\/image\/"}}]}},"_links":{"self":[{"href":"https:\/\/latpartika.lv\/en\/wp-json\/wp\/v2\/product\/700","targetHints":{"allow":["GET"]}}],"collection":[{"href":"https:\/\/latpartika.lv\/en\/wp-json\/wp\/v2\/product"}],"about":[{"href":"https:\/\/latpartika.lv\/en\/wp-json\/wp\/v2\/types\/product"}],"replies":[{"embeddable":true,"href":"https:\/\/latpartika.lv\/en\/wp-json\/wp\/v2\/comments?post=700"}],"version-history":[{"count":0,"href":"https:\/\/latpartika.lv\/en\/wp-json\/wp\/v2\/product\/700\/revisions"}],"wp:featuredmedia":[{"embeddable":true,"href":"https:\/\/latpartika.lv\/en\/wp-json\/wp\/v2\/media\/701"}],"wp:attachment":[{"href":"https:\/\/latpartika.lv\/en\/wp-json\/wp\/v2\/media?parent=700"}],"wp:term":[{"taxonomy":"product_brand","embeddable":true,"href":"https:\/\/latpartika.lv\/en\/wp-json\/wp\/v2\/product_brand?post=700"},{"taxonomy":"product_cat","embeddable":true,"href":"https:\/\/latpartika.lv\/en\/wp-json\/wp\/v2\/product_cat?post=700"},{"taxonomy":"product_tag","embeddable":true,"href":"https:\/\/latpartika.lv\/en\/wp-json\/wp\/v2\/product_tag?post=700"}],"curies":[{"name":"wp","href":"https:\/\/api.w.org\/{rel}","templated":true}]}}