{"id":712,"date":"2025-01-03T09:14:33","date_gmt":"2025-01-03T09:14:33","guid":{"rendered":"https:\/\/latpartika.lv\/?post_type=product&#038;p=712"},"modified":"2025-01-03T09:18:49","modified_gmt":"2025-01-03T09:18:49","slug":"launaga-rasol","status":"publish","type":"product","link":"https:\/\/latpartika.lv\/en\/product\/launaga-rasols","title":{"rendered":"Launaga rasol"},"content":{"rendered":"<p>Lorem ipsum dolor sit amet, consectetur adipiscing elit. Phasellus quis tempus lacus. Nam fringilla iaculis turpis a dictum. Nam ex nunc, malesuada vel ornare vitae, lacinia maximus lectus. In vel egestas ligula, at pellentesque quam. Integer sit amet consequat libero. Quisque non bibendum odio.<\/p>","protected":false},"excerpt":{"rendered":"<p><strong>Ingredients:<\/strong> potatoes, mayonnaise (rapeseed oil, water, <strong><em>ooh<\/em><\/strong> dust, <strong><em>Buttermilk<\/em><\/strong> powder, sugar, modified starch, <strong><em>mustard<\/em><\/strong> powder, salt, acidity regulators (E260, E330, E500), thickeners (E412, E415), preservative:E202, spices), pickled cucumbers (cucumbers, acidity regulator:E260, salt, sugar, spices, preservative:E211), sausage 9% (pork, pork fat, water, salt, acidity regulators (E450, E452), antioxidant:E300, dextrose, spices (contains <strong><em>mustard<\/em><\/strong>), flavourings, spice extracts, preservative:E250), green peas (green peas, water, sugar, salt), salt, ground black pepper.<\/p>","protected":false},"featured_media":713,"comment_status":"closed","ping_status":"closed","template":"","meta":[],"product_brand":[],"product_cat":[34,37],"product_tag":[],"class_list":{"0":"post-712","1":"product","2":"type-product","3":"status-publish","4":"has-post-thumbnail","6":"product_cat-produkti","7":"product_cat-salati","9":"first","10":"instock","11":"shipping-taxable","12":"product-type-simple"},"yoast_head":"<!-- This site is optimized with the Yoast SEO plugin v27.3 - https:\/\/yoast.com\/product\/yoast-seo-wordpress\/ -->\n<title>Launaga rasols - Latvijas p\u0101rtikas ra\u017eot\u0101js<\/title>\n<meta name=\"robots\" content=\"index, follow, max-snippet:-1, max-image-preview:large, max-video-preview:-1\" \/>\n<link rel=\"canonical\" href=\"https:\/\/latpartika.lv\/en\/product\/launaga-rasol\/\" \/>\n<meta property=\"og:locale\" content=\"en_GB\" \/>\n<meta property=\"og:type\" content=\"article\" \/>\n<meta property=\"og:title\" content=\"Launaga rasols - Latvijas p\u0101rtikas ra\u017eot\u0101js\" \/>\n<meta property=\"og:description\" content=\"Sast\u0101vda\u013cas: kartupe\u013ci, majon\u0113ze (rap\u0161u e\u013c\u013ca, \u016bdens, olu pulveris, v\u0101jpiena pulveris, cukurs, p\u0101rveidota ciete, sinepju pulveris, s\u0101ls, sk\u0101buma regul\u0113t\u0101ji (E260, E330, E500), biezin\u0101t\u0101ji (E412, E415), konservants:E202, gar\u0161vielas), marin\u0113ti gur\u0137i (gur\u0137i, sk\u0101buma regul\u0113t\u0101js:E260, s\u0101ls, cukurs, gar\u0161vielas, konservants:E211), desa 9% (c\u016bkga\u013ca, c\u016bkas spe\u0137is, \u016bdens, s\u0101ls, sk\u0101buma regul\u0113t\u0101ji (E450, E452), antioksidants:E300, dekstroze, gar\u0161vielas (satur sinepes), aromatiz\u0113t\u0101ji, gar\u0161vielu ekstrakti, konservants:E250), za\u013cie zirn\u012b\u0161i (za\u013cie zirn\u012b\u0161i, \u016bdens, cukurs, s\u0101ls), s\u0101ls, melnie pipari malti.\" \/>\n<meta property=\"og:url\" content=\"https:\/\/latpartika.lv\/en\/product\/launaga-rasol\/\" \/>\n<meta property=\"og:site_name\" content=\"Latvijas p\u0101rtikas ra\u017eot\u0101js\" \/>\n<meta property=\"article:modified_time\" content=\"2025-01-03T09:18:49+00:00\" \/>\n<meta property=\"og:image\" content=\"https:\/\/latpartika.lv\/wp-content\/uploads\/2025\/01\/Launaga-rasols.png\" \/>\n\t<meta property=\"og:image:width\" content=\"500\" \/>\n\t<meta property=\"og:image:height\" content=\"500\" \/>\n\t<meta property=\"og:image:type\" content=\"image\/png\" \/>\n<meta name=\"twitter:card\" content=\"summary_large_image\" \/>\n<script type=\"application\/ld+json\" class=\"yoast-schema-graph\">{\"@context\":\"https:\\\/\\\/schema.org\",\"@graph\":[{\"@type\":\"WebPage\",\"@id\":\"https:\\\/\\\/latpartika.lv\\\/product\\\/launaga-rasols\",\"url\":\"https:\\\/\\\/latpartika.lv\\\/product\\\/launaga-rasols\",\"name\":\"Launaga rasols - Latvijas p\u0101rtikas ra\u017eot\u0101js\",\"isPartOf\":{\"@id\":\"https:\\\/\\\/latpartika.lv\\\/#website\"},\"primaryImageOfPage\":{\"@id\":\"https:\\\/\\\/latpartika.lv\\\/product\\\/launaga-rasols#primaryimage\"},\"image\":{\"@id\":\"https:\\\/\\\/latpartika.lv\\\/product\\\/launaga-rasols#primaryimage\"},\"thumbnailUrl\":\"https:\\\/\\\/latpartika.lv\\\/wp-content\\\/uploads\\\/2025\\\/01\\\/Launaga-rasols.png\",\"datePublished\":\"2025-01-03T09:14:33+00:00\",\"dateModified\":\"2025-01-03T09:18:49+00:00\",\"breadcrumb\":{\"@id\":\"https:\\\/\\\/latpartika.lv\\\/product\\\/launaga-rasols#breadcrumb\"},\"inLanguage\":\"en-GB\",\"potentialAction\":[{\"@type\":\"ReadAction\",\"target\":[\"https:\\\/\\\/latpartika.lv\\\/product\\\/launaga-rasols\"]}]},{\"@type\":\"ImageObject\",\"inLanguage\":\"en-GB\",\"@id\":\"https:\\\/\\\/latpartika.lv\\\/product\\\/launaga-rasols#primaryimage\",\"url\":\"https:\\\/\\\/latpartika.lv\\\/wp-content\\\/uploads\\\/2025\\\/01\\\/Launaga-rasols.png\",\"contentUrl\":\"https:\\\/\\\/latpartika.lv\\\/wp-content\\\/uploads\\\/2025\\\/01\\\/Launaga-rasols.png\",\"width\":500,\"height\":500},{\"@type\":\"BreadcrumbList\",\"@id\":\"https:\\\/\\\/latpartika.lv\\\/product\\\/launaga-rasols#breadcrumb\",\"itemListElement\":[{\"@type\":\"ListItem\",\"position\":1,\"name\":\"Home\",\"item\":\"https:\\\/\\\/latpartika.lv\\\/en\\\/\"},{\"@type\":\"ListItem\",\"position\":2,\"name\":\"Products\",\"item\":\"https:\\\/\\\/latpartika.lv\\\/shop\"},{\"@type\":\"ListItem\",\"position\":3,\"name\":\"Launaga rasols\"}]},{\"@type\":\"WebSite\",\"@id\":\"https:\\\/\\\/latpartika.lv\\\/#website\",\"url\":\"https:\\\/\\\/latpartika.lv\\\/\",\"name\":\"Latvijas p\u0101rtikas ra\u017eot\u0101js\",\"description\":\"Svaigi produkti no kvalitat\u012bv\u0101m izejviel\u0101m!\",\"publisher\":{\"@id\":\"https:\\\/\\\/latpartika.lv\\\/#organization\"},\"potentialAction\":[{\"@type\":\"SearchAction\",\"target\":{\"@type\":\"EntryPoint\",\"urlTemplate\":\"https:\\\/\\\/latpartika.lv\\\/?s={search_term_string}\"},\"query-input\":{\"@type\":\"PropertyValueSpecification\",\"valueRequired\":true,\"valueName\":\"search_term_string\"}}],\"inLanguage\":\"en-GB\"},{\"@type\":\"Organization\",\"@id\":\"https:\\\/\\\/latpartika.lv\\\/#organization\",\"name\":\"Latvijas p\u0101rtikas ra\u017eot\u0101js\",\"url\":\"https:\\\/\\\/latpartika.lv\\\/\",\"logo\":{\"@type\":\"ImageObject\",\"inLanguage\":\"en-GB\",\"@id\":\"https:\\\/\\\/latpartika.lv\\\/#\\\/schema\\\/logo\\\/image\\\/\",\"url\":\"https:\\\/\\\/latpartika.lv\\\/wp-content\\\/uploads\\\/2024\\\/11\\\/LPR_logo_balts.svg\",\"contentUrl\":\"https:\\\/\\\/latpartika.lv\\\/wp-content\\\/uploads\\\/2024\\\/11\\\/LPR_logo_balts.svg\",\"width\":425,\"height\":589,\"caption\":\"Latvijas p\u0101rtikas ra\u017eot\u0101js\"},\"image\":{\"@id\":\"https:\\\/\\\/latpartika.lv\\\/#\\\/schema\\\/logo\\\/image\\\/\"}}]}<\/script>\n<!-- \/ Yoast SEO plugin. -->","yoast_head_json":{"title":"Launaga rasols - Latvian food producer","robots":{"index":"index","follow":"follow","max-snippet":"max-snippet:-1","max-image-preview":"max-image-preview:large","max-video-preview":"max-video-preview:-1"},"canonical":"https:\/\/latpartika.lv\/en\/product\/launaga-rasol\/","og_locale":"en_GB","og_type":"article","og_title":"Launaga rasols - Latvijas p\u0101rtikas ra\u017eot\u0101js","og_description":"Sast\u0101vda\u013cas: kartupe\u013ci, majon\u0113ze (rap\u0161u e\u013c\u013ca, \u016bdens, olu pulveris, v\u0101jpiena pulveris, cukurs, p\u0101rveidota ciete, sinepju pulveris, s\u0101ls, sk\u0101buma regul\u0113t\u0101ji (E260, E330, E500), biezin\u0101t\u0101ji (E412, E415), konservants:E202, gar\u0161vielas), marin\u0113ti gur\u0137i (gur\u0137i, sk\u0101buma regul\u0113t\u0101js:E260, s\u0101ls, cukurs, gar\u0161vielas, konservants:E211), desa 9% (c\u016bkga\u013ca, c\u016bkas spe\u0137is, \u016bdens, s\u0101ls, sk\u0101buma regul\u0113t\u0101ji (E450, E452), antioksidants:E300, dekstroze, gar\u0161vielas (satur sinepes), aromatiz\u0113t\u0101ji, gar\u0161vielu ekstrakti, konservants:E250), za\u013cie zirn\u012b\u0161i (za\u013cie zirn\u012b\u0161i, \u016bdens, cukurs, s\u0101ls), s\u0101ls, melnie pipari malti.","og_url":"https:\/\/latpartika.lv\/en\/product\/launaga-rasol\/","og_site_name":"Latvijas p\u0101rtikas ra\u017eot\u0101js","article_modified_time":"2025-01-03T09:18:49+00:00","og_image":[{"width":500,"height":500,"url":"https:\/\/latpartika.lv\/wp-content\/uploads\/2025\/01\/Launaga-rasols.png","type":"image\/png"}],"twitter_card":"summary_large_image","schema":{"@context":"https:\/\/schema.org","@graph":[{"@type":"WebPage","@id":"https:\/\/latpartika.lv\/product\/launaga-rasols","url":"https:\/\/latpartika.lv\/product\/launaga-rasols","name":"Launaga rasols - Latvian food producer","isPartOf":{"@id":"https:\/\/latpartika.lv\/#website"},"primaryImageOfPage":{"@id":"https:\/\/latpartika.lv\/product\/launaga-rasols#primaryimage"},"image":{"@id":"https:\/\/latpartika.lv\/product\/launaga-rasols#primaryimage"},"thumbnailUrl":"https:\/\/latpartika.lv\/wp-content\/uploads\/2025\/01\/Launaga-rasols.png","datePublished":"2025-01-03T09:14:33+00:00","dateModified":"2025-01-03T09:18:49+00:00","breadcrumb":{"@id":"https:\/\/latpartika.lv\/product\/launaga-rasols#breadcrumb"},"inLanguage":"en-GB","potentialAction":[{"@type":"ReadAction","target":["https:\/\/latpartika.lv\/product\/launaga-rasols"]}]},{"@type":"ImageObject","inLanguage":"en-GB","@id":"https:\/\/latpartika.lv\/product\/launaga-rasols#primaryimage","url":"https:\/\/latpartika.lv\/wp-content\/uploads\/2025\/01\/Launaga-rasols.png","contentUrl":"https:\/\/latpartika.lv\/wp-content\/uploads\/2025\/01\/Launaga-rasols.png","width":500,"height":500},{"@type":"BreadcrumbList","@id":"https:\/\/latpartika.lv\/product\/launaga-rasols#breadcrumb","itemListElement":[{"@type":"ListItem","position":1,"name":"Home","item":"https:\/\/latpartika.lv\/en\/"},{"@type":"ListItem","position":2,"name":"Products","item":"https:\/\/latpartika.lv\/shop"},{"@type":"ListItem","position":3,"name":"Launaga rasols"}]},{"@type":"WebSite","@id":"https:\/\/latpartika.lv\/#website","url":"https:\/\/latpartika.lv\/","name":"Latvian food producer","description":"Fresh produce from quality ingredients!","publisher":{"@id":"https:\/\/latpartika.lv\/#organization"},"potentialAction":[{"@type":"SearchAction","target":{"@type":"EntryPoint","urlTemplate":"https:\/\/latpartika.lv\/?s={search_term_string}"},"query-input":{"@type":"PropertyValueSpecification","valueRequired":true,"valueName":"search_term_string"}}],"inLanguage":"en-GB"},{"@type":"Organization","@id":"https:\/\/latpartika.lv\/#organization","name":"Latvian food producer","url":"https:\/\/latpartika.lv\/","logo":{"@type":"ImageObject","inLanguage":"en-GB","@id":"https:\/\/latpartika.lv\/#\/schema\/logo\/image\/","url":"https:\/\/latpartika.lv\/wp-content\/uploads\/2024\/11\/LPR_logo_balts.svg","contentUrl":"https:\/\/latpartika.lv\/wp-content\/uploads\/2024\/11\/LPR_logo_balts.svg","width":425,"height":589,"caption":"Latvijas p\u0101rtikas ra\u017eot\u0101js"},"image":{"@id":"https:\/\/latpartika.lv\/#\/schema\/logo\/image\/"}}]}},"_links":{"self":[{"href":"https:\/\/latpartika.lv\/en\/wp-json\/wp\/v2\/product\/712","targetHints":{"allow":["GET"]}}],"collection":[{"href":"https:\/\/latpartika.lv\/en\/wp-json\/wp\/v2\/product"}],"about":[{"href":"https:\/\/latpartika.lv\/en\/wp-json\/wp\/v2\/types\/product"}],"replies":[{"embeddable":true,"href":"https:\/\/latpartika.lv\/en\/wp-json\/wp\/v2\/comments?post=712"}],"version-history":[{"count":0,"href":"https:\/\/latpartika.lv\/en\/wp-json\/wp\/v2\/product\/712\/revisions"}],"wp:featuredmedia":[{"embeddable":true,"href":"https:\/\/latpartika.lv\/en\/wp-json\/wp\/v2\/media\/713"}],"wp:attachment":[{"href":"https:\/\/latpartika.lv\/en\/wp-json\/wp\/v2\/media?parent=712"}],"wp:term":[{"taxonomy":"product_brand","embeddable":true,"href":"https:\/\/latpartika.lv\/en\/wp-json\/wp\/v2\/product_brand?post=712"},{"taxonomy":"product_cat","embeddable":true,"href":"https:\/\/latpartika.lv\/en\/wp-json\/wp\/v2\/product_cat?post=712"},{"taxonomy":"product_tag","embeddable":true,"href":"https:\/\/latpartika.lv\/en\/wp-json\/wp\/v2\/product_tag?post=712"}],"curies":[{"name":"wp","href":"https:\/\/api.w.org\/{rel}","templated":true}]}}