{"id":755,"date":"2025-01-03T09:39:58","date_gmt":"2025-01-03T09:39:58","guid":{"rendered":"https:\/\/latpartika.lv\/?post_type=product&#038;p=755"},"modified":"2025-01-03T09:45:17","modified_gmt":"2025-01-03T09:45:17","slug":"cheese-salad-with-carrots","status":"publish","type":"product","link":"https:\/\/latpartika.lv\/en\/product\/siera-salati-ar-burkaniem","title":{"rendered":"Cheese salad with carrots"},"content":{"rendered":"<p>The product may contain <strong>kvie\u0161u lipekli, zivis, soju, zemesriekstus, riekstus, sezamu, seleriju, s\u0113ra dioks\u012bdu, v\u0113\u017eveid\u012bgos<\/strong> un to produktu da\u013ci\u0146as.<\/p>\n<p><strong>100 g produkta satur:<\/strong> Ener\u0123\u0113tisk\u0101 v\u0113rt\u012bba 1446kJ\/350kcal. Tauki 33.2g, tostarp pies\u0101tin\u0101t\u0101s tauksk\u0101bes 7.9g, og\u013chidr\u0101ti 2.6g, tostarp cukuri 1.9g, olbaltumvielas 10.1g, s\u0101ls 1.1g.<\/p>\n<p>UZGLAB\u0100\u0160ANA, TRANSPORT\u0112\u0160ANA, REALIZ\u0100CIJAS BEIGU TERMI\u0145\u0160<br \/>\nUzglab\u0101\u0161ana, transport\u0113\u0161ana +2..+6\u2070C<br \/>\nDer\u012bguma termi\u0146\u0161 7 dienas<br \/>\nIzlietot l\u012bdz skat\u012bt uz iepakojuma<br \/>\nP\u0113c atv\u0113r\u0161anas izlietot der\u012bguma termi\u0146a ietvaros<br \/>\nIepakots aizsargatmosf\u0113r\u0101<\/p>","protected":false},"excerpt":{"rendered":"<p><strong>Ingredients:<\/strong> Mayonnaise (rapeseed oil, water, sugar, <strong><em>Buttermilk<\/em><\/strong> dust,<strong><em>\u00a0ooh<\/em><\/strong> Powder (contains maltodextrin), modified starch, salt, acidity regulators (E260, E270), thickeners (E412, E415), preservatives (E202, E211), <strong><em>mustard <\/em><\/strong>seed flavouring, colour:E160a), <strong><em>Cheese<\/em><\/strong> 32%(<strong><em>milk<\/em><\/strong>, lactic acid bacterial starter, salt, hardener:E509, thickener:enzyme chymosin, colour:E160a), carrots, <strong><em>eggs<\/em><\/strong> (<strong><em>eggs<\/em><\/strong>, water, salt, acidity regulator: E330), garlic 0.3%.<\/p>","protected":false},"featured_media":756,"comment_status":"closed","ping_status":"closed","template":"","meta":[],"product_brand":[],"product_cat":[34,37],"product_tag":[],"class_list":{"0":"post-755","1":"product","2":"type-product","3":"status-publish","4":"has-post-thumbnail","6":"product_cat-produkti","7":"product_cat-salati","9":"first","10":"instock","11":"shipping-taxable","12":"product-type-simple"},"yoast_head":"<!-- This site is optimized with the Yoast SEO plugin v27.3 - https:\/\/yoast.com\/product\/yoast-seo-wordpress\/ -->\n<title>Siera sal\u0101ti ar burk\u0101niem - Latvijas p\u0101rtikas ra\u017eot\u0101js<\/title>\n<meta name=\"robots\" content=\"index, follow, max-snippet:-1, max-image-preview:large, max-video-preview:-1\" \/>\n<link rel=\"canonical\" href=\"https:\/\/latpartika.lv\/en\/product\/cheese-salad-with-carrots\/\" \/>\n<meta property=\"og:locale\" content=\"en_GB\" \/>\n<meta property=\"og:type\" content=\"article\" \/>\n<meta property=\"og:title\" content=\"Siera sal\u0101ti ar burk\u0101niem - Latvijas p\u0101rtikas ra\u017eot\u0101js\" \/>\n<meta property=\"og:description\" content=\"Sast\u0101vda\u013cas: majon\u0113ze (rap\u0161u e\u013c\u013ca, \u016bdens, cukurs, v\u0101jpiena pulveris,\u00a0olu pulveris (satur maltodekstr\u012bnu), p\u0101rveidota ciete, s\u0101ls, sk\u0101buma regul\u0113t\u0101ji (E260, E270), biezin\u0101t\u0101ji (E412, E415), konservanti (E202, E211), sinepju s\u0113klu aromatiz\u0113t\u0101js, kr\u0101sviela:E160a), siers 32%(piens, piensk\u0101bes bakt\u0113riju ieraugs, s\u0101ls, cietin\u0101t\u0101js:E509, recin\u0101t\u0101js:ferments himoz\u012bns, kr\u0101sviela:E160a), burk\u0101ni, olas (olas, \u016bdens, s\u0101ls, sk\u0101buma regul\u0113t\u0101js: E330), \u0137iploki 0.3%.\" \/>\n<meta property=\"og:url\" content=\"https:\/\/latpartika.lv\/en\/product\/cheese-salad-with-carrots\/\" \/>\n<meta property=\"og:site_name\" content=\"Latvijas p\u0101rtikas ra\u017eot\u0101js\" \/>\n<meta property=\"article:modified_time\" content=\"2025-01-03T09:45:17+00:00\" \/>\n<meta property=\"og:image\" content=\"https:\/\/latpartika.lv\/wp-content\/uploads\/2025\/01\/Siera-salati-ar-burkaniem.png\" \/>\n\t<meta property=\"og:image:width\" content=\"500\" \/>\n\t<meta property=\"og:image:height\" content=\"500\" \/>\n\t<meta property=\"og:image:type\" content=\"image\/png\" \/>\n<meta name=\"twitter:card\" content=\"summary_large_image\" \/>\n<script type=\"application\/ld+json\" class=\"yoast-schema-graph\">{\"@context\":\"https:\\\/\\\/schema.org\",\"@graph\":[{\"@type\":\"WebPage\",\"@id\":\"https:\\\/\\\/latpartika.lv\\\/product\\\/siera-salati-ar-burkaniem\",\"url\":\"https:\\\/\\\/latpartika.lv\\\/product\\\/siera-salati-ar-burkaniem\",\"name\":\"Siera sal\u0101ti ar burk\u0101niem - Latvijas p\u0101rtikas ra\u017eot\u0101js\",\"isPartOf\":{\"@id\":\"https:\\\/\\\/latpartika.lv\\\/#website\"},\"primaryImageOfPage\":{\"@id\":\"https:\\\/\\\/latpartika.lv\\\/product\\\/siera-salati-ar-burkaniem#primaryimage\"},\"image\":{\"@id\":\"https:\\\/\\\/latpartika.lv\\\/product\\\/siera-salati-ar-burkaniem#primaryimage\"},\"thumbnailUrl\":\"https:\\\/\\\/latpartika.lv\\\/wp-content\\\/uploads\\\/2025\\\/01\\\/Siera-salati-ar-burkaniem.png\",\"datePublished\":\"2025-01-03T09:39:58+00:00\",\"dateModified\":\"2025-01-03T09:45:17+00:00\",\"breadcrumb\":{\"@id\":\"https:\\\/\\\/latpartika.lv\\\/product\\\/siera-salati-ar-burkaniem#breadcrumb\"},\"inLanguage\":\"en-GB\",\"potentialAction\":[{\"@type\":\"ReadAction\",\"target\":[\"https:\\\/\\\/latpartika.lv\\\/product\\\/siera-salati-ar-burkaniem\"]}]},{\"@type\":\"ImageObject\",\"inLanguage\":\"en-GB\",\"@id\":\"https:\\\/\\\/latpartika.lv\\\/product\\\/siera-salati-ar-burkaniem#primaryimage\",\"url\":\"https:\\\/\\\/latpartika.lv\\\/wp-content\\\/uploads\\\/2025\\\/01\\\/Siera-salati-ar-burkaniem.png\",\"contentUrl\":\"https:\\\/\\\/latpartika.lv\\\/wp-content\\\/uploads\\\/2025\\\/01\\\/Siera-salati-ar-burkaniem.png\",\"width\":500,\"height\":500},{\"@type\":\"BreadcrumbList\",\"@id\":\"https:\\\/\\\/latpartika.lv\\\/product\\\/siera-salati-ar-burkaniem#breadcrumb\",\"itemListElement\":[{\"@type\":\"ListItem\",\"position\":1,\"name\":\"Home\",\"item\":\"https:\\\/\\\/latpartika.lv\\\/en\\\/\"},{\"@type\":\"ListItem\",\"position\":2,\"name\":\"Products\",\"item\":\"https:\\\/\\\/latpartika.lv\\\/shop\"},{\"@type\":\"ListItem\",\"position\":3,\"name\":\"Siera sal\u0101ti ar burk\u0101niem\"}]},{\"@type\":\"WebSite\",\"@id\":\"https:\\\/\\\/latpartika.lv\\\/#website\",\"url\":\"https:\\\/\\\/latpartika.lv\\\/\",\"name\":\"Latvijas p\u0101rtikas ra\u017eot\u0101js\",\"description\":\"Svaigi produkti no kvalitat\u012bv\u0101m izejviel\u0101m!\",\"publisher\":{\"@id\":\"https:\\\/\\\/latpartika.lv\\\/#organization\"},\"potentialAction\":[{\"@type\":\"SearchAction\",\"target\":{\"@type\":\"EntryPoint\",\"urlTemplate\":\"https:\\\/\\\/latpartika.lv\\\/?s={search_term_string}\"},\"query-input\":{\"@type\":\"PropertyValueSpecification\",\"valueRequired\":true,\"valueName\":\"search_term_string\"}}],\"inLanguage\":\"en-GB\"},{\"@type\":\"Organization\",\"@id\":\"https:\\\/\\\/latpartika.lv\\\/#organization\",\"name\":\"Latvijas p\u0101rtikas ra\u017eot\u0101js\",\"url\":\"https:\\\/\\\/latpartika.lv\\\/\",\"logo\":{\"@type\":\"ImageObject\",\"inLanguage\":\"en-GB\",\"@id\":\"https:\\\/\\\/latpartika.lv\\\/#\\\/schema\\\/logo\\\/image\\\/\",\"url\":\"https:\\\/\\\/latpartika.lv\\\/wp-content\\\/uploads\\\/2024\\\/11\\\/LPR_logo_balts.svg\",\"contentUrl\":\"https:\\\/\\\/latpartika.lv\\\/wp-content\\\/uploads\\\/2024\\\/11\\\/LPR_logo_balts.svg\",\"width\":425,\"height\":589,\"caption\":\"Latvijas p\u0101rtikas ra\u017eot\u0101js\"},\"image\":{\"@id\":\"https:\\\/\\\/latpartika.lv\\\/#\\\/schema\\\/logo\\\/image\\\/\"}}]}<\/script>\n<!-- \/ Yoast SEO plugin. -->","yoast_head_json":{"title":"Cheese salad with carrots - Latvian food producer","robots":{"index":"index","follow":"follow","max-snippet":"max-snippet:-1","max-image-preview":"max-image-preview:large","max-video-preview":"max-video-preview:-1"},"canonical":"https:\/\/latpartika.lv\/en\/product\/cheese-salad-with-carrots\/","og_locale":"en_GB","og_type":"article","og_title":"Siera sal\u0101ti ar burk\u0101niem - Latvijas p\u0101rtikas ra\u017eot\u0101js","og_description":"Sast\u0101vda\u013cas: majon\u0113ze (rap\u0161u e\u013c\u013ca, \u016bdens, cukurs, v\u0101jpiena pulveris,\u00a0olu pulveris (satur maltodekstr\u012bnu), p\u0101rveidota ciete, s\u0101ls, sk\u0101buma regul\u0113t\u0101ji (E260, E270), biezin\u0101t\u0101ji (E412, E415), konservanti (E202, E211), sinepju s\u0113klu aromatiz\u0113t\u0101js, kr\u0101sviela:E160a), siers 32%(piens, piensk\u0101bes bakt\u0113riju ieraugs, s\u0101ls, cietin\u0101t\u0101js:E509, recin\u0101t\u0101js:ferments himoz\u012bns, kr\u0101sviela:E160a), burk\u0101ni, olas (olas, \u016bdens, s\u0101ls, sk\u0101buma regul\u0113t\u0101js: E330), \u0137iploki 0.3%.","og_url":"https:\/\/latpartika.lv\/en\/product\/cheese-salad-with-carrots\/","og_site_name":"Latvijas p\u0101rtikas ra\u017eot\u0101js","article_modified_time":"2025-01-03T09:45:17+00:00","og_image":[{"width":500,"height":500,"url":"https:\/\/latpartika.lv\/wp-content\/uploads\/2025\/01\/Siera-salati-ar-burkaniem.png","type":"image\/png"}],"twitter_card":"summary_large_image","schema":{"@context":"https:\/\/schema.org","@graph":[{"@type":"WebPage","@id":"https:\/\/latpartika.lv\/product\/siera-salati-ar-burkaniem","url":"https:\/\/latpartika.lv\/product\/siera-salati-ar-burkaniem","name":"Cheese salad with carrots - Latvian food producer","isPartOf":{"@id":"https:\/\/latpartika.lv\/#website"},"primaryImageOfPage":{"@id":"https:\/\/latpartika.lv\/product\/siera-salati-ar-burkaniem#primaryimage"},"image":{"@id":"https:\/\/latpartika.lv\/product\/siera-salati-ar-burkaniem#primaryimage"},"thumbnailUrl":"https:\/\/latpartika.lv\/wp-content\/uploads\/2025\/01\/Siera-salati-ar-burkaniem.png","datePublished":"2025-01-03T09:39:58+00:00","dateModified":"2025-01-03T09:45:17+00:00","breadcrumb":{"@id":"https:\/\/latpartika.lv\/product\/siera-salati-ar-burkaniem#breadcrumb"},"inLanguage":"en-GB","potentialAction":[{"@type":"ReadAction","target":["https:\/\/latpartika.lv\/product\/siera-salati-ar-burkaniem"]}]},{"@type":"ImageObject","inLanguage":"en-GB","@id":"https:\/\/latpartika.lv\/product\/siera-salati-ar-burkaniem#primaryimage","url":"https:\/\/latpartika.lv\/wp-content\/uploads\/2025\/01\/Siera-salati-ar-burkaniem.png","contentUrl":"https:\/\/latpartika.lv\/wp-content\/uploads\/2025\/01\/Siera-salati-ar-burkaniem.png","width":500,"height":500},{"@type":"BreadcrumbList","@id":"https:\/\/latpartika.lv\/product\/siera-salati-ar-burkaniem#breadcrumb","itemListElement":[{"@type":"ListItem","position":1,"name":"Home","item":"https:\/\/latpartika.lv\/en\/"},{"@type":"ListItem","position":2,"name":"Products","item":"https:\/\/latpartika.lv\/shop"},{"@type":"ListItem","position":3,"name":"Siera sal\u0101ti ar burk\u0101niem"}]},{"@type":"WebSite","@id":"https:\/\/latpartika.lv\/#website","url":"https:\/\/latpartika.lv\/","name":"Latvian food producer","description":"Fresh produce from quality ingredients!","publisher":{"@id":"https:\/\/latpartika.lv\/#organization"},"potentialAction":[{"@type":"SearchAction","target":{"@type":"EntryPoint","urlTemplate":"https:\/\/latpartika.lv\/?s={search_term_string}"},"query-input":{"@type":"PropertyValueSpecification","valueRequired":true,"valueName":"search_term_string"}}],"inLanguage":"en-GB"},{"@type":"Organization","@id":"https:\/\/latpartika.lv\/#organization","name":"Latvian food producer","url":"https:\/\/latpartika.lv\/","logo":{"@type":"ImageObject","inLanguage":"en-GB","@id":"https:\/\/latpartika.lv\/#\/schema\/logo\/image\/","url":"https:\/\/latpartika.lv\/wp-content\/uploads\/2024\/11\/LPR_logo_balts.svg","contentUrl":"https:\/\/latpartika.lv\/wp-content\/uploads\/2024\/11\/LPR_logo_balts.svg","width":425,"height":589,"caption":"Latvijas p\u0101rtikas ra\u017eot\u0101js"},"image":{"@id":"https:\/\/latpartika.lv\/#\/schema\/logo\/image\/"}}]}},"_links":{"self":[{"href":"https:\/\/latpartika.lv\/en\/wp-json\/wp\/v2\/product\/755","targetHints":{"allow":["GET"]}}],"collection":[{"href":"https:\/\/latpartika.lv\/en\/wp-json\/wp\/v2\/product"}],"about":[{"href":"https:\/\/latpartika.lv\/en\/wp-json\/wp\/v2\/types\/product"}],"replies":[{"embeddable":true,"href":"https:\/\/latpartika.lv\/en\/wp-json\/wp\/v2\/comments?post=755"}],"version-history":[{"count":0,"href":"https:\/\/latpartika.lv\/en\/wp-json\/wp\/v2\/product\/755\/revisions"}],"wp:featuredmedia":[{"embeddable":true,"href":"https:\/\/latpartika.lv\/en\/wp-json\/wp\/v2\/media\/756"}],"wp:attachment":[{"href":"https:\/\/latpartika.lv\/en\/wp-json\/wp\/v2\/media?parent=755"}],"wp:term":[{"taxonomy":"product_brand","embeddable":true,"href":"https:\/\/latpartika.lv\/en\/wp-json\/wp\/v2\/product_brand?post=755"},{"taxonomy":"product_cat","embeddable":true,"href":"https:\/\/latpartika.lv\/en\/wp-json\/wp\/v2\/product_cat?post=755"},{"taxonomy":"product_tag","embeddable":true,"href":"https:\/\/latpartika.lv\/en\/wp-json\/wp\/v2\/product_tag?post=755"}],"curies":[{"name":"wp","href":"https:\/\/api.w.org\/{rel}","templated":true}]}}