{"id":779,"date":"2025-01-03T09:50:38","date_gmt":"2025-01-03T09:50:38","guid":{"rendered":"https:\/\/latpartika.lv\/?post_type=product&#038;p=779"},"modified":"2025-01-03T09:55:17","modified_gmt":"2025-01-03T09:55:17","slug":"rassol","status":"publish","type":"product","link":"https:\/\/latpartika.lv\/en\/product\/rasols","title":{"rendered":"Russol"},"content":{"rendered":"<p>Lorem ipsum dolor sit amet, consectetur adipiscing elit. Phasellus quis tempus lacus. Nam fringilla iaculis turpis a dictum. Nam ex nunc, malesuada vel ornare vitae, lacinia maximus lectus. In vel egestas ligula, at pellentesque quam. Integer sit amet consequat libero. Quisque non bibendum odio.<\/p>","protected":false},"excerpt":{"rendered":"<p><strong>Ingredients: <\/strong>potatoes, mayonnaise (rapeseed oil, water, <strong><em>ooh<\/em><\/strong> powder (containing <strong><em>maltodextrin<\/em><\/strong>), <strong><em>Buttermilk<\/em><\/strong> powder, sugar, salt, acidity regulators (acetic acid, citric acid), preservative (potassium sorbate), <strong><em>mustard seed<\/em><\/strong> flavouring, colour (beta carotene)), sausage (pork, pork fat, water, salt, acidity regulators (E450, E451, E452), antioxidant :E300, dextrose, spices (<strong><em>mustard<\/em><\/strong>), flavourings, spice extracts), canned green peas (green peas, salt, sugar, water), <strong><em>eggs<\/em><\/strong> (<strong><em>eggs<\/em><\/strong>, water, salt, acidity regulator: E330), pickled cucumbers (cucumbers, water, wine vinegar, salt, spices (dill, onion, <strong><em>mustard,<\/em><\/strong> pepper), preservative:E211, sweetener:E954, natural flavouring), carrots, fresh cucumbers, <strong><em>mustard<\/em><\/strong> (water, <strong><em>mustard<\/em><\/strong> powder, sugar, rapeseed oil, acidity regulator (acetic acid), salt, spices), salt.<\/p>","protected":false},"featured_media":780,"comment_status":"closed","ping_status":"closed","template":"","meta":[],"product_brand":[],"product_cat":[34,37],"product_tag":[],"class_list":{"0":"post-779","1":"product","2":"type-product","3":"status-publish","4":"has-post-thumbnail","6":"product_cat-produkti","7":"product_cat-salati","9":"first","10":"instock","11":"shipping-taxable","12":"product-type-simple"},"yoast_head":"<!-- This site is optimized with the Yoast SEO plugin v27.3 - https:\/\/yoast.com\/product\/yoast-seo-wordpress\/ -->\n<title>Rasols - Latvijas p\u0101rtikas ra\u017eot\u0101js<\/title>\n<meta name=\"robots\" content=\"index, follow, max-snippet:-1, max-image-preview:large, max-video-preview:-1\" \/>\n<link rel=\"canonical\" href=\"https:\/\/latpartika.lv\/en\/product\/rassol\/\" \/>\n<meta property=\"og:locale\" content=\"en_GB\" \/>\n<meta property=\"og:type\" content=\"article\" \/>\n<meta property=\"og:title\" content=\"Rasols - Latvijas p\u0101rtikas ra\u017eot\u0101js\" \/>\n<meta property=\"og:description\" content=\"Sast\u0101vda\u013cas: kartupe\u013ci, majon\u0113ze (rap\u0161u e\u013c\u013ca, \u016bdens, olu pulveris (satur maltodekstr\u012bnu), v\u0101jpiena pulveris, cukurs, s\u0101ls, sk\u0101buma regul\u0113t\u0101ji(eti\u0137sk\u0101be, citronsk\u0101be), konservants (k\u0101lija sorb\u0101ts), sinepju s\u0113klu aromatiz\u0113t\u0101js, kr\u0101sviela (beta karot\u012bns)), desa (c\u016bkga\u013ca, c\u016bkas spe\u0137is, \u016bdens, s\u0101ls, sk\u0101bums regul\u0113t\u0101ji (E450, E451, E452), antioksidants :E300, dekstroze, gar\u0161vielas (sinepes), aromatiz\u0113t\u0101ji, gar\u0161vielu ekstrakti), konserv\u0113ti za\u013cie zirn\u012b\u0161i (za\u013cie zirn\u012b\u0161i, s\u0101ls, cukurs, \u016bdens), olas (olas, \u016bdens, s\u0101ls, sk\u0101buma regul\u0113t\u0101js: E330), marin\u0113ti gur\u0137i (gur\u0137i, \u016bdens, v\u012bna eti\u0137is, s\u0101ls, gar\u0161vielas(dilles, s\u012bpoli, sinepes, pipari), konservants:E211, saldin\u0101t\u0101js:E954, dab\u012bgais aromatiz\u0113t\u0101js), burk\u0101ni, svaigi gur\u0137i, sinepes (\u016bdens, sinepju pulveris, cukurs, rap\u0161u e\u013c\u013ca, sk\u0101buma regul\u0113t\u0101js (eti\u0137sk\u0101be), s\u0101ls, gar\u0161vielas), s\u0101ls.\" \/>\n<meta property=\"og:url\" content=\"https:\/\/latpartika.lv\/en\/product\/rassol\/\" \/>\n<meta property=\"og:site_name\" content=\"Latvijas p\u0101rtikas ra\u017eot\u0101js\" \/>\n<meta property=\"article:modified_time\" content=\"2025-01-03T09:55:17+00:00\" \/>\n<meta property=\"og:image\" content=\"https:\/\/latpartika.lv\/wp-content\/uploads\/2025\/01\/Rasols.png\" \/>\n\t<meta property=\"og:image:width\" content=\"500\" \/>\n\t<meta property=\"og:image:height\" content=\"500\" \/>\n\t<meta property=\"og:image:type\" content=\"image\/png\" \/>\n<meta name=\"twitter:card\" content=\"summary_large_image\" \/>\n<script type=\"application\/ld+json\" class=\"yoast-schema-graph\">{\"@context\":\"https:\\\/\\\/schema.org\",\"@graph\":[{\"@type\":\"WebPage\",\"@id\":\"https:\\\/\\\/latpartika.lv\\\/product\\\/rasols\",\"url\":\"https:\\\/\\\/latpartika.lv\\\/product\\\/rasols\",\"name\":\"Rasols - Latvijas p\u0101rtikas ra\u017eot\u0101js\",\"isPartOf\":{\"@id\":\"https:\\\/\\\/latpartika.lv\\\/#website\"},\"primaryImageOfPage\":{\"@id\":\"https:\\\/\\\/latpartika.lv\\\/product\\\/rasols#primaryimage\"},\"image\":{\"@id\":\"https:\\\/\\\/latpartika.lv\\\/product\\\/rasols#primaryimage\"},\"thumbnailUrl\":\"https:\\\/\\\/latpartika.lv\\\/wp-content\\\/uploads\\\/2025\\\/01\\\/Rasols.png\",\"datePublished\":\"2025-01-03T09:50:38+00:00\",\"dateModified\":\"2025-01-03T09:55:17+00:00\",\"breadcrumb\":{\"@id\":\"https:\\\/\\\/latpartika.lv\\\/product\\\/rasols#breadcrumb\"},\"inLanguage\":\"en-GB\",\"potentialAction\":[{\"@type\":\"ReadAction\",\"target\":[\"https:\\\/\\\/latpartika.lv\\\/product\\\/rasols\"]}]},{\"@type\":\"ImageObject\",\"inLanguage\":\"en-GB\",\"@id\":\"https:\\\/\\\/latpartika.lv\\\/product\\\/rasols#primaryimage\",\"url\":\"https:\\\/\\\/latpartika.lv\\\/wp-content\\\/uploads\\\/2025\\\/01\\\/Rasols.png\",\"contentUrl\":\"https:\\\/\\\/latpartika.lv\\\/wp-content\\\/uploads\\\/2025\\\/01\\\/Rasols.png\",\"width\":500,\"height\":500},{\"@type\":\"BreadcrumbList\",\"@id\":\"https:\\\/\\\/latpartika.lv\\\/product\\\/rasols#breadcrumb\",\"itemListElement\":[{\"@type\":\"ListItem\",\"position\":1,\"name\":\"Home\",\"item\":\"https:\\\/\\\/latpartika.lv\\\/en\\\/\"},{\"@type\":\"ListItem\",\"position\":2,\"name\":\"Products\",\"item\":\"https:\\\/\\\/latpartika.lv\\\/shop\"},{\"@type\":\"ListItem\",\"position\":3,\"name\":\"Rasols\"}]},{\"@type\":\"WebSite\",\"@id\":\"https:\\\/\\\/latpartika.lv\\\/#website\",\"url\":\"https:\\\/\\\/latpartika.lv\\\/\",\"name\":\"Latvijas p\u0101rtikas ra\u017eot\u0101js\",\"description\":\"Svaigi produkti no kvalitat\u012bv\u0101m izejviel\u0101m!\",\"publisher\":{\"@id\":\"https:\\\/\\\/latpartika.lv\\\/#organization\"},\"potentialAction\":[{\"@type\":\"SearchAction\",\"target\":{\"@type\":\"EntryPoint\",\"urlTemplate\":\"https:\\\/\\\/latpartika.lv\\\/?s={search_term_string}\"},\"query-input\":{\"@type\":\"PropertyValueSpecification\",\"valueRequired\":true,\"valueName\":\"search_term_string\"}}],\"inLanguage\":\"en-GB\"},{\"@type\":\"Organization\",\"@id\":\"https:\\\/\\\/latpartika.lv\\\/#organization\",\"name\":\"Latvijas p\u0101rtikas ra\u017eot\u0101js\",\"url\":\"https:\\\/\\\/latpartika.lv\\\/\",\"logo\":{\"@type\":\"ImageObject\",\"inLanguage\":\"en-GB\",\"@id\":\"https:\\\/\\\/latpartika.lv\\\/#\\\/schema\\\/logo\\\/image\\\/\",\"url\":\"https:\\\/\\\/latpartika.lv\\\/wp-content\\\/uploads\\\/2024\\\/11\\\/LPR_logo_balts.svg\",\"contentUrl\":\"https:\\\/\\\/latpartika.lv\\\/wp-content\\\/uploads\\\/2024\\\/11\\\/LPR_logo_balts.svg\",\"width\":425,\"height\":589,\"caption\":\"Latvijas p\u0101rtikas ra\u017eot\u0101js\"},\"image\":{\"@id\":\"https:\\\/\\\/latpartika.lv\\\/#\\\/schema\\\/logo\\\/image\\\/\"}}]}<\/script>\n<!-- \/ Yoast SEO plugin. -->","yoast_head_json":{"title":"Rasols - Latvian food producer","robots":{"index":"index","follow":"follow","max-snippet":"max-snippet:-1","max-image-preview":"max-image-preview:large","max-video-preview":"max-video-preview:-1"},"canonical":"https:\/\/latpartika.lv\/en\/product\/rassol\/","og_locale":"en_GB","og_type":"article","og_title":"Rasols - Latvijas p\u0101rtikas ra\u017eot\u0101js","og_description":"Sast\u0101vda\u013cas: kartupe\u013ci, majon\u0113ze (rap\u0161u e\u013c\u013ca, \u016bdens, olu pulveris (satur maltodekstr\u012bnu), v\u0101jpiena pulveris, cukurs, s\u0101ls, sk\u0101buma regul\u0113t\u0101ji(eti\u0137sk\u0101be, citronsk\u0101be), konservants (k\u0101lija sorb\u0101ts), sinepju s\u0113klu aromatiz\u0113t\u0101js, kr\u0101sviela (beta karot\u012bns)), desa (c\u016bkga\u013ca, c\u016bkas spe\u0137is, \u016bdens, s\u0101ls, sk\u0101bums regul\u0113t\u0101ji (E450, E451, E452), antioksidants :E300, dekstroze, gar\u0161vielas (sinepes), aromatiz\u0113t\u0101ji, gar\u0161vielu ekstrakti), konserv\u0113ti za\u013cie zirn\u012b\u0161i (za\u013cie zirn\u012b\u0161i, s\u0101ls, cukurs, \u016bdens), olas (olas, \u016bdens, s\u0101ls, sk\u0101buma regul\u0113t\u0101js: E330), marin\u0113ti gur\u0137i (gur\u0137i, \u016bdens, v\u012bna eti\u0137is, s\u0101ls, gar\u0161vielas(dilles, s\u012bpoli, sinepes, pipari), konservants:E211, saldin\u0101t\u0101js:E954, dab\u012bgais aromatiz\u0113t\u0101js), burk\u0101ni, svaigi gur\u0137i, sinepes (\u016bdens, sinepju pulveris, cukurs, rap\u0161u e\u013c\u013ca, sk\u0101buma regul\u0113t\u0101js (eti\u0137sk\u0101be), s\u0101ls, gar\u0161vielas), s\u0101ls.","og_url":"https:\/\/latpartika.lv\/en\/product\/rassol\/","og_site_name":"Latvijas p\u0101rtikas ra\u017eot\u0101js","article_modified_time":"2025-01-03T09:55:17+00:00","og_image":[{"width":500,"height":500,"url":"https:\/\/latpartika.lv\/wp-content\/uploads\/2025\/01\/Rasols.png","type":"image\/png"}],"twitter_card":"summary_large_image","schema":{"@context":"https:\/\/schema.org","@graph":[{"@type":"WebPage","@id":"https:\/\/latpartika.lv\/product\/rasols","url":"https:\/\/latpartika.lv\/product\/rasols","name":"Rasols - Latvian food producer","isPartOf":{"@id":"https:\/\/latpartika.lv\/#website"},"primaryImageOfPage":{"@id":"https:\/\/latpartika.lv\/product\/rasols#primaryimage"},"image":{"@id":"https:\/\/latpartika.lv\/product\/rasols#primaryimage"},"thumbnailUrl":"https:\/\/latpartika.lv\/wp-content\/uploads\/2025\/01\/Rasols.png","datePublished":"2025-01-03T09:50:38+00:00","dateModified":"2025-01-03T09:55:17+00:00","breadcrumb":{"@id":"https:\/\/latpartika.lv\/product\/rasols#breadcrumb"},"inLanguage":"en-GB","potentialAction":[{"@type":"ReadAction","target":["https:\/\/latpartika.lv\/product\/rasols"]}]},{"@type":"ImageObject","inLanguage":"en-GB","@id":"https:\/\/latpartika.lv\/product\/rasols#primaryimage","url":"https:\/\/latpartika.lv\/wp-content\/uploads\/2025\/01\/Rasols.png","contentUrl":"https:\/\/latpartika.lv\/wp-content\/uploads\/2025\/01\/Rasols.png","width":500,"height":500},{"@type":"BreadcrumbList","@id":"https:\/\/latpartika.lv\/product\/rasols#breadcrumb","itemListElement":[{"@type":"ListItem","position":1,"name":"Home","item":"https:\/\/latpartika.lv\/en\/"},{"@type":"ListItem","position":2,"name":"Products","item":"https:\/\/latpartika.lv\/shop"},{"@type":"ListItem","position":3,"name":"Rasols"}]},{"@type":"WebSite","@id":"https:\/\/latpartika.lv\/#website","url":"https:\/\/latpartika.lv\/","name":"Latvian food producer","description":"Fresh produce from quality ingredients!","publisher":{"@id":"https:\/\/latpartika.lv\/#organization"},"potentialAction":[{"@type":"SearchAction","target":{"@type":"EntryPoint","urlTemplate":"https:\/\/latpartika.lv\/?s={search_term_string}"},"query-input":{"@type":"PropertyValueSpecification","valueRequired":true,"valueName":"search_term_string"}}],"inLanguage":"en-GB"},{"@type":"Organization","@id":"https:\/\/latpartika.lv\/#organization","name":"Latvian food producer","url":"https:\/\/latpartika.lv\/","logo":{"@type":"ImageObject","inLanguage":"en-GB","@id":"https:\/\/latpartika.lv\/#\/schema\/logo\/image\/","url":"https:\/\/latpartika.lv\/wp-content\/uploads\/2024\/11\/LPR_logo_balts.svg","contentUrl":"https:\/\/latpartika.lv\/wp-content\/uploads\/2024\/11\/LPR_logo_balts.svg","width":425,"height":589,"caption":"Latvijas p\u0101rtikas ra\u017eot\u0101js"},"image":{"@id":"https:\/\/latpartika.lv\/#\/schema\/logo\/image\/"}}]}},"_links":{"self":[{"href":"https:\/\/latpartika.lv\/en\/wp-json\/wp\/v2\/product\/779","targetHints":{"allow":["GET"]}}],"collection":[{"href":"https:\/\/latpartika.lv\/en\/wp-json\/wp\/v2\/product"}],"about":[{"href":"https:\/\/latpartika.lv\/en\/wp-json\/wp\/v2\/types\/product"}],"replies":[{"embeddable":true,"href":"https:\/\/latpartika.lv\/en\/wp-json\/wp\/v2\/comments?post=779"}],"version-history":[{"count":0,"href":"https:\/\/latpartika.lv\/en\/wp-json\/wp\/v2\/product\/779\/revisions"}],"wp:featuredmedia":[{"embeddable":true,"href":"https:\/\/latpartika.lv\/en\/wp-json\/wp\/v2\/media\/780"}],"wp:attachment":[{"href":"https:\/\/latpartika.lv\/en\/wp-json\/wp\/v2\/media?parent=779"}],"wp:term":[{"taxonomy":"product_brand","embeddable":true,"href":"https:\/\/latpartika.lv\/en\/wp-json\/wp\/v2\/product_brand?post=779"},{"taxonomy":"product_cat","embeddable":true,"href":"https:\/\/latpartika.lv\/en\/wp-json\/wp\/v2\/product_cat?post=779"},{"taxonomy":"product_tag","embeddable":true,"href":"https:\/\/latpartika.lv\/en\/wp-json\/wp\/v2\/product_tag?post=779"}],"curies":[{"name":"wp","href":"https:\/\/api.w.org\/{rel}","templated":true}]}}