{"id":791,"date":"2025-01-03T09:55:55","date_gmt":"2025-01-03T09:55:55","guid":{"rendered":"https:\/\/latpartika.lv\/?post_type=product&#038;p=791"},"modified":"2025-01-03T09:59:56","modified_gmt":"2025-01-03T09:59:56","slug":"olivier-salad-with-smoked-chicken","status":"publish","type":"product","link":"https:\/\/latpartika.lv\/en\/product\/olivje-salati-ar-kupinatu-vistas-galu","title":{"rendered":"Olivier salad with smoked chicken"},"content":{"rendered":"<p>Lorem ipsum dolor sit amet, consectetur adipiscing elit. Phasellus quis tempus lacus. Nam fringilla iaculis turpis a dictum. Nam ex nunc, malesuada vel ornare vitae, lacinia maximus lectus. In vel egestas ligula, at pellentesque quam. Integer sit amet consequat libero. Quisque non bibendum odio.<\/p>","protected":false},"excerpt":{"rendered":"<p><strong>Ingredients:<\/strong> boiled potatoes (potatoes, antioxidant (E223)), mayonnaise (rapeseed oil, water, <strong>ooh<\/strong> dust, <strong>Buttermilk<\/strong> powder, sugar, modified starch, salt, acidity regulators (E260, E270), thickeners (E412, E415), preservatives (E202, E211), flavouring, colour (E160a)), pickled cucumber (cucumber, brandy vinegar, salt, preservative (E211), spice extracts, sweetener (E954)), smoked chicken breast 13% (Chicken breast, water, salt, stabilisers (E1442, E407, E407a, E425, E450, E451), seasoning, dextrose, maltodextrin, flavour enhancer (E621), yeast extract, antioxidant (E316), preservatives (E250, E262), hydrolysed sunflower protein, flavourings), preserved green peas (green peas, salt), boiled carrots, boiled <strong>eggs<\/strong> (<strong>eggs<\/strong>, salt, acidity regulators (E330, E270)), salt, black pepper.<\/p>","protected":false},"featured_media":792,"comment_status":"closed","ping_status":"closed","template":"","meta":[],"product_brand":[],"product_cat":[34,37],"product_tag":[],"class_list":{"0":"post-791","1":"product","2":"type-product","3":"status-publish","4":"has-post-thumbnail","6":"product_cat-produkti","7":"product_cat-salati","9":"first","10":"instock","11":"shipping-taxable","12":"product-type-simple"},"yoast_head":"<!-- This site is optimized with the Yoast SEO plugin v27.3 - https:\/\/yoast.com\/product\/yoast-seo-wordpress\/ -->\n<title>Olivj\u0113 sal\u0101ti ar k\u016bpin\u0101tu vistas ga\u013cu - Latvijas p\u0101rtikas ra\u017eot\u0101js<\/title>\n<meta name=\"robots\" content=\"index, follow, max-snippet:-1, max-image-preview:large, max-video-preview:-1\" \/>\n<link rel=\"canonical\" href=\"https:\/\/latpartika.lv\/en\/product\/olivier-salad-with-smoked-chicken\/\" \/>\n<meta property=\"og:locale\" content=\"en_GB\" \/>\n<meta property=\"og:type\" content=\"article\" \/>\n<meta property=\"og:title\" content=\"Olivj\u0113 sal\u0101ti ar k\u016bpin\u0101tu vistas ga\u013cu - Latvijas p\u0101rtikas ra\u017eot\u0101js\" \/>\n<meta property=\"og:description\" content=\"Sast\u0101vda\u013cas: v\u0101r\u012bti kartupe\u013ci (kartupe\u013ci, antioksidants (E223)), majon\u0113ze (rap\u0161u e\u013c\u013ca, \u016bdens, olu pulveris, v\u0101jpiena pulveris, cukurs, modific\u0113ta ciete, s\u0101ls, sk\u0101buma regul\u0113t\u0101ji (E260, E270), biezin\u0101t\u0101ji (E412, E415), konservanti (E202, E211), aromatiz\u0113t\u0101js, kr\u0101sviela (E160a)), marin\u0113ti gur\u0137i (gur\u0137i, brendija eti\u0137is, s\u0101ls, konservants (E211), gar\u0161vielu ekstrakti, saldin\u0101t\u0101js (E954)), k\u016bpin\u0101ta vistas kr\u016bti\u0146a 13% (vistas kr\u016bti\u0146a, \u016bdens, s\u0101ls, stabilizatori (E1442, E407, E407a, E425, E450, E451), gar\u0161vielas, dekstroze, maltodekstr\u012bns, gar\u0161as pastiprin\u0101t\u0101js (E621), rauga ekstrakts, antioksidants (E316), konservanti (E250, E262), hidroliz\u0113ts saulespu\u0137u prote\u012bns, aromatiz\u0113t\u0101ji), konserv\u0113ti za\u013cie zirn\u012b\u0161i (za\u013cie zirn\u012b\u0161i, s\u0101ls), v\u0101r\u012bti burk\u0101ni, v\u0101r\u012btas olas (olas, s\u0101ls, sk\u0101buma regul\u0113t\u0101ji (E330, E270)), s\u0101ls, melnie pipari.\" \/>\n<meta property=\"og:url\" content=\"https:\/\/latpartika.lv\/en\/product\/olivier-salad-with-smoked-chicken\/\" \/>\n<meta property=\"og:site_name\" content=\"Latvijas p\u0101rtikas ra\u017eot\u0101js\" \/>\n<meta property=\"article:modified_time\" content=\"2025-01-03T09:59:56+00:00\" \/>\n<meta property=\"og:image\" content=\"https:\/\/latpartika.lv\/wp-content\/uploads\/2025\/01\/Olivje-salati-ar-kupinatu-vistas-galu.png\" \/>\n\t<meta property=\"og:image:width\" content=\"500\" \/>\n\t<meta property=\"og:image:height\" content=\"500\" \/>\n\t<meta property=\"og:image:type\" content=\"image\/png\" \/>\n<meta name=\"twitter:card\" content=\"summary_large_image\" \/>\n<script type=\"application\/ld+json\" class=\"yoast-schema-graph\">{\"@context\":\"https:\\\/\\\/schema.org\",\"@graph\":[{\"@type\":\"WebPage\",\"@id\":\"https:\\\/\\\/latpartika.lv\\\/product\\\/olivje-salati-ar-kupinatu-vistas-galu\",\"url\":\"https:\\\/\\\/latpartika.lv\\\/product\\\/olivje-salati-ar-kupinatu-vistas-galu\",\"name\":\"Olivj\u0113 sal\u0101ti ar k\u016bpin\u0101tu vistas ga\u013cu - Latvijas p\u0101rtikas ra\u017eot\u0101js\",\"isPartOf\":{\"@id\":\"https:\\\/\\\/latpartika.lv\\\/#website\"},\"primaryImageOfPage\":{\"@id\":\"https:\\\/\\\/latpartika.lv\\\/product\\\/olivje-salati-ar-kupinatu-vistas-galu#primaryimage\"},\"image\":{\"@id\":\"https:\\\/\\\/latpartika.lv\\\/product\\\/olivje-salati-ar-kupinatu-vistas-galu#primaryimage\"},\"thumbnailUrl\":\"https:\\\/\\\/latpartika.lv\\\/wp-content\\\/uploads\\\/2025\\\/01\\\/Olivje-salati-ar-kupinatu-vistas-galu.png\",\"datePublished\":\"2025-01-03T09:55:55+00:00\",\"dateModified\":\"2025-01-03T09:59:56+00:00\",\"breadcrumb\":{\"@id\":\"https:\\\/\\\/latpartika.lv\\\/product\\\/olivje-salati-ar-kupinatu-vistas-galu#breadcrumb\"},\"inLanguage\":\"en-GB\",\"potentialAction\":[{\"@type\":\"ReadAction\",\"target\":[\"https:\\\/\\\/latpartika.lv\\\/product\\\/olivje-salati-ar-kupinatu-vistas-galu\"]}]},{\"@type\":\"ImageObject\",\"inLanguage\":\"en-GB\",\"@id\":\"https:\\\/\\\/latpartika.lv\\\/product\\\/olivje-salati-ar-kupinatu-vistas-galu#primaryimage\",\"url\":\"https:\\\/\\\/latpartika.lv\\\/wp-content\\\/uploads\\\/2025\\\/01\\\/Olivje-salati-ar-kupinatu-vistas-galu.png\",\"contentUrl\":\"https:\\\/\\\/latpartika.lv\\\/wp-content\\\/uploads\\\/2025\\\/01\\\/Olivje-salati-ar-kupinatu-vistas-galu.png\",\"width\":500,\"height\":500},{\"@type\":\"BreadcrumbList\",\"@id\":\"https:\\\/\\\/latpartika.lv\\\/product\\\/olivje-salati-ar-kupinatu-vistas-galu#breadcrumb\",\"itemListElement\":[{\"@type\":\"ListItem\",\"position\":1,\"name\":\"Home\",\"item\":\"https:\\\/\\\/latpartika.lv\\\/en\\\/\"},{\"@type\":\"ListItem\",\"position\":2,\"name\":\"Products\",\"item\":\"https:\\\/\\\/latpartika.lv\\\/shop\"},{\"@type\":\"ListItem\",\"position\":3,\"name\":\"Olivj\u0113 sal\u0101ti ar k\u016bpin\u0101tu vistas ga\u013cu\"}]},{\"@type\":\"WebSite\",\"@id\":\"https:\\\/\\\/latpartika.lv\\\/#website\",\"url\":\"https:\\\/\\\/latpartika.lv\\\/\",\"name\":\"Latvijas p\u0101rtikas ra\u017eot\u0101js\",\"description\":\"Svaigi produkti no kvalitat\u012bv\u0101m izejviel\u0101m!\",\"publisher\":{\"@id\":\"https:\\\/\\\/latpartika.lv\\\/#organization\"},\"potentialAction\":[{\"@type\":\"SearchAction\",\"target\":{\"@type\":\"EntryPoint\",\"urlTemplate\":\"https:\\\/\\\/latpartika.lv\\\/?s={search_term_string}\"},\"query-input\":{\"@type\":\"PropertyValueSpecification\",\"valueRequired\":true,\"valueName\":\"search_term_string\"}}],\"inLanguage\":\"en-GB\"},{\"@type\":\"Organization\",\"@id\":\"https:\\\/\\\/latpartika.lv\\\/#organization\",\"name\":\"Latvijas p\u0101rtikas ra\u017eot\u0101js\",\"url\":\"https:\\\/\\\/latpartika.lv\\\/\",\"logo\":{\"@type\":\"ImageObject\",\"inLanguage\":\"en-GB\",\"@id\":\"https:\\\/\\\/latpartika.lv\\\/#\\\/schema\\\/logo\\\/image\\\/\",\"url\":\"https:\\\/\\\/latpartika.lv\\\/wp-content\\\/uploads\\\/2024\\\/11\\\/LPR_logo_balts.svg\",\"contentUrl\":\"https:\\\/\\\/latpartika.lv\\\/wp-content\\\/uploads\\\/2024\\\/11\\\/LPR_logo_balts.svg\",\"width\":425,\"height\":589,\"caption\":\"Latvijas p\u0101rtikas ra\u017eot\u0101js\"},\"image\":{\"@id\":\"https:\\\/\\\/latpartika.lv\\\/#\\\/schema\\\/logo\\\/image\\\/\"}}]}<\/script>\n<!-- \/ Yoast SEO plugin. -->","yoast_head_json":{"title":"Olivier salad with smoked chicken - Latvian food producer","robots":{"index":"index","follow":"follow","max-snippet":"max-snippet:-1","max-image-preview":"max-image-preview:large","max-video-preview":"max-video-preview:-1"},"canonical":"https:\/\/latpartika.lv\/en\/product\/olivier-salad-with-smoked-chicken\/","og_locale":"en_GB","og_type":"article","og_title":"Olivj\u0113 sal\u0101ti ar k\u016bpin\u0101tu vistas ga\u013cu - Latvijas p\u0101rtikas ra\u017eot\u0101js","og_description":"Sast\u0101vda\u013cas: v\u0101r\u012bti kartupe\u013ci (kartupe\u013ci, antioksidants (E223)), majon\u0113ze (rap\u0161u e\u013c\u013ca, \u016bdens, olu pulveris, v\u0101jpiena pulveris, cukurs, modific\u0113ta ciete, s\u0101ls, sk\u0101buma regul\u0113t\u0101ji (E260, E270), biezin\u0101t\u0101ji (E412, E415), konservanti (E202, E211), aromatiz\u0113t\u0101js, kr\u0101sviela (E160a)), marin\u0113ti gur\u0137i (gur\u0137i, brendija eti\u0137is, s\u0101ls, konservants (E211), gar\u0161vielu ekstrakti, saldin\u0101t\u0101js (E954)), k\u016bpin\u0101ta vistas kr\u016bti\u0146a 13% (vistas kr\u016bti\u0146a, \u016bdens, s\u0101ls, stabilizatori (E1442, E407, E407a, E425, E450, E451), gar\u0161vielas, dekstroze, maltodekstr\u012bns, gar\u0161as pastiprin\u0101t\u0101js (E621), rauga ekstrakts, antioksidants (E316), konservanti (E250, E262), hidroliz\u0113ts saulespu\u0137u prote\u012bns, aromatiz\u0113t\u0101ji), konserv\u0113ti za\u013cie zirn\u012b\u0161i (za\u013cie zirn\u012b\u0161i, s\u0101ls), v\u0101r\u012bti burk\u0101ni, v\u0101r\u012btas olas (olas, s\u0101ls, sk\u0101buma regul\u0113t\u0101ji (E330, E270)), s\u0101ls, melnie pipari.","og_url":"https:\/\/latpartika.lv\/en\/product\/olivier-salad-with-smoked-chicken\/","og_site_name":"Latvijas p\u0101rtikas ra\u017eot\u0101js","article_modified_time":"2025-01-03T09:59:56+00:00","og_image":[{"width":500,"height":500,"url":"https:\/\/latpartika.lv\/wp-content\/uploads\/2025\/01\/Olivje-salati-ar-kupinatu-vistas-galu.png","type":"image\/png"}],"twitter_card":"summary_large_image","schema":{"@context":"https:\/\/schema.org","@graph":[{"@type":"WebPage","@id":"https:\/\/latpartika.lv\/product\/olivje-salati-ar-kupinatu-vistas-galu","url":"https:\/\/latpartika.lv\/product\/olivje-salati-ar-kupinatu-vistas-galu","name":"Olivier salad with smoked chicken - Latvian food producer","isPartOf":{"@id":"https:\/\/latpartika.lv\/#website"},"primaryImageOfPage":{"@id":"https:\/\/latpartika.lv\/product\/olivje-salati-ar-kupinatu-vistas-galu#primaryimage"},"image":{"@id":"https:\/\/latpartika.lv\/product\/olivje-salati-ar-kupinatu-vistas-galu#primaryimage"},"thumbnailUrl":"https:\/\/latpartika.lv\/wp-content\/uploads\/2025\/01\/Olivje-salati-ar-kupinatu-vistas-galu.png","datePublished":"2025-01-03T09:55:55+00:00","dateModified":"2025-01-03T09:59:56+00:00","breadcrumb":{"@id":"https:\/\/latpartika.lv\/product\/olivje-salati-ar-kupinatu-vistas-galu#breadcrumb"},"inLanguage":"en-GB","potentialAction":[{"@type":"ReadAction","target":["https:\/\/latpartika.lv\/product\/olivje-salati-ar-kupinatu-vistas-galu"]}]},{"@type":"ImageObject","inLanguage":"en-GB","@id":"https:\/\/latpartika.lv\/product\/olivje-salati-ar-kupinatu-vistas-galu#primaryimage","url":"https:\/\/latpartika.lv\/wp-content\/uploads\/2025\/01\/Olivje-salati-ar-kupinatu-vistas-galu.png","contentUrl":"https:\/\/latpartika.lv\/wp-content\/uploads\/2025\/01\/Olivje-salati-ar-kupinatu-vistas-galu.png","width":500,"height":500},{"@type":"BreadcrumbList","@id":"https:\/\/latpartika.lv\/product\/olivje-salati-ar-kupinatu-vistas-galu#breadcrumb","itemListElement":[{"@type":"ListItem","position":1,"name":"Home","item":"https:\/\/latpartika.lv\/en\/"},{"@type":"ListItem","position":2,"name":"Products","item":"https:\/\/latpartika.lv\/shop"},{"@type":"ListItem","position":3,"name":"Olivj\u0113 sal\u0101ti ar k\u016bpin\u0101tu vistas ga\u013cu"}]},{"@type":"WebSite","@id":"https:\/\/latpartika.lv\/#website","url":"https:\/\/latpartika.lv\/","name":"Latvian food producer","description":"Fresh produce from quality ingredients!","publisher":{"@id":"https:\/\/latpartika.lv\/#organization"},"potentialAction":[{"@type":"SearchAction","target":{"@type":"EntryPoint","urlTemplate":"https:\/\/latpartika.lv\/?s={search_term_string}"},"query-input":{"@type":"PropertyValueSpecification","valueRequired":true,"valueName":"search_term_string"}}],"inLanguage":"en-GB"},{"@type":"Organization","@id":"https:\/\/latpartika.lv\/#organization","name":"Latvian food producer","url":"https:\/\/latpartika.lv\/","logo":{"@type":"ImageObject","inLanguage":"en-GB","@id":"https:\/\/latpartika.lv\/#\/schema\/logo\/image\/","url":"https:\/\/latpartika.lv\/wp-content\/uploads\/2024\/11\/LPR_logo_balts.svg","contentUrl":"https:\/\/latpartika.lv\/wp-content\/uploads\/2024\/11\/LPR_logo_balts.svg","width":425,"height":589,"caption":"Latvijas p\u0101rtikas ra\u017eot\u0101js"},"image":{"@id":"https:\/\/latpartika.lv\/#\/schema\/logo\/image\/"}}]}},"_links":{"self":[{"href":"https:\/\/latpartika.lv\/en\/wp-json\/wp\/v2\/product\/791","targetHints":{"allow":["GET"]}}],"collection":[{"href":"https:\/\/latpartika.lv\/en\/wp-json\/wp\/v2\/product"}],"about":[{"href":"https:\/\/latpartika.lv\/en\/wp-json\/wp\/v2\/types\/product"}],"replies":[{"embeddable":true,"href":"https:\/\/latpartika.lv\/en\/wp-json\/wp\/v2\/comments?post=791"}],"version-history":[{"count":0,"href":"https:\/\/latpartika.lv\/en\/wp-json\/wp\/v2\/product\/791\/revisions"}],"wp:featuredmedia":[{"embeddable":true,"href":"https:\/\/latpartika.lv\/en\/wp-json\/wp\/v2\/media\/792"}],"wp:attachment":[{"href":"https:\/\/latpartika.lv\/en\/wp-json\/wp\/v2\/media?parent=791"}],"wp:term":[{"taxonomy":"product_brand","embeddable":true,"href":"https:\/\/latpartika.lv\/en\/wp-json\/wp\/v2\/product_brand?post=791"},{"taxonomy":"product_cat","embeddable":true,"href":"https:\/\/latpartika.lv\/en\/wp-json\/wp\/v2\/product_cat?post=791"},{"taxonomy":"product_tag","embeddable":true,"href":"https:\/\/latpartika.lv\/en\/wp-json\/wp\/v2\/product_tag?post=791"}],"curies":[{"name":"wp","href":"https:\/\/api.w.org\/{rel}","templated":true}]}}