{"id":807,"date":"2025-01-03T10:03:19","date_gmt":"2025-01-03T10:03:19","guid":{"rendered":"https:\/\/latpartika.lv\/?post_type=product&#038;p=807"},"modified":"2025-01-03T10:05:41","modified_gmt":"2025-01-03T10:05:41","slug":"coleslaw-with-salmon","status":"publish","type":"product","link":"https:\/\/latpartika.lv\/en\/product\/kartainie-salati-ar-lasi","title":{"rendered":"Coleslaw with salmon"},"content":{"rendered":"<p>Lorem ipsum dolor sit amet, consectetur adipiscing elit. Phasellus quis tempus lacus. Nam fringilla iaculis turpis a dictum. Nam ex nunc, malesuada vel ornare vitae, lacinia maximus lectus. In vel egestas ligula, at pellentesque quam. Integer sit amet consequat libero. Quisque non bibendum odio.<\/p>","protected":false},"excerpt":{"rendered":"<p><strong>Ingredients: <\/strong>boiled potatoes 36% (potatoes, antioxidant (E223)), mayonnaise 20% (rapeseed oil, water, <strong><em>ooh<\/em><\/strong> dust, <strong><em>Buttermilk<\/em><\/strong> powder, sugar, salt, <strong><em>mustard <\/em><\/strong>powder, acidity regulators (E260, E330, E500), thickeners (modified starch, E412, E415), preservative (E202), black pepper), grilled <strong><em>salmon <\/em><\/strong>18% (fresh <strong><em>salmon<\/em><\/strong>, smoke extract (water, smoke flavouring), salt), cooked<strong><em> eggs <\/em><\/strong>16% (<strong><em>olas, <\/em><\/strong>Salt solution (water, preservative (E260), salt, acidity regulator (E330)), cooked carrots 10%, salt, <strong><em>mustard<\/em><\/strong> (water, <strong><em>mustard<\/em><\/strong> powder, sugar, rapeseed oil, salt, acidity regulator (E260), spices), ground black pepper.<\/p>","protected":false},"featured_media":808,"comment_status":"closed","ping_status":"closed","template":"","meta":[],"product_brand":[],"product_cat":[34,37],"product_tag":[],"class_list":{"0":"post-807","1":"product","2":"type-product","3":"status-publish","4":"has-post-thumbnail","6":"product_cat-produkti","7":"product_cat-salati","9":"first","10":"instock","11":"shipping-taxable","12":"product-type-simple"},"yoast_head":"<!-- This site is optimized with the Yoast SEO plugin v27.3 - https:\/\/yoast.com\/product\/yoast-seo-wordpress\/ -->\n<title>K\u0101rtainie sal\u0101ti ar lasi - Latvijas p\u0101rtikas ra\u017eot\u0101js<\/title>\n<meta name=\"robots\" content=\"index, follow, max-snippet:-1, max-image-preview:large, max-video-preview:-1\" \/>\n<link rel=\"canonical\" href=\"https:\/\/latpartika.lv\/en\/product\/coleslaw-with-salmon\/\" \/>\n<meta property=\"og:locale\" content=\"en_GB\" \/>\n<meta property=\"og:type\" content=\"article\" \/>\n<meta property=\"og:title\" content=\"K\u0101rtainie sal\u0101ti ar lasi - Latvijas p\u0101rtikas ra\u017eot\u0101js\" \/>\n<meta property=\"og:description\" content=\"Sast\u0101vda\u013cas: v\u0101r\u012bti kartupe\u013ci 36% (kartupe\u013ci, antioksidants (E223)), majon\u0113ze 20% (rap\u0161u e\u013c\u013ca, \u016bdens, olu pulveris, v\u0101jpiena pulveris, cukurs, s\u0101ls, sinepju pulveris, sk\u0101buma regul\u0113t\u0101ji (E260, E330, E500), biezin\u0101t\u0101ji (p\u0101rveidota ciete, E412, E415), konservants (E202), melnie pipari), gril\u0113ts lasis 18% (svaigs lasis, d\u016bmu ekstrakts (\u016bdens, d\u016bmu aromatiz\u0113t\u0101js), s\u0101ls), v\u0101r\u012btas olas 16% (olas, s\u0101ls \u0161\u0137\u012bdums (\u016bdens, konservants (E260), s\u0101ls, sk\u0101buma regul\u0113t\u0101js (E330)), v\u0101r\u012bti burk\u0101ni 10%, s\u0101ls, sinepes (\u016bdens, sinepju pulveris, cukurs, rap\u0161u e\u013c\u013ca, s\u0101ls, sk\u0101buma regul\u0113t\u0101js (E260), gar\u0161vielas), malti melnie pipari.\" \/>\n<meta property=\"og:url\" content=\"https:\/\/latpartika.lv\/en\/product\/coleslaw-with-salmon\/\" \/>\n<meta property=\"og:site_name\" content=\"Latvijas p\u0101rtikas ra\u017eot\u0101js\" \/>\n<meta property=\"article:modified_time\" content=\"2025-01-03T10:05:41+00:00\" \/>\n<meta property=\"og:image\" content=\"https:\/\/latpartika.lv\/wp-content\/uploads\/2025\/01\/Kartainie-salati-ar-lasi.png\" \/>\n\t<meta property=\"og:image:width\" content=\"500\" \/>\n\t<meta property=\"og:image:height\" content=\"500\" \/>\n\t<meta property=\"og:image:type\" content=\"image\/png\" \/>\n<meta name=\"twitter:card\" content=\"summary_large_image\" \/>\n<script type=\"application\/ld+json\" class=\"yoast-schema-graph\">{\"@context\":\"https:\\\/\\\/schema.org\",\"@graph\":[{\"@type\":\"WebPage\",\"@id\":\"https:\\\/\\\/latpartika.lv\\\/product\\\/kartainie-salati-ar-lasi\",\"url\":\"https:\\\/\\\/latpartika.lv\\\/product\\\/kartainie-salati-ar-lasi\",\"name\":\"K\u0101rtainie sal\u0101ti ar lasi - Latvijas p\u0101rtikas ra\u017eot\u0101js\",\"isPartOf\":{\"@id\":\"https:\\\/\\\/latpartika.lv\\\/#website\"},\"primaryImageOfPage\":{\"@id\":\"https:\\\/\\\/latpartika.lv\\\/product\\\/kartainie-salati-ar-lasi#primaryimage\"},\"image\":{\"@id\":\"https:\\\/\\\/latpartika.lv\\\/product\\\/kartainie-salati-ar-lasi#primaryimage\"},\"thumbnailUrl\":\"https:\\\/\\\/latpartika.lv\\\/wp-content\\\/uploads\\\/2025\\\/01\\\/Kartainie-salati-ar-lasi.png\",\"datePublished\":\"2025-01-03T10:03:19+00:00\",\"dateModified\":\"2025-01-03T10:05:41+00:00\",\"breadcrumb\":{\"@id\":\"https:\\\/\\\/latpartika.lv\\\/product\\\/kartainie-salati-ar-lasi#breadcrumb\"},\"inLanguage\":\"en-GB\",\"potentialAction\":[{\"@type\":\"ReadAction\",\"target\":[\"https:\\\/\\\/latpartika.lv\\\/product\\\/kartainie-salati-ar-lasi\"]}]},{\"@type\":\"ImageObject\",\"inLanguage\":\"en-GB\",\"@id\":\"https:\\\/\\\/latpartika.lv\\\/product\\\/kartainie-salati-ar-lasi#primaryimage\",\"url\":\"https:\\\/\\\/latpartika.lv\\\/wp-content\\\/uploads\\\/2025\\\/01\\\/Kartainie-salati-ar-lasi.png\",\"contentUrl\":\"https:\\\/\\\/latpartika.lv\\\/wp-content\\\/uploads\\\/2025\\\/01\\\/Kartainie-salati-ar-lasi.png\",\"width\":500,\"height\":500},{\"@type\":\"BreadcrumbList\",\"@id\":\"https:\\\/\\\/latpartika.lv\\\/product\\\/kartainie-salati-ar-lasi#breadcrumb\",\"itemListElement\":[{\"@type\":\"ListItem\",\"position\":1,\"name\":\"Home\",\"item\":\"https:\\\/\\\/latpartika.lv\\\/en\\\/\"},{\"@type\":\"ListItem\",\"position\":2,\"name\":\"Products\",\"item\":\"https:\\\/\\\/latpartika.lv\\\/shop\"},{\"@type\":\"ListItem\",\"position\":3,\"name\":\"K\u0101rtainie sal\u0101ti ar lasi\"}]},{\"@type\":\"WebSite\",\"@id\":\"https:\\\/\\\/latpartika.lv\\\/#website\",\"url\":\"https:\\\/\\\/latpartika.lv\\\/\",\"name\":\"Latvijas p\u0101rtikas ra\u017eot\u0101js\",\"description\":\"Svaigi produkti no kvalitat\u012bv\u0101m izejviel\u0101m!\",\"publisher\":{\"@id\":\"https:\\\/\\\/latpartika.lv\\\/#organization\"},\"potentialAction\":[{\"@type\":\"SearchAction\",\"target\":{\"@type\":\"EntryPoint\",\"urlTemplate\":\"https:\\\/\\\/latpartika.lv\\\/?s={search_term_string}\"},\"query-input\":{\"@type\":\"PropertyValueSpecification\",\"valueRequired\":true,\"valueName\":\"search_term_string\"}}],\"inLanguage\":\"en-GB\"},{\"@type\":\"Organization\",\"@id\":\"https:\\\/\\\/latpartika.lv\\\/#organization\",\"name\":\"Latvijas p\u0101rtikas ra\u017eot\u0101js\",\"url\":\"https:\\\/\\\/latpartika.lv\\\/\",\"logo\":{\"@type\":\"ImageObject\",\"inLanguage\":\"en-GB\",\"@id\":\"https:\\\/\\\/latpartika.lv\\\/#\\\/schema\\\/logo\\\/image\\\/\",\"url\":\"https:\\\/\\\/latpartika.lv\\\/wp-content\\\/uploads\\\/2024\\\/11\\\/LPR_logo_balts.svg\",\"contentUrl\":\"https:\\\/\\\/latpartika.lv\\\/wp-content\\\/uploads\\\/2024\\\/11\\\/LPR_logo_balts.svg\",\"width\":425,\"height\":589,\"caption\":\"Latvijas p\u0101rtikas ra\u017eot\u0101js\"},\"image\":{\"@id\":\"https:\\\/\\\/latpartika.lv\\\/#\\\/schema\\\/logo\\\/image\\\/\"}}]}<\/script>\n<!-- \/ Yoast SEO plugin. -->","yoast_head_json":{"title":"Curly Salad with Salmon - Latvian food producer","robots":{"index":"index","follow":"follow","max-snippet":"max-snippet:-1","max-image-preview":"max-image-preview:large","max-video-preview":"max-video-preview:-1"},"canonical":"https:\/\/latpartika.lv\/en\/product\/coleslaw-with-salmon\/","og_locale":"en_GB","og_type":"article","og_title":"K\u0101rtainie sal\u0101ti ar lasi - Latvijas p\u0101rtikas ra\u017eot\u0101js","og_description":"Sast\u0101vda\u013cas: v\u0101r\u012bti kartupe\u013ci 36% (kartupe\u013ci, antioksidants (E223)), majon\u0113ze 20% (rap\u0161u e\u013c\u013ca, \u016bdens, olu pulveris, v\u0101jpiena pulveris, cukurs, s\u0101ls, sinepju pulveris, sk\u0101buma regul\u0113t\u0101ji (E260, E330, E500), biezin\u0101t\u0101ji (p\u0101rveidota ciete, E412, E415), konservants (E202), melnie pipari), gril\u0113ts lasis 18% (svaigs lasis, d\u016bmu ekstrakts (\u016bdens, d\u016bmu aromatiz\u0113t\u0101js), s\u0101ls), v\u0101r\u012btas olas 16% (olas, s\u0101ls \u0161\u0137\u012bdums (\u016bdens, konservants (E260), s\u0101ls, sk\u0101buma regul\u0113t\u0101js (E330)), v\u0101r\u012bti burk\u0101ni 10%, s\u0101ls, sinepes (\u016bdens, sinepju pulveris, cukurs, rap\u0161u e\u013c\u013ca, s\u0101ls, sk\u0101buma regul\u0113t\u0101js (E260), gar\u0161vielas), malti melnie pipari.","og_url":"https:\/\/latpartika.lv\/en\/product\/coleslaw-with-salmon\/","og_site_name":"Latvijas p\u0101rtikas ra\u017eot\u0101js","article_modified_time":"2025-01-03T10:05:41+00:00","og_image":[{"width":500,"height":500,"url":"https:\/\/latpartika.lv\/wp-content\/uploads\/2025\/01\/Kartainie-salati-ar-lasi.png","type":"image\/png"}],"twitter_card":"summary_large_image","schema":{"@context":"https:\/\/schema.org","@graph":[{"@type":"WebPage","@id":"https:\/\/latpartika.lv\/product\/kartainie-salati-ar-lasi","url":"https:\/\/latpartika.lv\/product\/kartainie-salati-ar-lasi","name":"Curly Salad with Salmon - Latvian food producer","isPartOf":{"@id":"https:\/\/latpartika.lv\/#website"},"primaryImageOfPage":{"@id":"https:\/\/latpartika.lv\/product\/kartainie-salati-ar-lasi#primaryimage"},"image":{"@id":"https:\/\/latpartika.lv\/product\/kartainie-salati-ar-lasi#primaryimage"},"thumbnailUrl":"https:\/\/latpartika.lv\/wp-content\/uploads\/2025\/01\/Kartainie-salati-ar-lasi.png","datePublished":"2025-01-03T10:03:19+00:00","dateModified":"2025-01-03T10:05:41+00:00","breadcrumb":{"@id":"https:\/\/latpartika.lv\/product\/kartainie-salati-ar-lasi#breadcrumb"},"inLanguage":"en-GB","potentialAction":[{"@type":"ReadAction","target":["https:\/\/latpartika.lv\/product\/kartainie-salati-ar-lasi"]}]},{"@type":"ImageObject","inLanguage":"en-GB","@id":"https:\/\/latpartika.lv\/product\/kartainie-salati-ar-lasi#primaryimage","url":"https:\/\/latpartika.lv\/wp-content\/uploads\/2025\/01\/Kartainie-salati-ar-lasi.png","contentUrl":"https:\/\/latpartika.lv\/wp-content\/uploads\/2025\/01\/Kartainie-salati-ar-lasi.png","width":500,"height":500},{"@type":"BreadcrumbList","@id":"https:\/\/latpartika.lv\/product\/kartainie-salati-ar-lasi#breadcrumb","itemListElement":[{"@type":"ListItem","position":1,"name":"Home","item":"https:\/\/latpartika.lv\/en\/"},{"@type":"ListItem","position":2,"name":"Products","item":"https:\/\/latpartika.lv\/shop"},{"@type":"ListItem","position":3,"name":"K\u0101rtainie sal\u0101ti ar lasi"}]},{"@type":"WebSite","@id":"https:\/\/latpartika.lv\/#website","url":"https:\/\/latpartika.lv\/","name":"Latvian food producer","description":"Fresh produce from quality ingredients!","publisher":{"@id":"https:\/\/latpartika.lv\/#organization"},"potentialAction":[{"@type":"SearchAction","target":{"@type":"EntryPoint","urlTemplate":"https:\/\/latpartika.lv\/?s={search_term_string}"},"query-input":{"@type":"PropertyValueSpecification","valueRequired":true,"valueName":"search_term_string"}}],"inLanguage":"en-GB"},{"@type":"Organization","@id":"https:\/\/latpartika.lv\/#organization","name":"Latvian food producer","url":"https:\/\/latpartika.lv\/","logo":{"@type":"ImageObject","inLanguage":"en-GB","@id":"https:\/\/latpartika.lv\/#\/schema\/logo\/image\/","url":"https:\/\/latpartika.lv\/wp-content\/uploads\/2024\/11\/LPR_logo_balts.svg","contentUrl":"https:\/\/latpartika.lv\/wp-content\/uploads\/2024\/11\/LPR_logo_balts.svg","width":425,"height":589,"caption":"Latvijas p\u0101rtikas ra\u017eot\u0101js"},"image":{"@id":"https:\/\/latpartika.lv\/#\/schema\/logo\/image\/"}}]}},"_links":{"self":[{"href":"https:\/\/latpartika.lv\/en\/wp-json\/wp\/v2\/product\/807","targetHints":{"allow":["GET"]}}],"collection":[{"href":"https:\/\/latpartika.lv\/en\/wp-json\/wp\/v2\/product"}],"about":[{"href":"https:\/\/latpartika.lv\/en\/wp-json\/wp\/v2\/types\/product"}],"replies":[{"embeddable":true,"href":"https:\/\/latpartika.lv\/en\/wp-json\/wp\/v2\/comments?post=807"}],"version-history":[{"count":0,"href":"https:\/\/latpartika.lv\/en\/wp-json\/wp\/v2\/product\/807\/revisions"}],"wp:featuredmedia":[{"embeddable":true,"href":"https:\/\/latpartika.lv\/en\/wp-json\/wp\/v2\/media\/808"}],"wp:attachment":[{"href":"https:\/\/latpartika.lv\/en\/wp-json\/wp\/v2\/media?parent=807"}],"wp:term":[{"taxonomy":"product_brand","embeddable":true,"href":"https:\/\/latpartika.lv\/en\/wp-json\/wp\/v2\/product_brand?post=807"},{"taxonomy":"product_cat","embeddable":true,"href":"https:\/\/latpartika.lv\/en\/wp-json\/wp\/v2\/product_cat?post=807"},{"taxonomy":"product_tag","embeddable":true,"href":"https:\/\/latpartika.lv\/en\/wp-json\/wp\/v2\/product_tag?post=807"}],"curies":[{"name":"wp","href":"https:\/\/api.w.org\/{rel}","templated":true}]}}