{"id":815,"date":"2025-01-03T10:07:05","date_gmt":"2025-01-03T10:07:05","guid":{"rendered":"https:\/\/latpartika.lv\/?post_type=product&#038;p=815"},"modified":"2025-01-03T10:25:17","modified_gmt":"2025-01-03T10:25:17","slug":"dubulta-karstmaize-ar-kupinatu-skinki","status":"publish","type":"product","link":"https:\/\/latpartika.lv\/en\/product\/dubulta-karstmaize-ar-kupinatu-skinki","title":{"rendered":"Double hot bread with smoked ham"},"content":{"rendered":"<p>Lorem ipsum dolor sit amet, consectetur adipiscing elit. Phasellus quis tempus lacus. Nam fringilla iaculis turpis a dictum. Nam ex nunc, malesuada vel ornare vitae, lacinia maximus lectus. In vel egestas ligula, at pellentesque quam. Integer sit amet consequat libero. Quisque non bibendum odio.<\/p>","protected":false},"excerpt":{"rendered":"<p><strong>Ingredients:<\/strong> maize 52% (<strong><em>wheat<\/em><\/strong> flour, water, rapeseed oil, sugar, salt, yeast, <strong><em>wheat<\/em><\/strong> yeast (water, wheat flour, sugar, salt, pure culture (<strong><em>wheat<\/em><\/strong>)), improver (leaven from <strong><em>wheat<\/em><\/strong> flour)), <strong><em>Cheese<\/em><\/strong> (pasteurised <strong><em>milk<\/em><\/strong>, salt, hardener (calcium chloride), lactic acid bacterial starter, enzyme), mayonnaise (rapeseed oil, water, <strong><em>egg yolk<\/em><\/strong> powder, sugar, salt, acidity regulators (acetic acid, lactic acid), antioxidant E385), smoked pork 8% (k\/k pork ham 92%, water, salt, dextrose, yeast extract, flavourings, preservative E250, potato starch, modified starch, stabilisers (E450, E451), thickeners (E407, E412, E415, E410, E417), flavour enhancers (E621, E635), antioxidant E316, pig protein, black pepper extract)), tomatoes, tomato sauce (tomato puree 58%, water, sugar, salt, modified potato starch, acidity regulator (acetic acid), preservatives (potassium sorbate, sodium benzoate), spices (contains garlic, chili pepper))<\/p>","protected":false},"featured_media":816,"comment_status":"closed","ping_status":"closed","template":"","meta":[],"product_brand":[],"product_cat":[34,38],"product_tag":[],"class_list":{"0":"post-815","1":"product","2":"type-product","3":"status-publish","4":"has-post-thumbnail","6":"product_cat-produkti","7":"product_cat-sviestmaizes","9":"first","10":"instock","11":"shipping-taxable","12":"product-type-simple"},"yoast_head":"<!-- This site is optimized with the Yoast SEO plugin v27.3 - https:\/\/yoast.com\/product\/yoast-seo-wordpress\/ -->\n<title>Dubult\u0101 karstmaize ar k\u016bpin\u0101tu \u0161\u0137i\u0146\u0137i - Latvijas p\u0101rtikas ra\u017eot\u0101js<\/title>\n<meta name=\"robots\" content=\"index, follow, max-snippet:-1, max-image-preview:large, max-video-preview:-1\" \/>\n<link rel=\"canonical\" href=\"https:\/\/latpartika.lv\/en\/product\/dubulta-karstmaize-ar-kupinatu-skinki\/\" \/>\n<meta property=\"og:locale\" content=\"en_GB\" \/>\n<meta property=\"og:type\" content=\"article\" \/>\n<meta property=\"og:title\" content=\"Dubult\u0101 karstmaize ar k\u016bpin\u0101tu \u0161\u0137i\u0146\u0137i - Latvijas p\u0101rtikas ra\u017eot\u0101js\" \/>\n<meta property=\"og:description\" content=\"Sast\u0101vda\u013cas: maize 52% (kvie\u0161u milti, \u016bdens, rap\u0161u e\u013c\u013ca, cukurs, s\u0101ls, raugs, kvie\u0161u ieraugs (\u016bdens, kvie\u0161u milti, cukurs, s\u0101ls, t\u012brkult\u016bra (kvie\u0161u)), uzlabot\u0101js (ieraugs no kvie\u0161u miltiem)), siers (pasteriz\u0113ts piens, s\u0101ls, cietin\u0101t\u0101js (kalcija hlor\u012bds), piensk\u0101bes bakt\u0113riju ieraugs, ferments), majon\u0113ze (rap\u0161u e\u013c\u013ca, \u016bdens, olu dzeltenuma pulveris, cukurs, s\u0101ls, sk\u0101buma regul\u0113t\u0101ji (eti\u0137sk\u0101be, piensk\u0101be), antioksidants E385), k\u016bpin\u0101ta c\u016bkga\u013ca 8% (k\/k c\u016bkas \u0161\u0137i\u0146\u0137is 92%, \u016bdens, s\u0101ls, dekstroze, rauga ekstrakts, aromatiz\u0113t\u0101ji, konservants E250, kartupe\u013cu ciete, modific\u0113ta ciete, stabiliz\u0113t\u0101ji (E450, E451), biezin\u0101t\u0101ji( E407, E412, E415, E410, E417), gar\u0161as pastiprin\u0101t\u0101ji (E621, E635), antioksidants E316, c\u016bku olbaltumvielas, melno piparu ekstrakts)), tom\u0101ti, tom\u0101tu m\u0113rce (tom\u0101tu biezenis 58%, \u016bdens, cukurs, s\u0101ls, p\u0101rveidota kartupe\u013cu ciete, sk\u0101buma regul\u0113t\u0101js (eti\u0137sk\u0101be), konservanti (k\u0101lija sorb\u0101ts, n\u0101trija benzo\u0101ts), gar\u0161vielas (satur \u0137iplokus, \u010dili piparus))\" \/>\n<meta property=\"og:url\" content=\"https:\/\/latpartika.lv\/en\/product\/dubulta-karstmaize-ar-kupinatu-skinki\/\" \/>\n<meta property=\"og:site_name\" content=\"Latvijas p\u0101rtikas ra\u017eot\u0101js\" \/>\n<meta property=\"article:modified_time\" content=\"2025-01-03T10:25:17+00:00\" \/>\n<meta property=\"og:image\" content=\"https:\/\/latpartika.lv\/wp-content\/uploads\/2025\/01\/Dubulta-karstmaize-ar-kupinatu-skinki.png\" \/>\n\t<meta property=\"og:image:width\" content=\"500\" \/>\n\t<meta property=\"og:image:height\" content=\"500\" \/>\n\t<meta property=\"og:image:type\" content=\"image\/png\" \/>\n<meta name=\"twitter:card\" content=\"summary_large_image\" \/>\n<script type=\"application\/ld+json\" class=\"yoast-schema-graph\">{\"@context\":\"https:\\\/\\\/schema.org\",\"@graph\":[{\"@type\":\"WebPage\",\"@id\":\"https:\\\/\\\/latpartika.lv\\\/product\\\/dubulta-karstmaize-ar-kupinatu-skinki\",\"url\":\"https:\\\/\\\/latpartika.lv\\\/product\\\/dubulta-karstmaize-ar-kupinatu-skinki\",\"name\":\"Dubult\u0101 karstmaize ar k\u016bpin\u0101tu \u0161\u0137i\u0146\u0137i - Latvijas p\u0101rtikas ra\u017eot\u0101js\",\"isPartOf\":{\"@id\":\"https:\\\/\\\/latpartika.lv\\\/#website\"},\"primaryImageOfPage\":{\"@id\":\"https:\\\/\\\/latpartika.lv\\\/product\\\/dubulta-karstmaize-ar-kupinatu-skinki#primaryimage\"},\"image\":{\"@id\":\"https:\\\/\\\/latpartika.lv\\\/product\\\/dubulta-karstmaize-ar-kupinatu-skinki#primaryimage\"},\"thumbnailUrl\":\"https:\\\/\\\/latpartika.lv\\\/wp-content\\\/uploads\\\/2025\\\/01\\\/Dubulta-karstmaize-ar-kupinatu-skinki.png\",\"datePublished\":\"2025-01-03T10:07:05+00:00\",\"dateModified\":\"2025-01-03T10:25:17+00:00\",\"breadcrumb\":{\"@id\":\"https:\\\/\\\/latpartika.lv\\\/product\\\/dubulta-karstmaize-ar-kupinatu-skinki#breadcrumb\"},\"inLanguage\":\"en-GB\",\"potentialAction\":[{\"@type\":\"ReadAction\",\"target\":[\"https:\\\/\\\/latpartika.lv\\\/product\\\/dubulta-karstmaize-ar-kupinatu-skinki\"]}]},{\"@type\":\"ImageObject\",\"inLanguage\":\"en-GB\",\"@id\":\"https:\\\/\\\/latpartika.lv\\\/product\\\/dubulta-karstmaize-ar-kupinatu-skinki#primaryimage\",\"url\":\"https:\\\/\\\/latpartika.lv\\\/wp-content\\\/uploads\\\/2025\\\/01\\\/Dubulta-karstmaize-ar-kupinatu-skinki.png\",\"contentUrl\":\"https:\\\/\\\/latpartika.lv\\\/wp-content\\\/uploads\\\/2025\\\/01\\\/Dubulta-karstmaize-ar-kupinatu-skinki.png\",\"width\":500,\"height\":500},{\"@type\":\"BreadcrumbList\",\"@id\":\"https:\\\/\\\/latpartika.lv\\\/product\\\/dubulta-karstmaize-ar-kupinatu-skinki#breadcrumb\",\"itemListElement\":[{\"@type\":\"ListItem\",\"position\":1,\"name\":\"Home\",\"item\":\"https:\\\/\\\/latpartika.lv\\\/en\\\/\"},{\"@type\":\"ListItem\",\"position\":2,\"name\":\"Products\",\"item\":\"https:\\\/\\\/latpartika.lv\\\/shop\"},{\"@type\":\"ListItem\",\"position\":3,\"name\":\"Dubult\u0101 karstmaize ar k\u016bpin\u0101tu \u0161\u0137i\u0146\u0137i\"}]},{\"@type\":\"WebSite\",\"@id\":\"https:\\\/\\\/latpartika.lv\\\/#website\",\"url\":\"https:\\\/\\\/latpartika.lv\\\/\",\"name\":\"Latvijas p\u0101rtikas ra\u017eot\u0101js\",\"description\":\"Svaigi produkti no kvalitat\u012bv\u0101m izejviel\u0101m!\",\"publisher\":{\"@id\":\"https:\\\/\\\/latpartika.lv\\\/#organization\"},\"potentialAction\":[{\"@type\":\"SearchAction\",\"target\":{\"@type\":\"EntryPoint\",\"urlTemplate\":\"https:\\\/\\\/latpartika.lv\\\/?s={search_term_string}\"},\"query-input\":{\"@type\":\"PropertyValueSpecification\",\"valueRequired\":true,\"valueName\":\"search_term_string\"}}],\"inLanguage\":\"en-GB\"},{\"@type\":\"Organization\",\"@id\":\"https:\\\/\\\/latpartika.lv\\\/#organization\",\"name\":\"Latvijas p\u0101rtikas ra\u017eot\u0101js\",\"url\":\"https:\\\/\\\/latpartika.lv\\\/\",\"logo\":{\"@type\":\"ImageObject\",\"inLanguage\":\"en-GB\",\"@id\":\"https:\\\/\\\/latpartika.lv\\\/#\\\/schema\\\/logo\\\/image\\\/\",\"url\":\"https:\\\/\\\/latpartika.lv\\\/wp-content\\\/uploads\\\/2024\\\/11\\\/LPR_logo_balts.svg\",\"contentUrl\":\"https:\\\/\\\/latpartika.lv\\\/wp-content\\\/uploads\\\/2024\\\/11\\\/LPR_logo_balts.svg\",\"width\":425,\"height\":589,\"caption\":\"Latvijas p\u0101rtikas ra\u017eot\u0101js\"},\"image\":{\"@id\":\"https:\\\/\\\/latpartika.lv\\\/#\\\/schema\\\/logo\\\/image\\\/\"}}]}<\/script>\n<!-- \/ Yoast SEO plugin. -->","yoast_head_json":{"title":"Double hot bread with smoked ham - Latvian food producer","robots":{"index":"index","follow":"follow","max-snippet":"max-snippet:-1","max-image-preview":"max-image-preview:large","max-video-preview":"max-video-preview:-1"},"canonical":"https:\/\/latpartika.lv\/en\/product\/dubulta-karstmaize-ar-kupinatu-skinki\/","og_locale":"en_GB","og_type":"article","og_title":"Dubult\u0101 karstmaize ar k\u016bpin\u0101tu \u0161\u0137i\u0146\u0137i - Latvijas p\u0101rtikas ra\u017eot\u0101js","og_description":"Sast\u0101vda\u013cas: maize 52% (kvie\u0161u milti, \u016bdens, rap\u0161u e\u013c\u013ca, cukurs, s\u0101ls, raugs, kvie\u0161u ieraugs (\u016bdens, kvie\u0161u milti, cukurs, s\u0101ls, t\u012brkult\u016bra (kvie\u0161u)), uzlabot\u0101js (ieraugs no kvie\u0161u miltiem)), siers (pasteriz\u0113ts piens, s\u0101ls, cietin\u0101t\u0101js (kalcija hlor\u012bds), piensk\u0101bes bakt\u0113riju ieraugs, ferments), majon\u0113ze (rap\u0161u e\u013c\u013ca, \u016bdens, olu dzeltenuma pulveris, cukurs, s\u0101ls, sk\u0101buma regul\u0113t\u0101ji (eti\u0137sk\u0101be, piensk\u0101be), antioksidants E385), k\u016bpin\u0101ta c\u016bkga\u013ca 8% (k\/k c\u016bkas \u0161\u0137i\u0146\u0137is 92%, \u016bdens, s\u0101ls, dekstroze, rauga ekstrakts, aromatiz\u0113t\u0101ji, konservants E250, kartupe\u013cu ciete, modific\u0113ta ciete, stabiliz\u0113t\u0101ji (E450, E451), biezin\u0101t\u0101ji( E407, E412, E415, E410, E417), gar\u0161as pastiprin\u0101t\u0101ji (E621, E635), antioksidants E316, c\u016bku olbaltumvielas, melno piparu ekstrakts)), tom\u0101ti, tom\u0101tu m\u0113rce (tom\u0101tu biezenis 58%, \u016bdens, cukurs, s\u0101ls, p\u0101rveidota kartupe\u013cu ciete, sk\u0101buma regul\u0113t\u0101js (eti\u0137sk\u0101be), konservanti (k\u0101lija sorb\u0101ts, n\u0101trija benzo\u0101ts), gar\u0161vielas (satur \u0137iplokus, \u010dili piparus))","og_url":"https:\/\/latpartika.lv\/en\/product\/dubulta-karstmaize-ar-kupinatu-skinki\/","og_site_name":"Latvijas p\u0101rtikas ra\u017eot\u0101js","article_modified_time":"2025-01-03T10:25:17+00:00","og_image":[{"width":500,"height":500,"url":"https:\/\/latpartika.lv\/wp-content\/uploads\/2025\/01\/Dubulta-karstmaize-ar-kupinatu-skinki.png","type":"image\/png"}],"twitter_card":"summary_large_image","schema":{"@context":"https:\/\/schema.org","@graph":[{"@type":"WebPage","@id":"https:\/\/latpartika.lv\/product\/dubulta-karstmaize-ar-kupinatu-skinki","url":"https:\/\/latpartika.lv\/product\/dubulta-karstmaize-ar-kupinatu-skinki","name":"Double hot bread with smoked ham - Latvian food producer","isPartOf":{"@id":"https:\/\/latpartika.lv\/#website"},"primaryImageOfPage":{"@id":"https:\/\/latpartika.lv\/product\/dubulta-karstmaize-ar-kupinatu-skinki#primaryimage"},"image":{"@id":"https:\/\/latpartika.lv\/product\/dubulta-karstmaize-ar-kupinatu-skinki#primaryimage"},"thumbnailUrl":"https:\/\/latpartika.lv\/wp-content\/uploads\/2025\/01\/Dubulta-karstmaize-ar-kupinatu-skinki.png","datePublished":"2025-01-03T10:07:05+00:00","dateModified":"2025-01-03T10:25:17+00:00","breadcrumb":{"@id":"https:\/\/latpartika.lv\/product\/dubulta-karstmaize-ar-kupinatu-skinki#breadcrumb"},"inLanguage":"en-GB","potentialAction":[{"@type":"ReadAction","target":["https:\/\/latpartika.lv\/product\/dubulta-karstmaize-ar-kupinatu-skinki"]}]},{"@type":"ImageObject","inLanguage":"en-GB","@id":"https:\/\/latpartika.lv\/product\/dubulta-karstmaize-ar-kupinatu-skinki#primaryimage","url":"https:\/\/latpartika.lv\/wp-content\/uploads\/2025\/01\/Dubulta-karstmaize-ar-kupinatu-skinki.png","contentUrl":"https:\/\/latpartika.lv\/wp-content\/uploads\/2025\/01\/Dubulta-karstmaize-ar-kupinatu-skinki.png","width":500,"height":500},{"@type":"BreadcrumbList","@id":"https:\/\/latpartika.lv\/product\/dubulta-karstmaize-ar-kupinatu-skinki#breadcrumb","itemListElement":[{"@type":"ListItem","position":1,"name":"Home","item":"https:\/\/latpartika.lv\/en\/"},{"@type":"ListItem","position":2,"name":"Products","item":"https:\/\/latpartika.lv\/shop"},{"@type":"ListItem","position":3,"name":"Dubult\u0101 karstmaize ar k\u016bpin\u0101tu \u0161\u0137i\u0146\u0137i"}]},{"@type":"WebSite","@id":"https:\/\/latpartika.lv\/#website","url":"https:\/\/latpartika.lv\/","name":"Latvian food producer","description":"Fresh produce from quality ingredients!","publisher":{"@id":"https:\/\/latpartika.lv\/#organization"},"potentialAction":[{"@type":"SearchAction","target":{"@type":"EntryPoint","urlTemplate":"https:\/\/latpartika.lv\/?s={search_term_string}"},"query-input":{"@type":"PropertyValueSpecification","valueRequired":true,"valueName":"search_term_string"}}],"inLanguage":"en-GB"},{"@type":"Organization","@id":"https:\/\/latpartika.lv\/#organization","name":"Latvian food producer","url":"https:\/\/latpartika.lv\/","logo":{"@type":"ImageObject","inLanguage":"en-GB","@id":"https:\/\/latpartika.lv\/#\/schema\/logo\/image\/","url":"https:\/\/latpartika.lv\/wp-content\/uploads\/2024\/11\/LPR_logo_balts.svg","contentUrl":"https:\/\/latpartika.lv\/wp-content\/uploads\/2024\/11\/LPR_logo_balts.svg","width":425,"height":589,"caption":"Latvijas p\u0101rtikas ra\u017eot\u0101js"},"image":{"@id":"https:\/\/latpartika.lv\/#\/schema\/logo\/image\/"}}]}},"_links":{"self":[{"href":"https:\/\/latpartika.lv\/en\/wp-json\/wp\/v2\/product\/815","targetHints":{"allow":["GET"]}}],"collection":[{"href":"https:\/\/latpartika.lv\/en\/wp-json\/wp\/v2\/product"}],"about":[{"href":"https:\/\/latpartika.lv\/en\/wp-json\/wp\/v2\/types\/product"}],"replies":[{"embeddable":true,"href":"https:\/\/latpartika.lv\/en\/wp-json\/wp\/v2\/comments?post=815"}],"version-history":[{"count":0,"href":"https:\/\/latpartika.lv\/en\/wp-json\/wp\/v2\/product\/815\/revisions"}],"wp:featuredmedia":[{"embeddable":true,"href":"https:\/\/latpartika.lv\/en\/wp-json\/wp\/v2\/media\/816"}],"wp:attachment":[{"href":"https:\/\/latpartika.lv\/en\/wp-json\/wp\/v2\/media?parent=815"}],"wp:term":[{"taxonomy":"product_brand","embeddable":true,"href":"https:\/\/latpartika.lv\/en\/wp-json\/wp\/v2\/product_brand?post=815"},{"taxonomy":"product_cat","embeddable":true,"href":"https:\/\/latpartika.lv\/en\/wp-json\/wp\/v2\/product_cat?post=815"},{"taxonomy":"product_tag","embeddable":true,"href":"https:\/\/latpartika.lv\/en\/wp-json\/wp\/v2\/product_tag?post=815"}],"curies":[{"name":"wp","href":"https:\/\/api.w.org\/{rel}","templated":true}]}}