{"id":830,"date":"2025-01-03T10:15:10","date_gmt":"2025-01-03T10:15:10","guid":{"rendered":"https:\/\/latpartika.lv\/?post_type=product&#038;p=830"},"modified":"2025-01-03T10:25:01","modified_gmt":"2025-01-03T10:25:01","slug":"sandwich-with-salmon","status":"publish","type":"product","link":"https:\/\/latpartika.lv\/en\/product\/sviestmaize-ar-lasi","title":{"rendered":"Sandwich with salmon"},"content":{"rendered":"<p>Lorem ipsum dolor sit amet, consectetur adipiscing elit. Phasellus quis tempus lacus. Nam fringilla iaculis turpis a dictum. Nam ex nunc, malesuada vel ornare vitae, lacinia maximus lectus. In vel egestas ligula, at pellentesque quam. Integer sit amet consequat libero. Quisque non bibendum odio.<\/p>","protected":false},"excerpt":{"rendered":"<p><strong>Ingredients: <\/strong>maize 45% (<strong><em>wheat<\/em><\/strong> flour, water, sugar, margarine (oil (palm, rapeseed), emulsifier: mono- and diglycerides of fatty acids, salt, acidity regulator: citric acid, preservative: potassium sorbate, colour: annatto, flavouring), rapeseed oil, salt, yeast, improvers (<strong><em>wheat<\/em><\/strong> flour, emulsifier: sodium stearoyl-2-lactate, stabiliser: calcium carbonates, antioxidant: ascorbic acid),<strong> <em>salmon<\/em><\/strong> low salted 17% (<strong><em>salmon<\/em><\/strong> 94.5%, salt, sugar, dextrose, natural flavourings, preservative: potassium sorbate), mayonnaise (rapeseed oil, water, sugar, <strong><em>Buttermilk<\/em><\/strong> dust, <strong><em>ooh<\/em><\/strong> powder (contains maltodextrin), <strong><em>ooh<\/em><\/strong> masa, modified starch, salt, acidity regulators (acetic acid, lactic acid), thickeners (guar gum, xanthan gum), preservatives (potassium sorbate, sodium benzoate), <strong><em>mustard<\/em><\/strong> seed flavouring, colour: beta-carotene),<strong> <em>eggs<\/em><\/strong>, cucumbers, lettuce leaves<\/p>","protected":false},"featured_media":833,"comment_status":"closed","ping_status":"closed","template":"","meta":[],"product_brand":[],"product_cat":[34,38],"product_tag":[],"class_list":{"0":"post-830","1":"product","2":"type-product","3":"status-publish","4":"has-post-thumbnail","6":"product_cat-produkti","7":"product_cat-sviestmaizes","9":"first","10":"instock","11":"shipping-taxable","12":"product-type-simple"},"yoast_head":"<!-- This site is optimized with the Yoast SEO plugin v27.3 - https:\/\/yoast.com\/product\/yoast-seo-wordpress\/ -->\n<title>Sviestmaize ar lasi - Latvijas p\u0101rtikas ra\u017eot\u0101js<\/title>\n<meta name=\"robots\" content=\"index, follow, max-snippet:-1, max-image-preview:large, max-video-preview:-1\" \/>\n<link rel=\"canonical\" href=\"https:\/\/latpartika.lv\/en\/product\/sandwich-with-salmon\/\" \/>\n<meta property=\"og:locale\" content=\"en_GB\" \/>\n<meta property=\"og:type\" content=\"article\" \/>\n<meta property=\"og:title\" content=\"Sviestmaize ar lasi - Latvijas p\u0101rtikas ra\u017eot\u0101js\" \/>\n<meta property=\"og:description\" content=\"Sast\u0101vda\u013cas: maize 45% (kvie\u0161u milti, \u016bdens, cukurs, margar\u012bns (e\u013c\u013ca (palmu, rap\u0161u), emulgators:tauksk\u0101bju mono- un diglicer\u012bdi, s\u0101ls, sk\u0101buma regul\u0113t\u0101js: citronsk\u0101be, konservants: k\u0101lija sorb\u0101ts, kr\u0101sviela:annato, aromatiz\u0113t\u0101js), rap\u0161u e\u013c\u013ca, s\u0101ls, raugs, uzlabot\u0101js (kvie\u0161u milti, emulgators: n\u0101trija stearoil-2-lakt\u0101ts, stabiliz\u0113t\u0101js: kalcija karbon\u0101ti, antioksidants:askorb\u012bnsk\u0101be), lasis mazs\u0101l\u012bts 17% (lasis 94.5%, s\u0101ls, cukurs, dekstroze, dab\u012bgie aromatiz\u0113t\u0101ji, konservants:k\u0101lija sorb\u0101ts), majon\u0113ze (rap\u0161u e\u013c\u013ca, \u016bdens, cukurs, v\u0101jpiena pulveris, olu pulveris (satur maltodekstr\u012bnu), olu masa, p\u0101rveidota ciete, s\u0101ls, sk\u0101buma regul\u0113t\u0101ji (eti\u0137sk\u0101be, piensk\u0101be), biezin\u0101t\u0101ji (gu\u0101ra sve\u0137i, ksant\u0101na sve\u0137i), konservanti (k\u0101lija sorb\u0101ts, n\u0101trija benzo\u0101ts), sinepju s\u0113klu aromatiz\u0113t\u0101js, kr\u0101sviela:beta-karot\u012bns), olas, gur\u0137i, sal\u0101tu lapas\" \/>\n<meta property=\"og:url\" content=\"https:\/\/latpartika.lv\/en\/product\/sandwich-with-salmon\/\" \/>\n<meta property=\"og:site_name\" content=\"Latvijas p\u0101rtikas ra\u017eot\u0101js\" \/>\n<meta property=\"article:modified_time\" content=\"2025-01-03T10:25:01+00:00\" \/>\n<meta property=\"og:image\" content=\"https:\/\/latpartika.lv\/wp-content\/uploads\/2025\/01\/Sviestmaize-ar-lasi.png\" \/>\n\t<meta property=\"og:image:width\" content=\"500\" \/>\n\t<meta property=\"og:image:height\" content=\"500\" \/>\n\t<meta property=\"og:image:type\" content=\"image\/png\" \/>\n<meta name=\"twitter:card\" content=\"summary_large_image\" \/>\n<script type=\"application\/ld+json\" class=\"yoast-schema-graph\">{\"@context\":\"https:\\\/\\\/schema.org\",\"@graph\":[{\"@type\":\"WebPage\",\"@id\":\"https:\\\/\\\/latpartika.lv\\\/product\\\/sviestmaize-ar-lasi\",\"url\":\"https:\\\/\\\/latpartika.lv\\\/product\\\/sviestmaize-ar-lasi\",\"name\":\"Sviestmaize ar lasi - Latvijas p\u0101rtikas ra\u017eot\u0101js\",\"isPartOf\":{\"@id\":\"https:\\\/\\\/latpartika.lv\\\/#website\"},\"primaryImageOfPage\":{\"@id\":\"https:\\\/\\\/latpartika.lv\\\/product\\\/sviestmaize-ar-lasi#primaryimage\"},\"image\":{\"@id\":\"https:\\\/\\\/latpartika.lv\\\/product\\\/sviestmaize-ar-lasi#primaryimage\"},\"thumbnailUrl\":\"https:\\\/\\\/latpartika.lv\\\/wp-content\\\/uploads\\\/2025\\\/01\\\/Sviestmaize-ar-lasi.png\",\"datePublished\":\"2025-01-03T10:15:10+00:00\",\"dateModified\":\"2025-01-03T10:25:01+00:00\",\"breadcrumb\":{\"@id\":\"https:\\\/\\\/latpartika.lv\\\/product\\\/sviestmaize-ar-lasi#breadcrumb\"},\"inLanguage\":\"en-GB\",\"potentialAction\":[{\"@type\":\"ReadAction\",\"target\":[\"https:\\\/\\\/latpartika.lv\\\/product\\\/sviestmaize-ar-lasi\"]}]},{\"@type\":\"ImageObject\",\"inLanguage\":\"en-GB\",\"@id\":\"https:\\\/\\\/latpartika.lv\\\/product\\\/sviestmaize-ar-lasi#primaryimage\",\"url\":\"https:\\\/\\\/latpartika.lv\\\/wp-content\\\/uploads\\\/2025\\\/01\\\/Sviestmaize-ar-lasi.png\",\"contentUrl\":\"https:\\\/\\\/latpartika.lv\\\/wp-content\\\/uploads\\\/2025\\\/01\\\/Sviestmaize-ar-lasi.png\",\"width\":500,\"height\":500},{\"@type\":\"BreadcrumbList\",\"@id\":\"https:\\\/\\\/latpartika.lv\\\/product\\\/sviestmaize-ar-lasi#breadcrumb\",\"itemListElement\":[{\"@type\":\"ListItem\",\"position\":1,\"name\":\"Home\",\"item\":\"https:\\\/\\\/latpartika.lv\\\/en\\\/\"},{\"@type\":\"ListItem\",\"position\":2,\"name\":\"Products\",\"item\":\"https:\\\/\\\/latpartika.lv\\\/shop\"},{\"@type\":\"ListItem\",\"position\":3,\"name\":\"Sviestmaize ar lasi\"}]},{\"@type\":\"WebSite\",\"@id\":\"https:\\\/\\\/latpartika.lv\\\/#website\",\"url\":\"https:\\\/\\\/latpartika.lv\\\/\",\"name\":\"Latvijas p\u0101rtikas ra\u017eot\u0101js\",\"description\":\"Svaigi produkti no kvalitat\u012bv\u0101m izejviel\u0101m!\",\"publisher\":{\"@id\":\"https:\\\/\\\/latpartika.lv\\\/#organization\"},\"potentialAction\":[{\"@type\":\"SearchAction\",\"target\":{\"@type\":\"EntryPoint\",\"urlTemplate\":\"https:\\\/\\\/latpartika.lv\\\/?s={search_term_string}\"},\"query-input\":{\"@type\":\"PropertyValueSpecification\",\"valueRequired\":true,\"valueName\":\"search_term_string\"}}],\"inLanguage\":\"en-GB\"},{\"@type\":\"Organization\",\"@id\":\"https:\\\/\\\/latpartika.lv\\\/#organization\",\"name\":\"Latvijas p\u0101rtikas ra\u017eot\u0101js\",\"url\":\"https:\\\/\\\/latpartika.lv\\\/\",\"logo\":{\"@type\":\"ImageObject\",\"inLanguage\":\"en-GB\",\"@id\":\"https:\\\/\\\/latpartika.lv\\\/#\\\/schema\\\/logo\\\/image\\\/\",\"url\":\"https:\\\/\\\/latpartika.lv\\\/wp-content\\\/uploads\\\/2024\\\/11\\\/LPR_logo_balts.svg\",\"contentUrl\":\"https:\\\/\\\/latpartika.lv\\\/wp-content\\\/uploads\\\/2024\\\/11\\\/LPR_logo_balts.svg\",\"width\":425,\"height\":589,\"caption\":\"Latvijas p\u0101rtikas ra\u017eot\u0101js\"},\"image\":{\"@id\":\"https:\\\/\\\/latpartika.lv\\\/#\\\/schema\\\/logo\\\/image\\\/\"}}]}<\/script>\n<!-- \/ Yoast SEO plugin. -->","yoast_head_json":{"title":"Salmon sandwich - Latvian food producer","robots":{"index":"index","follow":"follow","max-snippet":"max-snippet:-1","max-image-preview":"max-image-preview:large","max-video-preview":"max-video-preview:-1"},"canonical":"https:\/\/latpartika.lv\/en\/product\/sandwich-with-salmon\/","og_locale":"en_GB","og_type":"article","og_title":"Sviestmaize ar lasi - Latvijas p\u0101rtikas ra\u017eot\u0101js","og_description":"Sast\u0101vda\u013cas: maize 45% (kvie\u0161u milti, \u016bdens, cukurs, margar\u012bns (e\u013c\u013ca (palmu, rap\u0161u), emulgators:tauksk\u0101bju mono- un diglicer\u012bdi, s\u0101ls, sk\u0101buma regul\u0113t\u0101js: citronsk\u0101be, konservants: k\u0101lija sorb\u0101ts, kr\u0101sviela:annato, aromatiz\u0113t\u0101js), rap\u0161u e\u013c\u013ca, s\u0101ls, raugs, uzlabot\u0101js (kvie\u0161u milti, emulgators: n\u0101trija stearoil-2-lakt\u0101ts, stabiliz\u0113t\u0101js: kalcija karbon\u0101ti, antioksidants:askorb\u012bnsk\u0101be), lasis mazs\u0101l\u012bts 17% (lasis 94.5%, s\u0101ls, cukurs, dekstroze, dab\u012bgie aromatiz\u0113t\u0101ji, konservants:k\u0101lija sorb\u0101ts), majon\u0113ze (rap\u0161u e\u013c\u013ca, \u016bdens, cukurs, v\u0101jpiena pulveris, olu pulveris (satur maltodekstr\u012bnu), olu masa, p\u0101rveidota ciete, s\u0101ls, sk\u0101buma regul\u0113t\u0101ji (eti\u0137sk\u0101be, piensk\u0101be), biezin\u0101t\u0101ji (gu\u0101ra sve\u0137i, ksant\u0101na sve\u0137i), konservanti (k\u0101lija sorb\u0101ts, n\u0101trija benzo\u0101ts), sinepju s\u0113klu aromatiz\u0113t\u0101js, kr\u0101sviela:beta-karot\u012bns), olas, gur\u0137i, sal\u0101tu lapas","og_url":"https:\/\/latpartika.lv\/en\/product\/sandwich-with-salmon\/","og_site_name":"Latvijas p\u0101rtikas ra\u017eot\u0101js","article_modified_time":"2025-01-03T10:25:01+00:00","og_image":[{"width":500,"height":500,"url":"https:\/\/latpartika.lv\/wp-content\/uploads\/2025\/01\/Sviestmaize-ar-lasi.png","type":"image\/png"}],"twitter_card":"summary_large_image","schema":{"@context":"https:\/\/schema.org","@graph":[{"@type":"WebPage","@id":"https:\/\/latpartika.lv\/product\/sviestmaize-ar-lasi","url":"https:\/\/latpartika.lv\/product\/sviestmaize-ar-lasi","name":"Salmon sandwich - Latvian food producer","isPartOf":{"@id":"https:\/\/latpartika.lv\/#website"},"primaryImageOfPage":{"@id":"https:\/\/latpartika.lv\/product\/sviestmaize-ar-lasi#primaryimage"},"image":{"@id":"https:\/\/latpartika.lv\/product\/sviestmaize-ar-lasi#primaryimage"},"thumbnailUrl":"https:\/\/latpartika.lv\/wp-content\/uploads\/2025\/01\/Sviestmaize-ar-lasi.png","datePublished":"2025-01-03T10:15:10+00:00","dateModified":"2025-01-03T10:25:01+00:00","breadcrumb":{"@id":"https:\/\/latpartika.lv\/product\/sviestmaize-ar-lasi#breadcrumb"},"inLanguage":"en-GB","potentialAction":[{"@type":"ReadAction","target":["https:\/\/latpartika.lv\/product\/sviestmaize-ar-lasi"]}]},{"@type":"ImageObject","inLanguage":"en-GB","@id":"https:\/\/latpartika.lv\/product\/sviestmaize-ar-lasi#primaryimage","url":"https:\/\/latpartika.lv\/wp-content\/uploads\/2025\/01\/Sviestmaize-ar-lasi.png","contentUrl":"https:\/\/latpartika.lv\/wp-content\/uploads\/2025\/01\/Sviestmaize-ar-lasi.png","width":500,"height":500},{"@type":"BreadcrumbList","@id":"https:\/\/latpartika.lv\/product\/sviestmaize-ar-lasi#breadcrumb","itemListElement":[{"@type":"ListItem","position":1,"name":"Home","item":"https:\/\/latpartika.lv\/en\/"},{"@type":"ListItem","position":2,"name":"Products","item":"https:\/\/latpartika.lv\/shop"},{"@type":"ListItem","position":3,"name":"Sviestmaize ar lasi"}]},{"@type":"WebSite","@id":"https:\/\/latpartika.lv\/#website","url":"https:\/\/latpartika.lv\/","name":"Latvian food producer","description":"Fresh produce from quality ingredients!","publisher":{"@id":"https:\/\/latpartika.lv\/#organization"},"potentialAction":[{"@type":"SearchAction","target":{"@type":"EntryPoint","urlTemplate":"https:\/\/latpartika.lv\/?s={search_term_string}"},"query-input":{"@type":"PropertyValueSpecification","valueRequired":true,"valueName":"search_term_string"}}],"inLanguage":"en-GB"},{"@type":"Organization","@id":"https:\/\/latpartika.lv\/#organization","name":"Latvian food producer","url":"https:\/\/latpartika.lv\/","logo":{"@type":"ImageObject","inLanguage":"en-GB","@id":"https:\/\/latpartika.lv\/#\/schema\/logo\/image\/","url":"https:\/\/latpartika.lv\/wp-content\/uploads\/2024\/11\/LPR_logo_balts.svg","contentUrl":"https:\/\/latpartika.lv\/wp-content\/uploads\/2024\/11\/LPR_logo_balts.svg","width":425,"height":589,"caption":"Latvijas p\u0101rtikas ra\u017eot\u0101js"},"image":{"@id":"https:\/\/latpartika.lv\/#\/schema\/logo\/image\/"}}]}},"_links":{"self":[{"href":"https:\/\/latpartika.lv\/en\/wp-json\/wp\/v2\/product\/830","targetHints":{"allow":["GET"]}}],"collection":[{"href":"https:\/\/latpartika.lv\/en\/wp-json\/wp\/v2\/product"}],"about":[{"href":"https:\/\/latpartika.lv\/en\/wp-json\/wp\/v2\/types\/product"}],"replies":[{"embeddable":true,"href":"https:\/\/latpartika.lv\/en\/wp-json\/wp\/v2\/comments?post=830"}],"version-history":[{"count":0,"href":"https:\/\/latpartika.lv\/en\/wp-json\/wp\/v2\/product\/830\/revisions"}],"wp:featuredmedia":[{"embeddable":true,"href":"https:\/\/latpartika.lv\/en\/wp-json\/wp\/v2\/media\/833"}],"wp:attachment":[{"href":"https:\/\/latpartika.lv\/en\/wp-json\/wp\/v2\/media?parent=830"}],"wp:term":[{"taxonomy":"product_brand","embeddable":true,"href":"https:\/\/latpartika.lv\/en\/wp-json\/wp\/v2\/product_brand?post=830"},{"taxonomy":"product_cat","embeddable":true,"href":"https:\/\/latpartika.lv\/en\/wp-json\/wp\/v2\/product_cat?post=830"},{"taxonomy":"product_tag","embeddable":true,"href":"https:\/\/latpartika.lv\/en\/wp-json\/wp\/v2\/product_tag?post=830"}],"curies":[{"name":"wp","href":"https:\/\/api.w.org\/{rel}","templated":true}]}}