{"id":842,"date":"2025-01-03T11:57:42","date_gmt":"2025-01-03T11:57:42","guid":{"rendered":"https:\/\/latpartika.lv\/?post_type=product&#038;p=842"},"modified":"2025-01-03T11:59:25","modified_gmt":"2025-01-03T11:59:25","slug":"sandwich-with-chicken","status":"publish","type":"product","link":"https:\/\/latpartika.lv\/en\/product\/sviestmaize-ar-vistu","title":{"rendered":"Sandwich with chicken"},"content":{"rendered":"<p>Lorem ipsum dolor sit amet, consectetur adipiscing elit. Phasellus quis tempus lacus. Nam fringilla iaculis turpis a dictum. Nam ex nunc, malesuada vel ornare vitae, lacinia maximus lectus. In vel egestas ligula, at pellentesque quam. Integer sit amet consequat libero. Quisque non bibendum odio.<\/p>","protected":false},"excerpt":{"rendered":"<p><strong>Ingredients:<\/strong> Maize 47% (<strong><em>wheat<\/em><\/strong> flour, water, seed mix (pumpkin 2.6%, linseed 2.3%, sunflower 1.2%, <strong><em>Sesame<\/em><\/strong> 0.7%), <strong><em>wheat<\/em><\/strong> bran, sugar, salt, margarine (vegetable oils (palm, rapeseed), emulsifier: mono- and glycerides of fatty acids, salt, acidity regulator: citric acid, preservative: potassium sorbate, colour: annatto, flavouring), rapeseed oil, yeast, enhancer (<strong><em>wheat<\/em><\/strong> flour, emulsifier: sodium stearoyl-2-lactate, stabiliser: calcium carbonate, antioxidant: ascorbic acid), chicken fillet 17%, mayonnaise (rapeseed oil, water, sugar, <strong><em>Buttermilk<\/em><\/strong> dust, <strong><em>ooh<\/em><\/strong> powder (contains maltodextrin), <strong><em>ooh<\/em><\/strong> masa, modified starch, salt, acidity regulators (acetic acid, lactic acid), thickeners (guar gum, xanthan gum), preservatives (potassium sorbate, sodium benzoate), <strong><em>mustard<\/em><\/strong> seed flavouring, colour: beta carotene), pickled cucumbers (cucumbers, brandy vinegar, salt, spices (dill, onion, <strong><em>mustard<\/em><\/strong>, pepper), preservative:E211, sweetener:E954, natural flavouring), paprika, lettuce leaves<\/p>","protected":false},"featured_media":843,"comment_status":"closed","ping_status":"closed","template":"","meta":[],"product_brand":[],"product_cat":[34,38],"product_tag":[],"class_list":{"0":"post-842","1":"product","2":"type-product","3":"status-publish","4":"has-post-thumbnail","6":"product_cat-produkti","7":"product_cat-sviestmaizes","9":"first","10":"instock","11":"shipping-taxable","12":"product-type-simple"},"yoast_head":"<!-- This site is optimized with the Yoast SEO plugin v27.3 - https:\/\/yoast.com\/product\/yoast-seo-wordpress\/ -->\n<title>Sviestmaize ar vistu - Latvijas p\u0101rtikas ra\u017eot\u0101js<\/title>\n<meta name=\"robots\" content=\"index, follow, max-snippet:-1, max-image-preview:large, max-video-preview:-1\" \/>\n<link rel=\"canonical\" href=\"https:\/\/latpartika.lv\/en\/product\/sandwich-with-chicken\/\" \/>\n<meta property=\"og:locale\" content=\"en_GB\" \/>\n<meta property=\"og:type\" content=\"article\" \/>\n<meta property=\"og:title\" content=\"Sviestmaize ar vistu - Latvijas p\u0101rtikas ra\u017eot\u0101js\" \/>\n<meta property=\"og:description\" content=\"Sast\u0101vda\u013cas: Maize 47% (kvie\u0161u milti, \u016bdens, s\u0113klu mais\u012bjums (\u0137irbju 2.6%, lins\u0113klas 2.3%, saulespu\u0137u 1.2%, sezama 0.7%), kvie\u0161u klijas, cukurs, s\u0101ls, margar\u012bns (augu e\u013c\u013cas (palmu, rap\u0161u), emulgators: tauksk\u0101bju mono- un glicer\u012bdi, s\u0101ls, sk\u0101buma regul\u0113t\u0101js:citronsk\u0101be, konservants: k\u0101lija sorb\u0101ts, kr\u0101sviela:annato, aromatiz\u0113t\u0101js), rap\u0161u e\u013c\u013ca, raugs, uzlabot\u0101js (kvie\u0161u milti, emulgators: n\u0101trija stearoil-2-lakt\u0101ts, stabiliz\u0113t\u0101js: kalcija karbon\u0101ts, antioksidants:askorb\u012bnsk\u0101be), vistas fileja 17%, majon\u0113ze (rap\u0161u el\u013ca, \u016bdens, cukurs, v\u0101jpiena pulveris, olu pulveris (satur maltodekstr\u012bnu), olu masa, p\u0101rveidota ciete, s\u0101ls, sk\u0101buma regul\u0113t\u0101ji (eti\u0137sk\u0101be, piensk\u0101be), biezin\u0101t\u0101ji (gu\u0101ra sve\u0137i, ksant\u0101na sve\u0137i), konservanti (k\u0101lija sorb\u0101ts, n\u0101trija benzo\u0101ts), sinepju s\u0113klu aromatiz\u0113t\u0101js, kr\u0101sviela: beta karot\u012bns), gur\u0137i marin\u0113ti (gur\u0137i, brendija eti\u0137is, s\u0101ls, gar\u0161vielas (dilles, s\u012bpoli, sinepes, pipari), konservants:E211, saldin\u0101t\u0101js:E954, dab\u012bgais aromatiz\u0113t\u0101js), paprika, sal\u0101tu lapas\" \/>\n<meta property=\"og:url\" content=\"https:\/\/latpartika.lv\/en\/product\/sandwich-with-chicken\/\" \/>\n<meta property=\"og:site_name\" content=\"Latvijas p\u0101rtikas ra\u017eot\u0101js\" \/>\n<meta property=\"article:modified_time\" content=\"2025-01-03T11:59:25+00:00\" \/>\n<meta property=\"og:image\" content=\"https:\/\/latpartika.lv\/wp-content\/uploads\/2025\/01\/Sviestmaize-ar-vistu.png\" \/>\n\t<meta property=\"og:image:width\" content=\"500\" \/>\n\t<meta property=\"og:image:height\" content=\"500\" \/>\n\t<meta property=\"og:image:type\" content=\"image\/png\" \/>\n<meta name=\"twitter:card\" content=\"summary_large_image\" \/>\n<script type=\"application\/ld+json\" class=\"yoast-schema-graph\">{\"@context\":\"https:\\\/\\\/schema.org\",\"@graph\":[{\"@type\":\"WebPage\",\"@id\":\"https:\\\/\\\/latpartika.lv\\\/product\\\/sviestmaize-ar-vistu\",\"url\":\"https:\\\/\\\/latpartika.lv\\\/product\\\/sviestmaize-ar-vistu\",\"name\":\"Sviestmaize ar vistu - Latvijas p\u0101rtikas ra\u017eot\u0101js\",\"isPartOf\":{\"@id\":\"https:\\\/\\\/latpartika.lv\\\/#website\"},\"primaryImageOfPage\":{\"@id\":\"https:\\\/\\\/latpartika.lv\\\/product\\\/sviestmaize-ar-vistu#primaryimage\"},\"image\":{\"@id\":\"https:\\\/\\\/latpartika.lv\\\/product\\\/sviestmaize-ar-vistu#primaryimage\"},\"thumbnailUrl\":\"https:\\\/\\\/latpartika.lv\\\/wp-content\\\/uploads\\\/2025\\\/01\\\/Sviestmaize-ar-vistu.png\",\"datePublished\":\"2025-01-03T11:57:42+00:00\",\"dateModified\":\"2025-01-03T11:59:25+00:00\",\"breadcrumb\":{\"@id\":\"https:\\\/\\\/latpartika.lv\\\/product\\\/sviestmaize-ar-vistu#breadcrumb\"},\"inLanguage\":\"en-GB\",\"potentialAction\":[{\"@type\":\"ReadAction\",\"target\":[\"https:\\\/\\\/latpartika.lv\\\/product\\\/sviestmaize-ar-vistu\"]}]},{\"@type\":\"ImageObject\",\"inLanguage\":\"en-GB\",\"@id\":\"https:\\\/\\\/latpartika.lv\\\/product\\\/sviestmaize-ar-vistu#primaryimage\",\"url\":\"https:\\\/\\\/latpartika.lv\\\/wp-content\\\/uploads\\\/2025\\\/01\\\/Sviestmaize-ar-vistu.png\",\"contentUrl\":\"https:\\\/\\\/latpartika.lv\\\/wp-content\\\/uploads\\\/2025\\\/01\\\/Sviestmaize-ar-vistu.png\",\"width\":500,\"height\":500},{\"@type\":\"BreadcrumbList\",\"@id\":\"https:\\\/\\\/latpartika.lv\\\/product\\\/sviestmaize-ar-vistu#breadcrumb\",\"itemListElement\":[{\"@type\":\"ListItem\",\"position\":1,\"name\":\"Home\",\"item\":\"https:\\\/\\\/latpartika.lv\\\/en\\\/\"},{\"@type\":\"ListItem\",\"position\":2,\"name\":\"Products\",\"item\":\"https:\\\/\\\/latpartika.lv\\\/shop\"},{\"@type\":\"ListItem\",\"position\":3,\"name\":\"Sviestmaize ar vistu\"}]},{\"@type\":\"WebSite\",\"@id\":\"https:\\\/\\\/latpartika.lv\\\/#website\",\"url\":\"https:\\\/\\\/latpartika.lv\\\/\",\"name\":\"Latvijas p\u0101rtikas ra\u017eot\u0101js\",\"description\":\"Svaigi produkti no kvalitat\u012bv\u0101m izejviel\u0101m!\",\"publisher\":{\"@id\":\"https:\\\/\\\/latpartika.lv\\\/#organization\"},\"potentialAction\":[{\"@type\":\"SearchAction\",\"target\":{\"@type\":\"EntryPoint\",\"urlTemplate\":\"https:\\\/\\\/latpartika.lv\\\/?s={search_term_string}\"},\"query-input\":{\"@type\":\"PropertyValueSpecification\",\"valueRequired\":true,\"valueName\":\"search_term_string\"}}],\"inLanguage\":\"en-GB\"},{\"@type\":\"Organization\",\"@id\":\"https:\\\/\\\/latpartika.lv\\\/#organization\",\"name\":\"Latvijas p\u0101rtikas ra\u017eot\u0101js\",\"url\":\"https:\\\/\\\/latpartika.lv\\\/\",\"logo\":{\"@type\":\"ImageObject\",\"inLanguage\":\"en-GB\",\"@id\":\"https:\\\/\\\/latpartika.lv\\\/#\\\/schema\\\/logo\\\/image\\\/\",\"url\":\"https:\\\/\\\/latpartika.lv\\\/wp-content\\\/uploads\\\/2024\\\/11\\\/LPR_logo_balts.svg\",\"contentUrl\":\"https:\\\/\\\/latpartika.lv\\\/wp-content\\\/uploads\\\/2024\\\/11\\\/LPR_logo_balts.svg\",\"width\":425,\"height\":589,\"caption\":\"Latvijas p\u0101rtikas ra\u017eot\u0101js\"},\"image\":{\"@id\":\"https:\\\/\\\/latpartika.lv\\\/#\\\/schema\\\/logo\\\/image\\\/\"}}]}<\/script>\n<!-- \/ Yoast SEO plugin. -->","yoast_head_json":{"title":"Sandwich with chicken - Latvian food producer","robots":{"index":"index","follow":"follow","max-snippet":"max-snippet:-1","max-image-preview":"max-image-preview:large","max-video-preview":"max-video-preview:-1"},"canonical":"https:\/\/latpartika.lv\/en\/product\/sandwich-with-chicken\/","og_locale":"en_GB","og_type":"article","og_title":"Sviestmaize ar vistu - Latvijas p\u0101rtikas ra\u017eot\u0101js","og_description":"Sast\u0101vda\u013cas: Maize 47% (kvie\u0161u milti, \u016bdens, s\u0113klu mais\u012bjums (\u0137irbju 2.6%, lins\u0113klas 2.3%, saulespu\u0137u 1.2%, sezama 0.7%), kvie\u0161u klijas, cukurs, s\u0101ls, margar\u012bns (augu e\u013c\u013cas (palmu, rap\u0161u), emulgators: tauksk\u0101bju mono- un glicer\u012bdi, s\u0101ls, sk\u0101buma regul\u0113t\u0101js:citronsk\u0101be, konservants: k\u0101lija sorb\u0101ts, kr\u0101sviela:annato, aromatiz\u0113t\u0101js), rap\u0161u e\u013c\u013ca, raugs, uzlabot\u0101js (kvie\u0161u milti, emulgators: n\u0101trija stearoil-2-lakt\u0101ts, stabiliz\u0113t\u0101js: kalcija karbon\u0101ts, antioksidants:askorb\u012bnsk\u0101be), vistas fileja 17%, majon\u0113ze (rap\u0161u el\u013ca, \u016bdens, cukurs, v\u0101jpiena pulveris, olu pulveris (satur maltodekstr\u012bnu), olu masa, p\u0101rveidota ciete, s\u0101ls, sk\u0101buma regul\u0113t\u0101ji (eti\u0137sk\u0101be, piensk\u0101be), biezin\u0101t\u0101ji (gu\u0101ra sve\u0137i, ksant\u0101na sve\u0137i), konservanti (k\u0101lija sorb\u0101ts, n\u0101trija benzo\u0101ts), sinepju s\u0113klu aromatiz\u0113t\u0101js, kr\u0101sviela: beta karot\u012bns), gur\u0137i marin\u0113ti (gur\u0137i, brendija eti\u0137is, s\u0101ls, gar\u0161vielas (dilles, s\u012bpoli, sinepes, pipari), konservants:E211, saldin\u0101t\u0101js:E954, dab\u012bgais aromatiz\u0113t\u0101js), paprika, sal\u0101tu lapas","og_url":"https:\/\/latpartika.lv\/en\/product\/sandwich-with-chicken\/","og_site_name":"Latvijas p\u0101rtikas ra\u017eot\u0101js","article_modified_time":"2025-01-03T11:59:25+00:00","og_image":[{"width":500,"height":500,"url":"https:\/\/latpartika.lv\/wp-content\/uploads\/2025\/01\/Sviestmaize-ar-vistu.png","type":"image\/png"}],"twitter_card":"summary_large_image","schema":{"@context":"https:\/\/schema.org","@graph":[{"@type":"WebPage","@id":"https:\/\/latpartika.lv\/product\/sviestmaize-ar-vistu","url":"https:\/\/latpartika.lv\/product\/sviestmaize-ar-vistu","name":"Sandwich with chicken - Latvian food producer","isPartOf":{"@id":"https:\/\/latpartika.lv\/#website"},"primaryImageOfPage":{"@id":"https:\/\/latpartika.lv\/product\/sviestmaize-ar-vistu#primaryimage"},"image":{"@id":"https:\/\/latpartika.lv\/product\/sviestmaize-ar-vistu#primaryimage"},"thumbnailUrl":"https:\/\/latpartika.lv\/wp-content\/uploads\/2025\/01\/Sviestmaize-ar-vistu.png","datePublished":"2025-01-03T11:57:42+00:00","dateModified":"2025-01-03T11:59:25+00:00","breadcrumb":{"@id":"https:\/\/latpartika.lv\/product\/sviestmaize-ar-vistu#breadcrumb"},"inLanguage":"en-GB","potentialAction":[{"@type":"ReadAction","target":["https:\/\/latpartika.lv\/product\/sviestmaize-ar-vistu"]}]},{"@type":"ImageObject","inLanguage":"en-GB","@id":"https:\/\/latpartika.lv\/product\/sviestmaize-ar-vistu#primaryimage","url":"https:\/\/latpartika.lv\/wp-content\/uploads\/2025\/01\/Sviestmaize-ar-vistu.png","contentUrl":"https:\/\/latpartika.lv\/wp-content\/uploads\/2025\/01\/Sviestmaize-ar-vistu.png","width":500,"height":500},{"@type":"BreadcrumbList","@id":"https:\/\/latpartika.lv\/product\/sviestmaize-ar-vistu#breadcrumb","itemListElement":[{"@type":"ListItem","position":1,"name":"Home","item":"https:\/\/latpartika.lv\/en\/"},{"@type":"ListItem","position":2,"name":"Products","item":"https:\/\/latpartika.lv\/shop"},{"@type":"ListItem","position":3,"name":"Sviestmaize ar vistu"}]},{"@type":"WebSite","@id":"https:\/\/latpartika.lv\/#website","url":"https:\/\/latpartika.lv\/","name":"Latvian food producer","description":"Fresh produce from quality ingredients!","publisher":{"@id":"https:\/\/latpartika.lv\/#organization"},"potentialAction":[{"@type":"SearchAction","target":{"@type":"EntryPoint","urlTemplate":"https:\/\/latpartika.lv\/?s={search_term_string}"},"query-input":{"@type":"PropertyValueSpecification","valueRequired":true,"valueName":"search_term_string"}}],"inLanguage":"en-GB"},{"@type":"Organization","@id":"https:\/\/latpartika.lv\/#organization","name":"Latvian food producer","url":"https:\/\/latpartika.lv\/","logo":{"@type":"ImageObject","inLanguage":"en-GB","@id":"https:\/\/latpartika.lv\/#\/schema\/logo\/image\/","url":"https:\/\/latpartika.lv\/wp-content\/uploads\/2024\/11\/LPR_logo_balts.svg","contentUrl":"https:\/\/latpartika.lv\/wp-content\/uploads\/2024\/11\/LPR_logo_balts.svg","width":425,"height":589,"caption":"Latvijas p\u0101rtikas ra\u017eot\u0101js"},"image":{"@id":"https:\/\/latpartika.lv\/#\/schema\/logo\/image\/"}}]}},"_links":{"self":[{"href":"https:\/\/latpartika.lv\/en\/wp-json\/wp\/v2\/product\/842","targetHints":{"allow":["GET"]}}],"collection":[{"href":"https:\/\/latpartika.lv\/en\/wp-json\/wp\/v2\/product"}],"about":[{"href":"https:\/\/latpartika.lv\/en\/wp-json\/wp\/v2\/types\/product"}],"replies":[{"embeddable":true,"href":"https:\/\/latpartika.lv\/en\/wp-json\/wp\/v2\/comments?post=842"}],"version-history":[{"count":0,"href":"https:\/\/latpartika.lv\/en\/wp-json\/wp\/v2\/product\/842\/revisions"}],"wp:featuredmedia":[{"embeddable":true,"href":"https:\/\/latpartika.lv\/en\/wp-json\/wp\/v2\/media\/843"}],"wp:attachment":[{"href":"https:\/\/latpartika.lv\/en\/wp-json\/wp\/v2\/media?parent=842"}],"wp:term":[{"taxonomy":"product_brand","embeddable":true,"href":"https:\/\/latpartika.lv\/en\/wp-json\/wp\/v2\/product_brand?post=842"},{"taxonomy":"product_cat","embeddable":true,"href":"https:\/\/latpartika.lv\/en\/wp-json\/wp\/v2\/product_cat?post=842"},{"taxonomy":"product_tag","embeddable":true,"href":"https:\/\/latpartika.lv\/en\/wp-json\/wp\/v2\/product_tag?post=842"}],"curies":[{"name":"wp","href":"https:\/\/api.w.org\/{rel}","templated":true}]}}