{"id":847,"date":"2025-01-03T12:00:01","date_gmt":"2025-01-03T12:00:01","guid":{"rendered":"https:\/\/latpartika.lv\/?post_type=product&#038;p=847"},"modified":"2025-01-03T12:01:38","modified_gmt":"2025-01-03T12:01:38","slug":"sandwich-with-bacon","status":"publish","type":"product","link":"https:\/\/latpartika.lv\/en\/product\/sviestmaize-ar-bekonu","title":{"rendered":"Sandwich with bacon"},"content":{"rendered":"<p>Lorem ipsum dolor sit amet, consectetur adipiscing elit. Phasellus quis tempus lacus. Nam fringilla iaculis turpis a dictum. Nam ex nunc, malesuada vel ornare vitae, lacinia maximus lectus. In vel egestas ligula, at pellentesque quam. Integer sit amet consequat libero. Quisque non bibendum odio.<\/p>","protected":false},"excerpt":{"rendered":"<p><strong>Ingredients:<\/strong> maize 47% (<strong><em>wheat<\/em><\/strong> flour, water, rapeseed oil, sugar, salt, yeast, raising agent (<strong><em>wheat<\/em><\/strong> flour), emulsifiers (sodium stearoyl-2-lactate, stabiliser: calcium carbonates), antioxidant: ascorbic acid), bacon 17% (pork breast, water, salt, preservative: sodium nitrite, spices, stabilisers (diphosphates and triphosphates), thickener: carrageenan, antioxidant: sodium erythorbate, flavour enhancer: monosodium glutamate, dextrose, garlic), mayonnaise (rapeseed oil, water, sugar, <strong><em>Buttermilk<\/em><\/strong> dust, <strong><em>ooh<\/em><\/strong> powder (contains maltodextrin), <strong><em>ooh<\/em><\/strong> masa, modified starch, salt, acidity regulators (acetic acid, lactic acid), thickeners (guar gum, xanthan gum), preservatives (potassium sorbate, sodium benzoate), <strong><em>mustard<\/em><\/strong> seed flavouring, colour: beta-carotene), tomatoes, lettuce leaves<\/p>","protected":false},"featured_media":848,"comment_status":"closed","ping_status":"closed","template":"","meta":[],"product_brand":[],"product_cat":[34,38],"product_tag":[],"class_list":{"0":"post-847","1":"product","2":"type-product","3":"status-publish","4":"has-post-thumbnail","6":"product_cat-produkti","7":"product_cat-sviestmaizes","9":"first","10":"instock","11":"shipping-taxable","12":"product-type-simple"},"yoast_head":"<!-- This site is optimized with the Yoast SEO plugin v27.3 - https:\/\/yoast.com\/product\/yoast-seo-wordpress\/ -->\n<title>Sviestmaize ar bekonu - Latvijas p\u0101rtikas ra\u017eot\u0101js<\/title>\n<meta name=\"robots\" content=\"index, follow, max-snippet:-1, max-image-preview:large, max-video-preview:-1\" \/>\n<link rel=\"canonical\" href=\"https:\/\/latpartika.lv\/en\/product\/bacon-sandwich\" \/>\n<meta property=\"og:locale\" content=\"en_GB\" \/>\n<meta property=\"og:type\" content=\"article\" \/>\n<meta property=\"og:title\" content=\"Sviestmaize ar bekonu - Latvijas p\u0101rtikas ra\u017eot\u0101js\" \/>\n<meta property=\"og:description\" content=\"Sast\u0101vda\u013cas: maize 47% (kvie\u0161u milti, \u016bdens, rap\u0161u e\u013c\u013ca, cukurs,s\u0101ls, raugs, uzlabot\u0101js (kvie\u0161u milti), emulgatori (n\u0101trija stearoil-2-lakt\u0101ts, stabiliz\u0113t\u0101js: kalcija karbon\u0101ti), antioksidants:askorb\u012bnsk\u0101be), bekons 17% (c\u016bkas kr\u016bti\u0146a, \u016bdens, s\u0101ls, konservants: n\u0101trija nitr\u012bts, gar\u0161vielas, stabiliz\u0113t\u0101ji (difosf\u0101ti un trifosf\u0101ti), biezin\u0101t\u0101js: karagin\u0101ns, antioksidants: n\u0101trija eritorb\u0101ts, gar\u0161as pastiprin\u0101t\u0101js:monon\u0101trija glutam\u0101ts, dekstroze, \u0137iploki), majon\u0113ze (rap\u0161u e\u013c\u013ca, \u016bdens, cukurs, v\u0101jpiena pulveris, olu pulveris (satur maltodekstr\u012bnu), olu masa, p\u0101rveidota ciete, s\u0101ls, sk\u0101buma regul\u0113t\u0101ji (eti\u0137sk\u0101be, piensk\u0101be), biezin\u0101t\u0101ji (gu\u0101ra sve\u0137i, ksant\u0101na sve\u0137i), konservanti (k\u0101lija sorb\u0101ts, n\u0101trija benzo\u0101ts), sinepju s\u0113klu aromatiz\u0113t\u0101js, kr\u0101sviela: beta-karot\u012bns), tom\u0101ti, sal\u0101tu lapas\" \/>\n<meta property=\"og:url\" content=\"https:\/\/latpartika.lv\/en\/product\/bacon-sandwich\" \/>\n<meta property=\"og:site_name\" content=\"Latvijas p\u0101rtikas ra\u017eot\u0101js\" \/>\n<meta property=\"article:modified_time\" content=\"2025-01-03T12:01:38+00:00\" \/>\n<meta property=\"og:image\" content=\"https:\/\/latpartika.lv\/wp-content\/uploads\/2025\/01\/Sviestmaize-ar-bekonu.png\" \/>\n\t<meta property=\"og:image:width\" content=\"500\" \/>\n\t<meta property=\"og:image:height\" content=\"500\" \/>\n\t<meta property=\"og:image:type\" content=\"image\/png\" \/>\n<meta name=\"twitter:card\" content=\"summary_large_image\" \/>\n<script type=\"application\/ld+json\" class=\"yoast-schema-graph\">{\"@context\":\"https:\\\/\\\/schema.org\",\"@graph\":[{\"@type\":\"WebPage\",\"@id\":\"https:\\\/\\\/latpartika.lv\\\/en\\\/product\\\/bacon-sandwich\",\"url\":\"https:\\\/\\\/latpartika.lv\\\/en\\\/product\\\/bacon-sandwich\",\"name\":\"Sviestmaize ar bekonu - Latvijas p\u0101rtikas ra\u017eot\u0101js\",\"isPartOf\":{\"@id\":\"https:\\\/\\\/latpartika.lv\\\/#website\"},\"primaryImageOfPage\":{\"@id\":\"https:\\\/\\\/latpartika.lv\\\/en\\\/product\\\/bacon-sandwich#primaryimage\"},\"image\":{\"@id\":\"https:\\\/\\\/latpartika.lv\\\/en\\\/product\\\/bacon-sandwich#primaryimage\"},\"thumbnailUrl\":\"https:\\\/\\\/latpartika.lv\\\/wp-content\\\/uploads\\\/2025\\\/01\\\/Sviestmaize-ar-bekonu.png\",\"datePublished\":\"2025-01-03T12:00:01+00:00\",\"dateModified\":\"2025-01-03T12:01:38+00:00\",\"breadcrumb\":{\"@id\":\"https:\\\/\\\/latpartika.lv\\\/en\\\/product\\\/bacon-sandwich#breadcrumb\"},\"inLanguage\":\"en-GB\",\"potentialAction\":[{\"@type\":\"ReadAction\",\"target\":[\"https:\\\/\\\/latpartika.lv\\\/en\\\/product\\\/bacon-sandwich\"]}]},{\"@type\":\"ImageObject\",\"inLanguage\":\"en-GB\",\"@id\":\"https:\\\/\\\/latpartika.lv\\\/en\\\/product\\\/bacon-sandwich#primaryimage\",\"url\":\"https:\\\/\\\/latpartika.lv\\\/wp-content\\\/uploads\\\/2025\\\/01\\\/Sviestmaize-ar-bekonu.png\",\"contentUrl\":\"https:\\\/\\\/latpartika.lv\\\/wp-content\\\/uploads\\\/2025\\\/01\\\/Sviestmaize-ar-bekonu.png\",\"width\":500,\"height\":500},{\"@type\":\"BreadcrumbList\",\"@id\":\"https:\\\/\\\/latpartika.lv\\\/en\\\/product\\\/bacon-sandwich#breadcrumb\",\"itemListElement\":[{\"@type\":\"ListItem\",\"position\":1,\"name\":\"Home\",\"item\":\"https:\\\/\\\/latpartika.lv\\\/en\\\/\"},{\"@type\":\"ListItem\",\"position\":2,\"name\":\"Products\",\"item\":\"https:\\\/\\\/latpartika.lv\\\/shop\"},{\"@type\":\"ListItem\",\"position\":3,\"name\":\"Sviestmaize ar bekonu\"}]},{\"@type\":\"WebSite\",\"@id\":\"https:\\\/\\\/latpartika.lv\\\/#website\",\"url\":\"https:\\\/\\\/latpartika.lv\\\/\",\"name\":\"Latvijas p\u0101rtikas ra\u017eot\u0101js\",\"description\":\"Svaigi produkti no kvalitat\u012bv\u0101m izejviel\u0101m!\",\"publisher\":{\"@id\":\"https:\\\/\\\/latpartika.lv\\\/#organization\"},\"potentialAction\":[{\"@type\":\"SearchAction\",\"target\":{\"@type\":\"EntryPoint\",\"urlTemplate\":\"https:\\\/\\\/latpartika.lv\\\/?s={search_term_string}\"},\"query-input\":{\"@type\":\"PropertyValueSpecification\",\"valueRequired\":true,\"valueName\":\"search_term_string\"}}],\"inLanguage\":\"en-GB\"},{\"@type\":\"Organization\",\"@id\":\"https:\\\/\\\/latpartika.lv\\\/#organization\",\"name\":\"Latvijas p\u0101rtikas ra\u017eot\u0101js\",\"url\":\"https:\\\/\\\/latpartika.lv\\\/\",\"logo\":{\"@type\":\"ImageObject\",\"inLanguage\":\"en-GB\",\"@id\":\"https:\\\/\\\/latpartika.lv\\\/#\\\/schema\\\/logo\\\/image\\\/\",\"url\":\"https:\\\/\\\/latpartika.lv\\\/wp-content\\\/uploads\\\/2024\\\/11\\\/LPR_logo_balts.svg\",\"contentUrl\":\"https:\\\/\\\/latpartika.lv\\\/wp-content\\\/uploads\\\/2024\\\/11\\\/LPR_logo_balts.svg\",\"width\":425,\"height\":589,\"caption\":\"Latvijas p\u0101rtikas ra\u017eot\u0101js\"},\"image\":{\"@id\":\"https:\\\/\\\/latpartika.lv\\\/#\\\/schema\\\/logo\\\/image\\\/\"}}]}<\/script>\n<!-- \/ Yoast SEO plugin. -->","yoast_head_json":{"title":"Sandwich with bacon - Latvian food producer","robots":{"index":"index","follow":"follow","max-snippet":"max-snippet:-1","max-image-preview":"max-image-preview:large","max-video-preview":"max-video-preview:-1"},"canonical":"https:\/\/latpartika.lv\/en\/product\/bacon-sandwich","og_locale":"en_GB","og_type":"article","og_title":"Sviestmaize ar bekonu - Latvijas p\u0101rtikas ra\u017eot\u0101js","og_description":"Sast\u0101vda\u013cas: maize 47% (kvie\u0161u milti, \u016bdens, rap\u0161u e\u013c\u013ca, cukurs,s\u0101ls, raugs, uzlabot\u0101js (kvie\u0161u milti), emulgatori (n\u0101trija stearoil-2-lakt\u0101ts, stabiliz\u0113t\u0101js: kalcija karbon\u0101ti), antioksidants:askorb\u012bnsk\u0101be), bekons 17% (c\u016bkas kr\u016bti\u0146a, \u016bdens, s\u0101ls, konservants: n\u0101trija nitr\u012bts, gar\u0161vielas, stabiliz\u0113t\u0101ji (difosf\u0101ti un trifosf\u0101ti), biezin\u0101t\u0101js: karagin\u0101ns, antioksidants: n\u0101trija eritorb\u0101ts, gar\u0161as pastiprin\u0101t\u0101js:monon\u0101trija glutam\u0101ts, dekstroze, \u0137iploki), majon\u0113ze (rap\u0161u e\u013c\u013ca, \u016bdens, cukurs, v\u0101jpiena pulveris, olu pulveris (satur maltodekstr\u012bnu), olu masa, p\u0101rveidota ciete, s\u0101ls, sk\u0101buma regul\u0113t\u0101ji (eti\u0137sk\u0101be, piensk\u0101be), biezin\u0101t\u0101ji (gu\u0101ra sve\u0137i, ksant\u0101na sve\u0137i), konservanti (k\u0101lija sorb\u0101ts, n\u0101trija benzo\u0101ts), sinepju s\u0113klu aromatiz\u0113t\u0101js, kr\u0101sviela: beta-karot\u012bns), tom\u0101ti, sal\u0101tu lapas","og_url":"https:\/\/latpartika.lv\/en\/product\/bacon-sandwich","og_site_name":"Latvijas p\u0101rtikas ra\u017eot\u0101js","article_modified_time":"2025-01-03T12:01:38+00:00","og_image":[{"width":500,"height":500,"url":"https:\/\/latpartika.lv\/wp-content\/uploads\/2025\/01\/Sviestmaize-ar-bekonu.png","type":"image\/png"}],"twitter_card":"summary_large_image","schema":{"@context":"https:\/\/schema.org","@graph":[{"@type":"WebPage","@id":"https:\/\/latpartika.lv\/en\/product\/bacon-sandwich","url":"https:\/\/latpartika.lv\/en\/product\/bacon-sandwich","name":"Sandwich with bacon - Latvian food producer","isPartOf":{"@id":"https:\/\/latpartika.lv\/#website"},"primaryImageOfPage":{"@id":"https:\/\/latpartika.lv\/en\/product\/bacon-sandwich#primaryimage"},"image":{"@id":"https:\/\/latpartika.lv\/en\/product\/bacon-sandwich#primaryimage"},"thumbnailUrl":"https:\/\/latpartika.lv\/wp-content\/uploads\/2025\/01\/Sviestmaize-ar-bekonu.png","datePublished":"2025-01-03T12:00:01+00:00","dateModified":"2025-01-03T12:01:38+00:00","breadcrumb":{"@id":"https:\/\/latpartika.lv\/en\/product\/bacon-sandwich#breadcrumb"},"inLanguage":"en-GB","potentialAction":[{"@type":"ReadAction","target":["https:\/\/latpartika.lv\/en\/product\/bacon-sandwich"]}]},{"@type":"ImageObject","inLanguage":"en-GB","@id":"https:\/\/latpartika.lv\/en\/product\/bacon-sandwich#primaryimage","url":"https:\/\/latpartika.lv\/wp-content\/uploads\/2025\/01\/Sviestmaize-ar-bekonu.png","contentUrl":"https:\/\/latpartika.lv\/wp-content\/uploads\/2025\/01\/Sviestmaize-ar-bekonu.png","width":500,"height":500},{"@type":"BreadcrumbList","@id":"https:\/\/latpartika.lv\/en\/product\/bacon-sandwich#breadcrumb","itemListElement":[{"@type":"ListItem","position":1,"name":"Home","item":"https:\/\/latpartika.lv\/en\/"},{"@type":"ListItem","position":2,"name":"Products","item":"https:\/\/latpartika.lv\/shop"},{"@type":"ListItem","position":3,"name":"Sviestmaize ar bekonu"}]},{"@type":"WebSite","@id":"https:\/\/latpartika.lv\/#website","url":"https:\/\/latpartika.lv\/","name":"Latvian food producer","description":"Fresh produce from quality ingredients!","publisher":{"@id":"https:\/\/latpartika.lv\/#organization"},"potentialAction":[{"@type":"SearchAction","target":{"@type":"EntryPoint","urlTemplate":"https:\/\/latpartika.lv\/?s={search_term_string}"},"query-input":{"@type":"PropertyValueSpecification","valueRequired":true,"valueName":"search_term_string"}}],"inLanguage":"en-GB"},{"@type":"Organization","@id":"https:\/\/latpartika.lv\/#organization","name":"Latvian food producer","url":"https:\/\/latpartika.lv\/","logo":{"@type":"ImageObject","inLanguage":"en-GB","@id":"https:\/\/latpartika.lv\/#\/schema\/logo\/image\/","url":"https:\/\/latpartika.lv\/wp-content\/uploads\/2024\/11\/LPR_logo_balts.svg","contentUrl":"https:\/\/latpartika.lv\/wp-content\/uploads\/2024\/11\/LPR_logo_balts.svg","width":425,"height":589,"caption":"Latvijas p\u0101rtikas ra\u017eot\u0101js"},"image":{"@id":"https:\/\/latpartika.lv\/#\/schema\/logo\/image\/"}}]}},"_links":{"self":[{"href":"https:\/\/latpartika.lv\/en\/wp-json\/wp\/v2\/product\/847","targetHints":{"allow":["GET"]}}],"collection":[{"href":"https:\/\/latpartika.lv\/en\/wp-json\/wp\/v2\/product"}],"about":[{"href":"https:\/\/latpartika.lv\/en\/wp-json\/wp\/v2\/types\/product"}],"replies":[{"embeddable":true,"href":"https:\/\/latpartika.lv\/en\/wp-json\/wp\/v2\/comments?post=847"}],"version-history":[{"count":0,"href":"https:\/\/latpartika.lv\/en\/wp-json\/wp\/v2\/product\/847\/revisions"}],"wp:featuredmedia":[{"embeddable":true,"href":"https:\/\/latpartika.lv\/en\/wp-json\/wp\/v2\/media\/848"}],"wp:attachment":[{"href":"https:\/\/latpartika.lv\/en\/wp-json\/wp\/v2\/media?parent=847"}],"wp:term":[{"taxonomy":"product_brand","embeddable":true,"href":"https:\/\/latpartika.lv\/en\/wp-json\/wp\/v2\/product_brand?post=847"},{"taxonomy":"product_cat","embeddable":true,"href":"https:\/\/latpartika.lv\/en\/wp-json\/wp\/v2\/product_cat?post=847"},{"taxonomy":"product_tag","embeddable":true,"href":"https:\/\/latpartika.lv\/en\/wp-json\/wp\/v2\/product_tag?post=847"}],"curies":[{"name":"wp","href":"https:\/\/api.w.org\/{rel}","templated":true}]}}