{"id":874,"date":"2025-01-03T12:11:01","date_gmt":"2025-01-03T12:11:01","guid":{"rendered":"https:\/\/latpartika.lv\/?post_type=product&#038;p=874"},"modified":"2025-01-03T12:12:37","modified_gmt":"2025-01-03T12:12:37","slug":"beetroot-cold-soup","status":"publish","type":"product","link":"https:\/\/latpartika.lv\/en\/product\/biesu-auksta-zupa","title":{"rendered":"Beetroot cold soup"},"content":{"rendered":"<p><strong>Der\u012bguma termi\u0146\u0161<\/strong><\/p>\n<p>350g \u2013 5 dienas<br \/>\n850g \u2013 4 dienas<\/p>","protected":false},"excerpt":{"rendered":"<p><strong>Ingredients: kefir <\/strong>6%, beetroot pickled (beetroot, water, brandy vinegar, salt, sweetener: E954, natural flavourings), <strong><em>eggs<\/em><\/strong> (<strong><em>eggs<\/em><\/strong>, salt, acidity regulator: E330), fresh cucumber, fresh dill, horseradish (horseradish root 54%, water, sugar, salt, acidity regulators: E260, E330, rapeseed oil, antioxidants: E300, E223 (<strong><em>Sodium metabisulphite<\/em><\/strong>), salt, <strong><em>mustard<\/em><\/strong> (water, <strong><em>mustard<\/em><\/strong> 24% powder, sugar, rapeseed oil, acidity regulator: E260, salt, spices)<\/p>","protected":false},"featured_media":875,"comment_status":"closed","ping_status":"closed","template":"","meta":[],"product_brand":[],"product_cat":[34,39],"product_tag":[],"class_list":{"0":"post-874","1":"product","2":"type-product","3":"status-publish","4":"has-post-thumbnail","6":"product_cat-produkti","7":"product_cat-zupas","9":"first","10":"instock","11":"shipping-taxable","12":"product-type-simple"},"yoast_head":"<!-- This site is optimized with the Yoast SEO plugin v27.3 - https:\/\/yoast.com\/product\/yoast-seo-wordpress\/ -->\n<title>Bie\u0161u aukst\u0101 zupa - Latvijas p\u0101rtikas ra\u017eot\u0101js<\/title>\n<meta name=\"robots\" content=\"index, follow, max-snippet:-1, max-image-preview:large, max-video-preview:-1\" \/>\n<link rel=\"canonical\" href=\"https:\/\/latpartika.lv\/en\/product\/beetroot-cold-soup\/\" \/>\n<meta property=\"og:locale\" content=\"en_GB\" \/>\n<meta property=\"og:type\" content=\"article\" \/>\n<meta property=\"og:title\" content=\"Bie\u0161u aukst\u0101 zupa - Latvijas p\u0101rtikas ra\u017eot\u0101js\" \/>\n<meta property=\"og:description\" content=\"Sast\u0101vda\u013cas: kef\u012brs 6%, bietes marin\u0113tas (bietes, \u016bdens, brendija eti\u0137is, s\u0101ls, saldin\u0101t\u0101js: E954, dabiskie aromatiz\u0113t\u0101ji), olas (olas, s\u0101ls, sk\u0101buma regul\u0113t\u0101js: E330 ), gur\u0137i svaigi, dilles svaigas, m\u0101rrutki (m\u0101rrutku saknes 54%, \u016bdens, cukurs, s\u0101ls, sk\u0101buma regul\u0113t\u0101ji: E260, E330, rap\u0161u e\u013c\u013ca, antioksidanti: E300, E223 (n\u0101trija metabisulf\u012bts), s\u0101ls, sinepes (\u016bdens, sinepju pulveris 24%, cukurs, rap\u0161u e\u013c\u013ca, sk\u0101buma regul\u0113t\u0101js: E260, s\u0101ls, gar\u0161vielas)\" \/>\n<meta property=\"og:url\" content=\"https:\/\/latpartika.lv\/en\/product\/beetroot-cold-soup\/\" \/>\n<meta property=\"og:site_name\" content=\"Latvijas p\u0101rtikas ra\u017eot\u0101js\" \/>\n<meta property=\"article:modified_time\" content=\"2025-01-03T12:12:37+00:00\" \/>\n<meta property=\"og:image\" content=\"https:\/\/latpartika.lv\/wp-content\/uploads\/2025\/01\/Biesu-auksta-zupa.png\" \/>\n\t<meta property=\"og:image:width\" content=\"500\" \/>\n\t<meta property=\"og:image:height\" content=\"500\" \/>\n\t<meta property=\"og:image:type\" content=\"image\/png\" \/>\n<meta name=\"twitter:card\" content=\"summary_large_image\" \/>\n<script type=\"application\/ld+json\" class=\"yoast-schema-graph\">{\"@context\":\"https:\\\/\\\/schema.org\",\"@graph\":[{\"@type\":\"WebPage\",\"@id\":\"https:\\\/\\\/latpartika.lv\\\/product\\\/biesu-auksta-zupa\",\"url\":\"https:\\\/\\\/latpartika.lv\\\/product\\\/biesu-auksta-zupa\",\"name\":\"Bie\u0161u aukst\u0101 zupa - Latvijas p\u0101rtikas ra\u017eot\u0101js\",\"isPartOf\":{\"@id\":\"https:\\\/\\\/latpartika.lv\\\/#website\"},\"primaryImageOfPage\":{\"@id\":\"https:\\\/\\\/latpartika.lv\\\/product\\\/biesu-auksta-zupa#primaryimage\"},\"image\":{\"@id\":\"https:\\\/\\\/latpartika.lv\\\/product\\\/biesu-auksta-zupa#primaryimage\"},\"thumbnailUrl\":\"https:\\\/\\\/latpartika.lv\\\/wp-content\\\/uploads\\\/2025\\\/01\\\/Biesu-auksta-zupa.png\",\"datePublished\":\"2025-01-03T12:11:01+00:00\",\"dateModified\":\"2025-01-03T12:12:37+00:00\",\"breadcrumb\":{\"@id\":\"https:\\\/\\\/latpartika.lv\\\/product\\\/biesu-auksta-zupa#breadcrumb\"},\"inLanguage\":\"en-GB\",\"potentialAction\":[{\"@type\":\"ReadAction\",\"target\":[\"https:\\\/\\\/latpartika.lv\\\/product\\\/biesu-auksta-zupa\"]}]},{\"@type\":\"ImageObject\",\"inLanguage\":\"en-GB\",\"@id\":\"https:\\\/\\\/latpartika.lv\\\/product\\\/biesu-auksta-zupa#primaryimage\",\"url\":\"https:\\\/\\\/latpartika.lv\\\/wp-content\\\/uploads\\\/2025\\\/01\\\/Biesu-auksta-zupa.png\",\"contentUrl\":\"https:\\\/\\\/latpartika.lv\\\/wp-content\\\/uploads\\\/2025\\\/01\\\/Biesu-auksta-zupa.png\",\"width\":500,\"height\":500},{\"@type\":\"BreadcrumbList\",\"@id\":\"https:\\\/\\\/latpartika.lv\\\/product\\\/biesu-auksta-zupa#breadcrumb\",\"itemListElement\":[{\"@type\":\"ListItem\",\"position\":1,\"name\":\"Home\",\"item\":\"https:\\\/\\\/latpartika.lv\\\/en\\\/\"},{\"@type\":\"ListItem\",\"position\":2,\"name\":\"Products\",\"item\":\"https:\\\/\\\/latpartika.lv\\\/shop\"},{\"@type\":\"ListItem\",\"position\":3,\"name\":\"Bie\u0161u aukst\u0101 zupa\"}]},{\"@type\":\"WebSite\",\"@id\":\"https:\\\/\\\/latpartika.lv\\\/#website\",\"url\":\"https:\\\/\\\/latpartika.lv\\\/\",\"name\":\"Latvijas p\u0101rtikas ra\u017eot\u0101js\",\"description\":\"Svaigi produkti no kvalitat\u012bv\u0101m izejviel\u0101m!\",\"publisher\":{\"@id\":\"https:\\\/\\\/latpartika.lv\\\/#organization\"},\"potentialAction\":[{\"@type\":\"SearchAction\",\"target\":{\"@type\":\"EntryPoint\",\"urlTemplate\":\"https:\\\/\\\/latpartika.lv\\\/?s={search_term_string}\"},\"query-input\":{\"@type\":\"PropertyValueSpecification\",\"valueRequired\":true,\"valueName\":\"search_term_string\"}}],\"inLanguage\":\"en-GB\"},{\"@type\":\"Organization\",\"@id\":\"https:\\\/\\\/latpartika.lv\\\/#organization\",\"name\":\"Latvijas p\u0101rtikas ra\u017eot\u0101js\",\"url\":\"https:\\\/\\\/latpartika.lv\\\/\",\"logo\":{\"@type\":\"ImageObject\",\"inLanguage\":\"en-GB\",\"@id\":\"https:\\\/\\\/latpartika.lv\\\/#\\\/schema\\\/logo\\\/image\\\/\",\"url\":\"https:\\\/\\\/latpartika.lv\\\/wp-content\\\/uploads\\\/2024\\\/11\\\/LPR_logo_balts.svg\",\"contentUrl\":\"https:\\\/\\\/latpartika.lv\\\/wp-content\\\/uploads\\\/2024\\\/11\\\/LPR_logo_balts.svg\",\"width\":425,\"height\":589,\"caption\":\"Latvijas p\u0101rtikas ra\u017eot\u0101js\"},\"image\":{\"@id\":\"https:\\\/\\\/latpartika.lv\\\/#\\\/schema\\\/logo\\\/image\\\/\"}}]}<\/script>\n<!-- \/ Yoast SEO plugin. -->","yoast_head_json":{"title":"Beetroot Cold Soup - Latvian food producer","robots":{"index":"index","follow":"follow","max-snippet":"max-snippet:-1","max-image-preview":"max-image-preview:large","max-video-preview":"max-video-preview:-1"},"canonical":"https:\/\/latpartika.lv\/en\/product\/beetroot-cold-soup\/","og_locale":"en_GB","og_type":"article","og_title":"Bie\u0161u aukst\u0101 zupa - Latvijas p\u0101rtikas ra\u017eot\u0101js","og_description":"Sast\u0101vda\u013cas: kef\u012brs 6%, bietes marin\u0113tas (bietes, \u016bdens, brendija eti\u0137is, s\u0101ls, saldin\u0101t\u0101js: E954, dabiskie aromatiz\u0113t\u0101ji), olas (olas, s\u0101ls, sk\u0101buma regul\u0113t\u0101js: E330 ), gur\u0137i svaigi, dilles svaigas, m\u0101rrutki (m\u0101rrutku saknes 54%, \u016bdens, cukurs, s\u0101ls, sk\u0101buma regul\u0113t\u0101ji: E260, E330, rap\u0161u e\u013c\u013ca, antioksidanti: E300, E223 (n\u0101trija metabisulf\u012bts), s\u0101ls, sinepes (\u016bdens, sinepju pulveris 24%, cukurs, rap\u0161u e\u013c\u013ca, sk\u0101buma regul\u0113t\u0101js: E260, s\u0101ls, gar\u0161vielas)","og_url":"https:\/\/latpartika.lv\/en\/product\/beetroot-cold-soup\/","og_site_name":"Latvijas p\u0101rtikas ra\u017eot\u0101js","article_modified_time":"2025-01-03T12:12:37+00:00","og_image":[{"width":500,"height":500,"url":"https:\/\/latpartika.lv\/wp-content\/uploads\/2025\/01\/Biesu-auksta-zupa.png","type":"image\/png"}],"twitter_card":"summary_large_image","schema":{"@context":"https:\/\/schema.org","@graph":[{"@type":"WebPage","@id":"https:\/\/latpartika.lv\/product\/biesu-auksta-zupa","url":"https:\/\/latpartika.lv\/product\/biesu-auksta-zupa","name":"Beetroot Cold Soup - Latvian food producer","isPartOf":{"@id":"https:\/\/latpartika.lv\/#website"},"primaryImageOfPage":{"@id":"https:\/\/latpartika.lv\/product\/biesu-auksta-zupa#primaryimage"},"image":{"@id":"https:\/\/latpartika.lv\/product\/biesu-auksta-zupa#primaryimage"},"thumbnailUrl":"https:\/\/latpartika.lv\/wp-content\/uploads\/2025\/01\/Biesu-auksta-zupa.png","datePublished":"2025-01-03T12:11:01+00:00","dateModified":"2025-01-03T12:12:37+00:00","breadcrumb":{"@id":"https:\/\/latpartika.lv\/product\/biesu-auksta-zupa#breadcrumb"},"inLanguage":"en-GB","potentialAction":[{"@type":"ReadAction","target":["https:\/\/latpartika.lv\/product\/biesu-auksta-zupa"]}]},{"@type":"ImageObject","inLanguage":"en-GB","@id":"https:\/\/latpartika.lv\/product\/biesu-auksta-zupa#primaryimage","url":"https:\/\/latpartika.lv\/wp-content\/uploads\/2025\/01\/Biesu-auksta-zupa.png","contentUrl":"https:\/\/latpartika.lv\/wp-content\/uploads\/2025\/01\/Biesu-auksta-zupa.png","width":500,"height":500},{"@type":"BreadcrumbList","@id":"https:\/\/latpartika.lv\/product\/biesu-auksta-zupa#breadcrumb","itemListElement":[{"@type":"ListItem","position":1,"name":"Home","item":"https:\/\/latpartika.lv\/en\/"},{"@type":"ListItem","position":2,"name":"Products","item":"https:\/\/latpartika.lv\/shop"},{"@type":"ListItem","position":3,"name":"Bie\u0161u aukst\u0101 zupa"}]},{"@type":"WebSite","@id":"https:\/\/latpartika.lv\/#website","url":"https:\/\/latpartika.lv\/","name":"Latvian food producer","description":"Fresh produce from quality ingredients!","publisher":{"@id":"https:\/\/latpartika.lv\/#organization"},"potentialAction":[{"@type":"SearchAction","target":{"@type":"EntryPoint","urlTemplate":"https:\/\/latpartika.lv\/?s={search_term_string}"},"query-input":{"@type":"PropertyValueSpecification","valueRequired":true,"valueName":"search_term_string"}}],"inLanguage":"en-GB"},{"@type":"Organization","@id":"https:\/\/latpartika.lv\/#organization","name":"Latvian food producer","url":"https:\/\/latpartika.lv\/","logo":{"@type":"ImageObject","inLanguage":"en-GB","@id":"https:\/\/latpartika.lv\/#\/schema\/logo\/image\/","url":"https:\/\/latpartika.lv\/wp-content\/uploads\/2024\/11\/LPR_logo_balts.svg","contentUrl":"https:\/\/latpartika.lv\/wp-content\/uploads\/2024\/11\/LPR_logo_balts.svg","width":425,"height":589,"caption":"Latvijas p\u0101rtikas ra\u017eot\u0101js"},"image":{"@id":"https:\/\/latpartika.lv\/#\/schema\/logo\/image\/"}}]}},"_links":{"self":[{"href":"https:\/\/latpartika.lv\/en\/wp-json\/wp\/v2\/product\/874","targetHints":{"allow":["GET"]}}],"collection":[{"href":"https:\/\/latpartika.lv\/en\/wp-json\/wp\/v2\/product"}],"about":[{"href":"https:\/\/latpartika.lv\/en\/wp-json\/wp\/v2\/types\/product"}],"replies":[{"embeddable":true,"href":"https:\/\/latpartika.lv\/en\/wp-json\/wp\/v2\/comments?post=874"}],"version-history":[{"count":0,"href":"https:\/\/latpartika.lv\/en\/wp-json\/wp\/v2\/product\/874\/revisions"}],"wp:featuredmedia":[{"embeddable":true,"href":"https:\/\/latpartika.lv\/en\/wp-json\/wp\/v2\/media\/875"}],"wp:attachment":[{"href":"https:\/\/latpartika.lv\/en\/wp-json\/wp\/v2\/media?parent=874"}],"wp:term":[{"taxonomy":"product_brand","embeddable":true,"href":"https:\/\/latpartika.lv\/en\/wp-json\/wp\/v2\/product_brand?post=874"},{"taxonomy":"product_cat","embeddable":true,"href":"https:\/\/latpartika.lv\/en\/wp-json\/wp\/v2\/product_cat?post=874"},{"taxonomy":"product_tag","embeddable":true,"href":"https:\/\/latpartika.lv\/en\/wp-json\/wp\/v2\/product_tag?post=874"}],"curies":[{"name":"wp","href":"https:\/\/api.w.org\/{rel}","templated":true}]}}