{"id":886,"date":"2025-01-03T12:17:59","date_gmt":"2025-01-03T12:17:59","guid":{"rendered":"https:\/\/latpartika.lv\/?post_type=product&#038;p=886"},"modified":"2025-01-03T12:19:21","modified_gmt":"2025-01-03T12:19:21","slug":"potato-pancakes","status":"publish","type":"product","link":"https:\/\/latpartika.lv\/en\/product\/kartupelu-pankukas","title":{"rendered":"Potato pancakes"},"content":{"rendered":"<p>Lorem ipsum dolor sit amet, consectetur adipiscing elit. Phasellus quis tempus lacus. Nam fringilla iaculis turpis a dictum. Nam ex nunc, malesuada vel ornare vitae, lacinia maximus lectus. In vel egestas ligula, at pellentesque quam. Integer sit amet consequat libero. Quisque non bibendum odio.<\/p>","protected":false},"excerpt":{"rendered":"<p><strong>Ingredients:<\/strong> Potatoes 67%, rapeseed oil, <strong><em>wheat<\/em><\/strong> flour, mayonnaise (rapeseed oil, water, sugar, <strong><em>Buttermilk<\/em><\/strong> dust, <strong><em>ooh<\/em><\/strong> powder (contains maltodextrin), modified starch, salt, acidity regulators (E260, E270), thickeners (E412, E415), preservatives (E202, E211), <strong><em>mustard<\/em><\/strong> seed flavouring, colour:E160a), <strong><em>ooh<\/em><\/strong> mass<strong><em>ooh<\/em><\/strong> Yolk 40%, <strong><em>ooh<\/em><\/strong> white 55%, water, acidity regulator:E270, salt, emulsifier:E475), salt, spice mix (carrot granules, parsnip, onion granules, potato starch, garlic granules, dried parsley, turmeric, dried dill, dried chives, anti-caking agent (rapeseed oil), ginger powder, ground black pepper)<\/p>","protected":false},"featured_media":887,"comment_status":"closed","ping_status":"closed","template":"","meta":[],"product_brand":[],"product_cat":[40,34],"product_tag":[],"class_list":{"0":"post-886","1":"product","2":"type-product","3":"status-publish","4":"has-post-thumbnail","6":"product_cat-pankukas","7":"product_cat-produkti","9":"first","10":"instock","11":"shipping-taxable","12":"product-type-simple"},"yoast_head":"<!-- This site is optimized with the Yoast SEO plugin v27.3 - https:\/\/yoast.com\/product\/yoast-seo-wordpress\/ -->\n<title>Kartupe\u013cu pank\u016bkas - Latvijas p\u0101rtikas ra\u017eot\u0101js<\/title>\n<meta name=\"robots\" content=\"index, follow, max-snippet:-1, max-image-preview:large, max-video-preview:-1\" \/>\n<link rel=\"canonical\" href=\"https:\/\/latpartika.lv\/en\/product\/potato-pancakes\/\" \/>\n<meta property=\"og:locale\" content=\"en_GB\" \/>\n<meta property=\"og:type\" content=\"article\" \/>\n<meta property=\"og:title\" content=\"Kartupe\u013cu pank\u016bkas - Latvijas p\u0101rtikas ra\u017eot\u0101js\" \/>\n<meta property=\"og:description\" content=\"Sast\u0101vda\u013cas: Kartupe\u013ci 67%, rap\u0161u e\u013c\u013ca, kvie\u0161u milti, majon\u0113ze (rap\u0161u e\u013c\u013ca, \u016bdens, cukurs, v\u0101jpiena pulveris, olu pulveris (satur maltodekstr\u012bnu), modific\u0113ta ciete, s\u0101ls, sk\u0101buma regul\u0113t\u0101ji (E260, E270), biezin\u0101t\u0101ji (E412, E415), konservanti (E202, E211), sinepju s\u0113klu aromatiz\u0113t\u0101js, kr\u0101sviela:E160a), olu masa (olu dzeltenums 40%, olu baltums 55%, \u016bdens, sk\u0101buma regul\u0113t\u0101js:E270, s\u0101ls, emulgators:E475), s\u0101ls, gar\u0161vielu mais\u012bjums (burk\u0101nu granulas, pastinaks, s\u012bpolu granulas, kartupe\u013cu ciete, \u0137iploku granulas, p\u0113ters\u012b\u013ci kalt\u0113ti, kurkuma, dilles kalt\u0113tas, maurloki kalt\u0113ti, pretsalipes viela (rap\u0161u e\u013c\u013ca), ingvera pulveris, pipari melnie malti)\" \/>\n<meta property=\"og:url\" content=\"https:\/\/latpartika.lv\/en\/product\/potato-pancakes\/\" \/>\n<meta property=\"og:site_name\" content=\"Latvijas p\u0101rtikas ra\u017eot\u0101js\" \/>\n<meta property=\"article:modified_time\" content=\"2025-01-03T12:19:21+00:00\" \/>\n<meta property=\"og:image\" content=\"https:\/\/latpartika.lv\/wp-content\/uploads\/2025\/01\/Kartupelu-pankukas.png\" \/>\n\t<meta property=\"og:image:width\" content=\"500\" \/>\n\t<meta property=\"og:image:height\" content=\"500\" \/>\n\t<meta property=\"og:image:type\" content=\"image\/png\" \/>\n<meta name=\"twitter:card\" content=\"summary_large_image\" \/>\n<script type=\"application\/ld+json\" class=\"yoast-schema-graph\">{\"@context\":\"https:\\\/\\\/schema.org\",\"@graph\":[{\"@type\":\"WebPage\",\"@id\":\"https:\\\/\\\/latpartika.lv\\\/product\\\/kartupelu-pankukas\",\"url\":\"https:\\\/\\\/latpartika.lv\\\/product\\\/kartupelu-pankukas\",\"name\":\"Kartupe\u013cu pank\u016bkas - Latvijas p\u0101rtikas ra\u017eot\u0101js\",\"isPartOf\":{\"@id\":\"https:\\\/\\\/latpartika.lv\\\/#website\"},\"primaryImageOfPage\":{\"@id\":\"https:\\\/\\\/latpartika.lv\\\/product\\\/kartupelu-pankukas#primaryimage\"},\"image\":{\"@id\":\"https:\\\/\\\/latpartika.lv\\\/product\\\/kartupelu-pankukas#primaryimage\"},\"thumbnailUrl\":\"https:\\\/\\\/latpartika.lv\\\/wp-content\\\/uploads\\\/2025\\\/01\\\/Kartupelu-pankukas.png\",\"datePublished\":\"2025-01-03T12:17:59+00:00\",\"dateModified\":\"2025-01-03T12:19:21+00:00\",\"breadcrumb\":{\"@id\":\"https:\\\/\\\/latpartika.lv\\\/product\\\/kartupelu-pankukas#breadcrumb\"},\"inLanguage\":\"en-GB\",\"potentialAction\":[{\"@type\":\"ReadAction\",\"target\":[\"https:\\\/\\\/latpartika.lv\\\/product\\\/kartupelu-pankukas\"]}]},{\"@type\":\"ImageObject\",\"inLanguage\":\"en-GB\",\"@id\":\"https:\\\/\\\/latpartika.lv\\\/product\\\/kartupelu-pankukas#primaryimage\",\"url\":\"https:\\\/\\\/latpartika.lv\\\/wp-content\\\/uploads\\\/2025\\\/01\\\/Kartupelu-pankukas.png\",\"contentUrl\":\"https:\\\/\\\/latpartika.lv\\\/wp-content\\\/uploads\\\/2025\\\/01\\\/Kartupelu-pankukas.png\",\"width\":500,\"height\":500},{\"@type\":\"BreadcrumbList\",\"@id\":\"https:\\\/\\\/latpartika.lv\\\/product\\\/kartupelu-pankukas#breadcrumb\",\"itemListElement\":[{\"@type\":\"ListItem\",\"position\":1,\"name\":\"Home\",\"item\":\"https:\\\/\\\/latpartika.lv\\\/en\\\/\"},{\"@type\":\"ListItem\",\"position\":2,\"name\":\"Products\",\"item\":\"https:\\\/\\\/latpartika.lv\\\/shop\"},{\"@type\":\"ListItem\",\"position\":3,\"name\":\"Kartupe\u013cu pank\u016bkas\"}]},{\"@type\":\"WebSite\",\"@id\":\"https:\\\/\\\/latpartika.lv\\\/#website\",\"url\":\"https:\\\/\\\/latpartika.lv\\\/\",\"name\":\"Latvijas p\u0101rtikas ra\u017eot\u0101js\",\"description\":\"Svaigi produkti no kvalitat\u012bv\u0101m izejviel\u0101m!\",\"publisher\":{\"@id\":\"https:\\\/\\\/latpartika.lv\\\/#organization\"},\"potentialAction\":[{\"@type\":\"SearchAction\",\"target\":{\"@type\":\"EntryPoint\",\"urlTemplate\":\"https:\\\/\\\/latpartika.lv\\\/?s={search_term_string}\"},\"query-input\":{\"@type\":\"PropertyValueSpecification\",\"valueRequired\":true,\"valueName\":\"search_term_string\"}}],\"inLanguage\":\"en-GB\"},{\"@type\":\"Organization\",\"@id\":\"https:\\\/\\\/latpartika.lv\\\/#organization\",\"name\":\"Latvijas p\u0101rtikas ra\u017eot\u0101js\",\"url\":\"https:\\\/\\\/latpartika.lv\\\/\",\"logo\":{\"@type\":\"ImageObject\",\"inLanguage\":\"en-GB\",\"@id\":\"https:\\\/\\\/latpartika.lv\\\/#\\\/schema\\\/logo\\\/image\\\/\",\"url\":\"https:\\\/\\\/latpartika.lv\\\/wp-content\\\/uploads\\\/2024\\\/11\\\/LPR_logo_balts.svg\",\"contentUrl\":\"https:\\\/\\\/latpartika.lv\\\/wp-content\\\/uploads\\\/2024\\\/11\\\/LPR_logo_balts.svg\",\"width\":425,\"height\":589,\"caption\":\"Latvijas p\u0101rtikas ra\u017eot\u0101js\"},\"image\":{\"@id\":\"https:\\\/\\\/latpartika.lv\\\/#\\\/schema\\\/logo\\\/image\\\/\"}}]}<\/script>\n<!-- \/ Yoast SEO plugin. -->","yoast_head_json":{"title":"Potato pancakes - Latvian food producer","robots":{"index":"index","follow":"follow","max-snippet":"max-snippet:-1","max-image-preview":"max-image-preview:large","max-video-preview":"max-video-preview:-1"},"canonical":"https:\/\/latpartika.lv\/en\/product\/potato-pancakes\/","og_locale":"en_GB","og_type":"article","og_title":"Kartupe\u013cu pank\u016bkas - Latvijas p\u0101rtikas ra\u017eot\u0101js","og_description":"Sast\u0101vda\u013cas: Kartupe\u013ci 67%, rap\u0161u e\u013c\u013ca, kvie\u0161u milti, majon\u0113ze (rap\u0161u e\u013c\u013ca, \u016bdens, cukurs, v\u0101jpiena pulveris, olu pulveris (satur maltodekstr\u012bnu), modific\u0113ta ciete, s\u0101ls, sk\u0101buma regul\u0113t\u0101ji (E260, E270), biezin\u0101t\u0101ji (E412, E415), konservanti (E202, E211), sinepju s\u0113klu aromatiz\u0113t\u0101js, kr\u0101sviela:E160a), olu masa (olu dzeltenums 40%, olu baltums 55%, \u016bdens, sk\u0101buma regul\u0113t\u0101js:E270, s\u0101ls, emulgators:E475), s\u0101ls, gar\u0161vielu mais\u012bjums (burk\u0101nu granulas, pastinaks, s\u012bpolu granulas, kartupe\u013cu ciete, \u0137iploku granulas, p\u0113ters\u012b\u013ci kalt\u0113ti, kurkuma, dilles kalt\u0113tas, maurloki kalt\u0113ti, pretsalipes viela (rap\u0161u e\u013c\u013ca), ingvera pulveris, pipari melnie malti)","og_url":"https:\/\/latpartika.lv\/en\/product\/potato-pancakes\/","og_site_name":"Latvijas p\u0101rtikas ra\u017eot\u0101js","article_modified_time":"2025-01-03T12:19:21+00:00","og_image":[{"width":500,"height":500,"url":"https:\/\/latpartika.lv\/wp-content\/uploads\/2025\/01\/Kartupelu-pankukas.png","type":"image\/png"}],"twitter_card":"summary_large_image","schema":{"@context":"https:\/\/schema.org","@graph":[{"@type":"WebPage","@id":"https:\/\/latpartika.lv\/product\/kartupelu-pankukas","url":"https:\/\/latpartika.lv\/product\/kartupelu-pankukas","name":"Potato pancakes - Latvian food producer","isPartOf":{"@id":"https:\/\/latpartika.lv\/#website"},"primaryImageOfPage":{"@id":"https:\/\/latpartika.lv\/product\/kartupelu-pankukas#primaryimage"},"image":{"@id":"https:\/\/latpartika.lv\/product\/kartupelu-pankukas#primaryimage"},"thumbnailUrl":"https:\/\/latpartika.lv\/wp-content\/uploads\/2025\/01\/Kartupelu-pankukas.png","datePublished":"2025-01-03T12:17:59+00:00","dateModified":"2025-01-03T12:19:21+00:00","breadcrumb":{"@id":"https:\/\/latpartika.lv\/product\/kartupelu-pankukas#breadcrumb"},"inLanguage":"en-GB","potentialAction":[{"@type":"ReadAction","target":["https:\/\/latpartika.lv\/product\/kartupelu-pankukas"]}]},{"@type":"ImageObject","inLanguage":"en-GB","@id":"https:\/\/latpartika.lv\/product\/kartupelu-pankukas#primaryimage","url":"https:\/\/latpartika.lv\/wp-content\/uploads\/2025\/01\/Kartupelu-pankukas.png","contentUrl":"https:\/\/latpartika.lv\/wp-content\/uploads\/2025\/01\/Kartupelu-pankukas.png","width":500,"height":500},{"@type":"BreadcrumbList","@id":"https:\/\/latpartika.lv\/product\/kartupelu-pankukas#breadcrumb","itemListElement":[{"@type":"ListItem","position":1,"name":"Home","item":"https:\/\/latpartika.lv\/en\/"},{"@type":"ListItem","position":2,"name":"Products","item":"https:\/\/latpartika.lv\/shop"},{"@type":"ListItem","position":3,"name":"Kartupe\u013cu pank\u016bkas"}]},{"@type":"WebSite","@id":"https:\/\/latpartika.lv\/#website","url":"https:\/\/latpartika.lv\/","name":"Latvian food producer","description":"Fresh produce from quality ingredients!","publisher":{"@id":"https:\/\/latpartika.lv\/#organization"},"potentialAction":[{"@type":"SearchAction","target":{"@type":"EntryPoint","urlTemplate":"https:\/\/latpartika.lv\/?s={search_term_string}"},"query-input":{"@type":"PropertyValueSpecification","valueRequired":true,"valueName":"search_term_string"}}],"inLanguage":"en-GB"},{"@type":"Organization","@id":"https:\/\/latpartika.lv\/#organization","name":"Latvian food producer","url":"https:\/\/latpartika.lv\/","logo":{"@type":"ImageObject","inLanguage":"en-GB","@id":"https:\/\/latpartika.lv\/#\/schema\/logo\/image\/","url":"https:\/\/latpartika.lv\/wp-content\/uploads\/2024\/11\/LPR_logo_balts.svg","contentUrl":"https:\/\/latpartika.lv\/wp-content\/uploads\/2024\/11\/LPR_logo_balts.svg","width":425,"height":589,"caption":"Latvijas p\u0101rtikas ra\u017eot\u0101js"},"image":{"@id":"https:\/\/latpartika.lv\/#\/schema\/logo\/image\/"}}]}},"_links":{"self":[{"href":"https:\/\/latpartika.lv\/en\/wp-json\/wp\/v2\/product\/886","targetHints":{"allow":["GET"]}}],"collection":[{"href":"https:\/\/latpartika.lv\/en\/wp-json\/wp\/v2\/product"}],"about":[{"href":"https:\/\/latpartika.lv\/en\/wp-json\/wp\/v2\/types\/product"}],"replies":[{"embeddable":true,"href":"https:\/\/latpartika.lv\/en\/wp-json\/wp\/v2\/comments?post=886"}],"version-history":[{"count":0,"href":"https:\/\/latpartika.lv\/en\/wp-json\/wp\/v2\/product\/886\/revisions"}],"wp:featuredmedia":[{"embeddable":true,"href":"https:\/\/latpartika.lv\/en\/wp-json\/wp\/v2\/media\/887"}],"wp:attachment":[{"href":"https:\/\/latpartika.lv\/en\/wp-json\/wp\/v2\/media?parent=886"}],"wp:term":[{"taxonomy":"product_brand","embeddable":true,"href":"https:\/\/latpartika.lv\/en\/wp-json\/wp\/v2\/product_brand?post=886"},{"taxonomy":"product_cat","embeddable":true,"href":"https:\/\/latpartika.lv\/en\/wp-json\/wp\/v2\/product_cat?post=886"},{"taxonomy":"product_tag","embeddable":true,"href":"https:\/\/latpartika.lv\/en\/wp-json\/wp\/v2\/product_tag?post=886"}],"curies":[{"name":"wp","href":"https:\/\/api.w.org\/{rel}","templated":true}]}}