{"id":890,"date":"2025-01-03T12:19:36","date_gmt":"2025-01-03T12:19:36","guid":{"rendered":"https:\/\/latpartika.lv\/?post_type=product&#038;p=890"},"modified":"2025-01-03T12:21:03","modified_gmt":"2025-01-03T12:21:03","slug":"potato-pancakes-with-chicken","status":"publish","type":"product","link":"https:\/\/latpartika.lv\/en\/product\/kartupelu-pankukas-ar-vistas-galu","title":{"rendered":"Potato pancakes with chicken"},"content":{"rendered":"<p>Lorem ipsum dolor sit amet, consectetur adipiscing elit. Phasellus quis tempus lacus. Nam fringilla iaculis turpis a dictum. Nam ex nunc, malesuada vel ornare vitae, lacinia maximus lectus. In vel egestas ligula, at pellentesque quam. Integer sit amet consequat libero. Quisque non bibendum odio.<\/p>","protected":false},"excerpt":{"rendered":"<p><strong>Ingredients:<\/strong> Potatoes, rapeseed oil, <strong><em>wheat<\/em><\/strong> flour, chicken, mayonnaise (rapeseed oil, water, sugar, <strong><em>Buttermilk<\/em><\/strong> dust, <strong><em>ooh<\/em><\/strong> powder (contains maltodextrin), salt, <strong><em>ooh<\/em><\/strong> mass, modified starch, acidity regulators (E260, E270) thickeners (E412, E415), preservatives (E202, E211), <strong><em>mustard<\/em><\/strong> seed flavouring, colour :E160a), <strong><em>ooh<\/em><\/strong> mass (egg yolk 40%, <strong><em>ooh<\/em><\/strong> white 55%, water, acidity regulator:E270, salt, emulsifier:E475), lard, white bread (<strong><em>wheat<\/em><\/strong> flour, water, rapeseed oil, sugar, yeast, salt, dry <strong><em>wheat<\/em><\/strong> yeast), water, salt, garlic, spices (<strong><em>Celery<\/em><\/strong>, parsley, black pepper)<\/p>","protected":false},"featured_media":891,"comment_status":"closed","ping_status":"closed","template":"","meta":[],"product_brand":[],"product_cat":[40,34],"product_tag":[],"class_list":{"0":"post-890","1":"product","2":"type-product","3":"status-publish","4":"has-post-thumbnail","6":"product_cat-pankukas","7":"product_cat-produkti","9":"first","10":"instock","11":"shipping-taxable","12":"product-type-simple"},"yoast_head":"<!-- This site is optimized with the Yoast SEO plugin v27.3 - https:\/\/yoast.com\/product\/yoast-seo-wordpress\/ -->\n<title>Kartupe\u013cu pank\u016bkas ar vistas ga\u013cu - Latvijas p\u0101rtikas ra\u017eot\u0101js<\/title>\n<meta name=\"robots\" content=\"index, follow, max-snippet:-1, max-image-preview:large, max-video-preview:-1\" \/>\n<link rel=\"canonical\" href=\"https:\/\/latpartika.lv\/en\/product\/potato-pancakes-with-chicken\/\" \/>\n<meta property=\"og:locale\" content=\"en_GB\" \/>\n<meta property=\"og:type\" content=\"article\" \/>\n<meta property=\"og:title\" content=\"Kartupe\u013cu pank\u016bkas ar vistas ga\u013cu - Latvijas p\u0101rtikas ra\u017eot\u0101js\" \/>\n<meta property=\"og:description\" content=\"Sast\u0101vda\u013cas: Kartupe\u013ci, rap\u0161u e\u013c\u013ca, kvie\u0161u milti, vistas ga\u013ca, majon\u0113ze (rap\u0161u e\u013c\u013ca, \u016bdens, cukurs, v\u0101jpiena pulveris, olu pulveris (satur maltodekstr\u012bnu), s\u0101ls, olu masa, p\u0101rveidota ciete, sk\u0101buma regul\u0113t\u0101ji (E260, E270) biezin\u0101t\u0101ji (E412, E415), konservanti (E202, E211), sinepju s\u0113klu aromatiz\u0113t\u0101js, kr\u0101sviela :E160a), olu masa (olu dzeltenums 40%, olu baltums 55%, \u016bdens, sk\u0101buma regul\u0113t\u0101js:E270, s\u0101ls, emulgators:E475), c\u016bku spe\u0137is, baltmaize (kvie\u0161u milti, \u016bdens, rap\u0161u e\u013c\u013ca, cukurs, raugs, s\u0101ls, sausais kvie\u0161u ieraugs), \u016bdens, s\u0101ls, \u0137iploki, gar\u0161vielas (selerija, p\u0113ters\u012b\u013ci, pipari melnie)\" \/>\n<meta property=\"og:url\" content=\"https:\/\/latpartika.lv\/en\/product\/potato-pancakes-with-chicken\/\" \/>\n<meta property=\"og:site_name\" content=\"Latvijas p\u0101rtikas ra\u017eot\u0101js\" \/>\n<meta property=\"article:modified_time\" content=\"2025-01-03T12:21:03+00:00\" \/>\n<meta property=\"og:image\" content=\"https:\/\/latpartika.lv\/wp-content\/uploads\/2025\/01\/Kartupelu-pankukas-ar-vistas-galu.png\" \/>\n\t<meta property=\"og:image:width\" content=\"500\" \/>\n\t<meta property=\"og:image:height\" content=\"500\" \/>\n\t<meta property=\"og:image:type\" content=\"image\/png\" \/>\n<meta name=\"twitter:card\" content=\"summary_large_image\" \/>\n<script type=\"application\/ld+json\" class=\"yoast-schema-graph\">{\"@context\":\"https:\\\/\\\/schema.org\",\"@graph\":[{\"@type\":\"WebPage\",\"@id\":\"https:\\\/\\\/latpartika.lv\\\/product\\\/kartupelu-pankukas-ar-vistas-galu\",\"url\":\"https:\\\/\\\/latpartika.lv\\\/product\\\/kartupelu-pankukas-ar-vistas-galu\",\"name\":\"Kartupe\u013cu pank\u016bkas ar vistas ga\u013cu - Latvijas p\u0101rtikas ra\u017eot\u0101js\",\"isPartOf\":{\"@id\":\"https:\\\/\\\/latpartika.lv\\\/#website\"},\"primaryImageOfPage\":{\"@id\":\"https:\\\/\\\/latpartika.lv\\\/product\\\/kartupelu-pankukas-ar-vistas-galu#primaryimage\"},\"image\":{\"@id\":\"https:\\\/\\\/latpartika.lv\\\/product\\\/kartupelu-pankukas-ar-vistas-galu#primaryimage\"},\"thumbnailUrl\":\"https:\\\/\\\/latpartika.lv\\\/wp-content\\\/uploads\\\/2025\\\/01\\\/Kartupelu-pankukas-ar-vistas-galu.png\",\"datePublished\":\"2025-01-03T12:19:36+00:00\",\"dateModified\":\"2025-01-03T12:21:03+00:00\",\"breadcrumb\":{\"@id\":\"https:\\\/\\\/latpartika.lv\\\/product\\\/kartupelu-pankukas-ar-vistas-galu#breadcrumb\"},\"inLanguage\":\"en-GB\",\"potentialAction\":[{\"@type\":\"ReadAction\",\"target\":[\"https:\\\/\\\/latpartika.lv\\\/product\\\/kartupelu-pankukas-ar-vistas-galu\"]}]},{\"@type\":\"ImageObject\",\"inLanguage\":\"en-GB\",\"@id\":\"https:\\\/\\\/latpartika.lv\\\/product\\\/kartupelu-pankukas-ar-vistas-galu#primaryimage\",\"url\":\"https:\\\/\\\/latpartika.lv\\\/wp-content\\\/uploads\\\/2025\\\/01\\\/Kartupelu-pankukas-ar-vistas-galu.png\",\"contentUrl\":\"https:\\\/\\\/latpartika.lv\\\/wp-content\\\/uploads\\\/2025\\\/01\\\/Kartupelu-pankukas-ar-vistas-galu.png\",\"width\":500,\"height\":500},{\"@type\":\"BreadcrumbList\",\"@id\":\"https:\\\/\\\/latpartika.lv\\\/product\\\/kartupelu-pankukas-ar-vistas-galu#breadcrumb\",\"itemListElement\":[{\"@type\":\"ListItem\",\"position\":1,\"name\":\"Home\",\"item\":\"https:\\\/\\\/latpartika.lv\\\/en\\\/\"},{\"@type\":\"ListItem\",\"position\":2,\"name\":\"Products\",\"item\":\"https:\\\/\\\/latpartika.lv\\\/shop\"},{\"@type\":\"ListItem\",\"position\":3,\"name\":\"Kartupe\u013cu pank\u016bkas ar vistas ga\u013cu\"}]},{\"@type\":\"WebSite\",\"@id\":\"https:\\\/\\\/latpartika.lv\\\/#website\",\"url\":\"https:\\\/\\\/latpartika.lv\\\/\",\"name\":\"Latvijas p\u0101rtikas ra\u017eot\u0101js\",\"description\":\"Svaigi produkti no kvalitat\u012bv\u0101m izejviel\u0101m!\",\"publisher\":{\"@id\":\"https:\\\/\\\/latpartika.lv\\\/#organization\"},\"potentialAction\":[{\"@type\":\"SearchAction\",\"target\":{\"@type\":\"EntryPoint\",\"urlTemplate\":\"https:\\\/\\\/latpartika.lv\\\/?s={search_term_string}\"},\"query-input\":{\"@type\":\"PropertyValueSpecification\",\"valueRequired\":true,\"valueName\":\"search_term_string\"}}],\"inLanguage\":\"en-GB\"},{\"@type\":\"Organization\",\"@id\":\"https:\\\/\\\/latpartika.lv\\\/#organization\",\"name\":\"Latvijas p\u0101rtikas ra\u017eot\u0101js\",\"url\":\"https:\\\/\\\/latpartika.lv\\\/\",\"logo\":{\"@type\":\"ImageObject\",\"inLanguage\":\"en-GB\",\"@id\":\"https:\\\/\\\/latpartika.lv\\\/#\\\/schema\\\/logo\\\/image\\\/\",\"url\":\"https:\\\/\\\/latpartika.lv\\\/wp-content\\\/uploads\\\/2024\\\/11\\\/LPR_logo_balts.svg\",\"contentUrl\":\"https:\\\/\\\/latpartika.lv\\\/wp-content\\\/uploads\\\/2024\\\/11\\\/LPR_logo_balts.svg\",\"width\":425,\"height\":589,\"caption\":\"Latvijas p\u0101rtikas ra\u017eot\u0101js\"},\"image\":{\"@id\":\"https:\\\/\\\/latpartika.lv\\\/#\\\/schema\\\/logo\\\/image\\\/\"}}]}<\/script>\n<!-- \/ Yoast SEO plugin. -->","yoast_head_json":{"title":"Potato pancakes with chicken - Latvian food producer","robots":{"index":"index","follow":"follow","max-snippet":"max-snippet:-1","max-image-preview":"max-image-preview:large","max-video-preview":"max-video-preview:-1"},"canonical":"https:\/\/latpartika.lv\/en\/product\/potato-pancakes-with-chicken\/","og_locale":"en_GB","og_type":"article","og_title":"Kartupe\u013cu pank\u016bkas ar vistas ga\u013cu - Latvijas p\u0101rtikas ra\u017eot\u0101js","og_description":"Sast\u0101vda\u013cas: Kartupe\u013ci, rap\u0161u e\u013c\u013ca, kvie\u0161u milti, vistas ga\u013ca, majon\u0113ze (rap\u0161u e\u013c\u013ca, \u016bdens, cukurs, v\u0101jpiena pulveris, olu pulveris (satur maltodekstr\u012bnu), s\u0101ls, olu masa, p\u0101rveidota ciete, sk\u0101buma regul\u0113t\u0101ji (E260, E270) biezin\u0101t\u0101ji (E412, E415), konservanti (E202, E211), sinepju s\u0113klu aromatiz\u0113t\u0101js, kr\u0101sviela :E160a), olu masa (olu dzeltenums 40%, olu baltums 55%, \u016bdens, sk\u0101buma regul\u0113t\u0101js:E270, s\u0101ls, emulgators:E475), c\u016bku spe\u0137is, baltmaize (kvie\u0161u milti, \u016bdens, rap\u0161u e\u013c\u013ca, cukurs, raugs, s\u0101ls, sausais kvie\u0161u ieraugs), \u016bdens, s\u0101ls, \u0137iploki, gar\u0161vielas (selerija, p\u0113ters\u012b\u013ci, pipari melnie)","og_url":"https:\/\/latpartika.lv\/en\/product\/potato-pancakes-with-chicken\/","og_site_name":"Latvijas p\u0101rtikas ra\u017eot\u0101js","article_modified_time":"2025-01-03T12:21:03+00:00","og_image":[{"width":500,"height":500,"url":"https:\/\/latpartika.lv\/wp-content\/uploads\/2025\/01\/Kartupelu-pankukas-ar-vistas-galu.png","type":"image\/png"}],"twitter_card":"summary_large_image","schema":{"@context":"https:\/\/schema.org","@graph":[{"@type":"WebPage","@id":"https:\/\/latpartika.lv\/product\/kartupelu-pankukas-ar-vistas-galu","url":"https:\/\/latpartika.lv\/product\/kartupelu-pankukas-ar-vistas-galu","name":"Potato pancakes with chicken - Latvian food producer","isPartOf":{"@id":"https:\/\/latpartika.lv\/#website"},"primaryImageOfPage":{"@id":"https:\/\/latpartika.lv\/product\/kartupelu-pankukas-ar-vistas-galu#primaryimage"},"image":{"@id":"https:\/\/latpartika.lv\/product\/kartupelu-pankukas-ar-vistas-galu#primaryimage"},"thumbnailUrl":"https:\/\/latpartika.lv\/wp-content\/uploads\/2025\/01\/Kartupelu-pankukas-ar-vistas-galu.png","datePublished":"2025-01-03T12:19:36+00:00","dateModified":"2025-01-03T12:21:03+00:00","breadcrumb":{"@id":"https:\/\/latpartika.lv\/product\/kartupelu-pankukas-ar-vistas-galu#breadcrumb"},"inLanguage":"en-GB","potentialAction":[{"@type":"ReadAction","target":["https:\/\/latpartika.lv\/product\/kartupelu-pankukas-ar-vistas-galu"]}]},{"@type":"ImageObject","inLanguage":"en-GB","@id":"https:\/\/latpartika.lv\/product\/kartupelu-pankukas-ar-vistas-galu#primaryimage","url":"https:\/\/latpartika.lv\/wp-content\/uploads\/2025\/01\/Kartupelu-pankukas-ar-vistas-galu.png","contentUrl":"https:\/\/latpartika.lv\/wp-content\/uploads\/2025\/01\/Kartupelu-pankukas-ar-vistas-galu.png","width":500,"height":500},{"@type":"BreadcrumbList","@id":"https:\/\/latpartika.lv\/product\/kartupelu-pankukas-ar-vistas-galu#breadcrumb","itemListElement":[{"@type":"ListItem","position":1,"name":"Home","item":"https:\/\/latpartika.lv\/en\/"},{"@type":"ListItem","position":2,"name":"Products","item":"https:\/\/latpartika.lv\/shop"},{"@type":"ListItem","position":3,"name":"Kartupe\u013cu pank\u016bkas ar vistas ga\u013cu"}]},{"@type":"WebSite","@id":"https:\/\/latpartika.lv\/#website","url":"https:\/\/latpartika.lv\/","name":"Latvian food producer","description":"Fresh produce from quality ingredients!","publisher":{"@id":"https:\/\/latpartika.lv\/#organization"},"potentialAction":[{"@type":"SearchAction","target":{"@type":"EntryPoint","urlTemplate":"https:\/\/latpartika.lv\/?s={search_term_string}"},"query-input":{"@type":"PropertyValueSpecification","valueRequired":true,"valueName":"search_term_string"}}],"inLanguage":"en-GB"},{"@type":"Organization","@id":"https:\/\/latpartika.lv\/#organization","name":"Latvian food producer","url":"https:\/\/latpartika.lv\/","logo":{"@type":"ImageObject","inLanguage":"en-GB","@id":"https:\/\/latpartika.lv\/#\/schema\/logo\/image\/","url":"https:\/\/latpartika.lv\/wp-content\/uploads\/2024\/11\/LPR_logo_balts.svg","contentUrl":"https:\/\/latpartika.lv\/wp-content\/uploads\/2024\/11\/LPR_logo_balts.svg","width":425,"height":589,"caption":"Latvijas p\u0101rtikas ra\u017eot\u0101js"},"image":{"@id":"https:\/\/latpartika.lv\/#\/schema\/logo\/image\/"}}]}},"_links":{"self":[{"href":"https:\/\/latpartika.lv\/en\/wp-json\/wp\/v2\/product\/890","targetHints":{"allow":["GET"]}}],"collection":[{"href":"https:\/\/latpartika.lv\/en\/wp-json\/wp\/v2\/product"}],"about":[{"href":"https:\/\/latpartika.lv\/en\/wp-json\/wp\/v2\/types\/product"}],"replies":[{"embeddable":true,"href":"https:\/\/latpartika.lv\/en\/wp-json\/wp\/v2\/comments?post=890"}],"version-history":[{"count":0,"href":"https:\/\/latpartika.lv\/en\/wp-json\/wp\/v2\/product\/890\/revisions"}],"wp:featuredmedia":[{"embeddable":true,"href":"https:\/\/latpartika.lv\/en\/wp-json\/wp\/v2\/media\/891"}],"wp:attachment":[{"href":"https:\/\/latpartika.lv\/en\/wp-json\/wp\/v2\/media?parent=890"}],"wp:term":[{"taxonomy":"product_brand","embeddable":true,"href":"https:\/\/latpartika.lv\/en\/wp-json\/wp\/v2\/product_brand?post=890"},{"taxonomy":"product_cat","embeddable":true,"href":"https:\/\/latpartika.lv\/en\/wp-json\/wp\/v2\/product_cat?post=890"},{"taxonomy":"product_tag","embeddable":true,"href":"https:\/\/latpartika.lv\/en\/wp-json\/wp\/v2\/product_tag?post=890"}],"curies":[{"name":"wp","href":"https:\/\/api.w.org\/{rel}","templated":true}]}}