{"id":908,"date":"2025-01-03T12:34:15","date_gmt":"2025-01-03T12:34:15","guid":{"rendered":"https:\/\/latpartika.lv\/?post_type=product&#038;p=908"},"modified":"2025-01-03T12:35:29","modified_gmt":"2025-01-03T12:35:29","slug":"pork-chop-in-marinade","status":"publish","type":"product","link":"https:\/\/latpartika.lv\/en\/product\/cukgalas-karbonade-marinade","title":{"rendered":"Pork chop in marinade"},"content":{"rendered":"<p>Lorem ipsum dolor sit amet, consectetur adipiscing elit. Phasellus quis tempus lacus. Nam fringilla iaculis turpis a dictum. Nam ex nunc, malesuada vel ornare vitae, lacinia maximus lectus. In vel egestas ligula, at pellentesque quam. Integer sit amet consequat libero. Quisque non bibendum odio.<\/p>","protected":false},"excerpt":{"rendered":"<p><strong>Ingredients:<\/strong> pork chop 57% (pork chop 82%, <strong><em>ooh<\/em><\/strong> mass<strong><em>ooh<\/em><\/strong> mass, acidity regulator (citric acid), <strong><em>wheat <\/em><\/strong>flour, mayonnaise (rapeseed oil, water, sugar,<strong><em> Buttermilk <\/em><\/strong>dust, <strong><em>ooh<\/em><\/strong> powder, modified starch, salt, acidity regulators (acetic acid, lactic acid), thickeners (guar gum, xanthan gum), preservatives (potassium sorbate, sodium benzoate), colour (beta carotene)), rapeseed oil, all purpose seasoning (carrot granules, parsnip, onion granules, potato starch, garlic granules, dried parsley, dill, chives, turmeric, rapeseed oil, ginger powder, ground black pepper, salt, black pepper), salad dressing 43% (water, sugar, salt, acidity regulators (acetic acid, tricalcium citrate, citric acid, malic acid, ascorbic acid), stabiliser (carrageenan), seasoning, preservative (potassium sorbate), flavouring)<\/p>","protected":false},"featured_media":909,"comment_status":"closed","ping_status":"closed","template":"","meta":[],"product_brand":[],"product_cat":[41,34],"product_tag":[],"class_list":{"0":"post-908","1":"product","2":"type-product","3":"status-publish","4":"has-post-thumbnail","6":"product_cat-kulinarija","7":"product_cat-produkti","9":"first","10":"instock","11":"shipping-taxable","12":"product-type-simple"},"yoast_head":"<!-- This site is optimized with the Yoast SEO plugin v27.3 - https:\/\/yoast.com\/product\/yoast-seo-wordpress\/ -->\n<title>C\u016bkga\u013cas karbon\u0101de marin\u0101d\u0113 - Latvijas p\u0101rtikas ra\u017eot\u0101js<\/title>\n<meta name=\"robots\" content=\"index, follow, max-snippet:-1, max-image-preview:large, max-video-preview:-1\" \/>\n<link rel=\"canonical\" href=\"https:\/\/latpartika.lv\/en\/product\/pork-chop-in-marinade\/\" \/>\n<meta property=\"og:locale\" content=\"en_GB\" \/>\n<meta property=\"og:type\" content=\"article\" \/>\n<meta property=\"og:title\" content=\"C\u016bkga\u013cas karbon\u0101de marin\u0101d\u0113 - Latvijas p\u0101rtikas ra\u017eot\u0101js\" \/>\n<meta property=\"og:description\" content=\"Sast\u0101vda\u013cas: c\u016bkga\u013cas karbon\u0101de 57% (c\u016bkga\u013cas karbon\u0101de 82%, olu masa (olu masa, sk\u0101buma regul\u0113t\u0101js (citronsk\u0101be), kvie\u0161u milti, majon\u0113ze (rap\u0161u e\u013c\u013ca, \u016bdens, cukurs, v\u0101jpiena pulveris, olu pulveris, modific\u0113ta ciete, s\u0101ls, sk\u0101buma regul\u0113t\u0101ji (eti\u0137sk\u0101be, piensk\u0101be), biezin\u0101t\u0101ji (gu\u0101ra sve\u0137i, ksant\u0101na sve\u0137i), konservanti (k\u0101lija sorb\u0101ts, n\u0101trija benzo\u0101ts), kr\u0101sviela (beta karot\u012bns)), rap\u0161u e\u013c\u013ca, univers\u0101la gar\u0161viela (burk\u0101nu granulas, pastinaks, s\u012bpolu granulas, kartupe\u013cu ciete, \u0137iploku granulas, kalt\u0113ti p\u0113ters\u012b\u013ci, dilles, maurloki, kurkuma, rap\u0161u e\u013c\u013ca, ingvera pulveris, pipari melnie malti), s\u0101ls, pipari melnie), sal\u0101tu m\u0113rce 43% (\u016bdens, cukurs, s\u0101ls, sk\u0101buma regul\u0113t\u0101ji (eti\u0137sk\u0101be, trik\u0101lija citr\u0101ts, citronsk\u0101be, \u0101bolsk\u0101be, askorb\u012bnsk\u0101be), stabiliz\u0113t\u0101js (karagin\u0101ns), gar\u0161vielas, konservants (k\u0101lija sorb\u0101ts), aromatiz\u0113t\u0101ji)\" \/>\n<meta property=\"og:url\" content=\"https:\/\/latpartika.lv\/en\/product\/pork-chop-in-marinade\/\" \/>\n<meta property=\"og:site_name\" content=\"Latvijas p\u0101rtikas ra\u017eot\u0101js\" \/>\n<meta property=\"article:modified_time\" content=\"2025-01-03T12:35:29+00:00\" \/>\n<meta property=\"og:image\" content=\"https:\/\/latpartika.lv\/wp-content\/uploads\/2025\/01\/Cukgalas-karbonade-marinade.png\" \/>\n\t<meta property=\"og:image:width\" content=\"500\" \/>\n\t<meta property=\"og:image:height\" content=\"500\" \/>\n\t<meta property=\"og:image:type\" content=\"image\/png\" \/>\n<meta name=\"twitter:card\" content=\"summary_large_image\" \/>\n<script type=\"application\/ld+json\" class=\"yoast-schema-graph\">{\"@context\":\"https:\\\/\\\/schema.org\",\"@graph\":[{\"@type\":\"WebPage\",\"@id\":\"https:\\\/\\\/latpartika.lv\\\/product\\\/cukgalas-karbonade-marinade\",\"url\":\"https:\\\/\\\/latpartika.lv\\\/product\\\/cukgalas-karbonade-marinade\",\"name\":\"C\u016bkga\u013cas karbon\u0101de marin\u0101d\u0113 - Latvijas p\u0101rtikas ra\u017eot\u0101js\",\"isPartOf\":{\"@id\":\"https:\\\/\\\/latpartika.lv\\\/#website\"},\"primaryImageOfPage\":{\"@id\":\"https:\\\/\\\/latpartika.lv\\\/product\\\/cukgalas-karbonade-marinade#primaryimage\"},\"image\":{\"@id\":\"https:\\\/\\\/latpartika.lv\\\/product\\\/cukgalas-karbonade-marinade#primaryimage\"},\"thumbnailUrl\":\"https:\\\/\\\/latpartika.lv\\\/wp-content\\\/uploads\\\/2025\\\/01\\\/Cukgalas-karbonade-marinade.png\",\"datePublished\":\"2025-01-03T12:34:15+00:00\",\"dateModified\":\"2025-01-03T12:35:29+00:00\",\"breadcrumb\":{\"@id\":\"https:\\\/\\\/latpartika.lv\\\/product\\\/cukgalas-karbonade-marinade#breadcrumb\"},\"inLanguage\":\"en-GB\",\"potentialAction\":[{\"@type\":\"ReadAction\",\"target\":[\"https:\\\/\\\/latpartika.lv\\\/product\\\/cukgalas-karbonade-marinade\"]}]},{\"@type\":\"ImageObject\",\"inLanguage\":\"en-GB\",\"@id\":\"https:\\\/\\\/latpartika.lv\\\/product\\\/cukgalas-karbonade-marinade#primaryimage\",\"url\":\"https:\\\/\\\/latpartika.lv\\\/wp-content\\\/uploads\\\/2025\\\/01\\\/Cukgalas-karbonade-marinade.png\",\"contentUrl\":\"https:\\\/\\\/latpartika.lv\\\/wp-content\\\/uploads\\\/2025\\\/01\\\/Cukgalas-karbonade-marinade.png\",\"width\":500,\"height\":500},{\"@type\":\"BreadcrumbList\",\"@id\":\"https:\\\/\\\/latpartika.lv\\\/product\\\/cukgalas-karbonade-marinade#breadcrumb\",\"itemListElement\":[{\"@type\":\"ListItem\",\"position\":1,\"name\":\"Home\",\"item\":\"https:\\\/\\\/latpartika.lv\\\/en\\\/\"},{\"@type\":\"ListItem\",\"position\":2,\"name\":\"Products\",\"item\":\"https:\\\/\\\/latpartika.lv\\\/shop\"},{\"@type\":\"ListItem\",\"position\":3,\"name\":\"C\u016bkga\u013cas karbon\u0101de marin\u0101d\u0113\"}]},{\"@type\":\"WebSite\",\"@id\":\"https:\\\/\\\/latpartika.lv\\\/#website\",\"url\":\"https:\\\/\\\/latpartika.lv\\\/\",\"name\":\"Latvijas p\u0101rtikas ra\u017eot\u0101js\",\"description\":\"Svaigi produkti no kvalitat\u012bv\u0101m izejviel\u0101m!\",\"publisher\":{\"@id\":\"https:\\\/\\\/latpartika.lv\\\/#organization\"},\"potentialAction\":[{\"@type\":\"SearchAction\",\"target\":{\"@type\":\"EntryPoint\",\"urlTemplate\":\"https:\\\/\\\/latpartika.lv\\\/?s={search_term_string}\"},\"query-input\":{\"@type\":\"PropertyValueSpecification\",\"valueRequired\":true,\"valueName\":\"search_term_string\"}}],\"inLanguage\":\"en-GB\"},{\"@type\":\"Organization\",\"@id\":\"https:\\\/\\\/latpartika.lv\\\/#organization\",\"name\":\"Latvijas p\u0101rtikas ra\u017eot\u0101js\",\"url\":\"https:\\\/\\\/latpartika.lv\\\/\",\"logo\":{\"@type\":\"ImageObject\",\"inLanguage\":\"en-GB\",\"@id\":\"https:\\\/\\\/latpartika.lv\\\/#\\\/schema\\\/logo\\\/image\\\/\",\"url\":\"https:\\\/\\\/latpartika.lv\\\/wp-content\\\/uploads\\\/2024\\\/11\\\/LPR_logo_balts.svg\",\"contentUrl\":\"https:\\\/\\\/latpartika.lv\\\/wp-content\\\/uploads\\\/2024\\\/11\\\/LPR_logo_balts.svg\",\"width\":425,\"height\":589,\"caption\":\"Latvijas p\u0101rtikas ra\u017eot\u0101js\"},\"image\":{\"@id\":\"https:\\\/\\\/latpartika.lv\\\/#\\\/schema\\\/logo\\\/image\\\/\"}}]}<\/script>\n<!-- \/ Yoast SEO plugin. -->","yoast_head_json":{"title":"Pork chop in marinade - Latvian food producer","robots":{"index":"index","follow":"follow","max-snippet":"max-snippet:-1","max-image-preview":"max-image-preview:large","max-video-preview":"max-video-preview:-1"},"canonical":"https:\/\/latpartika.lv\/en\/product\/pork-chop-in-marinade\/","og_locale":"en_GB","og_type":"article","og_title":"C\u016bkga\u013cas karbon\u0101de marin\u0101d\u0113 - Latvijas p\u0101rtikas ra\u017eot\u0101js","og_description":"Sast\u0101vda\u013cas: c\u016bkga\u013cas karbon\u0101de 57% (c\u016bkga\u013cas karbon\u0101de 82%, olu masa (olu masa, sk\u0101buma regul\u0113t\u0101js (citronsk\u0101be), kvie\u0161u milti, majon\u0113ze (rap\u0161u e\u013c\u013ca, \u016bdens, cukurs, v\u0101jpiena pulveris, olu pulveris, modific\u0113ta ciete, s\u0101ls, sk\u0101buma regul\u0113t\u0101ji (eti\u0137sk\u0101be, piensk\u0101be), biezin\u0101t\u0101ji (gu\u0101ra sve\u0137i, ksant\u0101na sve\u0137i), konservanti (k\u0101lija sorb\u0101ts, n\u0101trija benzo\u0101ts), kr\u0101sviela (beta karot\u012bns)), rap\u0161u e\u013c\u013ca, univers\u0101la gar\u0161viela (burk\u0101nu granulas, pastinaks, s\u012bpolu granulas, kartupe\u013cu ciete, \u0137iploku granulas, kalt\u0113ti p\u0113ters\u012b\u013ci, dilles, maurloki, kurkuma, rap\u0161u e\u013c\u013ca, ingvera pulveris, pipari melnie malti), s\u0101ls, pipari melnie), sal\u0101tu m\u0113rce 43% (\u016bdens, cukurs, s\u0101ls, sk\u0101buma regul\u0113t\u0101ji (eti\u0137sk\u0101be, trik\u0101lija citr\u0101ts, citronsk\u0101be, \u0101bolsk\u0101be, askorb\u012bnsk\u0101be), stabiliz\u0113t\u0101js (karagin\u0101ns), gar\u0161vielas, konservants (k\u0101lija sorb\u0101ts), aromatiz\u0113t\u0101ji)","og_url":"https:\/\/latpartika.lv\/en\/product\/pork-chop-in-marinade\/","og_site_name":"Latvijas p\u0101rtikas ra\u017eot\u0101js","article_modified_time":"2025-01-03T12:35:29+00:00","og_image":[{"width":500,"height":500,"url":"https:\/\/latpartika.lv\/wp-content\/uploads\/2025\/01\/Cukgalas-karbonade-marinade.png","type":"image\/png"}],"twitter_card":"summary_large_image","schema":{"@context":"https:\/\/schema.org","@graph":[{"@type":"WebPage","@id":"https:\/\/latpartika.lv\/product\/cukgalas-karbonade-marinade","url":"https:\/\/latpartika.lv\/product\/cukgalas-karbonade-marinade","name":"Pork chop in marinade - Latvian food producer","isPartOf":{"@id":"https:\/\/latpartika.lv\/#website"},"primaryImageOfPage":{"@id":"https:\/\/latpartika.lv\/product\/cukgalas-karbonade-marinade#primaryimage"},"image":{"@id":"https:\/\/latpartika.lv\/product\/cukgalas-karbonade-marinade#primaryimage"},"thumbnailUrl":"https:\/\/latpartika.lv\/wp-content\/uploads\/2025\/01\/Cukgalas-karbonade-marinade.png","datePublished":"2025-01-03T12:34:15+00:00","dateModified":"2025-01-03T12:35:29+00:00","breadcrumb":{"@id":"https:\/\/latpartika.lv\/product\/cukgalas-karbonade-marinade#breadcrumb"},"inLanguage":"en-GB","potentialAction":[{"@type":"ReadAction","target":["https:\/\/latpartika.lv\/product\/cukgalas-karbonade-marinade"]}]},{"@type":"ImageObject","inLanguage":"en-GB","@id":"https:\/\/latpartika.lv\/product\/cukgalas-karbonade-marinade#primaryimage","url":"https:\/\/latpartika.lv\/wp-content\/uploads\/2025\/01\/Cukgalas-karbonade-marinade.png","contentUrl":"https:\/\/latpartika.lv\/wp-content\/uploads\/2025\/01\/Cukgalas-karbonade-marinade.png","width":500,"height":500},{"@type":"BreadcrumbList","@id":"https:\/\/latpartika.lv\/product\/cukgalas-karbonade-marinade#breadcrumb","itemListElement":[{"@type":"ListItem","position":1,"name":"Home","item":"https:\/\/latpartika.lv\/en\/"},{"@type":"ListItem","position":2,"name":"Products","item":"https:\/\/latpartika.lv\/shop"},{"@type":"ListItem","position":3,"name":"C\u016bkga\u013cas karbon\u0101de marin\u0101d\u0113"}]},{"@type":"WebSite","@id":"https:\/\/latpartika.lv\/#website","url":"https:\/\/latpartika.lv\/","name":"Latvian food producer","description":"Fresh produce from quality ingredients!","publisher":{"@id":"https:\/\/latpartika.lv\/#organization"},"potentialAction":[{"@type":"SearchAction","target":{"@type":"EntryPoint","urlTemplate":"https:\/\/latpartika.lv\/?s={search_term_string}"},"query-input":{"@type":"PropertyValueSpecification","valueRequired":true,"valueName":"search_term_string"}}],"inLanguage":"en-GB"},{"@type":"Organization","@id":"https:\/\/latpartika.lv\/#organization","name":"Latvian food producer","url":"https:\/\/latpartika.lv\/","logo":{"@type":"ImageObject","inLanguage":"en-GB","@id":"https:\/\/latpartika.lv\/#\/schema\/logo\/image\/","url":"https:\/\/latpartika.lv\/wp-content\/uploads\/2024\/11\/LPR_logo_balts.svg","contentUrl":"https:\/\/latpartika.lv\/wp-content\/uploads\/2024\/11\/LPR_logo_balts.svg","width":425,"height":589,"caption":"Latvijas p\u0101rtikas ra\u017eot\u0101js"},"image":{"@id":"https:\/\/latpartika.lv\/#\/schema\/logo\/image\/"}}]}},"_links":{"self":[{"href":"https:\/\/latpartika.lv\/en\/wp-json\/wp\/v2\/product\/908","targetHints":{"allow":["GET"]}}],"collection":[{"href":"https:\/\/latpartika.lv\/en\/wp-json\/wp\/v2\/product"}],"about":[{"href":"https:\/\/latpartika.lv\/en\/wp-json\/wp\/v2\/types\/product"}],"replies":[{"embeddable":true,"href":"https:\/\/latpartika.lv\/en\/wp-json\/wp\/v2\/comments?post=908"}],"version-history":[{"count":0,"href":"https:\/\/latpartika.lv\/en\/wp-json\/wp\/v2\/product\/908\/revisions"}],"wp:featuredmedia":[{"embeddable":true,"href":"https:\/\/latpartika.lv\/en\/wp-json\/wp\/v2\/media\/909"}],"wp:attachment":[{"href":"https:\/\/latpartika.lv\/en\/wp-json\/wp\/v2\/media?parent=908"}],"wp:term":[{"taxonomy":"product_brand","embeddable":true,"href":"https:\/\/latpartika.lv\/en\/wp-json\/wp\/v2\/product_brand?post=908"},{"taxonomy":"product_cat","embeddable":true,"href":"https:\/\/latpartika.lv\/en\/wp-json\/wp\/v2\/product_cat?post=908"},{"taxonomy":"product_tag","embeddable":true,"href":"https:\/\/latpartika.lv\/en\/wp-json\/wp\/v2\/product_tag?post=908"}],"curies":[{"name":"wp","href":"https:\/\/api.w.org\/{rel}","templated":true}]}}