{"id":916,"date":"2025-01-03T12:37:47","date_gmt":"2025-01-03T12:37:47","guid":{"rendered":"https:\/\/latpartika.lv\/?post_type=product&#038;p=916"},"modified":"2025-01-03T12:39:24","modified_gmt":"2025-01-03T12:39:24","slug":"oatmeal-grill-cream","status":"publish","type":"product","link":"https:\/\/latpartika.lv\/en\/product\/auzu-parslu-griljazas-krems","title":{"rendered":"Oatmeal grill cream"},"content":{"rendered":"<p>Lorem ipsum dolor sit amet, consectetur adipiscing elit. Phasellus quis tempus lacus. Nam fringilla iaculis turpis a dictum. Nam ex nunc, malesuada vel ornare vitae, lacinia maximus lectus. In vel egestas ligula, at pellentesque quam. Integer sit amet consequat libero. Quisque non bibendum odio.<\/p>","protected":false},"excerpt":{"rendered":"<p><strong>Ingredients:<\/strong> cream 74% (sweet <strong><em>cream<\/em><\/strong> (pasteurised sweet <strong><em>cream<\/em><\/strong>, stabiliser (E407)), sugar, <strong><em>milk<\/em><\/strong>, <strong><em>bread roll<\/em><\/strong> un augu tauku mais\u012bjums<strong><em>Pastries<\/em><\/strong>, vegetable oils (palm, coconut), <strong><em>bread roll <\/em><\/strong>powder, modified starch, emulsifiers (E473, E471, <strong><em>soya<\/em><\/strong> lecithins, thickeners (E412, E410)), vanilla sugar, edible gelatine), oatmeal ghee 26% (wholemeal <strong><em>auzu <\/em><\/strong>flakes, sugar, sweet cream butter (pasteurised) <strong><em>cream<\/em><\/strong>)).<\/p>","protected":false},"featured_media":917,"comment_status":"closed","ping_status":"closed","template":"","meta":[],"product_brand":[],"product_cat":[42,34],"product_tag":[],"class_list":{"0":"post-916","1":"product","2":"type-product","3":"status-publish","4":"has-post-thumbnail","6":"product_cat-deserti","7":"product_cat-produkti","9":"first","10":"instock","11":"shipping-taxable","12":"product-type-simple"},"yoast_head":"<!-- This site is optimized with the Yoast SEO plugin v27.3 - https:\/\/yoast.com\/product\/yoast-seo-wordpress\/ -->\n<title>Auzu p\u0101rslu grilj\u0101\u017eas kr\u0113ms - Latvijas p\u0101rtikas ra\u017eot\u0101js<\/title>\n<meta name=\"robots\" content=\"index, follow, max-snippet:-1, max-image-preview:large, max-video-preview:-1\" \/>\n<link rel=\"canonical\" href=\"https:\/\/latpartika.lv\/en\/product\/oatmeal-grill-cream\/\" \/>\n<meta property=\"og:locale\" content=\"en_GB\" \/>\n<meta property=\"og:type\" content=\"article\" \/>\n<meta property=\"og:title\" content=\"Auzu p\u0101rslu grilj\u0101\u017eas kr\u0113ms - Latvijas p\u0101rtikas ra\u017eot\u0101js\" \/>\n<meta property=\"og:description\" content=\"Sast\u0101vda\u013cas: saldkr\u0113juma kr\u0113ms 74% (saldais kr\u0113jums (pasteriz\u0113ts saldais kr\u0113jums, stabiliz\u0113t\u0101js (E407)), cukurs, piens, pani\u0146u un augu tauku mais\u012bjums (pani\u0146as, augu e\u013c\u013cas (palmu, kokosriekstu), pani\u0146u pulveris, modific\u0113ta ciete, emulgatori (E473, E471, sojas lecit\u012bni), biezin\u0101t\u0101ji (E412, E410)), vani\u013cas cukurs, p\u0101rtikas \u017eelant\u012bns), auzu p\u0101rslu grilj\u0101\u017ea 26% (pilngraudu auzu p\u0101rslas, cukurs, saldkr\u0113juma sviests (pasteriz\u0113ts kr\u0113jums)).\" \/>\n<meta property=\"og:url\" content=\"https:\/\/latpartika.lv\/en\/product\/oatmeal-grill-cream\/\" \/>\n<meta property=\"og:site_name\" content=\"Latvijas p\u0101rtikas ra\u017eot\u0101js\" \/>\n<meta property=\"article:modified_time\" content=\"2025-01-03T12:39:24+00:00\" \/>\n<meta property=\"og:image\" content=\"https:\/\/latpartika.lv\/wp-content\/uploads\/2025\/01\/Auzu-parslu-griljazas-krems.png\" \/>\n\t<meta property=\"og:image:width\" content=\"500\" \/>\n\t<meta property=\"og:image:height\" content=\"500\" \/>\n\t<meta property=\"og:image:type\" content=\"image\/png\" \/>\n<meta name=\"twitter:card\" content=\"summary_large_image\" \/>\n<script type=\"application\/ld+json\" class=\"yoast-schema-graph\">{\"@context\":\"https:\\\/\\\/schema.org\",\"@graph\":[{\"@type\":\"WebPage\",\"@id\":\"https:\\\/\\\/latpartika.lv\\\/product\\\/auzu-parslu-griljazas-krems\\\/\",\"url\":\"https:\\\/\\\/latpartika.lv\\\/product\\\/auzu-parslu-griljazas-krems\\\/\",\"name\":\"Auzu p\u0101rslu grilj\u0101\u017eas kr\u0113ms - Latvijas p\u0101rtikas ra\u017eot\u0101js\",\"isPartOf\":{\"@id\":\"https:\\\/\\\/latpartika.lv\\\/#website\"},\"primaryImageOfPage\":{\"@id\":\"https:\\\/\\\/latpartika.lv\\\/product\\\/auzu-parslu-griljazas-krems\\\/#primaryimage\"},\"image\":{\"@id\":\"https:\\\/\\\/latpartika.lv\\\/product\\\/auzu-parslu-griljazas-krems\\\/#primaryimage\"},\"thumbnailUrl\":\"https:\\\/\\\/latpartika.lv\\\/wp-content\\\/uploads\\\/2025\\\/01\\\/Auzu-parslu-griljazas-krems.png\",\"datePublished\":\"2025-01-03T12:37:47+00:00\",\"dateModified\":\"2025-01-03T12:39:24+00:00\",\"breadcrumb\":{\"@id\":\"https:\\\/\\\/latpartika.lv\\\/product\\\/auzu-parslu-griljazas-krems\\\/#breadcrumb\"},\"inLanguage\":\"en-GB\",\"potentialAction\":[{\"@type\":\"ReadAction\",\"target\":[\"https:\\\/\\\/latpartika.lv\\\/product\\\/auzu-parslu-griljazas-krems\\\/\"]}]},{\"@type\":\"ImageObject\",\"inLanguage\":\"en-GB\",\"@id\":\"https:\\\/\\\/latpartika.lv\\\/product\\\/auzu-parslu-griljazas-krems\\\/#primaryimage\",\"url\":\"https:\\\/\\\/latpartika.lv\\\/wp-content\\\/uploads\\\/2025\\\/01\\\/Auzu-parslu-griljazas-krems.png\",\"contentUrl\":\"https:\\\/\\\/latpartika.lv\\\/wp-content\\\/uploads\\\/2025\\\/01\\\/Auzu-parslu-griljazas-krems.png\",\"width\":500,\"height\":500},{\"@type\":\"BreadcrumbList\",\"@id\":\"https:\\\/\\\/latpartika.lv\\\/product\\\/auzu-parslu-griljazas-krems\\\/#breadcrumb\",\"itemListElement\":[{\"@type\":\"ListItem\",\"position\":1,\"name\":\"Home\",\"item\":\"https:\\\/\\\/latpartika.lv\\\/en\\\/\"},{\"@type\":\"ListItem\",\"position\":2,\"name\":\"Products\",\"item\":\"https:\\\/\\\/latpartika.lv\\\/shop\"},{\"@type\":\"ListItem\",\"position\":3,\"name\":\"Auzu p\u0101rslu grilj\u0101\u017eas kr\u0113ms\"}]},{\"@type\":\"WebSite\",\"@id\":\"https:\\\/\\\/latpartika.lv\\\/#website\",\"url\":\"https:\\\/\\\/latpartika.lv\\\/\",\"name\":\"Latvijas p\u0101rtikas ra\u017eot\u0101js\",\"description\":\"Svaigi produkti no kvalitat\u012bv\u0101m izejviel\u0101m!\",\"publisher\":{\"@id\":\"https:\\\/\\\/latpartika.lv\\\/#organization\"},\"potentialAction\":[{\"@type\":\"SearchAction\",\"target\":{\"@type\":\"EntryPoint\",\"urlTemplate\":\"https:\\\/\\\/latpartika.lv\\\/?s={search_term_string}\"},\"query-input\":{\"@type\":\"PropertyValueSpecification\",\"valueRequired\":true,\"valueName\":\"search_term_string\"}}],\"inLanguage\":\"en-GB\"},{\"@type\":\"Organization\",\"@id\":\"https:\\\/\\\/latpartika.lv\\\/#organization\",\"name\":\"Latvijas p\u0101rtikas ra\u017eot\u0101js\",\"url\":\"https:\\\/\\\/latpartika.lv\\\/\",\"logo\":{\"@type\":\"ImageObject\",\"inLanguage\":\"en-GB\",\"@id\":\"https:\\\/\\\/latpartika.lv\\\/#\\\/schema\\\/logo\\\/image\\\/\",\"url\":\"https:\\\/\\\/latpartika.lv\\\/wp-content\\\/uploads\\\/2024\\\/11\\\/LPR_logo_balts.svg\",\"contentUrl\":\"https:\\\/\\\/latpartika.lv\\\/wp-content\\\/uploads\\\/2024\\\/11\\\/LPR_logo_balts.svg\",\"width\":425,\"height\":589,\"caption\":\"Latvijas p\u0101rtikas ra\u017eot\u0101js\"},\"image\":{\"@id\":\"https:\\\/\\\/latpartika.lv\\\/#\\\/schema\\\/logo\\\/image\\\/\"}}]}<\/script>\n<!-- \/ Yoast SEO plugin. -->","yoast_head_json":{"title":"Oatmeal Grilling Cream - Latvian food producer","robots":{"index":"index","follow":"follow","max-snippet":"max-snippet:-1","max-image-preview":"max-image-preview:large","max-video-preview":"max-video-preview:-1"},"canonical":"https:\/\/latpartika.lv\/en\/product\/oatmeal-grill-cream\/","og_locale":"en_GB","og_type":"article","og_title":"Auzu p\u0101rslu grilj\u0101\u017eas kr\u0113ms - Latvijas p\u0101rtikas ra\u017eot\u0101js","og_description":"Sast\u0101vda\u013cas: saldkr\u0113juma kr\u0113ms 74% (saldais kr\u0113jums (pasteriz\u0113ts saldais kr\u0113jums, stabiliz\u0113t\u0101js (E407)), cukurs, piens, pani\u0146u un augu tauku mais\u012bjums (pani\u0146as, augu e\u013c\u013cas (palmu, kokosriekstu), pani\u0146u pulveris, modific\u0113ta ciete, emulgatori (E473, E471, sojas lecit\u012bni), biezin\u0101t\u0101ji (E412, E410)), vani\u013cas cukurs, p\u0101rtikas \u017eelant\u012bns), auzu p\u0101rslu grilj\u0101\u017ea 26% (pilngraudu auzu p\u0101rslas, cukurs, saldkr\u0113juma sviests (pasteriz\u0113ts kr\u0113jums)).","og_url":"https:\/\/latpartika.lv\/en\/product\/oatmeal-grill-cream\/","og_site_name":"Latvijas p\u0101rtikas ra\u017eot\u0101js","article_modified_time":"2025-01-03T12:39:24+00:00","og_image":[{"width":500,"height":500,"url":"https:\/\/latpartika.lv\/wp-content\/uploads\/2025\/01\/Auzu-parslu-griljazas-krems.png","type":"image\/png"}],"twitter_card":"summary_large_image","schema":{"@context":"https:\/\/schema.org","@graph":[{"@type":"WebPage","@id":"https:\/\/latpartika.lv\/product\/auzu-parslu-griljazas-krems\/","url":"https:\/\/latpartika.lv\/product\/auzu-parslu-griljazas-krems\/","name":"Oatmeal Grilling Cream - Latvian food producer","isPartOf":{"@id":"https:\/\/latpartika.lv\/#website"},"primaryImageOfPage":{"@id":"https:\/\/latpartika.lv\/product\/auzu-parslu-griljazas-krems\/#primaryimage"},"image":{"@id":"https:\/\/latpartika.lv\/product\/auzu-parslu-griljazas-krems\/#primaryimage"},"thumbnailUrl":"https:\/\/latpartika.lv\/wp-content\/uploads\/2025\/01\/Auzu-parslu-griljazas-krems.png","datePublished":"2025-01-03T12:37:47+00:00","dateModified":"2025-01-03T12:39:24+00:00","breadcrumb":{"@id":"https:\/\/latpartika.lv\/product\/auzu-parslu-griljazas-krems\/#breadcrumb"},"inLanguage":"en-GB","potentialAction":[{"@type":"ReadAction","target":["https:\/\/latpartika.lv\/product\/auzu-parslu-griljazas-krems\/"]}]},{"@type":"ImageObject","inLanguage":"en-GB","@id":"https:\/\/latpartika.lv\/product\/auzu-parslu-griljazas-krems\/#primaryimage","url":"https:\/\/latpartika.lv\/wp-content\/uploads\/2025\/01\/Auzu-parslu-griljazas-krems.png","contentUrl":"https:\/\/latpartika.lv\/wp-content\/uploads\/2025\/01\/Auzu-parslu-griljazas-krems.png","width":500,"height":500},{"@type":"BreadcrumbList","@id":"https:\/\/latpartika.lv\/product\/auzu-parslu-griljazas-krems\/#breadcrumb","itemListElement":[{"@type":"ListItem","position":1,"name":"Home","item":"https:\/\/latpartika.lv\/en\/"},{"@type":"ListItem","position":2,"name":"Products","item":"https:\/\/latpartika.lv\/shop"},{"@type":"ListItem","position":3,"name":"Auzu p\u0101rslu grilj\u0101\u017eas kr\u0113ms"}]},{"@type":"WebSite","@id":"https:\/\/latpartika.lv\/#website","url":"https:\/\/latpartika.lv\/","name":"Latvian food producer","description":"Fresh produce from quality ingredients!","publisher":{"@id":"https:\/\/latpartika.lv\/#organization"},"potentialAction":[{"@type":"SearchAction","target":{"@type":"EntryPoint","urlTemplate":"https:\/\/latpartika.lv\/?s={search_term_string}"},"query-input":{"@type":"PropertyValueSpecification","valueRequired":true,"valueName":"search_term_string"}}],"inLanguage":"en-GB"},{"@type":"Organization","@id":"https:\/\/latpartika.lv\/#organization","name":"Latvian food producer","url":"https:\/\/latpartika.lv\/","logo":{"@type":"ImageObject","inLanguage":"en-GB","@id":"https:\/\/latpartika.lv\/#\/schema\/logo\/image\/","url":"https:\/\/latpartika.lv\/wp-content\/uploads\/2024\/11\/LPR_logo_balts.svg","contentUrl":"https:\/\/latpartika.lv\/wp-content\/uploads\/2024\/11\/LPR_logo_balts.svg","width":425,"height":589,"caption":"Latvijas p\u0101rtikas ra\u017eot\u0101js"},"image":{"@id":"https:\/\/latpartika.lv\/#\/schema\/logo\/image\/"}}]}},"_links":{"self":[{"href":"https:\/\/latpartika.lv\/en\/wp-json\/wp\/v2\/product\/916","targetHints":{"allow":["GET"]}}],"collection":[{"href":"https:\/\/latpartika.lv\/en\/wp-json\/wp\/v2\/product"}],"about":[{"href":"https:\/\/latpartika.lv\/en\/wp-json\/wp\/v2\/types\/product"}],"replies":[{"embeddable":true,"href":"https:\/\/latpartika.lv\/en\/wp-json\/wp\/v2\/comments?post=916"}],"version-history":[{"count":0,"href":"https:\/\/latpartika.lv\/en\/wp-json\/wp\/v2\/product\/916\/revisions"}],"wp:featuredmedia":[{"embeddable":true,"href":"https:\/\/latpartika.lv\/en\/wp-json\/wp\/v2\/media\/917"}],"wp:attachment":[{"href":"https:\/\/latpartika.lv\/en\/wp-json\/wp\/v2\/media?parent=916"}],"wp:term":[{"taxonomy":"product_brand","embeddable":true,"href":"https:\/\/latpartika.lv\/en\/wp-json\/wp\/v2\/product_brand?post=916"},{"taxonomy":"product_cat","embeddable":true,"href":"https:\/\/latpartika.lv\/en\/wp-json\/wp\/v2\/product_cat?post=916"},{"taxonomy":"product_tag","embeddable":true,"href":"https:\/\/latpartika.lv\/en\/wp-json\/wp\/v2\/product_tag?post=916"}],"curies":[{"name":"wp","href":"https:\/\/api.w.org\/{rel}","templated":true}]}}